{"id":14836,"date":"2021-10-14T16:39:59","date_gmt":"2021-10-14T16:40:01","guid":{"rendered":"https:\/\/masterchem.ee\/?post_type=product&#038;p=14836"},"modified":"2021-10-14T16:53:45","modified_gmt":"2021-10-14T16:53:45","slug":"b12-vitamiini-cas-68-19-9","status":"publish","type":"product","link":"https:\/\/masterchem.ee\/fi\/tooted-ja-teenused\/b12-vitamiini-cas-68-19-9\/","title":{"rendered":"B12-vitamiini (CAS 68-19-9)"},"content":{"rendered":"<p> <strong> Info<\/strong> <\/p>\n<p> Toimialat: Rehuala <br \/>\nCAS-numero: 68-19-9 <br \/>\nKemiallinen kaava: C63H88CON14O14P <br \/>\nMoolimassa: 1355,37 g \/mol <br \/>\nTullitariffi: 29362600 <\/p>\n","protected":false},"excerpt":{"rendered":"<p> <strong>B12-vitamiini (CAS 68-19-9)<\/strong> <\/p>\n<p>B12-vitamiinit ovat vitamiineja ja ryhm\u00e4 substituoidun korriinirenkaan ja 5,6-dimetyylibentsimidatsolin ribonukleotidin muodostamia aineita, joissa renkaan keskelle on kuudesta kohtaa oktaedrisesti sitoutunut koboltti-ioni. Ioniin sitoutunut kuudes ryhm\u00e4 eli ligandi vaihtelee ja kaikkia t\u00e4m\u00e4n rakenteen omaavia aineita sanotaan kobalamiineiksi, vaikka ne eiv\u00e4t toimisi vitamiineina. Eri kobalamiineja on luonnossa yli 20, joista osa ei kuitenkaan toimi el\u00e4imill\u00e4 B12-vitamiinina tai ne imeytyv\u00e4t huonosti. Syanokobalamiini on yleisin lis\u00e4ravintoaineisiin lis\u00e4tty B12-vitamiini, mutta sit\u00e4 ei juuri ole luonnossa.<\/p>\n","protected":false},"featured_media":14842,"template":"","meta":[],"product_brand":[],"product_cat":[180,290],"product_tag":[],"class_list":{"0":"post-14836","1":"product","2":"type-product","3":"status-publish","4":"has-post-thumbnail","6":"product_cat-uncategorized-fi-2","7":"product_cat-rehuteollisuus","9":"first","10":"instock","11":"taxable","12":"shipping-taxable","13":"purchasable","14":"product-type-variable"},"yoast_head":"<!-- This site is optimized with the Yoast SEO plugin v26.2 - https:\/\/yoast.com\/wordpress\/plugins\/seo\/ -->\n<title>B12-vitamiini (CAS 68-19-9) - Chemistry For Industry - Solvents &amp; Chemicals - Masterchem.ee<\/title>\n<meta name=\"description\" content=\"B12-vitamiinit ovat vitamiineja ja ryhm\u00e4 substituoidun korriinirenkaan ja 5,6-dimetyylibentsimidatsolin ribonukleotidin muodostamia aineita, joissa renkaan keskelle on kuudesta kohtaa oktaedrisesti sitoutunut koboltti-ioni.\" \/>\n<meta name=\"robots\" content=\"index, follow, max-snippet:-1, max-image-preview:large, max-video-preview:-1\" \/>\n<link rel=\"canonical\" href=\"https:\/\/masterchem.ee\/fi\/tooted-ja-teenused\/b12-vitamiini-cas-68-19-9\/\" \/>\n<meta name=\"twitter:card\" content=\"summary_large_image\" \/>\n<meta name=\"twitter:title\" content=\"B12-vitamiini (CAS 68-19-9) - Chemistry For Industry - Solvents &amp; Chemicals - Masterchem.ee\" \/>\n<meta name=\"twitter:description\" content=\"B12-vitamiinit ovat vitamiineja ja ryhm\u00e4 substituoidun korriinirenkaan ja 5,6-dimetyylibentsimidatsolin ribonukleotidin muodostamia aineita, joissa renkaan keskelle on kuudesta kohtaa oktaedrisesti sitoutunut koboltti-ioni.\" \/>\n<meta name=\"twitter:image\" content=\"https:\/\/masterchem.ee\/wp-content\/uploads\/2021\/10\/Vitamiin-B12-25kg-MasterChem.jpg\" \/>\n<script type=\"application\/ld+json\" class=\"yoast-schema-graph\">{\"@context\":\"https:\/\/schema.org\",\"@graph\":[{\"@type\":\"WebPage\",\"@id\":\"https:\/\/masterchem.ee\/fi\/tooted-ja-teenused\/b12-vitamiini-cas-68-19-9\/\",\"url\":\"https:\/\/masterchem.ee\/fi\/tooted-ja-teenused\/b12-vitamiini-cas-68-19-9\/\",\"name\":\"B12-vitamiini (CAS 68-19-9) - Chemistry For Industry - Solvents &amp; Chemicals - Masterchem.ee\",\"isPartOf\":{\"@id\":\"https:\/\/masterchem.ee\/fi\/#website\"},\"primaryImageOfPage\":{\"@id\":\"https:\/\/masterchem.ee\/fi\/tooted-ja-teenused\/b12-vitamiini-cas-68-19-9\/#primaryimage\"},\"image\":{\"@id\":\"https:\/\/masterchem.ee\/fi\/tooted-ja-teenused\/b12-vitamiini-cas-68-19-9\/#primaryimage\"},\"thumbnailUrl\":\"https:\/\/masterchem.ee\/wp-content\/uploads\/2021\/10\/Vitamiin-B12-25kg-MasterChem.jpg\",\"datePublished\":\"2021-10-14T16:40:01+00:00\",\"dateModified\":\"2021-10-14T16:53:45+00:00\",\"description\":\"B12-vitamiinit ovat vitamiineja ja ryhm\u00e4 substituoidun korriinirenkaan ja 5,6-dimetyylibentsimidatsolin ribonukleotidin muodostamia aineita, joissa renkaan keskelle on kuudesta kohtaa oktaedrisesti sitoutunut koboltti-ioni.\",\"breadcrumb\":{\"@id\":\"https:\/\/masterchem.ee\/fi\/tooted-ja-teenused\/b12-vitamiini-cas-68-19-9\/#breadcrumb\"},\"inLanguage\":\"fi\",\"potentialAction\":[{\"@type\":\"ReadAction\",\"target\":[\"https:\/\/masterchem.ee\/fi\/tooted-ja-teenused\/b12-vitamiini-cas-68-19-9\/\"]}]},{\"@type\":\"ImageObject\",\"inLanguage\":\"fi\",\"@id\":\"https:\/\/masterchem.ee\/fi\/tooted-ja-teenused\/b12-vitamiini-cas-68-19-9\/#primaryimage\",\"url\":\"https:\/\/masterchem.ee\/wp-content\/uploads\/2021\/10\/Vitamiin-B12-25kg-MasterChem.jpg\",\"contentUrl\":\"https:\/\/masterchem.ee\/wp-content\/uploads\/2021\/10\/Vitamiin-B12-25kg-MasterChem.jpg\",\"width\":1000,\"height\":1000,\"caption\":\"B12-vitamiini (CAS 68-19-9) 25kg-MasterChem\"},{\"@type\":\"BreadcrumbList\",\"@id\":\"https:\/\/masterchem.ee\/fi\/tooted-ja-teenused\/b12-vitamiini-cas-68-19-9\/#breadcrumb\",\"itemListElement\":[{\"@type\":\"ListItem\",\"position\":1,\"name\":\"Home\",\"item\":\"https:\/\/masterchem.ee\/fi\/\"},{\"@type\":\"ListItem\",\"position\":2,\"name\":\"Tooted ja teenused\",\"item\":\"https:\/\/masterchem.ee\/tooted-ja-teenused\/\"},{\"@type\":\"ListItem\",\"position\":3,\"name\":\"B12-vitamiini (CAS 68-19-9)\"}]},{\"@type\":\"WebSite\",\"@id\":\"https:\/\/masterchem.ee\/fi\/#website\",\"url\":\"https:\/\/masterchem.ee\/fi\/\",\"name\":\"Masterchem.ee\",\"description\":\"Chemistry For Industry - Solvents &amp; Chemicals\",\"publisher\":{\"@id\":\"https:\/\/masterchem.ee\/fi\/#organization\"},\"potentialAction\":[{\"@type\":\"SearchAction\",\"target\":{\"@type\":\"EntryPoint\",\"urlTemplate\":\"https:\/\/masterchem.ee\/fi\/?s={search_term_string}\"},\"query-input\":{\"@type\":\"PropertyValueSpecification\",\"valueRequired\":true,\"valueName\":\"search_term_string\"}}],\"inLanguage\":\"fi\"},{\"@type\":\"Organization\",\"@id\":\"https:\/\/masterchem.ee\/fi\/#organization\",\"name\":\"Masterchem\",\"url\":\"https:\/\/masterchem.ee\/fi\/\",\"logo\":{\"@type\":\"ImageObject\",\"inLanguage\":\"fi\",\"@id\":\"https:\/\/masterchem.ee\/fi\/#\/schema\/logo\/image\/\",\"url\":\"https:\/\/masterchem.ee\/wp-content\/uploads\/2018\/02\/master-chem_final-1.png\",\"contentUrl\":\"https:\/\/masterchem.ee\/wp-content\/uploads\/2018\/02\/master-chem_final-1.png\",\"width\":850,\"height\":356,\"caption\":\"Masterchem\"},\"image\":{\"@id\":\"https:\/\/masterchem.ee\/fi\/#\/schema\/logo\/image\/\"}}]}<\/script>\n<!-- \/ Yoast SEO plugin. -->","yoast_head_json":{"title":"B12-vitamiini (CAS 68-19-9) - Chemistry For Industry - Solvents &amp; Chemicals - Masterchem.ee","description":"B12-vitamiinit ovat vitamiineja ja ryhm\u00e4 substituoidun korriinirenkaan ja 5,6-dimetyylibentsimidatsolin ribonukleotidin muodostamia aineita, joissa renkaan keskelle on kuudesta kohtaa oktaedrisesti sitoutunut koboltti-ioni.","robots":{"index":"index","follow":"follow","max-snippet":"max-snippet:-1","max-image-preview":"max-image-preview:large","max-video-preview":"max-video-preview:-1"},"canonical":"https:\/\/masterchem.ee\/fi\/tooted-ja-teenused\/b12-vitamiini-cas-68-19-9\/","twitter_card":"summary_large_image","twitter_title":"B12-vitamiini (CAS 68-19-9) - Chemistry For Industry - Solvents &amp; Chemicals - Masterchem.ee","twitter_description":"B12-vitamiinit ovat vitamiineja ja ryhm\u00e4 substituoidun korriinirenkaan ja 5,6-dimetyylibentsimidatsolin ribonukleotidin muodostamia aineita, joissa renkaan keskelle on kuudesta kohtaa oktaedrisesti sitoutunut koboltti-ioni.","twitter_image":"https:\/\/masterchem.ee\/wp-content\/uploads\/2021\/10\/Vitamiin-B12-25kg-MasterChem.jpg","schema":{"@context":"https:\/\/schema.org","@graph":[{"@type":"WebPage","@id":"https:\/\/masterchem.ee\/fi\/tooted-ja-teenused\/b12-vitamiini-cas-68-19-9\/","url":"https:\/\/masterchem.ee\/fi\/tooted-ja-teenused\/b12-vitamiini-cas-68-19-9\/","name":"B12-vitamiini (CAS 68-19-9) - Chemistry For Industry - Solvents &amp; Chemicals - Masterchem.ee","isPartOf":{"@id":"https:\/\/masterchem.ee\/fi\/#website"},"primaryImageOfPage":{"@id":"https:\/\/masterchem.ee\/fi\/tooted-ja-teenused\/b12-vitamiini-cas-68-19-9\/#primaryimage"},"image":{"@id":"https:\/\/masterchem.ee\/fi\/tooted-ja-teenused\/b12-vitamiini-cas-68-19-9\/#primaryimage"},"thumbnailUrl":"https:\/\/masterchem.ee\/wp-content\/uploads\/2021\/10\/Vitamiin-B12-25kg-MasterChem.jpg","datePublished":"2021-10-14T16:40:01+00:00","dateModified":"2021-10-14T16:53:45+00:00","description":"B12-vitamiinit ovat vitamiineja ja ryhm\u00e4 substituoidun korriinirenkaan ja 5,6-dimetyylibentsimidatsolin ribonukleotidin muodostamia aineita, joissa renkaan keskelle on kuudesta kohtaa oktaedrisesti sitoutunut koboltti-ioni.","breadcrumb":{"@id":"https:\/\/masterchem.ee\/fi\/tooted-ja-teenused\/b12-vitamiini-cas-68-19-9\/#breadcrumb"},"inLanguage":"fi","potentialAction":[{"@type":"ReadAction","target":["https:\/\/masterchem.ee\/fi\/tooted-ja-teenused\/b12-vitamiini-cas-68-19-9\/"]}]},{"@type":"ImageObject","inLanguage":"fi","@id":"https:\/\/masterchem.ee\/fi\/tooted-ja-teenused\/b12-vitamiini-cas-68-19-9\/#primaryimage","url":"https:\/\/masterchem.ee\/wp-content\/uploads\/2021\/10\/Vitamiin-B12-25kg-MasterChem.jpg","contentUrl":"https:\/\/masterchem.ee\/wp-content\/uploads\/2021\/10\/Vitamiin-B12-25kg-MasterChem.jpg","width":1000,"height":1000,"caption":"B12-vitamiini (CAS 68-19-9) 25kg-MasterChem"},{"@type":"BreadcrumbList","@id":"https:\/\/masterchem.ee\/fi\/tooted-ja-teenused\/b12-vitamiini-cas-68-19-9\/#breadcrumb","itemListElement":[{"@type":"ListItem","position":1,"name":"Home","item":"https:\/\/masterchem.ee\/fi\/"},{"@type":"ListItem","position":2,"name":"Tooted ja teenused","item":"https:\/\/masterchem.ee\/tooted-ja-teenused\/"},{"@type":"ListItem","position":3,"name":"B12-vitamiini (CAS 68-19-9)"}]},{"@type":"WebSite","@id":"https:\/\/masterchem.ee\/fi\/#website","url":"https:\/\/masterchem.ee\/fi\/","name":"Masterchem.ee","description":"Chemistry For Industry - Solvents &amp; Chemicals","publisher":{"@id":"https:\/\/masterchem.ee\/fi\/#organization"},"potentialAction":[{"@type":"SearchAction","target":{"@type":"EntryPoint","urlTemplate":"https:\/\/masterchem.ee\/fi\/?s={search_term_string}"},"query-input":{"@type":"PropertyValueSpecification","valueRequired":true,"valueName":"search_term_string"}}],"inLanguage":"fi"},{"@type":"Organization","@id":"https:\/\/masterchem.ee\/fi\/#organization","name":"Masterchem","url":"https:\/\/masterchem.ee\/fi\/","logo":{"@type":"ImageObject","inLanguage":"fi","@id":"https:\/\/masterchem.ee\/fi\/#\/schema\/logo\/image\/","url":"https:\/\/masterchem.ee\/wp-content\/uploads\/2018\/02\/master-chem_final-1.png","contentUrl":"https:\/\/masterchem.ee\/wp-content\/uploads\/2018\/02\/master-chem_final-1.png","width":850,"height":356,"caption":"Masterchem"},"image":{"@id":"https:\/\/masterchem.ee\/fi\/#\/schema\/logo\/image\/"}}]}},"_links":{"self":[{"href":"https:\/\/masterchem.ee\/fi\/wp-json\/wp\/v2\/product\/14836","targetHints":{"allow":["GET"]}}],"collection":[{"href":"https:\/\/masterchem.ee\/fi\/wp-json\/wp\/v2\/product"}],"about":[{"href":"https:\/\/masterchem.ee\/fi\/wp-json\/wp\/v2\/types\/product"}],"wp:featuredmedia":[{"embeddable":true,"href":"https:\/\/masterchem.ee\/fi\/wp-json\/wp\/v2\/media\/14842"}],"wp:attachment":[{"href":"https:\/\/masterchem.ee\/fi\/wp-json\/wp\/v2\/media?parent=14836"}],"wp:term":[{"taxonomy":"product_brand","embeddable":true,"href":"https:\/\/masterchem.ee\/fi\/wp-json\/wp\/v2\/product_brand?post=14836"},{"taxonomy":"product_cat","embeddable":true,"href":"https:\/\/masterchem.ee\/fi\/wp-json\/wp\/v2\/product_cat?post=14836"},{"taxonomy":"product_tag","embeddable":true,"href":"https:\/\/masterchem.ee\/fi\/wp-json\/wp\/v2\/product_tag?post=14836"}],"curies":[{"name":"wp","href":"https:\/\/api.w.org\/{rel}","templated":true}]}}