{"id":14782,"date":"2021-09-27T18:42:51","date_gmt":"2021-09-27T18:42:55","guid":{"rendered":"https:\/\/masterchem.ee\/?post_type=product&#038;p=14782"},"modified":"2021-09-27T18:48:54","modified_gmt":"2021-09-27T18:48:54","slug":"bariumkarbonaatti-cas-513-77-9","status":"publish","type":"product","link":"https:\/\/masterchem.ee\/fi\/tooted-ja-teenused\/bariumkarbonaatti-cas-513-77-9\/","title":{"rendered":"Bariumkarbonaatti (CAS 513-77-9)"},"content":{"rendered":"<p> <strong> Info<\/strong> <\/p>\n<p> Toimialat: maalit ja lakat <br \/>\nCAS-numero: 513-77-9 <br \/>\nWE-numero: 208-167-3 <br \/>\nIndeksinumero: 056-003-00-2 <br \/>\nKemiallinen kaava: BaCO3 <br \/>\nMoolimassa: 197,34 g \/mol <br \/>\nTullitariffi: 25112000 <br \/>\nADR: UN1564 <\/p>\n<p> <strong> Muut fyysiset ominaisuudet <\/strong> <\/p>\n<p> Sulamis- \/ j\u00e4\u00e4tymispiste: 1300 \u00b0 C <br \/>\nSuhteellinen tiheys: 4,28 g \/cm3 <br \/>\nLiukoisuus veteen: 0,02 mg\/l (20 \u00b0 C) <\/p>\n","protected":false},"excerpt":{"rendered":"<p> <strong>Bariumkarbonaatti (CAS 513-77-9)<\/strong> <\/p>\n<p>Bariumkarbonaatti (BaCO3) on barium- ja karbonaatti-ionien muodostama ep\u00e4orgaaninen ioniyhdiste. Yhdistett\u00e4 k\u00e4ytet\u00e4\u00e4n muun muassa lasitteiden ja muiden bariumyhdisteiden valmistuksessa. Bariumkarbonaattia esiintyy luonnossa witeriittimineraalina.<\/p>\n<p>Bariumkarbonaatti on huoneenl\u00e4mp\u00f6tilassa kiteist\u00e4 valkoista ainetta. Sill\u00e4 on useita kidemuotoja. Huoneenl\u00e4mp\u00f6tilassa pysyv\u00e4 on alkeiskopiltaan rombinen \u03b3-muoto, joka muuntuu kuumennettaessa 803 \u00b0C:ssa heksagonaaliseksi \u03b2-bariumkarbonaatiksi. \u03b2-Bariumkarbonaatti muuttuu kuutiolliseksi \u03b1-muodoksi 910 \u00b0C:n l\u00e4mp\u00f6tilassa. Yli 1 000 \u00b0C:n l\u00e4mp\u00f6tilassa yhdiste alkaa hajota bariumoksidiksi ja hiilidioksidiksi. Bariumkarbonaatti ei liukene veteen, mutta liukenee laimeisiin happoliuoksiin ja ammoniumioneja sis\u00e4lt\u00e4viin liuoksiin.<\/p>\n","protected":false},"featured_media":14788,"template":"","meta":[],"product_brand":[],"product_cat":[180,286],"product_tag":[],"class_list":{"0":"post-14782","1":"product","2":"type-product","3":"status-publish","4":"has-post-thumbnail","6":"product_cat-uncategorized-fi-2","7":"product_cat-maalit-ja-lakat","9":"first","10":"instock","11":"taxable","12":"shipping-taxable","13":"purchasable","14":"product-type-variable","15":"has-default-attributes"},"yoast_head":"<!-- This site is optimized with the Yoast SEO plugin v26.2 - https:\/\/yoast.com\/wordpress\/plugins\/seo\/ -->\n<title>Bariumkarbonaatti (CAS 513-77-9) - Chemistry For Industry - Solvents &amp; Chemicals - Masterchem.ee<\/title>\n<meta name=\"description\" content=\"Bariumkarbonaatti (BaCO3) on barium- ja karbonaatti-ionien muodostama ep\u00e4orgaaninen ioniyhdiste. Yhdistett\u00e4 k\u00e4ytet\u00e4\u00e4n muun muassa lasitteiden ja muiden bariumyhdisteiden valmistuksessa.\" \/>\n<meta name=\"robots\" content=\"index, follow, max-snippet:-1, max-image-preview:large, max-video-preview:-1\" \/>\n<link rel=\"canonical\" href=\"https:\/\/masterchem.ee\/fi\/tooted-ja-teenused\/bariumkarbonaatti-cas-513-77-9\/\" \/>\n<meta name=\"twitter:card\" content=\"summary_large_image\" \/>\n<meta name=\"twitter:title\" content=\"Bariumkarbonaatti (CAS 513-77-9) - Chemistry For Industry - Solvents &amp; Chemicals - Masterchem.ee\" \/>\n<meta name=\"twitter:description\" content=\"Bariumkarbonaatti (BaCO3) on barium- ja karbonaatti-ionien muodostama ep\u00e4orgaaninen ioniyhdiste. Yhdistett\u00e4 k\u00e4ytet\u00e4\u00e4n muun muassa lasitteiden ja muiden bariumyhdisteiden valmistuksessa.\" \/>\n<meta name=\"twitter:image\" content=\"https:\/\/masterchem.ee\/wp-content\/uploads\/2021\/09\/Baariumkarbonaat-25kg-MasterChem.jpg\" \/>\n<script type=\"application\/ld+json\" class=\"yoast-schema-graph\">{\"@context\":\"https:\/\/schema.org\",\"@graph\":[{\"@type\":\"WebPage\",\"@id\":\"https:\/\/masterchem.ee\/fi\/tooted-ja-teenused\/bariumkarbonaatti-cas-513-77-9\/\",\"url\":\"https:\/\/masterchem.ee\/fi\/tooted-ja-teenused\/bariumkarbonaatti-cas-513-77-9\/\",\"name\":\"Bariumkarbonaatti (CAS 513-77-9) - Chemistry For Industry - Solvents &amp; Chemicals - Masterchem.ee\",\"isPartOf\":{\"@id\":\"https:\/\/masterchem.ee\/fi\/#website\"},\"primaryImageOfPage\":{\"@id\":\"https:\/\/masterchem.ee\/fi\/tooted-ja-teenused\/bariumkarbonaatti-cas-513-77-9\/#primaryimage\"},\"image\":{\"@id\":\"https:\/\/masterchem.ee\/fi\/tooted-ja-teenused\/bariumkarbonaatti-cas-513-77-9\/#primaryimage\"},\"thumbnailUrl\":\"https:\/\/masterchem.ee\/wp-content\/uploads\/2021\/09\/Baariumkarbonaat-25kg-MasterChem.jpg\",\"datePublished\":\"2021-09-27T18:42:55+00:00\",\"dateModified\":\"2021-09-27T18:48:54+00:00\",\"description\":\"Bariumkarbonaatti (BaCO3) on barium- ja karbonaatti-ionien muodostama ep\u00e4orgaaninen ioniyhdiste. Yhdistett\u00e4 k\u00e4ytet\u00e4\u00e4n muun muassa lasitteiden ja muiden bariumyhdisteiden valmistuksessa.\",\"breadcrumb\":{\"@id\":\"https:\/\/masterchem.ee\/fi\/tooted-ja-teenused\/bariumkarbonaatti-cas-513-77-9\/#breadcrumb\"},\"inLanguage\":\"fi\",\"potentialAction\":[{\"@type\":\"ReadAction\",\"target\":[\"https:\/\/masterchem.ee\/fi\/tooted-ja-teenused\/bariumkarbonaatti-cas-513-77-9\/\"]}]},{\"@type\":\"ImageObject\",\"inLanguage\":\"fi\",\"@id\":\"https:\/\/masterchem.ee\/fi\/tooted-ja-teenused\/bariumkarbonaatti-cas-513-77-9\/#primaryimage\",\"url\":\"https:\/\/masterchem.ee\/wp-content\/uploads\/2021\/09\/Baariumkarbonaat-25kg-MasterChem.jpg\",\"contentUrl\":\"https:\/\/masterchem.ee\/wp-content\/uploads\/2021\/09\/Baariumkarbonaat-25kg-MasterChem.jpg\",\"width\":1000,\"height\":1000,\"caption\":\"Bariumkarbonaatti (CAS 513-77-9) 25kg MasterChem\"},{\"@type\":\"BreadcrumbList\",\"@id\":\"https:\/\/masterchem.ee\/fi\/tooted-ja-teenused\/bariumkarbonaatti-cas-513-77-9\/#breadcrumb\",\"itemListElement\":[{\"@type\":\"ListItem\",\"position\":1,\"name\":\"Home\",\"item\":\"https:\/\/masterchem.ee\/fi\/\"},{\"@type\":\"ListItem\",\"position\":2,\"name\":\"Tooted ja teenused\",\"item\":\"https:\/\/masterchem.ee\/tooted-ja-teenused\/\"},{\"@type\":\"ListItem\",\"position\":3,\"name\":\"Bariumkarbonaatti (CAS 513-77-9)\"}]},{\"@type\":\"WebSite\",\"@id\":\"https:\/\/masterchem.ee\/fi\/#website\",\"url\":\"https:\/\/masterchem.ee\/fi\/\",\"name\":\"Masterchem.ee\",\"description\":\"Chemistry For Industry - Solvents &amp; Chemicals\",\"publisher\":{\"@id\":\"https:\/\/masterchem.ee\/fi\/#organization\"},\"potentialAction\":[{\"@type\":\"SearchAction\",\"target\":{\"@type\":\"EntryPoint\",\"urlTemplate\":\"https:\/\/masterchem.ee\/fi\/?s={search_term_string}\"},\"query-input\":{\"@type\":\"PropertyValueSpecification\",\"valueRequired\":true,\"valueName\":\"search_term_string\"}}],\"inLanguage\":\"fi\"},{\"@type\":\"Organization\",\"@id\":\"https:\/\/masterchem.ee\/fi\/#organization\",\"name\":\"Masterchem\",\"url\":\"https:\/\/masterchem.ee\/fi\/\",\"logo\":{\"@type\":\"ImageObject\",\"inLanguage\":\"fi\",\"@id\":\"https:\/\/masterchem.ee\/fi\/#\/schema\/logo\/image\/\",\"url\":\"https:\/\/masterchem.ee\/wp-content\/uploads\/2018\/02\/master-chem_final-1.png\",\"contentUrl\":\"https:\/\/masterchem.ee\/wp-content\/uploads\/2018\/02\/master-chem_final-1.png\",\"width\":850,\"height\":356,\"caption\":\"Masterchem\"},\"image\":{\"@id\":\"https:\/\/masterchem.ee\/fi\/#\/schema\/logo\/image\/\"}}]}<\/script>\n<!-- \/ Yoast SEO plugin. -->","yoast_head_json":{"title":"Bariumkarbonaatti (CAS 513-77-9) - Chemistry For Industry - Solvents &amp; Chemicals - Masterchem.ee","description":"Bariumkarbonaatti (BaCO3) on barium- ja karbonaatti-ionien muodostama ep\u00e4orgaaninen ioniyhdiste. Yhdistett\u00e4 k\u00e4ytet\u00e4\u00e4n muun muassa lasitteiden ja muiden bariumyhdisteiden valmistuksessa.","robots":{"index":"index","follow":"follow","max-snippet":"max-snippet:-1","max-image-preview":"max-image-preview:large","max-video-preview":"max-video-preview:-1"},"canonical":"https:\/\/masterchem.ee\/fi\/tooted-ja-teenused\/bariumkarbonaatti-cas-513-77-9\/","twitter_card":"summary_large_image","twitter_title":"Bariumkarbonaatti (CAS 513-77-9) - Chemistry For Industry - Solvents &amp; Chemicals - Masterchem.ee","twitter_description":"Bariumkarbonaatti (BaCO3) on barium- ja karbonaatti-ionien muodostama ep\u00e4orgaaninen ioniyhdiste. Yhdistett\u00e4 k\u00e4ytet\u00e4\u00e4n muun muassa lasitteiden ja muiden bariumyhdisteiden valmistuksessa.","twitter_image":"https:\/\/masterchem.ee\/wp-content\/uploads\/2021\/09\/Baariumkarbonaat-25kg-MasterChem.jpg","schema":{"@context":"https:\/\/schema.org","@graph":[{"@type":"WebPage","@id":"https:\/\/masterchem.ee\/fi\/tooted-ja-teenused\/bariumkarbonaatti-cas-513-77-9\/","url":"https:\/\/masterchem.ee\/fi\/tooted-ja-teenused\/bariumkarbonaatti-cas-513-77-9\/","name":"Bariumkarbonaatti (CAS 513-77-9) - Chemistry For Industry - Solvents &amp; Chemicals - Masterchem.ee","isPartOf":{"@id":"https:\/\/masterchem.ee\/fi\/#website"},"primaryImageOfPage":{"@id":"https:\/\/masterchem.ee\/fi\/tooted-ja-teenused\/bariumkarbonaatti-cas-513-77-9\/#primaryimage"},"image":{"@id":"https:\/\/masterchem.ee\/fi\/tooted-ja-teenused\/bariumkarbonaatti-cas-513-77-9\/#primaryimage"},"thumbnailUrl":"https:\/\/masterchem.ee\/wp-content\/uploads\/2021\/09\/Baariumkarbonaat-25kg-MasterChem.jpg","datePublished":"2021-09-27T18:42:55+00:00","dateModified":"2021-09-27T18:48:54+00:00","description":"Bariumkarbonaatti (BaCO3) on barium- ja karbonaatti-ionien muodostama ep\u00e4orgaaninen ioniyhdiste. Yhdistett\u00e4 k\u00e4ytet\u00e4\u00e4n muun muassa lasitteiden ja muiden bariumyhdisteiden valmistuksessa.","breadcrumb":{"@id":"https:\/\/masterchem.ee\/fi\/tooted-ja-teenused\/bariumkarbonaatti-cas-513-77-9\/#breadcrumb"},"inLanguage":"fi","potentialAction":[{"@type":"ReadAction","target":["https:\/\/masterchem.ee\/fi\/tooted-ja-teenused\/bariumkarbonaatti-cas-513-77-9\/"]}]},{"@type":"ImageObject","inLanguage":"fi","@id":"https:\/\/masterchem.ee\/fi\/tooted-ja-teenused\/bariumkarbonaatti-cas-513-77-9\/#primaryimage","url":"https:\/\/masterchem.ee\/wp-content\/uploads\/2021\/09\/Baariumkarbonaat-25kg-MasterChem.jpg","contentUrl":"https:\/\/masterchem.ee\/wp-content\/uploads\/2021\/09\/Baariumkarbonaat-25kg-MasterChem.jpg","width":1000,"height":1000,"caption":"Bariumkarbonaatti (CAS 513-77-9) 25kg MasterChem"},{"@type":"BreadcrumbList","@id":"https:\/\/masterchem.ee\/fi\/tooted-ja-teenused\/bariumkarbonaatti-cas-513-77-9\/#breadcrumb","itemListElement":[{"@type":"ListItem","position":1,"name":"Home","item":"https:\/\/masterchem.ee\/fi\/"},{"@type":"ListItem","position":2,"name":"Tooted ja teenused","item":"https:\/\/masterchem.ee\/tooted-ja-teenused\/"},{"@type":"ListItem","position":3,"name":"Bariumkarbonaatti (CAS 513-77-9)"}]},{"@type":"WebSite","@id":"https:\/\/masterchem.ee\/fi\/#website","url":"https:\/\/masterchem.ee\/fi\/","name":"Masterchem.ee","description":"Chemistry For Industry - Solvents &amp; Chemicals","publisher":{"@id":"https:\/\/masterchem.ee\/fi\/#organization"},"potentialAction":[{"@type":"SearchAction","target":{"@type":"EntryPoint","urlTemplate":"https:\/\/masterchem.ee\/fi\/?s={search_term_string}"},"query-input":{"@type":"PropertyValueSpecification","valueRequired":true,"valueName":"search_term_string"}}],"inLanguage":"fi"},{"@type":"Organization","@id":"https:\/\/masterchem.ee\/fi\/#organization","name":"Masterchem","url":"https:\/\/masterchem.ee\/fi\/","logo":{"@type":"ImageObject","inLanguage":"fi","@id":"https:\/\/masterchem.ee\/fi\/#\/schema\/logo\/image\/","url":"https:\/\/masterchem.ee\/wp-content\/uploads\/2018\/02\/master-chem_final-1.png","contentUrl":"https:\/\/masterchem.ee\/wp-content\/uploads\/2018\/02\/master-chem_final-1.png","width":850,"height":356,"caption":"Masterchem"},"image":{"@id":"https:\/\/masterchem.ee\/fi\/#\/schema\/logo\/image\/"}}]}},"_links":{"self":[{"href":"https:\/\/masterchem.ee\/fi\/wp-json\/wp\/v2\/product\/14782","targetHints":{"allow":["GET"]}}],"collection":[{"href":"https:\/\/masterchem.ee\/fi\/wp-json\/wp\/v2\/product"}],"about":[{"href":"https:\/\/masterchem.ee\/fi\/wp-json\/wp\/v2\/types\/product"}],"wp:featuredmedia":[{"embeddable":true,"href":"https:\/\/masterchem.ee\/fi\/wp-json\/wp\/v2\/media\/14788"}],"wp:attachment":[{"href":"https:\/\/masterchem.ee\/fi\/wp-json\/wp\/v2\/media?parent=14782"}],"wp:term":[{"taxonomy":"product_brand","embeddable":true,"href":"https:\/\/masterchem.ee\/fi\/wp-json\/wp\/v2\/product_brand?post=14782"},{"taxonomy":"product_cat","embeddable":true,"href":"https:\/\/masterchem.ee\/fi\/wp-json\/wp\/v2\/product_cat?post=14782"},{"taxonomy":"product_tag","embeddable":true,"href":"https:\/\/masterchem.ee\/fi\/wp-json\/wp\/v2\/product_tag?post=14782"}],"curies":[{"name":"wp","href":"https:\/\/api.w.org\/{rel}","templated":true}]}}