{"id":14721,"date":"2021-09-27T16:43:59","date_gmt":"2021-09-27T16:44:03","guid":{"rendered":"https:\/\/masterchem.ee\/?post_type=product&#038;p=14721"},"modified":"2021-09-27T16:51:42","modified_gmt":"2021-09-27T16:51:42","slug":"lyijyoksidi-cas-1317-36-8","status":"publish","type":"product","link":"https:\/\/masterchem.ee\/fi\/tooted-ja-teenused\/lyijyoksidi-cas-1317-36-8\/","title":{"rendered":"Lyijyoksidi (CAS 1317-36-8)"},"content":{"rendered":"<p> <strong> Info<\/strong> <\/p>\n<p> Toimialat: maalit ja lakat, lasi ja keramiikka <br \/>\nCAS-numero: 1317-36-8 <br \/>\nWE-numero: 215-267-0 <br \/>\nKemiallinen kaava: PbO <br \/>\nTullitariffi: 28241000 <br \/>\nADR: UN3288 <\/p>\n<p> <strong> Muut fyysiset ominaisuudet <\/strong> <\/p>\n<p> Suhteellinen tiheys: 9,96 g\/cm3 <\/p>\n","protected":false},"excerpt":{"rendered":"<p> <strong>Lyijyoksidi (CAS 1317-36-8)<\/strong> <\/p>\n<p>Lyijymonoksidi eli lyijy(II)oksidi (PbO) on lyijy- ja oksidi-ionien muodostama ep\u00e4orgaaninen ioniyhdiste. Yhdiste esiintyy luonnossa mineraaleina.<\/p>\n<p>Lyijymonoksidia on k\u00e4ytetty keltaisena v\u00e4riaineena lyijykeltaisen nimell\u00e4. Yhdistett\u00e4 k\u00e4ytet\u00e4\u00e4n valmistettaessa lyijyakkuja, optista ja keramiikan lasitukseen k\u00e4ytett\u00e4v\u00e4\u00e4 lasia ja lyijy-yhdisteit\u00e4. Lis\u00e4ksi sit\u00e4 k\u00e4ytet\u00e4\u00e4n kumin vulkanoinnissa ja tuotettaessa vernissoja ja kittej\u00e4 sek\u00e4 orgaanisessa synteesiss\u00e4.<\/p>\n","protected":false},"featured_media":14727,"template":"","meta":[],"product_brand":[],"product_cat":[180,298,286],"product_tag":[],"class_list":{"0":"post-14721","1":"product","2":"type-product","3":"status-publish","4":"has-post-thumbnail","6":"product_cat-uncategorized-fi-2","7":"product_cat-lasi-ja-keramiikka","8":"product_cat-maalit-ja-lakat","10":"first","11":"instock","12":"taxable","13":"shipping-taxable","14":"purchasable","15":"product-type-variable","16":"has-default-attributes"},"yoast_head":"<!-- This site is optimized with the Yoast SEO plugin v26.2 - https:\/\/yoast.com\/wordpress\/plugins\/seo\/ -->\n<title>Lyijyoksidi (CAS 1317-36-8) - Chemistry For Industry - Solvents &amp; Chemicals - Masterchem.ee<\/title>\n<meta name=\"description\" content=\"Lyijymonoksidi eli lyijy(II)oksidi (PbO) on lyijy- ja oksidi-ionien muodostama ep\u00e4orgaaninen ioniyhdiste. Yhdiste esiintyy luonnossa mineraaleina.\" \/>\n<meta name=\"robots\" content=\"index, follow, max-snippet:-1, max-image-preview:large, max-video-preview:-1\" \/>\n<link rel=\"canonical\" href=\"https:\/\/masterchem.ee\/fi\/tooted-ja-teenused\/lyijyoksidi-cas-1317-36-8\/\" \/>\n<meta name=\"twitter:card\" content=\"summary_large_image\" \/>\n<meta name=\"twitter:title\" content=\"Lyijyoksidi (CAS 1317-36-8) - Chemistry For Industry - Solvents &amp; Chemicals - Masterchem.ee\" \/>\n<meta name=\"twitter:description\" content=\"Lyijymonoksidi eli lyijy(II)oksidi (PbO) on lyijy- ja oksidi-ionien muodostama ep\u00e4orgaaninen ioniyhdiste. Yhdiste esiintyy luonnossa mineraaleina.\" \/>\n<meta name=\"twitter:image\" content=\"https:\/\/masterchem.ee\/wp-content\/uploads\/2021\/09\/Pliioksiid-25kg-MasterChem.jpg\" \/>\n<script type=\"application\/ld+json\" class=\"yoast-schema-graph\">{\"@context\":\"https:\/\/schema.org\",\"@graph\":[{\"@type\":\"WebPage\",\"@id\":\"https:\/\/masterchem.ee\/fi\/tooted-ja-teenused\/lyijyoksidi-cas-1317-36-8\/\",\"url\":\"https:\/\/masterchem.ee\/fi\/tooted-ja-teenused\/lyijyoksidi-cas-1317-36-8\/\",\"name\":\"Lyijyoksidi (CAS 1317-36-8) - Chemistry For Industry - Solvents &amp; Chemicals - Masterchem.ee\",\"isPartOf\":{\"@id\":\"https:\/\/masterchem.ee\/fi\/#website\"},\"primaryImageOfPage\":{\"@id\":\"https:\/\/masterchem.ee\/fi\/tooted-ja-teenused\/lyijyoksidi-cas-1317-36-8\/#primaryimage\"},\"image\":{\"@id\":\"https:\/\/masterchem.ee\/fi\/tooted-ja-teenused\/lyijyoksidi-cas-1317-36-8\/#primaryimage\"},\"thumbnailUrl\":\"https:\/\/masterchem.ee\/wp-content\/uploads\/2021\/09\/Pliioksiid-25kg-MasterChem.jpg\",\"datePublished\":\"2021-09-27T16:44:03+00:00\",\"dateModified\":\"2021-09-27T16:51:42+00:00\",\"description\":\"Lyijymonoksidi eli lyijy(II)oksidi (PbO) on lyijy- ja oksidi-ionien muodostama ep\u00e4orgaaninen ioniyhdiste. Yhdiste esiintyy luonnossa mineraaleina.\",\"breadcrumb\":{\"@id\":\"https:\/\/masterchem.ee\/fi\/tooted-ja-teenused\/lyijyoksidi-cas-1317-36-8\/#breadcrumb\"},\"inLanguage\":\"fi\",\"potentialAction\":[{\"@type\":\"ReadAction\",\"target\":[\"https:\/\/masterchem.ee\/fi\/tooted-ja-teenused\/lyijyoksidi-cas-1317-36-8\/\"]}]},{\"@type\":\"ImageObject\",\"inLanguage\":\"fi\",\"@id\":\"https:\/\/masterchem.ee\/fi\/tooted-ja-teenused\/lyijyoksidi-cas-1317-36-8\/#primaryimage\",\"url\":\"https:\/\/masterchem.ee\/wp-content\/uploads\/2021\/09\/Pliioksiid-25kg-MasterChem.jpg\",\"contentUrl\":\"https:\/\/masterchem.ee\/wp-content\/uploads\/2021\/09\/Pliioksiid-25kg-MasterChem.jpg\",\"width\":1000,\"height\":1000,\"caption\":\"Lyijyoksidi (CAS 1317-36-8) 25kg MasterChem\"},{\"@type\":\"BreadcrumbList\",\"@id\":\"https:\/\/masterchem.ee\/fi\/tooted-ja-teenused\/lyijyoksidi-cas-1317-36-8\/#breadcrumb\",\"itemListElement\":[{\"@type\":\"ListItem\",\"position\":1,\"name\":\"Home\",\"item\":\"https:\/\/masterchem.ee\/fi\/\"},{\"@type\":\"ListItem\",\"position\":2,\"name\":\"Tooted ja teenused\",\"item\":\"https:\/\/masterchem.ee\/tooted-ja-teenused\/\"},{\"@type\":\"ListItem\",\"position\":3,\"name\":\"Lyijyoksidi (CAS 1317-36-8)\"}]},{\"@type\":\"WebSite\",\"@id\":\"https:\/\/masterchem.ee\/fi\/#website\",\"url\":\"https:\/\/masterchem.ee\/fi\/\",\"name\":\"Masterchem.ee\",\"description\":\"Chemistry For Industry - Solvents &amp; Chemicals\",\"publisher\":{\"@id\":\"https:\/\/masterchem.ee\/fi\/#organization\"},\"potentialAction\":[{\"@type\":\"SearchAction\",\"target\":{\"@type\":\"EntryPoint\",\"urlTemplate\":\"https:\/\/masterchem.ee\/fi\/?s={search_term_string}\"},\"query-input\":{\"@type\":\"PropertyValueSpecification\",\"valueRequired\":true,\"valueName\":\"search_term_string\"}}],\"inLanguage\":\"fi\"},{\"@type\":\"Organization\",\"@id\":\"https:\/\/masterchem.ee\/fi\/#organization\",\"name\":\"Masterchem\",\"url\":\"https:\/\/masterchem.ee\/fi\/\",\"logo\":{\"@type\":\"ImageObject\",\"inLanguage\":\"fi\",\"@id\":\"https:\/\/masterchem.ee\/fi\/#\/schema\/logo\/image\/\",\"url\":\"https:\/\/masterchem.ee\/wp-content\/uploads\/2018\/02\/master-chem_final-1.png\",\"contentUrl\":\"https:\/\/masterchem.ee\/wp-content\/uploads\/2018\/02\/master-chem_final-1.png\",\"width\":850,\"height\":356,\"caption\":\"Masterchem\"},\"image\":{\"@id\":\"https:\/\/masterchem.ee\/fi\/#\/schema\/logo\/image\/\"}}]}<\/script>\n<!-- \/ Yoast SEO plugin. -->","yoast_head_json":{"title":"Lyijyoksidi (CAS 1317-36-8) - Chemistry For Industry - Solvents &amp; Chemicals - Masterchem.ee","description":"Lyijymonoksidi eli lyijy(II)oksidi (PbO) on lyijy- ja oksidi-ionien muodostama ep\u00e4orgaaninen ioniyhdiste. Yhdiste esiintyy luonnossa mineraaleina.","robots":{"index":"index","follow":"follow","max-snippet":"max-snippet:-1","max-image-preview":"max-image-preview:large","max-video-preview":"max-video-preview:-1"},"canonical":"https:\/\/masterchem.ee\/fi\/tooted-ja-teenused\/lyijyoksidi-cas-1317-36-8\/","twitter_card":"summary_large_image","twitter_title":"Lyijyoksidi (CAS 1317-36-8) - Chemistry For Industry - Solvents &amp; Chemicals - Masterchem.ee","twitter_description":"Lyijymonoksidi eli lyijy(II)oksidi (PbO) on lyijy- ja oksidi-ionien muodostama ep\u00e4orgaaninen ioniyhdiste. Yhdiste esiintyy luonnossa mineraaleina.","twitter_image":"https:\/\/masterchem.ee\/wp-content\/uploads\/2021\/09\/Pliioksiid-25kg-MasterChem.jpg","schema":{"@context":"https:\/\/schema.org","@graph":[{"@type":"WebPage","@id":"https:\/\/masterchem.ee\/fi\/tooted-ja-teenused\/lyijyoksidi-cas-1317-36-8\/","url":"https:\/\/masterchem.ee\/fi\/tooted-ja-teenused\/lyijyoksidi-cas-1317-36-8\/","name":"Lyijyoksidi (CAS 1317-36-8) - Chemistry For Industry - Solvents &amp; Chemicals - Masterchem.ee","isPartOf":{"@id":"https:\/\/masterchem.ee\/fi\/#website"},"primaryImageOfPage":{"@id":"https:\/\/masterchem.ee\/fi\/tooted-ja-teenused\/lyijyoksidi-cas-1317-36-8\/#primaryimage"},"image":{"@id":"https:\/\/masterchem.ee\/fi\/tooted-ja-teenused\/lyijyoksidi-cas-1317-36-8\/#primaryimage"},"thumbnailUrl":"https:\/\/masterchem.ee\/wp-content\/uploads\/2021\/09\/Pliioksiid-25kg-MasterChem.jpg","datePublished":"2021-09-27T16:44:03+00:00","dateModified":"2021-09-27T16:51:42+00:00","description":"Lyijymonoksidi eli lyijy(II)oksidi (PbO) on lyijy- ja oksidi-ionien muodostama ep\u00e4orgaaninen ioniyhdiste. Yhdiste esiintyy luonnossa mineraaleina.","breadcrumb":{"@id":"https:\/\/masterchem.ee\/fi\/tooted-ja-teenused\/lyijyoksidi-cas-1317-36-8\/#breadcrumb"},"inLanguage":"fi","potentialAction":[{"@type":"ReadAction","target":["https:\/\/masterchem.ee\/fi\/tooted-ja-teenused\/lyijyoksidi-cas-1317-36-8\/"]}]},{"@type":"ImageObject","inLanguage":"fi","@id":"https:\/\/masterchem.ee\/fi\/tooted-ja-teenused\/lyijyoksidi-cas-1317-36-8\/#primaryimage","url":"https:\/\/masterchem.ee\/wp-content\/uploads\/2021\/09\/Pliioksiid-25kg-MasterChem.jpg","contentUrl":"https:\/\/masterchem.ee\/wp-content\/uploads\/2021\/09\/Pliioksiid-25kg-MasterChem.jpg","width":1000,"height":1000,"caption":"Lyijyoksidi (CAS 1317-36-8) 25kg MasterChem"},{"@type":"BreadcrumbList","@id":"https:\/\/masterchem.ee\/fi\/tooted-ja-teenused\/lyijyoksidi-cas-1317-36-8\/#breadcrumb","itemListElement":[{"@type":"ListItem","position":1,"name":"Home","item":"https:\/\/masterchem.ee\/fi\/"},{"@type":"ListItem","position":2,"name":"Tooted ja teenused","item":"https:\/\/masterchem.ee\/tooted-ja-teenused\/"},{"@type":"ListItem","position":3,"name":"Lyijyoksidi (CAS 1317-36-8)"}]},{"@type":"WebSite","@id":"https:\/\/masterchem.ee\/fi\/#website","url":"https:\/\/masterchem.ee\/fi\/","name":"Masterchem.ee","description":"Chemistry For Industry - Solvents &amp; Chemicals","publisher":{"@id":"https:\/\/masterchem.ee\/fi\/#organization"},"potentialAction":[{"@type":"SearchAction","target":{"@type":"EntryPoint","urlTemplate":"https:\/\/masterchem.ee\/fi\/?s={search_term_string}"},"query-input":{"@type":"PropertyValueSpecification","valueRequired":true,"valueName":"search_term_string"}}],"inLanguage":"fi"},{"@type":"Organization","@id":"https:\/\/masterchem.ee\/fi\/#organization","name":"Masterchem","url":"https:\/\/masterchem.ee\/fi\/","logo":{"@type":"ImageObject","inLanguage":"fi","@id":"https:\/\/masterchem.ee\/fi\/#\/schema\/logo\/image\/","url":"https:\/\/masterchem.ee\/wp-content\/uploads\/2018\/02\/master-chem_final-1.png","contentUrl":"https:\/\/masterchem.ee\/wp-content\/uploads\/2018\/02\/master-chem_final-1.png","width":850,"height":356,"caption":"Masterchem"},"image":{"@id":"https:\/\/masterchem.ee\/fi\/#\/schema\/logo\/image\/"}}]}},"_links":{"self":[{"href":"https:\/\/masterchem.ee\/fi\/wp-json\/wp\/v2\/product\/14721","targetHints":{"allow":["GET"]}}],"collection":[{"href":"https:\/\/masterchem.ee\/fi\/wp-json\/wp\/v2\/product"}],"about":[{"href":"https:\/\/masterchem.ee\/fi\/wp-json\/wp\/v2\/types\/product"}],"wp:featuredmedia":[{"embeddable":true,"href":"https:\/\/masterchem.ee\/fi\/wp-json\/wp\/v2\/media\/14727"}],"wp:attachment":[{"href":"https:\/\/masterchem.ee\/fi\/wp-json\/wp\/v2\/media?parent=14721"}],"wp:term":[{"taxonomy":"product_brand","embeddable":true,"href":"https:\/\/masterchem.ee\/fi\/wp-json\/wp\/v2\/product_brand?post=14721"},{"taxonomy":"product_cat","embeddable":true,"href":"https:\/\/masterchem.ee\/fi\/wp-json\/wp\/v2\/product_cat?post=14721"},{"taxonomy":"product_tag","embeddable":true,"href":"https:\/\/masterchem.ee\/fi\/wp-json\/wp\/v2\/product_tag?post=14721"}],"curies":[{"name":"wp","href":"https:\/\/api.w.org\/{rel}","templated":true}]}}