{"id":14706,"date":"2021-09-27T16:04:41","date_gmt":"2021-09-27T16:04:44","guid":{"rendered":"https:\/\/masterchem.ee\/?post_type=product&#038;p=14706"},"modified":"2021-09-27T16:13:28","modified_gmt":"2021-09-27T16:13:28","slug":"dikromitrioksidi-cas-1308-38-9","status":"publish","type":"product","link":"https:\/\/masterchem.ee\/fi\/tooted-ja-teenused\/dikromitrioksidi-cas-1308-38-9\/","title":{"rendered":"Dikromitrioksidi (CAS 1308-38-9)"},"content":{"rendered":"<p> <strong> Info<\/strong> <\/p>\n<p> Toimialat: Maalit ja lakat, Lasi ja keramiikka, Rakennuskemia <br \/>\nCAS-numero: 1308-38-9 <br \/>\nWE-numero: 215-160-9 <br \/>\nKemiallinen kaava: Cr2O3 <br \/>\nTullitariffi: 28199090 <\/p>\n<p> <strong> Muut fyysiset ominaisuudet <\/strong> <\/p>\n<p> Sulamis- \/ j\u00e4\u00e4tymispiste: Ok. 2000 \u00b0 C <br \/>\nSuhteellinen tiheys: 5,22 g\/cm\u00b3 <\/p>\n","protected":false},"excerpt":{"rendered":"<p> <strong>Dikromitrioksidi (CAS 1308-38-9)<\/strong> <\/p>\n<p> Kromi (III) oksidi (tai kromi) on ep\u00e4orgaaninen yhdiste, jolla on kaava Cr2O3. Se on yksi t\u00e4rkeimmist\u00e4 kromioksideista ja sit\u00e4 k\u00e4ytet\u00e4\u00e4n pigmenttin\u00e4. Luonnossa se esiintyy harvinaisena mineraalieskolaitina. <\/p>\n<p> Cr2O3: lla on korundirakenne, joka koostuu kuusikulmaisesta suljetusta oksidi -anionijoukosta, jossa 2\u20443 oktaedrisista rei&#8217;ist\u00e4 on kromia. Samoin kuin korundi, Cr2O3 on kova, hauras materiaali (Mohsin kovuus 8-8,5). Se on antiferromagneettista jopa 307 K: n l\u00e4mp\u00f6tilaan asti. Hapot eiv\u00e4t hy\u00f6kk\u00e4\u00e4 siihen helposti. <\/p>\n","protected":false},"featured_media":14712,"template":"","meta":[],"product_brand":[],"product_cat":[180,298,286,114],"product_tag":[],"class_list":{"0":"post-14706","1":"product","2":"type-product","3":"status-publish","4":"has-post-thumbnail","6":"product_cat-uncategorized-fi-2","7":"product_cat-lasi-ja-keramiikka","8":"product_cat-maalit-ja-lakat","9":"product_cat-rakennusteollisuus","11":"first","12":"instock","13":"taxable","14":"shipping-taxable","15":"purchasable","16":"product-type-variable","17":"has-default-attributes"},"yoast_head":"<!-- This site is optimized with the Yoast SEO plugin v26.2 - https:\/\/yoast.com\/wordpress\/plugins\/seo\/ -->\n<title>Dikromitrioksidi (CAS 1308-38-9) - Chemistry For Industry - Solvents &amp; Chemicals - Masterchem.ee<\/title>\n<meta name=\"description\" content=\"Kromi (III) oksidi (tai kromi) on ep\u00e4orgaaninen yhdiste, jolla on kaava Cr2O3. Se on yksi t\u00e4rkeimmist\u00e4 kromioksideista ja sit\u00e4 k\u00e4ytet\u00e4\u00e4n pigmenttin\u00e4. Luonnossa se esiintyy harvinaisena mineraalieskolaitina.\" \/>\n<meta name=\"robots\" content=\"index, follow, max-snippet:-1, max-image-preview:large, max-video-preview:-1\" \/>\n<link rel=\"canonical\" href=\"https:\/\/masterchem.ee\/fi\/tooted-ja-teenused\/dikromitrioksidi-cas-1308-38-9\/\" \/>\n<meta name=\"twitter:card\" content=\"summary_large_image\" \/>\n<meta name=\"twitter:title\" content=\"Dikromitrioksidi (CAS 1308-38-9) - Chemistry For Industry - Solvents &amp; Chemicals - Masterchem.ee\" \/>\n<meta name=\"twitter:description\" content=\"Kromi (III) oksidi (tai kromi) on ep\u00e4orgaaninen yhdiste, jolla on kaava Cr2O3. Se on yksi t\u00e4rkeimmist\u00e4 kromioksideista ja sit\u00e4 k\u00e4ytet\u00e4\u00e4n pigmenttin\u00e4. Luonnossa se esiintyy harvinaisena mineraalieskolaitina.\" \/>\n<meta name=\"twitter:image\" content=\"https:\/\/masterchem.ee\/wp-content\/uploads\/2021\/09\/Kroomoksiid-25kg-MasterChem.jpg\" \/>\n<script type=\"application\/ld+json\" class=\"yoast-schema-graph\">{\"@context\":\"https:\/\/schema.org\",\"@graph\":[{\"@type\":\"WebPage\",\"@id\":\"https:\/\/masterchem.ee\/fi\/tooted-ja-teenused\/dikromitrioksidi-cas-1308-38-9\/\",\"url\":\"https:\/\/masterchem.ee\/fi\/tooted-ja-teenused\/dikromitrioksidi-cas-1308-38-9\/\",\"name\":\"Dikromitrioksidi (CAS 1308-38-9) - Chemistry For Industry - Solvents &amp; Chemicals - Masterchem.ee\",\"isPartOf\":{\"@id\":\"https:\/\/masterchem.ee\/fi\/#website\"},\"primaryImageOfPage\":{\"@id\":\"https:\/\/masterchem.ee\/fi\/tooted-ja-teenused\/dikromitrioksidi-cas-1308-38-9\/#primaryimage\"},\"image\":{\"@id\":\"https:\/\/masterchem.ee\/fi\/tooted-ja-teenused\/dikromitrioksidi-cas-1308-38-9\/#primaryimage\"},\"thumbnailUrl\":\"https:\/\/masterchem.ee\/wp-content\/uploads\/2021\/09\/Kroomoksiid-25kg-MasterChem.jpg\",\"datePublished\":\"2021-09-27T16:04:44+00:00\",\"dateModified\":\"2021-09-27T16:13:28+00:00\",\"description\":\"Kromi (III) oksidi (tai kromi) on ep\u00e4orgaaninen yhdiste, jolla on kaava Cr2O3. Se on yksi t\u00e4rkeimmist\u00e4 kromioksideista ja sit\u00e4 k\u00e4ytet\u00e4\u00e4n pigmenttin\u00e4. Luonnossa se esiintyy harvinaisena mineraalieskolaitina.\",\"breadcrumb\":{\"@id\":\"https:\/\/masterchem.ee\/fi\/tooted-ja-teenused\/dikromitrioksidi-cas-1308-38-9\/#breadcrumb\"},\"inLanguage\":\"fi\",\"potentialAction\":[{\"@type\":\"ReadAction\",\"target\":[\"https:\/\/masterchem.ee\/fi\/tooted-ja-teenused\/dikromitrioksidi-cas-1308-38-9\/\"]}]},{\"@type\":\"ImageObject\",\"inLanguage\":\"fi\",\"@id\":\"https:\/\/masterchem.ee\/fi\/tooted-ja-teenused\/dikromitrioksidi-cas-1308-38-9\/#primaryimage\",\"url\":\"https:\/\/masterchem.ee\/wp-content\/uploads\/2021\/09\/Kroomoksiid-25kg-MasterChem.jpg\",\"contentUrl\":\"https:\/\/masterchem.ee\/wp-content\/uploads\/2021\/09\/Kroomoksiid-25kg-MasterChem.jpg\",\"width\":1000,\"height\":1000,\"caption\":\"Dikromitrioksidi (CAS 1308-38-9) 25kg MasterChem\"},{\"@type\":\"BreadcrumbList\",\"@id\":\"https:\/\/masterchem.ee\/fi\/tooted-ja-teenused\/dikromitrioksidi-cas-1308-38-9\/#breadcrumb\",\"itemListElement\":[{\"@type\":\"ListItem\",\"position\":1,\"name\":\"Home\",\"item\":\"https:\/\/masterchem.ee\/fi\/\"},{\"@type\":\"ListItem\",\"position\":2,\"name\":\"Tooted ja teenused\",\"item\":\"https:\/\/masterchem.ee\/tooted-ja-teenused\/\"},{\"@type\":\"ListItem\",\"position\":3,\"name\":\"Dikromitrioksidi (CAS 1308-38-9)\"}]},{\"@type\":\"WebSite\",\"@id\":\"https:\/\/masterchem.ee\/fi\/#website\",\"url\":\"https:\/\/masterchem.ee\/fi\/\",\"name\":\"Masterchem.ee\",\"description\":\"Chemistry For Industry - Solvents &amp; Chemicals\",\"publisher\":{\"@id\":\"https:\/\/masterchem.ee\/fi\/#organization\"},\"potentialAction\":[{\"@type\":\"SearchAction\",\"target\":{\"@type\":\"EntryPoint\",\"urlTemplate\":\"https:\/\/masterchem.ee\/fi\/?s={search_term_string}\"},\"query-input\":{\"@type\":\"PropertyValueSpecification\",\"valueRequired\":true,\"valueName\":\"search_term_string\"}}],\"inLanguage\":\"fi\"},{\"@type\":\"Organization\",\"@id\":\"https:\/\/masterchem.ee\/fi\/#organization\",\"name\":\"Masterchem\",\"url\":\"https:\/\/masterchem.ee\/fi\/\",\"logo\":{\"@type\":\"ImageObject\",\"inLanguage\":\"fi\",\"@id\":\"https:\/\/masterchem.ee\/fi\/#\/schema\/logo\/image\/\",\"url\":\"https:\/\/masterchem.ee\/wp-content\/uploads\/2018\/02\/master-chem_final-1.png\",\"contentUrl\":\"https:\/\/masterchem.ee\/wp-content\/uploads\/2018\/02\/master-chem_final-1.png\",\"width\":850,\"height\":356,\"caption\":\"Masterchem\"},\"image\":{\"@id\":\"https:\/\/masterchem.ee\/fi\/#\/schema\/logo\/image\/\"}}]}<\/script>\n<!-- \/ Yoast SEO plugin. -->","yoast_head_json":{"title":"Dikromitrioksidi (CAS 1308-38-9) - Chemistry For Industry - Solvents &amp; Chemicals - Masterchem.ee","description":"Kromi (III) oksidi (tai kromi) on ep\u00e4orgaaninen yhdiste, jolla on kaava Cr2O3. Se on yksi t\u00e4rkeimmist\u00e4 kromioksideista ja sit\u00e4 k\u00e4ytet\u00e4\u00e4n pigmenttin\u00e4. Luonnossa se esiintyy harvinaisena mineraalieskolaitina.","robots":{"index":"index","follow":"follow","max-snippet":"max-snippet:-1","max-image-preview":"max-image-preview:large","max-video-preview":"max-video-preview:-1"},"canonical":"https:\/\/masterchem.ee\/fi\/tooted-ja-teenused\/dikromitrioksidi-cas-1308-38-9\/","twitter_card":"summary_large_image","twitter_title":"Dikromitrioksidi (CAS 1308-38-9) - Chemistry For Industry - Solvents &amp; Chemicals - Masterchem.ee","twitter_description":"Kromi (III) oksidi (tai kromi) on ep\u00e4orgaaninen yhdiste, jolla on kaava Cr2O3. Se on yksi t\u00e4rkeimmist\u00e4 kromioksideista ja sit\u00e4 k\u00e4ytet\u00e4\u00e4n pigmenttin\u00e4. Luonnossa se esiintyy harvinaisena mineraalieskolaitina.","twitter_image":"https:\/\/masterchem.ee\/wp-content\/uploads\/2021\/09\/Kroomoksiid-25kg-MasterChem.jpg","schema":{"@context":"https:\/\/schema.org","@graph":[{"@type":"WebPage","@id":"https:\/\/masterchem.ee\/fi\/tooted-ja-teenused\/dikromitrioksidi-cas-1308-38-9\/","url":"https:\/\/masterchem.ee\/fi\/tooted-ja-teenused\/dikromitrioksidi-cas-1308-38-9\/","name":"Dikromitrioksidi (CAS 1308-38-9) - Chemistry For Industry - Solvents &amp; Chemicals - Masterchem.ee","isPartOf":{"@id":"https:\/\/masterchem.ee\/fi\/#website"},"primaryImageOfPage":{"@id":"https:\/\/masterchem.ee\/fi\/tooted-ja-teenused\/dikromitrioksidi-cas-1308-38-9\/#primaryimage"},"image":{"@id":"https:\/\/masterchem.ee\/fi\/tooted-ja-teenused\/dikromitrioksidi-cas-1308-38-9\/#primaryimage"},"thumbnailUrl":"https:\/\/masterchem.ee\/wp-content\/uploads\/2021\/09\/Kroomoksiid-25kg-MasterChem.jpg","datePublished":"2021-09-27T16:04:44+00:00","dateModified":"2021-09-27T16:13:28+00:00","description":"Kromi (III) oksidi (tai kromi) on ep\u00e4orgaaninen yhdiste, jolla on kaava Cr2O3. Se on yksi t\u00e4rkeimmist\u00e4 kromioksideista ja sit\u00e4 k\u00e4ytet\u00e4\u00e4n pigmenttin\u00e4. Luonnossa se esiintyy harvinaisena mineraalieskolaitina.","breadcrumb":{"@id":"https:\/\/masterchem.ee\/fi\/tooted-ja-teenused\/dikromitrioksidi-cas-1308-38-9\/#breadcrumb"},"inLanguage":"fi","potentialAction":[{"@type":"ReadAction","target":["https:\/\/masterchem.ee\/fi\/tooted-ja-teenused\/dikromitrioksidi-cas-1308-38-9\/"]}]},{"@type":"ImageObject","inLanguage":"fi","@id":"https:\/\/masterchem.ee\/fi\/tooted-ja-teenused\/dikromitrioksidi-cas-1308-38-9\/#primaryimage","url":"https:\/\/masterchem.ee\/wp-content\/uploads\/2021\/09\/Kroomoksiid-25kg-MasterChem.jpg","contentUrl":"https:\/\/masterchem.ee\/wp-content\/uploads\/2021\/09\/Kroomoksiid-25kg-MasterChem.jpg","width":1000,"height":1000,"caption":"Dikromitrioksidi (CAS 1308-38-9) 25kg MasterChem"},{"@type":"BreadcrumbList","@id":"https:\/\/masterchem.ee\/fi\/tooted-ja-teenused\/dikromitrioksidi-cas-1308-38-9\/#breadcrumb","itemListElement":[{"@type":"ListItem","position":1,"name":"Home","item":"https:\/\/masterchem.ee\/fi\/"},{"@type":"ListItem","position":2,"name":"Tooted ja teenused","item":"https:\/\/masterchem.ee\/tooted-ja-teenused\/"},{"@type":"ListItem","position":3,"name":"Dikromitrioksidi (CAS 1308-38-9)"}]},{"@type":"WebSite","@id":"https:\/\/masterchem.ee\/fi\/#website","url":"https:\/\/masterchem.ee\/fi\/","name":"Masterchem.ee","description":"Chemistry For Industry - Solvents &amp; Chemicals","publisher":{"@id":"https:\/\/masterchem.ee\/fi\/#organization"},"potentialAction":[{"@type":"SearchAction","target":{"@type":"EntryPoint","urlTemplate":"https:\/\/masterchem.ee\/fi\/?s={search_term_string}"},"query-input":{"@type":"PropertyValueSpecification","valueRequired":true,"valueName":"search_term_string"}}],"inLanguage":"fi"},{"@type":"Organization","@id":"https:\/\/masterchem.ee\/fi\/#organization","name":"Masterchem","url":"https:\/\/masterchem.ee\/fi\/","logo":{"@type":"ImageObject","inLanguage":"fi","@id":"https:\/\/masterchem.ee\/fi\/#\/schema\/logo\/image\/","url":"https:\/\/masterchem.ee\/wp-content\/uploads\/2018\/02\/master-chem_final-1.png","contentUrl":"https:\/\/masterchem.ee\/wp-content\/uploads\/2018\/02\/master-chem_final-1.png","width":850,"height":356,"caption":"Masterchem"},"image":{"@id":"https:\/\/masterchem.ee\/fi\/#\/schema\/logo\/image\/"}}]}},"_links":{"self":[{"href":"https:\/\/masterchem.ee\/fi\/wp-json\/wp\/v2\/product\/14706","targetHints":{"allow":["GET"]}}],"collection":[{"href":"https:\/\/masterchem.ee\/fi\/wp-json\/wp\/v2\/product"}],"about":[{"href":"https:\/\/masterchem.ee\/fi\/wp-json\/wp\/v2\/types\/product"}],"wp:featuredmedia":[{"embeddable":true,"href":"https:\/\/masterchem.ee\/fi\/wp-json\/wp\/v2\/media\/14712"}],"wp:attachment":[{"href":"https:\/\/masterchem.ee\/fi\/wp-json\/wp\/v2\/media?parent=14706"}],"wp:term":[{"taxonomy":"product_brand","embeddable":true,"href":"https:\/\/masterchem.ee\/fi\/wp-json\/wp\/v2\/product_brand?post=14706"},{"taxonomy":"product_cat","embeddable":true,"href":"https:\/\/masterchem.ee\/fi\/wp-json\/wp\/v2\/product_cat?post=14706"},{"taxonomy":"product_tag","embeddable":true,"href":"https:\/\/masterchem.ee\/fi\/wp-json\/wp\/v2\/product_tag?post=14706"}],"curies":[{"name":"wp","href":"https:\/\/api.w.org\/{rel}","templated":true}]}}