{"id":14691,"date":"2021-09-27T14:17:56","date_gmt":"2021-09-27T14:17:59","guid":{"rendered":"https:\/\/masterchem.ee\/?post_type=product&#038;p=14691"},"modified":"2022-02-17T12:27:09","modified_gmt":"2022-02-17T12:27:09","slug":"kalsiumstearaatti-cas-1592-23-0","status":"publish","type":"product","link":"https:\/\/masterchem.ee\/fi\/tooted-ja-teenused\/kalsiumstearaatti-cas-1592-23-0\/","title":{"rendered":"Kalsiumstearaatti (CAS 1592-23-0)"},"content":{"rendered":"<p> <strong> Info<\/strong> <\/p>\n<p> Toimialat: Elintarviketeollisuus, hartsit, muovit, polyuretaanit <br \/>\nCAS-numero: 1592-23-0 <br \/>\nWE-numero: 216-472-8 <br \/>\nKemiallinen kaava: C36H70CaO4 <br \/>\nMoolimassa: 607,02 g \/mol <br \/>\nADR: 29157050 <\/p>\n<p> <strong> Muut fyysiset ominaisuudet <\/strong> <\/p>\n<p> Sulamis- \/ j\u00e4\u00e4tymispiste: 179,5 \u00b0 C <br \/>\nKiehumispiste \/ kiehumisalue: 661 \u00b0 C <br \/>\nSuhteellinen tiheys: 1,12 g \/cm3 <br \/>\nLiukoisuus veteen: 40 mg\/l (15 \u00b0 C) <\/p>\n","protected":false},"excerpt":{"rendered":"<p> <strong>Kalsiumstearaatti (CAS 1592-23-0)<\/strong> <\/p>\n<p> Kalsiumstearaatti on kalsiumin karboksylaatti, joka on luokiteltu kalsiumsaippuaksi. Se on osa joitakin voiteluaineita, pinta -aktiivisia aineita ja monia elintarvikkeita. Se on valkoista vahamaista jauhetta. <\/p>\n<p> Kalsiumstearaatti on vahamainen materiaali, joka liukenee heikosti veteen, toisin kuin perinteiset natrium- ja kaliumpitoiset saippuat. Se on my\u00f6s helppo ja halpa valmistaa, ja sen myrkyllisyys on alhainen. N\u00e4m\u00e4 ominaisuudet ovat monien sen sovellusten perusta. Samankaltaisia sovelluksia on olemassa magnesiumstearaatille. <\/p>\n<p> Kalsiumstearaattia k\u00e4ytet\u00e4\u00e4n juoksevana aineena ja pinnan hoitoaineena joissakin makeisissa, kuten Smartiesissa, leukaluuissa ja Spreesiss\u00e4. Se on vedenpit\u00e4v\u00e4 aine kankaille. Voiteluaine lyijykyniss\u00e4 ja v\u00e4riliiduissa. Voiteluaine langanvalmistuksen kuivavetomenetelm\u00e4ss\u00e4 <\/p>\n","protected":false},"featured_media":17873,"template":"","meta":[],"product_brand":[],"product_cat":[180,286,258,307],"product_tag":[],"class_list":{"0":"post-14691","1":"product","2":"type-product","3":"status-publish","4":"has-post-thumbnail","6":"product_cat-uncategorized-fi-2","7":"product_cat-maalit-ja-lakat","8":"product_cat-muovi-fi","9":"product_cat-ruokateollisuus","11":"first","12":"instock","13":"taxable","14":"shipping-taxable","15":"purchasable","16":"product-type-variable"},"yoast_head":"<!-- This site is optimized with the Yoast SEO plugin v26.2 - https:\/\/yoast.com\/wordpress\/plugins\/seo\/ -->\n<title>Kalsiumstearaatti (CAS 1592-23-0) - Chemistry For Industry - Solvents &amp; Chemicals - Masterchem.ee<\/title>\n<meta name=\"description\" content=\"Kalsiumstearaatti on kalsiumin karboksylaatti, joka on luokiteltu kalsiumsaippuaksi. Se on osa joitakin voiteluaineita, pinta -aktiivisia aineita ja monia elintarvikkeita.\" \/>\n<meta name=\"robots\" content=\"index, follow, max-snippet:-1, max-image-preview:large, max-video-preview:-1\" \/>\n<link rel=\"canonical\" href=\"https:\/\/masterchem.ee\/fi\/tooted-ja-teenused\/kalsiumstearaatti-cas-1592-23-0\/\" \/>\n<meta name=\"twitter:card\" content=\"summary_large_image\" \/>\n<meta name=\"twitter:title\" content=\"Kalsiumstearaatti (CAS 1592-23-0) - Chemistry For Industry - Solvents &amp; Chemicals - Masterchem.ee\" \/>\n<meta name=\"twitter:description\" content=\"Kalsiumstearaatti on kalsiumin karboksylaatti, joka on luokiteltu kalsiumsaippuaksi. Se on osa joitakin voiteluaineita, pinta -aktiivisia aineita ja monia elintarvikkeita.\" \/>\n<meta name=\"twitter:image\" content=\"https:\/\/masterchem.ee\/wp-content\/uploads\/2021\/09\/Kaltsiumstearaat-20kg-MasterChem.jpg\" \/>\n<script type=\"application\/ld+json\" class=\"yoast-schema-graph\">{\"@context\":\"https:\/\/schema.org\",\"@graph\":[{\"@type\":\"WebPage\",\"@id\":\"https:\/\/masterchem.ee\/fi\/tooted-ja-teenused\/kalsiumstearaatti-cas-1592-23-0\/\",\"url\":\"https:\/\/masterchem.ee\/fi\/tooted-ja-teenused\/kalsiumstearaatti-cas-1592-23-0\/\",\"name\":\"Kalsiumstearaatti (CAS 1592-23-0) - Chemistry For Industry - Solvents &amp; Chemicals - Masterchem.ee\",\"isPartOf\":{\"@id\":\"https:\/\/masterchem.ee\/fi\/#website\"},\"primaryImageOfPage\":{\"@id\":\"https:\/\/masterchem.ee\/fi\/tooted-ja-teenused\/kalsiumstearaatti-cas-1592-23-0\/#primaryimage\"},\"image\":{\"@id\":\"https:\/\/masterchem.ee\/fi\/tooted-ja-teenused\/kalsiumstearaatti-cas-1592-23-0\/#primaryimage\"},\"thumbnailUrl\":\"https:\/\/masterchem.ee\/wp-content\/uploads\/2021\/09\/Kaltsiumstearaat-20kg-MasterChem.jpg\",\"datePublished\":\"2021-09-27T14:17:59+00:00\",\"dateModified\":\"2022-02-17T12:27:09+00:00\",\"description\":\"Kalsiumstearaatti on kalsiumin karboksylaatti, joka on luokiteltu kalsiumsaippuaksi. Se on osa joitakin voiteluaineita, pinta -aktiivisia aineita ja monia elintarvikkeita.\",\"breadcrumb\":{\"@id\":\"https:\/\/masterchem.ee\/fi\/tooted-ja-teenused\/kalsiumstearaatti-cas-1592-23-0\/#breadcrumb\"},\"inLanguage\":\"fi\",\"potentialAction\":[{\"@type\":\"ReadAction\",\"target\":[\"https:\/\/masterchem.ee\/fi\/tooted-ja-teenused\/kalsiumstearaatti-cas-1592-23-0\/\"]}]},{\"@type\":\"ImageObject\",\"inLanguage\":\"fi\",\"@id\":\"https:\/\/masterchem.ee\/fi\/tooted-ja-teenused\/kalsiumstearaatti-cas-1592-23-0\/#primaryimage\",\"url\":\"https:\/\/masterchem.ee\/wp-content\/uploads\/2021\/09\/Kaltsiumstearaat-20kg-MasterChem.jpg\",\"contentUrl\":\"https:\/\/masterchem.ee\/wp-content\/uploads\/2021\/09\/Kaltsiumstearaat-20kg-MasterChem.jpg\",\"width\":1000,\"height\":1000,\"caption\":\"Kaltsiumstearaat (CAS 1592-23-0) 20kg MasterChem\"},{\"@type\":\"BreadcrumbList\",\"@id\":\"https:\/\/masterchem.ee\/fi\/tooted-ja-teenused\/kalsiumstearaatti-cas-1592-23-0\/#breadcrumb\",\"itemListElement\":[{\"@type\":\"ListItem\",\"position\":1,\"name\":\"Home\",\"item\":\"https:\/\/masterchem.ee\/fi\/\"},{\"@type\":\"ListItem\",\"position\":2,\"name\":\"Tooted ja teenused\",\"item\":\"https:\/\/masterchem.ee\/tooted-ja-teenused\/\"},{\"@type\":\"ListItem\",\"position\":3,\"name\":\"Kalsiumstearaatti (CAS 1592-23-0)\"}]},{\"@type\":\"WebSite\",\"@id\":\"https:\/\/masterchem.ee\/fi\/#website\",\"url\":\"https:\/\/masterchem.ee\/fi\/\",\"name\":\"Masterchem.ee\",\"description\":\"Chemistry For Industry - Solvents &amp; Chemicals\",\"publisher\":{\"@id\":\"https:\/\/masterchem.ee\/fi\/#organization\"},\"potentialAction\":[{\"@type\":\"SearchAction\",\"target\":{\"@type\":\"EntryPoint\",\"urlTemplate\":\"https:\/\/masterchem.ee\/fi\/?s={search_term_string}\"},\"query-input\":{\"@type\":\"PropertyValueSpecification\",\"valueRequired\":true,\"valueName\":\"search_term_string\"}}],\"inLanguage\":\"fi\"},{\"@type\":\"Organization\",\"@id\":\"https:\/\/masterchem.ee\/fi\/#organization\",\"name\":\"Masterchem\",\"url\":\"https:\/\/masterchem.ee\/fi\/\",\"logo\":{\"@type\":\"ImageObject\",\"inLanguage\":\"fi\",\"@id\":\"https:\/\/masterchem.ee\/fi\/#\/schema\/logo\/image\/\",\"url\":\"https:\/\/masterchem.ee\/wp-content\/uploads\/2018\/02\/master-chem_final-1.png\",\"contentUrl\":\"https:\/\/masterchem.ee\/wp-content\/uploads\/2018\/02\/master-chem_final-1.png\",\"width\":850,\"height\":356,\"caption\":\"Masterchem\"},\"image\":{\"@id\":\"https:\/\/masterchem.ee\/fi\/#\/schema\/logo\/image\/\"}}]}<\/script>\n<!-- \/ Yoast SEO plugin. -->","yoast_head_json":{"title":"Kalsiumstearaatti (CAS 1592-23-0) - Chemistry For Industry - Solvents &amp; Chemicals - Masterchem.ee","description":"Kalsiumstearaatti on kalsiumin karboksylaatti, joka on luokiteltu kalsiumsaippuaksi. Se on osa joitakin voiteluaineita, pinta -aktiivisia aineita ja monia elintarvikkeita.","robots":{"index":"index","follow":"follow","max-snippet":"max-snippet:-1","max-image-preview":"max-image-preview:large","max-video-preview":"max-video-preview:-1"},"canonical":"https:\/\/masterchem.ee\/fi\/tooted-ja-teenused\/kalsiumstearaatti-cas-1592-23-0\/","twitter_card":"summary_large_image","twitter_title":"Kalsiumstearaatti (CAS 1592-23-0) - Chemistry For Industry - Solvents &amp; Chemicals - Masterchem.ee","twitter_description":"Kalsiumstearaatti on kalsiumin karboksylaatti, joka on luokiteltu kalsiumsaippuaksi. Se on osa joitakin voiteluaineita, pinta -aktiivisia aineita ja monia elintarvikkeita.","twitter_image":"https:\/\/masterchem.ee\/wp-content\/uploads\/2021\/09\/Kaltsiumstearaat-20kg-MasterChem.jpg","schema":{"@context":"https:\/\/schema.org","@graph":[{"@type":"WebPage","@id":"https:\/\/masterchem.ee\/fi\/tooted-ja-teenused\/kalsiumstearaatti-cas-1592-23-0\/","url":"https:\/\/masterchem.ee\/fi\/tooted-ja-teenused\/kalsiumstearaatti-cas-1592-23-0\/","name":"Kalsiumstearaatti (CAS 1592-23-0) - Chemistry For Industry - Solvents &amp; Chemicals - Masterchem.ee","isPartOf":{"@id":"https:\/\/masterchem.ee\/fi\/#website"},"primaryImageOfPage":{"@id":"https:\/\/masterchem.ee\/fi\/tooted-ja-teenused\/kalsiumstearaatti-cas-1592-23-0\/#primaryimage"},"image":{"@id":"https:\/\/masterchem.ee\/fi\/tooted-ja-teenused\/kalsiumstearaatti-cas-1592-23-0\/#primaryimage"},"thumbnailUrl":"https:\/\/masterchem.ee\/wp-content\/uploads\/2021\/09\/Kaltsiumstearaat-20kg-MasterChem.jpg","datePublished":"2021-09-27T14:17:59+00:00","dateModified":"2022-02-17T12:27:09+00:00","description":"Kalsiumstearaatti on kalsiumin karboksylaatti, joka on luokiteltu kalsiumsaippuaksi. Se on osa joitakin voiteluaineita, pinta -aktiivisia aineita ja monia elintarvikkeita.","breadcrumb":{"@id":"https:\/\/masterchem.ee\/fi\/tooted-ja-teenused\/kalsiumstearaatti-cas-1592-23-0\/#breadcrumb"},"inLanguage":"fi","potentialAction":[{"@type":"ReadAction","target":["https:\/\/masterchem.ee\/fi\/tooted-ja-teenused\/kalsiumstearaatti-cas-1592-23-0\/"]}]},{"@type":"ImageObject","inLanguage":"fi","@id":"https:\/\/masterchem.ee\/fi\/tooted-ja-teenused\/kalsiumstearaatti-cas-1592-23-0\/#primaryimage","url":"https:\/\/masterchem.ee\/wp-content\/uploads\/2021\/09\/Kaltsiumstearaat-20kg-MasterChem.jpg","contentUrl":"https:\/\/masterchem.ee\/wp-content\/uploads\/2021\/09\/Kaltsiumstearaat-20kg-MasterChem.jpg","width":1000,"height":1000,"caption":"Kaltsiumstearaat (CAS 1592-23-0) 20kg MasterChem"},{"@type":"BreadcrumbList","@id":"https:\/\/masterchem.ee\/fi\/tooted-ja-teenused\/kalsiumstearaatti-cas-1592-23-0\/#breadcrumb","itemListElement":[{"@type":"ListItem","position":1,"name":"Home","item":"https:\/\/masterchem.ee\/fi\/"},{"@type":"ListItem","position":2,"name":"Tooted ja teenused","item":"https:\/\/masterchem.ee\/tooted-ja-teenused\/"},{"@type":"ListItem","position":3,"name":"Kalsiumstearaatti (CAS 1592-23-0)"}]},{"@type":"WebSite","@id":"https:\/\/masterchem.ee\/fi\/#website","url":"https:\/\/masterchem.ee\/fi\/","name":"Masterchem.ee","description":"Chemistry For Industry - Solvents &amp; Chemicals","publisher":{"@id":"https:\/\/masterchem.ee\/fi\/#organization"},"potentialAction":[{"@type":"SearchAction","target":{"@type":"EntryPoint","urlTemplate":"https:\/\/masterchem.ee\/fi\/?s={search_term_string}"},"query-input":{"@type":"PropertyValueSpecification","valueRequired":true,"valueName":"search_term_string"}}],"inLanguage":"fi"},{"@type":"Organization","@id":"https:\/\/masterchem.ee\/fi\/#organization","name":"Masterchem","url":"https:\/\/masterchem.ee\/fi\/","logo":{"@type":"ImageObject","inLanguage":"fi","@id":"https:\/\/masterchem.ee\/fi\/#\/schema\/logo\/image\/","url":"https:\/\/masterchem.ee\/wp-content\/uploads\/2018\/02\/master-chem_final-1.png","contentUrl":"https:\/\/masterchem.ee\/wp-content\/uploads\/2018\/02\/master-chem_final-1.png","width":850,"height":356,"caption":"Masterchem"},"image":{"@id":"https:\/\/masterchem.ee\/fi\/#\/schema\/logo\/image\/"}}]}},"_links":{"self":[{"href":"https:\/\/masterchem.ee\/fi\/wp-json\/wp\/v2\/product\/14691","targetHints":{"allow":["GET"]}}],"collection":[{"href":"https:\/\/masterchem.ee\/fi\/wp-json\/wp\/v2\/product"}],"about":[{"href":"https:\/\/masterchem.ee\/fi\/wp-json\/wp\/v2\/types\/product"}],"wp:featuredmedia":[{"embeddable":true,"href":"https:\/\/masterchem.ee\/fi\/wp-json\/wp\/v2\/media\/17873"}],"wp:attachment":[{"href":"https:\/\/masterchem.ee\/fi\/wp-json\/wp\/v2\/media?parent=14691"}],"wp:term":[{"taxonomy":"product_brand","embeddable":true,"href":"https:\/\/masterchem.ee\/fi\/wp-json\/wp\/v2\/product_brand?post=14691"},{"taxonomy":"product_cat","embeddable":true,"href":"https:\/\/masterchem.ee\/fi\/wp-json\/wp\/v2\/product_cat?post=14691"},{"taxonomy":"product_tag","embeddable":true,"href":"https:\/\/masterchem.ee\/fi\/wp-json\/wp\/v2\/product_tag?post=14691"}],"curies":[{"name":"wp","href":"https:\/\/api.w.org\/{rel}","templated":true}]}}