{"id":14645,"date":"2021-09-26T17:46:58","date_gmt":"2021-09-26T17:47:01","guid":{"rendered":"https:\/\/masterchem.ee\/?post_type=product&#038;p=14645"},"modified":"2021-09-26T18:03:47","modified_gmt":"2021-09-26T18:03:47","slug":"natriumsulfaattianhydraatti-cas-7757-82-6","status":"publish","type":"product","link":"https:\/\/masterchem.ee\/fi\/tooted-ja-teenused\/natriumsulfaattianhydraatti-cas-7757-82-6\/","title":{"rendered":"Natriumsulfaattianhydraatti (CAS 7757-82-6)"},"content":{"rendered":"<p> <strong> Info<\/strong> <\/p>\n<p> Toimialat: maalit ja lakat, lannoitteet, l\u00e4\u00e4keteollisuus <br \/>\nCAS-numero: 7757-82-6 <br \/>\nWE-numero: 231-820-9 <br \/>\nKemiallinen kaava: Na2SO4 <br \/>\nMoolimassa: 142,04 g \/mol <br \/>\nTullitariffi: 28331100 <\/p>\n<p> <strong> Muut fyysiset ominaisuudet <\/strong> <\/p>\n<p> pH: 5,5-9,5 (10 %) <br \/>\nSulamis- \/ j\u00e4\u00e4tymispiste: 884 \u00b0 C <br \/>\nSuhteellinen tiheys: 2700 g \/cm3 (20 \u00b0 C) <br \/>\nLiukoisuus veteen: 16 g\/100 g <\/p>\n","protected":false},"excerpt":{"rendered":"<p> <strong>Natriumsulfaattianhydraatti (CAS 7757-82-6)<\/strong> <\/p>\n<p>Natriumsulfaatti on rikkihapon natriumsuola. Sen kemiallinen kaava on Na2SO4. Natriumsulfaatin vesiliuos koostuu positiivisesti varautuneista Na+ ja negatiivisesti varautuneista SO42- ioneista, ainem\u00e4\u00e4r\u00e4 suhteissa 2:1.<\/p>\n<p>Vedett\u00f6m\u00e4n natriumsulfaatin moolimassa on 142,3 g\/mol, sulamispiste 884 \u00b0C, tiheys 2,7 g\/cm3 (vesi = 1,0 g\/cm3) ja CAS-numero 7757-82-6.<\/p>\n<p>Natriumsulfaattia k\u00e4ytet\u00e4\u00e4n muun muassa sulfaattiprosessissa sellunkeitossa, pesuaineissa, tekstiileiss\u00e4 ja lasissa. Se on kemiallisesti hyvin stabiili normaaliolosuhteissa.[2] Natriumsulfaatin dekahydraatti Na2SO4\u00b710H2O (CAS 7727-73-3) tunnetaan my\u00f6s nimell\u00e4 Glauberin suola ja sal mirabilis.<\/p>\n","protected":false},"featured_media":14651,"template":"","meta":[],"product_brand":[],"product_cat":[180,120,323,286],"product_tag":[],"class_list":{"0":"post-14645","1":"product","2":"type-product","3":"status-publish","4":"has-post-thumbnail","6":"product_cat-uncategorized-fi-2","7":"product_cat-laaketeollisuus","8":"product_cat-lannoitteet","9":"product_cat-maalit-ja-lakat","11":"first","12":"instock","13":"taxable","14":"shipping-taxable","15":"purchasable","16":"product-type-variable","17":"has-default-attributes"},"yoast_head":"<!-- This site is optimized with the Yoast SEO plugin v26.2 - https:\/\/yoast.com\/wordpress\/plugins\/seo\/ -->\n<title>Natriumsulfaattianhydraatti (CAS 7757-82-6) - Chemistry For Industry - Solvents &amp; Chemicals - Masterchem.ee<\/title>\n<meta name=\"description\" content=\"Natriumsulfaatti on rikkihapon natriumsuola. Sen kemiallinen kaava on Na2SO4.\" \/>\n<meta name=\"robots\" content=\"index, follow, max-snippet:-1, max-image-preview:large, max-video-preview:-1\" \/>\n<link rel=\"canonical\" href=\"https:\/\/masterchem.ee\/fi\/tooted-ja-teenused\/natriumsulfaattianhydraatti-cas-7757-82-6\/\" \/>\n<meta name=\"twitter:card\" content=\"summary_large_image\" \/>\n<meta name=\"twitter:title\" content=\"Natriumsulfaattianhydraatti (CAS 7757-82-6) - Chemistry For Industry - Solvents &amp; Chemicals - Masterchem.ee\" \/>\n<meta name=\"twitter:description\" content=\"Natriumsulfaatti on rikkihapon natriumsuola. Sen kemiallinen kaava on Na2SO4.\" \/>\n<meta name=\"twitter:image\" content=\"https:\/\/masterchem.ee\/wp-content\/uploads\/2021\/09\/Naatriumsulfaat-25kg-MasterChem.jpg\" \/>\n<script type=\"application\/ld+json\" class=\"yoast-schema-graph\">{\"@context\":\"https:\/\/schema.org\",\"@graph\":[{\"@type\":\"WebPage\",\"@id\":\"https:\/\/masterchem.ee\/fi\/tooted-ja-teenused\/natriumsulfaattianhydraatti-cas-7757-82-6\/\",\"url\":\"https:\/\/masterchem.ee\/fi\/tooted-ja-teenused\/natriumsulfaattianhydraatti-cas-7757-82-6\/\",\"name\":\"Natriumsulfaattianhydraatti (CAS 7757-82-6) - Chemistry For Industry - Solvents &amp; Chemicals - Masterchem.ee\",\"isPartOf\":{\"@id\":\"https:\/\/masterchem.ee\/fi\/#website\"},\"primaryImageOfPage\":{\"@id\":\"https:\/\/masterchem.ee\/fi\/tooted-ja-teenused\/natriumsulfaattianhydraatti-cas-7757-82-6\/#primaryimage\"},\"image\":{\"@id\":\"https:\/\/masterchem.ee\/fi\/tooted-ja-teenused\/natriumsulfaattianhydraatti-cas-7757-82-6\/#primaryimage\"},\"thumbnailUrl\":\"https:\/\/masterchem.ee\/wp-content\/uploads\/2021\/09\/Naatriumsulfaat-25kg-MasterChem.jpg\",\"datePublished\":\"2021-09-26T17:47:01+00:00\",\"dateModified\":\"2021-09-26T18:03:47+00:00\",\"description\":\"Natriumsulfaatti on rikkihapon natriumsuola. Sen kemiallinen kaava on Na2SO4.\",\"breadcrumb\":{\"@id\":\"https:\/\/masterchem.ee\/fi\/tooted-ja-teenused\/natriumsulfaattianhydraatti-cas-7757-82-6\/#breadcrumb\"},\"inLanguage\":\"fi\",\"potentialAction\":[{\"@type\":\"ReadAction\",\"target\":[\"https:\/\/masterchem.ee\/fi\/tooted-ja-teenused\/natriumsulfaattianhydraatti-cas-7757-82-6\/\"]}]},{\"@type\":\"ImageObject\",\"inLanguage\":\"fi\",\"@id\":\"https:\/\/masterchem.ee\/fi\/tooted-ja-teenused\/natriumsulfaattianhydraatti-cas-7757-82-6\/#primaryimage\",\"url\":\"https:\/\/masterchem.ee\/wp-content\/uploads\/2021\/09\/Naatriumsulfaat-25kg-MasterChem.jpg\",\"contentUrl\":\"https:\/\/masterchem.ee\/wp-content\/uploads\/2021\/09\/Naatriumsulfaat-25kg-MasterChem.jpg\",\"width\":1000,\"height\":1000,\"caption\":\"Natriumsulfaattianhydraatti (CAS 7757-82-6) 25kg MasterChem\"},{\"@type\":\"BreadcrumbList\",\"@id\":\"https:\/\/masterchem.ee\/fi\/tooted-ja-teenused\/natriumsulfaattianhydraatti-cas-7757-82-6\/#breadcrumb\",\"itemListElement\":[{\"@type\":\"ListItem\",\"position\":1,\"name\":\"Home\",\"item\":\"https:\/\/masterchem.ee\/fi\/\"},{\"@type\":\"ListItem\",\"position\":2,\"name\":\"Tooted ja teenused\",\"item\":\"https:\/\/masterchem.ee\/tooted-ja-teenused\/\"},{\"@type\":\"ListItem\",\"position\":3,\"name\":\"Natriumsulfaattianhydraatti (CAS 7757-82-6)\"}]},{\"@type\":\"WebSite\",\"@id\":\"https:\/\/masterchem.ee\/fi\/#website\",\"url\":\"https:\/\/masterchem.ee\/fi\/\",\"name\":\"Masterchem.ee\",\"description\":\"Chemistry For Industry - Solvents &amp; Chemicals\",\"publisher\":{\"@id\":\"https:\/\/masterchem.ee\/fi\/#organization\"},\"potentialAction\":[{\"@type\":\"SearchAction\",\"target\":{\"@type\":\"EntryPoint\",\"urlTemplate\":\"https:\/\/masterchem.ee\/fi\/?s={search_term_string}\"},\"query-input\":{\"@type\":\"PropertyValueSpecification\",\"valueRequired\":true,\"valueName\":\"search_term_string\"}}],\"inLanguage\":\"fi\"},{\"@type\":\"Organization\",\"@id\":\"https:\/\/masterchem.ee\/fi\/#organization\",\"name\":\"Masterchem\",\"url\":\"https:\/\/masterchem.ee\/fi\/\",\"logo\":{\"@type\":\"ImageObject\",\"inLanguage\":\"fi\",\"@id\":\"https:\/\/masterchem.ee\/fi\/#\/schema\/logo\/image\/\",\"url\":\"https:\/\/masterchem.ee\/wp-content\/uploads\/2018\/02\/master-chem_final-1.png\",\"contentUrl\":\"https:\/\/masterchem.ee\/wp-content\/uploads\/2018\/02\/master-chem_final-1.png\",\"width\":850,\"height\":356,\"caption\":\"Masterchem\"},\"image\":{\"@id\":\"https:\/\/masterchem.ee\/fi\/#\/schema\/logo\/image\/\"}}]}<\/script>\n<!-- \/ Yoast SEO plugin. -->","yoast_head_json":{"title":"Natriumsulfaattianhydraatti (CAS 7757-82-6) - Chemistry For Industry - Solvents &amp; Chemicals - Masterchem.ee","description":"Natriumsulfaatti on rikkihapon natriumsuola. Sen kemiallinen kaava on Na2SO4.","robots":{"index":"index","follow":"follow","max-snippet":"max-snippet:-1","max-image-preview":"max-image-preview:large","max-video-preview":"max-video-preview:-1"},"canonical":"https:\/\/masterchem.ee\/fi\/tooted-ja-teenused\/natriumsulfaattianhydraatti-cas-7757-82-6\/","twitter_card":"summary_large_image","twitter_title":"Natriumsulfaattianhydraatti (CAS 7757-82-6) - Chemistry For Industry - Solvents &amp; Chemicals - Masterchem.ee","twitter_description":"Natriumsulfaatti on rikkihapon natriumsuola. Sen kemiallinen kaava on Na2SO4.","twitter_image":"https:\/\/masterchem.ee\/wp-content\/uploads\/2021\/09\/Naatriumsulfaat-25kg-MasterChem.jpg","schema":{"@context":"https:\/\/schema.org","@graph":[{"@type":"WebPage","@id":"https:\/\/masterchem.ee\/fi\/tooted-ja-teenused\/natriumsulfaattianhydraatti-cas-7757-82-6\/","url":"https:\/\/masterchem.ee\/fi\/tooted-ja-teenused\/natriumsulfaattianhydraatti-cas-7757-82-6\/","name":"Natriumsulfaattianhydraatti (CAS 7757-82-6) - Chemistry For Industry - Solvents &amp; Chemicals - Masterchem.ee","isPartOf":{"@id":"https:\/\/masterchem.ee\/fi\/#website"},"primaryImageOfPage":{"@id":"https:\/\/masterchem.ee\/fi\/tooted-ja-teenused\/natriumsulfaattianhydraatti-cas-7757-82-6\/#primaryimage"},"image":{"@id":"https:\/\/masterchem.ee\/fi\/tooted-ja-teenused\/natriumsulfaattianhydraatti-cas-7757-82-6\/#primaryimage"},"thumbnailUrl":"https:\/\/masterchem.ee\/wp-content\/uploads\/2021\/09\/Naatriumsulfaat-25kg-MasterChem.jpg","datePublished":"2021-09-26T17:47:01+00:00","dateModified":"2021-09-26T18:03:47+00:00","description":"Natriumsulfaatti on rikkihapon natriumsuola. Sen kemiallinen kaava on Na2SO4.","breadcrumb":{"@id":"https:\/\/masterchem.ee\/fi\/tooted-ja-teenused\/natriumsulfaattianhydraatti-cas-7757-82-6\/#breadcrumb"},"inLanguage":"fi","potentialAction":[{"@type":"ReadAction","target":["https:\/\/masterchem.ee\/fi\/tooted-ja-teenused\/natriumsulfaattianhydraatti-cas-7757-82-6\/"]}]},{"@type":"ImageObject","inLanguage":"fi","@id":"https:\/\/masterchem.ee\/fi\/tooted-ja-teenused\/natriumsulfaattianhydraatti-cas-7757-82-6\/#primaryimage","url":"https:\/\/masterchem.ee\/wp-content\/uploads\/2021\/09\/Naatriumsulfaat-25kg-MasterChem.jpg","contentUrl":"https:\/\/masterchem.ee\/wp-content\/uploads\/2021\/09\/Naatriumsulfaat-25kg-MasterChem.jpg","width":1000,"height":1000,"caption":"Natriumsulfaattianhydraatti (CAS 7757-82-6) 25kg MasterChem"},{"@type":"BreadcrumbList","@id":"https:\/\/masterchem.ee\/fi\/tooted-ja-teenused\/natriumsulfaattianhydraatti-cas-7757-82-6\/#breadcrumb","itemListElement":[{"@type":"ListItem","position":1,"name":"Home","item":"https:\/\/masterchem.ee\/fi\/"},{"@type":"ListItem","position":2,"name":"Tooted ja teenused","item":"https:\/\/masterchem.ee\/tooted-ja-teenused\/"},{"@type":"ListItem","position":3,"name":"Natriumsulfaattianhydraatti (CAS 7757-82-6)"}]},{"@type":"WebSite","@id":"https:\/\/masterchem.ee\/fi\/#website","url":"https:\/\/masterchem.ee\/fi\/","name":"Masterchem.ee","description":"Chemistry For Industry - Solvents &amp; Chemicals","publisher":{"@id":"https:\/\/masterchem.ee\/fi\/#organization"},"potentialAction":[{"@type":"SearchAction","target":{"@type":"EntryPoint","urlTemplate":"https:\/\/masterchem.ee\/fi\/?s={search_term_string}"},"query-input":{"@type":"PropertyValueSpecification","valueRequired":true,"valueName":"search_term_string"}}],"inLanguage":"fi"},{"@type":"Organization","@id":"https:\/\/masterchem.ee\/fi\/#organization","name":"Masterchem","url":"https:\/\/masterchem.ee\/fi\/","logo":{"@type":"ImageObject","inLanguage":"fi","@id":"https:\/\/masterchem.ee\/fi\/#\/schema\/logo\/image\/","url":"https:\/\/masterchem.ee\/wp-content\/uploads\/2018\/02\/master-chem_final-1.png","contentUrl":"https:\/\/masterchem.ee\/wp-content\/uploads\/2018\/02\/master-chem_final-1.png","width":850,"height":356,"caption":"Masterchem"},"image":{"@id":"https:\/\/masterchem.ee\/fi\/#\/schema\/logo\/image\/"}}]}},"_links":{"self":[{"href":"https:\/\/masterchem.ee\/fi\/wp-json\/wp\/v2\/product\/14645","targetHints":{"allow":["GET"]}}],"collection":[{"href":"https:\/\/masterchem.ee\/fi\/wp-json\/wp\/v2\/product"}],"about":[{"href":"https:\/\/masterchem.ee\/fi\/wp-json\/wp\/v2\/types\/product"}],"wp:featuredmedia":[{"embeddable":true,"href":"https:\/\/masterchem.ee\/fi\/wp-json\/wp\/v2\/media\/14651"}],"wp:attachment":[{"href":"https:\/\/masterchem.ee\/fi\/wp-json\/wp\/v2\/media?parent=14645"}],"wp:term":[{"taxonomy":"product_brand","embeddable":true,"href":"https:\/\/masterchem.ee\/fi\/wp-json\/wp\/v2\/product_brand?post=14645"},{"taxonomy":"product_cat","embeddable":true,"href":"https:\/\/masterchem.ee\/fi\/wp-json\/wp\/v2\/product_cat?post=14645"},{"taxonomy":"product_tag","embeddable":true,"href":"https:\/\/masterchem.ee\/fi\/wp-json\/wp\/v2\/product_tag?post=14645"}],"curies":[{"name":"wp","href":"https:\/\/api.w.org\/{rel}","templated":true}]}}