{"id":14608,"date":"2021-09-22T12:46:04","date_gmt":"2021-09-22T12:46:07","guid":{"rendered":"https:\/\/masterchem.ee\/?post_type=product&#038;p=14608"},"modified":"2021-09-22T12:54:29","modified_gmt":"2021-09-22T12:54:29","slug":"magnesiumsulfaattiheptahydraatti-cas-10034-99-8","status":"publish","type":"product","link":"https:\/\/masterchem.ee\/fi\/tooted-ja-teenused\/magnesiumsulfaattiheptahydraatti-cas-10034-99-8\/","title":{"rendered":"Magnesiumsulfaattiheptahydraatti (CAS 10034-99-8)"},"content":{"rendered":"<p> <strong> Info<\/strong> <\/p>\n<p> Toimialat: maalit ja lakat, lannoitteet, kosmetiikkateollisuus, puutarhanhoito, l\u00e4\u00e4keteollisuus, rakennuskemia <br \/>\nCAS-numero: 10034-99-8 <br \/>\nWE-numero: 231-298-2 <br \/>\nKemiallinen kaava: MgSO4 \u00b7 7H2O <br \/>\nMoolimassa: 246,48 g\/mol <\/p>\n<p> <strong> Muut fyysiset ominaisuudet <\/strong> <\/p>\n<p> pH: ~ 8,4 (25 \u00b0 C) <br \/>\nSulamis- \/ j\u00e4\u00e4tymispiste: 770 \u00b0 C <br \/>\nSuhteellinen tiheys: 1,7 g \/cm3 <br \/>\nLiukoisuus veteen: 342 g\/l (20 \u00b0 C) <\/p>\n<p>><\/p>\n","protected":false},"excerpt":{"rendered":"<p> <strong>Magnesiumsulfaattiheptahydraatti (CAS 10034-99-8)<\/strong> <\/p>\n<p>Magnesiumsulfaatti on kemiallinen yhdiste, joka sis\u00e4lt\u00e4\u00e4 magnesiumia, rikki\u00e4 ja happea. Sen kemiallinen kaava on MgSO4. Yleiskieliselt\u00e4 nimelt\u00e4\u00e4n se on karvassuola tai katkerosuola. Anglismina k\u00e4ytet\u00e4\u00e4n my\u00f6s nime\u00e4 Epsomsuola.<\/p>\n<p>Magnesiumsulfaattia on yleisimmin k\u00e4ytetty kuluttajatuotteissa kylpysuolassa ja el\u00e4inten, joskus ihmistenkin laksatiivina.<\/p>\n<p>Maanviljelyss\u00e4 ja puutarhanhoidossa sit\u00e4 k\u00e4ytet\u00e4\u00e4n kasvien kasvulle v\u00e4ltt\u00e4m\u00e4tt\u00f6m\u00e4n\u00e4 magnesiumin l\u00e4hteen\u00e4.<\/p>\n<p>Magnesiumsulfaatti sitoo kiteisess\u00e4 muodossa ilmasta kosteutta, ja sit\u00e4 k\u00e4ytet\u00e4\u00e4n kemiallisissa synteeseiss\u00e4 ja tuotepakkauksissa kosteuden poistoon.<\/p>\n","protected":false},"featured_media":14614,"template":"","meta":[],"product_brand":[],"product_cat":[180,294,120,323,286,351,114],"product_tag":[],"class_list":{"0":"post-14608","1":"product","2":"type-product","3":"status-publish","4":"has-post-thumbnail","6":"product_cat-uncategorized-fi-2","7":"product_cat-kosmetiikkateollisuus","8":"product_cat-laaketeollisuus","9":"product_cat-lannoitteet","10":"product_cat-maalit-ja-lakat","11":"product_cat-puutarhanhoito","12":"product_cat-rakennusteollisuus","14":"first","15":"instock","16":"taxable","17":"shipping-taxable","18":"purchasable","19":"product-type-variable","20":"has-default-attributes"},"yoast_head":"<!-- This site is optimized with the Yoast SEO plugin v26.2 - https:\/\/yoast.com\/wordpress\/plugins\/seo\/ -->\n<title>Magnesiumsulfaattiheptahydraatti (CAS 10034-99-8) - Chemistry For Industry - Solvents &amp; Chemicals - Masterchem.ee<\/title>\n<meta name=\"description\" content=\"Magnesiumsulfaatti on kemiallinen yhdiste, joka sis\u00e4lt\u00e4\u00e4 magnesiumia, rikki\u00e4 ja happea.\" \/>\n<meta name=\"robots\" content=\"index, follow, max-snippet:-1, max-image-preview:large, max-video-preview:-1\" \/>\n<link rel=\"canonical\" href=\"https:\/\/masterchem.ee\/fi\/tooted-ja-teenused\/magnesiumsulfaattiheptahydraatti-cas-10034-99-8\/\" \/>\n<meta name=\"twitter:card\" content=\"summary_large_image\" \/>\n<meta name=\"twitter:title\" content=\"Magnesiumsulfaattiheptahydraatti (CAS 10034-99-8) - Chemistry For Industry - Solvents &amp; Chemicals - Masterchem.ee\" \/>\n<meta name=\"twitter:description\" content=\"Magnesiumsulfaatti on kemiallinen yhdiste, joka sis\u00e4lt\u00e4\u00e4 magnesiumia, rikki\u00e4 ja happea.\" \/>\n<meta name=\"twitter:image\" content=\"https:\/\/masterchem.ee\/wp-content\/uploads\/2021\/09\/Magneesiumsulfaat-25kg-MasterChem-2.jpg\" \/>\n<script type=\"application\/ld+json\" class=\"yoast-schema-graph\">{\"@context\":\"https:\/\/schema.org\",\"@graph\":[{\"@type\":\"WebPage\",\"@id\":\"https:\/\/masterchem.ee\/fi\/tooted-ja-teenused\/magnesiumsulfaattiheptahydraatti-cas-10034-99-8\/\",\"url\":\"https:\/\/masterchem.ee\/fi\/tooted-ja-teenused\/magnesiumsulfaattiheptahydraatti-cas-10034-99-8\/\",\"name\":\"Magnesiumsulfaattiheptahydraatti (CAS 10034-99-8) - Chemistry For Industry - Solvents &amp; Chemicals - Masterchem.ee\",\"isPartOf\":{\"@id\":\"https:\/\/masterchem.ee\/fi\/#website\"},\"primaryImageOfPage\":{\"@id\":\"https:\/\/masterchem.ee\/fi\/tooted-ja-teenused\/magnesiumsulfaattiheptahydraatti-cas-10034-99-8\/#primaryimage\"},\"image\":{\"@id\":\"https:\/\/masterchem.ee\/fi\/tooted-ja-teenused\/magnesiumsulfaattiheptahydraatti-cas-10034-99-8\/#primaryimage\"},\"thumbnailUrl\":\"https:\/\/masterchem.ee\/wp-content\/uploads\/2021\/09\/Magneesiumsulfaat-25kg-MasterChem-2.jpg\",\"datePublished\":\"2021-09-22T12:46:07+00:00\",\"dateModified\":\"2021-09-22T12:54:29+00:00\",\"description\":\"Magnesiumsulfaatti on kemiallinen yhdiste, joka sis\u00e4lt\u00e4\u00e4 magnesiumia, rikki\u00e4 ja happea.\",\"breadcrumb\":{\"@id\":\"https:\/\/masterchem.ee\/fi\/tooted-ja-teenused\/magnesiumsulfaattiheptahydraatti-cas-10034-99-8\/#breadcrumb\"},\"inLanguage\":\"fi\",\"potentialAction\":[{\"@type\":\"ReadAction\",\"target\":[\"https:\/\/masterchem.ee\/fi\/tooted-ja-teenused\/magnesiumsulfaattiheptahydraatti-cas-10034-99-8\/\"]}]},{\"@type\":\"ImageObject\",\"inLanguage\":\"fi\",\"@id\":\"https:\/\/masterchem.ee\/fi\/tooted-ja-teenused\/magnesiumsulfaattiheptahydraatti-cas-10034-99-8\/#primaryimage\",\"url\":\"https:\/\/masterchem.ee\/wp-content\/uploads\/2021\/09\/Magneesiumsulfaat-25kg-MasterChem-2.jpg\",\"contentUrl\":\"https:\/\/masterchem.ee\/wp-content\/uploads\/2021\/09\/Magneesiumsulfaat-25kg-MasterChem-2.jpg\",\"width\":1000,\"height\":1000,\"caption\":\"Magnesiumsulfaattiheptahydraatti (CAS 10034-99-8) 25kg MasterChem\"},{\"@type\":\"BreadcrumbList\",\"@id\":\"https:\/\/masterchem.ee\/fi\/tooted-ja-teenused\/magnesiumsulfaattiheptahydraatti-cas-10034-99-8\/#breadcrumb\",\"itemListElement\":[{\"@type\":\"ListItem\",\"position\":1,\"name\":\"Home\",\"item\":\"https:\/\/masterchem.ee\/fi\/\"},{\"@type\":\"ListItem\",\"position\":2,\"name\":\"Tooted ja teenused\",\"item\":\"https:\/\/masterchem.ee\/tooted-ja-teenused\/\"},{\"@type\":\"ListItem\",\"position\":3,\"name\":\"Magnesiumsulfaattiheptahydraatti (CAS 10034-99-8)\"}]},{\"@type\":\"WebSite\",\"@id\":\"https:\/\/masterchem.ee\/fi\/#website\",\"url\":\"https:\/\/masterchem.ee\/fi\/\",\"name\":\"Masterchem.ee\",\"description\":\"Chemistry For Industry - Solvents &amp; Chemicals\",\"publisher\":{\"@id\":\"https:\/\/masterchem.ee\/fi\/#organization\"},\"potentialAction\":[{\"@type\":\"SearchAction\",\"target\":{\"@type\":\"EntryPoint\",\"urlTemplate\":\"https:\/\/masterchem.ee\/fi\/?s={search_term_string}\"},\"query-input\":{\"@type\":\"PropertyValueSpecification\",\"valueRequired\":true,\"valueName\":\"search_term_string\"}}],\"inLanguage\":\"fi\"},{\"@type\":\"Organization\",\"@id\":\"https:\/\/masterchem.ee\/fi\/#organization\",\"name\":\"Masterchem\",\"url\":\"https:\/\/masterchem.ee\/fi\/\",\"logo\":{\"@type\":\"ImageObject\",\"inLanguage\":\"fi\",\"@id\":\"https:\/\/masterchem.ee\/fi\/#\/schema\/logo\/image\/\",\"url\":\"https:\/\/masterchem.ee\/wp-content\/uploads\/2018\/02\/master-chem_final-1.png\",\"contentUrl\":\"https:\/\/masterchem.ee\/wp-content\/uploads\/2018\/02\/master-chem_final-1.png\",\"width\":850,\"height\":356,\"caption\":\"Masterchem\"},\"image\":{\"@id\":\"https:\/\/masterchem.ee\/fi\/#\/schema\/logo\/image\/\"}}]}<\/script>\n<!-- \/ Yoast SEO plugin. -->","yoast_head_json":{"title":"Magnesiumsulfaattiheptahydraatti (CAS 10034-99-8) - Chemistry For Industry - Solvents &amp; Chemicals - Masterchem.ee","description":"Magnesiumsulfaatti on kemiallinen yhdiste, joka sis\u00e4lt\u00e4\u00e4 magnesiumia, rikki\u00e4 ja happea.","robots":{"index":"index","follow":"follow","max-snippet":"max-snippet:-1","max-image-preview":"max-image-preview:large","max-video-preview":"max-video-preview:-1"},"canonical":"https:\/\/masterchem.ee\/fi\/tooted-ja-teenused\/magnesiumsulfaattiheptahydraatti-cas-10034-99-8\/","twitter_card":"summary_large_image","twitter_title":"Magnesiumsulfaattiheptahydraatti (CAS 10034-99-8) - Chemistry For Industry - Solvents &amp; Chemicals - Masterchem.ee","twitter_description":"Magnesiumsulfaatti on kemiallinen yhdiste, joka sis\u00e4lt\u00e4\u00e4 magnesiumia, rikki\u00e4 ja happea.","twitter_image":"https:\/\/masterchem.ee\/wp-content\/uploads\/2021\/09\/Magneesiumsulfaat-25kg-MasterChem-2.jpg","schema":{"@context":"https:\/\/schema.org","@graph":[{"@type":"WebPage","@id":"https:\/\/masterchem.ee\/fi\/tooted-ja-teenused\/magnesiumsulfaattiheptahydraatti-cas-10034-99-8\/","url":"https:\/\/masterchem.ee\/fi\/tooted-ja-teenused\/magnesiumsulfaattiheptahydraatti-cas-10034-99-8\/","name":"Magnesiumsulfaattiheptahydraatti (CAS 10034-99-8) - Chemistry For Industry - Solvents &amp; Chemicals - Masterchem.ee","isPartOf":{"@id":"https:\/\/masterchem.ee\/fi\/#website"},"primaryImageOfPage":{"@id":"https:\/\/masterchem.ee\/fi\/tooted-ja-teenused\/magnesiumsulfaattiheptahydraatti-cas-10034-99-8\/#primaryimage"},"image":{"@id":"https:\/\/masterchem.ee\/fi\/tooted-ja-teenused\/magnesiumsulfaattiheptahydraatti-cas-10034-99-8\/#primaryimage"},"thumbnailUrl":"https:\/\/masterchem.ee\/wp-content\/uploads\/2021\/09\/Magneesiumsulfaat-25kg-MasterChem-2.jpg","datePublished":"2021-09-22T12:46:07+00:00","dateModified":"2021-09-22T12:54:29+00:00","description":"Magnesiumsulfaatti on kemiallinen yhdiste, joka sis\u00e4lt\u00e4\u00e4 magnesiumia, rikki\u00e4 ja happea.","breadcrumb":{"@id":"https:\/\/masterchem.ee\/fi\/tooted-ja-teenused\/magnesiumsulfaattiheptahydraatti-cas-10034-99-8\/#breadcrumb"},"inLanguage":"fi","potentialAction":[{"@type":"ReadAction","target":["https:\/\/masterchem.ee\/fi\/tooted-ja-teenused\/magnesiumsulfaattiheptahydraatti-cas-10034-99-8\/"]}]},{"@type":"ImageObject","inLanguage":"fi","@id":"https:\/\/masterchem.ee\/fi\/tooted-ja-teenused\/magnesiumsulfaattiheptahydraatti-cas-10034-99-8\/#primaryimage","url":"https:\/\/masterchem.ee\/wp-content\/uploads\/2021\/09\/Magneesiumsulfaat-25kg-MasterChem-2.jpg","contentUrl":"https:\/\/masterchem.ee\/wp-content\/uploads\/2021\/09\/Magneesiumsulfaat-25kg-MasterChem-2.jpg","width":1000,"height":1000,"caption":"Magnesiumsulfaattiheptahydraatti (CAS 10034-99-8) 25kg MasterChem"},{"@type":"BreadcrumbList","@id":"https:\/\/masterchem.ee\/fi\/tooted-ja-teenused\/magnesiumsulfaattiheptahydraatti-cas-10034-99-8\/#breadcrumb","itemListElement":[{"@type":"ListItem","position":1,"name":"Home","item":"https:\/\/masterchem.ee\/fi\/"},{"@type":"ListItem","position":2,"name":"Tooted ja teenused","item":"https:\/\/masterchem.ee\/tooted-ja-teenused\/"},{"@type":"ListItem","position":3,"name":"Magnesiumsulfaattiheptahydraatti (CAS 10034-99-8)"}]},{"@type":"WebSite","@id":"https:\/\/masterchem.ee\/fi\/#website","url":"https:\/\/masterchem.ee\/fi\/","name":"Masterchem.ee","description":"Chemistry For Industry - Solvents &amp; Chemicals","publisher":{"@id":"https:\/\/masterchem.ee\/fi\/#organization"},"potentialAction":[{"@type":"SearchAction","target":{"@type":"EntryPoint","urlTemplate":"https:\/\/masterchem.ee\/fi\/?s={search_term_string}"},"query-input":{"@type":"PropertyValueSpecification","valueRequired":true,"valueName":"search_term_string"}}],"inLanguage":"fi"},{"@type":"Organization","@id":"https:\/\/masterchem.ee\/fi\/#organization","name":"Masterchem","url":"https:\/\/masterchem.ee\/fi\/","logo":{"@type":"ImageObject","inLanguage":"fi","@id":"https:\/\/masterchem.ee\/fi\/#\/schema\/logo\/image\/","url":"https:\/\/masterchem.ee\/wp-content\/uploads\/2018\/02\/master-chem_final-1.png","contentUrl":"https:\/\/masterchem.ee\/wp-content\/uploads\/2018\/02\/master-chem_final-1.png","width":850,"height":356,"caption":"Masterchem"},"image":{"@id":"https:\/\/masterchem.ee\/fi\/#\/schema\/logo\/image\/"}}]}},"_links":{"self":[{"href":"https:\/\/masterchem.ee\/fi\/wp-json\/wp\/v2\/product\/14608","targetHints":{"allow":["GET"]}}],"collection":[{"href":"https:\/\/masterchem.ee\/fi\/wp-json\/wp\/v2\/product"}],"about":[{"href":"https:\/\/masterchem.ee\/fi\/wp-json\/wp\/v2\/types\/product"}],"wp:featuredmedia":[{"embeddable":true,"href":"https:\/\/masterchem.ee\/fi\/wp-json\/wp\/v2\/media\/14614"}],"wp:attachment":[{"href":"https:\/\/masterchem.ee\/fi\/wp-json\/wp\/v2\/media?parent=14608"}],"wp:term":[{"taxonomy":"product_brand","embeddable":true,"href":"https:\/\/masterchem.ee\/fi\/wp-json\/wp\/v2\/product_brand?post=14608"},{"taxonomy":"product_cat","embeddable":true,"href":"https:\/\/masterchem.ee\/fi\/wp-json\/wp\/v2\/product_cat?post=14608"},{"taxonomy":"product_tag","embeddable":true,"href":"https:\/\/masterchem.ee\/fi\/wp-json\/wp\/v2\/product_tag?post=14608"}],"curies":[{"name":"wp","href":"https:\/\/api.w.org\/{rel}","templated":true}]}}