{"id":14577,"date":"2021-09-22T11:56:42","date_gmt":"2021-09-22T11:56:44","guid":{"rendered":"https:\/\/masterchem.ee\/?post_type=product&#038;p=14577"},"modified":"2021-09-22T12:05:00","modified_gmt":"2021-09-22T12:05:00","slug":"vedeton-magnesiumsulfaatti-cas-7487-88-9","status":"publish","type":"product","link":"https:\/\/masterchem.ee\/fi\/tooted-ja-teenused\/vedeton-magnesiumsulfaatti-cas-7487-88-9\/","title":{"rendered":"Vedet\u00f6n magnesiumsulfaatti (CAS 7487-88-9)"},"content":{"rendered":"<p> <strong> Info<\/strong> <\/p>\n<p> Toimialat: maalit ja lakat, l\u00e4\u00e4keteollisuus, rehuteollisuus, rakennuskemia <br \/>\nCAS-numero: 7487-88-9 <br \/>\nWE-numero: 231-298-2 <br \/>\nKemiallinen kaava: MgSO4 <br \/>\nMoolimassa: 120,37 g \/mol <br \/>\nTullitariffi: 28332100 <\/p>\n<p> <strong> Muut fyysiset ominaisuudet <\/strong> <\/p>\n<p> pH: ~ 9 (25 \u00b0 C) <br \/>\nSulamis- \/ j\u00e4\u00e4tymispiste: 1130 \u00b0 C <br \/>\nSuhteellinen tiheys: 2,7 g \/cm3 (20 \u00b0 C) <br \/>\nLiukoisuus veteen: 342 g\/l (20 \u00b0 C) <\/p>\n","protected":false},"excerpt":{"rendered":"<p> <strong>Vedet\u00f6n magnesiumsulfaatti (CAS 7487-88-9)<\/strong> <\/p>\n<p>Magnesiumsulfaatti on kemiallinen yhdiste, joka sis\u00e4lt\u00e4\u00e4 magnesiumia, rikki\u00e4 ja happea. Sen kemiallinen kaava on MgSO4. Yleiskieliselt\u00e4 nimelt\u00e4\u00e4n se on karvassuola tai katkerosuola. Anglismina k\u00e4ytet\u00e4\u00e4n my\u00f6s nime\u00e4 Epsomsuola.<\/p>\n<p>Magnesiumsulfaattia on yleisimmin k\u00e4ytetty kuluttajatuotteissa kylpysuolassa ja el\u00e4inten, joskus ihmistenkin laksatiivina.<\/p>\n<p>Maanviljelyss\u00e4 ja puutarhanhoidossa sit\u00e4 k\u00e4ytet\u00e4\u00e4n kasvien kasvulle v\u00e4ltt\u00e4m\u00e4tt\u00f6m\u00e4n\u00e4 magnesiumin l\u00e4hteen\u00e4.<\/p>\n<p>Magnesiumsulfaatti sitoo kiteisess\u00e4 muodossa ilmasta kosteutta, ja sit\u00e4 k\u00e4ytet\u00e4\u00e4n kemiallisissa synteeseiss\u00e4 ja tuotepakkauksissa kosteuden poistoon.<\/p>\n","protected":false},"featured_media":14583,"template":"","meta":[],"product_brand":[],"product_cat":[180,120,286,114,290],"product_tag":[],"class_list":{"0":"post-14577","1":"product","2":"type-product","3":"status-publish","4":"has-post-thumbnail","6":"product_cat-uncategorized-fi-2","7":"product_cat-laaketeollisuus","8":"product_cat-maalit-ja-lakat","9":"product_cat-rakennusteollisuus","10":"product_cat-rehuteollisuus","12":"first","13":"instock","14":"taxable","15":"shipping-taxable","16":"purchasable","17":"product-type-variable","18":"has-default-attributes"},"yoast_head":"<!-- This site is optimized with the Yoast SEO plugin v26.2 - https:\/\/yoast.com\/wordpress\/plugins\/seo\/ -->\n<title>Vedet\u00f6n magnesiumsulfaatti (CAS 7487-88-9) - Chemistry For Industry - Solvents &amp; Chemicals - Masterchem.ee<\/title>\n<meta name=\"description\" content=\"Magnesiumsulfaatti on kemiallinen yhdiste, joka sis\u00e4lt\u00e4\u00e4 magnesiumia, rikki\u00e4 ja happea.\" \/>\n<meta name=\"robots\" content=\"index, follow, max-snippet:-1, max-image-preview:large, max-video-preview:-1\" \/>\n<link rel=\"canonical\" href=\"https:\/\/masterchem.ee\/fi\/tooted-ja-teenused\/vedeton-magnesiumsulfaatti-cas-7487-88-9\/\" \/>\n<meta name=\"twitter:card\" content=\"summary_large_image\" \/>\n<meta name=\"twitter:title\" content=\"Vedet\u00f6n magnesiumsulfaatti (CAS 7487-88-9) - Chemistry For Industry - Solvents &amp; Chemicals - Masterchem.ee\" \/>\n<meta name=\"twitter:description\" content=\"Magnesiumsulfaatti on kemiallinen yhdiste, joka sis\u00e4lt\u00e4\u00e4 magnesiumia, rikki\u00e4 ja happea.\" \/>\n<meta name=\"twitter:image\" content=\"https:\/\/masterchem.ee\/wp-content\/uploads\/2021\/09\/Magneesiumsulfaat-25kg-MasterChem.jpg\" \/>\n<script type=\"application\/ld+json\" class=\"yoast-schema-graph\">{\"@context\":\"https:\/\/schema.org\",\"@graph\":[{\"@type\":\"WebPage\",\"@id\":\"https:\/\/masterchem.ee\/fi\/tooted-ja-teenused\/vedeton-magnesiumsulfaatti-cas-7487-88-9\/\",\"url\":\"https:\/\/masterchem.ee\/fi\/tooted-ja-teenused\/vedeton-magnesiumsulfaatti-cas-7487-88-9\/\",\"name\":\"Vedet\u00f6n magnesiumsulfaatti (CAS 7487-88-9) - Chemistry For Industry - Solvents &amp; Chemicals - Masterchem.ee\",\"isPartOf\":{\"@id\":\"https:\/\/masterchem.ee\/fi\/#website\"},\"primaryImageOfPage\":{\"@id\":\"https:\/\/masterchem.ee\/fi\/tooted-ja-teenused\/vedeton-magnesiumsulfaatti-cas-7487-88-9\/#primaryimage\"},\"image\":{\"@id\":\"https:\/\/masterchem.ee\/fi\/tooted-ja-teenused\/vedeton-magnesiumsulfaatti-cas-7487-88-9\/#primaryimage\"},\"thumbnailUrl\":\"https:\/\/masterchem.ee\/wp-content\/uploads\/2021\/09\/Magneesiumsulfaat-25kg-MasterChem.jpg\",\"datePublished\":\"2021-09-22T11:56:44+00:00\",\"dateModified\":\"2021-09-22T12:05:00+00:00\",\"description\":\"Magnesiumsulfaatti on kemiallinen yhdiste, joka sis\u00e4lt\u00e4\u00e4 magnesiumia, rikki\u00e4 ja happea.\",\"breadcrumb\":{\"@id\":\"https:\/\/masterchem.ee\/fi\/tooted-ja-teenused\/vedeton-magnesiumsulfaatti-cas-7487-88-9\/#breadcrumb\"},\"inLanguage\":\"fi\",\"potentialAction\":[{\"@type\":\"ReadAction\",\"target\":[\"https:\/\/masterchem.ee\/fi\/tooted-ja-teenused\/vedeton-magnesiumsulfaatti-cas-7487-88-9\/\"]}]},{\"@type\":\"ImageObject\",\"inLanguage\":\"fi\",\"@id\":\"https:\/\/masterchem.ee\/fi\/tooted-ja-teenused\/vedeton-magnesiumsulfaatti-cas-7487-88-9\/#primaryimage\",\"url\":\"https:\/\/masterchem.ee\/wp-content\/uploads\/2021\/09\/Magneesiumsulfaat-25kg-MasterChem.jpg\",\"contentUrl\":\"https:\/\/masterchem.ee\/wp-content\/uploads\/2021\/09\/Magneesiumsulfaat-25kg-MasterChem.jpg\",\"width\":1000,\"height\":1000,\"caption\":\"Vedet\u00f6n magnesiumsulfaatti (CAS 7487-88-9) 25kg MasterChem\"},{\"@type\":\"BreadcrumbList\",\"@id\":\"https:\/\/masterchem.ee\/fi\/tooted-ja-teenused\/vedeton-magnesiumsulfaatti-cas-7487-88-9\/#breadcrumb\",\"itemListElement\":[{\"@type\":\"ListItem\",\"position\":1,\"name\":\"Home\",\"item\":\"https:\/\/masterchem.ee\/fi\/\"},{\"@type\":\"ListItem\",\"position\":2,\"name\":\"Tooted ja teenused\",\"item\":\"https:\/\/masterchem.ee\/tooted-ja-teenused\/\"},{\"@type\":\"ListItem\",\"position\":3,\"name\":\"Vedet\u00f6n magnesiumsulfaatti (CAS 7487-88-9)\"}]},{\"@type\":\"WebSite\",\"@id\":\"https:\/\/masterchem.ee\/fi\/#website\",\"url\":\"https:\/\/masterchem.ee\/fi\/\",\"name\":\"Masterchem.ee\",\"description\":\"Chemistry For Industry - Solvents &amp; Chemicals\",\"publisher\":{\"@id\":\"https:\/\/masterchem.ee\/fi\/#organization\"},\"potentialAction\":[{\"@type\":\"SearchAction\",\"target\":{\"@type\":\"EntryPoint\",\"urlTemplate\":\"https:\/\/masterchem.ee\/fi\/?s={search_term_string}\"},\"query-input\":{\"@type\":\"PropertyValueSpecification\",\"valueRequired\":true,\"valueName\":\"search_term_string\"}}],\"inLanguage\":\"fi\"},{\"@type\":\"Organization\",\"@id\":\"https:\/\/masterchem.ee\/fi\/#organization\",\"name\":\"Masterchem\",\"url\":\"https:\/\/masterchem.ee\/fi\/\",\"logo\":{\"@type\":\"ImageObject\",\"inLanguage\":\"fi\",\"@id\":\"https:\/\/masterchem.ee\/fi\/#\/schema\/logo\/image\/\",\"url\":\"https:\/\/masterchem.ee\/wp-content\/uploads\/2018\/02\/master-chem_final-1.png\",\"contentUrl\":\"https:\/\/masterchem.ee\/wp-content\/uploads\/2018\/02\/master-chem_final-1.png\",\"width\":850,\"height\":356,\"caption\":\"Masterchem\"},\"image\":{\"@id\":\"https:\/\/masterchem.ee\/fi\/#\/schema\/logo\/image\/\"}}]}<\/script>\n<!-- \/ Yoast SEO plugin. -->","yoast_head_json":{"title":"Vedet\u00f6n magnesiumsulfaatti (CAS 7487-88-9) - Chemistry For Industry - Solvents &amp; Chemicals - Masterchem.ee","description":"Magnesiumsulfaatti on kemiallinen yhdiste, joka sis\u00e4lt\u00e4\u00e4 magnesiumia, rikki\u00e4 ja happea.","robots":{"index":"index","follow":"follow","max-snippet":"max-snippet:-1","max-image-preview":"max-image-preview:large","max-video-preview":"max-video-preview:-1"},"canonical":"https:\/\/masterchem.ee\/fi\/tooted-ja-teenused\/vedeton-magnesiumsulfaatti-cas-7487-88-9\/","twitter_card":"summary_large_image","twitter_title":"Vedet\u00f6n magnesiumsulfaatti (CAS 7487-88-9) - Chemistry For Industry - Solvents &amp; Chemicals - Masterchem.ee","twitter_description":"Magnesiumsulfaatti on kemiallinen yhdiste, joka sis\u00e4lt\u00e4\u00e4 magnesiumia, rikki\u00e4 ja happea.","twitter_image":"https:\/\/masterchem.ee\/wp-content\/uploads\/2021\/09\/Magneesiumsulfaat-25kg-MasterChem.jpg","schema":{"@context":"https:\/\/schema.org","@graph":[{"@type":"WebPage","@id":"https:\/\/masterchem.ee\/fi\/tooted-ja-teenused\/vedeton-magnesiumsulfaatti-cas-7487-88-9\/","url":"https:\/\/masterchem.ee\/fi\/tooted-ja-teenused\/vedeton-magnesiumsulfaatti-cas-7487-88-9\/","name":"Vedet\u00f6n magnesiumsulfaatti (CAS 7487-88-9) - Chemistry For Industry - Solvents &amp; Chemicals - Masterchem.ee","isPartOf":{"@id":"https:\/\/masterchem.ee\/fi\/#website"},"primaryImageOfPage":{"@id":"https:\/\/masterchem.ee\/fi\/tooted-ja-teenused\/vedeton-magnesiumsulfaatti-cas-7487-88-9\/#primaryimage"},"image":{"@id":"https:\/\/masterchem.ee\/fi\/tooted-ja-teenused\/vedeton-magnesiumsulfaatti-cas-7487-88-9\/#primaryimage"},"thumbnailUrl":"https:\/\/masterchem.ee\/wp-content\/uploads\/2021\/09\/Magneesiumsulfaat-25kg-MasterChem.jpg","datePublished":"2021-09-22T11:56:44+00:00","dateModified":"2021-09-22T12:05:00+00:00","description":"Magnesiumsulfaatti on kemiallinen yhdiste, joka sis\u00e4lt\u00e4\u00e4 magnesiumia, rikki\u00e4 ja happea.","breadcrumb":{"@id":"https:\/\/masterchem.ee\/fi\/tooted-ja-teenused\/vedeton-magnesiumsulfaatti-cas-7487-88-9\/#breadcrumb"},"inLanguage":"fi","potentialAction":[{"@type":"ReadAction","target":["https:\/\/masterchem.ee\/fi\/tooted-ja-teenused\/vedeton-magnesiumsulfaatti-cas-7487-88-9\/"]}]},{"@type":"ImageObject","inLanguage":"fi","@id":"https:\/\/masterchem.ee\/fi\/tooted-ja-teenused\/vedeton-magnesiumsulfaatti-cas-7487-88-9\/#primaryimage","url":"https:\/\/masterchem.ee\/wp-content\/uploads\/2021\/09\/Magneesiumsulfaat-25kg-MasterChem.jpg","contentUrl":"https:\/\/masterchem.ee\/wp-content\/uploads\/2021\/09\/Magneesiumsulfaat-25kg-MasterChem.jpg","width":1000,"height":1000,"caption":"Vedet\u00f6n magnesiumsulfaatti (CAS 7487-88-9) 25kg MasterChem"},{"@type":"BreadcrumbList","@id":"https:\/\/masterchem.ee\/fi\/tooted-ja-teenused\/vedeton-magnesiumsulfaatti-cas-7487-88-9\/#breadcrumb","itemListElement":[{"@type":"ListItem","position":1,"name":"Home","item":"https:\/\/masterchem.ee\/fi\/"},{"@type":"ListItem","position":2,"name":"Tooted ja teenused","item":"https:\/\/masterchem.ee\/tooted-ja-teenused\/"},{"@type":"ListItem","position":3,"name":"Vedet\u00f6n magnesiumsulfaatti (CAS 7487-88-9)"}]},{"@type":"WebSite","@id":"https:\/\/masterchem.ee\/fi\/#website","url":"https:\/\/masterchem.ee\/fi\/","name":"Masterchem.ee","description":"Chemistry For Industry - Solvents &amp; Chemicals","publisher":{"@id":"https:\/\/masterchem.ee\/fi\/#organization"},"potentialAction":[{"@type":"SearchAction","target":{"@type":"EntryPoint","urlTemplate":"https:\/\/masterchem.ee\/fi\/?s={search_term_string}"},"query-input":{"@type":"PropertyValueSpecification","valueRequired":true,"valueName":"search_term_string"}}],"inLanguage":"fi"},{"@type":"Organization","@id":"https:\/\/masterchem.ee\/fi\/#organization","name":"Masterchem","url":"https:\/\/masterchem.ee\/fi\/","logo":{"@type":"ImageObject","inLanguage":"fi","@id":"https:\/\/masterchem.ee\/fi\/#\/schema\/logo\/image\/","url":"https:\/\/masterchem.ee\/wp-content\/uploads\/2018\/02\/master-chem_final-1.png","contentUrl":"https:\/\/masterchem.ee\/wp-content\/uploads\/2018\/02\/master-chem_final-1.png","width":850,"height":356,"caption":"Masterchem"},"image":{"@id":"https:\/\/masterchem.ee\/fi\/#\/schema\/logo\/image\/"}}]}},"_links":{"self":[{"href":"https:\/\/masterchem.ee\/fi\/wp-json\/wp\/v2\/product\/14577","targetHints":{"allow":["GET"]}}],"collection":[{"href":"https:\/\/masterchem.ee\/fi\/wp-json\/wp\/v2\/product"}],"about":[{"href":"https:\/\/masterchem.ee\/fi\/wp-json\/wp\/v2\/types\/product"}],"wp:featuredmedia":[{"embeddable":true,"href":"https:\/\/masterchem.ee\/fi\/wp-json\/wp\/v2\/media\/14583"}],"wp:attachment":[{"href":"https:\/\/masterchem.ee\/fi\/wp-json\/wp\/v2\/media?parent=14577"}],"wp:term":[{"taxonomy":"product_brand","embeddable":true,"href":"https:\/\/masterchem.ee\/fi\/wp-json\/wp\/v2\/product_brand?post=14577"},{"taxonomy":"product_cat","embeddable":true,"href":"https:\/\/masterchem.ee\/fi\/wp-json\/wp\/v2\/product_cat?post=14577"},{"taxonomy":"product_tag","embeddable":true,"href":"https:\/\/masterchem.ee\/fi\/wp-json\/wp\/v2\/product_tag?post=14577"}],"curies":[{"name":"wp","href":"https:\/\/api.w.org\/{rel}","templated":true}]}}