{"id":14562,"date":"2021-09-22T11:40:33","date_gmt":"2021-09-22T11:40:36","guid":{"rendered":"https:\/\/masterchem.ee\/?post_type=product&#038;p=14562"},"modified":"2021-09-22T11:47:57","modified_gmt":"2021-09-22T11:47:57","slug":"alumiinisulfaatti-cas-10043-01-3","status":"publish","type":"product","link":"https:\/\/masterchem.ee\/fi\/tooted-ja-teenused\/alumiinisulfaatti-cas-10043-01-3\/","title":{"rendered":"Alumiinisulfaatti (CAS 10043-01-3)"},"content":{"rendered":"<p> <strong> Info<\/strong> <\/p>\n<p> Toimialat: maalit ja lakat <br \/>\nCAS-numero: 10043-01-3 <br \/>\nWE-numero: 233-135-0 <br \/>\nKemiallinen kaava: Al2 (SO4) 3 (x14 H2O) <br \/>\nMoolimassa: 53,49 g \/mol <br \/>\nTullitariffi: 28332200 <\/p>\n<p> <strong> Muut fyysiset ominaisuudet <\/strong> <\/p>\n<p> pH: 3,5 (5 g \/100 ml; 20 \u00b0 C) <br \/>\nSulamis- \/ j\u00e4\u00e4tymispiste: 770 \u00b0 C <br \/>\nSuhteellinen tiheys: 1,50 &#8211; 1,70 g\/cm3 <\/p>\n","protected":false},"excerpt":{"rendered":"<p> <strong>Alumiinisulfaatti (CAS 10043-01-3)<\/strong> <\/p>\n<p>Alumiinisulfaattia k\u00e4ytet\u00e4\u00e4n vedenpuhdistuksessa saostusaineena. Sit\u00e4 on k\u00e4ytetty vedenk\u00e4sittelyss\u00e4 1900-luvun alkupuolelta l\u00e4htien ja viel\u00e4 nyky\u00e4\u00e4nkin se t\u00e4ytt\u00e4\u00e4 juomaveden valmistusta sek\u00e4 j\u00e4teveden k\u00e4sittely\u00e4 koskevat vaatimukset. Tosin sen kaikkia terveysvaikutuksia ei tunneta.<\/p>\n<p>Alumiinisulfaatti on veteen liukenevaa ja hydrolysoituu alumiinihydroksidiksi sek\u00e4 pH:sta riippuen useiksi ioneiksi kuten Al(OH)2+, Al(OH)2+ ja [Al(OH)4]-, jotka saostavat kolloidisista liuoksista partikkeleita. Alumiinihydroksidi muodostaa geelim\u00e4isen sakan, johon partikkelit tarttuvat. Sakka suodatetaan ja vesi saadaan n\u00e4in kirkastettua.<\/p>\n","protected":false},"featured_media":14568,"template":"","meta":[],"product_brand":[],"product_cat":[180,286],"product_tag":[],"class_list":{"0":"post-14562","1":"product","2":"type-product","3":"status-publish","4":"has-post-thumbnail","6":"product_cat-uncategorized-fi-2","7":"product_cat-maalit-ja-lakat","9":"first","10":"instock","11":"taxable","12":"shipping-taxable","13":"purchasable","14":"product-type-variable","15":"has-default-attributes"},"yoast_head":"<!-- This site is optimized with the Yoast SEO plugin v26.2 - https:\/\/yoast.com\/wordpress\/plugins\/seo\/ -->\n<title>Alumiinisulfaatti (CAS 10043-01-3) - Chemistry For Industry - Solvents &amp; Chemicals - Masterchem.ee<\/title>\n<meta name=\"description\" content=\"Alumiinisulfaattia k\u00e4ytet\u00e4\u00e4n vedenpuhdistuksessa saostusaineena. Sit\u00e4 on k\u00e4ytetty vedenk\u00e4sittelyss\u00e4 1900-luvun alkupuolelta l\u00e4htien ja viel\u00e4 nyky\u00e4\u00e4nkin se t\u00e4ytt\u00e4\u00e4 juomaveden valmistusta sek\u00e4 j\u00e4teveden k\u00e4sittely\u00e4 koskevat vaatimukset.\" \/>\n<meta name=\"robots\" content=\"index, follow, max-snippet:-1, max-image-preview:large, max-video-preview:-1\" \/>\n<link rel=\"canonical\" href=\"https:\/\/masterchem.ee\/fi\/tooted-ja-teenused\/alumiinisulfaatti-cas-10043-01-3\/\" \/>\n<meta name=\"twitter:card\" content=\"summary_large_image\" \/>\n<meta name=\"twitter:title\" content=\"Alumiinisulfaatti (CAS 10043-01-3) - Chemistry For Industry - Solvents &amp; Chemicals - Masterchem.ee\" \/>\n<meta name=\"twitter:description\" content=\"Alumiinisulfaattia k\u00e4ytet\u00e4\u00e4n vedenpuhdistuksessa saostusaineena. Sit\u00e4 on k\u00e4ytetty vedenk\u00e4sittelyss\u00e4 1900-luvun alkupuolelta l\u00e4htien ja viel\u00e4 nyky\u00e4\u00e4nkin se t\u00e4ytt\u00e4\u00e4 juomaveden valmistusta sek\u00e4 j\u00e4teveden k\u00e4sittely\u00e4 koskevat vaatimukset.\" \/>\n<meta name=\"twitter:image\" content=\"https:\/\/masterchem.ee\/wp-content\/uploads\/2021\/09\/Alumiinisulfaatti-25kg-MasterChem.jpg\" \/>\n<script type=\"application\/ld+json\" class=\"yoast-schema-graph\">{\"@context\":\"https:\/\/schema.org\",\"@graph\":[{\"@type\":\"WebPage\",\"@id\":\"https:\/\/masterchem.ee\/fi\/tooted-ja-teenused\/alumiinisulfaatti-cas-10043-01-3\/\",\"url\":\"https:\/\/masterchem.ee\/fi\/tooted-ja-teenused\/alumiinisulfaatti-cas-10043-01-3\/\",\"name\":\"Alumiinisulfaatti (CAS 10043-01-3) - Chemistry For Industry - Solvents &amp; Chemicals - Masterchem.ee\",\"isPartOf\":{\"@id\":\"https:\/\/masterchem.ee\/fi\/#website\"},\"primaryImageOfPage\":{\"@id\":\"https:\/\/masterchem.ee\/fi\/tooted-ja-teenused\/alumiinisulfaatti-cas-10043-01-3\/#primaryimage\"},\"image\":{\"@id\":\"https:\/\/masterchem.ee\/fi\/tooted-ja-teenused\/alumiinisulfaatti-cas-10043-01-3\/#primaryimage\"},\"thumbnailUrl\":\"https:\/\/masterchem.ee\/wp-content\/uploads\/2021\/09\/Alumiinisulfaatti-25kg-MasterChem.jpg\",\"datePublished\":\"2021-09-22T11:40:36+00:00\",\"dateModified\":\"2021-09-22T11:47:57+00:00\",\"description\":\"Alumiinisulfaattia k\u00e4ytet\u00e4\u00e4n vedenpuhdistuksessa saostusaineena. Sit\u00e4 on k\u00e4ytetty vedenk\u00e4sittelyss\u00e4 1900-luvun alkupuolelta l\u00e4htien ja viel\u00e4 nyky\u00e4\u00e4nkin se t\u00e4ytt\u00e4\u00e4 juomaveden valmistusta sek\u00e4 j\u00e4teveden k\u00e4sittely\u00e4 koskevat vaatimukset.\",\"breadcrumb\":{\"@id\":\"https:\/\/masterchem.ee\/fi\/tooted-ja-teenused\/alumiinisulfaatti-cas-10043-01-3\/#breadcrumb\"},\"inLanguage\":\"fi\",\"potentialAction\":[{\"@type\":\"ReadAction\",\"target\":[\"https:\/\/masterchem.ee\/fi\/tooted-ja-teenused\/alumiinisulfaatti-cas-10043-01-3\/\"]}]},{\"@type\":\"ImageObject\",\"inLanguage\":\"fi\",\"@id\":\"https:\/\/masterchem.ee\/fi\/tooted-ja-teenused\/alumiinisulfaatti-cas-10043-01-3\/#primaryimage\",\"url\":\"https:\/\/masterchem.ee\/wp-content\/uploads\/2021\/09\/Alumiinisulfaatti-25kg-MasterChem.jpg\",\"contentUrl\":\"https:\/\/masterchem.ee\/wp-content\/uploads\/2021\/09\/Alumiinisulfaatti-25kg-MasterChem.jpg\",\"width\":1000,\"height\":1000,\"caption\":\"Alumiinisulfaatti (CAS 10043-01-3) 25kg MasterChem\"},{\"@type\":\"BreadcrumbList\",\"@id\":\"https:\/\/masterchem.ee\/fi\/tooted-ja-teenused\/alumiinisulfaatti-cas-10043-01-3\/#breadcrumb\",\"itemListElement\":[{\"@type\":\"ListItem\",\"position\":1,\"name\":\"Home\",\"item\":\"https:\/\/masterchem.ee\/fi\/\"},{\"@type\":\"ListItem\",\"position\":2,\"name\":\"Tooted ja teenused\",\"item\":\"https:\/\/masterchem.ee\/tooted-ja-teenused\/\"},{\"@type\":\"ListItem\",\"position\":3,\"name\":\"Alumiinisulfaatti (CAS 10043-01-3)\"}]},{\"@type\":\"WebSite\",\"@id\":\"https:\/\/masterchem.ee\/fi\/#website\",\"url\":\"https:\/\/masterchem.ee\/fi\/\",\"name\":\"Masterchem.ee\",\"description\":\"Chemistry For Industry - Solvents &amp; Chemicals\",\"publisher\":{\"@id\":\"https:\/\/masterchem.ee\/fi\/#organization\"},\"potentialAction\":[{\"@type\":\"SearchAction\",\"target\":{\"@type\":\"EntryPoint\",\"urlTemplate\":\"https:\/\/masterchem.ee\/fi\/?s={search_term_string}\"},\"query-input\":{\"@type\":\"PropertyValueSpecification\",\"valueRequired\":true,\"valueName\":\"search_term_string\"}}],\"inLanguage\":\"fi\"},{\"@type\":\"Organization\",\"@id\":\"https:\/\/masterchem.ee\/fi\/#organization\",\"name\":\"Masterchem\",\"url\":\"https:\/\/masterchem.ee\/fi\/\",\"logo\":{\"@type\":\"ImageObject\",\"inLanguage\":\"fi\",\"@id\":\"https:\/\/masterchem.ee\/fi\/#\/schema\/logo\/image\/\",\"url\":\"https:\/\/masterchem.ee\/wp-content\/uploads\/2018\/02\/master-chem_final-1.png\",\"contentUrl\":\"https:\/\/masterchem.ee\/wp-content\/uploads\/2018\/02\/master-chem_final-1.png\",\"width\":850,\"height\":356,\"caption\":\"Masterchem\"},\"image\":{\"@id\":\"https:\/\/masterchem.ee\/fi\/#\/schema\/logo\/image\/\"}}]}<\/script>\n<!-- \/ Yoast SEO plugin. -->","yoast_head_json":{"title":"Alumiinisulfaatti (CAS 10043-01-3) - Chemistry For Industry - Solvents &amp; Chemicals - Masterchem.ee","description":"Alumiinisulfaattia k\u00e4ytet\u00e4\u00e4n vedenpuhdistuksessa saostusaineena. Sit\u00e4 on k\u00e4ytetty vedenk\u00e4sittelyss\u00e4 1900-luvun alkupuolelta l\u00e4htien ja viel\u00e4 nyky\u00e4\u00e4nkin se t\u00e4ytt\u00e4\u00e4 juomaveden valmistusta sek\u00e4 j\u00e4teveden k\u00e4sittely\u00e4 koskevat vaatimukset.","robots":{"index":"index","follow":"follow","max-snippet":"max-snippet:-1","max-image-preview":"max-image-preview:large","max-video-preview":"max-video-preview:-1"},"canonical":"https:\/\/masterchem.ee\/fi\/tooted-ja-teenused\/alumiinisulfaatti-cas-10043-01-3\/","twitter_card":"summary_large_image","twitter_title":"Alumiinisulfaatti (CAS 10043-01-3) - Chemistry For Industry - Solvents &amp; Chemicals - Masterchem.ee","twitter_description":"Alumiinisulfaattia k\u00e4ytet\u00e4\u00e4n vedenpuhdistuksessa saostusaineena. Sit\u00e4 on k\u00e4ytetty vedenk\u00e4sittelyss\u00e4 1900-luvun alkupuolelta l\u00e4htien ja viel\u00e4 nyky\u00e4\u00e4nkin se t\u00e4ytt\u00e4\u00e4 juomaveden valmistusta sek\u00e4 j\u00e4teveden k\u00e4sittely\u00e4 koskevat vaatimukset.","twitter_image":"https:\/\/masterchem.ee\/wp-content\/uploads\/2021\/09\/Alumiinisulfaatti-25kg-MasterChem.jpg","schema":{"@context":"https:\/\/schema.org","@graph":[{"@type":"WebPage","@id":"https:\/\/masterchem.ee\/fi\/tooted-ja-teenused\/alumiinisulfaatti-cas-10043-01-3\/","url":"https:\/\/masterchem.ee\/fi\/tooted-ja-teenused\/alumiinisulfaatti-cas-10043-01-3\/","name":"Alumiinisulfaatti (CAS 10043-01-3) - Chemistry For Industry - Solvents &amp; Chemicals - Masterchem.ee","isPartOf":{"@id":"https:\/\/masterchem.ee\/fi\/#website"},"primaryImageOfPage":{"@id":"https:\/\/masterchem.ee\/fi\/tooted-ja-teenused\/alumiinisulfaatti-cas-10043-01-3\/#primaryimage"},"image":{"@id":"https:\/\/masterchem.ee\/fi\/tooted-ja-teenused\/alumiinisulfaatti-cas-10043-01-3\/#primaryimage"},"thumbnailUrl":"https:\/\/masterchem.ee\/wp-content\/uploads\/2021\/09\/Alumiinisulfaatti-25kg-MasterChem.jpg","datePublished":"2021-09-22T11:40:36+00:00","dateModified":"2021-09-22T11:47:57+00:00","description":"Alumiinisulfaattia k\u00e4ytet\u00e4\u00e4n vedenpuhdistuksessa saostusaineena. Sit\u00e4 on k\u00e4ytetty vedenk\u00e4sittelyss\u00e4 1900-luvun alkupuolelta l\u00e4htien ja viel\u00e4 nyky\u00e4\u00e4nkin se t\u00e4ytt\u00e4\u00e4 juomaveden valmistusta sek\u00e4 j\u00e4teveden k\u00e4sittely\u00e4 koskevat vaatimukset.","breadcrumb":{"@id":"https:\/\/masterchem.ee\/fi\/tooted-ja-teenused\/alumiinisulfaatti-cas-10043-01-3\/#breadcrumb"},"inLanguage":"fi","potentialAction":[{"@type":"ReadAction","target":["https:\/\/masterchem.ee\/fi\/tooted-ja-teenused\/alumiinisulfaatti-cas-10043-01-3\/"]}]},{"@type":"ImageObject","inLanguage":"fi","@id":"https:\/\/masterchem.ee\/fi\/tooted-ja-teenused\/alumiinisulfaatti-cas-10043-01-3\/#primaryimage","url":"https:\/\/masterchem.ee\/wp-content\/uploads\/2021\/09\/Alumiinisulfaatti-25kg-MasterChem.jpg","contentUrl":"https:\/\/masterchem.ee\/wp-content\/uploads\/2021\/09\/Alumiinisulfaatti-25kg-MasterChem.jpg","width":1000,"height":1000,"caption":"Alumiinisulfaatti (CAS 10043-01-3) 25kg MasterChem"},{"@type":"BreadcrumbList","@id":"https:\/\/masterchem.ee\/fi\/tooted-ja-teenused\/alumiinisulfaatti-cas-10043-01-3\/#breadcrumb","itemListElement":[{"@type":"ListItem","position":1,"name":"Home","item":"https:\/\/masterchem.ee\/fi\/"},{"@type":"ListItem","position":2,"name":"Tooted ja teenused","item":"https:\/\/masterchem.ee\/tooted-ja-teenused\/"},{"@type":"ListItem","position":3,"name":"Alumiinisulfaatti (CAS 10043-01-3)"}]},{"@type":"WebSite","@id":"https:\/\/masterchem.ee\/fi\/#website","url":"https:\/\/masterchem.ee\/fi\/","name":"Masterchem.ee","description":"Chemistry For Industry - Solvents &amp; Chemicals","publisher":{"@id":"https:\/\/masterchem.ee\/fi\/#organization"},"potentialAction":[{"@type":"SearchAction","target":{"@type":"EntryPoint","urlTemplate":"https:\/\/masterchem.ee\/fi\/?s={search_term_string}"},"query-input":{"@type":"PropertyValueSpecification","valueRequired":true,"valueName":"search_term_string"}}],"inLanguage":"fi"},{"@type":"Organization","@id":"https:\/\/masterchem.ee\/fi\/#organization","name":"Masterchem","url":"https:\/\/masterchem.ee\/fi\/","logo":{"@type":"ImageObject","inLanguage":"fi","@id":"https:\/\/masterchem.ee\/fi\/#\/schema\/logo\/image\/","url":"https:\/\/masterchem.ee\/wp-content\/uploads\/2018\/02\/master-chem_final-1.png","contentUrl":"https:\/\/masterchem.ee\/wp-content\/uploads\/2018\/02\/master-chem_final-1.png","width":850,"height":356,"caption":"Masterchem"},"image":{"@id":"https:\/\/masterchem.ee\/fi\/#\/schema\/logo\/image\/"}}]}},"_links":{"self":[{"href":"https:\/\/masterchem.ee\/fi\/wp-json\/wp\/v2\/product\/14562","targetHints":{"allow":["GET"]}}],"collection":[{"href":"https:\/\/masterchem.ee\/fi\/wp-json\/wp\/v2\/product"}],"about":[{"href":"https:\/\/masterchem.ee\/fi\/wp-json\/wp\/v2\/types\/product"}],"wp:featuredmedia":[{"embeddable":true,"href":"https:\/\/masterchem.ee\/fi\/wp-json\/wp\/v2\/media\/14568"}],"wp:attachment":[{"href":"https:\/\/masterchem.ee\/fi\/wp-json\/wp\/v2\/media?parent=14562"}],"wp:term":[{"taxonomy":"product_brand","embeddable":true,"href":"https:\/\/masterchem.ee\/fi\/wp-json\/wp\/v2\/product_brand?post=14562"},{"taxonomy":"product_cat","embeddable":true,"href":"https:\/\/masterchem.ee\/fi\/wp-json\/wp\/v2\/product_cat?post=14562"},{"taxonomy":"product_tag","embeddable":true,"href":"https:\/\/masterchem.ee\/fi\/wp-json\/wp\/v2\/product_tag?post=14562"}],"curies":[{"name":"wp","href":"https:\/\/api.w.org\/{rel}","templated":true}]}}