{"id":14543,"date":"2021-09-20T17:39:54","date_gmt":"2021-09-20T17:39:57","guid":{"rendered":"https:\/\/masterchem.ee\/?post_type=product&#038;p=14543"},"modified":"2021-09-20T17:45:32","modified_gmt":"2021-09-20T17:45:32","slug":"bariumsulfaatti-cas-7727-43-7","status":"publish","type":"product","link":"https:\/\/masterchem.ee\/fi\/tooted-ja-teenused\/bariumsulfaatti-cas-7727-43-7\/","title":{"rendered":"Bariumsulfaatti (CAS 7727-43-7)"},"content":{"rendered":"<p> <strong> Info<\/strong> <\/p>\n<p> Toimialat: maalit ja lakat, A-Z-luettelo, l\u00e4\u00e4keteollisuus, hartsit, muovit, polyuretaanit <br \/>\nCAS-numero: 7727-43-7 <br \/>\nWE-numero: 231-784-4 <br \/>\nKemiallinen kaava: BaSO4 <br \/>\nMoolimassa: 233 g \/mol <br \/>\nTullitariffi: 28332700 <\/p>\n<p> <strong> Muut fyysiset ominaisuudet <\/strong> <\/p>\n<p> pH: 3,5 &#8211; 10,0 (100 g \/l H2O, 20 \u00b0 C) <br \/>\nSulamis- \/ j\u00e4\u00e4tymispiste: 888 \u00b0 C <br \/>\nSuhteellinen tiheys: 4,5 g \/cm3 (20 \u00b0 C) <br \/>\nLiukoisuus veteen: <0,01 g\/l (20 \u00b0 C) <\/p>\n","protected":false},"excerpt":{"rendered":"<p> <strong>Bariumsulfaatti (CAS 7727-43-7)<\/strong> <\/p>\n<p>Bariumsulfaatti on valkoinen kidem\u00e4inen yhdiste, jonka kaava on BaSO4. Se liukenee huonosti veteen. Sit\u00e4 k\u00e4ytet\u00e4\u00e4n pyrotekniikassa ja valkoisissa maaleissa. Yhdistett\u00e4 k\u00e4ytet\u00e4\u00e4n my\u00f6s tiheyden ja liukenemattomuuden vuoksi suoliston varjoaineena r\u00f6ntgenkuvauksissa. Vaikka bariumyhdisteet ovat tyypillisesti hyvin myrkyllisi\u00e4, ei bariumsulfaattia pidet\u00e4 myrkyllisen\u00e4. T\u00e4m\u00e4 johtuu bariumsulfaatin hyvin huonosta vesiliukoisuudesta.<\/p>\n<p>Bariumsulfaattia valmistetaan muista bariumsuoloista, kuten bariumkloridista k\u00e4sittelem\u00e4ll\u00e4 niit\u00e4 rikkihapolla.<\/p>\n","protected":false},"featured_media":14549,"template":"","meta":[],"product_brand":[],"product_cat":[180,120,286,258],"product_tag":[],"class_list":{"0":"post-14543","1":"product","2":"type-product","3":"status-publish","4":"has-post-thumbnail","6":"product_cat-uncategorized-fi-2","7":"product_cat-laaketeollisuus","8":"product_cat-maalit-ja-lakat","9":"product_cat-muovi-fi","11":"first","12":"instock","13":"taxable","14":"shipping-taxable","15":"purchasable","16":"product-type-variable","17":"has-default-attributes"},"yoast_head":"<!-- This site is optimized with the Yoast SEO plugin v26.2 - https:\/\/yoast.com\/wordpress\/plugins\/seo\/ -->\n<title>Bariumsulfaatti (CAS 7727-43-7) - Chemistry For Industry - Solvents &amp; Chemicals - Masterchem.ee<\/title>\n<meta name=\"description\" content=\"Bariumsulfaatti on valkoinen kidem\u00e4inen yhdiste, jonka kaava on BaSO4. Se liukenee huonosti veteen.\" \/>\n<meta name=\"robots\" content=\"index, follow, max-snippet:-1, max-image-preview:large, max-video-preview:-1\" \/>\n<link rel=\"canonical\" href=\"https:\/\/masterchem.ee\/fi\/tooted-ja-teenused\/bariumsulfaatti-cas-7727-43-7\/\" \/>\n<meta name=\"twitter:card\" content=\"summary_large_image\" \/>\n<meta name=\"twitter:title\" content=\"Bariumsulfaatti (CAS 7727-43-7) - Chemistry For Industry - Solvents &amp; Chemicals - Masterchem.ee\" \/>\n<meta name=\"twitter:description\" content=\"Bariumsulfaatti on valkoinen kidem\u00e4inen yhdiste, jonka kaava on BaSO4. Se liukenee huonosti veteen.\" \/>\n<meta name=\"twitter:image\" content=\"https:\/\/masterchem.ee\/wp-content\/uploads\/2021\/09\/Baariumsulfaat-25kg-MasterChem.jpg\" \/>\n<script type=\"application\/ld+json\" class=\"yoast-schema-graph\">{\"@context\":\"https:\/\/schema.org\",\"@graph\":[{\"@type\":\"WebPage\",\"@id\":\"https:\/\/masterchem.ee\/fi\/tooted-ja-teenused\/bariumsulfaatti-cas-7727-43-7\/\",\"url\":\"https:\/\/masterchem.ee\/fi\/tooted-ja-teenused\/bariumsulfaatti-cas-7727-43-7\/\",\"name\":\"Bariumsulfaatti (CAS 7727-43-7) - Chemistry For Industry - Solvents &amp; Chemicals - Masterchem.ee\",\"isPartOf\":{\"@id\":\"https:\/\/masterchem.ee\/fi\/#website\"},\"primaryImageOfPage\":{\"@id\":\"https:\/\/masterchem.ee\/fi\/tooted-ja-teenused\/bariumsulfaatti-cas-7727-43-7\/#primaryimage\"},\"image\":{\"@id\":\"https:\/\/masterchem.ee\/fi\/tooted-ja-teenused\/bariumsulfaatti-cas-7727-43-7\/#primaryimage\"},\"thumbnailUrl\":\"https:\/\/masterchem.ee\/wp-content\/uploads\/2021\/09\/Baariumsulfaat-25kg-MasterChem.jpg\",\"datePublished\":\"2021-09-20T17:39:57+00:00\",\"dateModified\":\"2021-09-20T17:45:32+00:00\",\"description\":\"Bariumsulfaatti on valkoinen kidem\u00e4inen yhdiste, jonka kaava on BaSO4. Se liukenee huonosti veteen.\",\"breadcrumb\":{\"@id\":\"https:\/\/masterchem.ee\/fi\/tooted-ja-teenused\/bariumsulfaatti-cas-7727-43-7\/#breadcrumb\"},\"inLanguage\":\"fi\",\"potentialAction\":[{\"@type\":\"ReadAction\",\"target\":[\"https:\/\/masterchem.ee\/fi\/tooted-ja-teenused\/bariumsulfaatti-cas-7727-43-7\/\"]}]},{\"@type\":\"ImageObject\",\"inLanguage\":\"fi\",\"@id\":\"https:\/\/masterchem.ee\/fi\/tooted-ja-teenused\/bariumsulfaatti-cas-7727-43-7\/#primaryimage\",\"url\":\"https:\/\/masterchem.ee\/wp-content\/uploads\/2021\/09\/Baariumsulfaat-25kg-MasterChem.jpg\",\"contentUrl\":\"https:\/\/masterchem.ee\/wp-content\/uploads\/2021\/09\/Baariumsulfaat-25kg-MasterChem.jpg\",\"width\":1000,\"height\":1000,\"caption\":\"Bariumsulfaatti (CAS 7727-43-7) 25kg MasterChem\"},{\"@type\":\"BreadcrumbList\",\"@id\":\"https:\/\/masterchem.ee\/fi\/tooted-ja-teenused\/bariumsulfaatti-cas-7727-43-7\/#breadcrumb\",\"itemListElement\":[{\"@type\":\"ListItem\",\"position\":1,\"name\":\"Home\",\"item\":\"https:\/\/masterchem.ee\/fi\/\"},{\"@type\":\"ListItem\",\"position\":2,\"name\":\"Tooted ja teenused\",\"item\":\"https:\/\/masterchem.ee\/tooted-ja-teenused\/\"},{\"@type\":\"ListItem\",\"position\":3,\"name\":\"Bariumsulfaatti (CAS 7727-43-7)\"}]},{\"@type\":\"WebSite\",\"@id\":\"https:\/\/masterchem.ee\/fi\/#website\",\"url\":\"https:\/\/masterchem.ee\/fi\/\",\"name\":\"Masterchem.ee\",\"description\":\"Chemistry For Industry - Solvents &amp; Chemicals\",\"publisher\":{\"@id\":\"https:\/\/masterchem.ee\/fi\/#organization\"},\"potentialAction\":[{\"@type\":\"SearchAction\",\"target\":{\"@type\":\"EntryPoint\",\"urlTemplate\":\"https:\/\/masterchem.ee\/fi\/?s={search_term_string}\"},\"query-input\":{\"@type\":\"PropertyValueSpecification\",\"valueRequired\":true,\"valueName\":\"search_term_string\"}}],\"inLanguage\":\"fi\"},{\"@type\":\"Organization\",\"@id\":\"https:\/\/masterchem.ee\/fi\/#organization\",\"name\":\"Masterchem\",\"url\":\"https:\/\/masterchem.ee\/fi\/\",\"logo\":{\"@type\":\"ImageObject\",\"inLanguage\":\"fi\",\"@id\":\"https:\/\/masterchem.ee\/fi\/#\/schema\/logo\/image\/\",\"url\":\"https:\/\/masterchem.ee\/wp-content\/uploads\/2018\/02\/master-chem_final-1.png\",\"contentUrl\":\"https:\/\/masterchem.ee\/wp-content\/uploads\/2018\/02\/master-chem_final-1.png\",\"width\":850,\"height\":356,\"caption\":\"Masterchem\"},\"image\":{\"@id\":\"https:\/\/masterchem.ee\/fi\/#\/schema\/logo\/image\/\"}}]}<\/script>\n<!-- \/ Yoast SEO plugin. -->","yoast_head_json":{"title":"Bariumsulfaatti (CAS 7727-43-7) - Chemistry For Industry - Solvents &amp; Chemicals - Masterchem.ee","description":"Bariumsulfaatti on valkoinen kidem\u00e4inen yhdiste, jonka kaava on BaSO4. Se liukenee huonosti veteen.","robots":{"index":"index","follow":"follow","max-snippet":"max-snippet:-1","max-image-preview":"max-image-preview:large","max-video-preview":"max-video-preview:-1"},"canonical":"https:\/\/masterchem.ee\/fi\/tooted-ja-teenused\/bariumsulfaatti-cas-7727-43-7\/","twitter_card":"summary_large_image","twitter_title":"Bariumsulfaatti (CAS 7727-43-7) - Chemistry For Industry - Solvents &amp; Chemicals - Masterchem.ee","twitter_description":"Bariumsulfaatti on valkoinen kidem\u00e4inen yhdiste, jonka kaava on BaSO4. Se liukenee huonosti veteen.","twitter_image":"https:\/\/masterchem.ee\/wp-content\/uploads\/2021\/09\/Baariumsulfaat-25kg-MasterChem.jpg","schema":{"@context":"https:\/\/schema.org","@graph":[{"@type":"WebPage","@id":"https:\/\/masterchem.ee\/fi\/tooted-ja-teenused\/bariumsulfaatti-cas-7727-43-7\/","url":"https:\/\/masterchem.ee\/fi\/tooted-ja-teenused\/bariumsulfaatti-cas-7727-43-7\/","name":"Bariumsulfaatti (CAS 7727-43-7) - Chemistry For Industry - Solvents &amp; Chemicals - Masterchem.ee","isPartOf":{"@id":"https:\/\/masterchem.ee\/fi\/#website"},"primaryImageOfPage":{"@id":"https:\/\/masterchem.ee\/fi\/tooted-ja-teenused\/bariumsulfaatti-cas-7727-43-7\/#primaryimage"},"image":{"@id":"https:\/\/masterchem.ee\/fi\/tooted-ja-teenused\/bariumsulfaatti-cas-7727-43-7\/#primaryimage"},"thumbnailUrl":"https:\/\/masterchem.ee\/wp-content\/uploads\/2021\/09\/Baariumsulfaat-25kg-MasterChem.jpg","datePublished":"2021-09-20T17:39:57+00:00","dateModified":"2021-09-20T17:45:32+00:00","description":"Bariumsulfaatti on valkoinen kidem\u00e4inen yhdiste, jonka kaava on BaSO4. Se liukenee huonosti veteen.","breadcrumb":{"@id":"https:\/\/masterchem.ee\/fi\/tooted-ja-teenused\/bariumsulfaatti-cas-7727-43-7\/#breadcrumb"},"inLanguage":"fi","potentialAction":[{"@type":"ReadAction","target":["https:\/\/masterchem.ee\/fi\/tooted-ja-teenused\/bariumsulfaatti-cas-7727-43-7\/"]}]},{"@type":"ImageObject","inLanguage":"fi","@id":"https:\/\/masterchem.ee\/fi\/tooted-ja-teenused\/bariumsulfaatti-cas-7727-43-7\/#primaryimage","url":"https:\/\/masterchem.ee\/wp-content\/uploads\/2021\/09\/Baariumsulfaat-25kg-MasterChem.jpg","contentUrl":"https:\/\/masterchem.ee\/wp-content\/uploads\/2021\/09\/Baariumsulfaat-25kg-MasterChem.jpg","width":1000,"height":1000,"caption":"Bariumsulfaatti (CAS 7727-43-7) 25kg MasterChem"},{"@type":"BreadcrumbList","@id":"https:\/\/masterchem.ee\/fi\/tooted-ja-teenused\/bariumsulfaatti-cas-7727-43-7\/#breadcrumb","itemListElement":[{"@type":"ListItem","position":1,"name":"Home","item":"https:\/\/masterchem.ee\/fi\/"},{"@type":"ListItem","position":2,"name":"Tooted ja teenused","item":"https:\/\/masterchem.ee\/tooted-ja-teenused\/"},{"@type":"ListItem","position":3,"name":"Bariumsulfaatti (CAS 7727-43-7)"}]},{"@type":"WebSite","@id":"https:\/\/masterchem.ee\/fi\/#website","url":"https:\/\/masterchem.ee\/fi\/","name":"Masterchem.ee","description":"Chemistry For Industry - Solvents &amp; Chemicals","publisher":{"@id":"https:\/\/masterchem.ee\/fi\/#organization"},"potentialAction":[{"@type":"SearchAction","target":{"@type":"EntryPoint","urlTemplate":"https:\/\/masterchem.ee\/fi\/?s={search_term_string}"},"query-input":{"@type":"PropertyValueSpecification","valueRequired":true,"valueName":"search_term_string"}}],"inLanguage":"fi"},{"@type":"Organization","@id":"https:\/\/masterchem.ee\/fi\/#organization","name":"Masterchem","url":"https:\/\/masterchem.ee\/fi\/","logo":{"@type":"ImageObject","inLanguage":"fi","@id":"https:\/\/masterchem.ee\/fi\/#\/schema\/logo\/image\/","url":"https:\/\/masterchem.ee\/wp-content\/uploads\/2018\/02\/master-chem_final-1.png","contentUrl":"https:\/\/masterchem.ee\/wp-content\/uploads\/2018\/02\/master-chem_final-1.png","width":850,"height":356,"caption":"Masterchem"},"image":{"@id":"https:\/\/masterchem.ee\/fi\/#\/schema\/logo\/image\/"}}]}},"_links":{"self":[{"href":"https:\/\/masterchem.ee\/fi\/wp-json\/wp\/v2\/product\/14543","targetHints":{"allow":["GET"]}}],"collection":[{"href":"https:\/\/masterchem.ee\/fi\/wp-json\/wp\/v2\/product"}],"about":[{"href":"https:\/\/masterchem.ee\/fi\/wp-json\/wp\/v2\/types\/product"}],"wp:featuredmedia":[{"embeddable":true,"href":"https:\/\/masterchem.ee\/fi\/wp-json\/wp\/v2\/media\/14549"}],"wp:attachment":[{"href":"https:\/\/masterchem.ee\/fi\/wp-json\/wp\/v2\/media?parent=14543"}],"wp:term":[{"taxonomy":"product_brand","embeddable":true,"href":"https:\/\/masterchem.ee\/fi\/wp-json\/wp\/v2\/product_brand?post=14543"},{"taxonomy":"product_cat","embeddable":true,"href":"https:\/\/masterchem.ee\/fi\/wp-json\/wp\/v2\/product_cat?post=14543"},{"taxonomy":"product_tag","embeddable":true,"href":"https:\/\/masterchem.ee\/fi\/wp-json\/wp\/v2\/product_tag?post=14543"}],"curies":[{"name":"wp","href":"https:\/\/api.w.org\/{rel}","templated":true}]}}