{"id":14528,"date":"2021-09-20T17:27:37","date_gmt":"2021-09-20T17:27:40","guid":{"rendered":"https:\/\/masterchem.ee\/?post_type=product&#038;p=14528"},"modified":"2021-09-20T17:34:12","modified_gmt":"2021-09-20T17:34:12","slug":"resorsinoli-cas-108-46-3","status":"publish","type":"product","link":"https:\/\/masterchem.ee\/fi\/tooted-ja-teenused\/resorsinoli-cas-108-46-3\/","title":{"rendered":"Resorsinoli (CAS 108-46-3)"},"content":{"rendered":"<p> <strong> Info<\/strong> <\/p>\n<p> T\u00f6\u00f6stusharud: v\u00e4rvid ja lakid, kosmeetikat\u00f6\u00f6stus, liimid, \u00f5lid, m\u00e4\u00e4rded, vaigud, plastid, pol\u00fcuretaanid <br \/>\nCASi number: 108-46-3 <br \/>\nWE number: 203-585-2 <br \/>\nIndeksinumber: 604-010-00-1 <br \/>\nKeemiline valem: C6H4 (OH) 2 <br \/>\nMolaarmass: 110,11 g \/mol <br \/>\nTollitariifikood: 29072100 <br \/>\nADR: UN2876 <\/p>\n<p> <strong> Muud f\u00fc\u00fcsilised omadused <\/strong> <\/p>\n<p> pH: 4,5 (10%) <br \/>\nSulamis- \/ k\u00fclmumistemperatuur: 110,0\u00baC <br \/>\nKeemistemperatuur \/ keemistemperatuur: 277,5\u00baC <br \/>\nSuhteline tihedus: 1278 g\/cm3 <\/p>\n","protected":false},"excerpt":{"rendered":"<p> <strong>Resorsinoli (CAS 108-46-3)<\/strong> <\/p>\n<p>Resorsinoli on orgaaninen yhdiste (fenyylialkoholi, dioli) muodostuen bentseenirenkaasta ja siihen liittyneest\u00e4 kahdesta alkoholiryhm\u00e4st\u00e4 (OH). Resorsinoli on huoneenl\u00e4mm\u00f6ss\u00e4 (20 \u00b0C) olomuodoltaan kiinte\u00e4\u00e4, valkoisia kiteit\u00e4, jotka muuttuvat vaaleanpunaisiksi ilman tai valon vaikutuksesta tai kosketuksesta raudan kanssa. Sen kemiallinen kaava on C6H6O2 ja rakennekaava on C6H4(OH)2. Resorsinolista k\u00e4ytet\u00e4\u00e4n my\u00f6s nimityksi\u00e4 1,3-bentseenidioli, m-bentseenidioli, 1,3-dihydroksibentseeni, m-dihydroksibentseeni, 3-hydroksifenoli, m-hydroksifenoli, m-hydrokinoni, resorsini ja resorsiini. Resorsinoli on bentseenidiolin isomeerinen muoto katekolin (1,2-bentseenidioli) ja hydrokinonin (1,4-bentseenidioli) kanssa.<\/p>\n<p>Resorsinolin moolimassa on 110,11 g\/mol, sulamispiste 110 \u00b0C, kiehumispiste 280 \u00b0C, suhteellinen tiheys 1,28 g\/cm3 (vesi = 1,0 g\/cm3), leimahduspiste 127 \u00b0C (c.c.), itsesyttymisl\u00e4mp\u00f6tila 607 \u00b0C sek\u00e4 CAS-numero 108-46-3. Resorsinoli liukenee veteen 140 g\/ 100 ml.<\/p>\n<p>Resorsinolia k\u00e4ytet\u00e4\u00e4n formaldehydin kanssa hartseissa, nahan parkitsemisessa, kumi\u00adkemikaalina, kosmetiikassa, l\u00e4\u00e4kevoiteissa, valokuvauksessa ja v\u00e4reiss\u00e4.<\/p>\n","protected":false},"featured_media":14534,"template":"","meta":[],"product_brand":[],"product_cat":[180,294,286,258],"product_tag":[],"class_list":{"0":"post-14528","1":"product","2":"type-product","3":"status-publish","4":"has-post-thumbnail","6":"product_cat-uncategorized-fi-2","7":"product_cat-kosmetiikkateollisuus","8":"product_cat-maalit-ja-lakat","9":"product_cat-muovi-fi","11":"first","12":"instock","13":"taxable","14":"shipping-taxable","15":"purchasable","16":"product-type-variable","17":"has-default-attributes"},"yoast_head":"<!-- This site is optimized with the Yoast SEO plugin v26.2 - https:\/\/yoast.com\/wordpress\/plugins\/seo\/ -->\n<title>Resorsinoli (CAS 108-46-3) - Chemistry For Industry - Solvents &amp; Chemicals - Masterchem.ee<\/title>\n<meta name=\"description\" content=\"Resorsinoli on orgaaninen yhdiste (fenyylialkoholi, dioli) muodostuen bentseenirenkaasta ja siihen liittyneest\u00e4 kahdesta alkoholiryhm\u00e4st\u00e4 (OH).\" \/>\n<meta name=\"robots\" content=\"index, follow, max-snippet:-1, max-image-preview:large, max-video-preview:-1\" \/>\n<link rel=\"canonical\" href=\"https:\/\/masterchem.ee\/fi\/tooted-ja-teenused\/resorsinoli-cas-108-46-3\/\" \/>\n<meta name=\"twitter:card\" content=\"summary_large_image\" \/>\n<meta name=\"twitter:title\" content=\"Resorsinoli (CAS 108-46-3) - Chemistry For Industry - Solvents &amp; Chemicals - Masterchem.ee\" \/>\n<meta name=\"twitter:description\" content=\"Resorsinoli on orgaaninen yhdiste (fenyylialkoholi, dioli) muodostuen bentseenirenkaasta ja siihen liittyneest\u00e4 kahdesta alkoholiryhm\u00e4st\u00e4 (OH).\" \/>\n<meta name=\"twitter:image\" content=\"https:\/\/masterchem.ee\/wp-content\/uploads\/2021\/09\/Resortsinool-25kg-MasterChem.jpg\" \/>\n<script type=\"application\/ld+json\" class=\"yoast-schema-graph\">{\"@context\":\"https:\/\/schema.org\",\"@graph\":[{\"@type\":\"WebPage\",\"@id\":\"https:\/\/masterchem.ee\/fi\/tooted-ja-teenused\/resorsinoli-cas-108-46-3\/\",\"url\":\"https:\/\/masterchem.ee\/fi\/tooted-ja-teenused\/resorsinoli-cas-108-46-3\/\",\"name\":\"Resorsinoli (CAS 108-46-3) - Chemistry For Industry - Solvents &amp; Chemicals - Masterchem.ee\",\"isPartOf\":{\"@id\":\"https:\/\/masterchem.ee\/fi\/#website\"},\"primaryImageOfPage\":{\"@id\":\"https:\/\/masterchem.ee\/fi\/tooted-ja-teenused\/resorsinoli-cas-108-46-3\/#primaryimage\"},\"image\":{\"@id\":\"https:\/\/masterchem.ee\/fi\/tooted-ja-teenused\/resorsinoli-cas-108-46-3\/#primaryimage\"},\"thumbnailUrl\":\"https:\/\/masterchem.ee\/wp-content\/uploads\/2021\/09\/Resortsinool-25kg-MasterChem.jpg\",\"datePublished\":\"2021-09-20T17:27:40+00:00\",\"dateModified\":\"2021-09-20T17:34:12+00:00\",\"description\":\"Resorsinoli on orgaaninen yhdiste (fenyylialkoholi, dioli) muodostuen bentseenirenkaasta ja siihen liittyneest\u00e4 kahdesta alkoholiryhm\u00e4st\u00e4 (OH).\",\"breadcrumb\":{\"@id\":\"https:\/\/masterchem.ee\/fi\/tooted-ja-teenused\/resorsinoli-cas-108-46-3\/#breadcrumb\"},\"inLanguage\":\"fi\",\"potentialAction\":[{\"@type\":\"ReadAction\",\"target\":[\"https:\/\/masterchem.ee\/fi\/tooted-ja-teenused\/resorsinoli-cas-108-46-3\/\"]}]},{\"@type\":\"ImageObject\",\"inLanguage\":\"fi\",\"@id\":\"https:\/\/masterchem.ee\/fi\/tooted-ja-teenused\/resorsinoli-cas-108-46-3\/#primaryimage\",\"url\":\"https:\/\/masterchem.ee\/wp-content\/uploads\/2021\/09\/Resortsinool-25kg-MasterChem.jpg\",\"contentUrl\":\"https:\/\/masterchem.ee\/wp-content\/uploads\/2021\/09\/Resortsinool-25kg-MasterChem.jpg\",\"width\":1000,\"height\":1000,\"caption\":\"Resorsinoli (CAS 108-46-3) 25kg MasterChem\"},{\"@type\":\"BreadcrumbList\",\"@id\":\"https:\/\/masterchem.ee\/fi\/tooted-ja-teenused\/resorsinoli-cas-108-46-3\/#breadcrumb\",\"itemListElement\":[{\"@type\":\"ListItem\",\"position\":1,\"name\":\"Home\",\"item\":\"https:\/\/masterchem.ee\/fi\/\"},{\"@type\":\"ListItem\",\"position\":2,\"name\":\"Tooted ja teenused\",\"item\":\"https:\/\/masterchem.ee\/tooted-ja-teenused\/\"},{\"@type\":\"ListItem\",\"position\":3,\"name\":\"Resorsinoli (CAS 108-46-3)\"}]},{\"@type\":\"WebSite\",\"@id\":\"https:\/\/masterchem.ee\/fi\/#website\",\"url\":\"https:\/\/masterchem.ee\/fi\/\",\"name\":\"Masterchem.ee\",\"description\":\"Chemistry For Industry - Solvents &amp; Chemicals\",\"publisher\":{\"@id\":\"https:\/\/masterchem.ee\/fi\/#organization\"},\"potentialAction\":[{\"@type\":\"SearchAction\",\"target\":{\"@type\":\"EntryPoint\",\"urlTemplate\":\"https:\/\/masterchem.ee\/fi\/?s={search_term_string}\"},\"query-input\":{\"@type\":\"PropertyValueSpecification\",\"valueRequired\":true,\"valueName\":\"search_term_string\"}}],\"inLanguage\":\"fi\"},{\"@type\":\"Organization\",\"@id\":\"https:\/\/masterchem.ee\/fi\/#organization\",\"name\":\"Masterchem\",\"url\":\"https:\/\/masterchem.ee\/fi\/\",\"logo\":{\"@type\":\"ImageObject\",\"inLanguage\":\"fi\",\"@id\":\"https:\/\/masterchem.ee\/fi\/#\/schema\/logo\/image\/\",\"url\":\"https:\/\/masterchem.ee\/wp-content\/uploads\/2018\/02\/master-chem_final-1.png\",\"contentUrl\":\"https:\/\/masterchem.ee\/wp-content\/uploads\/2018\/02\/master-chem_final-1.png\",\"width\":850,\"height\":356,\"caption\":\"Masterchem\"},\"image\":{\"@id\":\"https:\/\/masterchem.ee\/fi\/#\/schema\/logo\/image\/\"}}]}<\/script>\n<!-- \/ Yoast SEO plugin. -->","yoast_head_json":{"title":"Resorsinoli (CAS 108-46-3) - Chemistry For Industry - Solvents &amp; Chemicals - Masterchem.ee","description":"Resorsinoli on orgaaninen yhdiste (fenyylialkoholi, dioli) muodostuen bentseenirenkaasta ja siihen liittyneest\u00e4 kahdesta alkoholiryhm\u00e4st\u00e4 (OH).","robots":{"index":"index","follow":"follow","max-snippet":"max-snippet:-1","max-image-preview":"max-image-preview:large","max-video-preview":"max-video-preview:-1"},"canonical":"https:\/\/masterchem.ee\/fi\/tooted-ja-teenused\/resorsinoli-cas-108-46-3\/","twitter_card":"summary_large_image","twitter_title":"Resorsinoli (CAS 108-46-3) - Chemistry For Industry - Solvents &amp; Chemicals - Masterchem.ee","twitter_description":"Resorsinoli on orgaaninen yhdiste (fenyylialkoholi, dioli) muodostuen bentseenirenkaasta ja siihen liittyneest\u00e4 kahdesta alkoholiryhm\u00e4st\u00e4 (OH).","twitter_image":"https:\/\/masterchem.ee\/wp-content\/uploads\/2021\/09\/Resortsinool-25kg-MasterChem.jpg","schema":{"@context":"https:\/\/schema.org","@graph":[{"@type":"WebPage","@id":"https:\/\/masterchem.ee\/fi\/tooted-ja-teenused\/resorsinoli-cas-108-46-3\/","url":"https:\/\/masterchem.ee\/fi\/tooted-ja-teenused\/resorsinoli-cas-108-46-3\/","name":"Resorsinoli (CAS 108-46-3) - Chemistry For Industry - Solvents &amp; Chemicals - Masterchem.ee","isPartOf":{"@id":"https:\/\/masterchem.ee\/fi\/#website"},"primaryImageOfPage":{"@id":"https:\/\/masterchem.ee\/fi\/tooted-ja-teenused\/resorsinoli-cas-108-46-3\/#primaryimage"},"image":{"@id":"https:\/\/masterchem.ee\/fi\/tooted-ja-teenused\/resorsinoli-cas-108-46-3\/#primaryimage"},"thumbnailUrl":"https:\/\/masterchem.ee\/wp-content\/uploads\/2021\/09\/Resortsinool-25kg-MasterChem.jpg","datePublished":"2021-09-20T17:27:40+00:00","dateModified":"2021-09-20T17:34:12+00:00","description":"Resorsinoli on orgaaninen yhdiste (fenyylialkoholi, dioli) muodostuen bentseenirenkaasta ja siihen liittyneest\u00e4 kahdesta alkoholiryhm\u00e4st\u00e4 (OH).","breadcrumb":{"@id":"https:\/\/masterchem.ee\/fi\/tooted-ja-teenused\/resorsinoli-cas-108-46-3\/#breadcrumb"},"inLanguage":"fi","potentialAction":[{"@type":"ReadAction","target":["https:\/\/masterchem.ee\/fi\/tooted-ja-teenused\/resorsinoli-cas-108-46-3\/"]}]},{"@type":"ImageObject","inLanguage":"fi","@id":"https:\/\/masterchem.ee\/fi\/tooted-ja-teenused\/resorsinoli-cas-108-46-3\/#primaryimage","url":"https:\/\/masterchem.ee\/wp-content\/uploads\/2021\/09\/Resortsinool-25kg-MasterChem.jpg","contentUrl":"https:\/\/masterchem.ee\/wp-content\/uploads\/2021\/09\/Resortsinool-25kg-MasterChem.jpg","width":1000,"height":1000,"caption":"Resorsinoli (CAS 108-46-3) 25kg MasterChem"},{"@type":"BreadcrumbList","@id":"https:\/\/masterchem.ee\/fi\/tooted-ja-teenused\/resorsinoli-cas-108-46-3\/#breadcrumb","itemListElement":[{"@type":"ListItem","position":1,"name":"Home","item":"https:\/\/masterchem.ee\/fi\/"},{"@type":"ListItem","position":2,"name":"Tooted ja teenused","item":"https:\/\/masterchem.ee\/tooted-ja-teenused\/"},{"@type":"ListItem","position":3,"name":"Resorsinoli (CAS 108-46-3)"}]},{"@type":"WebSite","@id":"https:\/\/masterchem.ee\/fi\/#website","url":"https:\/\/masterchem.ee\/fi\/","name":"Masterchem.ee","description":"Chemistry For Industry - Solvents &amp; Chemicals","publisher":{"@id":"https:\/\/masterchem.ee\/fi\/#organization"},"potentialAction":[{"@type":"SearchAction","target":{"@type":"EntryPoint","urlTemplate":"https:\/\/masterchem.ee\/fi\/?s={search_term_string}"},"query-input":{"@type":"PropertyValueSpecification","valueRequired":true,"valueName":"search_term_string"}}],"inLanguage":"fi"},{"@type":"Organization","@id":"https:\/\/masterchem.ee\/fi\/#organization","name":"Masterchem","url":"https:\/\/masterchem.ee\/fi\/","logo":{"@type":"ImageObject","inLanguage":"fi","@id":"https:\/\/masterchem.ee\/fi\/#\/schema\/logo\/image\/","url":"https:\/\/masterchem.ee\/wp-content\/uploads\/2018\/02\/master-chem_final-1.png","contentUrl":"https:\/\/masterchem.ee\/wp-content\/uploads\/2018\/02\/master-chem_final-1.png","width":850,"height":356,"caption":"Masterchem"},"image":{"@id":"https:\/\/masterchem.ee\/fi\/#\/schema\/logo\/image\/"}}]}},"_links":{"self":[{"href":"https:\/\/masterchem.ee\/fi\/wp-json\/wp\/v2\/product\/14528","targetHints":{"allow":["GET"]}}],"collection":[{"href":"https:\/\/masterchem.ee\/fi\/wp-json\/wp\/v2\/product"}],"about":[{"href":"https:\/\/masterchem.ee\/fi\/wp-json\/wp\/v2\/types\/product"}],"wp:featuredmedia":[{"embeddable":true,"href":"https:\/\/masterchem.ee\/fi\/wp-json\/wp\/v2\/media\/14534"}],"wp:attachment":[{"href":"https:\/\/masterchem.ee\/fi\/wp-json\/wp\/v2\/media?parent=14528"}],"wp:term":[{"taxonomy":"product_brand","embeddable":true,"href":"https:\/\/masterchem.ee\/fi\/wp-json\/wp\/v2\/product_brand?post=14528"},{"taxonomy":"product_cat","embeddable":true,"href":"https:\/\/masterchem.ee\/fi\/wp-json\/wp\/v2\/product_cat?post=14528"},{"taxonomy":"product_tag","embeddable":true,"href":"https:\/\/masterchem.ee\/fi\/wp-json\/wp\/v2\/product_tag?post=14528"}],"curies":[{"name":"wp","href":"https:\/\/api.w.org\/{rel}","templated":true}]}}