{"id":14512,"date":"2021-09-19T19:19:56","date_gmt":"2021-09-19T19:20:00","guid":{"rendered":"https:\/\/masterchem.ee\/?post_type=product&#038;p=14512"},"modified":"2021-09-19T19:27:28","modified_gmt":"2021-09-19T19:27:28","slug":"isobutyyliasetaatti-cas-110-19-0","status":"publish","type":"product","link":"https:\/\/masterchem.ee\/fi\/tooted-ja-teenused\/isobutyyliasetaatti-cas-110-19-0\/","title":{"rendered":"Isobutyyliasetaatti (CAS 110-19-0)"},"content":{"rendered":"<p> <strong> Info<\/strong> <\/p>\n<p> Toimialat: maalit ja lakat, kosmetiikkateollisuus, liimat, \u00f6ljyt, rasvat <br \/>\nCAS-numero: 110-19-0 <br \/>\nWE-numero: 203-745-1 <br \/>\nIndeksinumero: 607-026-00-7 <br \/>\nKemiallinen kaava: C6H12O2 <br \/>\nMoolimassa: 116,16 g \/mol <br \/>\nTullitariffi: 29153900 <br \/>\nADR: UN1113 <\/p>\n<p> <strong> Muut fyysiset ominaisuudet <\/strong> <\/p>\n<p> pH: 6,7 (5 g \/l, 20 \u00b0 C) <br \/>\nSulamis- \/ j\u00e4\u00e4tymispiste: <-90 \u00b0 C <br \/>\nKiehumispiste \/ kiehumisalue: 117 \u00b0 C <br \/>\nSuhteellinen tiheys: 0,871 g \/cm3 (20 \u00b0 C) <br \/>\nLiukoisuus veteen: 6,7 g\/l (20 \u00b0 C) <\/p>\n","protected":false},"excerpt":{"rendered":"<p> <strong>Isobutyyliasetaatti (CAS 110-19-0)<\/strong> <\/p>\n<p>Isobutyyliasetaatin kemiallinen kaava on C6H12O2 ja rakennekaava CH3COOCH2CH(CH3)2. Isobutyyliasetaatista k\u00e4ytet\u00e4\u00e4n my\u00f6s nimityksi\u00e4 2-metyylipropyyliasetaatti, 2-metyyli-1-propyyliasetaatti tai beta-metyylipropyylietanoaatti.<\/p>\n<p>Isobutyyliasetaatti on normaaliolosuhteissa olomuodoltaan v\u00e4rit\u00f6n neste, jolla on tunnusomainen haju. Sen moolimassa on 116,16 g\/mol, sulamispiste \u2212 99 \u00b0C, kiehumispiste 118 \u00b0C, suhteellinen tiheys 0,87 g\/cm3 (vesi = 1,0 g\/cm3), liukenee veteen 20 \u00b0C:n l\u00e4mp\u00f6tilassa 0,67 g\/100 ml, leimahduspiste 18 \u00b0C c.c., itsesyttymisl\u00e4mp\u00f6tila 421 \u00b0C ja CAS-numero 110-19-0.<\/p>\n","protected":false},"featured_media":14518,"template":"","meta":[],"product_brand":[],"product_cat":[180,294,286],"product_tag":[],"class_list":{"0":"post-14512","1":"product","2":"type-product","3":"status-publish","4":"has-post-thumbnail","6":"product_cat-uncategorized-fi-2","7":"product_cat-kosmetiikkateollisuus","8":"product_cat-maalit-ja-lakat","10":"first","11":"instock","12":"taxable","13":"shipping-taxable","14":"purchasable","15":"product-type-variable","16":"has-default-attributes"},"yoast_head":"<!-- This site is optimized with the Yoast SEO plugin v26.2 - https:\/\/yoast.com\/wordpress\/plugins\/seo\/ -->\n<title>Isobutyyliasetaatti (CAS 110-19-0) - Chemistry For Industry - Solvents &amp; Chemicals - Masterchem.ee<\/title>\n<meta name=\"description\" content=\"Isobutyyliasetaatin kemiallinen kaava on C6H12O2 ja rakennekaava CH3COOCH2CH(CH3)2.\" \/>\n<meta name=\"robots\" content=\"index, follow, max-snippet:-1, max-image-preview:large, max-video-preview:-1\" \/>\n<link rel=\"canonical\" href=\"https:\/\/masterchem.ee\/fi\/tooted-ja-teenused\/isobutyyliasetaatti-cas-110-19-0\/\" \/>\n<meta name=\"twitter:card\" content=\"summary_large_image\" \/>\n<meta name=\"twitter:title\" content=\"Isobutyyliasetaatti (CAS 110-19-0) - Chemistry For Industry - Solvents &amp; Chemicals - Masterchem.ee\" \/>\n<meta name=\"twitter:description\" content=\"Isobutyyliasetaatin kemiallinen kaava on C6H12O2 ja rakennekaava CH3COOCH2CH(CH3)2.\" \/>\n<meta name=\"twitter:image\" content=\"https:\/\/masterchem.ee\/wp-content\/uploads\/2021\/09\/Isobutuulatsetaat-25kg-MasterChem.jpg\" \/>\n<script type=\"application\/ld+json\" class=\"yoast-schema-graph\">{\"@context\":\"https:\/\/schema.org\",\"@graph\":[{\"@type\":\"WebPage\",\"@id\":\"https:\/\/masterchem.ee\/fi\/tooted-ja-teenused\/isobutyyliasetaatti-cas-110-19-0\/\",\"url\":\"https:\/\/masterchem.ee\/fi\/tooted-ja-teenused\/isobutyyliasetaatti-cas-110-19-0\/\",\"name\":\"Isobutyyliasetaatti (CAS 110-19-0) - Chemistry For Industry - Solvents &amp; Chemicals - Masterchem.ee\",\"isPartOf\":{\"@id\":\"https:\/\/masterchem.ee\/fi\/#website\"},\"primaryImageOfPage\":{\"@id\":\"https:\/\/masterchem.ee\/fi\/tooted-ja-teenused\/isobutyyliasetaatti-cas-110-19-0\/#primaryimage\"},\"image\":{\"@id\":\"https:\/\/masterchem.ee\/fi\/tooted-ja-teenused\/isobutyyliasetaatti-cas-110-19-0\/#primaryimage\"},\"thumbnailUrl\":\"https:\/\/masterchem.ee\/wp-content\/uploads\/2021\/09\/Isobutuulatsetaat-25kg-MasterChem.jpg\",\"datePublished\":\"2021-09-19T19:20:00+00:00\",\"dateModified\":\"2021-09-19T19:27:28+00:00\",\"description\":\"Isobutyyliasetaatin kemiallinen kaava on C6H12O2 ja rakennekaava CH3COOCH2CH(CH3)2.\",\"breadcrumb\":{\"@id\":\"https:\/\/masterchem.ee\/fi\/tooted-ja-teenused\/isobutyyliasetaatti-cas-110-19-0\/#breadcrumb\"},\"inLanguage\":\"fi\",\"potentialAction\":[{\"@type\":\"ReadAction\",\"target\":[\"https:\/\/masterchem.ee\/fi\/tooted-ja-teenused\/isobutyyliasetaatti-cas-110-19-0\/\"]}]},{\"@type\":\"ImageObject\",\"inLanguage\":\"fi\",\"@id\":\"https:\/\/masterchem.ee\/fi\/tooted-ja-teenused\/isobutyyliasetaatti-cas-110-19-0\/#primaryimage\",\"url\":\"https:\/\/masterchem.ee\/wp-content\/uploads\/2021\/09\/Isobutuulatsetaat-25kg-MasterChem.jpg\",\"contentUrl\":\"https:\/\/masterchem.ee\/wp-content\/uploads\/2021\/09\/Isobutuulatsetaat-25kg-MasterChem.jpg\",\"width\":1000,\"height\":1000,\"caption\":\"Isobutyyliasetaatti (CAS 110-19-0) 25kg MasterChem\"},{\"@type\":\"BreadcrumbList\",\"@id\":\"https:\/\/masterchem.ee\/fi\/tooted-ja-teenused\/isobutyyliasetaatti-cas-110-19-0\/#breadcrumb\",\"itemListElement\":[{\"@type\":\"ListItem\",\"position\":1,\"name\":\"Home\",\"item\":\"https:\/\/masterchem.ee\/fi\/\"},{\"@type\":\"ListItem\",\"position\":2,\"name\":\"Tooted ja teenused\",\"item\":\"https:\/\/masterchem.ee\/tooted-ja-teenused\/\"},{\"@type\":\"ListItem\",\"position\":3,\"name\":\"Isobutyyliasetaatti (CAS 110-19-0)\"}]},{\"@type\":\"WebSite\",\"@id\":\"https:\/\/masterchem.ee\/fi\/#website\",\"url\":\"https:\/\/masterchem.ee\/fi\/\",\"name\":\"Masterchem.ee\",\"description\":\"Chemistry For Industry - Solvents &amp; Chemicals\",\"publisher\":{\"@id\":\"https:\/\/masterchem.ee\/fi\/#organization\"},\"potentialAction\":[{\"@type\":\"SearchAction\",\"target\":{\"@type\":\"EntryPoint\",\"urlTemplate\":\"https:\/\/masterchem.ee\/fi\/?s={search_term_string}\"},\"query-input\":{\"@type\":\"PropertyValueSpecification\",\"valueRequired\":true,\"valueName\":\"search_term_string\"}}],\"inLanguage\":\"fi\"},{\"@type\":\"Organization\",\"@id\":\"https:\/\/masterchem.ee\/fi\/#organization\",\"name\":\"Masterchem\",\"url\":\"https:\/\/masterchem.ee\/fi\/\",\"logo\":{\"@type\":\"ImageObject\",\"inLanguage\":\"fi\",\"@id\":\"https:\/\/masterchem.ee\/fi\/#\/schema\/logo\/image\/\",\"url\":\"https:\/\/masterchem.ee\/wp-content\/uploads\/2018\/02\/master-chem_final-1.png\",\"contentUrl\":\"https:\/\/masterchem.ee\/wp-content\/uploads\/2018\/02\/master-chem_final-1.png\",\"width\":850,\"height\":356,\"caption\":\"Masterchem\"},\"image\":{\"@id\":\"https:\/\/masterchem.ee\/fi\/#\/schema\/logo\/image\/\"}}]}<\/script>\n<!-- \/ Yoast SEO plugin. -->","yoast_head_json":{"title":"Isobutyyliasetaatti (CAS 110-19-0) - Chemistry For Industry - Solvents &amp; Chemicals - Masterchem.ee","description":"Isobutyyliasetaatin kemiallinen kaava on C6H12O2 ja rakennekaava CH3COOCH2CH(CH3)2.","robots":{"index":"index","follow":"follow","max-snippet":"max-snippet:-1","max-image-preview":"max-image-preview:large","max-video-preview":"max-video-preview:-1"},"canonical":"https:\/\/masterchem.ee\/fi\/tooted-ja-teenused\/isobutyyliasetaatti-cas-110-19-0\/","twitter_card":"summary_large_image","twitter_title":"Isobutyyliasetaatti (CAS 110-19-0) - Chemistry For Industry - Solvents &amp; Chemicals - Masterchem.ee","twitter_description":"Isobutyyliasetaatin kemiallinen kaava on C6H12O2 ja rakennekaava CH3COOCH2CH(CH3)2.","twitter_image":"https:\/\/masterchem.ee\/wp-content\/uploads\/2021\/09\/Isobutuulatsetaat-25kg-MasterChem.jpg","schema":{"@context":"https:\/\/schema.org","@graph":[{"@type":"WebPage","@id":"https:\/\/masterchem.ee\/fi\/tooted-ja-teenused\/isobutyyliasetaatti-cas-110-19-0\/","url":"https:\/\/masterchem.ee\/fi\/tooted-ja-teenused\/isobutyyliasetaatti-cas-110-19-0\/","name":"Isobutyyliasetaatti (CAS 110-19-0) - Chemistry For Industry - Solvents &amp; Chemicals - Masterchem.ee","isPartOf":{"@id":"https:\/\/masterchem.ee\/fi\/#website"},"primaryImageOfPage":{"@id":"https:\/\/masterchem.ee\/fi\/tooted-ja-teenused\/isobutyyliasetaatti-cas-110-19-0\/#primaryimage"},"image":{"@id":"https:\/\/masterchem.ee\/fi\/tooted-ja-teenused\/isobutyyliasetaatti-cas-110-19-0\/#primaryimage"},"thumbnailUrl":"https:\/\/masterchem.ee\/wp-content\/uploads\/2021\/09\/Isobutuulatsetaat-25kg-MasterChem.jpg","datePublished":"2021-09-19T19:20:00+00:00","dateModified":"2021-09-19T19:27:28+00:00","description":"Isobutyyliasetaatin kemiallinen kaava on C6H12O2 ja rakennekaava CH3COOCH2CH(CH3)2.","breadcrumb":{"@id":"https:\/\/masterchem.ee\/fi\/tooted-ja-teenused\/isobutyyliasetaatti-cas-110-19-0\/#breadcrumb"},"inLanguage":"fi","potentialAction":[{"@type":"ReadAction","target":["https:\/\/masterchem.ee\/fi\/tooted-ja-teenused\/isobutyyliasetaatti-cas-110-19-0\/"]}]},{"@type":"ImageObject","inLanguage":"fi","@id":"https:\/\/masterchem.ee\/fi\/tooted-ja-teenused\/isobutyyliasetaatti-cas-110-19-0\/#primaryimage","url":"https:\/\/masterchem.ee\/wp-content\/uploads\/2021\/09\/Isobutuulatsetaat-25kg-MasterChem.jpg","contentUrl":"https:\/\/masterchem.ee\/wp-content\/uploads\/2021\/09\/Isobutuulatsetaat-25kg-MasterChem.jpg","width":1000,"height":1000,"caption":"Isobutyyliasetaatti (CAS 110-19-0) 25kg MasterChem"},{"@type":"BreadcrumbList","@id":"https:\/\/masterchem.ee\/fi\/tooted-ja-teenused\/isobutyyliasetaatti-cas-110-19-0\/#breadcrumb","itemListElement":[{"@type":"ListItem","position":1,"name":"Home","item":"https:\/\/masterchem.ee\/fi\/"},{"@type":"ListItem","position":2,"name":"Tooted ja teenused","item":"https:\/\/masterchem.ee\/tooted-ja-teenused\/"},{"@type":"ListItem","position":3,"name":"Isobutyyliasetaatti (CAS 110-19-0)"}]},{"@type":"WebSite","@id":"https:\/\/masterchem.ee\/fi\/#website","url":"https:\/\/masterchem.ee\/fi\/","name":"Masterchem.ee","description":"Chemistry For Industry - Solvents &amp; Chemicals","publisher":{"@id":"https:\/\/masterchem.ee\/fi\/#organization"},"potentialAction":[{"@type":"SearchAction","target":{"@type":"EntryPoint","urlTemplate":"https:\/\/masterchem.ee\/fi\/?s={search_term_string}"},"query-input":{"@type":"PropertyValueSpecification","valueRequired":true,"valueName":"search_term_string"}}],"inLanguage":"fi"},{"@type":"Organization","@id":"https:\/\/masterchem.ee\/fi\/#organization","name":"Masterchem","url":"https:\/\/masterchem.ee\/fi\/","logo":{"@type":"ImageObject","inLanguage":"fi","@id":"https:\/\/masterchem.ee\/fi\/#\/schema\/logo\/image\/","url":"https:\/\/masterchem.ee\/wp-content\/uploads\/2018\/02\/master-chem_final-1.png","contentUrl":"https:\/\/masterchem.ee\/wp-content\/uploads\/2018\/02\/master-chem_final-1.png","width":850,"height":356,"caption":"Masterchem"},"image":{"@id":"https:\/\/masterchem.ee\/fi\/#\/schema\/logo\/image\/"}}]}},"_links":{"self":[{"href":"https:\/\/masterchem.ee\/fi\/wp-json\/wp\/v2\/product\/14512","targetHints":{"allow":["GET"]}}],"collection":[{"href":"https:\/\/masterchem.ee\/fi\/wp-json\/wp\/v2\/product"}],"about":[{"href":"https:\/\/masterchem.ee\/fi\/wp-json\/wp\/v2\/types\/product"}],"wp:featuredmedia":[{"embeddable":true,"href":"https:\/\/masterchem.ee\/fi\/wp-json\/wp\/v2\/media\/14518"}],"wp:attachment":[{"href":"https:\/\/masterchem.ee\/fi\/wp-json\/wp\/v2\/media?parent=14512"}],"wp:term":[{"taxonomy":"product_brand","embeddable":true,"href":"https:\/\/masterchem.ee\/fi\/wp-json\/wp\/v2\/product_brand?post=14512"},{"taxonomy":"product_cat","embeddable":true,"href":"https:\/\/masterchem.ee\/fi\/wp-json\/wp\/v2\/product_cat?post=14512"},{"taxonomy":"product_tag","embeddable":true,"href":"https:\/\/masterchem.ee\/fi\/wp-json\/wp\/v2\/product_tag?post=14512"}],"curies":[{"name":"wp","href":"https:\/\/api.w.org\/{rel}","templated":true}]}}