{"id":14497,"date":"2021-09-19T18:59:59","date_gmt":"2021-09-19T19:00:02","guid":{"rendered":"https:\/\/masterchem.ee\/?post_type=product&#038;p=14497"},"modified":"2021-09-19T19:06:07","modified_gmt":"2021-09-19T19:06:07","slug":"nitroetaani-cas-79-24-3","status":"publish","type":"product","link":"https:\/\/masterchem.ee\/fi\/tooted-ja-teenused\/nitroetaani-cas-79-24-3\/","title":{"rendered":"Nitroetaani (CAS 79-24-3)"},"content":{"rendered":"<p> <strong> Info<\/strong> <\/p>\n<p> Toimialat: maalit ja lakat <br \/>\nCAS-numero: 79-24-3 <br \/>\nWE-numero: 201-188-9 <br \/>\nIndeksinumero: 609-035-00-1 <br \/>\nKemiallinen kaava: C2H5NO2 <br \/>\nMoolimassa: 75,08 g \/mol <br \/>\nTullitariffi: 29042000 <br \/>\nADR: UN2842 <\/p>\n<p> <strong> Muut fyysiset ominaisuudet <\/strong> <\/p>\n<p> pH: 6 (0,01) <br \/>\nSulamis- \/ j\u00e4\u00e4tymispiste: -89 \u00b0 C <br \/>\nKiehumispiste \/ kiehumisalue: 114 \u00b0 C <br \/>\nSuhteellinen tiheys: 1045 g \/cm3 <br \/>\nLiukoisuus veteen: 4,5 % (20 \u00b0 C) <\/p>\n","protected":false},"excerpt":{"rendered":"<p> <strong>Nitroetaani (CAS 79-24-3)<\/strong> <\/p>\n<p>Nitroetaani (C2H5NO2) on nitroalkaaneihin kuuluva orgaaninen yhdiste. Yhdistett\u00e4 voidaan k\u00e4ytt\u00e4\u00e4 muun muassa liuottimena, orgaanisen kemian synteeseiss\u00e4 l\u00e4ht\u00f6aineena ja polttoaineena.<\/p>\n<p>Nitroetaani on huoneenl\u00e4mp\u00f6tilassa v\u00e4rit\u00f6nt\u00e4 nestett\u00e4 ja sill\u00e4 on miellytt\u00e4v\u00e4 hedelm\u00e4inen tuoksu. Yhdiste liukenee kohtalaisesti veteen ja hyvin moniin orgaanisiin liuottimiin esimerkiksi etanoliin, dietyylieetteriin, asetoniin ja kloroformiin. Se my\u00f6s muodostaa atseotrooppisia seoksia useiden orgaanisten liuottimien kanssa. Puhdasta vett\u00e4 paremmin nitroetaani liukenee em\u00e4sten vesiliuoksiin vesiliukoisten suolojen muodostumisen vuoksi. Nitroetaani on myrkyllist\u00e4 ja \u00e4rsytt\u00e4\u00e4 ihoa, silmi\u00e4 ja hengitysteit\u00e4. Happojen ja em\u00e4sten kanssa nitroetaani muodostaa mahdollisesti iskusta r\u00e4j\u00e4ht\u00e4vi\u00e4 seoksia.<\/p>\n","protected":false},"featured_media":14503,"template":"","meta":[],"product_brand":[],"product_cat":[180,286],"product_tag":[],"class_list":{"0":"post-14497","1":"product","2":"type-product","3":"status-publish","4":"has-post-thumbnail","6":"product_cat-uncategorized-fi-2","7":"product_cat-maalit-ja-lakat","9":"first","10":"instock","11":"taxable","12":"shipping-taxable","13":"purchasable","14":"product-type-variable","15":"has-default-attributes"},"yoast_head":"<!-- This site is optimized with the Yoast SEO plugin v26.2 - https:\/\/yoast.com\/wordpress\/plugins\/seo\/ -->\n<title>Nitroetaani (CAS 79-24-3) - Chemistry For Industry - Solvents &amp; Chemicals - Masterchem.ee<\/title>\n<meta name=\"description\" content=\"Nitroetaani (C2H5NO2) on nitroalkaaneihin kuuluva orgaaninen yhdiste. Yhdistett\u00e4 voidaan k\u00e4ytt\u00e4\u00e4 muun muassa liuottimena, orgaanisen kemian synteeseiss\u00e4 l\u00e4ht\u00f6aineena ja polttoaineena.\" \/>\n<meta name=\"robots\" content=\"index, follow, max-snippet:-1, max-image-preview:large, max-video-preview:-1\" \/>\n<link rel=\"canonical\" href=\"https:\/\/masterchem.ee\/fi\/tooted-ja-teenused\/nitroetaani-cas-79-24-3\/\" \/>\n<meta name=\"twitter:card\" content=\"summary_large_image\" \/>\n<meta name=\"twitter:title\" content=\"Nitroetaani (CAS 79-24-3) - Chemistry For Industry - Solvents &amp; Chemicals - Masterchem.ee\" \/>\n<meta name=\"twitter:description\" content=\"Nitroetaani (C2H5NO2) on nitroalkaaneihin kuuluva orgaaninen yhdiste. Yhdistett\u00e4 voidaan k\u00e4ytt\u00e4\u00e4 muun muassa liuottimena, orgaanisen kemian synteeseiss\u00e4 l\u00e4ht\u00f6aineena ja polttoaineena.\" \/>\n<meta name=\"twitter:image\" content=\"https:\/\/masterchem.ee\/wp-content\/uploads\/2021\/09\/Nitroetaan-25kg-MasterChem.jpg\" \/>\n<script type=\"application\/ld+json\" class=\"yoast-schema-graph\">{\"@context\":\"https:\/\/schema.org\",\"@graph\":[{\"@type\":\"WebPage\",\"@id\":\"https:\/\/masterchem.ee\/fi\/tooted-ja-teenused\/nitroetaani-cas-79-24-3\/\",\"url\":\"https:\/\/masterchem.ee\/fi\/tooted-ja-teenused\/nitroetaani-cas-79-24-3\/\",\"name\":\"Nitroetaani (CAS 79-24-3) - Chemistry For Industry - Solvents &amp; Chemicals - Masterchem.ee\",\"isPartOf\":{\"@id\":\"https:\/\/masterchem.ee\/fi\/#website\"},\"primaryImageOfPage\":{\"@id\":\"https:\/\/masterchem.ee\/fi\/tooted-ja-teenused\/nitroetaani-cas-79-24-3\/#primaryimage\"},\"image\":{\"@id\":\"https:\/\/masterchem.ee\/fi\/tooted-ja-teenused\/nitroetaani-cas-79-24-3\/#primaryimage\"},\"thumbnailUrl\":\"https:\/\/masterchem.ee\/wp-content\/uploads\/2021\/09\/Nitroetaan-25kg-MasterChem.jpg\",\"datePublished\":\"2021-09-19T19:00:02+00:00\",\"dateModified\":\"2021-09-19T19:06:07+00:00\",\"description\":\"Nitroetaani (C2H5NO2) on nitroalkaaneihin kuuluva orgaaninen yhdiste. Yhdistett\u00e4 voidaan k\u00e4ytt\u00e4\u00e4 muun muassa liuottimena, orgaanisen kemian synteeseiss\u00e4 l\u00e4ht\u00f6aineena ja polttoaineena.\",\"breadcrumb\":{\"@id\":\"https:\/\/masterchem.ee\/fi\/tooted-ja-teenused\/nitroetaani-cas-79-24-3\/#breadcrumb\"},\"inLanguage\":\"fi\",\"potentialAction\":[{\"@type\":\"ReadAction\",\"target\":[\"https:\/\/masterchem.ee\/fi\/tooted-ja-teenused\/nitroetaani-cas-79-24-3\/\"]}]},{\"@type\":\"ImageObject\",\"inLanguage\":\"fi\",\"@id\":\"https:\/\/masterchem.ee\/fi\/tooted-ja-teenused\/nitroetaani-cas-79-24-3\/#primaryimage\",\"url\":\"https:\/\/masterchem.ee\/wp-content\/uploads\/2021\/09\/Nitroetaan-25kg-MasterChem.jpg\",\"contentUrl\":\"https:\/\/masterchem.ee\/wp-content\/uploads\/2021\/09\/Nitroetaan-25kg-MasterChem.jpg\",\"width\":1000,\"height\":1000,\"caption\":\"Nitroetaani (CAS 79-24-3) 25kg MasterChem\"},{\"@type\":\"BreadcrumbList\",\"@id\":\"https:\/\/masterchem.ee\/fi\/tooted-ja-teenused\/nitroetaani-cas-79-24-3\/#breadcrumb\",\"itemListElement\":[{\"@type\":\"ListItem\",\"position\":1,\"name\":\"Home\",\"item\":\"https:\/\/masterchem.ee\/fi\/\"},{\"@type\":\"ListItem\",\"position\":2,\"name\":\"Tooted ja teenused\",\"item\":\"https:\/\/masterchem.ee\/tooted-ja-teenused\/\"},{\"@type\":\"ListItem\",\"position\":3,\"name\":\"Nitroetaani (CAS 79-24-3)\"}]},{\"@type\":\"WebSite\",\"@id\":\"https:\/\/masterchem.ee\/fi\/#website\",\"url\":\"https:\/\/masterchem.ee\/fi\/\",\"name\":\"Masterchem.ee\",\"description\":\"Chemistry For Industry - Solvents &amp; Chemicals\",\"publisher\":{\"@id\":\"https:\/\/masterchem.ee\/fi\/#organization\"},\"potentialAction\":[{\"@type\":\"SearchAction\",\"target\":{\"@type\":\"EntryPoint\",\"urlTemplate\":\"https:\/\/masterchem.ee\/fi\/?s={search_term_string}\"},\"query-input\":{\"@type\":\"PropertyValueSpecification\",\"valueRequired\":true,\"valueName\":\"search_term_string\"}}],\"inLanguage\":\"fi\"},{\"@type\":\"Organization\",\"@id\":\"https:\/\/masterchem.ee\/fi\/#organization\",\"name\":\"Masterchem\",\"url\":\"https:\/\/masterchem.ee\/fi\/\",\"logo\":{\"@type\":\"ImageObject\",\"inLanguage\":\"fi\",\"@id\":\"https:\/\/masterchem.ee\/fi\/#\/schema\/logo\/image\/\",\"url\":\"https:\/\/masterchem.ee\/wp-content\/uploads\/2018\/02\/master-chem_final-1.png\",\"contentUrl\":\"https:\/\/masterchem.ee\/wp-content\/uploads\/2018\/02\/master-chem_final-1.png\",\"width\":850,\"height\":356,\"caption\":\"Masterchem\"},\"image\":{\"@id\":\"https:\/\/masterchem.ee\/fi\/#\/schema\/logo\/image\/\"}}]}<\/script>\n<!-- \/ Yoast SEO plugin. -->","yoast_head_json":{"title":"Nitroetaani (CAS 79-24-3) - Chemistry For Industry - Solvents &amp; Chemicals - Masterchem.ee","description":"Nitroetaani (C2H5NO2) on nitroalkaaneihin kuuluva orgaaninen yhdiste. Yhdistett\u00e4 voidaan k\u00e4ytt\u00e4\u00e4 muun muassa liuottimena, orgaanisen kemian synteeseiss\u00e4 l\u00e4ht\u00f6aineena ja polttoaineena.","robots":{"index":"index","follow":"follow","max-snippet":"max-snippet:-1","max-image-preview":"max-image-preview:large","max-video-preview":"max-video-preview:-1"},"canonical":"https:\/\/masterchem.ee\/fi\/tooted-ja-teenused\/nitroetaani-cas-79-24-3\/","twitter_card":"summary_large_image","twitter_title":"Nitroetaani (CAS 79-24-3) - Chemistry For Industry - Solvents &amp; Chemicals - Masterchem.ee","twitter_description":"Nitroetaani (C2H5NO2) on nitroalkaaneihin kuuluva orgaaninen yhdiste. Yhdistett\u00e4 voidaan k\u00e4ytt\u00e4\u00e4 muun muassa liuottimena, orgaanisen kemian synteeseiss\u00e4 l\u00e4ht\u00f6aineena ja polttoaineena.","twitter_image":"https:\/\/masterchem.ee\/wp-content\/uploads\/2021\/09\/Nitroetaan-25kg-MasterChem.jpg","schema":{"@context":"https:\/\/schema.org","@graph":[{"@type":"WebPage","@id":"https:\/\/masterchem.ee\/fi\/tooted-ja-teenused\/nitroetaani-cas-79-24-3\/","url":"https:\/\/masterchem.ee\/fi\/tooted-ja-teenused\/nitroetaani-cas-79-24-3\/","name":"Nitroetaani (CAS 79-24-3) - Chemistry For Industry - Solvents &amp; Chemicals - Masterchem.ee","isPartOf":{"@id":"https:\/\/masterchem.ee\/fi\/#website"},"primaryImageOfPage":{"@id":"https:\/\/masterchem.ee\/fi\/tooted-ja-teenused\/nitroetaani-cas-79-24-3\/#primaryimage"},"image":{"@id":"https:\/\/masterchem.ee\/fi\/tooted-ja-teenused\/nitroetaani-cas-79-24-3\/#primaryimage"},"thumbnailUrl":"https:\/\/masterchem.ee\/wp-content\/uploads\/2021\/09\/Nitroetaan-25kg-MasterChem.jpg","datePublished":"2021-09-19T19:00:02+00:00","dateModified":"2021-09-19T19:06:07+00:00","description":"Nitroetaani (C2H5NO2) on nitroalkaaneihin kuuluva orgaaninen yhdiste. Yhdistett\u00e4 voidaan k\u00e4ytt\u00e4\u00e4 muun muassa liuottimena, orgaanisen kemian synteeseiss\u00e4 l\u00e4ht\u00f6aineena ja polttoaineena.","breadcrumb":{"@id":"https:\/\/masterchem.ee\/fi\/tooted-ja-teenused\/nitroetaani-cas-79-24-3\/#breadcrumb"},"inLanguage":"fi","potentialAction":[{"@type":"ReadAction","target":["https:\/\/masterchem.ee\/fi\/tooted-ja-teenused\/nitroetaani-cas-79-24-3\/"]}]},{"@type":"ImageObject","inLanguage":"fi","@id":"https:\/\/masterchem.ee\/fi\/tooted-ja-teenused\/nitroetaani-cas-79-24-3\/#primaryimage","url":"https:\/\/masterchem.ee\/wp-content\/uploads\/2021\/09\/Nitroetaan-25kg-MasterChem.jpg","contentUrl":"https:\/\/masterchem.ee\/wp-content\/uploads\/2021\/09\/Nitroetaan-25kg-MasterChem.jpg","width":1000,"height":1000,"caption":"Nitroetaani (CAS 79-24-3) 25kg MasterChem"},{"@type":"BreadcrumbList","@id":"https:\/\/masterchem.ee\/fi\/tooted-ja-teenused\/nitroetaani-cas-79-24-3\/#breadcrumb","itemListElement":[{"@type":"ListItem","position":1,"name":"Home","item":"https:\/\/masterchem.ee\/fi\/"},{"@type":"ListItem","position":2,"name":"Tooted ja teenused","item":"https:\/\/masterchem.ee\/tooted-ja-teenused\/"},{"@type":"ListItem","position":3,"name":"Nitroetaani (CAS 79-24-3)"}]},{"@type":"WebSite","@id":"https:\/\/masterchem.ee\/fi\/#website","url":"https:\/\/masterchem.ee\/fi\/","name":"Masterchem.ee","description":"Chemistry For Industry - Solvents &amp; Chemicals","publisher":{"@id":"https:\/\/masterchem.ee\/fi\/#organization"},"potentialAction":[{"@type":"SearchAction","target":{"@type":"EntryPoint","urlTemplate":"https:\/\/masterchem.ee\/fi\/?s={search_term_string}"},"query-input":{"@type":"PropertyValueSpecification","valueRequired":true,"valueName":"search_term_string"}}],"inLanguage":"fi"},{"@type":"Organization","@id":"https:\/\/masterchem.ee\/fi\/#organization","name":"Masterchem","url":"https:\/\/masterchem.ee\/fi\/","logo":{"@type":"ImageObject","inLanguage":"fi","@id":"https:\/\/masterchem.ee\/fi\/#\/schema\/logo\/image\/","url":"https:\/\/masterchem.ee\/wp-content\/uploads\/2018\/02\/master-chem_final-1.png","contentUrl":"https:\/\/masterchem.ee\/wp-content\/uploads\/2018\/02\/master-chem_final-1.png","width":850,"height":356,"caption":"Masterchem"},"image":{"@id":"https:\/\/masterchem.ee\/fi\/#\/schema\/logo\/image\/"}}]}},"_links":{"self":[{"href":"https:\/\/masterchem.ee\/fi\/wp-json\/wp\/v2\/product\/14497","targetHints":{"allow":["GET"]}}],"collection":[{"href":"https:\/\/masterchem.ee\/fi\/wp-json\/wp\/v2\/product"}],"about":[{"href":"https:\/\/masterchem.ee\/fi\/wp-json\/wp\/v2\/types\/product"}],"wp:featuredmedia":[{"embeddable":true,"href":"https:\/\/masterchem.ee\/fi\/wp-json\/wp\/v2\/media\/14503"}],"wp:attachment":[{"href":"https:\/\/masterchem.ee\/fi\/wp-json\/wp\/v2\/media?parent=14497"}],"wp:term":[{"taxonomy":"product_brand","embeddable":true,"href":"https:\/\/masterchem.ee\/fi\/wp-json\/wp\/v2\/product_brand?post=14497"},{"taxonomy":"product_cat","embeddable":true,"href":"https:\/\/masterchem.ee\/fi\/wp-json\/wp\/v2\/product_cat?post=14497"},{"taxonomy":"product_tag","embeddable":true,"href":"https:\/\/masterchem.ee\/fi\/wp-json\/wp\/v2\/product_tag?post=14497"}],"curies":[{"name":"wp","href":"https:\/\/api.w.org\/{rel}","templated":true}]}}