{"id":14481,"date":"2021-09-19T17:23:08","date_gmt":"2021-09-19T17:23:11","guid":{"rendered":"https:\/\/masterchem.ee\/?post_type=product&#038;p=14481"},"modified":"2021-09-19T17:30:44","modified_gmt":"2021-09-19T17:30:44","slug":"nigrosiini-cas-101357-16-8","status":"publish","type":"product","link":"https:\/\/masterchem.ee\/fi\/tooted-ja-teenused\/nigrosiini-cas-101357-16-8\/","title":{"rendered":"Nigrosiini (CAS 101357-16-8)"},"content":{"rendered":"<p> <strong> Info<\/strong> <\/p>\n<p> Toimialat: maalit ja lakat <br \/>\nCAS-numero: 101357-16-8 <br \/>\nWE-numero: 309-913-1 <\/p>\n<p> <strong> Muut fyysiset ominaisuudet <\/strong> <\/p>\n<p> pH: 2,8 (10 g \/l) <br \/>\nSulamis- \/ j\u00e4\u00e4tymispiste:> 400 \u00b0 C (101325 Pa) <br \/>\nKiehumispiste \/ kiehumisalue: 831 \u00b0 C <br \/>\nSuhteellinen tiheys: 1291 kg \/m3 (20 \u00b0 C) <br \/>\nLiukoisuus veteen: 8 g\/l (ph = 4, 20 \u00b0 C) <\/p>\n","protected":false},"excerpt":{"rendered":"<p> <strong>Nigrosiini (CAS 101357-16-8)<\/strong> <\/p>\n<p> V\u00e4rj\u00e4viss\u00e4 v\u00e4reiss\u00e4 nigrosiini (CI 50415, liuotinmusta 5) on mustien synteettisten v\u00e4riaineiden seos, joka on valmistettu l\u00e4mmitt\u00e4m\u00e4ll\u00e4 nitrobentseenin, aniliinin ja suolahapon seosta kuparin tai raudan l\u00e4sn\u00e4 ollessa. Induliiniin liittyen se on fenatsiinipohjaisten yhdisteiden seos. Sen t\u00e4rkeimm\u00e4t teolliset k\u00e4ytt\u00f6tarkoitukset ovat lakkojen ja lakkojen v\u00e4riaineena sek\u00e4 merkkikyn\u00e4n musteissa. Nigrosiinin sulfonointi tuottaa vesiliukoisen anionisen v\u00e4riaineen, nigrosiini WS (CI 50420, happomusta 2). <\/p>\n<p> Lakien p\u00e4\u00e4asiallisen k\u00e4yt\u00f6n lis\u00e4ksi pieni\u00e4 m\u00e4\u00e4ri\u00e4 nigrosiinia k\u00e4ytet\u00e4\u00e4n bakteerien negatiiviseen v\u00e4rj\u00e4ykseen. sek\u00e4 kapselia sis\u00e4lt\u00e4v\u00e4 sieni Cryptococcus neoformans. Organismien muodot ja koot n\u00e4hd\u00e4\u00e4n v\u00e4ritt\u00f6min\u00e4 \u00e4\u00e4riviivoina tummaa taustaa vasten. T\u00e4m\u00e4n menetelm\u00e4n k\u00e4yt\u00f6n etuna tavallisten positiivisten tahrojen, kuten metyleenisinisen tai karboli -fuksiinin, sijaan on se, ett\u00e4 sit\u00e4 ei tarvitse kiinnitt\u00e4\u00e4 etuk\u00e4teen l\u00e4mm\u00f6ll\u00e4 tai alkoholilla, joten organismit n\u00e4kyv\u00e4t todellisemmissa muodoissa. Lis\u00e4ksi negatiivinen v\u00e4rj\u00e4ys nigrosiinilla voi paljastaa joitain mikro -organismeja, joita ei voida v\u00e4rj\u00e4t\u00e4 tavallisilla menetelmill\u00e4. Nigrosin WS: \u00e4\u00e4 k\u00e4ytet\u00e4\u00e4n elinkelpoisuustestiss\u00e4, koska el\u00e4v\u00e4t solut eiv\u00e4t sis\u00e4ll\u00e4 v\u00e4riainetta, mutta se tulee kuolleisiin soluihin <\/p>\n","protected":false},"featured_media":14487,"template":"","meta":[],"product_brand":[],"product_cat":[180,286],"product_tag":[],"class_list":{"0":"post-14481","1":"product","2":"type-product","3":"status-publish","4":"has-post-thumbnail","6":"product_cat-uncategorized-fi-2","7":"product_cat-maalit-ja-lakat","9":"first","10":"instock","11":"taxable","12":"shipping-taxable","13":"purchasable","14":"product-type-variable","15":"has-default-attributes"},"yoast_head":"<!-- This site is optimized with the Yoast SEO plugin v26.2 - https:\/\/yoast.com\/wordpress\/plugins\/seo\/ -->\n<title>Nigrosiini (CAS 101357-16-8) - Chemistry For Industry - Solvents &amp; Chemicals - Masterchem.ee<\/title>\n<meta name=\"description\" content=\"V\u00e4rj\u00e4viss\u00e4 v\u00e4reiss\u00e4 nigrosiini (CI 50415, liuotinmusta 5) on mustien synteettisten v\u00e4riaineiden seos, joka on valmistettu l\u00e4mmitt\u00e4m\u00e4ll\u00e4 nitrobentseenin, aniliinin ja suolahapon seosta kuparin tai raudan l\u00e4sn\u00e4 ollessa.\" \/>\n<meta name=\"robots\" content=\"index, follow, max-snippet:-1, max-image-preview:large, max-video-preview:-1\" \/>\n<link rel=\"canonical\" href=\"https:\/\/masterchem.ee\/fi\/tooted-ja-teenused\/nigrosiini-cas-101357-16-8\/\" \/>\n<meta name=\"twitter:card\" content=\"summary_large_image\" \/>\n<meta name=\"twitter:title\" content=\"Nigrosiini (CAS 101357-16-8) - Chemistry For Industry - Solvents &amp; Chemicals - Masterchem.ee\" \/>\n<meta name=\"twitter:description\" content=\"V\u00e4rj\u00e4viss\u00e4 v\u00e4reiss\u00e4 nigrosiini (CI 50415, liuotinmusta 5) on mustien synteettisten v\u00e4riaineiden seos, joka on valmistettu l\u00e4mmitt\u00e4m\u00e4ll\u00e4 nitrobentseenin, aniliinin ja suolahapon seosta kuparin tai raudan l\u00e4sn\u00e4 ollessa.\" \/>\n<meta name=\"twitter:image\" content=\"https:\/\/masterchem.ee\/wp-content\/uploads\/2021\/09\/Nigrosiin-25kg-MasterChem.jpg\" \/>\n<script type=\"application\/ld+json\" class=\"yoast-schema-graph\">{\"@context\":\"https:\/\/schema.org\",\"@graph\":[{\"@type\":\"WebPage\",\"@id\":\"https:\/\/masterchem.ee\/fi\/tooted-ja-teenused\/nigrosiini-cas-101357-16-8\/\",\"url\":\"https:\/\/masterchem.ee\/fi\/tooted-ja-teenused\/nigrosiini-cas-101357-16-8\/\",\"name\":\"Nigrosiini (CAS 101357-16-8) - Chemistry For Industry - Solvents &amp; Chemicals - Masterchem.ee\",\"isPartOf\":{\"@id\":\"https:\/\/masterchem.ee\/fi\/#website\"},\"primaryImageOfPage\":{\"@id\":\"https:\/\/masterchem.ee\/fi\/tooted-ja-teenused\/nigrosiini-cas-101357-16-8\/#primaryimage\"},\"image\":{\"@id\":\"https:\/\/masterchem.ee\/fi\/tooted-ja-teenused\/nigrosiini-cas-101357-16-8\/#primaryimage\"},\"thumbnailUrl\":\"https:\/\/masterchem.ee\/wp-content\/uploads\/2021\/09\/Nigrosiin-25kg-MasterChem.jpg\",\"datePublished\":\"2021-09-19T17:23:11+00:00\",\"dateModified\":\"2021-09-19T17:30:44+00:00\",\"description\":\"V\u00e4rj\u00e4viss\u00e4 v\u00e4reiss\u00e4 nigrosiini (CI 50415, liuotinmusta 5) on mustien synteettisten v\u00e4riaineiden seos, joka on valmistettu l\u00e4mmitt\u00e4m\u00e4ll\u00e4 nitrobentseenin, aniliinin ja suolahapon seosta kuparin tai raudan l\u00e4sn\u00e4 ollessa.\",\"breadcrumb\":{\"@id\":\"https:\/\/masterchem.ee\/fi\/tooted-ja-teenused\/nigrosiini-cas-101357-16-8\/#breadcrumb\"},\"inLanguage\":\"fi\",\"potentialAction\":[{\"@type\":\"ReadAction\",\"target\":[\"https:\/\/masterchem.ee\/fi\/tooted-ja-teenused\/nigrosiini-cas-101357-16-8\/\"]}]},{\"@type\":\"ImageObject\",\"inLanguage\":\"fi\",\"@id\":\"https:\/\/masterchem.ee\/fi\/tooted-ja-teenused\/nigrosiini-cas-101357-16-8\/#primaryimage\",\"url\":\"https:\/\/masterchem.ee\/wp-content\/uploads\/2021\/09\/Nigrosiin-25kg-MasterChem.jpg\",\"contentUrl\":\"https:\/\/masterchem.ee\/wp-content\/uploads\/2021\/09\/Nigrosiin-25kg-MasterChem.jpg\",\"width\":1000,\"height\":1000,\"caption\":\"Nigrosiini (CAS 101357-16-8) 25kg MasterChem\"},{\"@type\":\"BreadcrumbList\",\"@id\":\"https:\/\/masterchem.ee\/fi\/tooted-ja-teenused\/nigrosiini-cas-101357-16-8\/#breadcrumb\",\"itemListElement\":[{\"@type\":\"ListItem\",\"position\":1,\"name\":\"Home\",\"item\":\"https:\/\/masterchem.ee\/fi\/\"},{\"@type\":\"ListItem\",\"position\":2,\"name\":\"Tooted ja teenused\",\"item\":\"https:\/\/masterchem.ee\/tooted-ja-teenused\/\"},{\"@type\":\"ListItem\",\"position\":3,\"name\":\"Nigrosiini (CAS 101357-16-8)\"}]},{\"@type\":\"WebSite\",\"@id\":\"https:\/\/masterchem.ee\/fi\/#website\",\"url\":\"https:\/\/masterchem.ee\/fi\/\",\"name\":\"Masterchem.ee\",\"description\":\"Chemistry For Industry - Solvents &amp; Chemicals\",\"publisher\":{\"@id\":\"https:\/\/masterchem.ee\/fi\/#organization\"},\"potentialAction\":[{\"@type\":\"SearchAction\",\"target\":{\"@type\":\"EntryPoint\",\"urlTemplate\":\"https:\/\/masterchem.ee\/fi\/?s={search_term_string}\"},\"query-input\":{\"@type\":\"PropertyValueSpecification\",\"valueRequired\":true,\"valueName\":\"search_term_string\"}}],\"inLanguage\":\"fi\"},{\"@type\":\"Organization\",\"@id\":\"https:\/\/masterchem.ee\/fi\/#organization\",\"name\":\"Masterchem\",\"url\":\"https:\/\/masterchem.ee\/fi\/\",\"logo\":{\"@type\":\"ImageObject\",\"inLanguage\":\"fi\",\"@id\":\"https:\/\/masterchem.ee\/fi\/#\/schema\/logo\/image\/\",\"url\":\"https:\/\/masterchem.ee\/wp-content\/uploads\/2018\/02\/master-chem_final-1.png\",\"contentUrl\":\"https:\/\/masterchem.ee\/wp-content\/uploads\/2018\/02\/master-chem_final-1.png\",\"width\":850,\"height\":356,\"caption\":\"Masterchem\"},\"image\":{\"@id\":\"https:\/\/masterchem.ee\/fi\/#\/schema\/logo\/image\/\"}}]}<\/script>\n<!-- \/ Yoast SEO plugin. -->","yoast_head_json":{"title":"Nigrosiini (CAS 101357-16-8) - Chemistry For Industry - Solvents &amp; Chemicals - Masterchem.ee","description":"V\u00e4rj\u00e4viss\u00e4 v\u00e4reiss\u00e4 nigrosiini (CI 50415, liuotinmusta 5) on mustien synteettisten v\u00e4riaineiden seos, joka on valmistettu l\u00e4mmitt\u00e4m\u00e4ll\u00e4 nitrobentseenin, aniliinin ja suolahapon seosta kuparin tai raudan l\u00e4sn\u00e4 ollessa.","robots":{"index":"index","follow":"follow","max-snippet":"max-snippet:-1","max-image-preview":"max-image-preview:large","max-video-preview":"max-video-preview:-1"},"canonical":"https:\/\/masterchem.ee\/fi\/tooted-ja-teenused\/nigrosiini-cas-101357-16-8\/","twitter_card":"summary_large_image","twitter_title":"Nigrosiini (CAS 101357-16-8) - Chemistry For Industry - Solvents &amp; Chemicals - Masterchem.ee","twitter_description":"V\u00e4rj\u00e4viss\u00e4 v\u00e4reiss\u00e4 nigrosiini (CI 50415, liuotinmusta 5) on mustien synteettisten v\u00e4riaineiden seos, joka on valmistettu l\u00e4mmitt\u00e4m\u00e4ll\u00e4 nitrobentseenin, aniliinin ja suolahapon seosta kuparin tai raudan l\u00e4sn\u00e4 ollessa.","twitter_image":"https:\/\/masterchem.ee\/wp-content\/uploads\/2021\/09\/Nigrosiin-25kg-MasterChem.jpg","schema":{"@context":"https:\/\/schema.org","@graph":[{"@type":"WebPage","@id":"https:\/\/masterchem.ee\/fi\/tooted-ja-teenused\/nigrosiini-cas-101357-16-8\/","url":"https:\/\/masterchem.ee\/fi\/tooted-ja-teenused\/nigrosiini-cas-101357-16-8\/","name":"Nigrosiini (CAS 101357-16-8) - Chemistry For Industry - Solvents &amp; Chemicals - Masterchem.ee","isPartOf":{"@id":"https:\/\/masterchem.ee\/fi\/#website"},"primaryImageOfPage":{"@id":"https:\/\/masterchem.ee\/fi\/tooted-ja-teenused\/nigrosiini-cas-101357-16-8\/#primaryimage"},"image":{"@id":"https:\/\/masterchem.ee\/fi\/tooted-ja-teenused\/nigrosiini-cas-101357-16-8\/#primaryimage"},"thumbnailUrl":"https:\/\/masterchem.ee\/wp-content\/uploads\/2021\/09\/Nigrosiin-25kg-MasterChem.jpg","datePublished":"2021-09-19T17:23:11+00:00","dateModified":"2021-09-19T17:30:44+00:00","description":"V\u00e4rj\u00e4viss\u00e4 v\u00e4reiss\u00e4 nigrosiini (CI 50415, liuotinmusta 5) on mustien synteettisten v\u00e4riaineiden seos, joka on valmistettu l\u00e4mmitt\u00e4m\u00e4ll\u00e4 nitrobentseenin, aniliinin ja suolahapon seosta kuparin tai raudan l\u00e4sn\u00e4 ollessa.","breadcrumb":{"@id":"https:\/\/masterchem.ee\/fi\/tooted-ja-teenused\/nigrosiini-cas-101357-16-8\/#breadcrumb"},"inLanguage":"fi","potentialAction":[{"@type":"ReadAction","target":["https:\/\/masterchem.ee\/fi\/tooted-ja-teenused\/nigrosiini-cas-101357-16-8\/"]}]},{"@type":"ImageObject","inLanguage":"fi","@id":"https:\/\/masterchem.ee\/fi\/tooted-ja-teenused\/nigrosiini-cas-101357-16-8\/#primaryimage","url":"https:\/\/masterchem.ee\/wp-content\/uploads\/2021\/09\/Nigrosiin-25kg-MasterChem.jpg","contentUrl":"https:\/\/masterchem.ee\/wp-content\/uploads\/2021\/09\/Nigrosiin-25kg-MasterChem.jpg","width":1000,"height":1000,"caption":"Nigrosiini (CAS 101357-16-8) 25kg MasterChem"},{"@type":"BreadcrumbList","@id":"https:\/\/masterchem.ee\/fi\/tooted-ja-teenused\/nigrosiini-cas-101357-16-8\/#breadcrumb","itemListElement":[{"@type":"ListItem","position":1,"name":"Home","item":"https:\/\/masterchem.ee\/fi\/"},{"@type":"ListItem","position":2,"name":"Tooted ja teenused","item":"https:\/\/masterchem.ee\/tooted-ja-teenused\/"},{"@type":"ListItem","position":3,"name":"Nigrosiini (CAS 101357-16-8)"}]},{"@type":"WebSite","@id":"https:\/\/masterchem.ee\/fi\/#website","url":"https:\/\/masterchem.ee\/fi\/","name":"Masterchem.ee","description":"Chemistry For Industry - Solvents &amp; Chemicals","publisher":{"@id":"https:\/\/masterchem.ee\/fi\/#organization"},"potentialAction":[{"@type":"SearchAction","target":{"@type":"EntryPoint","urlTemplate":"https:\/\/masterchem.ee\/fi\/?s={search_term_string}"},"query-input":{"@type":"PropertyValueSpecification","valueRequired":true,"valueName":"search_term_string"}}],"inLanguage":"fi"},{"@type":"Organization","@id":"https:\/\/masterchem.ee\/fi\/#organization","name":"Masterchem","url":"https:\/\/masterchem.ee\/fi\/","logo":{"@type":"ImageObject","inLanguage":"fi","@id":"https:\/\/masterchem.ee\/fi\/#\/schema\/logo\/image\/","url":"https:\/\/masterchem.ee\/wp-content\/uploads\/2018\/02\/master-chem_final-1.png","contentUrl":"https:\/\/masterchem.ee\/wp-content\/uploads\/2018\/02\/master-chem_final-1.png","width":850,"height":356,"caption":"Masterchem"},"image":{"@id":"https:\/\/masterchem.ee\/fi\/#\/schema\/logo\/image\/"}}]}},"_links":{"self":[{"href":"https:\/\/masterchem.ee\/fi\/wp-json\/wp\/v2\/product\/14481","targetHints":{"allow":["GET"]}}],"collection":[{"href":"https:\/\/masterchem.ee\/fi\/wp-json\/wp\/v2\/product"}],"about":[{"href":"https:\/\/masterchem.ee\/fi\/wp-json\/wp\/v2\/types\/product"}],"wp:featuredmedia":[{"embeddable":true,"href":"https:\/\/masterchem.ee\/fi\/wp-json\/wp\/v2\/media\/14487"}],"wp:attachment":[{"href":"https:\/\/masterchem.ee\/fi\/wp-json\/wp\/v2\/media?parent=14481"}],"wp:term":[{"taxonomy":"product_brand","embeddable":true,"href":"https:\/\/masterchem.ee\/fi\/wp-json\/wp\/v2\/product_brand?post=14481"},{"taxonomy":"product_cat","embeddable":true,"href":"https:\/\/masterchem.ee\/fi\/wp-json\/wp\/v2\/product_cat?post=14481"},{"taxonomy":"product_tag","embeddable":true,"href":"https:\/\/masterchem.ee\/fi\/wp-json\/wp\/v2\/product_tag?post=14481"}],"curies":[{"name":"wp","href":"https:\/\/api.w.org\/{rel}","templated":true}]}}