{"id":14417,"date":"2021-09-06T18:30:17","date_gmt":"2021-09-06T18:30:20","guid":{"rendered":"https:\/\/masterchem.ee\/?post_type=product&#038;p=14417"},"modified":"2021-09-06T18:35:43","modified_gmt":"2021-09-06T18:35:43","slug":"rautasulfaattiheptahydraatti-cas-7782-63-0","status":"publish","type":"product","link":"https:\/\/masterchem.ee\/fi\/tooted-ja-teenused\/rautasulfaattiheptahydraatti-cas-7782-63-0\/","title":{"rendered":"Rautasulfaattiheptahydraatti (CAS 7782-63-0)"},"content":{"rendered":"<p> <strong> Info<\/strong> <\/p>\n<p> Toimialat: maalit ja lakat, lannoitteet <br \/>\nCAS-numero: 7782-63-0 <br \/>\nWE-numero: 231-753-5 <br \/>\nKemiallinen kaava: FeSO4 \u2022 7H2O <br \/>\nTullitariffi: 28332980 <\/p>\n<p> <strong> Muut fyysiset ominaisuudet <\/strong> <\/p>\n<p> Sulamis- \/ j\u00e4\u00e4tymispiste: 60\u00baC <br \/>\nSuhteellinen tiheys: 1,89 g\/cm3 (20 \u00b0 C) <\/p>\n","protected":false},"excerpt":{"rendered":"<p> <strong>Rautasulfaattiheptahydraatti (CAS 7782-63-0)<\/strong> <\/p>\n<p> Rauta (2+) sulfaattiheptahydraatti on hydraatti, joka on rauta (2+) sulfaatin heptahydraattimuoto. Sit\u00e4 k\u00e4ytet\u00e4\u00e4n raudan l\u00e4hteen\u00e4 raudanpuuteanemian hoidossa (yleens\u00e4 nesteannostushoidoissa; kiinte\u00e4annoksisissa hoidoissa k\u00e4ytet\u00e4\u00e4n yleens\u00e4 monohydraattia). Sill\u00e4 on ravintoaine, anemian vastainen aine ja pelkist\u00e4v\u00e4 aine. Se on hydraatti ja rauta -molekyylikokonaisuus. Se sis\u00e4lt\u00e4\u00e4 rauta (2+) sulfaattia (vedet\u00f6n). <\/p>\n","protected":false},"featured_media":14423,"template":"","meta":[],"product_brand":[],"product_cat":[180,323,286],"product_tag":[],"class_list":{"0":"post-14417","1":"product","2":"type-product","3":"status-publish","4":"has-post-thumbnail","6":"product_cat-uncategorized-fi-2","7":"product_cat-lannoitteet","8":"product_cat-maalit-ja-lakat","10":"first","11":"instock","12":"taxable","13":"shipping-taxable","14":"purchasable","15":"product-type-variable","16":"has-default-attributes"},"yoast_head":"<!-- This site is optimized with the Yoast SEO plugin v26.2 - https:\/\/yoast.com\/wordpress\/plugins\/seo\/ -->\n<title>Rautasulfaattiheptahydraatti (CAS 7782-63-0) - Chemistry For Industry - Solvents &amp; Chemicals - Masterchem.ee<\/title>\n<meta name=\"description\" content=\"Rauta (2+) sulfaattiheptahydraatti on hydraatti, joka on rauta (2+) sulfaatin heptahydraattimuoto.\" \/>\n<meta name=\"robots\" content=\"index, follow, max-snippet:-1, max-image-preview:large, max-video-preview:-1\" \/>\n<link rel=\"canonical\" href=\"https:\/\/masterchem.ee\/fi\/tooted-ja-teenused\/rautasulfaattiheptahydraatti-cas-7782-63-0\/\" \/>\n<meta name=\"twitter:card\" content=\"summary_large_image\" \/>\n<meta name=\"twitter:title\" content=\"Rautasulfaattiheptahydraatti (CAS 7782-63-0) - Chemistry For Industry - Solvents &amp; Chemicals - Masterchem.ee\" \/>\n<meta name=\"twitter:description\" content=\"Rauta (2+) sulfaattiheptahydraatti on hydraatti, joka on rauta (2+) sulfaatin heptahydraattimuoto.\" \/>\n<meta name=\"twitter:image\" content=\"https:\/\/masterchem.ee\/wp-content\/uploads\/2021\/09\/Raud_II_sulfaatheptahudraat-25kg-MasterChem.jpg\" \/>\n<script type=\"application\/ld+json\" class=\"yoast-schema-graph\">{\"@context\":\"https:\/\/schema.org\",\"@graph\":[{\"@type\":\"WebPage\",\"@id\":\"https:\/\/masterchem.ee\/fi\/tooted-ja-teenused\/rautasulfaattiheptahydraatti-cas-7782-63-0\/\",\"url\":\"https:\/\/masterchem.ee\/fi\/tooted-ja-teenused\/rautasulfaattiheptahydraatti-cas-7782-63-0\/\",\"name\":\"Rautasulfaattiheptahydraatti (CAS 7782-63-0) - Chemistry For Industry - Solvents &amp; Chemicals - Masterchem.ee\",\"isPartOf\":{\"@id\":\"https:\/\/masterchem.ee\/fi\/#website\"},\"primaryImageOfPage\":{\"@id\":\"https:\/\/masterchem.ee\/fi\/tooted-ja-teenused\/rautasulfaattiheptahydraatti-cas-7782-63-0\/#primaryimage\"},\"image\":{\"@id\":\"https:\/\/masterchem.ee\/fi\/tooted-ja-teenused\/rautasulfaattiheptahydraatti-cas-7782-63-0\/#primaryimage\"},\"thumbnailUrl\":\"https:\/\/masterchem.ee\/wp-content\/uploads\/2021\/09\/Raud_II_sulfaatheptahudraat-25kg-MasterChem.jpg\",\"datePublished\":\"2021-09-06T18:30:20+00:00\",\"dateModified\":\"2021-09-06T18:35:43+00:00\",\"description\":\"Rauta (2+) sulfaattiheptahydraatti on hydraatti, joka on rauta (2+) sulfaatin heptahydraattimuoto.\",\"breadcrumb\":{\"@id\":\"https:\/\/masterchem.ee\/fi\/tooted-ja-teenused\/rautasulfaattiheptahydraatti-cas-7782-63-0\/#breadcrumb\"},\"inLanguage\":\"fi\",\"potentialAction\":[{\"@type\":\"ReadAction\",\"target\":[\"https:\/\/masterchem.ee\/fi\/tooted-ja-teenused\/rautasulfaattiheptahydraatti-cas-7782-63-0\/\"]}]},{\"@type\":\"ImageObject\",\"inLanguage\":\"fi\",\"@id\":\"https:\/\/masterchem.ee\/fi\/tooted-ja-teenused\/rautasulfaattiheptahydraatti-cas-7782-63-0\/#primaryimage\",\"url\":\"https:\/\/masterchem.ee\/wp-content\/uploads\/2021\/09\/Raud_II_sulfaatheptahudraat-25kg-MasterChem.jpg\",\"contentUrl\":\"https:\/\/masterchem.ee\/wp-content\/uploads\/2021\/09\/Raud_II_sulfaatheptahudraat-25kg-MasterChem.jpg\",\"width\":1000,\"height\":1000,\"caption\":\"Rautasulfaattiheptahydraatti (CAS 7782-63-0) 25kg MasterChem\"},{\"@type\":\"BreadcrumbList\",\"@id\":\"https:\/\/masterchem.ee\/fi\/tooted-ja-teenused\/rautasulfaattiheptahydraatti-cas-7782-63-0\/#breadcrumb\",\"itemListElement\":[{\"@type\":\"ListItem\",\"position\":1,\"name\":\"Home\",\"item\":\"https:\/\/masterchem.ee\/fi\/\"},{\"@type\":\"ListItem\",\"position\":2,\"name\":\"Tooted ja teenused\",\"item\":\"https:\/\/masterchem.ee\/tooted-ja-teenused\/\"},{\"@type\":\"ListItem\",\"position\":3,\"name\":\"Rautasulfaattiheptahydraatti (CAS 7782-63-0)\"}]},{\"@type\":\"WebSite\",\"@id\":\"https:\/\/masterchem.ee\/fi\/#website\",\"url\":\"https:\/\/masterchem.ee\/fi\/\",\"name\":\"Masterchem.ee\",\"description\":\"Chemistry For Industry - Solvents &amp; Chemicals\",\"publisher\":{\"@id\":\"https:\/\/masterchem.ee\/fi\/#organization\"},\"potentialAction\":[{\"@type\":\"SearchAction\",\"target\":{\"@type\":\"EntryPoint\",\"urlTemplate\":\"https:\/\/masterchem.ee\/fi\/?s={search_term_string}\"},\"query-input\":{\"@type\":\"PropertyValueSpecification\",\"valueRequired\":true,\"valueName\":\"search_term_string\"}}],\"inLanguage\":\"fi\"},{\"@type\":\"Organization\",\"@id\":\"https:\/\/masterchem.ee\/fi\/#organization\",\"name\":\"Masterchem\",\"url\":\"https:\/\/masterchem.ee\/fi\/\",\"logo\":{\"@type\":\"ImageObject\",\"inLanguage\":\"fi\",\"@id\":\"https:\/\/masterchem.ee\/fi\/#\/schema\/logo\/image\/\",\"url\":\"https:\/\/masterchem.ee\/wp-content\/uploads\/2018\/02\/master-chem_final-1.png\",\"contentUrl\":\"https:\/\/masterchem.ee\/wp-content\/uploads\/2018\/02\/master-chem_final-1.png\",\"width\":850,\"height\":356,\"caption\":\"Masterchem\"},\"image\":{\"@id\":\"https:\/\/masterchem.ee\/fi\/#\/schema\/logo\/image\/\"}}]}<\/script>\n<!-- \/ Yoast SEO plugin. -->","yoast_head_json":{"title":"Rautasulfaattiheptahydraatti (CAS 7782-63-0) - Chemistry For Industry - Solvents &amp; Chemicals - Masterchem.ee","description":"Rauta (2+) sulfaattiheptahydraatti on hydraatti, joka on rauta (2+) sulfaatin heptahydraattimuoto.","robots":{"index":"index","follow":"follow","max-snippet":"max-snippet:-1","max-image-preview":"max-image-preview:large","max-video-preview":"max-video-preview:-1"},"canonical":"https:\/\/masterchem.ee\/fi\/tooted-ja-teenused\/rautasulfaattiheptahydraatti-cas-7782-63-0\/","twitter_card":"summary_large_image","twitter_title":"Rautasulfaattiheptahydraatti (CAS 7782-63-0) - Chemistry For Industry - Solvents &amp; Chemicals - Masterchem.ee","twitter_description":"Rauta (2+) sulfaattiheptahydraatti on hydraatti, joka on rauta (2+) sulfaatin heptahydraattimuoto.","twitter_image":"https:\/\/masterchem.ee\/wp-content\/uploads\/2021\/09\/Raud_II_sulfaatheptahudraat-25kg-MasterChem.jpg","schema":{"@context":"https:\/\/schema.org","@graph":[{"@type":"WebPage","@id":"https:\/\/masterchem.ee\/fi\/tooted-ja-teenused\/rautasulfaattiheptahydraatti-cas-7782-63-0\/","url":"https:\/\/masterchem.ee\/fi\/tooted-ja-teenused\/rautasulfaattiheptahydraatti-cas-7782-63-0\/","name":"Rautasulfaattiheptahydraatti (CAS 7782-63-0) - Chemistry For Industry - Solvents &amp; Chemicals - Masterchem.ee","isPartOf":{"@id":"https:\/\/masterchem.ee\/fi\/#website"},"primaryImageOfPage":{"@id":"https:\/\/masterchem.ee\/fi\/tooted-ja-teenused\/rautasulfaattiheptahydraatti-cas-7782-63-0\/#primaryimage"},"image":{"@id":"https:\/\/masterchem.ee\/fi\/tooted-ja-teenused\/rautasulfaattiheptahydraatti-cas-7782-63-0\/#primaryimage"},"thumbnailUrl":"https:\/\/masterchem.ee\/wp-content\/uploads\/2021\/09\/Raud_II_sulfaatheptahudraat-25kg-MasterChem.jpg","datePublished":"2021-09-06T18:30:20+00:00","dateModified":"2021-09-06T18:35:43+00:00","description":"Rauta (2+) sulfaattiheptahydraatti on hydraatti, joka on rauta (2+) sulfaatin heptahydraattimuoto.","breadcrumb":{"@id":"https:\/\/masterchem.ee\/fi\/tooted-ja-teenused\/rautasulfaattiheptahydraatti-cas-7782-63-0\/#breadcrumb"},"inLanguage":"fi","potentialAction":[{"@type":"ReadAction","target":["https:\/\/masterchem.ee\/fi\/tooted-ja-teenused\/rautasulfaattiheptahydraatti-cas-7782-63-0\/"]}]},{"@type":"ImageObject","inLanguage":"fi","@id":"https:\/\/masterchem.ee\/fi\/tooted-ja-teenused\/rautasulfaattiheptahydraatti-cas-7782-63-0\/#primaryimage","url":"https:\/\/masterchem.ee\/wp-content\/uploads\/2021\/09\/Raud_II_sulfaatheptahudraat-25kg-MasterChem.jpg","contentUrl":"https:\/\/masterchem.ee\/wp-content\/uploads\/2021\/09\/Raud_II_sulfaatheptahudraat-25kg-MasterChem.jpg","width":1000,"height":1000,"caption":"Rautasulfaattiheptahydraatti (CAS 7782-63-0) 25kg MasterChem"},{"@type":"BreadcrumbList","@id":"https:\/\/masterchem.ee\/fi\/tooted-ja-teenused\/rautasulfaattiheptahydraatti-cas-7782-63-0\/#breadcrumb","itemListElement":[{"@type":"ListItem","position":1,"name":"Home","item":"https:\/\/masterchem.ee\/fi\/"},{"@type":"ListItem","position":2,"name":"Tooted ja teenused","item":"https:\/\/masterchem.ee\/tooted-ja-teenused\/"},{"@type":"ListItem","position":3,"name":"Rautasulfaattiheptahydraatti (CAS 7782-63-0)"}]},{"@type":"WebSite","@id":"https:\/\/masterchem.ee\/fi\/#website","url":"https:\/\/masterchem.ee\/fi\/","name":"Masterchem.ee","description":"Chemistry For Industry - Solvents &amp; Chemicals","publisher":{"@id":"https:\/\/masterchem.ee\/fi\/#organization"},"potentialAction":[{"@type":"SearchAction","target":{"@type":"EntryPoint","urlTemplate":"https:\/\/masterchem.ee\/fi\/?s={search_term_string}"},"query-input":{"@type":"PropertyValueSpecification","valueRequired":true,"valueName":"search_term_string"}}],"inLanguage":"fi"},{"@type":"Organization","@id":"https:\/\/masterchem.ee\/fi\/#organization","name":"Masterchem","url":"https:\/\/masterchem.ee\/fi\/","logo":{"@type":"ImageObject","inLanguage":"fi","@id":"https:\/\/masterchem.ee\/fi\/#\/schema\/logo\/image\/","url":"https:\/\/masterchem.ee\/wp-content\/uploads\/2018\/02\/master-chem_final-1.png","contentUrl":"https:\/\/masterchem.ee\/wp-content\/uploads\/2018\/02\/master-chem_final-1.png","width":850,"height":356,"caption":"Masterchem"},"image":{"@id":"https:\/\/masterchem.ee\/fi\/#\/schema\/logo\/image\/"}}]}},"_links":{"self":[{"href":"https:\/\/masterchem.ee\/fi\/wp-json\/wp\/v2\/product\/14417","targetHints":{"allow":["GET"]}}],"collection":[{"href":"https:\/\/masterchem.ee\/fi\/wp-json\/wp\/v2\/product"}],"about":[{"href":"https:\/\/masterchem.ee\/fi\/wp-json\/wp\/v2\/types\/product"}],"wp:featuredmedia":[{"embeddable":true,"href":"https:\/\/masterchem.ee\/fi\/wp-json\/wp\/v2\/media\/14423"}],"wp:attachment":[{"href":"https:\/\/masterchem.ee\/fi\/wp-json\/wp\/v2\/media?parent=14417"}],"wp:term":[{"taxonomy":"product_brand","embeddable":true,"href":"https:\/\/masterchem.ee\/fi\/wp-json\/wp\/v2\/product_brand?post=14417"},{"taxonomy":"product_cat","embeddable":true,"href":"https:\/\/masterchem.ee\/fi\/wp-json\/wp\/v2\/product_cat?post=14417"},{"taxonomy":"product_tag","embeddable":true,"href":"https:\/\/masterchem.ee\/fi\/wp-json\/wp\/v2\/product_tag?post=14417"}],"curies":[{"name":"wp","href":"https:\/\/api.w.org\/{rel}","templated":true}]}}