{"id":14401,"date":"2021-09-06T17:59:02","date_gmt":"2021-09-06T17:59:05","guid":{"rendered":"https:\/\/masterchem.ee\/?post_type=product&#038;p=14401"},"modified":"2021-09-06T18:10:11","modified_gmt":"2021-09-06T18:10:11","slug":"nikkelisulfaatti-cas-10101-97-0","status":"publish","type":"product","link":"https:\/\/masterchem.ee\/fi\/tooted-ja-teenused\/nikkelisulfaatti-cas-10101-97-0\/","title":{"rendered":"Nikkelisulfaatti (CAS 10101-97-0)"},"content":{"rendered":"<p> <strong> Info<\/strong> <\/p>\n<p> Toimialat: maalit ja lakat <br \/>\nCAS-numero: 10101-97-0 <br \/>\nWE-numero: 7786-81-4 <br \/>\nIndeksinumero: 028-009-00-5 <br \/>\nKemiallinen kaava: NiSO4 \u00b7 6H2O <br \/>\nMoolimassa: 262,86 g \/mol <br \/>\nTullitariffi: 28332400 <br \/>\nADR: UN3077 <\/p>\n<p> <strong> Muut fyysiset ominaisuudet <\/strong> <\/p>\n<p> Sulamis- \/ j\u00e4\u00e4tymispiste: 840 \u00b0 C <br \/>\nSuhteellinen tiheys: 2,07 g \/cm3 <br \/>\nLiukoisuus veteen: 293 g\/l (20 \u00b0 C) <\/p>\n","protected":false},"excerpt":{"rendered":"<p> <strong>Nikkelisulfaatti (CAS 10101-97-0)<\/strong> <\/p>\n<p>Nikkelisulfaatti tai nikkeli(II)sulfaatti on veteen liukeneva nikkelin sulfaatti, jonka kaava on NiSO4. Se on karsinogeeninen aine ja myrkyllinen vesieli\u00f6ille. Yhdisteell\u00e4 on kaksi kidevedellist\u00e4 muotoa: heksahydraatti NiSO4\u00b76H2O ja heptahydraatti NiSO4\u00b77H2O. N\u00e4m\u00e4 ovat v\u00e4rilt\u00e4\u00e4n sinisi\u00e4 tai vihert\u00e4vi\u00e4. Keltaista vedet\u00f6nt\u00e4 muotoa tuotetaan kuumentamalla ainetta 330 asteeseen. Heksahydraatissa on nikkeli\u00e4 22,3%.<\/p>\n<p>Nikkelisulfaattia valmistetaan rikkihapon ja metallisen nikkelin tai nikkelioksidin tai nikkelikarbonaatin v\u00e4lisell\u00e4 reaktiolla. Yhdisteen k\u00e4ytt\u00f6kohteita ovat niklaus, metallien v\u00e4rj\u00e4ys sek\u00e4 k\u00e4ytt\u00f6 katalyyttin\u00e4 kemiallisissa prosesseissa.<\/p>\n","protected":false},"featured_media":14407,"template":"","meta":[],"product_brand":[],"product_cat":[180,286],"product_tag":[],"class_list":{"0":"post-14401","1":"product","2":"type-product","3":"status-publish","4":"has-post-thumbnail","6":"product_cat-uncategorized-fi-2","7":"product_cat-maalit-ja-lakat","9":"first","10":"instock","11":"taxable","12":"shipping-taxable","13":"purchasable","14":"product-type-variable","15":"has-default-attributes"},"yoast_head":"<!-- This site is optimized with the Yoast SEO plugin v26.2 - https:\/\/yoast.com\/wordpress\/plugins\/seo\/ -->\n<title>Nikkelisulfaatti (CAS 10101-97-0) - Chemistry For Industry - Solvents &amp; Chemicals - Masterchem.ee<\/title>\n<meta name=\"description\" content=\"Nikkelisulfaatti tai nikkeli(II)sulfaatti on veteen liukeneva nikkelin sulfaatti, jonka kaava on NiSO4.\" \/>\n<meta name=\"robots\" content=\"index, follow, max-snippet:-1, max-image-preview:large, max-video-preview:-1\" \/>\n<link rel=\"canonical\" href=\"https:\/\/masterchem.ee\/fi\/tooted-ja-teenused\/nikkelisulfaatti-cas-10101-97-0\/\" \/>\n<meta name=\"twitter:card\" content=\"summary_large_image\" \/>\n<meta name=\"twitter:title\" content=\"Nikkelisulfaatti (CAS 10101-97-0) - Chemistry For Industry - Solvents &amp; Chemicals - Masterchem.ee\" \/>\n<meta name=\"twitter:description\" content=\"Nikkelisulfaatti tai nikkeli(II)sulfaatti on veteen liukeneva nikkelin sulfaatti, jonka kaava on NiSO4.\" \/>\n<meta name=\"twitter:image\" content=\"https:\/\/masterchem.ee\/wp-content\/uploads\/2021\/09\/Niklisulfaat-25kg-MasterChem.jpg\" \/>\n<script type=\"application\/ld+json\" class=\"yoast-schema-graph\">{\"@context\":\"https:\/\/schema.org\",\"@graph\":[{\"@type\":\"WebPage\",\"@id\":\"https:\/\/masterchem.ee\/fi\/tooted-ja-teenused\/nikkelisulfaatti-cas-10101-97-0\/\",\"url\":\"https:\/\/masterchem.ee\/fi\/tooted-ja-teenused\/nikkelisulfaatti-cas-10101-97-0\/\",\"name\":\"Nikkelisulfaatti (CAS 10101-97-0) - Chemistry For Industry - Solvents &amp; Chemicals - Masterchem.ee\",\"isPartOf\":{\"@id\":\"https:\/\/masterchem.ee\/fi\/#website\"},\"primaryImageOfPage\":{\"@id\":\"https:\/\/masterchem.ee\/fi\/tooted-ja-teenused\/nikkelisulfaatti-cas-10101-97-0\/#primaryimage\"},\"image\":{\"@id\":\"https:\/\/masterchem.ee\/fi\/tooted-ja-teenused\/nikkelisulfaatti-cas-10101-97-0\/#primaryimage\"},\"thumbnailUrl\":\"https:\/\/masterchem.ee\/wp-content\/uploads\/2021\/09\/Niklisulfaat-25kg-MasterChem.jpg\",\"datePublished\":\"2021-09-06T17:59:05+00:00\",\"dateModified\":\"2021-09-06T18:10:11+00:00\",\"description\":\"Nikkelisulfaatti tai nikkeli(II)sulfaatti on veteen liukeneva nikkelin sulfaatti, jonka kaava on NiSO4.\",\"breadcrumb\":{\"@id\":\"https:\/\/masterchem.ee\/fi\/tooted-ja-teenused\/nikkelisulfaatti-cas-10101-97-0\/#breadcrumb\"},\"inLanguage\":\"fi\",\"potentialAction\":[{\"@type\":\"ReadAction\",\"target\":[\"https:\/\/masterchem.ee\/fi\/tooted-ja-teenused\/nikkelisulfaatti-cas-10101-97-0\/\"]}]},{\"@type\":\"ImageObject\",\"inLanguage\":\"fi\",\"@id\":\"https:\/\/masterchem.ee\/fi\/tooted-ja-teenused\/nikkelisulfaatti-cas-10101-97-0\/#primaryimage\",\"url\":\"https:\/\/masterchem.ee\/wp-content\/uploads\/2021\/09\/Niklisulfaat-25kg-MasterChem.jpg\",\"contentUrl\":\"https:\/\/masterchem.ee\/wp-content\/uploads\/2021\/09\/Niklisulfaat-25kg-MasterChem.jpg\",\"width\":1000,\"height\":1000,\"caption\":\"Nikkelisulfaatti (CAS 10101-97-0) 25kg MasterChem\"},{\"@type\":\"BreadcrumbList\",\"@id\":\"https:\/\/masterchem.ee\/fi\/tooted-ja-teenused\/nikkelisulfaatti-cas-10101-97-0\/#breadcrumb\",\"itemListElement\":[{\"@type\":\"ListItem\",\"position\":1,\"name\":\"Home\",\"item\":\"https:\/\/masterchem.ee\/fi\/\"},{\"@type\":\"ListItem\",\"position\":2,\"name\":\"Tooted ja teenused\",\"item\":\"https:\/\/masterchem.ee\/tooted-ja-teenused\/\"},{\"@type\":\"ListItem\",\"position\":3,\"name\":\"Nikkelisulfaatti (CAS 10101-97-0)\"}]},{\"@type\":\"WebSite\",\"@id\":\"https:\/\/masterchem.ee\/fi\/#website\",\"url\":\"https:\/\/masterchem.ee\/fi\/\",\"name\":\"Masterchem.ee\",\"description\":\"Chemistry For Industry - Solvents &amp; Chemicals\",\"publisher\":{\"@id\":\"https:\/\/masterchem.ee\/fi\/#organization\"},\"potentialAction\":[{\"@type\":\"SearchAction\",\"target\":{\"@type\":\"EntryPoint\",\"urlTemplate\":\"https:\/\/masterchem.ee\/fi\/?s={search_term_string}\"},\"query-input\":{\"@type\":\"PropertyValueSpecification\",\"valueRequired\":true,\"valueName\":\"search_term_string\"}}],\"inLanguage\":\"fi\"},{\"@type\":\"Organization\",\"@id\":\"https:\/\/masterchem.ee\/fi\/#organization\",\"name\":\"Masterchem\",\"url\":\"https:\/\/masterchem.ee\/fi\/\",\"logo\":{\"@type\":\"ImageObject\",\"inLanguage\":\"fi\",\"@id\":\"https:\/\/masterchem.ee\/fi\/#\/schema\/logo\/image\/\",\"url\":\"https:\/\/masterchem.ee\/wp-content\/uploads\/2018\/02\/master-chem_final-1.png\",\"contentUrl\":\"https:\/\/masterchem.ee\/wp-content\/uploads\/2018\/02\/master-chem_final-1.png\",\"width\":850,\"height\":356,\"caption\":\"Masterchem\"},\"image\":{\"@id\":\"https:\/\/masterchem.ee\/fi\/#\/schema\/logo\/image\/\"}}]}<\/script>\n<!-- \/ Yoast SEO plugin. -->","yoast_head_json":{"title":"Nikkelisulfaatti (CAS 10101-97-0) - Chemistry For Industry - Solvents &amp; Chemicals - Masterchem.ee","description":"Nikkelisulfaatti tai nikkeli(II)sulfaatti on veteen liukeneva nikkelin sulfaatti, jonka kaava on NiSO4.","robots":{"index":"index","follow":"follow","max-snippet":"max-snippet:-1","max-image-preview":"max-image-preview:large","max-video-preview":"max-video-preview:-1"},"canonical":"https:\/\/masterchem.ee\/fi\/tooted-ja-teenused\/nikkelisulfaatti-cas-10101-97-0\/","twitter_card":"summary_large_image","twitter_title":"Nikkelisulfaatti (CAS 10101-97-0) - Chemistry For Industry - Solvents &amp; Chemicals - Masterchem.ee","twitter_description":"Nikkelisulfaatti tai nikkeli(II)sulfaatti on veteen liukeneva nikkelin sulfaatti, jonka kaava on NiSO4.","twitter_image":"https:\/\/masterchem.ee\/wp-content\/uploads\/2021\/09\/Niklisulfaat-25kg-MasterChem.jpg","schema":{"@context":"https:\/\/schema.org","@graph":[{"@type":"WebPage","@id":"https:\/\/masterchem.ee\/fi\/tooted-ja-teenused\/nikkelisulfaatti-cas-10101-97-0\/","url":"https:\/\/masterchem.ee\/fi\/tooted-ja-teenused\/nikkelisulfaatti-cas-10101-97-0\/","name":"Nikkelisulfaatti (CAS 10101-97-0) - Chemistry For Industry - Solvents &amp; Chemicals - Masterchem.ee","isPartOf":{"@id":"https:\/\/masterchem.ee\/fi\/#website"},"primaryImageOfPage":{"@id":"https:\/\/masterchem.ee\/fi\/tooted-ja-teenused\/nikkelisulfaatti-cas-10101-97-0\/#primaryimage"},"image":{"@id":"https:\/\/masterchem.ee\/fi\/tooted-ja-teenused\/nikkelisulfaatti-cas-10101-97-0\/#primaryimage"},"thumbnailUrl":"https:\/\/masterchem.ee\/wp-content\/uploads\/2021\/09\/Niklisulfaat-25kg-MasterChem.jpg","datePublished":"2021-09-06T17:59:05+00:00","dateModified":"2021-09-06T18:10:11+00:00","description":"Nikkelisulfaatti tai nikkeli(II)sulfaatti on veteen liukeneva nikkelin sulfaatti, jonka kaava on NiSO4.","breadcrumb":{"@id":"https:\/\/masterchem.ee\/fi\/tooted-ja-teenused\/nikkelisulfaatti-cas-10101-97-0\/#breadcrumb"},"inLanguage":"fi","potentialAction":[{"@type":"ReadAction","target":["https:\/\/masterchem.ee\/fi\/tooted-ja-teenused\/nikkelisulfaatti-cas-10101-97-0\/"]}]},{"@type":"ImageObject","inLanguage":"fi","@id":"https:\/\/masterchem.ee\/fi\/tooted-ja-teenused\/nikkelisulfaatti-cas-10101-97-0\/#primaryimage","url":"https:\/\/masterchem.ee\/wp-content\/uploads\/2021\/09\/Niklisulfaat-25kg-MasterChem.jpg","contentUrl":"https:\/\/masterchem.ee\/wp-content\/uploads\/2021\/09\/Niklisulfaat-25kg-MasterChem.jpg","width":1000,"height":1000,"caption":"Nikkelisulfaatti (CAS 10101-97-0) 25kg MasterChem"},{"@type":"BreadcrumbList","@id":"https:\/\/masterchem.ee\/fi\/tooted-ja-teenused\/nikkelisulfaatti-cas-10101-97-0\/#breadcrumb","itemListElement":[{"@type":"ListItem","position":1,"name":"Home","item":"https:\/\/masterchem.ee\/fi\/"},{"@type":"ListItem","position":2,"name":"Tooted ja teenused","item":"https:\/\/masterchem.ee\/tooted-ja-teenused\/"},{"@type":"ListItem","position":3,"name":"Nikkelisulfaatti (CAS 10101-97-0)"}]},{"@type":"WebSite","@id":"https:\/\/masterchem.ee\/fi\/#website","url":"https:\/\/masterchem.ee\/fi\/","name":"Masterchem.ee","description":"Chemistry For Industry - Solvents &amp; Chemicals","publisher":{"@id":"https:\/\/masterchem.ee\/fi\/#organization"},"potentialAction":[{"@type":"SearchAction","target":{"@type":"EntryPoint","urlTemplate":"https:\/\/masterchem.ee\/fi\/?s={search_term_string}"},"query-input":{"@type":"PropertyValueSpecification","valueRequired":true,"valueName":"search_term_string"}}],"inLanguage":"fi"},{"@type":"Organization","@id":"https:\/\/masterchem.ee\/fi\/#organization","name":"Masterchem","url":"https:\/\/masterchem.ee\/fi\/","logo":{"@type":"ImageObject","inLanguage":"fi","@id":"https:\/\/masterchem.ee\/fi\/#\/schema\/logo\/image\/","url":"https:\/\/masterchem.ee\/wp-content\/uploads\/2018\/02\/master-chem_final-1.png","contentUrl":"https:\/\/masterchem.ee\/wp-content\/uploads\/2018\/02\/master-chem_final-1.png","width":850,"height":356,"caption":"Masterchem"},"image":{"@id":"https:\/\/masterchem.ee\/fi\/#\/schema\/logo\/image\/"}}]}},"_links":{"self":[{"href":"https:\/\/masterchem.ee\/fi\/wp-json\/wp\/v2\/product\/14401","targetHints":{"allow":["GET"]}}],"collection":[{"href":"https:\/\/masterchem.ee\/fi\/wp-json\/wp\/v2\/product"}],"about":[{"href":"https:\/\/masterchem.ee\/fi\/wp-json\/wp\/v2\/types\/product"}],"wp:featuredmedia":[{"embeddable":true,"href":"https:\/\/masterchem.ee\/fi\/wp-json\/wp\/v2\/media\/14407"}],"wp:attachment":[{"href":"https:\/\/masterchem.ee\/fi\/wp-json\/wp\/v2\/media?parent=14401"}],"wp:term":[{"taxonomy":"product_brand","embeddable":true,"href":"https:\/\/masterchem.ee\/fi\/wp-json\/wp\/v2\/product_brand?post=14401"},{"taxonomy":"product_cat","embeddable":true,"href":"https:\/\/masterchem.ee\/fi\/wp-json\/wp\/v2\/product_cat?post=14401"},{"taxonomy":"product_tag","embeddable":true,"href":"https:\/\/masterchem.ee\/fi\/wp-json\/wp\/v2\/product_tag?post=14401"}],"curies":[{"name":"wp","href":"https:\/\/api.w.org\/{rel}","templated":true}]}}