{"id":14384,"date":"2021-09-06T17:38:40","date_gmt":"2021-09-06T17:38:43","guid":{"rendered":"https:\/\/masterchem.ee\/?post_type=product&#038;p=14384"},"modified":"2021-09-06T17:47:11","modified_gmt":"2021-09-06T17:47:11","slug":"salisyylihappo-cas-69-72-7","status":"publish","type":"product","link":"https:\/\/masterchem.ee\/fi\/tooted-ja-teenused\/salisyylihappo-cas-69-72-7\/","title":{"rendered":"Salisyylihappo (CAS 69-72-7)"},"content":{"rendered":"<p> <strong> Info<\/strong> <\/p>\n<p> Toimialat: kosmetiikkateollisuus, hartsit, muovit, polyuretaanit <br \/>\nCAS-numero: 69-72-7 <br \/>\nWE-numero: 200-712-3 <br \/>\nKemiallinen kaava: C7H6O3 <br \/>\nMoolimassa: 138,12 g \/mol <br \/>\nTullitariffi: 29182100 <\/p>\n<p> <strong> Muut fyysiset ominaisuudet <\/strong> <\/p>\n<p> pH: ~ 2,4 (2 g \/l, 20 \u00b0 C) <br \/>\nSulamis- \/ j\u00e4\u00e4tymispiste: 157 &#8211; 159 \u00b0 C <br \/>\nKiehumispiste \/ kiehumisalue: ~ 211 \u00b0 C (1013 hPa) <br \/>\nSuhteellinen tiheys: 1443 g \/cm\u00b3 (20 \u00b0 C) <br \/>\nLiukoisuus veteen: 2 g\/l (20 \u00b0 C) <\/p>\n","protected":false},"excerpt":{"rendered":"<p> <strong>Salisyylihappo (CAS 69-72-7)<\/strong> <\/p>\n<p>Salisyylihappo on orgaaninen yhdiste, joka on palavaa ja huoneenl\u00e4mm\u00f6ss\u00e4 (20 \u00b0C) olomuodoltaan v\u00e4rit\u00f6nt\u00e4 kiteist\u00e4 ainetta, neulamaisia kiteit\u00e4. Sen kemiallinen kaava on C7H6O3 ja rakennekaava HOC6H4COOH. Salisyylihaposta k\u00e4ytet\u00e4\u00e4n my\u00f6s nimityksi\u00e4 2-hydroksibentsoehappo, o-hydroksibentsoehappo ja fenolihappo. Salisyylihapon suolat ja esterit ovat salisylaatteja. Salisyylihapon moolimassa on 138,1 g\/mol, h\u00e4rmistymispiste 76 \u00b0C, sulamispiste 159 \u00b0C, suhteellinen tiheys 1,4 g\/cm3 (vesi = 1,0 g\/cm3), liukoisuus veteen 20 \u00b0C l\u00e4mp\u00f6tilassa 0,2 g\/100 ml, leimahduspiste 157 \u00b0C, itsesyttymisl\u00e4mp\u00f6tila 540 \u00b0C ja CAS-numero 69-72-7.<\/p>\n<p>Kasveissa salisyylihappo toimii kasvihormonin kaltaisesti. Salisyylihappo toimii my\u00f6s joidenkin eli\u00f6iden semiokemikaalina.<\/p>\n","protected":false},"featured_media":14390,"template":"","meta":[],"product_brand":[],"product_cat":[180,294,286,258],"product_tag":[],"class_list":{"0":"post-14384","1":"product","2":"type-product","3":"status-publish","4":"has-post-thumbnail","6":"product_cat-uncategorized-fi-2","7":"product_cat-kosmetiikkateollisuus","8":"product_cat-maalit-ja-lakat","9":"product_cat-muovi-fi","11":"first","12":"instock","13":"taxable","14":"shipping-taxable","15":"purchasable","16":"product-type-variable","17":"has-default-attributes"},"yoast_head":"<!-- This site is optimized with the Yoast SEO plugin v26.2 - https:\/\/yoast.com\/wordpress\/plugins\/seo\/ -->\n<title>Salisyylihappo (CAS 69-72-7) - Chemistry For Industry - Solvents &amp; Chemicals - Masterchem.ee<\/title>\n<meta name=\"description\" content=\"Salisyylihappo on orgaaninen yhdiste, joka on palavaa ja huoneenl\u00e4mm\u00f6ss\u00e4 (20 \u00b0C) olomuodoltaan v\u00e4rit\u00f6nt\u00e4 kiteist\u00e4 ainetta, neulamaisia kiteit\u00e4.\" \/>\n<meta name=\"robots\" content=\"index, follow, max-snippet:-1, max-image-preview:large, max-video-preview:-1\" \/>\n<link rel=\"canonical\" href=\"https:\/\/masterchem.ee\/fi\/tooted-ja-teenused\/salisyylihappo-cas-69-72-7\/\" \/>\n<meta name=\"twitter:card\" content=\"summary_large_image\" \/>\n<meta name=\"twitter:title\" content=\"Salisyylihappo (CAS 69-72-7) - Chemistry For Industry - Solvents &amp; Chemicals - Masterchem.ee\" \/>\n<meta name=\"twitter:description\" content=\"Salisyylihappo on orgaaninen yhdiste, joka on palavaa ja huoneenl\u00e4mm\u00f6ss\u00e4 (20 \u00b0C) olomuodoltaan v\u00e4rit\u00f6nt\u00e4 kiteist\u00e4 ainetta, neulamaisia kiteit\u00e4.\" \/>\n<meta name=\"twitter:image\" content=\"https:\/\/masterchem.ee\/wp-content\/uploads\/2021\/09\/Salitsuulhape-25kg-MasterChem.jpg\" \/>\n<script type=\"application\/ld+json\" class=\"yoast-schema-graph\">{\"@context\":\"https:\/\/schema.org\",\"@graph\":[{\"@type\":\"WebPage\",\"@id\":\"https:\/\/masterchem.ee\/fi\/tooted-ja-teenused\/salisyylihappo-cas-69-72-7\/\",\"url\":\"https:\/\/masterchem.ee\/fi\/tooted-ja-teenused\/salisyylihappo-cas-69-72-7\/\",\"name\":\"Salisyylihappo (CAS 69-72-7) - Chemistry For Industry - Solvents &amp; Chemicals - Masterchem.ee\",\"isPartOf\":{\"@id\":\"https:\/\/masterchem.ee\/fi\/#website\"},\"primaryImageOfPage\":{\"@id\":\"https:\/\/masterchem.ee\/fi\/tooted-ja-teenused\/salisyylihappo-cas-69-72-7\/#primaryimage\"},\"image\":{\"@id\":\"https:\/\/masterchem.ee\/fi\/tooted-ja-teenused\/salisyylihappo-cas-69-72-7\/#primaryimage\"},\"thumbnailUrl\":\"https:\/\/masterchem.ee\/wp-content\/uploads\/2021\/09\/Salitsuulhape-25kg-MasterChem.jpg\",\"datePublished\":\"2021-09-06T17:38:43+00:00\",\"dateModified\":\"2021-09-06T17:47:11+00:00\",\"description\":\"Salisyylihappo on orgaaninen yhdiste, joka on palavaa ja huoneenl\u00e4mm\u00f6ss\u00e4 (20 \u00b0C) olomuodoltaan v\u00e4rit\u00f6nt\u00e4 kiteist\u00e4 ainetta, neulamaisia kiteit\u00e4.\",\"breadcrumb\":{\"@id\":\"https:\/\/masterchem.ee\/fi\/tooted-ja-teenused\/salisyylihappo-cas-69-72-7\/#breadcrumb\"},\"inLanguage\":\"fi\",\"potentialAction\":[{\"@type\":\"ReadAction\",\"target\":[\"https:\/\/masterchem.ee\/fi\/tooted-ja-teenused\/salisyylihappo-cas-69-72-7\/\"]}]},{\"@type\":\"ImageObject\",\"inLanguage\":\"fi\",\"@id\":\"https:\/\/masterchem.ee\/fi\/tooted-ja-teenused\/salisyylihappo-cas-69-72-7\/#primaryimage\",\"url\":\"https:\/\/masterchem.ee\/wp-content\/uploads\/2021\/09\/Salitsuulhape-25kg-MasterChem.jpg\",\"contentUrl\":\"https:\/\/masterchem.ee\/wp-content\/uploads\/2021\/09\/Salitsuulhape-25kg-MasterChem.jpg\",\"width\":1000,\"height\":1000,\"caption\":\"Salisyylihappo (CAS 69-72-7) 25kg MasterChem\"},{\"@type\":\"BreadcrumbList\",\"@id\":\"https:\/\/masterchem.ee\/fi\/tooted-ja-teenused\/salisyylihappo-cas-69-72-7\/#breadcrumb\",\"itemListElement\":[{\"@type\":\"ListItem\",\"position\":1,\"name\":\"Home\",\"item\":\"https:\/\/masterchem.ee\/fi\/\"},{\"@type\":\"ListItem\",\"position\":2,\"name\":\"Tooted ja teenused\",\"item\":\"https:\/\/masterchem.ee\/tooted-ja-teenused\/\"},{\"@type\":\"ListItem\",\"position\":3,\"name\":\"Salisyylihappo (CAS 69-72-7)\"}]},{\"@type\":\"WebSite\",\"@id\":\"https:\/\/masterchem.ee\/fi\/#website\",\"url\":\"https:\/\/masterchem.ee\/fi\/\",\"name\":\"Masterchem.ee\",\"description\":\"Chemistry For Industry - Solvents &amp; Chemicals\",\"publisher\":{\"@id\":\"https:\/\/masterchem.ee\/fi\/#organization\"},\"potentialAction\":[{\"@type\":\"SearchAction\",\"target\":{\"@type\":\"EntryPoint\",\"urlTemplate\":\"https:\/\/masterchem.ee\/fi\/?s={search_term_string}\"},\"query-input\":{\"@type\":\"PropertyValueSpecification\",\"valueRequired\":true,\"valueName\":\"search_term_string\"}}],\"inLanguage\":\"fi\"},{\"@type\":\"Organization\",\"@id\":\"https:\/\/masterchem.ee\/fi\/#organization\",\"name\":\"Masterchem\",\"url\":\"https:\/\/masterchem.ee\/fi\/\",\"logo\":{\"@type\":\"ImageObject\",\"inLanguage\":\"fi\",\"@id\":\"https:\/\/masterchem.ee\/fi\/#\/schema\/logo\/image\/\",\"url\":\"https:\/\/masterchem.ee\/wp-content\/uploads\/2018\/02\/master-chem_final-1.png\",\"contentUrl\":\"https:\/\/masterchem.ee\/wp-content\/uploads\/2018\/02\/master-chem_final-1.png\",\"width\":850,\"height\":356,\"caption\":\"Masterchem\"},\"image\":{\"@id\":\"https:\/\/masterchem.ee\/fi\/#\/schema\/logo\/image\/\"}}]}<\/script>\n<!-- \/ Yoast SEO plugin. -->","yoast_head_json":{"title":"Salisyylihappo (CAS 69-72-7) - Chemistry For Industry - Solvents &amp; Chemicals - Masterchem.ee","description":"Salisyylihappo on orgaaninen yhdiste, joka on palavaa ja huoneenl\u00e4mm\u00f6ss\u00e4 (20 \u00b0C) olomuodoltaan v\u00e4rit\u00f6nt\u00e4 kiteist\u00e4 ainetta, neulamaisia kiteit\u00e4.","robots":{"index":"index","follow":"follow","max-snippet":"max-snippet:-1","max-image-preview":"max-image-preview:large","max-video-preview":"max-video-preview:-1"},"canonical":"https:\/\/masterchem.ee\/fi\/tooted-ja-teenused\/salisyylihappo-cas-69-72-7\/","twitter_card":"summary_large_image","twitter_title":"Salisyylihappo (CAS 69-72-7) - Chemistry For Industry - Solvents &amp; Chemicals - Masterchem.ee","twitter_description":"Salisyylihappo on orgaaninen yhdiste, joka on palavaa ja huoneenl\u00e4mm\u00f6ss\u00e4 (20 \u00b0C) olomuodoltaan v\u00e4rit\u00f6nt\u00e4 kiteist\u00e4 ainetta, neulamaisia kiteit\u00e4.","twitter_image":"https:\/\/masterchem.ee\/wp-content\/uploads\/2021\/09\/Salitsuulhape-25kg-MasterChem.jpg","schema":{"@context":"https:\/\/schema.org","@graph":[{"@type":"WebPage","@id":"https:\/\/masterchem.ee\/fi\/tooted-ja-teenused\/salisyylihappo-cas-69-72-7\/","url":"https:\/\/masterchem.ee\/fi\/tooted-ja-teenused\/salisyylihappo-cas-69-72-7\/","name":"Salisyylihappo (CAS 69-72-7) - Chemistry For Industry - Solvents &amp; Chemicals - Masterchem.ee","isPartOf":{"@id":"https:\/\/masterchem.ee\/fi\/#website"},"primaryImageOfPage":{"@id":"https:\/\/masterchem.ee\/fi\/tooted-ja-teenused\/salisyylihappo-cas-69-72-7\/#primaryimage"},"image":{"@id":"https:\/\/masterchem.ee\/fi\/tooted-ja-teenused\/salisyylihappo-cas-69-72-7\/#primaryimage"},"thumbnailUrl":"https:\/\/masterchem.ee\/wp-content\/uploads\/2021\/09\/Salitsuulhape-25kg-MasterChem.jpg","datePublished":"2021-09-06T17:38:43+00:00","dateModified":"2021-09-06T17:47:11+00:00","description":"Salisyylihappo on orgaaninen yhdiste, joka on palavaa ja huoneenl\u00e4mm\u00f6ss\u00e4 (20 \u00b0C) olomuodoltaan v\u00e4rit\u00f6nt\u00e4 kiteist\u00e4 ainetta, neulamaisia kiteit\u00e4.","breadcrumb":{"@id":"https:\/\/masterchem.ee\/fi\/tooted-ja-teenused\/salisyylihappo-cas-69-72-7\/#breadcrumb"},"inLanguage":"fi","potentialAction":[{"@type":"ReadAction","target":["https:\/\/masterchem.ee\/fi\/tooted-ja-teenused\/salisyylihappo-cas-69-72-7\/"]}]},{"@type":"ImageObject","inLanguage":"fi","@id":"https:\/\/masterchem.ee\/fi\/tooted-ja-teenused\/salisyylihappo-cas-69-72-7\/#primaryimage","url":"https:\/\/masterchem.ee\/wp-content\/uploads\/2021\/09\/Salitsuulhape-25kg-MasterChem.jpg","contentUrl":"https:\/\/masterchem.ee\/wp-content\/uploads\/2021\/09\/Salitsuulhape-25kg-MasterChem.jpg","width":1000,"height":1000,"caption":"Salisyylihappo (CAS 69-72-7) 25kg MasterChem"},{"@type":"BreadcrumbList","@id":"https:\/\/masterchem.ee\/fi\/tooted-ja-teenused\/salisyylihappo-cas-69-72-7\/#breadcrumb","itemListElement":[{"@type":"ListItem","position":1,"name":"Home","item":"https:\/\/masterchem.ee\/fi\/"},{"@type":"ListItem","position":2,"name":"Tooted ja teenused","item":"https:\/\/masterchem.ee\/tooted-ja-teenused\/"},{"@type":"ListItem","position":3,"name":"Salisyylihappo (CAS 69-72-7)"}]},{"@type":"WebSite","@id":"https:\/\/masterchem.ee\/fi\/#website","url":"https:\/\/masterchem.ee\/fi\/","name":"Masterchem.ee","description":"Chemistry For Industry - Solvents &amp; Chemicals","publisher":{"@id":"https:\/\/masterchem.ee\/fi\/#organization"},"potentialAction":[{"@type":"SearchAction","target":{"@type":"EntryPoint","urlTemplate":"https:\/\/masterchem.ee\/fi\/?s={search_term_string}"},"query-input":{"@type":"PropertyValueSpecification","valueRequired":true,"valueName":"search_term_string"}}],"inLanguage":"fi"},{"@type":"Organization","@id":"https:\/\/masterchem.ee\/fi\/#organization","name":"Masterchem","url":"https:\/\/masterchem.ee\/fi\/","logo":{"@type":"ImageObject","inLanguage":"fi","@id":"https:\/\/masterchem.ee\/fi\/#\/schema\/logo\/image\/","url":"https:\/\/masterchem.ee\/wp-content\/uploads\/2018\/02\/master-chem_final-1.png","contentUrl":"https:\/\/masterchem.ee\/wp-content\/uploads\/2018\/02\/master-chem_final-1.png","width":850,"height":356,"caption":"Masterchem"},"image":{"@id":"https:\/\/masterchem.ee\/fi\/#\/schema\/logo\/image\/"}}]}},"_links":{"self":[{"href":"https:\/\/masterchem.ee\/fi\/wp-json\/wp\/v2\/product\/14384","targetHints":{"allow":["GET"]}}],"collection":[{"href":"https:\/\/masterchem.ee\/fi\/wp-json\/wp\/v2\/product"}],"about":[{"href":"https:\/\/masterchem.ee\/fi\/wp-json\/wp\/v2\/types\/product"}],"wp:featuredmedia":[{"embeddable":true,"href":"https:\/\/masterchem.ee\/fi\/wp-json\/wp\/v2\/media\/14390"}],"wp:attachment":[{"href":"https:\/\/masterchem.ee\/fi\/wp-json\/wp\/v2\/media?parent=14384"}],"wp:term":[{"taxonomy":"product_brand","embeddable":true,"href":"https:\/\/masterchem.ee\/fi\/wp-json\/wp\/v2\/product_brand?post=14384"},{"taxonomy":"product_cat","embeddable":true,"href":"https:\/\/masterchem.ee\/fi\/wp-json\/wp\/v2\/product_cat?post=14384"},{"taxonomy":"product_tag","embeddable":true,"href":"https:\/\/masterchem.ee\/fi\/wp-json\/wp\/v2\/product_tag?post=14384"}],"curies":[{"name":"wp","href":"https:\/\/api.w.org\/{rel}","templated":true}]}}