{"id":14367,"date":"2021-09-06T17:13:24","date_gmt":"2021-09-06T17:13:27","guid":{"rendered":"https:\/\/masterchem.ee\/?post_type=product&#038;p=14367"},"modified":"2021-09-06T17:20:30","modified_gmt":"2021-09-06T17:20:30","slug":"magnesiumkarbonaatti-cas-546-93-0","status":"publish","type":"product","link":"https:\/\/masterchem.ee\/fi\/tooted-ja-teenused\/magnesiumkarbonaatti-cas-546-93-0\/","title":{"rendered":"Magnesiumkarbonaatti (CAS 546-93-0)"},"content":{"rendered":"<p> <strong> Info<\/strong> <\/p>\n<p> Toimialat: maalit ja lakat, l\u00e4\u00e4keteollisuus <br \/>\nCAS-numero: 546-93-0 <br \/>\nWE-numero: 208-915-9 <br \/>\nKemiallinen kaava: MgCO3 <br \/>\nTullitariffi: 28369911 <\/p>\n<p> <strong> Muut fyysiset ominaisuudet <\/strong> <\/p>\n<p> pH: Ok.10 (10 %) <br \/>\nSulamis- \/ j\u00e4\u00e4tymispiste: 850 \u00b0 C <br \/>\nSuhteellinen tiheys: 2,16 g \/cm3 <br \/>\nLiukoisuus veteen: Ok. 1 g 100 g <\/p>\n","protected":false},"excerpt":{"rendered":"<p> <strong>Magnesiumkarbonaatti (CAS 546-93-0)<\/strong> <\/p>\n<p>Magnesiumkarbonaatti (MgCO3) on magnesium- ja karbonaatti-ionien muodostama ep\u00e4orgaaninen ioniyhdiste. Yhdisteell\u00e4 on lukuisia k\u00e4ytt\u00f6tarkoituksia.<\/p>\n<p>Magnesiumkarbonaattia esiintyy luonnossa magnesiittimineraalina. Kidevedett\u00f6m\u00e4n magnesiitin lis\u00e4ksi magnesiumkarbonaatista tunnetaan kidevedellisi\u00e4 mineraaleja, joita ovat muun muassa barringtoniitti (MgCO3\u00b72H2O), nesquhoniitti ((MgCO3\u00b73H2O) ja lansfordiitti (MgCO3\u00b75H2O). Suurimmat magnesiumkarbonaattimineraalivarannot ovat Ven\u00e4j\u00e4ll\u00e4, Pohjois-Koreassa ja Kiinassa.<\/p>\n<p>Huoneenl\u00e4mp\u00f6tilassa magnesiumkarbonaatti on valkoista kiinte\u00e4\u00e4 ainetta. Se on veteen liukenematonta, mutta liukenee happoliuoksiin. Kuumennettaessa magnesiumkarbonaatti alkaa hajota noin 350 \u00b0C l\u00e4mp\u00f6tilassa ja reaktion l\u00e4mp\u00f6tila nousee t\u00e4m\u00e4n j\u00e4lkeen hyvin nopeasti noin 550 \u00b0C l\u00e4mp\u00f6tilaan.<\/p>\n","protected":false},"featured_media":14373,"template":"","meta":[],"product_brand":[],"product_cat":[180,120,286],"product_tag":[],"class_list":{"0":"post-14367","1":"product","2":"type-product","3":"status-publish","4":"has-post-thumbnail","6":"product_cat-uncategorized-fi-2","7":"product_cat-laaketeollisuus","8":"product_cat-maalit-ja-lakat","10":"first","11":"instock","12":"taxable","13":"shipping-taxable","14":"purchasable","15":"product-type-variable","16":"has-default-attributes"},"yoast_head":"<!-- This site is optimized with the Yoast SEO plugin v26.2 - https:\/\/yoast.com\/wordpress\/plugins\/seo\/ -->\n<title>Magnesiumkarbonaatti (CAS 546-93-0) - Chemistry For Industry - Solvents &amp; Chemicals - Masterchem.ee<\/title>\n<meta name=\"description\" content=\"Magnesiumkarbonaatti (MgCO3) on magnesium- ja karbonaatti-ionien muodostama ep\u00e4orgaaninen ioniyhdiste. Yhdisteell\u00e4 on lukuisia k\u00e4ytt\u00f6tarkoituksia.\" \/>\n<meta name=\"robots\" content=\"index, follow, max-snippet:-1, max-image-preview:large, max-video-preview:-1\" \/>\n<link rel=\"canonical\" href=\"https:\/\/masterchem.ee\/fi\/tooted-ja-teenused\/magnesiumkarbonaatti-cas-546-93-0\/\" \/>\n<meta name=\"twitter:card\" content=\"summary_large_image\" \/>\n<meta name=\"twitter:title\" content=\"Magnesiumkarbonaatti (CAS 546-93-0) - Chemistry For Industry - Solvents &amp; Chemicals - Masterchem.ee\" \/>\n<meta name=\"twitter:description\" content=\"Magnesiumkarbonaatti (MgCO3) on magnesium- ja karbonaatti-ionien muodostama ep\u00e4orgaaninen ioniyhdiste. Yhdisteell\u00e4 on lukuisia k\u00e4ytt\u00f6tarkoituksia.\" \/>\n<meta name=\"twitter:image\" content=\"https:\/\/masterchem.ee\/wp-content\/uploads\/2021\/09\/Magneesiumkarbonaat-25kg-MasterChem.jpg\" \/>\n<script type=\"application\/ld+json\" class=\"yoast-schema-graph\">{\"@context\":\"https:\/\/schema.org\",\"@graph\":[{\"@type\":\"WebPage\",\"@id\":\"https:\/\/masterchem.ee\/fi\/tooted-ja-teenused\/magnesiumkarbonaatti-cas-546-93-0\/\",\"url\":\"https:\/\/masterchem.ee\/fi\/tooted-ja-teenused\/magnesiumkarbonaatti-cas-546-93-0\/\",\"name\":\"Magnesiumkarbonaatti (CAS 546-93-0) - Chemistry For Industry - Solvents &amp; Chemicals - Masterchem.ee\",\"isPartOf\":{\"@id\":\"https:\/\/masterchem.ee\/fi\/#website\"},\"primaryImageOfPage\":{\"@id\":\"https:\/\/masterchem.ee\/fi\/tooted-ja-teenused\/magnesiumkarbonaatti-cas-546-93-0\/#primaryimage\"},\"image\":{\"@id\":\"https:\/\/masterchem.ee\/fi\/tooted-ja-teenused\/magnesiumkarbonaatti-cas-546-93-0\/#primaryimage\"},\"thumbnailUrl\":\"https:\/\/masterchem.ee\/wp-content\/uploads\/2021\/09\/Magneesiumkarbonaat-25kg-MasterChem.jpg\",\"datePublished\":\"2021-09-06T17:13:27+00:00\",\"dateModified\":\"2021-09-06T17:20:30+00:00\",\"description\":\"Magnesiumkarbonaatti (MgCO3) on magnesium- ja karbonaatti-ionien muodostama ep\u00e4orgaaninen ioniyhdiste. Yhdisteell\u00e4 on lukuisia k\u00e4ytt\u00f6tarkoituksia.\",\"breadcrumb\":{\"@id\":\"https:\/\/masterchem.ee\/fi\/tooted-ja-teenused\/magnesiumkarbonaatti-cas-546-93-0\/#breadcrumb\"},\"inLanguage\":\"fi\",\"potentialAction\":[{\"@type\":\"ReadAction\",\"target\":[\"https:\/\/masterchem.ee\/fi\/tooted-ja-teenused\/magnesiumkarbonaatti-cas-546-93-0\/\"]}]},{\"@type\":\"ImageObject\",\"inLanguage\":\"fi\",\"@id\":\"https:\/\/masterchem.ee\/fi\/tooted-ja-teenused\/magnesiumkarbonaatti-cas-546-93-0\/#primaryimage\",\"url\":\"https:\/\/masterchem.ee\/wp-content\/uploads\/2021\/09\/Magneesiumkarbonaat-25kg-MasterChem.jpg\",\"contentUrl\":\"https:\/\/masterchem.ee\/wp-content\/uploads\/2021\/09\/Magneesiumkarbonaat-25kg-MasterChem.jpg\",\"width\":1000,\"height\":1000,\"caption\":\"Magnesiumkarbonaatti (CAS 546-93-0) 25kg MasterChem\"},{\"@type\":\"BreadcrumbList\",\"@id\":\"https:\/\/masterchem.ee\/fi\/tooted-ja-teenused\/magnesiumkarbonaatti-cas-546-93-0\/#breadcrumb\",\"itemListElement\":[{\"@type\":\"ListItem\",\"position\":1,\"name\":\"Home\",\"item\":\"https:\/\/masterchem.ee\/fi\/\"},{\"@type\":\"ListItem\",\"position\":2,\"name\":\"Tooted ja teenused\",\"item\":\"https:\/\/masterchem.ee\/tooted-ja-teenused\/\"},{\"@type\":\"ListItem\",\"position\":3,\"name\":\"Magnesiumkarbonaatti (CAS 546-93-0)\"}]},{\"@type\":\"WebSite\",\"@id\":\"https:\/\/masterchem.ee\/fi\/#website\",\"url\":\"https:\/\/masterchem.ee\/fi\/\",\"name\":\"Masterchem.ee\",\"description\":\"Chemistry For Industry - Solvents &amp; Chemicals\",\"publisher\":{\"@id\":\"https:\/\/masterchem.ee\/fi\/#organization\"},\"potentialAction\":[{\"@type\":\"SearchAction\",\"target\":{\"@type\":\"EntryPoint\",\"urlTemplate\":\"https:\/\/masterchem.ee\/fi\/?s={search_term_string}\"},\"query-input\":{\"@type\":\"PropertyValueSpecification\",\"valueRequired\":true,\"valueName\":\"search_term_string\"}}],\"inLanguage\":\"fi\"},{\"@type\":\"Organization\",\"@id\":\"https:\/\/masterchem.ee\/fi\/#organization\",\"name\":\"Masterchem\",\"url\":\"https:\/\/masterchem.ee\/fi\/\",\"logo\":{\"@type\":\"ImageObject\",\"inLanguage\":\"fi\",\"@id\":\"https:\/\/masterchem.ee\/fi\/#\/schema\/logo\/image\/\",\"url\":\"https:\/\/masterchem.ee\/wp-content\/uploads\/2018\/02\/master-chem_final-1.png\",\"contentUrl\":\"https:\/\/masterchem.ee\/wp-content\/uploads\/2018\/02\/master-chem_final-1.png\",\"width\":850,\"height\":356,\"caption\":\"Masterchem\"},\"image\":{\"@id\":\"https:\/\/masterchem.ee\/fi\/#\/schema\/logo\/image\/\"}}]}<\/script>\n<!-- \/ Yoast SEO plugin. -->","yoast_head_json":{"title":"Magnesiumkarbonaatti (CAS 546-93-0) - Chemistry For Industry - Solvents &amp; Chemicals - Masterchem.ee","description":"Magnesiumkarbonaatti (MgCO3) on magnesium- ja karbonaatti-ionien muodostama ep\u00e4orgaaninen ioniyhdiste. Yhdisteell\u00e4 on lukuisia k\u00e4ytt\u00f6tarkoituksia.","robots":{"index":"index","follow":"follow","max-snippet":"max-snippet:-1","max-image-preview":"max-image-preview:large","max-video-preview":"max-video-preview:-1"},"canonical":"https:\/\/masterchem.ee\/fi\/tooted-ja-teenused\/magnesiumkarbonaatti-cas-546-93-0\/","twitter_card":"summary_large_image","twitter_title":"Magnesiumkarbonaatti (CAS 546-93-0) - Chemistry For Industry - Solvents &amp; Chemicals - Masterchem.ee","twitter_description":"Magnesiumkarbonaatti (MgCO3) on magnesium- ja karbonaatti-ionien muodostama ep\u00e4orgaaninen ioniyhdiste. Yhdisteell\u00e4 on lukuisia k\u00e4ytt\u00f6tarkoituksia.","twitter_image":"https:\/\/masterchem.ee\/wp-content\/uploads\/2021\/09\/Magneesiumkarbonaat-25kg-MasterChem.jpg","schema":{"@context":"https:\/\/schema.org","@graph":[{"@type":"WebPage","@id":"https:\/\/masterchem.ee\/fi\/tooted-ja-teenused\/magnesiumkarbonaatti-cas-546-93-0\/","url":"https:\/\/masterchem.ee\/fi\/tooted-ja-teenused\/magnesiumkarbonaatti-cas-546-93-0\/","name":"Magnesiumkarbonaatti (CAS 546-93-0) - Chemistry For Industry - Solvents &amp; Chemicals - Masterchem.ee","isPartOf":{"@id":"https:\/\/masterchem.ee\/fi\/#website"},"primaryImageOfPage":{"@id":"https:\/\/masterchem.ee\/fi\/tooted-ja-teenused\/magnesiumkarbonaatti-cas-546-93-0\/#primaryimage"},"image":{"@id":"https:\/\/masterchem.ee\/fi\/tooted-ja-teenused\/magnesiumkarbonaatti-cas-546-93-0\/#primaryimage"},"thumbnailUrl":"https:\/\/masterchem.ee\/wp-content\/uploads\/2021\/09\/Magneesiumkarbonaat-25kg-MasterChem.jpg","datePublished":"2021-09-06T17:13:27+00:00","dateModified":"2021-09-06T17:20:30+00:00","description":"Magnesiumkarbonaatti (MgCO3) on magnesium- ja karbonaatti-ionien muodostama ep\u00e4orgaaninen ioniyhdiste. Yhdisteell\u00e4 on lukuisia k\u00e4ytt\u00f6tarkoituksia.","breadcrumb":{"@id":"https:\/\/masterchem.ee\/fi\/tooted-ja-teenused\/magnesiumkarbonaatti-cas-546-93-0\/#breadcrumb"},"inLanguage":"fi","potentialAction":[{"@type":"ReadAction","target":["https:\/\/masterchem.ee\/fi\/tooted-ja-teenused\/magnesiumkarbonaatti-cas-546-93-0\/"]}]},{"@type":"ImageObject","inLanguage":"fi","@id":"https:\/\/masterchem.ee\/fi\/tooted-ja-teenused\/magnesiumkarbonaatti-cas-546-93-0\/#primaryimage","url":"https:\/\/masterchem.ee\/wp-content\/uploads\/2021\/09\/Magneesiumkarbonaat-25kg-MasterChem.jpg","contentUrl":"https:\/\/masterchem.ee\/wp-content\/uploads\/2021\/09\/Magneesiumkarbonaat-25kg-MasterChem.jpg","width":1000,"height":1000,"caption":"Magnesiumkarbonaatti (CAS 546-93-0) 25kg MasterChem"},{"@type":"BreadcrumbList","@id":"https:\/\/masterchem.ee\/fi\/tooted-ja-teenused\/magnesiumkarbonaatti-cas-546-93-0\/#breadcrumb","itemListElement":[{"@type":"ListItem","position":1,"name":"Home","item":"https:\/\/masterchem.ee\/fi\/"},{"@type":"ListItem","position":2,"name":"Tooted ja teenused","item":"https:\/\/masterchem.ee\/tooted-ja-teenused\/"},{"@type":"ListItem","position":3,"name":"Magnesiumkarbonaatti (CAS 546-93-0)"}]},{"@type":"WebSite","@id":"https:\/\/masterchem.ee\/fi\/#website","url":"https:\/\/masterchem.ee\/fi\/","name":"Masterchem.ee","description":"Chemistry For Industry - Solvents &amp; Chemicals","publisher":{"@id":"https:\/\/masterchem.ee\/fi\/#organization"},"potentialAction":[{"@type":"SearchAction","target":{"@type":"EntryPoint","urlTemplate":"https:\/\/masterchem.ee\/fi\/?s={search_term_string}"},"query-input":{"@type":"PropertyValueSpecification","valueRequired":true,"valueName":"search_term_string"}}],"inLanguage":"fi"},{"@type":"Organization","@id":"https:\/\/masterchem.ee\/fi\/#organization","name":"Masterchem","url":"https:\/\/masterchem.ee\/fi\/","logo":{"@type":"ImageObject","inLanguage":"fi","@id":"https:\/\/masterchem.ee\/fi\/#\/schema\/logo\/image\/","url":"https:\/\/masterchem.ee\/wp-content\/uploads\/2018\/02\/master-chem_final-1.png","contentUrl":"https:\/\/masterchem.ee\/wp-content\/uploads\/2018\/02\/master-chem_final-1.png","width":850,"height":356,"caption":"Masterchem"},"image":{"@id":"https:\/\/masterchem.ee\/fi\/#\/schema\/logo\/image\/"}}]}},"_links":{"self":[{"href":"https:\/\/masterchem.ee\/fi\/wp-json\/wp\/v2\/product\/14367","targetHints":{"allow":["GET"]}}],"collection":[{"href":"https:\/\/masterchem.ee\/fi\/wp-json\/wp\/v2\/product"}],"about":[{"href":"https:\/\/masterchem.ee\/fi\/wp-json\/wp\/v2\/types\/product"}],"wp:featuredmedia":[{"embeddable":true,"href":"https:\/\/masterchem.ee\/fi\/wp-json\/wp\/v2\/media\/14373"}],"wp:attachment":[{"href":"https:\/\/masterchem.ee\/fi\/wp-json\/wp\/v2\/media?parent=14367"}],"wp:term":[{"taxonomy":"product_brand","embeddable":true,"href":"https:\/\/masterchem.ee\/fi\/wp-json\/wp\/v2\/product_brand?post=14367"},{"taxonomy":"product_cat","embeddable":true,"href":"https:\/\/masterchem.ee\/fi\/wp-json\/wp\/v2\/product_cat?post=14367"},{"taxonomy":"product_tag","embeddable":true,"href":"https:\/\/masterchem.ee\/fi\/wp-json\/wp\/v2\/product_tag?post=14367"}],"curies":[{"name":"wp","href":"https:\/\/api.w.org\/{rel}","templated":true}]}}