{"id":14331,"date":"2021-09-05T16:49:42","date_gmt":"2021-09-05T16:49:45","guid":{"rendered":"https:\/\/masterchem.ee\/?post_type=product&#038;p=14331"},"modified":"2021-09-05T16:56:35","modified_gmt":"2021-09-05T16:56:35","slug":"grafiitti-cas-7782-42-5","status":"publish","type":"product","link":"https:\/\/masterchem.ee\/fi\/tooted-ja-teenused\/grafiitti-cas-7782-42-5\/","title":{"rendered":"Grafiitti (CAS 7782-42-5)"},"content":{"rendered":"<p> <strong> Teave <\/strong> <\/p>\n<p> \u041e\u0442\u0440\u0430\u0441\u043b\u0438: \u043a\u0440\u0430\u0441\u043a\u0438 \u0438 \u043b\u0430\u043a\u0438, \u0441\u0442\u0435\u043a\u043b\u043e \u0438 \u043a\u0435\u0440\u0430\u043c\u0438\u043a\u0430, \u043a\u043b\u0435\u0438, \u043c\u0430\u0441\u043b\u0430, \u0441\u043c\u0430\u0437\u043a\u0438, \u0441\u043c\u043e\u043b\u044b, \u043f\u043b\u0430\u0441\u0442\u043c\u0430\u0441\u0441\u044b, \u043f\u043e\u043b\u0438\u0443\u0440\u0435\u0442\u0430\u043d\u044b <br \/>\n\u041d\u043e\u043c\u0435\u0440 CAS: 7782-42-5 <br \/>\n\u041d\u0430\u0448 \u043d\u043e\u043c\u0435\u0440: 231-955-3 <br \/>\n\u0425\u0438\u043c\u0438\u0447\u0435\u0441\u043a\u0430\u044f \u0444\u043e\u0440\u043c\u0443\u043b\u0430: C <br \/>\n\u041c\u043e\u043b\u044f\u0440\u043d\u0430\u044f \u043c\u0430\u0441\u0441\u0430: 12,01 \u0433 \/ \u043c\u043e\u043b\u044c <br \/>\n\u041a\u043e\u0434 \u0442\u0430\u043c\u043e\u0436\u0435\u043d\u043d\u043e\u0433\u043e \u0442\u0430\u0440\u0438\u0444\u0430: 32064970 <\/p>\n","protected":false},"excerpt":{"rendered":"<p> <strong>Grafiitti (CAS 7782-42-5)<\/strong> <\/p>\n<p>Grafiitti on hiilen yleisin ilmenemismuoto. Se on kidej\u00e4rjestelm\u00e4lt\u00e4\u00e4n heksagoninen, tummanharmaa, pehme\u00e4 ja tahraava mineraali, joka on puhdasta hiilt\u00e4. Sen kiteet ovat kuusikulmaisen levyn muotoisia. Grafiitti johtaa hyvin s\u00e4hk\u00f6\u00e4 ja sit\u00e4 k\u00e4ytet\u00e4\u00e4n muun muassa s\u00e4hk\u00f6moottorien hiiliharjoissa, elektrodimateriaalina, voiteluaineena, lis\u00e4aineena polymeeriss\u00e4, lyijykyn\u00e4n lyijyn\u00e4 ja ydinreaktoreiden hidastinaineena.<\/p>\n","protected":false},"featured_media":14337,"template":"","meta":[],"product_brand":[],"product_cat":[180,298,286,258],"product_tag":[],"class_list":{"0":"post-14331","1":"product","2":"type-product","3":"status-publish","4":"has-post-thumbnail","6":"product_cat-uncategorized-fi-2","7":"product_cat-lasi-ja-keramiikka","8":"product_cat-maalit-ja-lakat","9":"product_cat-muovi-fi","11":"first","12":"instock","13":"taxable","14":"shipping-taxable","15":"purchasable","16":"product-type-variable"},"yoast_head":"<!-- This site is optimized with the Yoast SEO plugin v26.2 - https:\/\/yoast.com\/wordpress\/plugins\/seo\/ -->\n<title>Grafiitti (CAS 7782-42-5) - Chemistry For Industry - Solvents &amp; Chemicals - Masterchem.ee<\/title>\n<meta name=\"description\" content=\"Grafiitti on hiilen yleisin ilmenemismuoto. Se on kidej\u00e4rjestelm\u00e4lt\u00e4\u00e4n heksagoninen, tummanharmaa, pehme\u00e4 ja tahraava mineraali, joka on puhdasta hiilt\u00e4.\" \/>\n<meta name=\"robots\" content=\"index, follow, max-snippet:-1, max-image-preview:large, max-video-preview:-1\" \/>\n<link rel=\"canonical\" href=\"https:\/\/masterchem.ee\/fi\/tooted-ja-teenused\/grafiitti-cas-7782-42-5\/\" \/>\n<meta name=\"twitter:card\" content=\"summary_large_image\" \/>\n<meta name=\"twitter:title\" content=\"Grafiitti (CAS 7782-42-5) - Chemistry For Industry - Solvents &amp; Chemicals - Masterchem.ee\" \/>\n<meta name=\"twitter:description\" content=\"Grafiitti on hiilen yleisin ilmenemismuoto. Se on kidej\u00e4rjestelm\u00e4lt\u00e4\u00e4n heksagoninen, tummanharmaa, pehme\u00e4 ja tahraava mineraali, joka on puhdasta hiilt\u00e4.\" \/>\n<meta name=\"twitter:image\" content=\"https:\/\/masterchem.ee\/wp-content\/uploads\/2021\/09\/Grafiit-25kg-MasterChem.jpg\" \/>\n<script type=\"application\/ld+json\" class=\"yoast-schema-graph\">{\"@context\":\"https:\/\/schema.org\",\"@graph\":[{\"@type\":\"WebPage\",\"@id\":\"https:\/\/masterchem.ee\/fi\/tooted-ja-teenused\/grafiitti-cas-7782-42-5\/\",\"url\":\"https:\/\/masterchem.ee\/fi\/tooted-ja-teenused\/grafiitti-cas-7782-42-5\/\",\"name\":\"Grafiitti (CAS 7782-42-5) - Chemistry For Industry - Solvents &amp; Chemicals - Masterchem.ee\",\"isPartOf\":{\"@id\":\"https:\/\/masterchem.ee\/fi\/#website\"},\"primaryImageOfPage\":{\"@id\":\"https:\/\/masterchem.ee\/fi\/tooted-ja-teenused\/grafiitti-cas-7782-42-5\/#primaryimage\"},\"image\":{\"@id\":\"https:\/\/masterchem.ee\/fi\/tooted-ja-teenused\/grafiitti-cas-7782-42-5\/#primaryimage\"},\"thumbnailUrl\":\"https:\/\/masterchem.ee\/wp-content\/uploads\/2021\/09\/Grafiit-25kg-MasterChem.jpg\",\"datePublished\":\"2021-09-05T16:49:45+00:00\",\"dateModified\":\"2021-09-05T16:56:35+00:00\",\"description\":\"Grafiitti on hiilen yleisin ilmenemismuoto. Se on kidej\u00e4rjestelm\u00e4lt\u00e4\u00e4n heksagoninen, tummanharmaa, pehme\u00e4 ja tahraava mineraali, joka on puhdasta hiilt\u00e4.\",\"breadcrumb\":{\"@id\":\"https:\/\/masterchem.ee\/fi\/tooted-ja-teenused\/grafiitti-cas-7782-42-5\/#breadcrumb\"},\"inLanguage\":\"fi\",\"potentialAction\":[{\"@type\":\"ReadAction\",\"target\":[\"https:\/\/masterchem.ee\/fi\/tooted-ja-teenused\/grafiitti-cas-7782-42-5\/\"]}]},{\"@type\":\"ImageObject\",\"inLanguage\":\"fi\",\"@id\":\"https:\/\/masterchem.ee\/fi\/tooted-ja-teenused\/grafiitti-cas-7782-42-5\/#primaryimage\",\"url\":\"https:\/\/masterchem.ee\/wp-content\/uploads\/2021\/09\/Grafiit-25kg-MasterChem.jpg\",\"contentUrl\":\"https:\/\/masterchem.ee\/wp-content\/uploads\/2021\/09\/Grafiit-25kg-MasterChem.jpg\",\"width\":1000,\"height\":1000,\"caption\":\"Grafiitti (CAS 7782-42-5) 25kg MasterChem\"},{\"@type\":\"BreadcrumbList\",\"@id\":\"https:\/\/masterchem.ee\/fi\/tooted-ja-teenused\/grafiitti-cas-7782-42-5\/#breadcrumb\",\"itemListElement\":[{\"@type\":\"ListItem\",\"position\":1,\"name\":\"Home\",\"item\":\"https:\/\/masterchem.ee\/fi\/\"},{\"@type\":\"ListItem\",\"position\":2,\"name\":\"Tooted ja teenused\",\"item\":\"https:\/\/masterchem.ee\/tooted-ja-teenused\/\"},{\"@type\":\"ListItem\",\"position\":3,\"name\":\"Grafiitti (CAS 7782-42-5)\"}]},{\"@type\":\"WebSite\",\"@id\":\"https:\/\/masterchem.ee\/fi\/#website\",\"url\":\"https:\/\/masterchem.ee\/fi\/\",\"name\":\"Masterchem.ee\",\"description\":\"Chemistry For Industry - Solvents &amp; Chemicals\",\"publisher\":{\"@id\":\"https:\/\/masterchem.ee\/fi\/#organization\"},\"potentialAction\":[{\"@type\":\"SearchAction\",\"target\":{\"@type\":\"EntryPoint\",\"urlTemplate\":\"https:\/\/masterchem.ee\/fi\/?s={search_term_string}\"},\"query-input\":{\"@type\":\"PropertyValueSpecification\",\"valueRequired\":true,\"valueName\":\"search_term_string\"}}],\"inLanguage\":\"fi\"},{\"@type\":\"Organization\",\"@id\":\"https:\/\/masterchem.ee\/fi\/#organization\",\"name\":\"Masterchem\",\"url\":\"https:\/\/masterchem.ee\/fi\/\",\"logo\":{\"@type\":\"ImageObject\",\"inLanguage\":\"fi\",\"@id\":\"https:\/\/masterchem.ee\/fi\/#\/schema\/logo\/image\/\",\"url\":\"https:\/\/masterchem.ee\/wp-content\/uploads\/2018\/02\/master-chem_final-1.png\",\"contentUrl\":\"https:\/\/masterchem.ee\/wp-content\/uploads\/2018\/02\/master-chem_final-1.png\",\"width\":850,\"height\":356,\"caption\":\"Masterchem\"},\"image\":{\"@id\":\"https:\/\/masterchem.ee\/fi\/#\/schema\/logo\/image\/\"}}]}<\/script>\n<!-- \/ Yoast SEO plugin. -->","yoast_head_json":{"title":"Grafiitti (CAS 7782-42-5) - Chemistry For Industry - Solvents &amp; Chemicals - Masterchem.ee","description":"Grafiitti on hiilen yleisin ilmenemismuoto. Se on kidej\u00e4rjestelm\u00e4lt\u00e4\u00e4n heksagoninen, tummanharmaa, pehme\u00e4 ja tahraava mineraali, joka on puhdasta hiilt\u00e4.","robots":{"index":"index","follow":"follow","max-snippet":"max-snippet:-1","max-image-preview":"max-image-preview:large","max-video-preview":"max-video-preview:-1"},"canonical":"https:\/\/masterchem.ee\/fi\/tooted-ja-teenused\/grafiitti-cas-7782-42-5\/","twitter_card":"summary_large_image","twitter_title":"Grafiitti (CAS 7782-42-5) - Chemistry For Industry - Solvents &amp; Chemicals - Masterchem.ee","twitter_description":"Grafiitti on hiilen yleisin ilmenemismuoto. Se on kidej\u00e4rjestelm\u00e4lt\u00e4\u00e4n heksagoninen, tummanharmaa, pehme\u00e4 ja tahraava mineraali, joka on puhdasta hiilt\u00e4.","twitter_image":"https:\/\/masterchem.ee\/wp-content\/uploads\/2021\/09\/Grafiit-25kg-MasterChem.jpg","schema":{"@context":"https:\/\/schema.org","@graph":[{"@type":"WebPage","@id":"https:\/\/masterchem.ee\/fi\/tooted-ja-teenused\/grafiitti-cas-7782-42-5\/","url":"https:\/\/masterchem.ee\/fi\/tooted-ja-teenused\/grafiitti-cas-7782-42-5\/","name":"Grafiitti (CAS 7782-42-5) - Chemistry For Industry - Solvents &amp; Chemicals - Masterchem.ee","isPartOf":{"@id":"https:\/\/masterchem.ee\/fi\/#website"},"primaryImageOfPage":{"@id":"https:\/\/masterchem.ee\/fi\/tooted-ja-teenused\/grafiitti-cas-7782-42-5\/#primaryimage"},"image":{"@id":"https:\/\/masterchem.ee\/fi\/tooted-ja-teenused\/grafiitti-cas-7782-42-5\/#primaryimage"},"thumbnailUrl":"https:\/\/masterchem.ee\/wp-content\/uploads\/2021\/09\/Grafiit-25kg-MasterChem.jpg","datePublished":"2021-09-05T16:49:45+00:00","dateModified":"2021-09-05T16:56:35+00:00","description":"Grafiitti on hiilen yleisin ilmenemismuoto. Se on kidej\u00e4rjestelm\u00e4lt\u00e4\u00e4n heksagoninen, tummanharmaa, pehme\u00e4 ja tahraava mineraali, joka on puhdasta hiilt\u00e4.","breadcrumb":{"@id":"https:\/\/masterchem.ee\/fi\/tooted-ja-teenused\/grafiitti-cas-7782-42-5\/#breadcrumb"},"inLanguage":"fi","potentialAction":[{"@type":"ReadAction","target":["https:\/\/masterchem.ee\/fi\/tooted-ja-teenused\/grafiitti-cas-7782-42-5\/"]}]},{"@type":"ImageObject","inLanguage":"fi","@id":"https:\/\/masterchem.ee\/fi\/tooted-ja-teenused\/grafiitti-cas-7782-42-5\/#primaryimage","url":"https:\/\/masterchem.ee\/wp-content\/uploads\/2021\/09\/Grafiit-25kg-MasterChem.jpg","contentUrl":"https:\/\/masterchem.ee\/wp-content\/uploads\/2021\/09\/Grafiit-25kg-MasterChem.jpg","width":1000,"height":1000,"caption":"Grafiitti (CAS 7782-42-5) 25kg MasterChem"},{"@type":"BreadcrumbList","@id":"https:\/\/masterchem.ee\/fi\/tooted-ja-teenused\/grafiitti-cas-7782-42-5\/#breadcrumb","itemListElement":[{"@type":"ListItem","position":1,"name":"Home","item":"https:\/\/masterchem.ee\/fi\/"},{"@type":"ListItem","position":2,"name":"Tooted ja teenused","item":"https:\/\/masterchem.ee\/tooted-ja-teenused\/"},{"@type":"ListItem","position":3,"name":"Grafiitti (CAS 7782-42-5)"}]},{"@type":"WebSite","@id":"https:\/\/masterchem.ee\/fi\/#website","url":"https:\/\/masterchem.ee\/fi\/","name":"Masterchem.ee","description":"Chemistry For Industry - Solvents &amp; Chemicals","publisher":{"@id":"https:\/\/masterchem.ee\/fi\/#organization"},"potentialAction":[{"@type":"SearchAction","target":{"@type":"EntryPoint","urlTemplate":"https:\/\/masterchem.ee\/fi\/?s={search_term_string}"},"query-input":{"@type":"PropertyValueSpecification","valueRequired":true,"valueName":"search_term_string"}}],"inLanguage":"fi"},{"@type":"Organization","@id":"https:\/\/masterchem.ee\/fi\/#organization","name":"Masterchem","url":"https:\/\/masterchem.ee\/fi\/","logo":{"@type":"ImageObject","inLanguage":"fi","@id":"https:\/\/masterchem.ee\/fi\/#\/schema\/logo\/image\/","url":"https:\/\/masterchem.ee\/wp-content\/uploads\/2018\/02\/master-chem_final-1.png","contentUrl":"https:\/\/masterchem.ee\/wp-content\/uploads\/2018\/02\/master-chem_final-1.png","width":850,"height":356,"caption":"Masterchem"},"image":{"@id":"https:\/\/masterchem.ee\/fi\/#\/schema\/logo\/image\/"}}]}},"_links":{"self":[{"href":"https:\/\/masterchem.ee\/fi\/wp-json\/wp\/v2\/product\/14331","targetHints":{"allow":["GET"]}}],"collection":[{"href":"https:\/\/masterchem.ee\/fi\/wp-json\/wp\/v2\/product"}],"about":[{"href":"https:\/\/masterchem.ee\/fi\/wp-json\/wp\/v2\/types\/product"}],"wp:featuredmedia":[{"embeddable":true,"href":"https:\/\/masterchem.ee\/fi\/wp-json\/wp\/v2\/media\/14337"}],"wp:attachment":[{"href":"https:\/\/masterchem.ee\/fi\/wp-json\/wp\/v2\/media?parent=14331"}],"wp:term":[{"taxonomy":"product_brand","embeddable":true,"href":"https:\/\/masterchem.ee\/fi\/wp-json\/wp\/v2\/product_brand?post=14331"},{"taxonomy":"product_cat","embeddable":true,"href":"https:\/\/masterchem.ee\/fi\/wp-json\/wp\/v2\/product_cat?post=14331"},{"taxonomy":"product_tag","embeddable":true,"href":"https:\/\/masterchem.ee\/fi\/wp-json\/wp\/v2\/product_tag?post=14331"}],"curies":[{"name":"wp","href":"https:\/\/api.w.org\/{rel}","templated":true}]}}