{"id":14301,"date":"2021-09-05T15:16:37","date_gmt":"2021-09-05T15:16:38","guid":{"rendered":"https:\/\/masterchem.ee\/?post_type=product&#038;p=14301"},"modified":"2021-09-05T15:24:43","modified_gmt":"2021-09-05T15:24:43","slug":"trietuulfosfaat-cas-78-40-0","status":"publish","type":"product","link":"https:\/\/masterchem.ee\/fi\/tooted-ja-teenused\/trietuulfosfaat-cas-78-40-0\/","title":{"rendered":"Triet\u00fc\u00fclfosfaat (CAS 78-40-0)"},"content":{"rendered":"<p> <strong> Teave <\/strong> <\/p>\n<p> T\u00f6\u00f6stusharud: vaigud, plastid, pol\u00fcuretaanid <br \/>\nCASi number: 78-40-0 <br \/>\nWE number: 201-114-5 <br \/>\nKeemiline valem: C6H15O4P <br \/>\nMolaarmass: 182,16 g \/mol <br \/>\nTollitariifikood: 29199000 <\/p>\n<p> <strong> Muud f\u00fc\u00fcsilised omadused <\/strong> <\/p>\n<p> Keemistemperatuur \/ -vahemik: 211\u00baC <br \/>\nSuhteline tihedus: 1071 kg\/m3 <\/p>\n","protected":false},"excerpt":{"rendered":"<p> <strong> Triet\u00fc\u00fclfosfaat (CAS 78-40-0) <\/strong> <\/p>\n<p> Triet\u00fc\u00fclfosfaat on keemiline \u00fchend valemiga (C2H5) 3PO4 v\u00f5i OP (OEt) 3. See on v\u00e4rvitu vedelik. See on etanooli ja fosforhappe proovija ning seda v\u00f5ib nimetada &#8221;fosforhappeks, triet\u00fc\u00fclesteriks&#8221;. <\/p>\n<p> Selle esmane kasutusala on t\u00f6\u00f6stuslik katal\u00fcsaator (\u00e4\u00e4dikhappe anh\u00fcdriidi s\u00fcnteesis), pol\u00fcmeervaigu modifikaator ja plastifikaator (nt k\u00fcllastumata pol\u00fcestrite puhul). V\u00e4iksemas mahus kasutatakse seda lahustina nt. tselluloosatsetaat, leegiaeglustid, pestitsiidide ja muude kemikaalide vahe\u00fchend, peroksiidide stabilisaator, kummi ja plasti tugevusaine, sealhulgas vin\u00fc\u00fclpol\u00fcmeerid ja k\u00fcllastumata pol\u00fcestrid jne. <\/p>\n","protected":false},"featured_media":14307,"template":"","meta":[],"product_brand":[],"product_cat":[180,286,258],"product_tag":[],"class_list":{"0":"post-14301","1":"product","2":"type-product","3":"status-publish","4":"has-post-thumbnail","6":"product_cat-uncategorized-fi-2","7":"product_cat-maalit-ja-lakat","8":"product_cat-muovi-fi","10":"first","11":"instock","12":"taxable","13":"shipping-taxable","14":"purchasable","15":"product-type-variable"},"yoast_head":"<!-- This site is optimized with the Yoast SEO plugin v26.2 - https:\/\/yoast.com\/wordpress\/plugins\/seo\/ -->\n<title>Triet\u00fc\u00fclfosfaat (CAS 78-40-0) - Chemistry For Industry - Solvents &amp; Chemicals - Masterchem.ee<\/title>\n<meta name=\"description\" content=\"Triet\u00fc\u00fclfosfaat on keemiline \u00fchend valemiga (C2H5) 3PO4 v\u00f5i OP (OEt) 3. See on v\u00e4rvitu vedelik. See on etanooli ja fosforhappe proovija ning seda v\u00f5ib nimetada &quot;fosforhappeks, triet\u00fc\u00fclesteriks&quot;.\" \/>\n<meta name=\"robots\" content=\"index, follow, max-snippet:-1, max-image-preview:large, max-video-preview:-1\" \/>\n<link rel=\"canonical\" href=\"https:\/\/masterchem.ee\/fi\/tooted-ja-teenused\/trietuulfosfaat-cas-78-40-0\/\" \/>\n<meta name=\"twitter:card\" content=\"summary_large_image\" \/>\n<meta name=\"twitter:title\" content=\"Triet\u00fc\u00fclfosfaat (CAS 78-40-0) - Chemistry For Industry - Solvents &amp; Chemicals - Masterchem.ee\" \/>\n<meta name=\"twitter:description\" content=\"Triet\u00fc\u00fclfosfaat on keemiline \u00fchend valemiga (C2H5) 3PO4 v\u00f5i OP (OEt) 3. See on v\u00e4rvitu vedelik. See on etanooli ja fosforhappe proovija ning seda v\u00f5ib nimetada &quot;fosforhappeks, triet\u00fc\u00fclesteriks&quot;.\" \/>\n<meta name=\"twitter:image\" content=\"https:\/\/masterchem.ee\/wp-content\/uploads\/2021\/09\/Trietuulfosfaat-25kg-MasterChem.jpg\" \/>\n<script type=\"application\/ld+json\" class=\"yoast-schema-graph\">{\"@context\":\"https:\/\/schema.org\",\"@graph\":[{\"@type\":\"WebPage\",\"@id\":\"https:\/\/masterchem.ee\/fi\/tooted-ja-teenused\/trietuulfosfaat-cas-78-40-0\/\",\"url\":\"https:\/\/masterchem.ee\/fi\/tooted-ja-teenused\/trietuulfosfaat-cas-78-40-0\/\",\"name\":\"Triet\u00fc\u00fclfosfaat (CAS 78-40-0) - Chemistry For Industry - Solvents &amp; Chemicals - Masterchem.ee\",\"isPartOf\":{\"@id\":\"https:\/\/masterchem.ee\/fi\/#website\"},\"primaryImageOfPage\":{\"@id\":\"https:\/\/masterchem.ee\/fi\/tooted-ja-teenused\/trietuulfosfaat-cas-78-40-0\/#primaryimage\"},\"image\":{\"@id\":\"https:\/\/masterchem.ee\/fi\/tooted-ja-teenused\/trietuulfosfaat-cas-78-40-0\/#primaryimage\"},\"thumbnailUrl\":\"https:\/\/masterchem.ee\/wp-content\/uploads\/2021\/09\/Trietuulfosfaat-25kg-MasterChem.jpg\",\"datePublished\":\"2021-09-05T15:16:38+00:00\",\"dateModified\":\"2021-09-05T15:24:43+00:00\",\"description\":\"Triet\u00fc\u00fclfosfaat on keemiline \u00fchend valemiga (C2H5) 3PO4 v\u00f5i OP (OEt) 3. See on v\u00e4rvitu vedelik. See on etanooli ja fosforhappe proovija ning seda v\u00f5ib nimetada \\\"fosforhappeks, triet\u00fc\u00fclesteriks\\\".\",\"breadcrumb\":{\"@id\":\"https:\/\/masterchem.ee\/fi\/tooted-ja-teenused\/trietuulfosfaat-cas-78-40-0\/#breadcrumb\"},\"inLanguage\":\"fi\",\"potentialAction\":[{\"@type\":\"ReadAction\",\"target\":[\"https:\/\/masterchem.ee\/fi\/tooted-ja-teenused\/trietuulfosfaat-cas-78-40-0\/\"]}]},{\"@type\":\"ImageObject\",\"inLanguage\":\"fi\",\"@id\":\"https:\/\/masterchem.ee\/fi\/tooted-ja-teenused\/trietuulfosfaat-cas-78-40-0\/#primaryimage\",\"url\":\"https:\/\/masterchem.ee\/wp-content\/uploads\/2021\/09\/Trietuulfosfaat-25kg-MasterChem.jpg\",\"contentUrl\":\"https:\/\/masterchem.ee\/wp-content\/uploads\/2021\/09\/Trietuulfosfaat-25kg-MasterChem.jpg\",\"width\":1000,\"height\":1000,\"caption\":\"Triet\u00fc\u00fclfosfaat (CAS 78-40-0) 25kg MasterChem\"},{\"@type\":\"BreadcrumbList\",\"@id\":\"https:\/\/masterchem.ee\/fi\/tooted-ja-teenused\/trietuulfosfaat-cas-78-40-0\/#breadcrumb\",\"itemListElement\":[{\"@type\":\"ListItem\",\"position\":1,\"name\":\"Home\",\"item\":\"https:\/\/masterchem.ee\/fi\/\"},{\"@type\":\"ListItem\",\"position\":2,\"name\":\"Tooted ja teenused\",\"item\":\"https:\/\/masterchem.ee\/tooted-ja-teenused\/\"},{\"@type\":\"ListItem\",\"position\":3,\"name\":\"Triet\u00fc\u00fclfosfaat (CAS 78-40-0)\"}]},{\"@type\":\"WebSite\",\"@id\":\"https:\/\/masterchem.ee\/fi\/#website\",\"url\":\"https:\/\/masterchem.ee\/fi\/\",\"name\":\"Masterchem.ee\",\"description\":\"Chemistry For Industry - Solvents &amp; Chemicals\",\"publisher\":{\"@id\":\"https:\/\/masterchem.ee\/fi\/#organization\"},\"potentialAction\":[{\"@type\":\"SearchAction\",\"target\":{\"@type\":\"EntryPoint\",\"urlTemplate\":\"https:\/\/masterchem.ee\/fi\/?s={search_term_string}\"},\"query-input\":{\"@type\":\"PropertyValueSpecification\",\"valueRequired\":true,\"valueName\":\"search_term_string\"}}],\"inLanguage\":\"fi\"},{\"@type\":\"Organization\",\"@id\":\"https:\/\/masterchem.ee\/fi\/#organization\",\"name\":\"Masterchem\",\"url\":\"https:\/\/masterchem.ee\/fi\/\",\"logo\":{\"@type\":\"ImageObject\",\"inLanguage\":\"fi\",\"@id\":\"https:\/\/masterchem.ee\/fi\/#\/schema\/logo\/image\/\",\"url\":\"https:\/\/masterchem.ee\/wp-content\/uploads\/2018\/02\/master-chem_final-1.png\",\"contentUrl\":\"https:\/\/masterchem.ee\/wp-content\/uploads\/2018\/02\/master-chem_final-1.png\",\"width\":850,\"height\":356,\"caption\":\"Masterchem\"},\"image\":{\"@id\":\"https:\/\/masterchem.ee\/fi\/#\/schema\/logo\/image\/\"}}]}<\/script>\n<!-- \/ Yoast SEO plugin. -->","yoast_head_json":{"title":"Triet\u00fc\u00fclfosfaat (CAS 78-40-0) - Chemistry For Industry - Solvents &amp; Chemicals - Masterchem.ee","description":"Triet\u00fc\u00fclfosfaat on keemiline \u00fchend valemiga (C2H5) 3PO4 v\u00f5i OP (OEt) 3. See on v\u00e4rvitu vedelik. See on etanooli ja fosforhappe proovija ning seda v\u00f5ib nimetada \"fosforhappeks, triet\u00fc\u00fclesteriks\".","robots":{"index":"index","follow":"follow","max-snippet":"max-snippet:-1","max-image-preview":"max-image-preview:large","max-video-preview":"max-video-preview:-1"},"canonical":"https:\/\/masterchem.ee\/fi\/tooted-ja-teenused\/trietuulfosfaat-cas-78-40-0\/","twitter_card":"summary_large_image","twitter_title":"Triet\u00fc\u00fclfosfaat (CAS 78-40-0) - Chemistry For Industry - Solvents &amp; Chemicals - Masterchem.ee","twitter_description":"Triet\u00fc\u00fclfosfaat on keemiline \u00fchend valemiga (C2H5) 3PO4 v\u00f5i OP (OEt) 3. See on v\u00e4rvitu vedelik. See on etanooli ja fosforhappe proovija ning seda v\u00f5ib nimetada \"fosforhappeks, triet\u00fc\u00fclesteriks\".","twitter_image":"https:\/\/masterchem.ee\/wp-content\/uploads\/2021\/09\/Trietuulfosfaat-25kg-MasterChem.jpg","schema":{"@context":"https:\/\/schema.org","@graph":[{"@type":"WebPage","@id":"https:\/\/masterchem.ee\/fi\/tooted-ja-teenused\/trietuulfosfaat-cas-78-40-0\/","url":"https:\/\/masterchem.ee\/fi\/tooted-ja-teenused\/trietuulfosfaat-cas-78-40-0\/","name":"Triet\u00fc\u00fclfosfaat (CAS 78-40-0) - Chemistry For Industry - Solvents &amp; Chemicals - Masterchem.ee","isPartOf":{"@id":"https:\/\/masterchem.ee\/fi\/#website"},"primaryImageOfPage":{"@id":"https:\/\/masterchem.ee\/fi\/tooted-ja-teenused\/trietuulfosfaat-cas-78-40-0\/#primaryimage"},"image":{"@id":"https:\/\/masterchem.ee\/fi\/tooted-ja-teenused\/trietuulfosfaat-cas-78-40-0\/#primaryimage"},"thumbnailUrl":"https:\/\/masterchem.ee\/wp-content\/uploads\/2021\/09\/Trietuulfosfaat-25kg-MasterChem.jpg","datePublished":"2021-09-05T15:16:38+00:00","dateModified":"2021-09-05T15:24:43+00:00","description":"Triet\u00fc\u00fclfosfaat on keemiline \u00fchend valemiga (C2H5) 3PO4 v\u00f5i OP (OEt) 3. See on v\u00e4rvitu vedelik. See on etanooli ja fosforhappe proovija ning seda v\u00f5ib nimetada \"fosforhappeks, triet\u00fc\u00fclesteriks\".","breadcrumb":{"@id":"https:\/\/masterchem.ee\/fi\/tooted-ja-teenused\/trietuulfosfaat-cas-78-40-0\/#breadcrumb"},"inLanguage":"fi","potentialAction":[{"@type":"ReadAction","target":["https:\/\/masterchem.ee\/fi\/tooted-ja-teenused\/trietuulfosfaat-cas-78-40-0\/"]}]},{"@type":"ImageObject","inLanguage":"fi","@id":"https:\/\/masterchem.ee\/fi\/tooted-ja-teenused\/trietuulfosfaat-cas-78-40-0\/#primaryimage","url":"https:\/\/masterchem.ee\/wp-content\/uploads\/2021\/09\/Trietuulfosfaat-25kg-MasterChem.jpg","contentUrl":"https:\/\/masterchem.ee\/wp-content\/uploads\/2021\/09\/Trietuulfosfaat-25kg-MasterChem.jpg","width":1000,"height":1000,"caption":"Triet\u00fc\u00fclfosfaat (CAS 78-40-0) 25kg MasterChem"},{"@type":"BreadcrumbList","@id":"https:\/\/masterchem.ee\/fi\/tooted-ja-teenused\/trietuulfosfaat-cas-78-40-0\/#breadcrumb","itemListElement":[{"@type":"ListItem","position":1,"name":"Home","item":"https:\/\/masterchem.ee\/fi\/"},{"@type":"ListItem","position":2,"name":"Tooted ja teenused","item":"https:\/\/masterchem.ee\/tooted-ja-teenused\/"},{"@type":"ListItem","position":3,"name":"Triet\u00fc\u00fclfosfaat (CAS 78-40-0)"}]},{"@type":"WebSite","@id":"https:\/\/masterchem.ee\/fi\/#website","url":"https:\/\/masterchem.ee\/fi\/","name":"Masterchem.ee","description":"Chemistry For Industry - Solvents &amp; Chemicals","publisher":{"@id":"https:\/\/masterchem.ee\/fi\/#organization"},"potentialAction":[{"@type":"SearchAction","target":{"@type":"EntryPoint","urlTemplate":"https:\/\/masterchem.ee\/fi\/?s={search_term_string}"},"query-input":{"@type":"PropertyValueSpecification","valueRequired":true,"valueName":"search_term_string"}}],"inLanguage":"fi"},{"@type":"Organization","@id":"https:\/\/masterchem.ee\/fi\/#organization","name":"Masterchem","url":"https:\/\/masterchem.ee\/fi\/","logo":{"@type":"ImageObject","inLanguage":"fi","@id":"https:\/\/masterchem.ee\/fi\/#\/schema\/logo\/image\/","url":"https:\/\/masterchem.ee\/wp-content\/uploads\/2018\/02\/master-chem_final-1.png","contentUrl":"https:\/\/masterchem.ee\/wp-content\/uploads\/2018\/02\/master-chem_final-1.png","width":850,"height":356,"caption":"Masterchem"},"image":{"@id":"https:\/\/masterchem.ee\/fi\/#\/schema\/logo\/image\/"}}]}},"_links":{"self":[{"href":"https:\/\/masterchem.ee\/fi\/wp-json\/wp\/v2\/product\/14301","targetHints":{"allow":["GET"]}}],"collection":[{"href":"https:\/\/masterchem.ee\/fi\/wp-json\/wp\/v2\/product"}],"about":[{"href":"https:\/\/masterchem.ee\/fi\/wp-json\/wp\/v2\/types\/product"}],"wp:featuredmedia":[{"embeddable":true,"href":"https:\/\/masterchem.ee\/fi\/wp-json\/wp\/v2\/media\/14307"}],"wp:attachment":[{"href":"https:\/\/masterchem.ee\/fi\/wp-json\/wp\/v2\/media?parent=14301"}],"wp:term":[{"taxonomy":"product_brand","embeddable":true,"href":"https:\/\/masterchem.ee\/fi\/wp-json\/wp\/v2\/product_brand?post=14301"},{"taxonomy":"product_cat","embeddable":true,"href":"https:\/\/masterchem.ee\/fi\/wp-json\/wp\/v2\/product_cat?post=14301"},{"taxonomy":"product_tag","embeddable":true,"href":"https:\/\/masterchem.ee\/fi\/wp-json\/wp\/v2\/product_tag?post=14301"}],"curies":[{"name":"wp","href":"https:\/\/api.w.org\/{rel}","templated":true}]}}