{"id":14282,"date":"2021-09-03T11:11:23","date_gmt":"2021-09-03T11:11:24","guid":{"rendered":"https:\/\/masterchem.ee\/?post_type=product&#038;p=14282"},"modified":"2022-05-16T15:55:26","modified_gmt":"2022-05-16T15:55:26","slug":"monoammoniumfosfaatti-cas-7722-76-1","status":"publish","type":"product","link":"https:\/\/masterchem.ee\/fi\/tooted-ja-teenused\/monoammoniumfosfaatti-cas-7722-76-1\/","title":{"rendered":"Monoammoniumfosfaatti (CAS 7722-76-1)"},"content":{"rendered":"<p> <strong> Info<\/strong> <\/p>\n<p> Toimialat: Lannoitteet, liimat, \u00f6ljyt, rasvat, puutarhanhoito, rakennuskemia, hartsit, muovit, polyuretaanit <br \/>\nCAS-numero: 7722-76-1 <br \/>\nWE-numero: 231-764-5 <br \/>\nKemiallinen kaava: (NH4) H2PO4 <br \/>\nMoolimassa: 115,03 g \/mol <br \/>\nTullitariffi: 31054000 <\/p>\n<p> <strong> Muut fyysiset ominaisuudet <\/strong> <\/p>\n<p> Sulamis- \/ j\u00e4\u00e4tymispiste: 190 \u00b0 C <br \/>\nSuhteellinen tiheys: 1,1 g \/cm3 (20 \u00b0 C) <br \/>\nLiukoisuus veteen: 370 g\/l <\/p>\n","protected":false},"excerpt":{"rendered":"<p> <strong>Monoammoniumfosfaatti (CAS 7722-76-1)<\/strong> <\/p>\n<p> Ammoniumdivetyfosfaatti (ADP), joka tunnetaan my\u00f6s nimell\u00e4 monoammoniumfosfaatti (MAP), on kemiallinen yhdiste, jonka kemiallinen kaava on (NH4) (H2PO4). ADP on maatalouden lannoitteiden ja joidenkin sammuttimien t\u00e4rke\u00e4 ainesosa. Sill\u00e4 on my\u00f6s merkitt\u00e4vi\u00e4 k\u00e4ytt\u00f6tarkoituksia optiikassa ja elektroniikassa. <\/p>\n<p> Monoammoniumfosfaatti liukenee veteen ja kiteytyy siit\u00e4 vedett\u00f6m\u00e4n\u00e4 suolana tetragonaalisessa j\u00e4rjestelm\u00e4ss\u00e4 pitk\u00e4nomaisina prismoina tai neuloina. Se on k\u00e4yt\u00e4nn\u00f6ss\u00e4 liukenematon etanoliin. <\/p>\n<p> Kiinte\u00e4\u00e4 monoammoniumfosfaattia voidaan pit\u00e4\u00e4 k\u00e4yt\u00e4nn\u00f6ss\u00e4 vakaana jopa 200 \u00b0 C: n l\u00e4mp\u00f6tiloissa, kun se hajoaa kaasumaiseksi ammoniakiksi NH3 ja sulaksi fosforihapoksi H3PO4. 125 \u00b0 C: ssa ammoniakin osapaine on 0,05 mm Hg. <\/p>\n<p> Stoikiometrisen monoammoniumfosfaatin liuos on hapan (pH 4,7 0,1%: n pitoisuudessa, 4,2 5%: ssa). <\/p>\n","protected":false},"featured_media":14288,"template":"","meta":[],"product_brand":[],"product_cat":[180,323,286,258,351,114],"product_tag":[],"class_list":{"0":"post-14282","1":"product","2":"type-product","3":"status-publish","4":"has-post-thumbnail","6":"product_cat-uncategorized-fi-2","7":"product_cat-lannoitteet","8":"product_cat-maalit-ja-lakat","9":"product_cat-muovi-fi","10":"product_cat-puutarhanhoito","11":"product_cat-rakennusteollisuus","13":"first","14":"instock","15":"taxable","16":"shipping-taxable","17":"purchasable","18":"product-type-variable"},"yoast_head":"<!-- This site is optimized with the Yoast SEO plugin v26.2 - https:\/\/yoast.com\/wordpress\/plugins\/seo\/ -->\n<title>Monoammoniumfosfaatti (CAS 7722-76-1) - Chemistry For Industry - Solvents &amp; Chemicals - Masterchem.ee<\/title>\n<meta name=\"description\" content=\"Ammoniumdivetyfosfaatti (ADP), joka tunnetaan my\u00f6s nimell\u00e4 monoammoniumfosfaatti (MAP), on kemiallinen yhdiste, jonka kemiallinen kaava (NH4) (H2PO4).\" \/>\n<meta name=\"robots\" content=\"index, follow, max-snippet:-1, max-image-preview:large, max-video-preview:-1\" \/>\n<link rel=\"canonical\" href=\"https:\/\/masterchem.ee\/fi\/tooted-ja-teenused\/monoammoniumfosfaatti-cas-7722-76-1\/\" \/>\n<meta name=\"twitter:card\" content=\"summary_large_image\" \/>\n<meta name=\"twitter:title\" content=\"Monoammoniumfosfaatti (CAS 7722-76-1) - Chemistry For Industry - Solvents &amp; Chemicals - Masterchem.ee\" \/>\n<meta name=\"twitter:description\" content=\"Ammoniumdivetyfosfaatti (ADP), joka tunnetaan my\u00f6s nimell\u00e4 monoammoniumfosfaatti (MAP), on kemiallinen yhdiste, jonka kemiallinen kaava (NH4) (H2PO4).\" \/>\n<meta name=\"twitter:image\" content=\"https:\/\/masterchem.ee\/wp-content\/uploads\/2021\/09\/Monoammooniumfosfaat-25kg-MasterChem.jpg\" \/>\n<script type=\"application\/ld+json\" class=\"yoast-schema-graph\">{\"@context\":\"https:\/\/schema.org\",\"@graph\":[{\"@type\":\"WebPage\",\"@id\":\"https:\/\/masterchem.ee\/fi\/tooted-ja-teenused\/monoammoniumfosfaatti-cas-7722-76-1\/\",\"url\":\"https:\/\/masterchem.ee\/fi\/tooted-ja-teenused\/monoammoniumfosfaatti-cas-7722-76-1\/\",\"name\":\"Monoammoniumfosfaatti (CAS 7722-76-1) - Chemistry For Industry - Solvents &amp; Chemicals - Masterchem.ee\",\"isPartOf\":{\"@id\":\"https:\/\/masterchem.ee\/fi\/#website\"},\"primaryImageOfPage\":{\"@id\":\"https:\/\/masterchem.ee\/fi\/tooted-ja-teenused\/monoammoniumfosfaatti-cas-7722-76-1\/#primaryimage\"},\"image\":{\"@id\":\"https:\/\/masterchem.ee\/fi\/tooted-ja-teenused\/monoammoniumfosfaatti-cas-7722-76-1\/#primaryimage\"},\"thumbnailUrl\":\"https:\/\/masterchem.ee\/wp-content\/uploads\/2021\/09\/Monoammooniumfosfaat-25kg-MasterChem.jpg\",\"datePublished\":\"2021-09-03T11:11:24+00:00\",\"dateModified\":\"2022-05-16T15:55:26+00:00\",\"description\":\"Ammoniumdivetyfosfaatti (ADP), joka tunnetaan my\u00f6s nimell\u00e4 monoammoniumfosfaatti (MAP), on kemiallinen yhdiste, jonka kemiallinen kaava (NH4) (H2PO4).\",\"breadcrumb\":{\"@id\":\"https:\/\/masterchem.ee\/fi\/tooted-ja-teenused\/monoammoniumfosfaatti-cas-7722-76-1\/#breadcrumb\"},\"inLanguage\":\"fi\",\"potentialAction\":[{\"@type\":\"ReadAction\",\"target\":[\"https:\/\/masterchem.ee\/fi\/tooted-ja-teenused\/monoammoniumfosfaatti-cas-7722-76-1\/\"]}]},{\"@type\":\"ImageObject\",\"inLanguage\":\"fi\",\"@id\":\"https:\/\/masterchem.ee\/fi\/tooted-ja-teenused\/monoammoniumfosfaatti-cas-7722-76-1\/#primaryimage\",\"url\":\"https:\/\/masterchem.ee\/wp-content\/uploads\/2021\/09\/Monoammooniumfosfaat-25kg-MasterChem.jpg\",\"contentUrl\":\"https:\/\/masterchem.ee\/wp-content\/uploads\/2021\/09\/Monoammooniumfosfaat-25kg-MasterChem.jpg\",\"width\":1000,\"height\":1000,\"caption\":\"Monoammoniumfosfaatti (CAS 7722-76-1) 25kg MasterChem\"},{\"@type\":\"BreadcrumbList\",\"@id\":\"https:\/\/masterchem.ee\/fi\/tooted-ja-teenused\/monoammoniumfosfaatti-cas-7722-76-1\/#breadcrumb\",\"itemListElement\":[{\"@type\":\"ListItem\",\"position\":1,\"name\":\"Home\",\"item\":\"https:\/\/masterchem.ee\/fi\/\"},{\"@type\":\"ListItem\",\"position\":2,\"name\":\"Tooted ja teenused\",\"item\":\"https:\/\/masterchem.ee\/tooted-ja-teenused\/\"},{\"@type\":\"ListItem\",\"position\":3,\"name\":\"Monoammoniumfosfaatti (CAS 7722-76-1)\"}]},{\"@type\":\"WebSite\",\"@id\":\"https:\/\/masterchem.ee\/fi\/#website\",\"url\":\"https:\/\/masterchem.ee\/fi\/\",\"name\":\"Masterchem.ee\",\"description\":\"Chemistry For Industry - Solvents &amp; Chemicals\",\"publisher\":{\"@id\":\"https:\/\/masterchem.ee\/fi\/#organization\"},\"potentialAction\":[{\"@type\":\"SearchAction\",\"target\":{\"@type\":\"EntryPoint\",\"urlTemplate\":\"https:\/\/masterchem.ee\/fi\/?s={search_term_string}\"},\"query-input\":{\"@type\":\"PropertyValueSpecification\",\"valueRequired\":true,\"valueName\":\"search_term_string\"}}],\"inLanguage\":\"fi\"},{\"@type\":\"Organization\",\"@id\":\"https:\/\/masterchem.ee\/fi\/#organization\",\"name\":\"Masterchem\",\"url\":\"https:\/\/masterchem.ee\/fi\/\",\"logo\":{\"@type\":\"ImageObject\",\"inLanguage\":\"fi\",\"@id\":\"https:\/\/masterchem.ee\/fi\/#\/schema\/logo\/image\/\",\"url\":\"https:\/\/masterchem.ee\/wp-content\/uploads\/2018\/02\/master-chem_final-1.png\",\"contentUrl\":\"https:\/\/masterchem.ee\/wp-content\/uploads\/2018\/02\/master-chem_final-1.png\",\"width\":850,\"height\":356,\"caption\":\"Masterchem\"},\"image\":{\"@id\":\"https:\/\/masterchem.ee\/fi\/#\/schema\/logo\/image\/\"}}]}<\/script>\n<!-- \/ Yoast SEO plugin. -->","yoast_head_json":{"title":"Monoammoniumfosfaatti (CAS 7722-76-1) - Chemistry For Industry - Solvents &amp; Chemicals - Masterchem.ee","description":"Ammoniumdivetyfosfaatti (ADP), joka tunnetaan my\u00f6s nimell\u00e4 monoammoniumfosfaatti (MAP), on kemiallinen yhdiste, jonka kemiallinen kaava (NH4) (H2PO4).","robots":{"index":"index","follow":"follow","max-snippet":"max-snippet:-1","max-image-preview":"max-image-preview:large","max-video-preview":"max-video-preview:-1"},"canonical":"https:\/\/masterchem.ee\/fi\/tooted-ja-teenused\/monoammoniumfosfaatti-cas-7722-76-1\/","twitter_card":"summary_large_image","twitter_title":"Monoammoniumfosfaatti (CAS 7722-76-1) - Chemistry For Industry - Solvents &amp; Chemicals - Masterchem.ee","twitter_description":"Ammoniumdivetyfosfaatti (ADP), joka tunnetaan my\u00f6s nimell\u00e4 monoammoniumfosfaatti (MAP), on kemiallinen yhdiste, jonka kemiallinen kaava (NH4) (H2PO4).","twitter_image":"https:\/\/masterchem.ee\/wp-content\/uploads\/2021\/09\/Monoammooniumfosfaat-25kg-MasterChem.jpg","schema":{"@context":"https:\/\/schema.org","@graph":[{"@type":"WebPage","@id":"https:\/\/masterchem.ee\/fi\/tooted-ja-teenused\/monoammoniumfosfaatti-cas-7722-76-1\/","url":"https:\/\/masterchem.ee\/fi\/tooted-ja-teenused\/monoammoniumfosfaatti-cas-7722-76-1\/","name":"Monoammoniumfosfaatti (CAS 7722-76-1) - Chemistry For Industry - Solvents &amp; Chemicals - Masterchem.ee","isPartOf":{"@id":"https:\/\/masterchem.ee\/fi\/#website"},"primaryImageOfPage":{"@id":"https:\/\/masterchem.ee\/fi\/tooted-ja-teenused\/monoammoniumfosfaatti-cas-7722-76-1\/#primaryimage"},"image":{"@id":"https:\/\/masterchem.ee\/fi\/tooted-ja-teenused\/monoammoniumfosfaatti-cas-7722-76-1\/#primaryimage"},"thumbnailUrl":"https:\/\/masterchem.ee\/wp-content\/uploads\/2021\/09\/Monoammooniumfosfaat-25kg-MasterChem.jpg","datePublished":"2021-09-03T11:11:24+00:00","dateModified":"2022-05-16T15:55:26+00:00","description":"Ammoniumdivetyfosfaatti (ADP), joka tunnetaan my\u00f6s nimell\u00e4 monoammoniumfosfaatti (MAP), on kemiallinen yhdiste, jonka kemiallinen kaava (NH4) (H2PO4).","breadcrumb":{"@id":"https:\/\/masterchem.ee\/fi\/tooted-ja-teenused\/monoammoniumfosfaatti-cas-7722-76-1\/#breadcrumb"},"inLanguage":"fi","potentialAction":[{"@type":"ReadAction","target":["https:\/\/masterchem.ee\/fi\/tooted-ja-teenused\/monoammoniumfosfaatti-cas-7722-76-1\/"]}]},{"@type":"ImageObject","inLanguage":"fi","@id":"https:\/\/masterchem.ee\/fi\/tooted-ja-teenused\/monoammoniumfosfaatti-cas-7722-76-1\/#primaryimage","url":"https:\/\/masterchem.ee\/wp-content\/uploads\/2021\/09\/Monoammooniumfosfaat-25kg-MasterChem.jpg","contentUrl":"https:\/\/masterchem.ee\/wp-content\/uploads\/2021\/09\/Monoammooniumfosfaat-25kg-MasterChem.jpg","width":1000,"height":1000,"caption":"Monoammoniumfosfaatti (CAS 7722-76-1) 25kg MasterChem"},{"@type":"BreadcrumbList","@id":"https:\/\/masterchem.ee\/fi\/tooted-ja-teenused\/monoammoniumfosfaatti-cas-7722-76-1\/#breadcrumb","itemListElement":[{"@type":"ListItem","position":1,"name":"Home","item":"https:\/\/masterchem.ee\/fi\/"},{"@type":"ListItem","position":2,"name":"Tooted ja teenused","item":"https:\/\/masterchem.ee\/tooted-ja-teenused\/"},{"@type":"ListItem","position":3,"name":"Monoammoniumfosfaatti (CAS 7722-76-1)"}]},{"@type":"WebSite","@id":"https:\/\/masterchem.ee\/fi\/#website","url":"https:\/\/masterchem.ee\/fi\/","name":"Masterchem.ee","description":"Chemistry For Industry - Solvents &amp; Chemicals","publisher":{"@id":"https:\/\/masterchem.ee\/fi\/#organization"},"potentialAction":[{"@type":"SearchAction","target":{"@type":"EntryPoint","urlTemplate":"https:\/\/masterchem.ee\/fi\/?s={search_term_string}"},"query-input":{"@type":"PropertyValueSpecification","valueRequired":true,"valueName":"search_term_string"}}],"inLanguage":"fi"},{"@type":"Organization","@id":"https:\/\/masterchem.ee\/fi\/#organization","name":"Masterchem","url":"https:\/\/masterchem.ee\/fi\/","logo":{"@type":"ImageObject","inLanguage":"fi","@id":"https:\/\/masterchem.ee\/fi\/#\/schema\/logo\/image\/","url":"https:\/\/masterchem.ee\/wp-content\/uploads\/2018\/02\/master-chem_final-1.png","contentUrl":"https:\/\/masterchem.ee\/wp-content\/uploads\/2018\/02\/master-chem_final-1.png","width":850,"height":356,"caption":"Masterchem"},"image":{"@id":"https:\/\/masterchem.ee\/fi\/#\/schema\/logo\/image\/"}}]}},"_links":{"self":[{"href":"https:\/\/masterchem.ee\/fi\/wp-json\/wp\/v2\/product\/14282","targetHints":{"allow":["GET"]}}],"collection":[{"href":"https:\/\/masterchem.ee\/fi\/wp-json\/wp\/v2\/product"}],"about":[{"href":"https:\/\/masterchem.ee\/fi\/wp-json\/wp\/v2\/types\/product"}],"wp:featuredmedia":[{"embeddable":true,"href":"https:\/\/masterchem.ee\/fi\/wp-json\/wp\/v2\/media\/14288"}],"wp:attachment":[{"href":"https:\/\/masterchem.ee\/fi\/wp-json\/wp\/v2\/media?parent=14282"}],"wp:term":[{"taxonomy":"product_brand","embeddable":true,"href":"https:\/\/masterchem.ee\/fi\/wp-json\/wp\/v2\/product_brand?post=14282"},{"taxonomy":"product_cat","embeddable":true,"href":"https:\/\/masterchem.ee\/fi\/wp-json\/wp\/v2\/product_cat?post=14282"},{"taxonomy":"product_tag","embeddable":true,"href":"https:\/\/masterchem.ee\/fi\/wp-json\/wp\/v2\/product_tag?post=14282"}],"curies":[{"name":"wp","href":"https:\/\/api.w.org\/{rel}","templated":true}]}}