{"id":14264,"date":"2021-09-01T16:29:38","date_gmt":"2021-09-01T16:29:41","guid":{"rendered":"https:\/\/masterchem.ee\/?post_type=product&#038;p=14264"},"modified":"2021-09-01T17:06:17","modified_gmt":"2021-09-01T17:06:17","slug":"diammoniumfosfaatti-cas-7783-28-0","status":"publish","type":"product","link":"https:\/\/masterchem.ee\/fi\/tooted-ja-teenused\/diammoniumfosfaatti-cas-7783-28-0\/","title":{"rendered":"Diammoniumfosfaatti (CAS 7783-28-0)"},"content":{"rendered":"<p> <strong> Info<\/strong> <\/p>\n<p> Toimialat: maalit ja lakat, lannoitteet, liimat, \u00f6ljyt, rasvat, rakennuskemia <br \/>\nCAS-numero: 7783-28-0 <br \/>\nWE-numero: 231-987-8 <br \/>\nKemiallinen kaava: (NH4) 2HPO4 <br \/>\nMoolimassa: 132,1 g \/mol <br \/>\nTullitariffi: 31053000 <\/p>\n<p> <strong> Muut fyysiset ominaisuudet <\/strong> <\/p>\n<p> pH: 8-8,5 <br \/>\nSuhteellinen tiheys: 1619 g \/cm3 (20 \u00b0 C) <br \/>\nLiukoisuus veteen: 588 g\/l (20 \u00b0 C) <\/p>\n","protected":false},"excerpt":{"rendered":"<p> <strong>Diammoniumfosfaatti (CAS 7783-28-0)<\/strong> <\/p>\n<p> Diammoniumfosfaatti (DAP; IUPAC-nimi diammoniumvetyfosfaatti; kemiallinen kaava (NH4) 2 (HPO4) on yksi vesiliukoisten ammoniumfosfaattisuolojen sarjoista, joita voi synty\u00e4, kun ammoniakki reagoi fosforihapon kanssa. <\/p>\n<p> CF Industries, Inc.:n diammoniumfosfaattiturvallisuustiedotteen mukaan hajoaminen alkaa jopa 70 \u00b0 C: ssa: &#8221;Vaaralliset hajoamistuotteet: H\u00e4vi\u00e4\u00e4 v\u00e4hitellen ammoniakkia, kun se altistuu ilmalle huoneenl\u00e4mm\u00f6ss\u00e4. Hajoaa ammoniakiksi ja monoammoniumfosfaatiksi noin 70 \u00b0 C: ssa \u00b0 C (158 \u00b0 F). DAP l\u00e4hett\u00e4\u00e4 155 \u00b0 C: ssa (311 \u00b0 F) fosforioksidia, typpioksidia ja ammoniakkia. &#8221;<\/p>\n","protected":false},"featured_media":14270,"template":"","meta":[],"product_brand":[],"product_cat":[180,323,286,114],"product_tag":[],"class_list":{"0":"post-14264","1":"product","2":"type-product","3":"status-publish","4":"has-post-thumbnail","6":"product_cat-uncategorized-fi-2","7":"product_cat-lannoitteet","8":"product_cat-maalit-ja-lakat","9":"product_cat-rakennusteollisuus","11":"first","12":"instock","13":"taxable","14":"shipping-taxable","15":"purchasable","16":"product-type-variable","17":"has-default-attributes"},"yoast_head":"<!-- This site is optimized with the Yoast SEO plugin v26.2 - https:\/\/yoast.com\/wordpress\/plugins\/seo\/ -->\n<title>Diammoniumfosfaatti (CAS 7783-28-0) - Chemistry For Industry - Solvents &amp; Chemicals - Masterchem.ee<\/title>\n<meta name=\"description\" content=\"Diammoniumfosfaatti (DAP; IUPAC-nimi diammoniumvetyfosfaatti; kemiallinen kaava (NH4) 2 (HPO4) on yksi vesiliukoisten ammoniumfosfaattisuolojen sarjoista, joita voi synty\u00e4, kun ammoniakki reagoi fosforihapon kanssa.\" \/>\n<meta name=\"robots\" content=\"index, follow, max-snippet:-1, max-image-preview:large, max-video-preview:-1\" \/>\n<link rel=\"canonical\" href=\"https:\/\/masterchem.ee\/fi\/tooted-ja-teenused\/diammoniumfosfaatti-cas-7783-28-0\/\" \/>\n<meta name=\"twitter:card\" content=\"summary_large_image\" \/>\n<meta name=\"twitter:title\" content=\"Diammoniumfosfaatti (CAS 7783-28-0) - Chemistry For Industry - Solvents &amp; Chemicals - Masterchem.ee\" \/>\n<meta name=\"twitter:description\" content=\"Diammoniumfosfaatti (DAP; IUPAC-nimi diammoniumvetyfosfaatti; kemiallinen kaava (NH4) 2 (HPO4) on yksi vesiliukoisten ammoniumfosfaattisuolojen sarjoista, joita voi synty\u00e4, kun ammoniakki reagoi fosforihapon kanssa.\" \/>\n<meta name=\"twitter:image\" content=\"https:\/\/masterchem.ee\/wp-content\/uploads\/2021\/09\/Diamooniumfosfaat-25kg-MasterChem.jpg\" \/>\n<script type=\"application\/ld+json\" class=\"yoast-schema-graph\">{\"@context\":\"https:\/\/schema.org\",\"@graph\":[{\"@type\":\"WebPage\",\"@id\":\"https:\/\/masterchem.ee\/fi\/tooted-ja-teenused\/diammoniumfosfaatti-cas-7783-28-0\/\",\"url\":\"https:\/\/masterchem.ee\/fi\/tooted-ja-teenused\/diammoniumfosfaatti-cas-7783-28-0\/\",\"name\":\"Diammoniumfosfaatti (CAS 7783-28-0) - Chemistry For Industry - Solvents &amp; Chemicals - Masterchem.ee\",\"isPartOf\":{\"@id\":\"https:\/\/masterchem.ee\/fi\/#website\"},\"primaryImageOfPage\":{\"@id\":\"https:\/\/masterchem.ee\/fi\/tooted-ja-teenused\/diammoniumfosfaatti-cas-7783-28-0\/#primaryimage\"},\"image\":{\"@id\":\"https:\/\/masterchem.ee\/fi\/tooted-ja-teenused\/diammoniumfosfaatti-cas-7783-28-0\/#primaryimage\"},\"thumbnailUrl\":\"https:\/\/masterchem.ee\/wp-content\/uploads\/2021\/09\/Diamooniumfosfaat-25kg-MasterChem.jpg\",\"datePublished\":\"2021-09-01T16:29:41+00:00\",\"dateModified\":\"2021-09-01T17:06:17+00:00\",\"description\":\"Diammoniumfosfaatti (DAP; IUPAC-nimi diammoniumvetyfosfaatti; kemiallinen kaava (NH4) 2 (HPO4) on yksi vesiliukoisten ammoniumfosfaattisuolojen sarjoista, joita voi synty\u00e4, kun ammoniakki reagoi fosforihapon kanssa.\",\"breadcrumb\":{\"@id\":\"https:\/\/masterchem.ee\/fi\/tooted-ja-teenused\/diammoniumfosfaatti-cas-7783-28-0\/#breadcrumb\"},\"inLanguage\":\"fi\",\"potentialAction\":[{\"@type\":\"ReadAction\",\"target\":[\"https:\/\/masterchem.ee\/fi\/tooted-ja-teenused\/diammoniumfosfaatti-cas-7783-28-0\/\"]}]},{\"@type\":\"ImageObject\",\"inLanguage\":\"fi\",\"@id\":\"https:\/\/masterchem.ee\/fi\/tooted-ja-teenused\/diammoniumfosfaatti-cas-7783-28-0\/#primaryimage\",\"url\":\"https:\/\/masterchem.ee\/wp-content\/uploads\/2021\/09\/Diamooniumfosfaat-25kg-MasterChem.jpg\",\"contentUrl\":\"https:\/\/masterchem.ee\/wp-content\/uploads\/2021\/09\/Diamooniumfosfaat-25kg-MasterChem.jpg\",\"width\":1000,\"height\":1000,\"caption\":\"Diammoniumfosfaatti (CAS 7783-28-0) 25kg MasterChem\"},{\"@type\":\"BreadcrumbList\",\"@id\":\"https:\/\/masterchem.ee\/fi\/tooted-ja-teenused\/diammoniumfosfaatti-cas-7783-28-0\/#breadcrumb\",\"itemListElement\":[{\"@type\":\"ListItem\",\"position\":1,\"name\":\"Home\",\"item\":\"https:\/\/masterchem.ee\/fi\/\"},{\"@type\":\"ListItem\",\"position\":2,\"name\":\"Tooted ja teenused\",\"item\":\"https:\/\/masterchem.ee\/tooted-ja-teenused\/\"},{\"@type\":\"ListItem\",\"position\":3,\"name\":\"Diammoniumfosfaatti (CAS 7783-28-0)\"}]},{\"@type\":\"WebSite\",\"@id\":\"https:\/\/masterchem.ee\/fi\/#website\",\"url\":\"https:\/\/masterchem.ee\/fi\/\",\"name\":\"Masterchem.ee\",\"description\":\"Chemistry For Industry - Solvents &amp; Chemicals\",\"publisher\":{\"@id\":\"https:\/\/masterchem.ee\/fi\/#organization\"},\"potentialAction\":[{\"@type\":\"SearchAction\",\"target\":{\"@type\":\"EntryPoint\",\"urlTemplate\":\"https:\/\/masterchem.ee\/fi\/?s={search_term_string}\"},\"query-input\":{\"@type\":\"PropertyValueSpecification\",\"valueRequired\":true,\"valueName\":\"search_term_string\"}}],\"inLanguage\":\"fi\"},{\"@type\":\"Organization\",\"@id\":\"https:\/\/masterchem.ee\/fi\/#organization\",\"name\":\"Masterchem\",\"url\":\"https:\/\/masterchem.ee\/fi\/\",\"logo\":{\"@type\":\"ImageObject\",\"inLanguage\":\"fi\",\"@id\":\"https:\/\/masterchem.ee\/fi\/#\/schema\/logo\/image\/\",\"url\":\"https:\/\/masterchem.ee\/wp-content\/uploads\/2018\/02\/master-chem_final-1.png\",\"contentUrl\":\"https:\/\/masterchem.ee\/wp-content\/uploads\/2018\/02\/master-chem_final-1.png\",\"width\":850,\"height\":356,\"caption\":\"Masterchem\"},\"image\":{\"@id\":\"https:\/\/masterchem.ee\/fi\/#\/schema\/logo\/image\/\"}}]}<\/script>\n<!-- \/ Yoast SEO plugin. -->","yoast_head_json":{"title":"Diammoniumfosfaatti (CAS 7783-28-0) - Chemistry For Industry - Solvents &amp; Chemicals - Masterchem.ee","description":"Diammoniumfosfaatti (DAP; IUPAC-nimi diammoniumvetyfosfaatti; kemiallinen kaava (NH4) 2 (HPO4) on yksi vesiliukoisten ammoniumfosfaattisuolojen sarjoista, joita voi synty\u00e4, kun ammoniakki reagoi fosforihapon kanssa.","robots":{"index":"index","follow":"follow","max-snippet":"max-snippet:-1","max-image-preview":"max-image-preview:large","max-video-preview":"max-video-preview:-1"},"canonical":"https:\/\/masterchem.ee\/fi\/tooted-ja-teenused\/diammoniumfosfaatti-cas-7783-28-0\/","twitter_card":"summary_large_image","twitter_title":"Diammoniumfosfaatti (CAS 7783-28-0) - Chemistry For Industry - Solvents &amp; Chemicals - Masterchem.ee","twitter_description":"Diammoniumfosfaatti (DAP; IUPAC-nimi diammoniumvetyfosfaatti; kemiallinen kaava (NH4) 2 (HPO4) on yksi vesiliukoisten ammoniumfosfaattisuolojen sarjoista, joita voi synty\u00e4, kun ammoniakki reagoi fosforihapon kanssa.","twitter_image":"https:\/\/masterchem.ee\/wp-content\/uploads\/2021\/09\/Diamooniumfosfaat-25kg-MasterChem.jpg","schema":{"@context":"https:\/\/schema.org","@graph":[{"@type":"WebPage","@id":"https:\/\/masterchem.ee\/fi\/tooted-ja-teenused\/diammoniumfosfaatti-cas-7783-28-0\/","url":"https:\/\/masterchem.ee\/fi\/tooted-ja-teenused\/diammoniumfosfaatti-cas-7783-28-0\/","name":"Diammoniumfosfaatti (CAS 7783-28-0) - Chemistry For Industry - Solvents &amp; Chemicals - Masterchem.ee","isPartOf":{"@id":"https:\/\/masterchem.ee\/fi\/#website"},"primaryImageOfPage":{"@id":"https:\/\/masterchem.ee\/fi\/tooted-ja-teenused\/diammoniumfosfaatti-cas-7783-28-0\/#primaryimage"},"image":{"@id":"https:\/\/masterchem.ee\/fi\/tooted-ja-teenused\/diammoniumfosfaatti-cas-7783-28-0\/#primaryimage"},"thumbnailUrl":"https:\/\/masterchem.ee\/wp-content\/uploads\/2021\/09\/Diamooniumfosfaat-25kg-MasterChem.jpg","datePublished":"2021-09-01T16:29:41+00:00","dateModified":"2021-09-01T17:06:17+00:00","description":"Diammoniumfosfaatti (DAP; IUPAC-nimi diammoniumvetyfosfaatti; kemiallinen kaava (NH4) 2 (HPO4) on yksi vesiliukoisten ammoniumfosfaattisuolojen sarjoista, joita voi synty\u00e4, kun ammoniakki reagoi fosforihapon kanssa.","breadcrumb":{"@id":"https:\/\/masterchem.ee\/fi\/tooted-ja-teenused\/diammoniumfosfaatti-cas-7783-28-0\/#breadcrumb"},"inLanguage":"fi","potentialAction":[{"@type":"ReadAction","target":["https:\/\/masterchem.ee\/fi\/tooted-ja-teenused\/diammoniumfosfaatti-cas-7783-28-0\/"]}]},{"@type":"ImageObject","inLanguage":"fi","@id":"https:\/\/masterchem.ee\/fi\/tooted-ja-teenused\/diammoniumfosfaatti-cas-7783-28-0\/#primaryimage","url":"https:\/\/masterchem.ee\/wp-content\/uploads\/2021\/09\/Diamooniumfosfaat-25kg-MasterChem.jpg","contentUrl":"https:\/\/masterchem.ee\/wp-content\/uploads\/2021\/09\/Diamooniumfosfaat-25kg-MasterChem.jpg","width":1000,"height":1000,"caption":"Diammoniumfosfaatti (CAS 7783-28-0) 25kg MasterChem"},{"@type":"BreadcrumbList","@id":"https:\/\/masterchem.ee\/fi\/tooted-ja-teenused\/diammoniumfosfaatti-cas-7783-28-0\/#breadcrumb","itemListElement":[{"@type":"ListItem","position":1,"name":"Home","item":"https:\/\/masterchem.ee\/fi\/"},{"@type":"ListItem","position":2,"name":"Tooted ja teenused","item":"https:\/\/masterchem.ee\/tooted-ja-teenused\/"},{"@type":"ListItem","position":3,"name":"Diammoniumfosfaatti (CAS 7783-28-0)"}]},{"@type":"WebSite","@id":"https:\/\/masterchem.ee\/fi\/#website","url":"https:\/\/masterchem.ee\/fi\/","name":"Masterchem.ee","description":"Chemistry For Industry - Solvents &amp; Chemicals","publisher":{"@id":"https:\/\/masterchem.ee\/fi\/#organization"},"potentialAction":[{"@type":"SearchAction","target":{"@type":"EntryPoint","urlTemplate":"https:\/\/masterchem.ee\/fi\/?s={search_term_string}"},"query-input":{"@type":"PropertyValueSpecification","valueRequired":true,"valueName":"search_term_string"}}],"inLanguage":"fi"},{"@type":"Organization","@id":"https:\/\/masterchem.ee\/fi\/#organization","name":"Masterchem","url":"https:\/\/masterchem.ee\/fi\/","logo":{"@type":"ImageObject","inLanguage":"fi","@id":"https:\/\/masterchem.ee\/fi\/#\/schema\/logo\/image\/","url":"https:\/\/masterchem.ee\/wp-content\/uploads\/2018\/02\/master-chem_final-1.png","contentUrl":"https:\/\/masterchem.ee\/wp-content\/uploads\/2018\/02\/master-chem_final-1.png","width":850,"height":356,"caption":"Masterchem"},"image":{"@id":"https:\/\/masterchem.ee\/fi\/#\/schema\/logo\/image\/"}}]}},"_links":{"self":[{"href":"https:\/\/masterchem.ee\/fi\/wp-json\/wp\/v2\/product\/14264","targetHints":{"allow":["GET"]}}],"collection":[{"href":"https:\/\/masterchem.ee\/fi\/wp-json\/wp\/v2\/product"}],"about":[{"href":"https:\/\/masterchem.ee\/fi\/wp-json\/wp\/v2\/types\/product"}],"wp:featuredmedia":[{"embeddable":true,"href":"https:\/\/masterchem.ee\/fi\/wp-json\/wp\/v2\/media\/14270"}],"wp:attachment":[{"href":"https:\/\/masterchem.ee\/fi\/wp-json\/wp\/v2\/media?parent=14264"}],"wp:term":[{"taxonomy":"product_brand","embeddable":true,"href":"https:\/\/masterchem.ee\/fi\/wp-json\/wp\/v2\/product_brand?post=14264"},{"taxonomy":"product_cat","embeddable":true,"href":"https:\/\/masterchem.ee\/fi\/wp-json\/wp\/v2\/product_cat?post=14264"},{"taxonomy":"product_tag","embeddable":true,"href":"https:\/\/masterchem.ee\/fi\/wp-json\/wp\/v2\/product_tag?post=14264"}],"curies":[{"name":"wp","href":"https:\/\/api.w.org\/{rel}","templated":true}]}}