{"id":14249,"date":"2021-09-01T06:54:31","date_gmt":"2021-09-01T06:54:34","guid":{"rendered":"https:\/\/masterchem.ee\/?post_type=product&#038;p=14249"},"modified":"2021-09-01T07:02:29","modified_gmt":"2021-09-01T07:02:29","slug":"sinkkifosfaatti-cas-7779-90-0","status":"publish","type":"product","link":"https:\/\/masterchem.ee\/fi\/tooted-ja-teenused\/sinkkifosfaatti-cas-7779-90-0\/","title":{"rendered":"Sinkkifosfaatti (CAS 7779-90-0)"},"content":{"rendered":"<p> <strong> Info<\/strong> <\/p>\n<p> Toimialat: maalit ja lakat <br \/>\nCAS-numero: 7779-90-0 <br \/>\nWE-numero: 231-944-3 <br \/>\nKemiallinen kaava: Zn3 (PO4) 2 \u2022 2H2O <br \/>\nMoolimassa: 458,14 g\/mol <\/p>\n<p> <strong> Muut fyysiset ominaisuudet <\/strong> <\/p>\n<p> pH: 6,0-8,0 (20 \u00b0 C) <br \/>\nSulamis- \/ j\u00e4\u00e4tymispiste: 912 \u00b0 C <br \/>\nLiukoisuus veteen: <0,1 % (20 \u00b0 C) <\/p>\n","protected":false},"excerpt":{"rendered":"<p> <strong>Sinkkifosfaatti (CAS 7779-90-0)<\/strong> <\/p>\n<p>Sinkkifosfaatti Zn3(PO4)2 on ep\u00e4orgaaninen fosforihapon suola, jonka kationina on kahdenarvoinen sinkki. Se on valkoista ja kiinte\u00e4\u00e4 eik\u00e4 liukene veteen. Reagoidessaan vahvojen happojen kanssa siit\u00e4 tulee fosforihappoa ja sinkkisuoloja. Sen voi valmistaa sinkist\u00e4 ja fosforihaposta, mutta yleens\u00e4 valmistukseen k\u00e4ytet\u00e4\u00e4n sinkki- ja magnesiumoksidia sekoitettuna fosforihapon vesiliuokseen puskuriaineen kera. Sit\u00e4 l\u00f6ytyy harvoin mineraalina.<\/p>\n","protected":false},"featured_media":14255,"template":"","meta":[],"product_brand":[],"product_cat":[180,286],"product_tag":[],"class_list":{"0":"post-14249","1":"product","2":"type-product","3":"status-publish","4":"has-post-thumbnail","6":"product_cat-uncategorized-fi-2","7":"product_cat-maalit-ja-lakat","9":"first","10":"instock","11":"taxable","12":"shipping-taxable","13":"purchasable","14":"product-type-variable","15":"has-default-attributes"},"yoast_head":"<!-- This site is optimized with the Yoast SEO plugin v26.2 - https:\/\/yoast.com\/wordpress\/plugins\/seo\/ -->\n<title>Sinkkifosfaatti (CAS 7779-90-0) - Chemistry For Industry - Solvents &amp; Chemicals - Masterchem.ee<\/title>\n<meta name=\"description\" content=\"Sinkkifosfaatti Zn3(PO4)2 on ep\u00e4orgaaninen fosforihapon suola, jonka kationina on kahdenarvoinen sinkki.\" \/>\n<meta name=\"robots\" content=\"index, follow, max-snippet:-1, max-image-preview:large, max-video-preview:-1\" \/>\n<link rel=\"canonical\" href=\"https:\/\/masterchem.ee\/fi\/tooted-ja-teenused\/sinkkifosfaatti-cas-7779-90-0\/\" \/>\n<meta name=\"twitter:card\" content=\"summary_large_image\" \/>\n<meta name=\"twitter:title\" content=\"Sinkkifosfaatti (CAS 7779-90-0) - Chemistry For Industry - Solvents &amp; Chemicals - Masterchem.ee\" \/>\n<meta name=\"twitter:description\" content=\"Sinkkifosfaatti Zn3(PO4)2 on ep\u00e4orgaaninen fosforihapon suola, jonka kationina on kahdenarvoinen sinkki.\" \/>\n<meta name=\"twitter:image\" content=\"https:\/\/masterchem.ee\/wp-content\/uploads\/2021\/09\/Sinkkifosfaatti-25kg-MasterChem.jpg\" \/>\n<script type=\"application\/ld+json\" class=\"yoast-schema-graph\">{\"@context\":\"https:\/\/schema.org\",\"@graph\":[{\"@type\":\"WebPage\",\"@id\":\"https:\/\/masterchem.ee\/fi\/tooted-ja-teenused\/sinkkifosfaatti-cas-7779-90-0\/\",\"url\":\"https:\/\/masterchem.ee\/fi\/tooted-ja-teenused\/sinkkifosfaatti-cas-7779-90-0\/\",\"name\":\"Sinkkifosfaatti (CAS 7779-90-0) - Chemistry For Industry - Solvents &amp; Chemicals - Masterchem.ee\",\"isPartOf\":{\"@id\":\"https:\/\/masterchem.ee\/fi\/#website\"},\"primaryImageOfPage\":{\"@id\":\"https:\/\/masterchem.ee\/fi\/tooted-ja-teenused\/sinkkifosfaatti-cas-7779-90-0\/#primaryimage\"},\"image\":{\"@id\":\"https:\/\/masterchem.ee\/fi\/tooted-ja-teenused\/sinkkifosfaatti-cas-7779-90-0\/#primaryimage\"},\"thumbnailUrl\":\"https:\/\/masterchem.ee\/wp-content\/uploads\/2021\/09\/Sinkkifosfaatti-25kg-MasterChem.jpg\",\"datePublished\":\"2021-09-01T06:54:34+00:00\",\"dateModified\":\"2021-09-01T07:02:29+00:00\",\"description\":\"Sinkkifosfaatti Zn3(PO4)2 on ep\u00e4orgaaninen fosforihapon suola, jonka kationina on kahdenarvoinen sinkki.\",\"breadcrumb\":{\"@id\":\"https:\/\/masterchem.ee\/fi\/tooted-ja-teenused\/sinkkifosfaatti-cas-7779-90-0\/#breadcrumb\"},\"inLanguage\":\"fi\",\"potentialAction\":[{\"@type\":\"ReadAction\",\"target\":[\"https:\/\/masterchem.ee\/fi\/tooted-ja-teenused\/sinkkifosfaatti-cas-7779-90-0\/\"]}]},{\"@type\":\"ImageObject\",\"inLanguage\":\"fi\",\"@id\":\"https:\/\/masterchem.ee\/fi\/tooted-ja-teenused\/sinkkifosfaatti-cas-7779-90-0\/#primaryimage\",\"url\":\"https:\/\/masterchem.ee\/wp-content\/uploads\/2021\/09\/Sinkkifosfaatti-25kg-MasterChem.jpg\",\"contentUrl\":\"https:\/\/masterchem.ee\/wp-content\/uploads\/2021\/09\/Sinkkifosfaatti-25kg-MasterChem.jpg\",\"width\":1000,\"height\":1000,\"caption\":\"Sinkkifosfaatti (CAS 7779-90-0) 25kg MasterChem\"},{\"@type\":\"BreadcrumbList\",\"@id\":\"https:\/\/masterchem.ee\/fi\/tooted-ja-teenused\/sinkkifosfaatti-cas-7779-90-0\/#breadcrumb\",\"itemListElement\":[{\"@type\":\"ListItem\",\"position\":1,\"name\":\"Home\",\"item\":\"https:\/\/masterchem.ee\/fi\/\"},{\"@type\":\"ListItem\",\"position\":2,\"name\":\"Tooted ja teenused\",\"item\":\"https:\/\/masterchem.ee\/tooted-ja-teenused\/\"},{\"@type\":\"ListItem\",\"position\":3,\"name\":\"Sinkkifosfaatti (CAS 7779-90-0)\"}]},{\"@type\":\"WebSite\",\"@id\":\"https:\/\/masterchem.ee\/fi\/#website\",\"url\":\"https:\/\/masterchem.ee\/fi\/\",\"name\":\"Masterchem.ee\",\"description\":\"Chemistry For Industry - Solvents &amp; Chemicals\",\"publisher\":{\"@id\":\"https:\/\/masterchem.ee\/fi\/#organization\"},\"potentialAction\":[{\"@type\":\"SearchAction\",\"target\":{\"@type\":\"EntryPoint\",\"urlTemplate\":\"https:\/\/masterchem.ee\/fi\/?s={search_term_string}\"},\"query-input\":{\"@type\":\"PropertyValueSpecification\",\"valueRequired\":true,\"valueName\":\"search_term_string\"}}],\"inLanguage\":\"fi\"},{\"@type\":\"Organization\",\"@id\":\"https:\/\/masterchem.ee\/fi\/#organization\",\"name\":\"Masterchem\",\"url\":\"https:\/\/masterchem.ee\/fi\/\",\"logo\":{\"@type\":\"ImageObject\",\"inLanguage\":\"fi\",\"@id\":\"https:\/\/masterchem.ee\/fi\/#\/schema\/logo\/image\/\",\"url\":\"https:\/\/masterchem.ee\/wp-content\/uploads\/2018\/02\/master-chem_final-1.png\",\"contentUrl\":\"https:\/\/masterchem.ee\/wp-content\/uploads\/2018\/02\/master-chem_final-1.png\",\"width\":850,\"height\":356,\"caption\":\"Masterchem\"},\"image\":{\"@id\":\"https:\/\/masterchem.ee\/fi\/#\/schema\/logo\/image\/\"}}]}<\/script>\n<!-- \/ Yoast SEO plugin. -->","yoast_head_json":{"title":"Sinkkifosfaatti (CAS 7779-90-0) - Chemistry For Industry - Solvents &amp; Chemicals - Masterchem.ee","description":"Sinkkifosfaatti Zn3(PO4)2 on ep\u00e4orgaaninen fosforihapon suola, jonka kationina on kahdenarvoinen sinkki.","robots":{"index":"index","follow":"follow","max-snippet":"max-snippet:-1","max-image-preview":"max-image-preview:large","max-video-preview":"max-video-preview:-1"},"canonical":"https:\/\/masterchem.ee\/fi\/tooted-ja-teenused\/sinkkifosfaatti-cas-7779-90-0\/","twitter_card":"summary_large_image","twitter_title":"Sinkkifosfaatti (CAS 7779-90-0) - Chemistry For Industry - Solvents &amp; Chemicals - Masterchem.ee","twitter_description":"Sinkkifosfaatti Zn3(PO4)2 on ep\u00e4orgaaninen fosforihapon suola, jonka kationina on kahdenarvoinen sinkki.","twitter_image":"https:\/\/masterchem.ee\/wp-content\/uploads\/2021\/09\/Sinkkifosfaatti-25kg-MasterChem.jpg","schema":{"@context":"https:\/\/schema.org","@graph":[{"@type":"WebPage","@id":"https:\/\/masterchem.ee\/fi\/tooted-ja-teenused\/sinkkifosfaatti-cas-7779-90-0\/","url":"https:\/\/masterchem.ee\/fi\/tooted-ja-teenused\/sinkkifosfaatti-cas-7779-90-0\/","name":"Sinkkifosfaatti (CAS 7779-90-0) - Chemistry For Industry - Solvents &amp; Chemicals - Masterchem.ee","isPartOf":{"@id":"https:\/\/masterchem.ee\/fi\/#website"},"primaryImageOfPage":{"@id":"https:\/\/masterchem.ee\/fi\/tooted-ja-teenused\/sinkkifosfaatti-cas-7779-90-0\/#primaryimage"},"image":{"@id":"https:\/\/masterchem.ee\/fi\/tooted-ja-teenused\/sinkkifosfaatti-cas-7779-90-0\/#primaryimage"},"thumbnailUrl":"https:\/\/masterchem.ee\/wp-content\/uploads\/2021\/09\/Sinkkifosfaatti-25kg-MasterChem.jpg","datePublished":"2021-09-01T06:54:34+00:00","dateModified":"2021-09-01T07:02:29+00:00","description":"Sinkkifosfaatti Zn3(PO4)2 on ep\u00e4orgaaninen fosforihapon suola, jonka kationina on kahdenarvoinen sinkki.","breadcrumb":{"@id":"https:\/\/masterchem.ee\/fi\/tooted-ja-teenused\/sinkkifosfaatti-cas-7779-90-0\/#breadcrumb"},"inLanguage":"fi","potentialAction":[{"@type":"ReadAction","target":["https:\/\/masterchem.ee\/fi\/tooted-ja-teenused\/sinkkifosfaatti-cas-7779-90-0\/"]}]},{"@type":"ImageObject","inLanguage":"fi","@id":"https:\/\/masterchem.ee\/fi\/tooted-ja-teenused\/sinkkifosfaatti-cas-7779-90-0\/#primaryimage","url":"https:\/\/masterchem.ee\/wp-content\/uploads\/2021\/09\/Sinkkifosfaatti-25kg-MasterChem.jpg","contentUrl":"https:\/\/masterchem.ee\/wp-content\/uploads\/2021\/09\/Sinkkifosfaatti-25kg-MasterChem.jpg","width":1000,"height":1000,"caption":"Sinkkifosfaatti (CAS 7779-90-0) 25kg MasterChem"},{"@type":"BreadcrumbList","@id":"https:\/\/masterchem.ee\/fi\/tooted-ja-teenused\/sinkkifosfaatti-cas-7779-90-0\/#breadcrumb","itemListElement":[{"@type":"ListItem","position":1,"name":"Home","item":"https:\/\/masterchem.ee\/fi\/"},{"@type":"ListItem","position":2,"name":"Tooted ja teenused","item":"https:\/\/masterchem.ee\/tooted-ja-teenused\/"},{"@type":"ListItem","position":3,"name":"Sinkkifosfaatti (CAS 7779-90-0)"}]},{"@type":"WebSite","@id":"https:\/\/masterchem.ee\/fi\/#website","url":"https:\/\/masterchem.ee\/fi\/","name":"Masterchem.ee","description":"Chemistry For Industry - Solvents &amp; Chemicals","publisher":{"@id":"https:\/\/masterchem.ee\/fi\/#organization"},"potentialAction":[{"@type":"SearchAction","target":{"@type":"EntryPoint","urlTemplate":"https:\/\/masterchem.ee\/fi\/?s={search_term_string}"},"query-input":{"@type":"PropertyValueSpecification","valueRequired":true,"valueName":"search_term_string"}}],"inLanguage":"fi"},{"@type":"Organization","@id":"https:\/\/masterchem.ee\/fi\/#organization","name":"Masterchem","url":"https:\/\/masterchem.ee\/fi\/","logo":{"@type":"ImageObject","inLanguage":"fi","@id":"https:\/\/masterchem.ee\/fi\/#\/schema\/logo\/image\/","url":"https:\/\/masterchem.ee\/wp-content\/uploads\/2018\/02\/master-chem_final-1.png","contentUrl":"https:\/\/masterchem.ee\/wp-content\/uploads\/2018\/02\/master-chem_final-1.png","width":850,"height":356,"caption":"Masterchem"},"image":{"@id":"https:\/\/masterchem.ee\/fi\/#\/schema\/logo\/image\/"}}]}},"_links":{"self":[{"href":"https:\/\/masterchem.ee\/fi\/wp-json\/wp\/v2\/product\/14249","targetHints":{"allow":["GET"]}}],"collection":[{"href":"https:\/\/masterchem.ee\/fi\/wp-json\/wp\/v2\/product"}],"about":[{"href":"https:\/\/masterchem.ee\/fi\/wp-json\/wp\/v2\/types\/product"}],"wp:featuredmedia":[{"embeddable":true,"href":"https:\/\/masterchem.ee\/fi\/wp-json\/wp\/v2\/media\/14255"}],"wp:attachment":[{"href":"https:\/\/masterchem.ee\/fi\/wp-json\/wp\/v2\/media?parent=14249"}],"wp:term":[{"taxonomy":"product_brand","embeddable":true,"href":"https:\/\/masterchem.ee\/fi\/wp-json\/wp\/v2\/product_brand?post=14249"},{"taxonomy":"product_cat","embeddable":true,"href":"https:\/\/masterchem.ee\/fi\/wp-json\/wp\/v2\/product_cat?post=14249"},{"taxonomy":"product_tag","embeddable":true,"href":"https:\/\/masterchem.ee\/fi\/wp-json\/wp\/v2\/product_tag?post=14249"}],"curies":[{"name":"wp","href":"https:\/\/api.w.org\/{rel}","templated":true}]}}