{"id":14234,"date":"2021-09-01T06:14:51","date_gmt":"2021-09-01T06:14:53","guid":{"rendered":"https:\/\/masterchem.ee\/?post_type=product&#038;p=14234"},"modified":"2021-09-01T06:43:27","modified_gmt":"2021-09-01T06:43:27","slug":"natriumstanaatti-cas-12027-70-2","status":"publish","type":"product","link":"https:\/\/masterchem.ee\/fi\/tooted-ja-teenused\/natriumstanaatti-cas-12027-70-2\/","title":{"rendered":"Natriumstanaatti (CAS 12027-70-2)"},"content":{"rendered":"<p> <strong> Info<\/strong> <\/p>\n<p> Toimialat: maalit ja lakat, kosmetiikkateollisuus, lasi ja keramiikka <br \/>\nCAS-numero: 12027-70-2 <br \/>\nWE-numero: 234-724-5 <br \/>\nKemiallinen kaava: Na2SN (OH) 6 <br \/>\nMoolimassa: 266,74 g\/mol <\/p>\n<p> <strong> Muut fyysiset ominaisuudet <\/strong> <\/p>\n<p> Sulamis- \/ j\u00e4\u00e4tymispiste: 140 \u00b0 C <br \/>\nSuhteellinen tiheys: 1,16 g \/cm3 (20\u00baC) <br \/>\nLiukoisuus veteen: 613 g\/l (20 \u00b0 C) <\/p>\n","protected":false},"excerpt":{"rendered":"<p> <strong>Natriumstanaatti (CAS 12027-70-2)<\/strong> <\/p>\n<p> Natriumstanaatti, muodollisesti natriumheksahydroksoksannaatti (IV), on ep\u00e4orgaaninen yhdiste, jolla on kaava Na2 [Sn (OH) 6]. T\u00e4m\u00e4 v\u00e4rit\u00f6n suola muodostuu liuottamalla metallinen tina tai tina (IV) oksidi natriumhydroksidiin, ja sit\u00e4 k\u00e4ytet\u00e4\u00e4n vetyperoksidin stabilointiaineena. Vanhemmassa kirjallisuudessa stanaatit esitet\u00e4\u00e4n toisinaan yksinkertaisena oksianionina SnO32\u2212, jolloin t\u00e4t\u00e4 yhdistett\u00e4 kutsutaan joskus nimell\u00e4 natriumstannaatti -3 -vesi ja edustetaan nimell\u00e4 Na2SnO3 \u00b7 3H2O, hydraatti, jossa on kolme kiteytymisvett\u00e4. Vedet\u00f6n natriumstanaatin muoto, Na2SnO3, tunnustetaan erilliseksi yhdisteeksi, jolla on oma CAS-rekisterinumero, 12058-66-1 ja erillinen k\u00e4ytt\u00f6turvallisuustiedote. <\/p>\n","protected":false},"featured_media":14240,"template":"","meta":[],"product_brand":[],"product_cat":[180,294,298,286],"product_tag":[],"class_list":{"0":"post-14234","1":"product","2":"type-product","3":"status-publish","4":"has-post-thumbnail","6":"product_cat-uncategorized-fi-2","7":"product_cat-kosmetiikkateollisuus","8":"product_cat-lasi-ja-keramiikka","9":"product_cat-maalit-ja-lakat","11":"first","12":"instock","13":"taxable","14":"shipping-taxable","15":"purchasable","16":"product-type-variable","17":"has-default-attributes"},"yoast_head":"<!-- This site is optimized with the Yoast SEO plugin v26.2 - https:\/\/yoast.com\/wordpress\/plugins\/seo\/ -->\n<title>Natriumstanaatti (CAS 12027-70-2) - Chemistry For Industry - Solvents &amp; Chemicals - Masterchem.ee<\/title>\n<meta name=\"description\" content=\"Natriumstanaatti, muodollisesti natriumheksahydroksoksannaatti (IV), on ep\u00e4orgaaninen yhdiste, jolla on kaava Na2 [Sn (OH) 6].\" \/>\n<meta name=\"robots\" content=\"index, follow, max-snippet:-1, max-image-preview:large, max-video-preview:-1\" \/>\n<link rel=\"canonical\" href=\"https:\/\/masterchem.ee\/fi\/tooted-ja-teenused\/natriumstanaatti-cas-12027-70-2\/\" \/>\n<meta name=\"twitter:card\" content=\"summary_large_image\" \/>\n<meta name=\"twitter:title\" content=\"Natriumstanaatti (CAS 12027-70-2) - Chemistry For Industry - Solvents &amp; Chemicals - Masterchem.ee\" \/>\n<meta name=\"twitter:description\" content=\"Natriumstanaatti, muodollisesti natriumheksahydroksoksannaatti (IV), on ep\u00e4orgaaninen yhdiste, jolla on kaava Na2 [Sn (OH) 6].\" \/>\n<meta name=\"twitter:image\" content=\"https:\/\/masterchem.ee\/wp-content\/uploads\/2021\/09\/Naatriumstanaat-25kg-MasterChem.jpg\" \/>\n<script type=\"application\/ld+json\" class=\"yoast-schema-graph\">{\"@context\":\"https:\/\/schema.org\",\"@graph\":[{\"@type\":\"WebPage\",\"@id\":\"https:\/\/masterchem.ee\/fi\/tooted-ja-teenused\/natriumstanaatti-cas-12027-70-2\/\",\"url\":\"https:\/\/masterchem.ee\/fi\/tooted-ja-teenused\/natriumstanaatti-cas-12027-70-2\/\",\"name\":\"Natriumstanaatti (CAS 12027-70-2) - Chemistry For Industry - Solvents &amp; Chemicals - Masterchem.ee\",\"isPartOf\":{\"@id\":\"https:\/\/masterchem.ee\/fi\/#website\"},\"primaryImageOfPage\":{\"@id\":\"https:\/\/masterchem.ee\/fi\/tooted-ja-teenused\/natriumstanaatti-cas-12027-70-2\/#primaryimage\"},\"image\":{\"@id\":\"https:\/\/masterchem.ee\/fi\/tooted-ja-teenused\/natriumstanaatti-cas-12027-70-2\/#primaryimage\"},\"thumbnailUrl\":\"https:\/\/masterchem.ee\/wp-content\/uploads\/2021\/09\/Naatriumstanaat-25kg-MasterChem.jpg\",\"datePublished\":\"2021-09-01T06:14:53+00:00\",\"dateModified\":\"2021-09-01T06:43:27+00:00\",\"description\":\"Natriumstanaatti, muodollisesti natriumheksahydroksoksannaatti (IV), on ep\u00e4orgaaninen yhdiste, jolla on kaava Na2 [Sn (OH) 6].\",\"breadcrumb\":{\"@id\":\"https:\/\/masterchem.ee\/fi\/tooted-ja-teenused\/natriumstanaatti-cas-12027-70-2\/#breadcrumb\"},\"inLanguage\":\"fi\",\"potentialAction\":[{\"@type\":\"ReadAction\",\"target\":[\"https:\/\/masterchem.ee\/fi\/tooted-ja-teenused\/natriumstanaatti-cas-12027-70-2\/\"]}]},{\"@type\":\"ImageObject\",\"inLanguage\":\"fi\",\"@id\":\"https:\/\/masterchem.ee\/fi\/tooted-ja-teenused\/natriumstanaatti-cas-12027-70-2\/#primaryimage\",\"url\":\"https:\/\/masterchem.ee\/wp-content\/uploads\/2021\/09\/Naatriumstanaat-25kg-MasterChem.jpg\",\"contentUrl\":\"https:\/\/masterchem.ee\/wp-content\/uploads\/2021\/09\/Naatriumstanaat-25kg-MasterChem.jpg\",\"width\":1000,\"height\":1000,\"caption\":\"Natriumstanaatti (CAS 12027-70-2) 25kg MasterChem\"},{\"@type\":\"BreadcrumbList\",\"@id\":\"https:\/\/masterchem.ee\/fi\/tooted-ja-teenused\/natriumstanaatti-cas-12027-70-2\/#breadcrumb\",\"itemListElement\":[{\"@type\":\"ListItem\",\"position\":1,\"name\":\"Home\",\"item\":\"https:\/\/masterchem.ee\/fi\/\"},{\"@type\":\"ListItem\",\"position\":2,\"name\":\"Tooted ja teenused\",\"item\":\"https:\/\/masterchem.ee\/tooted-ja-teenused\/\"},{\"@type\":\"ListItem\",\"position\":3,\"name\":\"Natriumstanaatti (CAS 12027-70-2)\"}]},{\"@type\":\"WebSite\",\"@id\":\"https:\/\/masterchem.ee\/fi\/#website\",\"url\":\"https:\/\/masterchem.ee\/fi\/\",\"name\":\"Masterchem.ee\",\"description\":\"Chemistry For Industry - Solvents &amp; Chemicals\",\"publisher\":{\"@id\":\"https:\/\/masterchem.ee\/fi\/#organization\"},\"potentialAction\":[{\"@type\":\"SearchAction\",\"target\":{\"@type\":\"EntryPoint\",\"urlTemplate\":\"https:\/\/masterchem.ee\/fi\/?s={search_term_string}\"},\"query-input\":{\"@type\":\"PropertyValueSpecification\",\"valueRequired\":true,\"valueName\":\"search_term_string\"}}],\"inLanguage\":\"fi\"},{\"@type\":\"Organization\",\"@id\":\"https:\/\/masterchem.ee\/fi\/#organization\",\"name\":\"Masterchem\",\"url\":\"https:\/\/masterchem.ee\/fi\/\",\"logo\":{\"@type\":\"ImageObject\",\"inLanguage\":\"fi\",\"@id\":\"https:\/\/masterchem.ee\/fi\/#\/schema\/logo\/image\/\",\"url\":\"https:\/\/masterchem.ee\/wp-content\/uploads\/2018\/02\/master-chem_final-1.png\",\"contentUrl\":\"https:\/\/masterchem.ee\/wp-content\/uploads\/2018\/02\/master-chem_final-1.png\",\"width\":850,\"height\":356,\"caption\":\"Masterchem\"},\"image\":{\"@id\":\"https:\/\/masterchem.ee\/fi\/#\/schema\/logo\/image\/\"}}]}<\/script>\n<!-- \/ Yoast SEO plugin. -->","yoast_head_json":{"title":"Natriumstanaatti (CAS 12027-70-2) - Chemistry For Industry - Solvents &amp; Chemicals - Masterchem.ee","description":"Natriumstanaatti, muodollisesti natriumheksahydroksoksannaatti (IV), on ep\u00e4orgaaninen yhdiste, jolla on kaava Na2 [Sn (OH) 6].","robots":{"index":"index","follow":"follow","max-snippet":"max-snippet:-1","max-image-preview":"max-image-preview:large","max-video-preview":"max-video-preview:-1"},"canonical":"https:\/\/masterchem.ee\/fi\/tooted-ja-teenused\/natriumstanaatti-cas-12027-70-2\/","twitter_card":"summary_large_image","twitter_title":"Natriumstanaatti (CAS 12027-70-2) - Chemistry For Industry - Solvents &amp; Chemicals - Masterchem.ee","twitter_description":"Natriumstanaatti, muodollisesti natriumheksahydroksoksannaatti (IV), on ep\u00e4orgaaninen yhdiste, jolla on kaava Na2 [Sn (OH) 6].","twitter_image":"https:\/\/masterchem.ee\/wp-content\/uploads\/2021\/09\/Naatriumstanaat-25kg-MasterChem.jpg","schema":{"@context":"https:\/\/schema.org","@graph":[{"@type":"WebPage","@id":"https:\/\/masterchem.ee\/fi\/tooted-ja-teenused\/natriumstanaatti-cas-12027-70-2\/","url":"https:\/\/masterchem.ee\/fi\/tooted-ja-teenused\/natriumstanaatti-cas-12027-70-2\/","name":"Natriumstanaatti (CAS 12027-70-2) - Chemistry For Industry - Solvents &amp; Chemicals - Masterchem.ee","isPartOf":{"@id":"https:\/\/masterchem.ee\/fi\/#website"},"primaryImageOfPage":{"@id":"https:\/\/masterchem.ee\/fi\/tooted-ja-teenused\/natriumstanaatti-cas-12027-70-2\/#primaryimage"},"image":{"@id":"https:\/\/masterchem.ee\/fi\/tooted-ja-teenused\/natriumstanaatti-cas-12027-70-2\/#primaryimage"},"thumbnailUrl":"https:\/\/masterchem.ee\/wp-content\/uploads\/2021\/09\/Naatriumstanaat-25kg-MasterChem.jpg","datePublished":"2021-09-01T06:14:53+00:00","dateModified":"2021-09-01T06:43:27+00:00","description":"Natriumstanaatti, muodollisesti natriumheksahydroksoksannaatti (IV), on ep\u00e4orgaaninen yhdiste, jolla on kaava Na2 [Sn (OH) 6].","breadcrumb":{"@id":"https:\/\/masterchem.ee\/fi\/tooted-ja-teenused\/natriumstanaatti-cas-12027-70-2\/#breadcrumb"},"inLanguage":"fi","potentialAction":[{"@type":"ReadAction","target":["https:\/\/masterchem.ee\/fi\/tooted-ja-teenused\/natriumstanaatti-cas-12027-70-2\/"]}]},{"@type":"ImageObject","inLanguage":"fi","@id":"https:\/\/masterchem.ee\/fi\/tooted-ja-teenused\/natriumstanaatti-cas-12027-70-2\/#primaryimage","url":"https:\/\/masterchem.ee\/wp-content\/uploads\/2021\/09\/Naatriumstanaat-25kg-MasterChem.jpg","contentUrl":"https:\/\/masterchem.ee\/wp-content\/uploads\/2021\/09\/Naatriumstanaat-25kg-MasterChem.jpg","width":1000,"height":1000,"caption":"Natriumstanaatti (CAS 12027-70-2) 25kg MasterChem"},{"@type":"BreadcrumbList","@id":"https:\/\/masterchem.ee\/fi\/tooted-ja-teenused\/natriumstanaatti-cas-12027-70-2\/#breadcrumb","itemListElement":[{"@type":"ListItem","position":1,"name":"Home","item":"https:\/\/masterchem.ee\/fi\/"},{"@type":"ListItem","position":2,"name":"Tooted ja teenused","item":"https:\/\/masterchem.ee\/tooted-ja-teenused\/"},{"@type":"ListItem","position":3,"name":"Natriumstanaatti (CAS 12027-70-2)"}]},{"@type":"WebSite","@id":"https:\/\/masterchem.ee\/fi\/#website","url":"https:\/\/masterchem.ee\/fi\/","name":"Masterchem.ee","description":"Chemistry For Industry - Solvents &amp; Chemicals","publisher":{"@id":"https:\/\/masterchem.ee\/fi\/#organization"},"potentialAction":[{"@type":"SearchAction","target":{"@type":"EntryPoint","urlTemplate":"https:\/\/masterchem.ee\/fi\/?s={search_term_string}"},"query-input":{"@type":"PropertyValueSpecification","valueRequired":true,"valueName":"search_term_string"}}],"inLanguage":"fi"},{"@type":"Organization","@id":"https:\/\/masterchem.ee\/fi\/#organization","name":"Masterchem","url":"https:\/\/masterchem.ee\/fi\/","logo":{"@type":"ImageObject","inLanguage":"fi","@id":"https:\/\/masterchem.ee\/fi\/#\/schema\/logo\/image\/","url":"https:\/\/masterchem.ee\/wp-content\/uploads\/2018\/02\/master-chem_final-1.png","contentUrl":"https:\/\/masterchem.ee\/wp-content\/uploads\/2018\/02\/master-chem_final-1.png","width":850,"height":356,"caption":"Masterchem"},"image":{"@id":"https:\/\/masterchem.ee\/fi\/#\/schema\/logo\/image\/"}}]}},"_links":{"self":[{"href":"https:\/\/masterchem.ee\/fi\/wp-json\/wp\/v2\/product\/14234","targetHints":{"allow":["GET"]}}],"collection":[{"href":"https:\/\/masterchem.ee\/fi\/wp-json\/wp\/v2\/product"}],"about":[{"href":"https:\/\/masterchem.ee\/fi\/wp-json\/wp\/v2\/types\/product"}],"wp:featuredmedia":[{"embeddable":true,"href":"https:\/\/masterchem.ee\/fi\/wp-json\/wp\/v2\/media\/14240"}],"wp:attachment":[{"href":"https:\/\/masterchem.ee\/fi\/wp-json\/wp\/v2\/media?parent=14234"}],"wp:term":[{"taxonomy":"product_brand","embeddable":true,"href":"https:\/\/masterchem.ee\/fi\/wp-json\/wp\/v2\/product_brand?post=14234"},{"taxonomy":"product_cat","embeddable":true,"href":"https:\/\/masterchem.ee\/fi\/wp-json\/wp\/v2\/product_cat?post=14234"},{"taxonomy":"product_tag","embeddable":true,"href":"https:\/\/masterchem.ee\/fi\/wp-json\/wp\/v2\/product_tag?post=14234"}],"curies":[{"name":"wp","href":"https:\/\/api.w.org\/{rel}","templated":true}]}}