{"id":14219,"date":"2021-08-31T18:05:45","date_gmt":"2021-08-31T18:05:48","guid":{"rendered":"https:\/\/masterchem.ee\/?post_type=product&#038;p=14219"},"modified":"2021-08-31T18:58:25","modified_gmt":"2021-08-31T18:58:25","slug":"ammoniumkloridi-cas-12125-02-9","status":"publish","type":"product","link":"https:\/\/masterchem.ee\/fi\/tooted-ja-teenused\/ammoniumkloridi-cas-12125-02-9\/","title":{"rendered":"Ammoniumkloridi (CAS 12125-02-9)"},"content":{"rendered":"<p> <strong> Info<\/strong> <\/p>\n<p> Toimialat: Liimat, \u00f6ljyt, rasvat, elintarviketeollisuus, hartsit, muovit, polyuretaanit <br \/>\nCAS-numero: 12125-02-9 <br \/>\nWE-numero: 235-186-4 <br \/>\nIndeksinumero: 017-014-00-8 <br \/>\nKemiallinen kaava: NH4Cl <br \/>\nMoolimassa: 53,491 g\/mol <\/p>\n<p> <strong> Muut fyysiset ominaisuudet <\/strong> <\/p>\n<p> pH: 4,7 (200 g \/l, 25 \u00b0 C) <br \/>\nSulamis- \/ j\u00e4\u00e4tymispiste: 338 \u00b0 C <br \/>\nSuhteellinen tiheys: 1,53 g \/cm3 (25 \u00b0 C) <br \/>\nLiukoisuus veteen: 372 g\/l (20 \u00b0 C) <\/p>\n","protected":false},"excerpt":{"rendered":"<p> <strong>Ammoniumkloridi (CAS 12125-02-9)<\/strong> <\/p>\n<p>Ammoniumkloridi eli salmiakki (NH4Cl) on puhtaana valkoinen, vesiliukoinen 28,3 g\/100ml H2O (25 \u00b0C) ja pist\u00e4v\u00e4n makuinen kiteinen suola. Se sublimoituu eli muuttuu kiinte\u00e4st\u00e4 olomuodosta suoraan kaasumaiseksi l\u00e4mp\u00f6tilassa 338 \u00b0C. Lis\u00e4\u00e4 kuumennettaessa se hajoaa ammoniakiksi ja vetykloridiksi. Ammoniumkloridin vesiliuos on ammoniumionin vuoksi liev\u00e4sti hapan. Ammoniumkloridin moolimassa on 53,5 g\/mol, kiehumispiste 520 \u00b0C, tiheys 1,5 g\/cm3 (vesi = 1,0 g\/cm3) ja CAS-numero 12125-02-9. Ammoniumkloridin E-koodi on E510.<\/p>\n","protected":false},"featured_media":14225,"template":"","meta":[],"product_brand":[],"product_cat":[180,286,258,307],"product_tag":[],"class_list":{"0":"post-14219","1":"product","2":"type-product","3":"status-publish","4":"has-post-thumbnail","6":"product_cat-uncategorized-fi-2","7":"product_cat-maalit-ja-lakat","8":"product_cat-muovi-fi","9":"product_cat-ruokateollisuus","11":"first","12":"instock","13":"taxable","14":"shipping-taxable","15":"purchasable","16":"product-type-variable","17":"has-default-attributes"},"yoast_head":"<!-- This site is optimized with the Yoast SEO plugin v26.2 - https:\/\/yoast.com\/wordpress\/plugins\/seo\/ -->\n<title>Ammoniumkloridi (CAS 12125-02-9) - Chemistry For Industry - Solvents &amp; Chemicals - Masterchem.ee<\/title>\n<meta name=\"description\" content=\"Ammoniumkloridi eli salmiakki (NH4Cl) on puhtaana valkoinen, vesiliukoinen 28,3 g\/100ml H2O (25 \u00b0C) ja pist\u00e4v\u00e4n makuinen kiteinen suola.\" \/>\n<meta name=\"robots\" content=\"index, follow, max-snippet:-1, max-image-preview:large, max-video-preview:-1\" \/>\n<link rel=\"canonical\" href=\"https:\/\/masterchem.ee\/fi\/tooted-ja-teenused\/ammoniumkloridi-cas-12125-02-9\/\" \/>\n<meta name=\"twitter:card\" content=\"summary_large_image\" \/>\n<meta name=\"twitter:title\" content=\"Ammoniumkloridi (CAS 12125-02-9) - Chemistry For Industry - Solvents &amp; Chemicals - Masterchem.ee\" \/>\n<meta name=\"twitter:description\" content=\"Ammoniumkloridi eli salmiakki (NH4Cl) on puhtaana valkoinen, vesiliukoinen 28,3 g\/100ml H2O (25 \u00b0C) ja pist\u00e4v\u00e4n makuinen kiteinen suola.\" \/>\n<meta name=\"twitter:image\" content=\"https:\/\/masterchem.ee\/wp-content\/uploads\/2021\/08\/Ammooniumkloriid-25kg-MasterChem.jpg\" \/>\n<script type=\"application\/ld+json\" class=\"yoast-schema-graph\">{\"@context\":\"https:\/\/schema.org\",\"@graph\":[{\"@type\":\"WebPage\",\"@id\":\"https:\/\/masterchem.ee\/fi\/tooted-ja-teenused\/ammoniumkloridi-cas-12125-02-9\/\",\"url\":\"https:\/\/masterchem.ee\/fi\/tooted-ja-teenused\/ammoniumkloridi-cas-12125-02-9\/\",\"name\":\"Ammoniumkloridi (CAS 12125-02-9) - Chemistry For Industry - Solvents &amp; Chemicals - Masterchem.ee\",\"isPartOf\":{\"@id\":\"https:\/\/masterchem.ee\/fi\/#website\"},\"primaryImageOfPage\":{\"@id\":\"https:\/\/masterchem.ee\/fi\/tooted-ja-teenused\/ammoniumkloridi-cas-12125-02-9\/#primaryimage\"},\"image\":{\"@id\":\"https:\/\/masterchem.ee\/fi\/tooted-ja-teenused\/ammoniumkloridi-cas-12125-02-9\/#primaryimage\"},\"thumbnailUrl\":\"https:\/\/masterchem.ee\/wp-content\/uploads\/2021\/08\/Ammooniumkloriid-25kg-MasterChem.jpg\",\"datePublished\":\"2021-08-31T18:05:48+00:00\",\"dateModified\":\"2021-08-31T18:58:25+00:00\",\"description\":\"Ammoniumkloridi eli salmiakki (NH4Cl) on puhtaana valkoinen, vesiliukoinen 28,3 g\/100ml H2O (25 \u00b0C) ja pist\u00e4v\u00e4n makuinen kiteinen suola.\",\"breadcrumb\":{\"@id\":\"https:\/\/masterchem.ee\/fi\/tooted-ja-teenused\/ammoniumkloridi-cas-12125-02-9\/#breadcrumb\"},\"inLanguage\":\"fi\",\"potentialAction\":[{\"@type\":\"ReadAction\",\"target\":[\"https:\/\/masterchem.ee\/fi\/tooted-ja-teenused\/ammoniumkloridi-cas-12125-02-9\/\"]}]},{\"@type\":\"ImageObject\",\"inLanguage\":\"fi\",\"@id\":\"https:\/\/masterchem.ee\/fi\/tooted-ja-teenused\/ammoniumkloridi-cas-12125-02-9\/#primaryimage\",\"url\":\"https:\/\/masterchem.ee\/wp-content\/uploads\/2021\/08\/Ammooniumkloriid-25kg-MasterChem.jpg\",\"contentUrl\":\"https:\/\/masterchem.ee\/wp-content\/uploads\/2021\/08\/Ammooniumkloriid-25kg-MasterChem.jpg\",\"width\":1000,\"height\":1000,\"caption\":\"Ammoniumkloridi (CAS 12125-02-9) 25kg MasterChem\"},{\"@type\":\"BreadcrumbList\",\"@id\":\"https:\/\/masterchem.ee\/fi\/tooted-ja-teenused\/ammoniumkloridi-cas-12125-02-9\/#breadcrumb\",\"itemListElement\":[{\"@type\":\"ListItem\",\"position\":1,\"name\":\"Home\",\"item\":\"https:\/\/masterchem.ee\/fi\/\"},{\"@type\":\"ListItem\",\"position\":2,\"name\":\"Tooted ja teenused\",\"item\":\"https:\/\/masterchem.ee\/tooted-ja-teenused\/\"},{\"@type\":\"ListItem\",\"position\":3,\"name\":\"Ammoniumkloridi (CAS 12125-02-9)\"}]},{\"@type\":\"WebSite\",\"@id\":\"https:\/\/masterchem.ee\/fi\/#website\",\"url\":\"https:\/\/masterchem.ee\/fi\/\",\"name\":\"Masterchem.ee\",\"description\":\"Chemistry For Industry - Solvents &amp; Chemicals\",\"publisher\":{\"@id\":\"https:\/\/masterchem.ee\/fi\/#organization\"},\"potentialAction\":[{\"@type\":\"SearchAction\",\"target\":{\"@type\":\"EntryPoint\",\"urlTemplate\":\"https:\/\/masterchem.ee\/fi\/?s={search_term_string}\"},\"query-input\":{\"@type\":\"PropertyValueSpecification\",\"valueRequired\":true,\"valueName\":\"search_term_string\"}}],\"inLanguage\":\"fi\"},{\"@type\":\"Organization\",\"@id\":\"https:\/\/masterchem.ee\/fi\/#organization\",\"name\":\"Masterchem\",\"url\":\"https:\/\/masterchem.ee\/fi\/\",\"logo\":{\"@type\":\"ImageObject\",\"inLanguage\":\"fi\",\"@id\":\"https:\/\/masterchem.ee\/fi\/#\/schema\/logo\/image\/\",\"url\":\"https:\/\/masterchem.ee\/wp-content\/uploads\/2018\/02\/master-chem_final-1.png\",\"contentUrl\":\"https:\/\/masterchem.ee\/wp-content\/uploads\/2018\/02\/master-chem_final-1.png\",\"width\":850,\"height\":356,\"caption\":\"Masterchem\"},\"image\":{\"@id\":\"https:\/\/masterchem.ee\/fi\/#\/schema\/logo\/image\/\"}}]}<\/script>\n<!-- \/ Yoast SEO plugin. -->","yoast_head_json":{"title":"Ammoniumkloridi (CAS 12125-02-9) - Chemistry For Industry - Solvents &amp; Chemicals - Masterchem.ee","description":"Ammoniumkloridi eli salmiakki (NH4Cl) on puhtaana valkoinen, vesiliukoinen 28,3 g\/100ml H2O (25 \u00b0C) ja pist\u00e4v\u00e4n makuinen kiteinen suola.","robots":{"index":"index","follow":"follow","max-snippet":"max-snippet:-1","max-image-preview":"max-image-preview:large","max-video-preview":"max-video-preview:-1"},"canonical":"https:\/\/masterchem.ee\/fi\/tooted-ja-teenused\/ammoniumkloridi-cas-12125-02-9\/","twitter_card":"summary_large_image","twitter_title":"Ammoniumkloridi (CAS 12125-02-9) - Chemistry For Industry - Solvents &amp; Chemicals - Masterchem.ee","twitter_description":"Ammoniumkloridi eli salmiakki (NH4Cl) on puhtaana valkoinen, vesiliukoinen 28,3 g\/100ml H2O (25 \u00b0C) ja pist\u00e4v\u00e4n makuinen kiteinen suola.","twitter_image":"https:\/\/masterchem.ee\/wp-content\/uploads\/2021\/08\/Ammooniumkloriid-25kg-MasterChem.jpg","schema":{"@context":"https:\/\/schema.org","@graph":[{"@type":"WebPage","@id":"https:\/\/masterchem.ee\/fi\/tooted-ja-teenused\/ammoniumkloridi-cas-12125-02-9\/","url":"https:\/\/masterchem.ee\/fi\/tooted-ja-teenused\/ammoniumkloridi-cas-12125-02-9\/","name":"Ammoniumkloridi (CAS 12125-02-9) - Chemistry For Industry - Solvents &amp; Chemicals - Masterchem.ee","isPartOf":{"@id":"https:\/\/masterchem.ee\/fi\/#website"},"primaryImageOfPage":{"@id":"https:\/\/masterchem.ee\/fi\/tooted-ja-teenused\/ammoniumkloridi-cas-12125-02-9\/#primaryimage"},"image":{"@id":"https:\/\/masterchem.ee\/fi\/tooted-ja-teenused\/ammoniumkloridi-cas-12125-02-9\/#primaryimage"},"thumbnailUrl":"https:\/\/masterchem.ee\/wp-content\/uploads\/2021\/08\/Ammooniumkloriid-25kg-MasterChem.jpg","datePublished":"2021-08-31T18:05:48+00:00","dateModified":"2021-08-31T18:58:25+00:00","description":"Ammoniumkloridi eli salmiakki (NH4Cl) on puhtaana valkoinen, vesiliukoinen 28,3 g\/100ml H2O (25 \u00b0C) ja pist\u00e4v\u00e4n makuinen kiteinen suola.","breadcrumb":{"@id":"https:\/\/masterchem.ee\/fi\/tooted-ja-teenused\/ammoniumkloridi-cas-12125-02-9\/#breadcrumb"},"inLanguage":"fi","potentialAction":[{"@type":"ReadAction","target":["https:\/\/masterchem.ee\/fi\/tooted-ja-teenused\/ammoniumkloridi-cas-12125-02-9\/"]}]},{"@type":"ImageObject","inLanguage":"fi","@id":"https:\/\/masterchem.ee\/fi\/tooted-ja-teenused\/ammoniumkloridi-cas-12125-02-9\/#primaryimage","url":"https:\/\/masterchem.ee\/wp-content\/uploads\/2021\/08\/Ammooniumkloriid-25kg-MasterChem.jpg","contentUrl":"https:\/\/masterchem.ee\/wp-content\/uploads\/2021\/08\/Ammooniumkloriid-25kg-MasterChem.jpg","width":1000,"height":1000,"caption":"Ammoniumkloridi (CAS 12125-02-9) 25kg MasterChem"},{"@type":"BreadcrumbList","@id":"https:\/\/masterchem.ee\/fi\/tooted-ja-teenused\/ammoniumkloridi-cas-12125-02-9\/#breadcrumb","itemListElement":[{"@type":"ListItem","position":1,"name":"Home","item":"https:\/\/masterchem.ee\/fi\/"},{"@type":"ListItem","position":2,"name":"Tooted ja teenused","item":"https:\/\/masterchem.ee\/tooted-ja-teenused\/"},{"@type":"ListItem","position":3,"name":"Ammoniumkloridi (CAS 12125-02-9)"}]},{"@type":"WebSite","@id":"https:\/\/masterchem.ee\/fi\/#website","url":"https:\/\/masterchem.ee\/fi\/","name":"Masterchem.ee","description":"Chemistry For Industry - Solvents &amp; Chemicals","publisher":{"@id":"https:\/\/masterchem.ee\/fi\/#organization"},"potentialAction":[{"@type":"SearchAction","target":{"@type":"EntryPoint","urlTemplate":"https:\/\/masterchem.ee\/fi\/?s={search_term_string}"},"query-input":{"@type":"PropertyValueSpecification","valueRequired":true,"valueName":"search_term_string"}}],"inLanguage":"fi"},{"@type":"Organization","@id":"https:\/\/masterchem.ee\/fi\/#organization","name":"Masterchem","url":"https:\/\/masterchem.ee\/fi\/","logo":{"@type":"ImageObject","inLanguage":"fi","@id":"https:\/\/masterchem.ee\/fi\/#\/schema\/logo\/image\/","url":"https:\/\/masterchem.ee\/wp-content\/uploads\/2018\/02\/master-chem_final-1.png","contentUrl":"https:\/\/masterchem.ee\/wp-content\/uploads\/2018\/02\/master-chem_final-1.png","width":850,"height":356,"caption":"Masterchem"},"image":{"@id":"https:\/\/masterchem.ee\/fi\/#\/schema\/logo\/image\/"}}]}},"_links":{"self":[{"href":"https:\/\/masterchem.ee\/fi\/wp-json\/wp\/v2\/product\/14219","targetHints":{"allow":["GET"]}}],"collection":[{"href":"https:\/\/masterchem.ee\/fi\/wp-json\/wp\/v2\/product"}],"about":[{"href":"https:\/\/masterchem.ee\/fi\/wp-json\/wp\/v2\/types\/product"}],"wp:featuredmedia":[{"embeddable":true,"href":"https:\/\/masterchem.ee\/fi\/wp-json\/wp\/v2\/media\/14225"}],"wp:attachment":[{"href":"https:\/\/masterchem.ee\/fi\/wp-json\/wp\/v2\/media?parent=14219"}],"wp:term":[{"taxonomy":"product_brand","embeddable":true,"href":"https:\/\/masterchem.ee\/fi\/wp-json\/wp\/v2\/product_brand?post=14219"},{"taxonomy":"product_cat","embeddable":true,"href":"https:\/\/masterchem.ee\/fi\/wp-json\/wp\/v2\/product_cat?post=14219"},{"taxonomy":"product_tag","embeddable":true,"href":"https:\/\/masterchem.ee\/fi\/wp-json\/wp\/v2\/product_tag?post=14219"}],"curies":[{"name":"wp","href":"https:\/\/api.w.org\/{rel}","templated":true}]}}