{"id":14203,"date":"2021-08-31T17:20:46","date_gmt":"2021-08-31T17:20:49","guid":{"rendered":"https:\/\/masterchem.ee\/?post_type=product&#038;p=14203"},"modified":"2021-08-31T17:38:28","modified_gmt":"2021-08-31T17:38:28","slug":"titaanidioksidi-cas-13463-67-7","status":"publish","type":"product","link":"https:\/\/masterchem.ee\/fi\/tooted-ja-teenused\/titaanidioksidi-cas-13463-67-7\/","title":{"rendered":"Titaanidioksidi (CAS 13463-67-7)"},"content":{"rendered":"<p> <strong> Info<\/strong> <\/p>\n<p> Toimialat: maalit ja lakat, kosmetiikkateollisuus, lasi ja keramiikka <br \/>\nCAS-numero: 13463-67-7 <br \/>\nKemiallinen kaava: TiO2 <br \/>\nMoolimassa: 79,87 g\/mol <\/p>\n<p> <strong> Muut fyysiset ominaisuudet <\/strong> <\/p>\n<p> Sulamis- \/ j\u00e4\u00e4tymispiste: Anataz: 1560 \u00b0 C, Rutyyli: 1843 \u00b0 C, Brukit: 1825 \u00b0 C <br \/>\nKiehumispiste \/ kiehumisalue: 3000 \u00b0 C (1013 hPa) <br \/>\nSuhteellinen tiheys: Anataz: 3,9 kg\/l (20 \u00b0 C), Brukit: 4,17 kg\/l (20 \u00b0 C), Rutyyli: 4,26 kg\/l (20 \u00b0 C) <br \/>\nLiukoisuus veteen: 1\u03bcg\/l <\/p>\n","protected":false},"excerpt":{"rendered":"<p> <strong>Titaanidioksidi (CAS 13463-67-7)<\/strong> <\/p>\n<p> Titaanidioksidi, joka tunnetaan my\u00f6s nimell\u00e4 titaani (IV) oksidi tai titania \/ta\u026a\u02c8te\u026ani\u0259 \/, on luonnossa esiintyv\u00e4 titaanioksidi, kemiallinen kaava TiO <br \/>\n2. Kun sit\u00e4 k\u00e4ytet\u00e4\u00e4n pigmenttin\u00e4, sit\u00e4 kutsutaan titaanivalkoiseksi, pigmenttivalkoiseksi 6 (PW6) tai CI 77891. Yleens\u00e4 se on per\u00e4isin ilmeniitist\u00e4, rutiilista ja anataasista. Sill\u00e4 on laaja valikoima sovelluksia, mukaan lukien maali, aurinkovoide ja elintarvikev\u00e4ri. Kun sit\u00e4 k\u00e4ytet\u00e4\u00e4n elintarvikev\u00e4rin\u00e4, sill\u00e4 on E -numero E171. Maailman tuotanto ylitti vuonna 2014 yli 9 miljoonaa tonnia. On arvioitu, ett\u00e4 titaanidioksidia k\u00e4ytet\u00e4\u00e4n kahdessa kolmasosassa kaikista pigmenteist\u00e4, ja oksidipohjaisten pigmenttien arvo on 13,2 miljardia dollaria. <\/p>\n","protected":false},"featured_media":14209,"template":"","meta":[],"product_brand":[],"product_cat":[180,294,298,286],"product_tag":[],"class_list":{"0":"post-14203","1":"product","2":"type-product","3":"status-publish","4":"has-post-thumbnail","6":"product_cat-uncategorized-fi-2","7":"product_cat-kosmetiikkateollisuus","8":"product_cat-lasi-ja-keramiikka","9":"product_cat-maalit-ja-lakat","11":"first","12":"instock","13":"taxable","14":"shipping-taxable","15":"purchasable","16":"product-type-variable","17":"has-default-attributes"},"yoast_head":"<!-- This site is optimized with the Yoast SEO plugin v26.2 - https:\/\/yoast.com\/wordpress\/plugins\/seo\/ -->\n<title>Titaanidioksidi (CAS 13463-67-7) - Chemistry For Industry - Solvents &amp; Chemicals - Masterchem.ee<\/title>\n<meta name=\"description\" content=\"Titaanidioksidi eli titaanivalkoinen (titaani(IV)oksidi, TiO2) on ominaisuuksiltaan erinomainen, hyvin kest\u00e4v\u00e4 ja monipuolinen yhdiste.\" \/>\n<meta name=\"robots\" content=\"index, follow, max-snippet:-1, max-image-preview:large, max-video-preview:-1\" \/>\n<link rel=\"canonical\" href=\"https:\/\/masterchem.ee\/fi\/tooted-ja-teenused\/titaanidioksidi-cas-13463-67-7\/\" \/>\n<meta name=\"twitter:card\" content=\"summary_large_image\" \/>\n<meta name=\"twitter:title\" content=\"Titaanidioksidi (CAS 13463-67-7) - Chemistry For Industry - Solvents &amp; Chemicals - Masterchem.ee\" \/>\n<meta name=\"twitter:description\" content=\"Titaanidioksidi eli titaanivalkoinen (titaani(IV)oksidi, TiO2) on ominaisuuksiltaan erinomainen, hyvin kest\u00e4v\u00e4 ja monipuolinen yhdiste.\" \/>\n<meta name=\"twitter:image\" content=\"https:\/\/masterchem.ee\/wp-content\/uploads\/2021\/08\/Titaandioksiid-25kg-MasterChem.jpg\" \/>\n<script type=\"application\/ld+json\" class=\"yoast-schema-graph\">{\"@context\":\"https:\/\/schema.org\",\"@graph\":[{\"@type\":\"WebPage\",\"@id\":\"https:\/\/masterchem.ee\/fi\/tooted-ja-teenused\/titaanidioksidi-cas-13463-67-7\/\",\"url\":\"https:\/\/masterchem.ee\/fi\/tooted-ja-teenused\/titaanidioksidi-cas-13463-67-7\/\",\"name\":\"Titaanidioksidi (CAS 13463-67-7) - Chemistry For Industry - Solvents &amp; Chemicals - Masterchem.ee\",\"isPartOf\":{\"@id\":\"https:\/\/masterchem.ee\/fi\/#website\"},\"primaryImageOfPage\":{\"@id\":\"https:\/\/masterchem.ee\/fi\/tooted-ja-teenused\/titaanidioksidi-cas-13463-67-7\/#primaryimage\"},\"image\":{\"@id\":\"https:\/\/masterchem.ee\/fi\/tooted-ja-teenused\/titaanidioksidi-cas-13463-67-7\/#primaryimage\"},\"thumbnailUrl\":\"https:\/\/masterchem.ee\/wp-content\/uploads\/2021\/08\/Titaandioksiid-25kg-MasterChem.jpg\",\"datePublished\":\"2021-08-31T17:20:49+00:00\",\"dateModified\":\"2021-08-31T17:38:28+00:00\",\"description\":\"Titaanidioksidi eli titaanivalkoinen (titaani(IV)oksidi, TiO2) on ominaisuuksiltaan erinomainen, hyvin kest\u00e4v\u00e4 ja monipuolinen yhdiste.\",\"breadcrumb\":{\"@id\":\"https:\/\/masterchem.ee\/fi\/tooted-ja-teenused\/titaanidioksidi-cas-13463-67-7\/#breadcrumb\"},\"inLanguage\":\"fi\",\"potentialAction\":[{\"@type\":\"ReadAction\",\"target\":[\"https:\/\/masterchem.ee\/fi\/tooted-ja-teenused\/titaanidioksidi-cas-13463-67-7\/\"]}]},{\"@type\":\"ImageObject\",\"inLanguage\":\"fi\",\"@id\":\"https:\/\/masterchem.ee\/fi\/tooted-ja-teenused\/titaanidioksidi-cas-13463-67-7\/#primaryimage\",\"url\":\"https:\/\/masterchem.ee\/wp-content\/uploads\/2021\/08\/Titaandioksiid-25kg-MasterChem.jpg\",\"contentUrl\":\"https:\/\/masterchem.ee\/wp-content\/uploads\/2021\/08\/Titaandioksiid-25kg-MasterChem.jpg\",\"width\":1000,\"height\":1000,\"caption\":\"Titaanidioksidi (CAS 13463-67-7) 25kg MasterChem\"},{\"@type\":\"BreadcrumbList\",\"@id\":\"https:\/\/masterchem.ee\/fi\/tooted-ja-teenused\/titaanidioksidi-cas-13463-67-7\/#breadcrumb\",\"itemListElement\":[{\"@type\":\"ListItem\",\"position\":1,\"name\":\"Home\",\"item\":\"https:\/\/masterchem.ee\/fi\/\"},{\"@type\":\"ListItem\",\"position\":2,\"name\":\"Tooted ja teenused\",\"item\":\"https:\/\/masterchem.ee\/tooted-ja-teenused\/\"},{\"@type\":\"ListItem\",\"position\":3,\"name\":\"Titaanidioksidi (CAS 13463-67-7)\"}]},{\"@type\":\"WebSite\",\"@id\":\"https:\/\/masterchem.ee\/fi\/#website\",\"url\":\"https:\/\/masterchem.ee\/fi\/\",\"name\":\"Masterchem.ee\",\"description\":\"Chemistry For Industry - Solvents &amp; Chemicals\",\"publisher\":{\"@id\":\"https:\/\/masterchem.ee\/fi\/#organization\"},\"potentialAction\":[{\"@type\":\"SearchAction\",\"target\":{\"@type\":\"EntryPoint\",\"urlTemplate\":\"https:\/\/masterchem.ee\/fi\/?s={search_term_string}\"},\"query-input\":{\"@type\":\"PropertyValueSpecification\",\"valueRequired\":true,\"valueName\":\"search_term_string\"}}],\"inLanguage\":\"fi\"},{\"@type\":\"Organization\",\"@id\":\"https:\/\/masterchem.ee\/fi\/#organization\",\"name\":\"Masterchem\",\"url\":\"https:\/\/masterchem.ee\/fi\/\",\"logo\":{\"@type\":\"ImageObject\",\"inLanguage\":\"fi\",\"@id\":\"https:\/\/masterchem.ee\/fi\/#\/schema\/logo\/image\/\",\"url\":\"https:\/\/masterchem.ee\/wp-content\/uploads\/2018\/02\/master-chem_final-1.png\",\"contentUrl\":\"https:\/\/masterchem.ee\/wp-content\/uploads\/2018\/02\/master-chem_final-1.png\",\"width\":850,\"height\":356,\"caption\":\"Masterchem\"},\"image\":{\"@id\":\"https:\/\/masterchem.ee\/fi\/#\/schema\/logo\/image\/\"}}]}<\/script>\n<!-- \/ Yoast SEO plugin. -->","yoast_head_json":{"title":"Titaanidioksidi (CAS 13463-67-7) - Chemistry For Industry - Solvents &amp; Chemicals - Masterchem.ee","description":"Titaanidioksidi eli titaanivalkoinen (titaani(IV)oksidi, TiO2) on ominaisuuksiltaan erinomainen, hyvin kest\u00e4v\u00e4 ja monipuolinen yhdiste.","robots":{"index":"index","follow":"follow","max-snippet":"max-snippet:-1","max-image-preview":"max-image-preview:large","max-video-preview":"max-video-preview:-1"},"canonical":"https:\/\/masterchem.ee\/fi\/tooted-ja-teenused\/titaanidioksidi-cas-13463-67-7\/","twitter_card":"summary_large_image","twitter_title":"Titaanidioksidi (CAS 13463-67-7) - Chemistry For Industry - Solvents &amp; Chemicals - Masterchem.ee","twitter_description":"Titaanidioksidi eli titaanivalkoinen (titaani(IV)oksidi, TiO2) on ominaisuuksiltaan erinomainen, hyvin kest\u00e4v\u00e4 ja monipuolinen yhdiste.","twitter_image":"https:\/\/masterchem.ee\/wp-content\/uploads\/2021\/08\/Titaandioksiid-25kg-MasterChem.jpg","schema":{"@context":"https:\/\/schema.org","@graph":[{"@type":"WebPage","@id":"https:\/\/masterchem.ee\/fi\/tooted-ja-teenused\/titaanidioksidi-cas-13463-67-7\/","url":"https:\/\/masterchem.ee\/fi\/tooted-ja-teenused\/titaanidioksidi-cas-13463-67-7\/","name":"Titaanidioksidi (CAS 13463-67-7) - Chemistry For Industry - Solvents &amp; Chemicals - Masterchem.ee","isPartOf":{"@id":"https:\/\/masterchem.ee\/fi\/#website"},"primaryImageOfPage":{"@id":"https:\/\/masterchem.ee\/fi\/tooted-ja-teenused\/titaanidioksidi-cas-13463-67-7\/#primaryimage"},"image":{"@id":"https:\/\/masterchem.ee\/fi\/tooted-ja-teenused\/titaanidioksidi-cas-13463-67-7\/#primaryimage"},"thumbnailUrl":"https:\/\/masterchem.ee\/wp-content\/uploads\/2021\/08\/Titaandioksiid-25kg-MasterChem.jpg","datePublished":"2021-08-31T17:20:49+00:00","dateModified":"2021-08-31T17:38:28+00:00","description":"Titaanidioksidi eli titaanivalkoinen (titaani(IV)oksidi, TiO2) on ominaisuuksiltaan erinomainen, hyvin kest\u00e4v\u00e4 ja monipuolinen yhdiste.","breadcrumb":{"@id":"https:\/\/masterchem.ee\/fi\/tooted-ja-teenused\/titaanidioksidi-cas-13463-67-7\/#breadcrumb"},"inLanguage":"fi","potentialAction":[{"@type":"ReadAction","target":["https:\/\/masterchem.ee\/fi\/tooted-ja-teenused\/titaanidioksidi-cas-13463-67-7\/"]}]},{"@type":"ImageObject","inLanguage":"fi","@id":"https:\/\/masterchem.ee\/fi\/tooted-ja-teenused\/titaanidioksidi-cas-13463-67-7\/#primaryimage","url":"https:\/\/masterchem.ee\/wp-content\/uploads\/2021\/08\/Titaandioksiid-25kg-MasterChem.jpg","contentUrl":"https:\/\/masterchem.ee\/wp-content\/uploads\/2021\/08\/Titaandioksiid-25kg-MasterChem.jpg","width":1000,"height":1000,"caption":"Titaanidioksidi (CAS 13463-67-7) 25kg MasterChem"},{"@type":"BreadcrumbList","@id":"https:\/\/masterchem.ee\/fi\/tooted-ja-teenused\/titaanidioksidi-cas-13463-67-7\/#breadcrumb","itemListElement":[{"@type":"ListItem","position":1,"name":"Home","item":"https:\/\/masterchem.ee\/fi\/"},{"@type":"ListItem","position":2,"name":"Tooted ja teenused","item":"https:\/\/masterchem.ee\/tooted-ja-teenused\/"},{"@type":"ListItem","position":3,"name":"Titaanidioksidi (CAS 13463-67-7)"}]},{"@type":"WebSite","@id":"https:\/\/masterchem.ee\/fi\/#website","url":"https:\/\/masterchem.ee\/fi\/","name":"Masterchem.ee","description":"Chemistry For Industry - Solvents &amp; Chemicals","publisher":{"@id":"https:\/\/masterchem.ee\/fi\/#organization"},"potentialAction":[{"@type":"SearchAction","target":{"@type":"EntryPoint","urlTemplate":"https:\/\/masterchem.ee\/fi\/?s={search_term_string}"},"query-input":{"@type":"PropertyValueSpecification","valueRequired":true,"valueName":"search_term_string"}}],"inLanguage":"fi"},{"@type":"Organization","@id":"https:\/\/masterchem.ee\/fi\/#organization","name":"Masterchem","url":"https:\/\/masterchem.ee\/fi\/","logo":{"@type":"ImageObject","inLanguage":"fi","@id":"https:\/\/masterchem.ee\/fi\/#\/schema\/logo\/image\/","url":"https:\/\/masterchem.ee\/wp-content\/uploads\/2018\/02\/master-chem_final-1.png","contentUrl":"https:\/\/masterchem.ee\/wp-content\/uploads\/2018\/02\/master-chem_final-1.png","width":850,"height":356,"caption":"Masterchem"},"image":{"@id":"https:\/\/masterchem.ee\/fi\/#\/schema\/logo\/image\/"}}]}},"_links":{"self":[{"href":"https:\/\/masterchem.ee\/fi\/wp-json\/wp\/v2\/product\/14203","targetHints":{"allow":["GET"]}}],"collection":[{"href":"https:\/\/masterchem.ee\/fi\/wp-json\/wp\/v2\/product"}],"about":[{"href":"https:\/\/masterchem.ee\/fi\/wp-json\/wp\/v2\/types\/product"}],"wp:featuredmedia":[{"embeddable":true,"href":"https:\/\/masterchem.ee\/fi\/wp-json\/wp\/v2\/media\/14209"}],"wp:attachment":[{"href":"https:\/\/masterchem.ee\/fi\/wp-json\/wp\/v2\/media?parent=14203"}],"wp:term":[{"taxonomy":"product_brand","embeddable":true,"href":"https:\/\/masterchem.ee\/fi\/wp-json\/wp\/v2\/product_brand?post=14203"},{"taxonomy":"product_cat","embeddable":true,"href":"https:\/\/masterchem.ee\/fi\/wp-json\/wp\/v2\/product_cat?post=14203"},{"taxonomy":"product_tag","embeddable":true,"href":"https:\/\/masterchem.ee\/fi\/wp-json\/wp\/v2\/product_tag?post=14203"}],"curies":[{"name":"wp","href":"https:\/\/api.w.org\/{rel}","templated":true}]}}