{"id":14109,"date":"2021-08-24T19:31:50","date_gmt":"2021-08-24T19:31:57","guid":{"rendered":"https:\/\/masterchem.ee\/?post_type=product&#038;p=14109"},"modified":"2021-08-24T19:39:44","modified_gmt":"2021-08-24T19:39:44","slug":"kevyt-nestemainen-parafiini-cas-8042-47-5","status":"publish","type":"product","link":"https:\/\/masterchem.ee\/fi\/tooted-ja-teenused\/kevyt-nestemainen-parafiini-cas-8042-47-5\/","title":{"rendered":"Kevyt nestem\u00e4inen parafiini (CAS 8042-47-5)"},"content":{"rendered":"<p> <strong> Info<\/strong> <\/p>\n<p> Toimialat: kotitalouskemikaalit, lannoitteet, kosmetiikkateollisuus, liimat, \u00f6ljyt, rasvat, l\u00e4\u00e4keteollisuus, rakennuskemia <br \/>\nCAS-numero: 8042-47-5 <br \/>\nWE-numero: 232-455-8 <br \/>\nTullitariffi: 27101985 <\/p>\n<p> <strong> Muut fyysiset ominaisuudet <\/strong> <\/p>\n<p> Kiehumispiste \/ kiehumisalue:> 280 \u00b0 C <br \/>\nSuhteellinen tiheys: 850 kg\/m3 (15 \u00b0 C) <\/p>\n","protected":false},"excerpt":{"rendered":"<p> <strong> Kevyt nestem\u00e4inen parafiini (CAS 8042-47-5) <\/strong> <\/p>\n<p> Kevytt\u00e4 nestem\u00e4ist\u00e4 parafiini\u00f6ljy\u00e4 Ip k\u00e4ytet\u00e4\u00e4n antistaattisen kartio\u00f6ljyn, neule\u00f6ljyn ja muiden tekstiilien apuaineiden, kasvinsuihke\u00f6ljyn, maatalouskemikaalien, aerosolien, v\u00e4riaineiden, paperiteollisuuden valmistukseen; Hajuvedet, elintarvikek\u00e4ytt\u00f6\u00f6n tarkoitetut erikoisvoiteluaineet, voiteluaineiden pehmittimin\u00e4 k\u00e4ytetyt elintarvikelaatuiset muovit, hy\u00f6nteiset, aromit ja tuoksut, hajuvesikemikaalit, erikoiskemikaalit, suitsukkeet, henkil\u00f6kohtaiset hygieniatuotteet, nahkakemikaalit, rasvaliuokset, petrokemian liuottimet jne. Sit\u00e4 voidaan my\u00f6s k\u00e4ytt\u00e4\u00e4 l\u00e4\u00e4kkeiden ja kosmetiikkatuotteiden, kuten voiteiden, voiteiden, hajusteiden, irtotavaran ja elintarviketeollisuuden valmistuksessa. <\/p>\n","protected":false},"featured_media":14151,"template":"","meta":[],"product_brand":[],"product_cat":[180,294,117,120,323,351,114],"product_tag":[],"class_list":{"0":"post-14109","1":"product","2":"type-product","3":"status-publish","4":"has-post-thumbnail","6":"product_cat-uncategorized-fi-2","7":"product_cat-kosmetiikkateollisuus","8":"product_cat-kotitalouskemikaalit","9":"product_cat-laaketeollisuus","10":"product_cat-lannoitteet","11":"product_cat-puutarhanhoito","12":"product_cat-rakennusteollisuus","13":"pif-has-gallery","15":"first","16":"instock","17":"taxable","18":"shipping-taxable","19":"purchasable","20":"product-type-variable","21":"has-default-attributes"},"yoast_head":"<!-- This site is optimized with the Yoast SEO plugin v26.2 - https:\/\/yoast.com\/wordpress\/plugins\/seo\/ -->\n<title>Kevyt nestem\u00e4inen parafiini (CAS 8042-47-5) - Chemistry For Industry - Solvents &amp; Chemicals - Masterchem.ee<\/title>\n<meta name=\"description\" content=\"Kevytt\u00e4 nestem\u00e4ist\u00e4 parafiini\u00f6ljy\u00e4 Ip k\u00e4ytet\u00e4\u00e4n antistaattisen kartio\u00f6ljyn, neule\u00f6ljyn ja muiden tekstiilien apuaineiden, kasvinsuihke\u00f6ljyn, maatalouskemikaalien, aerosolien, v\u00e4riaineiden valmistukseen\" \/>\n<meta name=\"robots\" content=\"index, follow, max-snippet:-1, max-image-preview:large, max-video-preview:-1\" \/>\n<link rel=\"canonical\" href=\"https:\/\/masterchem.ee\/fi\/tooted-ja-teenused\/kevyt-nestemainen-parafiini-cas-8042-47-5\/\" \/>\n<meta name=\"twitter:card\" content=\"summary_large_image\" \/>\n<meta name=\"twitter:title\" content=\"Kevyt nestem\u00e4inen parafiini (CAS 8042-47-5) - Chemistry For Industry - Solvents &amp; Chemicals - Masterchem.ee\" \/>\n<meta name=\"twitter:description\" content=\"Kevytt\u00e4 nestem\u00e4ist\u00e4 parafiini\u00f6ljy\u00e4 Ip k\u00e4ytet\u00e4\u00e4n antistaattisen kartio\u00f6ljyn, neule\u00f6ljyn ja muiden tekstiilien apuaineiden, kasvinsuihke\u00f6ljyn, maatalouskemikaalien, aerosolien, v\u00e4riaineiden valmistukseen\" \/>\n<meta name=\"twitter:image\" content=\"https:\/\/masterchem.ee\/wp-content\/uploads\/2021\/08\/Kerge-vedel-parafiin-1000l-MaterChem.jpg\" \/>\n<script type=\"application\/ld+json\" class=\"yoast-schema-graph\">{\"@context\":\"https:\/\/schema.org\",\"@graph\":[{\"@type\":\"WebPage\",\"@id\":\"https:\/\/masterchem.ee\/fi\/tooted-ja-teenused\/kevyt-nestemainen-parafiini-cas-8042-47-5\/\",\"url\":\"https:\/\/masterchem.ee\/fi\/tooted-ja-teenused\/kevyt-nestemainen-parafiini-cas-8042-47-5\/\",\"name\":\"Kevyt nestem\u00e4inen parafiini (CAS 8042-47-5) - Chemistry For Industry - Solvents &amp; Chemicals - Masterchem.ee\",\"isPartOf\":{\"@id\":\"https:\/\/masterchem.ee\/fi\/#website\"},\"primaryImageOfPage\":{\"@id\":\"https:\/\/masterchem.ee\/fi\/tooted-ja-teenused\/kevyt-nestemainen-parafiini-cas-8042-47-5\/#primaryimage\"},\"image\":{\"@id\":\"https:\/\/masterchem.ee\/fi\/tooted-ja-teenused\/kevyt-nestemainen-parafiini-cas-8042-47-5\/#primaryimage\"},\"thumbnailUrl\":\"https:\/\/masterchem.ee\/wp-content\/uploads\/2021\/08\/Kerge-vedel-parafiin-1000l-MaterChem.jpg\",\"datePublished\":\"2021-08-24T19:31:57+00:00\",\"dateModified\":\"2021-08-24T19:39:44+00:00\",\"description\":\"Kevytt\u00e4 nestem\u00e4ist\u00e4 parafiini\u00f6ljy\u00e4 Ip k\u00e4ytet\u00e4\u00e4n antistaattisen kartio\u00f6ljyn, neule\u00f6ljyn ja muiden tekstiilien apuaineiden, kasvinsuihke\u00f6ljyn, maatalouskemikaalien, aerosolien, v\u00e4riaineiden valmistukseen\",\"breadcrumb\":{\"@id\":\"https:\/\/masterchem.ee\/fi\/tooted-ja-teenused\/kevyt-nestemainen-parafiini-cas-8042-47-5\/#breadcrumb\"},\"inLanguage\":\"fi\",\"potentialAction\":[{\"@type\":\"ReadAction\",\"target\":[\"https:\/\/masterchem.ee\/fi\/tooted-ja-teenused\/kevyt-nestemainen-parafiini-cas-8042-47-5\/\"]}]},{\"@type\":\"ImageObject\",\"inLanguage\":\"fi\",\"@id\":\"https:\/\/masterchem.ee\/fi\/tooted-ja-teenused\/kevyt-nestemainen-parafiini-cas-8042-47-5\/#primaryimage\",\"url\":\"https:\/\/masterchem.ee\/wp-content\/uploads\/2021\/08\/Kerge-vedel-parafiin-1000l-MaterChem.jpg\",\"contentUrl\":\"https:\/\/masterchem.ee\/wp-content\/uploads\/2021\/08\/Kerge-vedel-parafiin-1000l-MaterChem.jpg\",\"width\":1000,\"height\":1000,\"caption\":\"Kevyt nestem\u00e4inen parafiini (CAS 8042-47-5) 1000l MaterChem\"},{\"@type\":\"BreadcrumbList\",\"@id\":\"https:\/\/masterchem.ee\/fi\/tooted-ja-teenused\/kevyt-nestemainen-parafiini-cas-8042-47-5\/#breadcrumb\",\"itemListElement\":[{\"@type\":\"ListItem\",\"position\":1,\"name\":\"Home\",\"item\":\"https:\/\/masterchem.ee\/fi\/\"},{\"@type\":\"ListItem\",\"position\":2,\"name\":\"Tooted ja teenused\",\"item\":\"https:\/\/masterchem.ee\/tooted-ja-teenused\/\"},{\"@type\":\"ListItem\",\"position\":3,\"name\":\"Kevyt nestem\u00e4inen parafiini (CAS 8042-47-5)\"}]},{\"@type\":\"WebSite\",\"@id\":\"https:\/\/masterchem.ee\/fi\/#website\",\"url\":\"https:\/\/masterchem.ee\/fi\/\",\"name\":\"Masterchem.ee\",\"description\":\"Chemistry For Industry - Solvents &amp; Chemicals\",\"publisher\":{\"@id\":\"https:\/\/masterchem.ee\/fi\/#organization\"},\"potentialAction\":[{\"@type\":\"SearchAction\",\"target\":{\"@type\":\"EntryPoint\",\"urlTemplate\":\"https:\/\/masterchem.ee\/fi\/?s={search_term_string}\"},\"query-input\":{\"@type\":\"PropertyValueSpecification\",\"valueRequired\":true,\"valueName\":\"search_term_string\"}}],\"inLanguage\":\"fi\"},{\"@type\":\"Organization\",\"@id\":\"https:\/\/masterchem.ee\/fi\/#organization\",\"name\":\"Masterchem\",\"url\":\"https:\/\/masterchem.ee\/fi\/\",\"logo\":{\"@type\":\"ImageObject\",\"inLanguage\":\"fi\",\"@id\":\"https:\/\/masterchem.ee\/fi\/#\/schema\/logo\/image\/\",\"url\":\"https:\/\/masterchem.ee\/wp-content\/uploads\/2018\/02\/master-chem_final-1.png\",\"contentUrl\":\"https:\/\/masterchem.ee\/wp-content\/uploads\/2018\/02\/master-chem_final-1.png\",\"width\":850,\"height\":356,\"caption\":\"Masterchem\"},\"image\":{\"@id\":\"https:\/\/masterchem.ee\/fi\/#\/schema\/logo\/image\/\"}}]}<\/script>\n<!-- \/ Yoast SEO plugin. -->","yoast_head_json":{"title":"Kevyt nestem\u00e4inen parafiini (CAS 8042-47-5) - Chemistry For Industry - Solvents &amp; Chemicals - Masterchem.ee","description":"Kevytt\u00e4 nestem\u00e4ist\u00e4 parafiini\u00f6ljy\u00e4 Ip k\u00e4ytet\u00e4\u00e4n antistaattisen kartio\u00f6ljyn, neule\u00f6ljyn ja muiden tekstiilien apuaineiden, kasvinsuihke\u00f6ljyn, maatalouskemikaalien, aerosolien, v\u00e4riaineiden valmistukseen","robots":{"index":"index","follow":"follow","max-snippet":"max-snippet:-1","max-image-preview":"max-image-preview:large","max-video-preview":"max-video-preview:-1"},"canonical":"https:\/\/masterchem.ee\/fi\/tooted-ja-teenused\/kevyt-nestemainen-parafiini-cas-8042-47-5\/","twitter_card":"summary_large_image","twitter_title":"Kevyt nestem\u00e4inen parafiini (CAS 8042-47-5) - Chemistry For Industry - Solvents &amp; Chemicals - Masterchem.ee","twitter_description":"Kevytt\u00e4 nestem\u00e4ist\u00e4 parafiini\u00f6ljy\u00e4 Ip k\u00e4ytet\u00e4\u00e4n antistaattisen kartio\u00f6ljyn, neule\u00f6ljyn ja muiden tekstiilien apuaineiden, kasvinsuihke\u00f6ljyn, maatalouskemikaalien, aerosolien, v\u00e4riaineiden valmistukseen","twitter_image":"https:\/\/masterchem.ee\/wp-content\/uploads\/2021\/08\/Kerge-vedel-parafiin-1000l-MaterChem.jpg","schema":{"@context":"https:\/\/schema.org","@graph":[{"@type":"WebPage","@id":"https:\/\/masterchem.ee\/fi\/tooted-ja-teenused\/kevyt-nestemainen-parafiini-cas-8042-47-5\/","url":"https:\/\/masterchem.ee\/fi\/tooted-ja-teenused\/kevyt-nestemainen-parafiini-cas-8042-47-5\/","name":"Kevyt nestem\u00e4inen parafiini (CAS 8042-47-5) - Chemistry For Industry - Solvents &amp; Chemicals - Masterchem.ee","isPartOf":{"@id":"https:\/\/masterchem.ee\/fi\/#website"},"primaryImageOfPage":{"@id":"https:\/\/masterchem.ee\/fi\/tooted-ja-teenused\/kevyt-nestemainen-parafiini-cas-8042-47-5\/#primaryimage"},"image":{"@id":"https:\/\/masterchem.ee\/fi\/tooted-ja-teenused\/kevyt-nestemainen-parafiini-cas-8042-47-5\/#primaryimage"},"thumbnailUrl":"https:\/\/masterchem.ee\/wp-content\/uploads\/2021\/08\/Kerge-vedel-parafiin-1000l-MaterChem.jpg","datePublished":"2021-08-24T19:31:57+00:00","dateModified":"2021-08-24T19:39:44+00:00","description":"Kevytt\u00e4 nestem\u00e4ist\u00e4 parafiini\u00f6ljy\u00e4 Ip k\u00e4ytet\u00e4\u00e4n antistaattisen kartio\u00f6ljyn, neule\u00f6ljyn ja muiden tekstiilien apuaineiden, kasvinsuihke\u00f6ljyn, maatalouskemikaalien, aerosolien, v\u00e4riaineiden valmistukseen","breadcrumb":{"@id":"https:\/\/masterchem.ee\/fi\/tooted-ja-teenused\/kevyt-nestemainen-parafiini-cas-8042-47-5\/#breadcrumb"},"inLanguage":"fi","potentialAction":[{"@type":"ReadAction","target":["https:\/\/masterchem.ee\/fi\/tooted-ja-teenused\/kevyt-nestemainen-parafiini-cas-8042-47-5\/"]}]},{"@type":"ImageObject","inLanguage":"fi","@id":"https:\/\/masterchem.ee\/fi\/tooted-ja-teenused\/kevyt-nestemainen-parafiini-cas-8042-47-5\/#primaryimage","url":"https:\/\/masterchem.ee\/wp-content\/uploads\/2021\/08\/Kerge-vedel-parafiin-1000l-MaterChem.jpg","contentUrl":"https:\/\/masterchem.ee\/wp-content\/uploads\/2021\/08\/Kerge-vedel-parafiin-1000l-MaterChem.jpg","width":1000,"height":1000,"caption":"Kevyt nestem\u00e4inen parafiini (CAS 8042-47-5) 1000l MaterChem"},{"@type":"BreadcrumbList","@id":"https:\/\/masterchem.ee\/fi\/tooted-ja-teenused\/kevyt-nestemainen-parafiini-cas-8042-47-5\/#breadcrumb","itemListElement":[{"@type":"ListItem","position":1,"name":"Home","item":"https:\/\/masterchem.ee\/fi\/"},{"@type":"ListItem","position":2,"name":"Tooted ja teenused","item":"https:\/\/masterchem.ee\/tooted-ja-teenused\/"},{"@type":"ListItem","position":3,"name":"Kevyt nestem\u00e4inen parafiini (CAS 8042-47-5)"}]},{"@type":"WebSite","@id":"https:\/\/masterchem.ee\/fi\/#website","url":"https:\/\/masterchem.ee\/fi\/","name":"Masterchem.ee","description":"Chemistry For Industry - Solvents &amp; Chemicals","publisher":{"@id":"https:\/\/masterchem.ee\/fi\/#organization"},"potentialAction":[{"@type":"SearchAction","target":{"@type":"EntryPoint","urlTemplate":"https:\/\/masterchem.ee\/fi\/?s={search_term_string}"},"query-input":{"@type":"PropertyValueSpecification","valueRequired":true,"valueName":"search_term_string"}}],"inLanguage":"fi"},{"@type":"Organization","@id":"https:\/\/masterchem.ee\/fi\/#organization","name":"Masterchem","url":"https:\/\/masterchem.ee\/fi\/","logo":{"@type":"ImageObject","inLanguage":"fi","@id":"https:\/\/masterchem.ee\/fi\/#\/schema\/logo\/image\/","url":"https:\/\/masterchem.ee\/wp-content\/uploads\/2018\/02\/master-chem_final-1.png","contentUrl":"https:\/\/masterchem.ee\/wp-content\/uploads\/2018\/02\/master-chem_final-1.png","width":850,"height":356,"caption":"Masterchem"},"image":{"@id":"https:\/\/masterchem.ee\/fi\/#\/schema\/logo\/image\/"}}]}},"_links":{"self":[{"href":"https:\/\/masterchem.ee\/fi\/wp-json\/wp\/v2\/product\/14109","targetHints":{"allow":["GET"]}}],"collection":[{"href":"https:\/\/masterchem.ee\/fi\/wp-json\/wp\/v2\/product"}],"about":[{"href":"https:\/\/masterchem.ee\/fi\/wp-json\/wp\/v2\/types\/product"}],"wp:featuredmedia":[{"embeddable":true,"href":"https:\/\/masterchem.ee\/fi\/wp-json\/wp\/v2\/media\/14151"}],"wp:attachment":[{"href":"https:\/\/masterchem.ee\/fi\/wp-json\/wp\/v2\/media?parent=14109"}],"wp:term":[{"taxonomy":"product_brand","embeddable":true,"href":"https:\/\/masterchem.ee\/fi\/wp-json\/wp\/v2\/product_brand?post=14109"},{"taxonomy":"product_cat","embeddable":true,"href":"https:\/\/masterchem.ee\/fi\/wp-json\/wp\/v2\/product_cat?post=14109"},{"taxonomy":"product_tag","embeddable":true,"href":"https:\/\/masterchem.ee\/fi\/wp-json\/wp\/v2\/product_tag?post=14109"}],"curies":[{"name":"wp","href":"https:\/\/api.w.org\/{rel}","templated":true}]}}