{"id":14026,"date":"2021-08-24T19:02:52","date_gmt":"2021-08-24T19:03:00","guid":{"rendered":"https:\/\/masterchem.ee\/?post_type=product&#038;p=14026"},"modified":"2021-08-24T19:13:17","modified_gmt":"2021-08-24T19:13:17","slug":"vaseliini-valkoinen-keltainen-cas-8009-03-8","status":"publish","type":"product","link":"https:\/\/masterchem.ee\/fi\/tooted-ja-teenused\/vaseliini-valkoinen-keltainen-cas-8009-03-8\/","title":{"rendered":"Vaseliini (valkoinen, keltainen) (CAS 8009-03-8)"},"content":{"rendered":"<p> <strong> Info<\/strong> <\/p>\n<p> Toimialat: kotitalouskemikaalit, liimat, \u00f6ljyt, rasvat, l\u00e4\u00e4keteollisuus <br \/>\nCAS-numero: 8009-03-8 <br \/>\nWE-numero: 232-373-2 <br \/>\nTullitariffi: 271210 <\/p>\n<p> <strong> Muut fyysiset ominaisuudet <\/strong> <\/p>\n<p> Sulamis- \/ j\u00e4\u00e4tymispiste: 30-60 \u00b0 C <br \/>\nSuhteellinen tiheys: 0,83 g\/cm3 (90 \u00b0 C) <\/p>\n","protected":false},"excerpt":{"rendered":"<p> <strong>Vaseliini (valkoinen, keltainen) (CAS 8009-03-8)<\/strong> <\/p>\n<p> Vaseliini (latinalainen Vaselinum, Paraffinum unguinosum, Petrolatum) on hajuton ja mauton voin valkoinen neste. Ep\u00e4t\u00e4ydellisell\u00e4 puhdistuksella v\u00e4ri muuttuu mustasta keltaiseksi, t\u00e4ydellisell\u00e4 puhdistuksella &#8211; l\u00e4pikuultavaksi. Koostuu mineraali\u00f6ljyn ja kovien parafiinien seoksesta. Sulamispiste 27-60 \u00b0 C, viskositeetti 28-36 mm\u00b2 \/ s 50 \u00b0 C: ssa. Liuotetaan eetteriin ja kloroformiin, liukenematon veteen ja alkoholiin, sekoittuu \u00f6ljyihin paitsi risiini\u00f6ljy\u00e4. Saadaan tyhji\u00f6tisle\u00f6ljyjakeista sakeuttamalla vaseliinilla, parafiinilla ja seresiinill\u00e4. Ei saippuaa alkaliliuoksilla, ei hapeta, ei pilaannu ilmassa. <\/p>\n","protected":false},"featured_media":14070,"template":"","meta":[],"product_brand":[],"product_cat":[180,117,120],"product_tag":[],"class_list":{"0":"post-14026","1":"product","2":"type-product","3":"status-publish","4":"has-post-thumbnail","6":"product_cat-uncategorized-fi-2","7":"product_cat-kotitalouskemikaalit","8":"product_cat-laaketeollisuus","9":"pif-has-gallery","11":"first","12":"instock","13":"taxable","14":"shipping-taxable","15":"purchasable","16":"product-type-variable","17":"has-default-attributes"},"yoast_head":"<!-- This site is optimized with the Yoast SEO plugin v26.2 - https:\/\/yoast.com\/wordpress\/plugins\/seo\/ -->\n<title>Vaseliini (valkoinen, keltainen) (CAS 8009-03-8) - Chemistry For Industry - Solvents &amp; Chemicals - Masterchem.ee<\/title>\n<meta name=\"description\" content=\"Vaseliini (latinalainen Vaselinum, Paraffinum unguinosum, Petrolatum) on hajuton ja mauton voin valkoinen neste.\" \/>\n<meta name=\"robots\" content=\"index, follow, max-snippet:-1, max-image-preview:large, max-video-preview:-1\" \/>\n<link rel=\"canonical\" href=\"https:\/\/masterchem.ee\/fi\/tooted-ja-teenused\/vaseliini-valkoinen-keltainen-cas-8009-03-8\/\" \/>\n<meta name=\"twitter:card\" content=\"summary_large_image\" \/>\n<meta name=\"twitter:title\" content=\"Vaseliini (valkoinen, keltainen) (CAS 8009-03-8) - Chemistry For Industry - Solvents &amp; Chemicals - Masterchem.ee\" \/>\n<meta name=\"twitter:description\" content=\"Vaseliini (latinalainen Vaselinum, Paraffinum unguinosum, Petrolatum) on hajuton ja mauton voin valkoinen neste.\" \/>\n<meta name=\"twitter:image\" content=\"https:\/\/masterchem.ee\/wp-content\/uploads\/2021\/08\/Vaseliin-1000l-MaterChem.jpg\" \/>\n<script type=\"application\/ld+json\" class=\"yoast-schema-graph\">{\"@context\":\"https:\/\/schema.org\",\"@graph\":[{\"@type\":\"WebPage\",\"@id\":\"https:\/\/masterchem.ee\/fi\/tooted-ja-teenused\/vaseliini-valkoinen-keltainen-cas-8009-03-8\/\",\"url\":\"https:\/\/masterchem.ee\/fi\/tooted-ja-teenused\/vaseliini-valkoinen-keltainen-cas-8009-03-8\/\",\"name\":\"Vaseliini (valkoinen, keltainen) (CAS 8009-03-8) - Chemistry For Industry - Solvents &amp; Chemicals - Masterchem.ee\",\"isPartOf\":{\"@id\":\"https:\/\/masterchem.ee\/fi\/#website\"},\"primaryImageOfPage\":{\"@id\":\"https:\/\/masterchem.ee\/fi\/tooted-ja-teenused\/vaseliini-valkoinen-keltainen-cas-8009-03-8\/#primaryimage\"},\"image\":{\"@id\":\"https:\/\/masterchem.ee\/fi\/tooted-ja-teenused\/vaseliini-valkoinen-keltainen-cas-8009-03-8\/#primaryimage\"},\"thumbnailUrl\":\"https:\/\/masterchem.ee\/wp-content\/uploads\/2021\/08\/Vaseliin-1000l-MaterChem.jpg\",\"datePublished\":\"2021-08-24T19:03:00+00:00\",\"dateModified\":\"2021-08-24T19:13:17+00:00\",\"description\":\"Vaseliini (latinalainen Vaselinum, Paraffinum unguinosum, Petrolatum) on hajuton ja mauton voin valkoinen neste.\",\"breadcrumb\":{\"@id\":\"https:\/\/masterchem.ee\/fi\/tooted-ja-teenused\/vaseliini-valkoinen-keltainen-cas-8009-03-8\/#breadcrumb\"},\"inLanguage\":\"fi\",\"potentialAction\":[{\"@type\":\"ReadAction\",\"target\":[\"https:\/\/masterchem.ee\/fi\/tooted-ja-teenused\/vaseliini-valkoinen-keltainen-cas-8009-03-8\/\"]}]},{\"@type\":\"ImageObject\",\"inLanguage\":\"fi\",\"@id\":\"https:\/\/masterchem.ee\/fi\/tooted-ja-teenused\/vaseliini-valkoinen-keltainen-cas-8009-03-8\/#primaryimage\",\"url\":\"https:\/\/masterchem.ee\/wp-content\/uploads\/2021\/08\/Vaseliin-1000l-MaterChem.jpg\",\"contentUrl\":\"https:\/\/masterchem.ee\/wp-content\/uploads\/2021\/08\/Vaseliin-1000l-MaterChem.jpg\",\"width\":1000,\"height\":1000,\"caption\":\"Vaseliini (valkoinen, keltainen) (CAS 8009-03-8) 1000l MaterChem\"},{\"@type\":\"BreadcrumbList\",\"@id\":\"https:\/\/masterchem.ee\/fi\/tooted-ja-teenused\/vaseliini-valkoinen-keltainen-cas-8009-03-8\/#breadcrumb\",\"itemListElement\":[{\"@type\":\"ListItem\",\"position\":1,\"name\":\"Home\",\"item\":\"https:\/\/masterchem.ee\/fi\/\"},{\"@type\":\"ListItem\",\"position\":2,\"name\":\"Tooted ja teenused\",\"item\":\"https:\/\/masterchem.ee\/tooted-ja-teenused\/\"},{\"@type\":\"ListItem\",\"position\":3,\"name\":\"Vaseliini (valkoinen, keltainen) (CAS 8009-03-8)\"}]},{\"@type\":\"WebSite\",\"@id\":\"https:\/\/masterchem.ee\/fi\/#website\",\"url\":\"https:\/\/masterchem.ee\/fi\/\",\"name\":\"Masterchem.ee\",\"description\":\"Chemistry For Industry - Solvents &amp; Chemicals\",\"publisher\":{\"@id\":\"https:\/\/masterchem.ee\/fi\/#organization\"},\"potentialAction\":[{\"@type\":\"SearchAction\",\"target\":{\"@type\":\"EntryPoint\",\"urlTemplate\":\"https:\/\/masterchem.ee\/fi\/?s={search_term_string}\"},\"query-input\":{\"@type\":\"PropertyValueSpecification\",\"valueRequired\":true,\"valueName\":\"search_term_string\"}}],\"inLanguage\":\"fi\"},{\"@type\":\"Organization\",\"@id\":\"https:\/\/masterchem.ee\/fi\/#organization\",\"name\":\"Masterchem\",\"url\":\"https:\/\/masterchem.ee\/fi\/\",\"logo\":{\"@type\":\"ImageObject\",\"inLanguage\":\"fi\",\"@id\":\"https:\/\/masterchem.ee\/fi\/#\/schema\/logo\/image\/\",\"url\":\"https:\/\/masterchem.ee\/wp-content\/uploads\/2018\/02\/master-chem_final-1.png\",\"contentUrl\":\"https:\/\/masterchem.ee\/wp-content\/uploads\/2018\/02\/master-chem_final-1.png\",\"width\":850,\"height\":356,\"caption\":\"Masterchem\"},\"image\":{\"@id\":\"https:\/\/masterchem.ee\/fi\/#\/schema\/logo\/image\/\"}}]}<\/script>\n<!-- \/ Yoast SEO plugin. -->","yoast_head_json":{"title":"Vaseliini (valkoinen, keltainen) (CAS 8009-03-8) - Chemistry For Industry - Solvents &amp; Chemicals - Masterchem.ee","description":"Vaseliini (latinalainen Vaselinum, Paraffinum unguinosum, Petrolatum) on hajuton ja mauton voin valkoinen neste.","robots":{"index":"index","follow":"follow","max-snippet":"max-snippet:-1","max-image-preview":"max-image-preview:large","max-video-preview":"max-video-preview:-1"},"canonical":"https:\/\/masterchem.ee\/fi\/tooted-ja-teenused\/vaseliini-valkoinen-keltainen-cas-8009-03-8\/","twitter_card":"summary_large_image","twitter_title":"Vaseliini (valkoinen, keltainen) (CAS 8009-03-8) - Chemistry For Industry - Solvents &amp; Chemicals - Masterchem.ee","twitter_description":"Vaseliini (latinalainen Vaselinum, Paraffinum unguinosum, Petrolatum) on hajuton ja mauton voin valkoinen neste.","twitter_image":"https:\/\/masterchem.ee\/wp-content\/uploads\/2021\/08\/Vaseliin-1000l-MaterChem.jpg","schema":{"@context":"https:\/\/schema.org","@graph":[{"@type":"WebPage","@id":"https:\/\/masterchem.ee\/fi\/tooted-ja-teenused\/vaseliini-valkoinen-keltainen-cas-8009-03-8\/","url":"https:\/\/masterchem.ee\/fi\/tooted-ja-teenused\/vaseliini-valkoinen-keltainen-cas-8009-03-8\/","name":"Vaseliini (valkoinen, keltainen) (CAS 8009-03-8) - Chemistry For Industry - Solvents &amp; Chemicals - Masterchem.ee","isPartOf":{"@id":"https:\/\/masterchem.ee\/fi\/#website"},"primaryImageOfPage":{"@id":"https:\/\/masterchem.ee\/fi\/tooted-ja-teenused\/vaseliini-valkoinen-keltainen-cas-8009-03-8\/#primaryimage"},"image":{"@id":"https:\/\/masterchem.ee\/fi\/tooted-ja-teenused\/vaseliini-valkoinen-keltainen-cas-8009-03-8\/#primaryimage"},"thumbnailUrl":"https:\/\/masterchem.ee\/wp-content\/uploads\/2021\/08\/Vaseliin-1000l-MaterChem.jpg","datePublished":"2021-08-24T19:03:00+00:00","dateModified":"2021-08-24T19:13:17+00:00","description":"Vaseliini (latinalainen Vaselinum, Paraffinum unguinosum, Petrolatum) on hajuton ja mauton voin valkoinen neste.","breadcrumb":{"@id":"https:\/\/masterchem.ee\/fi\/tooted-ja-teenused\/vaseliini-valkoinen-keltainen-cas-8009-03-8\/#breadcrumb"},"inLanguage":"fi","potentialAction":[{"@type":"ReadAction","target":["https:\/\/masterchem.ee\/fi\/tooted-ja-teenused\/vaseliini-valkoinen-keltainen-cas-8009-03-8\/"]}]},{"@type":"ImageObject","inLanguage":"fi","@id":"https:\/\/masterchem.ee\/fi\/tooted-ja-teenused\/vaseliini-valkoinen-keltainen-cas-8009-03-8\/#primaryimage","url":"https:\/\/masterchem.ee\/wp-content\/uploads\/2021\/08\/Vaseliin-1000l-MaterChem.jpg","contentUrl":"https:\/\/masterchem.ee\/wp-content\/uploads\/2021\/08\/Vaseliin-1000l-MaterChem.jpg","width":1000,"height":1000,"caption":"Vaseliini (valkoinen, keltainen) (CAS 8009-03-8) 1000l MaterChem"},{"@type":"BreadcrumbList","@id":"https:\/\/masterchem.ee\/fi\/tooted-ja-teenused\/vaseliini-valkoinen-keltainen-cas-8009-03-8\/#breadcrumb","itemListElement":[{"@type":"ListItem","position":1,"name":"Home","item":"https:\/\/masterchem.ee\/fi\/"},{"@type":"ListItem","position":2,"name":"Tooted ja teenused","item":"https:\/\/masterchem.ee\/tooted-ja-teenused\/"},{"@type":"ListItem","position":3,"name":"Vaseliini (valkoinen, keltainen) (CAS 8009-03-8)"}]},{"@type":"WebSite","@id":"https:\/\/masterchem.ee\/fi\/#website","url":"https:\/\/masterchem.ee\/fi\/","name":"Masterchem.ee","description":"Chemistry For Industry - Solvents &amp; Chemicals","publisher":{"@id":"https:\/\/masterchem.ee\/fi\/#organization"},"potentialAction":[{"@type":"SearchAction","target":{"@type":"EntryPoint","urlTemplate":"https:\/\/masterchem.ee\/fi\/?s={search_term_string}"},"query-input":{"@type":"PropertyValueSpecification","valueRequired":true,"valueName":"search_term_string"}}],"inLanguage":"fi"},{"@type":"Organization","@id":"https:\/\/masterchem.ee\/fi\/#organization","name":"Masterchem","url":"https:\/\/masterchem.ee\/fi\/","logo":{"@type":"ImageObject","inLanguage":"fi","@id":"https:\/\/masterchem.ee\/fi\/#\/schema\/logo\/image\/","url":"https:\/\/masterchem.ee\/wp-content\/uploads\/2018\/02\/master-chem_final-1.png","contentUrl":"https:\/\/masterchem.ee\/wp-content\/uploads\/2018\/02\/master-chem_final-1.png","width":850,"height":356,"caption":"Masterchem"},"image":{"@id":"https:\/\/masterchem.ee\/fi\/#\/schema\/logo\/image\/"}}]}},"_links":{"self":[{"href":"https:\/\/masterchem.ee\/fi\/wp-json\/wp\/v2\/product\/14026","targetHints":{"allow":["GET"]}}],"collection":[{"href":"https:\/\/masterchem.ee\/fi\/wp-json\/wp\/v2\/product"}],"about":[{"href":"https:\/\/masterchem.ee\/fi\/wp-json\/wp\/v2\/types\/product"}],"wp:featuredmedia":[{"embeddable":true,"href":"https:\/\/masterchem.ee\/fi\/wp-json\/wp\/v2\/media\/14070"}],"wp:attachment":[{"href":"https:\/\/masterchem.ee\/fi\/wp-json\/wp\/v2\/media?parent=14026"}],"wp:term":[{"taxonomy":"product_brand","embeddable":true,"href":"https:\/\/masterchem.ee\/fi\/wp-json\/wp\/v2\/product_brand?post=14026"},{"taxonomy":"product_cat","embeddable":true,"href":"https:\/\/masterchem.ee\/fi\/wp-json\/wp\/v2\/product_cat?post=14026"},{"taxonomy":"product_tag","embeddable":true,"href":"https:\/\/masterchem.ee\/fi\/wp-json\/wp\/v2\/product_tag?post=14026"}],"curies":[{"name":"wp","href":"https:\/\/api.w.org\/{rel}","templated":true}]}}