{"id":13966,"date":"2021-08-24T07:10:15","date_gmt":"2021-08-24T07:10:18","guid":{"rendered":"https:\/\/masterchem.ee\/?post_type=product&#038;p=13966"},"modified":"2021-08-24T07:15:54","modified_gmt":"2021-08-24T07:15:54","slug":"paraformaldehydi-cas-30525-89-4","status":"publish","type":"product","link":"https:\/\/masterchem.ee\/fi\/tooted-ja-teenused\/paraformaldehydi-cas-30525-89-4\/","title":{"rendered":"Paraformaldehydi (CAS 30525-89-4)"},"content":{"rendered":"<p> <strong> Info<\/strong> <\/p>\n<p> Toimialat: Kotitalouskemikaalit, Liimat, \u00f6ljyt, rasvat, Rakennuskemia, Hartsit, muovit, polyuretaanit <br \/>\nCAS-numero: 30525-89-4 <br \/>\nWE-numero: 608-494-5 <br \/>\nKemiallinen kaava: (CH2O) N <br \/>\nTullitariffi: 29126000 <br \/>\nADR: UN2213 <\/p>\n<p> <strong> Muut fyysiset ominaisuudet <\/strong> <\/p>\n<p> pH: 3,5 &#8211; 5,5 (10 g \/l H2O, 20 \u00b0 C) <br \/>\nSulamis- \/ j\u00e4\u00e4tymispiste: 120-170 \u00b0 C <br \/>\nSuhteellinen tiheys: 1,3 g\/cm3 (20 \u00b0 C) <\/p>\n","protected":false},"excerpt":{"rendered":"<p> <strong>Paraformaldehydi (CAS 30525-89-4)<\/strong> <\/p>\n<p>Paraformaldehydi on formaldehydin polymeroitumistuote ja koostuu 8\u2013100 toistuvasta yksik\u00f6st\u00e4. Ainetta k\u00e4ytet\u00e4\u00e4n muun muassa muoviteollisuudessa ja desinfiointiaineena. Aineesta k\u00e4ytet\u00e4\u00e4n my\u00f6s nimi\u00e4 polyoksimetyleeni, formageeni, polymeroitu formaldehydi, formaldehydipolymeeri ja paraformi.<\/p>\n","protected":false},"featured_media":13972,"template":"","meta":[],"product_brand":[],"product_cat":[180,117,258,114],"product_tag":[],"class_list":{"0":"post-13966","1":"product","2":"type-product","3":"status-publish","4":"has-post-thumbnail","6":"product_cat-uncategorized-fi-2","7":"product_cat-kotitalouskemikaalit","8":"product_cat-muovi-fi","9":"product_cat-rakennusteollisuus","11":"first","12":"instock","13":"taxable","14":"shipping-taxable","15":"purchasable","16":"product-type-variable","17":"has-default-attributes"},"yoast_head":"<!-- This site is optimized with the Yoast SEO plugin v26.2 - https:\/\/yoast.com\/wordpress\/plugins\/seo\/ -->\n<title>Paraformaldehydi (CAS 30525-89-4) - Chemistry For Industry - Solvents &amp; Chemicals - Masterchem.ee<\/title>\n<meta name=\"description\" content=\"Paraformaldehydi on formaldehydin polymeroitumistuote ja koostuu 8\u2013100 toistuvasta yksik\u00f6st\u00e4.\" \/>\n<meta name=\"robots\" content=\"index, follow, max-snippet:-1, max-image-preview:large, max-video-preview:-1\" \/>\n<link rel=\"canonical\" href=\"https:\/\/masterchem.ee\/fi\/tooted-ja-teenused\/paraformaldehydi-cas-30525-89-4\/\" \/>\n<meta name=\"twitter:card\" content=\"summary_large_image\" \/>\n<meta name=\"twitter:title\" content=\"Paraformaldehydi (CAS 30525-89-4) - Chemistry For Industry - Solvents &amp; Chemicals - Masterchem.ee\" \/>\n<meta name=\"twitter:description\" content=\"Paraformaldehydi on formaldehydin polymeroitumistuote ja koostuu 8\u2013100 toistuvasta yksik\u00f6st\u00e4.\" \/>\n<meta name=\"twitter:image\" content=\"https:\/\/masterchem.ee\/wp-content\/uploads\/2021\/08\/Paraformaldehuud-25kg-MasterChem.jpg\" \/>\n<script type=\"application\/ld+json\" class=\"yoast-schema-graph\">{\"@context\":\"https:\/\/schema.org\",\"@graph\":[{\"@type\":\"WebPage\",\"@id\":\"https:\/\/masterchem.ee\/fi\/tooted-ja-teenused\/paraformaldehydi-cas-30525-89-4\/\",\"url\":\"https:\/\/masterchem.ee\/fi\/tooted-ja-teenused\/paraformaldehydi-cas-30525-89-4\/\",\"name\":\"Paraformaldehydi (CAS 30525-89-4) - Chemistry For Industry - Solvents &amp; Chemicals - Masterchem.ee\",\"isPartOf\":{\"@id\":\"https:\/\/masterchem.ee\/fi\/#website\"},\"primaryImageOfPage\":{\"@id\":\"https:\/\/masterchem.ee\/fi\/tooted-ja-teenused\/paraformaldehydi-cas-30525-89-4\/#primaryimage\"},\"image\":{\"@id\":\"https:\/\/masterchem.ee\/fi\/tooted-ja-teenused\/paraformaldehydi-cas-30525-89-4\/#primaryimage\"},\"thumbnailUrl\":\"https:\/\/masterchem.ee\/wp-content\/uploads\/2021\/08\/Paraformaldehuud-25kg-MasterChem.jpg\",\"datePublished\":\"2021-08-24T07:10:18+00:00\",\"dateModified\":\"2021-08-24T07:15:54+00:00\",\"description\":\"Paraformaldehydi on formaldehydin polymeroitumistuote ja koostuu 8\u2013100 toistuvasta yksik\u00f6st\u00e4.\",\"breadcrumb\":{\"@id\":\"https:\/\/masterchem.ee\/fi\/tooted-ja-teenused\/paraformaldehydi-cas-30525-89-4\/#breadcrumb\"},\"inLanguage\":\"fi\",\"potentialAction\":[{\"@type\":\"ReadAction\",\"target\":[\"https:\/\/masterchem.ee\/fi\/tooted-ja-teenused\/paraformaldehydi-cas-30525-89-4\/\"]}]},{\"@type\":\"ImageObject\",\"inLanguage\":\"fi\",\"@id\":\"https:\/\/masterchem.ee\/fi\/tooted-ja-teenused\/paraformaldehydi-cas-30525-89-4\/#primaryimage\",\"url\":\"https:\/\/masterchem.ee\/wp-content\/uploads\/2021\/08\/Paraformaldehuud-25kg-MasterChem.jpg\",\"contentUrl\":\"https:\/\/masterchem.ee\/wp-content\/uploads\/2021\/08\/Paraformaldehuud-25kg-MasterChem.jpg\",\"width\":1000,\"height\":1000,\"caption\":\"Paraformaldehydi (CAS 30525-89-4) 25kg MasterChem\"},{\"@type\":\"BreadcrumbList\",\"@id\":\"https:\/\/masterchem.ee\/fi\/tooted-ja-teenused\/paraformaldehydi-cas-30525-89-4\/#breadcrumb\",\"itemListElement\":[{\"@type\":\"ListItem\",\"position\":1,\"name\":\"Home\",\"item\":\"https:\/\/masterchem.ee\/fi\/\"},{\"@type\":\"ListItem\",\"position\":2,\"name\":\"Tooted ja teenused\",\"item\":\"https:\/\/masterchem.ee\/tooted-ja-teenused\/\"},{\"@type\":\"ListItem\",\"position\":3,\"name\":\"Paraformaldehydi (CAS 30525-89-4)\"}]},{\"@type\":\"WebSite\",\"@id\":\"https:\/\/masterchem.ee\/fi\/#website\",\"url\":\"https:\/\/masterchem.ee\/fi\/\",\"name\":\"Masterchem.ee\",\"description\":\"Chemistry For Industry - Solvents &amp; Chemicals\",\"publisher\":{\"@id\":\"https:\/\/masterchem.ee\/fi\/#organization\"},\"potentialAction\":[{\"@type\":\"SearchAction\",\"target\":{\"@type\":\"EntryPoint\",\"urlTemplate\":\"https:\/\/masterchem.ee\/fi\/?s={search_term_string}\"},\"query-input\":{\"@type\":\"PropertyValueSpecification\",\"valueRequired\":true,\"valueName\":\"search_term_string\"}}],\"inLanguage\":\"fi\"},{\"@type\":\"Organization\",\"@id\":\"https:\/\/masterchem.ee\/fi\/#organization\",\"name\":\"Masterchem\",\"url\":\"https:\/\/masterchem.ee\/fi\/\",\"logo\":{\"@type\":\"ImageObject\",\"inLanguage\":\"fi\",\"@id\":\"https:\/\/masterchem.ee\/fi\/#\/schema\/logo\/image\/\",\"url\":\"https:\/\/masterchem.ee\/wp-content\/uploads\/2018\/02\/master-chem_final-1.png\",\"contentUrl\":\"https:\/\/masterchem.ee\/wp-content\/uploads\/2018\/02\/master-chem_final-1.png\",\"width\":850,\"height\":356,\"caption\":\"Masterchem\"},\"image\":{\"@id\":\"https:\/\/masterchem.ee\/fi\/#\/schema\/logo\/image\/\"}}]}<\/script>\n<!-- \/ Yoast SEO plugin. -->","yoast_head_json":{"title":"Paraformaldehydi (CAS 30525-89-4) - Chemistry For Industry - Solvents &amp; Chemicals - Masterchem.ee","description":"Paraformaldehydi on formaldehydin polymeroitumistuote ja koostuu 8\u2013100 toistuvasta yksik\u00f6st\u00e4.","robots":{"index":"index","follow":"follow","max-snippet":"max-snippet:-1","max-image-preview":"max-image-preview:large","max-video-preview":"max-video-preview:-1"},"canonical":"https:\/\/masterchem.ee\/fi\/tooted-ja-teenused\/paraformaldehydi-cas-30525-89-4\/","twitter_card":"summary_large_image","twitter_title":"Paraformaldehydi (CAS 30525-89-4) - Chemistry For Industry - Solvents &amp; Chemicals - Masterchem.ee","twitter_description":"Paraformaldehydi on formaldehydin polymeroitumistuote ja koostuu 8\u2013100 toistuvasta yksik\u00f6st\u00e4.","twitter_image":"https:\/\/masterchem.ee\/wp-content\/uploads\/2021\/08\/Paraformaldehuud-25kg-MasterChem.jpg","schema":{"@context":"https:\/\/schema.org","@graph":[{"@type":"WebPage","@id":"https:\/\/masterchem.ee\/fi\/tooted-ja-teenused\/paraformaldehydi-cas-30525-89-4\/","url":"https:\/\/masterchem.ee\/fi\/tooted-ja-teenused\/paraformaldehydi-cas-30525-89-4\/","name":"Paraformaldehydi (CAS 30525-89-4) - Chemistry For Industry - Solvents &amp; Chemicals - Masterchem.ee","isPartOf":{"@id":"https:\/\/masterchem.ee\/fi\/#website"},"primaryImageOfPage":{"@id":"https:\/\/masterchem.ee\/fi\/tooted-ja-teenused\/paraformaldehydi-cas-30525-89-4\/#primaryimage"},"image":{"@id":"https:\/\/masterchem.ee\/fi\/tooted-ja-teenused\/paraformaldehydi-cas-30525-89-4\/#primaryimage"},"thumbnailUrl":"https:\/\/masterchem.ee\/wp-content\/uploads\/2021\/08\/Paraformaldehuud-25kg-MasterChem.jpg","datePublished":"2021-08-24T07:10:18+00:00","dateModified":"2021-08-24T07:15:54+00:00","description":"Paraformaldehydi on formaldehydin polymeroitumistuote ja koostuu 8\u2013100 toistuvasta yksik\u00f6st\u00e4.","breadcrumb":{"@id":"https:\/\/masterchem.ee\/fi\/tooted-ja-teenused\/paraformaldehydi-cas-30525-89-4\/#breadcrumb"},"inLanguage":"fi","potentialAction":[{"@type":"ReadAction","target":["https:\/\/masterchem.ee\/fi\/tooted-ja-teenused\/paraformaldehydi-cas-30525-89-4\/"]}]},{"@type":"ImageObject","inLanguage":"fi","@id":"https:\/\/masterchem.ee\/fi\/tooted-ja-teenused\/paraformaldehydi-cas-30525-89-4\/#primaryimage","url":"https:\/\/masterchem.ee\/wp-content\/uploads\/2021\/08\/Paraformaldehuud-25kg-MasterChem.jpg","contentUrl":"https:\/\/masterchem.ee\/wp-content\/uploads\/2021\/08\/Paraformaldehuud-25kg-MasterChem.jpg","width":1000,"height":1000,"caption":"Paraformaldehydi (CAS 30525-89-4) 25kg MasterChem"},{"@type":"BreadcrumbList","@id":"https:\/\/masterchem.ee\/fi\/tooted-ja-teenused\/paraformaldehydi-cas-30525-89-4\/#breadcrumb","itemListElement":[{"@type":"ListItem","position":1,"name":"Home","item":"https:\/\/masterchem.ee\/fi\/"},{"@type":"ListItem","position":2,"name":"Tooted ja teenused","item":"https:\/\/masterchem.ee\/tooted-ja-teenused\/"},{"@type":"ListItem","position":3,"name":"Paraformaldehydi (CAS 30525-89-4)"}]},{"@type":"WebSite","@id":"https:\/\/masterchem.ee\/fi\/#website","url":"https:\/\/masterchem.ee\/fi\/","name":"Masterchem.ee","description":"Chemistry For Industry - Solvents &amp; Chemicals","publisher":{"@id":"https:\/\/masterchem.ee\/fi\/#organization"},"potentialAction":[{"@type":"SearchAction","target":{"@type":"EntryPoint","urlTemplate":"https:\/\/masterchem.ee\/fi\/?s={search_term_string}"},"query-input":{"@type":"PropertyValueSpecification","valueRequired":true,"valueName":"search_term_string"}}],"inLanguage":"fi"},{"@type":"Organization","@id":"https:\/\/masterchem.ee\/fi\/#organization","name":"Masterchem","url":"https:\/\/masterchem.ee\/fi\/","logo":{"@type":"ImageObject","inLanguage":"fi","@id":"https:\/\/masterchem.ee\/fi\/#\/schema\/logo\/image\/","url":"https:\/\/masterchem.ee\/wp-content\/uploads\/2018\/02\/master-chem_final-1.png","contentUrl":"https:\/\/masterchem.ee\/wp-content\/uploads\/2018\/02\/master-chem_final-1.png","width":850,"height":356,"caption":"Masterchem"},"image":{"@id":"https:\/\/masterchem.ee\/fi\/#\/schema\/logo\/image\/"}}]}},"_links":{"self":[{"href":"https:\/\/masterchem.ee\/fi\/wp-json\/wp\/v2\/product\/13966","targetHints":{"allow":["GET"]}}],"collection":[{"href":"https:\/\/masterchem.ee\/fi\/wp-json\/wp\/v2\/product"}],"about":[{"href":"https:\/\/masterchem.ee\/fi\/wp-json\/wp\/v2\/types\/product"}],"wp:featuredmedia":[{"embeddable":true,"href":"https:\/\/masterchem.ee\/fi\/wp-json\/wp\/v2\/media\/13972"}],"wp:attachment":[{"href":"https:\/\/masterchem.ee\/fi\/wp-json\/wp\/v2\/media?parent=13966"}],"wp:term":[{"taxonomy":"product_brand","embeddable":true,"href":"https:\/\/masterchem.ee\/fi\/wp-json\/wp\/v2\/product_brand?post=13966"},{"taxonomy":"product_cat","embeddable":true,"href":"https:\/\/masterchem.ee\/fi\/wp-json\/wp\/v2\/product_cat?post=13966"},{"taxonomy":"product_tag","embeddable":true,"href":"https:\/\/masterchem.ee\/fi\/wp-json\/wp\/v2\/product_tag?post=13966"}],"curies":[{"name":"wp","href":"https:\/\/api.w.org\/{rel}","templated":true}]}}