{"id":13951,"date":"2021-08-24T06:58:40","date_gmt":"2021-08-24T06:58:42","guid":{"rendered":"https:\/\/masterchem.ee\/?post_type=product&#038;p=13951"},"modified":"2021-08-24T07:04:22","modified_gmt":"2021-08-24T07:04:22","slug":"triclosan-cas-3380-34-5","status":"publish","type":"product","link":"https:\/\/masterchem.ee\/fi\/tooted-ja-teenused\/triclosan-cas-3380-34-5\/","title":{"rendered":"Triclosan (CAS 3380-34-5)"},"content":{"rendered":"<p> <strong> Info<\/strong> <\/p>\n<p> Toimialat: kotitalouskemikaalit, kosmetiikkateollisuus, l\u00e4\u00e4keteollisuus <br \/>\nCAS-numero: 3380-34-5 <br \/>\nWE-numero: 222-182-2 <br \/>\nKemiallinen kaava: C12H7Cl3O2 <br \/>\nMoolimassa: 289,54 g \/mol <br \/>\nTullitariffi: 29095000 <br \/>\nADR: UN3077 <\/p>\n<p> <strong> Muut fyysiset ominaisuudet <\/strong> <\/p>\n<p> Sulamis- \/ j\u00e4\u00e4tymispiste: 56,4 \u00b0 C <br \/>\nKiehumispiste \/ kiehumisalue: 280-290 \u00b0 C <\/p>\n","protected":false},"excerpt":{"rendered":"<p> <strong>Triclosan (CAS 3380-34-5)<\/strong> <\/p>\n<p> Triklosaani (joskus lyhennettyn\u00e4 TCS) on antibakteerinen ja sienil\u00e4\u00e4ke, jota esiintyy joissakin kuluttajatuotteissa, kuten hammastahnassa, saippuoissa, pesuaineissa, leluissa ja kirurgisissa puhdistushoidoissa. Se on k\u00e4ytt\u00f6tarkoitukseltaan ja vaikutusmekanismiltaan samanlainen kuin triklokarbaani. Sen teho mikrobil\u00e4\u00e4kkeen\u00e4, mikrobil\u00e4\u00e4keresistenssin riski ja sen mahdollinen rooli hormonaalisen kehityksen h\u00e4iriintymisess\u00e4 ovat edelleen kiistanalaisia. Lis\u00e4tutkimuksella pyrit\u00e4\u00e4n ymm\u00e4rt\u00e4m\u00e4\u00e4n sen mahdolliset vaikutukset organismeihin ja ymp\u00e4rist\u00f6n terveyteen. <\/p>\n","protected":false},"featured_media":13957,"template":"","meta":[],"product_brand":[],"product_cat":[180,294,117,120],"product_tag":[],"class_list":{"0":"post-13951","1":"product","2":"type-product","3":"status-publish","4":"has-post-thumbnail","6":"product_cat-uncategorized-fi-2","7":"product_cat-kosmetiikkateollisuus","8":"product_cat-kotitalouskemikaalit","9":"product_cat-laaketeollisuus","11":"first","12":"instock","13":"taxable","14":"shipping-taxable","15":"purchasable","16":"product-type-variable","17":"has-default-attributes"},"yoast_head":"<!-- This site is optimized with the Yoast SEO plugin v26.2 - https:\/\/yoast.com\/wordpress\/plugins\/seo\/ -->\n<title>Triclosan (CAS 3380-34-5) - Chemistry For Industry - Solvents &amp; Chemicals - Masterchem.ee<\/title>\n<meta name=\"description\" content=\"Triclosan (joskus lyhennettyn\u00e4 TCS) on antibakteerinen ja sienil\u00e4\u00e4ke, jota esiintyy joissakin kuluttajatuotteissa, mukaan lukien hammastahna, saippuat, pesuaineet, lelut ja kirurgiset puhdistushoidot.\" \/>\n<meta name=\"robots\" content=\"index, follow, max-snippet:-1, max-image-preview:large, max-video-preview:-1\" \/>\n<link rel=\"canonical\" href=\"https:\/\/masterchem.ee\/fi\/tooted-ja-teenused\/triclosan-cas-3380-34-5\/\" \/>\n<meta name=\"twitter:card\" content=\"summary_large_image\" \/>\n<meta name=\"twitter:title\" content=\"Triclosan (CAS 3380-34-5) - Chemistry For Industry - Solvents &amp; Chemicals - Masterchem.ee\" \/>\n<meta name=\"twitter:description\" content=\"Triclosan (joskus lyhennettyn\u00e4 TCS) on antibakteerinen ja sienil\u00e4\u00e4ke, jota esiintyy joissakin kuluttajatuotteissa, mukaan lukien hammastahna, saippuat, pesuaineet, lelut ja kirurgiset puhdistushoidot.\" \/>\n<meta name=\"twitter:image\" content=\"https:\/\/masterchem.ee\/wp-content\/uploads\/2021\/08\/Triklosaan-25kg-MasterChem.jpg\" \/>\n<script type=\"application\/ld+json\" class=\"yoast-schema-graph\">{\"@context\":\"https:\/\/schema.org\",\"@graph\":[{\"@type\":\"WebPage\",\"@id\":\"https:\/\/masterchem.ee\/fi\/tooted-ja-teenused\/triclosan-cas-3380-34-5\/\",\"url\":\"https:\/\/masterchem.ee\/fi\/tooted-ja-teenused\/triclosan-cas-3380-34-5\/\",\"name\":\"Triclosan (CAS 3380-34-5) - Chemistry For Industry - Solvents &amp; Chemicals - Masterchem.ee\",\"isPartOf\":{\"@id\":\"https:\/\/masterchem.ee\/fi\/#website\"},\"primaryImageOfPage\":{\"@id\":\"https:\/\/masterchem.ee\/fi\/tooted-ja-teenused\/triclosan-cas-3380-34-5\/#primaryimage\"},\"image\":{\"@id\":\"https:\/\/masterchem.ee\/fi\/tooted-ja-teenused\/triclosan-cas-3380-34-5\/#primaryimage\"},\"thumbnailUrl\":\"https:\/\/masterchem.ee\/wp-content\/uploads\/2021\/08\/Triklosaan-25kg-MasterChem.jpg\",\"datePublished\":\"2021-08-24T06:58:42+00:00\",\"dateModified\":\"2021-08-24T07:04:22+00:00\",\"description\":\"Triclosan (joskus lyhennettyn\u00e4 TCS) on antibakteerinen ja sienil\u00e4\u00e4ke, jota esiintyy joissakin kuluttajatuotteissa, mukaan lukien hammastahna, saippuat, pesuaineet, lelut ja kirurgiset puhdistushoidot.\",\"breadcrumb\":{\"@id\":\"https:\/\/masterchem.ee\/fi\/tooted-ja-teenused\/triclosan-cas-3380-34-5\/#breadcrumb\"},\"inLanguage\":\"fi\",\"potentialAction\":[{\"@type\":\"ReadAction\",\"target\":[\"https:\/\/masterchem.ee\/fi\/tooted-ja-teenused\/triclosan-cas-3380-34-5\/\"]}]},{\"@type\":\"ImageObject\",\"inLanguage\":\"fi\",\"@id\":\"https:\/\/masterchem.ee\/fi\/tooted-ja-teenused\/triclosan-cas-3380-34-5\/#primaryimage\",\"url\":\"https:\/\/masterchem.ee\/wp-content\/uploads\/2021\/08\/Triklosaan-25kg-MasterChem.jpg\",\"contentUrl\":\"https:\/\/masterchem.ee\/wp-content\/uploads\/2021\/08\/Triklosaan-25kg-MasterChem.jpg\",\"width\":1000,\"height\":1000,\"caption\":\"Triclosan (CAS 3380-34-5) 25kg MasterChem\"},{\"@type\":\"BreadcrumbList\",\"@id\":\"https:\/\/masterchem.ee\/fi\/tooted-ja-teenused\/triclosan-cas-3380-34-5\/#breadcrumb\",\"itemListElement\":[{\"@type\":\"ListItem\",\"position\":1,\"name\":\"Home\",\"item\":\"https:\/\/masterchem.ee\/fi\/\"},{\"@type\":\"ListItem\",\"position\":2,\"name\":\"Tooted ja teenused\",\"item\":\"https:\/\/masterchem.ee\/tooted-ja-teenused\/\"},{\"@type\":\"ListItem\",\"position\":3,\"name\":\"Triclosan (CAS 3380-34-5)\"}]},{\"@type\":\"WebSite\",\"@id\":\"https:\/\/masterchem.ee\/fi\/#website\",\"url\":\"https:\/\/masterchem.ee\/fi\/\",\"name\":\"Masterchem.ee\",\"description\":\"Chemistry For Industry - Solvents &amp; Chemicals\",\"publisher\":{\"@id\":\"https:\/\/masterchem.ee\/fi\/#organization\"},\"potentialAction\":[{\"@type\":\"SearchAction\",\"target\":{\"@type\":\"EntryPoint\",\"urlTemplate\":\"https:\/\/masterchem.ee\/fi\/?s={search_term_string}\"},\"query-input\":{\"@type\":\"PropertyValueSpecification\",\"valueRequired\":true,\"valueName\":\"search_term_string\"}}],\"inLanguage\":\"fi\"},{\"@type\":\"Organization\",\"@id\":\"https:\/\/masterchem.ee\/fi\/#organization\",\"name\":\"Masterchem\",\"url\":\"https:\/\/masterchem.ee\/fi\/\",\"logo\":{\"@type\":\"ImageObject\",\"inLanguage\":\"fi\",\"@id\":\"https:\/\/masterchem.ee\/fi\/#\/schema\/logo\/image\/\",\"url\":\"https:\/\/masterchem.ee\/wp-content\/uploads\/2018\/02\/master-chem_final-1.png\",\"contentUrl\":\"https:\/\/masterchem.ee\/wp-content\/uploads\/2018\/02\/master-chem_final-1.png\",\"width\":850,\"height\":356,\"caption\":\"Masterchem\"},\"image\":{\"@id\":\"https:\/\/masterchem.ee\/fi\/#\/schema\/logo\/image\/\"}}]}<\/script>\n<!-- \/ Yoast SEO plugin. -->","yoast_head_json":{"title":"Triclosan (CAS 3380-34-5) - Chemistry For Industry - Solvents &amp; Chemicals - Masterchem.ee","description":"Triclosan (joskus lyhennettyn\u00e4 TCS) on antibakteerinen ja sienil\u00e4\u00e4ke, jota esiintyy joissakin kuluttajatuotteissa, mukaan lukien hammastahna, saippuat, pesuaineet, lelut ja kirurgiset puhdistushoidot.","robots":{"index":"index","follow":"follow","max-snippet":"max-snippet:-1","max-image-preview":"max-image-preview:large","max-video-preview":"max-video-preview:-1"},"canonical":"https:\/\/masterchem.ee\/fi\/tooted-ja-teenused\/triclosan-cas-3380-34-5\/","twitter_card":"summary_large_image","twitter_title":"Triclosan (CAS 3380-34-5) - Chemistry For Industry - Solvents &amp; Chemicals - Masterchem.ee","twitter_description":"Triclosan (joskus lyhennettyn\u00e4 TCS) on antibakteerinen ja sienil\u00e4\u00e4ke, jota esiintyy joissakin kuluttajatuotteissa, mukaan lukien hammastahna, saippuat, pesuaineet, lelut ja kirurgiset puhdistushoidot.","twitter_image":"https:\/\/masterchem.ee\/wp-content\/uploads\/2021\/08\/Triklosaan-25kg-MasterChem.jpg","schema":{"@context":"https:\/\/schema.org","@graph":[{"@type":"WebPage","@id":"https:\/\/masterchem.ee\/fi\/tooted-ja-teenused\/triclosan-cas-3380-34-5\/","url":"https:\/\/masterchem.ee\/fi\/tooted-ja-teenused\/triclosan-cas-3380-34-5\/","name":"Triclosan (CAS 3380-34-5) - Chemistry For Industry - Solvents &amp; Chemicals - Masterchem.ee","isPartOf":{"@id":"https:\/\/masterchem.ee\/fi\/#website"},"primaryImageOfPage":{"@id":"https:\/\/masterchem.ee\/fi\/tooted-ja-teenused\/triclosan-cas-3380-34-5\/#primaryimage"},"image":{"@id":"https:\/\/masterchem.ee\/fi\/tooted-ja-teenused\/triclosan-cas-3380-34-5\/#primaryimage"},"thumbnailUrl":"https:\/\/masterchem.ee\/wp-content\/uploads\/2021\/08\/Triklosaan-25kg-MasterChem.jpg","datePublished":"2021-08-24T06:58:42+00:00","dateModified":"2021-08-24T07:04:22+00:00","description":"Triclosan (joskus lyhennettyn\u00e4 TCS) on antibakteerinen ja sienil\u00e4\u00e4ke, jota esiintyy joissakin kuluttajatuotteissa, mukaan lukien hammastahna, saippuat, pesuaineet, lelut ja kirurgiset puhdistushoidot.","breadcrumb":{"@id":"https:\/\/masterchem.ee\/fi\/tooted-ja-teenused\/triclosan-cas-3380-34-5\/#breadcrumb"},"inLanguage":"fi","potentialAction":[{"@type":"ReadAction","target":["https:\/\/masterchem.ee\/fi\/tooted-ja-teenused\/triclosan-cas-3380-34-5\/"]}]},{"@type":"ImageObject","inLanguage":"fi","@id":"https:\/\/masterchem.ee\/fi\/tooted-ja-teenused\/triclosan-cas-3380-34-5\/#primaryimage","url":"https:\/\/masterchem.ee\/wp-content\/uploads\/2021\/08\/Triklosaan-25kg-MasterChem.jpg","contentUrl":"https:\/\/masterchem.ee\/wp-content\/uploads\/2021\/08\/Triklosaan-25kg-MasterChem.jpg","width":1000,"height":1000,"caption":"Triclosan (CAS 3380-34-5) 25kg MasterChem"},{"@type":"BreadcrumbList","@id":"https:\/\/masterchem.ee\/fi\/tooted-ja-teenused\/triclosan-cas-3380-34-5\/#breadcrumb","itemListElement":[{"@type":"ListItem","position":1,"name":"Home","item":"https:\/\/masterchem.ee\/fi\/"},{"@type":"ListItem","position":2,"name":"Tooted ja teenused","item":"https:\/\/masterchem.ee\/tooted-ja-teenused\/"},{"@type":"ListItem","position":3,"name":"Triclosan (CAS 3380-34-5)"}]},{"@type":"WebSite","@id":"https:\/\/masterchem.ee\/fi\/#website","url":"https:\/\/masterchem.ee\/fi\/","name":"Masterchem.ee","description":"Chemistry For Industry - Solvents &amp; Chemicals","publisher":{"@id":"https:\/\/masterchem.ee\/fi\/#organization"},"potentialAction":[{"@type":"SearchAction","target":{"@type":"EntryPoint","urlTemplate":"https:\/\/masterchem.ee\/fi\/?s={search_term_string}"},"query-input":{"@type":"PropertyValueSpecification","valueRequired":true,"valueName":"search_term_string"}}],"inLanguage":"fi"},{"@type":"Organization","@id":"https:\/\/masterchem.ee\/fi\/#organization","name":"Masterchem","url":"https:\/\/masterchem.ee\/fi\/","logo":{"@type":"ImageObject","inLanguage":"fi","@id":"https:\/\/masterchem.ee\/fi\/#\/schema\/logo\/image\/","url":"https:\/\/masterchem.ee\/wp-content\/uploads\/2018\/02\/master-chem_final-1.png","contentUrl":"https:\/\/masterchem.ee\/wp-content\/uploads\/2018\/02\/master-chem_final-1.png","width":850,"height":356,"caption":"Masterchem"},"image":{"@id":"https:\/\/masterchem.ee\/fi\/#\/schema\/logo\/image\/"}}]}},"_links":{"self":[{"href":"https:\/\/masterchem.ee\/fi\/wp-json\/wp\/v2\/product\/13951","targetHints":{"allow":["GET"]}}],"collection":[{"href":"https:\/\/masterchem.ee\/fi\/wp-json\/wp\/v2\/product"}],"about":[{"href":"https:\/\/masterchem.ee\/fi\/wp-json\/wp\/v2\/types\/product"}],"wp:featuredmedia":[{"embeddable":true,"href":"https:\/\/masterchem.ee\/fi\/wp-json\/wp\/v2\/media\/13957"}],"wp:attachment":[{"href":"https:\/\/masterchem.ee\/fi\/wp-json\/wp\/v2\/media?parent=13951"}],"wp:term":[{"taxonomy":"product_brand","embeddable":true,"href":"https:\/\/masterchem.ee\/fi\/wp-json\/wp\/v2\/product_brand?post=13951"},{"taxonomy":"product_cat","embeddable":true,"href":"https:\/\/masterchem.ee\/fi\/wp-json\/wp\/v2\/product_cat?post=13951"},{"taxonomy":"product_tag","embeddable":true,"href":"https:\/\/masterchem.ee\/fi\/wp-json\/wp\/v2\/product_tag?post=13951"}],"curies":[{"name":"wp","href":"https:\/\/api.w.org\/{rel}","templated":true}]}}