{"id":13920,"date":"2021-08-23T18:53:27","date_gmt":"2021-08-23T18:53:29","guid":{"rendered":"https:\/\/masterchem.ee\/?post_type=product&#038;p=13920"},"modified":"2021-08-23T18:59:36","modified_gmt":"2021-08-23T18:59:36","slug":"talkki-cas-14807-96-6","status":"publish","type":"product","link":"https:\/\/masterchem.ee\/fi\/tooted-ja-teenused\/talkki-cas-14807-96-6\/","title":{"rendered":"Talkki (CAS 14807-96-6)"},"content":{"rendered":"<p> <strong> Info<\/strong> <\/p>\n<p> Toimialat: maalit ja lakat, kotitalouskemikaalit, kosmetiikkateollisuus, liimat, \u00f6ljyt, rasvat, l\u00e4\u00e4keteollisuus, rakennuskemia, hartsit, muovit, polyuretaanit <br \/>\nCAS-numero: 14807-96-6 <br \/>\nWE-numero: 238-877-9 <br \/>\nKemiallinen kaava: 3Mg2 \u2219 4SiO2 \u2219 H2O <br \/>\nMoolimassa: 379,34 g \/mol <br \/>\nTullitariffi: 25262000 <\/p>\n<p> <strong> Muut fyysiset ominaisuudet <\/strong> <\/p>\n<p> pH: 7,0 &#8211; 9,0 (50 g \/l H20, 20 \u00b0 C) <br \/>\nSulamis- \/ j\u00e4\u00e4tymispiste:> 1300 \u00b0 C <br \/>\nSuhteellinen tiheys: ~ 2,75 g\/cm3 <\/p>\n","protected":false},"excerpt":{"rendered":"<p> <strong>Talkki (CAS 14807-96-6)<\/strong> <\/p>\n<p>Talkki (Mg3Si4O10(OH)2) on kidej\u00e4rjestelm\u00e4lt\u00e4\u00e4n monokliininen mineraali. Kiteet ovat suomuisia ja muistuttavat hyvinkin paljon kiilteit\u00e4. Mineraalia esiintyy tiiviin\u00e4 tai suomuisina massoina.<\/p>\n<p>V\u00e4rilt\u00e4\u00e4n talkki on vaaleanvihre\u00e4\u00e4, kellanvihre\u00e4\u00e4 tai valkoista. Viiru on valkoinen. Talkilla on rasvakiilto, mutta lohjenneilla pinnoilla helmi\u00e4iskiilto. Talkki on hydrofobinen ja oleofiilinen, eli se hylkii vett\u00e4 ja absorboi \u00f6ljyj\u00e4.<\/p>\n","protected":false},"featured_media":13926,"template":"","meta":[],"product_brand":[],"product_cat":[180,294,117,120,258,114],"product_tag":[],"class_list":{"0":"post-13920","1":"product","2":"type-product","3":"status-publish","4":"has-post-thumbnail","6":"product_cat-uncategorized-fi-2","7":"product_cat-kosmetiikkateollisuus","8":"product_cat-kotitalouskemikaalit","9":"product_cat-laaketeollisuus","10":"product_cat-muovi-fi","11":"product_cat-rakennusteollisuus","13":"first","14":"instock","15":"taxable","16":"shipping-taxable","17":"purchasable","18":"product-type-variable","19":"has-default-attributes"},"yoast_head":"<!-- This site is optimized with the Yoast SEO plugin v26.2 - https:\/\/yoast.com\/wordpress\/plugins\/seo\/ -->\n<title>Talkki (CAS 14807-96-6) - Chemistry For Industry - Solvents &amp; Chemicals - Masterchem.ee<\/title>\n<meta name=\"description\" content=\"Talkki (Mg3Si4O10(OH)2) on kidej\u00e4rjestelm\u00e4lt\u00e4\u00e4n monokliininen mineraali. Kiteet ovat suomuisia ja muistuttavat hyvinkin paljon kiilteit\u00e4.\" \/>\n<meta name=\"robots\" content=\"index, follow, max-snippet:-1, max-image-preview:large, max-video-preview:-1\" \/>\n<link rel=\"canonical\" href=\"https:\/\/masterchem.ee\/fi\/tooted-ja-teenused\/talkki-cas-14807-96-6\/\" \/>\n<meta name=\"twitter:card\" content=\"summary_large_image\" \/>\n<meta name=\"twitter:title\" content=\"Talkki (CAS 14807-96-6) - Chemistry For Industry - Solvents &amp; Chemicals - Masterchem.ee\" \/>\n<meta name=\"twitter:description\" content=\"Talkki (Mg3Si4O10(OH)2) on kidej\u00e4rjestelm\u00e4lt\u00e4\u00e4n monokliininen mineraali. Kiteet ovat suomuisia ja muistuttavat hyvinkin paljon kiilteit\u00e4.\" \/>\n<meta name=\"twitter:image\" content=\"https:\/\/masterchem.ee\/wp-content\/uploads\/2021\/08\/Talk-25kg-MasterChem.png\" \/>\n<script type=\"application\/ld+json\" class=\"yoast-schema-graph\">{\"@context\":\"https:\/\/schema.org\",\"@graph\":[{\"@type\":\"WebPage\",\"@id\":\"https:\/\/masterchem.ee\/fi\/tooted-ja-teenused\/talkki-cas-14807-96-6\/\",\"url\":\"https:\/\/masterchem.ee\/fi\/tooted-ja-teenused\/talkki-cas-14807-96-6\/\",\"name\":\"Talkki (CAS 14807-96-6) - Chemistry For Industry - Solvents &amp; Chemicals - Masterchem.ee\",\"isPartOf\":{\"@id\":\"https:\/\/masterchem.ee\/fi\/#website\"},\"primaryImageOfPage\":{\"@id\":\"https:\/\/masterchem.ee\/fi\/tooted-ja-teenused\/talkki-cas-14807-96-6\/#primaryimage\"},\"image\":{\"@id\":\"https:\/\/masterchem.ee\/fi\/tooted-ja-teenused\/talkki-cas-14807-96-6\/#primaryimage\"},\"thumbnailUrl\":\"https:\/\/masterchem.ee\/wp-content\/uploads\/2021\/08\/Talk-25kg-MasterChem.png\",\"datePublished\":\"2021-08-23T18:53:29+00:00\",\"dateModified\":\"2021-08-23T18:59:36+00:00\",\"description\":\"Talkki (Mg3Si4O10(OH)2) on kidej\u00e4rjestelm\u00e4lt\u00e4\u00e4n monokliininen mineraali. Kiteet ovat suomuisia ja muistuttavat hyvinkin paljon kiilteit\u00e4.\",\"breadcrumb\":{\"@id\":\"https:\/\/masterchem.ee\/fi\/tooted-ja-teenused\/talkki-cas-14807-96-6\/#breadcrumb\"},\"inLanguage\":\"fi\",\"potentialAction\":[{\"@type\":\"ReadAction\",\"target\":[\"https:\/\/masterchem.ee\/fi\/tooted-ja-teenused\/talkki-cas-14807-96-6\/\"]}]},{\"@type\":\"ImageObject\",\"inLanguage\":\"fi\",\"@id\":\"https:\/\/masterchem.ee\/fi\/tooted-ja-teenused\/talkki-cas-14807-96-6\/#primaryimage\",\"url\":\"https:\/\/masterchem.ee\/wp-content\/uploads\/2021\/08\/Talk-25kg-MasterChem.png\",\"contentUrl\":\"https:\/\/masterchem.ee\/wp-content\/uploads\/2021\/08\/Talk-25kg-MasterChem.png\",\"width\":1000,\"height\":1000,\"caption\":\"Talkki (CAS 14807-96-6) 25kg MasterChem\"},{\"@type\":\"BreadcrumbList\",\"@id\":\"https:\/\/masterchem.ee\/fi\/tooted-ja-teenused\/talkki-cas-14807-96-6\/#breadcrumb\",\"itemListElement\":[{\"@type\":\"ListItem\",\"position\":1,\"name\":\"Home\",\"item\":\"https:\/\/masterchem.ee\/fi\/\"},{\"@type\":\"ListItem\",\"position\":2,\"name\":\"Tooted ja teenused\",\"item\":\"https:\/\/masterchem.ee\/tooted-ja-teenused\/\"},{\"@type\":\"ListItem\",\"position\":3,\"name\":\"Talkki (CAS 14807-96-6)\"}]},{\"@type\":\"WebSite\",\"@id\":\"https:\/\/masterchem.ee\/fi\/#website\",\"url\":\"https:\/\/masterchem.ee\/fi\/\",\"name\":\"Masterchem.ee\",\"description\":\"Chemistry For Industry - Solvents &amp; Chemicals\",\"publisher\":{\"@id\":\"https:\/\/masterchem.ee\/fi\/#organization\"},\"potentialAction\":[{\"@type\":\"SearchAction\",\"target\":{\"@type\":\"EntryPoint\",\"urlTemplate\":\"https:\/\/masterchem.ee\/fi\/?s={search_term_string}\"},\"query-input\":{\"@type\":\"PropertyValueSpecification\",\"valueRequired\":true,\"valueName\":\"search_term_string\"}}],\"inLanguage\":\"fi\"},{\"@type\":\"Organization\",\"@id\":\"https:\/\/masterchem.ee\/fi\/#organization\",\"name\":\"Masterchem\",\"url\":\"https:\/\/masterchem.ee\/fi\/\",\"logo\":{\"@type\":\"ImageObject\",\"inLanguage\":\"fi\",\"@id\":\"https:\/\/masterchem.ee\/fi\/#\/schema\/logo\/image\/\",\"url\":\"https:\/\/masterchem.ee\/wp-content\/uploads\/2018\/02\/master-chem_final-1.png\",\"contentUrl\":\"https:\/\/masterchem.ee\/wp-content\/uploads\/2018\/02\/master-chem_final-1.png\",\"width\":850,\"height\":356,\"caption\":\"Masterchem\"},\"image\":{\"@id\":\"https:\/\/masterchem.ee\/fi\/#\/schema\/logo\/image\/\"}}]}<\/script>\n<!-- \/ Yoast SEO plugin. -->","yoast_head_json":{"title":"Talkki (CAS 14807-96-6) - Chemistry For Industry - Solvents &amp; Chemicals - Masterchem.ee","description":"Talkki (Mg3Si4O10(OH)2) on kidej\u00e4rjestelm\u00e4lt\u00e4\u00e4n monokliininen mineraali. Kiteet ovat suomuisia ja muistuttavat hyvinkin paljon kiilteit\u00e4.","robots":{"index":"index","follow":"follow","max-snippet":"max-snippet:-1","max-image-preview":"max-image-preview:large","max-video-preview":"max-video-preview:-1"},"canonical":"https:\/\/masterchem.ee\/fi\/tooted-ja-teenused\/talkki-cas-14807-96-6\/","twitter_card":"summary_large_image","twitter_title":"Talkki (CAS 14807-96-6) - Chemistry For Industry - Solvents &amp; Chemicals - Masterchem.ee","twitter_description":"Talkki (Mg3Si4O10(OH)2) on kidej\u00e4rjestelm\u00e4lt\u00e4\u00e4n monokliininen mineraali. Kiteet ovat suomuisia ja muistuttavat hyvinkin paljon kiilteit\u00e4.","twitter_image":"https:\/\/masterchem.ee\/wp-content\/uploads\/2021\/08\/Talk-25kg-MasterChem.png","schema":{"@context":"https:\/\/schema.org","@graph":[{"@type":"WebPage","@id":"https:\/\/masterchem.ee\/fi\/tooted-ja-teenused\/talkki-cas-14807-96-6\/","url":"https:\/\/masterchem.ee\/fi\/tooted-ja-teenused\/talkki-cas-14807-96-6\/","name":"Talkki (CAS 14807-96-6) - Chemistry For Industry - Solvents &amp; Chemicals - Masterchem.ee","isPartOf":{"@id":"https:\/\/masterchem.ee\/fi\/#website"},"primaryImageOfPage":{"@id":"https:\/\/masterchem.ee\/fi\/tooted-ja-teenused\/talkki-cas-14807-96-6\/#primaryimage"},"image":{"@id":"https:\/\/masterchem.ee\/fi\/tooted-ja-teenused\/talkki-cas-14807-96-6\/#primaryimage"},"thumbnailUrl":"https:\/\/masterchem.ee\/wp-content\/uploads\/2021\/08\/Talk-25kg-MasterChem.png","datePublished":"2021-08-23T18:53:29+00:00","dateModified":"2021-08-23T18:59:36+00:00","description":"Talkki (Mg3Si4O10(OH)2) on kidej\u00e4rjestelm\u00e4lt\u00e4\u00e4n monokliininen mineraali. Kiteet ovat suomuisia ja muistuttavat hyvinkin paljon kiilteit\u00e4.","breadcrumb":{"@id":"https:\/\/masterchem.ee\/fi\/tooted-ja-teenused\/talkki-cas-14807-96-6\/#breadcrumb"},"inLanguage":"fi","potentialAction":[{"@type":"ReadAction","target":["https:\/\/masterchem.ee\/fi\/tooted-ja-teenused\/talkki-cas-14807-96-6\/"]}]},{"@type":"ImageObject","inLanguage":"fi","@id":"https:\/\/masterchem.ee\/fi\/tooted-ja-teenused\/talkki-cas-14807-96-6\/#primaryimage","url":"https:\/\/masterchem.ee\/wp-content\/uploads\/2021\/08\/Talk-25kg-MasterChem.png","contentUrl":"https:\/\/masterchem.ee\/wp-content\/uploads\/2021\/08\/Talk-25kg-MasterChem.png","width":1000,"height":1000,"caption":"Talkki (CAS 14807-96-6) 25kg MasterChem"},{"@type":"BreadcrumbList","@id":"https:\/\/masterchem.ee\/fi\/tooted-ja-teenused\/talkki-cas-14807-96-6\/#breadcrumb","itemListElement":[{"@type":"ListItem","position":1,"name":"Home","item":"https:\/\/masterchem.ee\/fi\/"},{"@type":"ListItem","position":2,"name":"Tooted ja teenused","item":"https:\/\/masterchem.ee\/tooted-ja-teenused\/"},{"@type":"ListItem","position":3,"name":"Talkki (CAS 14807-96-6)"}]},{"@type":"WebSite","@id":"https:\/\/masterchem.ee\/fi\/#website","url":"https:\/\/masterchem.ee\/fi\/","name":"Masterchem.ee","description":"Chemistry For Industry - Solvents &amp; Chemicals","publisher":{"@id":"https:\/\/masterchem.ee\/fi\/#organization"},"potentialAction":[{"@type":"SearchAction","target":{"@type":"EntryPoint","urlTemplate":"https:\/\/masterchem.ee\/fi\/?s={search_term_string}"},"query-input":{"@type":"PropertyValueSpecification","valueRequired":true,"valueName":"search_term_string"}}],"inLanguage":"fi"},{"@type":"Organization","@id":"https:\/\/masterchem.ee\/fi\/#organization","name":"Masterchem","url":"https:\/\/masterchem.ee\/fi\/","logo":{"@type":"ImageObject","inLanguage":"fi","@id":"https:\/\/masterchem.ee\/fi\/#\/schema\/logo\/image\/","url":"https:\/\/masterchem.ee\/wp-content\/uploads\/2018\/02\/master-chem_final-1.png","contentUrl":"https:\/\/masterchem.ee\/wp-content\/uploads\/2018\/02\/master-chem_final-1.png","width":850,"height":356,"caption":"Masterchem"},"image":{"@id":"https:\/\/masterchem.ee\/fi\/#\/schema\/logo\/image\/"}}]}},"_links":{"self":[{"href":"https:\/\/masterchem.ee\/fi\/wp-json\/wp\/v2\/product\/13920","targetHints":{"allow":["GET"]}}],"collection":[{"href":"https:\/\/masterchem.ee\/fi\/wp-json\/wp\/v2\/product"}],"about":[{"href":"https:\/\/masterchem.ee\/fi\/wp-json\/wp\/v2\/types\/product"}],"wp:featuredmedia":[{"embeddable":true,"href":"https:\/\/masterchem.ee\/fi\/wp-json\/wp\/v2\/media\/13926"}],"wp:attachment":[{"href":"https:\/\/masterchem.ee\/fi\/wp-json\/wp\/v2\/media?parent=13920"}],"wp:term":[{"taxonomy":"product_brand","embeddable":true,"href":"https:\/\/masterchem.ee\/fi\/wp-json\/wp\/v2\/product_brand?post=13920"},{"taxonomy":"product_cat","embeddable":true,"href":"https:\/\/masterchem.ee\/fi\/wp-json\/wp\/v2\/product_cat?post=13920"},{"taxonomy":"product_tag","embeddable":true,"href":"https:\/\/masterchem.ee\/fi\/wp-json\/wp\/v2\/product_tag?post=13920"}],"curies":[{"name":"wp","href":"https:\/\/api.w.org\/{rel}","templated":true}]}}