{"id":13904,"date":"2021-08-23T18:40:09","date_gmt":"2021-08-23T18:40:11","guid":{"rendered":"https:\/\/masterchem.ee\/?post_type=product&#038;p=13904"},"modified":"2021-08-23T18:46:14","modified_gmt":"2021-08-23T18:46:14","slug":"natriumtripolyfosfaatti-cas-7758-29-4","status":"publish","type":"product","link":"https:\/\/masterchem.ee\/fi\/tooted-ja-teenused\/natriumtripolyfosfaatti-cas-7758-29-4\/","title":{"rendered":"Natriumtripolyfosfaatti (CAS 7758-29-4)"},"content":{"rendered":"<p> <strong> Info<\/strong> <\/p>\n<p> Toimialat: Kotitalouskemikaalit, Liimat, \u00f6ljyt, rasvat, Elintarviketeollisuus, Rakennuskemia <br \/>\nCAS-numero: 7758-29-4 <br \/>\nWE-numero: 231-838-7 <br \/>\nKemiallinen kaava: Na5P3O10 <br \/>\nMoolimassa: 367,86 g \/mol <br \/>\nTullitariffi: 28353100 <\/p>\n<p> <strong> Muut fyysiset ominaisuudet <\/strong> <\/p>\n<p> Sulamis- \/ j\u00e4\u00e4tymispiste: 622 \u00b0 C <br \/>\nSuhteellinen tiheys: 2,55 g\/cm3 <\/p>\n","protected":false},"excerpt":{"rendered":"<p> <strong> Natriumtripolyfosfaatti (CAS 7758-29-4)<\/strong> <\/p>\n<p> Natriumtrifosfaatti (STP), my\u00f6s natriumtripolyfosfaatti (STPP) tai tripolyfosfaatti (TPP) on ep\u00e4orgaaninen yhdiste, jolla on kaava Na5P3O10. Se on polyfosfaatti-penta-anionin natriumsuola, joka on trifosforihapon konjugaattiem\u00e4s. Sit\u00e4 valmistetaan laajasti osana monia kotimaisia ja teollisuustuotteita, erityisesti pesuaineita. Rehev\u00f6itymiseen liittyv\u00e4t ymp\u00e4rist\u00f6ongelmat johtuvat sen laajasta k\u00e4yt\u00f6st\u00e4. <\/p>\n","protected":false},"featured_media":13910,"template":"","meta":[],"product_brand":[],"product_cat":[180,117,323,114,307],"product_tag":[],"class_list":{"0":"post-13904","1":"product","2":"type-product","3":"status-publish","4":"has-post-thumbnail","6":"product_cat-uncategorized-fi-2","7":"product_cat-kotitalouskemikaalit","8":"product_cat-lannoitteet","9":"product_cat-rakennusteollisuus","10":"product_cat-ruokateollisuus","12":"first","13":"instock","14":"taxable","15":"shipping-taxable","16":"purchasable","17":"product-type-variable","18":"has-default-attributes"},"yoast_head":"<!-- This site is optimized with the Yoast SEO plugin v26.2 - https:\/\/yoast.com\/wordpress\/plugins\/seo\/ -->\n<title>Natriumtripolyfosfaatti (CAS 7758-29-4) - Chemistry For Industry - Solvents &amp; Chemicals - Masterchem.ee<\/title>\n<meta name=\"description\" content=\"Natriumtrifosfaatti (STP), my\u00f6s natriumtripolyfosfaatti (STPP) tai tripolyfosfaatti (TPP) on ep\u00e4orgaaninen yhdiste, jolla on kaava Na5P3O10.\" \/>\n<meta name=\"robots\" content=\"index, follow, max-snippet:-1, max-image-preview:large, max-video-preview:-1\" \/>\n<link rel=\"canonical\" href=\"https:\/\/masterchem.ee\/fi\/tooted-ja-teenused\/natriumtripolyfosfaatti-cas-7758-29-4\/\" \/>\n<meta name=\"twitter:card\" content=\"summary_large_image\" \/>\n<meta name=\"twitter:title\" content=\"Natriumtripolyfosfaatti (CAS 7758-29-4) - Chemistry For Industry - Solvents &amp; Chemicals - Masterchem.ee\" \/>\n<meta name=\"twitter:description\" content=\"Natriumtrifosfaatti (STP), my\u00f6s natriumtripolyfosfaatti (STPP) tai tripolyfosfaatti (TPP) on ep\u00e4orgaaninen yhdiste, jolla on kaava Na5P3O10.\" \/>\n<meta name=\"twitter:image\" content=\"https:\/\/masterchem.ee\/wp-content\/uploads\/2021\/08\/Naatriumtripolufosfaat-25kg-MasterChem.png\" \/>\n<script type=\"application\/ld+json\" class=\"yoast-schema-graph\">{\"@context\":\"https:\/\/schema.org\",\"@graph\":[{\"@type\":\"WebPage\",\"@id\":\"https:\/\/masterchem.ee\/fi\/tooted-ja-teenused\/natriumtripolyfosfaatti-cas-7758-29-4\/\",\"url\":\"https:\/\/masterchem.ee\/fi\/tooted-ja-teenused\/natriumtripolyfosfaatti-cas-7758-29-4\/\",\"name\":\"Natriumtripolyfosfaatti (CAS 7758-29-4) - Chemistry For Industry - Solvents &amp; Chemicals - Masterchem.ee\",\"isPartOf\":{\"@id\":\"https:\/\/masterchem.ee\/fi\/#website\"},\"primaryImageOfPage\":{\"@id\":\"https:\/\/masterchem.ee\/fi\/tooted-ja-teenused\/natriumtripolyfosfaatti-cas-7758-29-4\/#primaryimage\"},\"image\":{\"@id\":\"https:\/\/masterchem.ee\/fi\/tooted-ja-teenused\/natriumtripolyfosfaatti-cas-7758-29-4\/#primaryimage\"},\"thumbnailUrl\":\"https:\/\/masterchem.ee\/wp-content\/uploads\/2021\/08\/Naatriumtripolufosfaat-25kg-MasterChem.png\",\"datePublished\":\"2021-08-23T18:40:11+00:00\",\"dateModified\":\"2021-08-23T18:46:14+00:00\",\"description\":\"Natriumtrifosfaatti (STP), my\u00f6s natriumtripolyfosfaatti (STPP) tai tripolyfosfaatti (TPP) on ep\u00e4orgaaninen yhdiste, jolla on kaava Na5P3O10.\",\"breadcrumb\":{\"@id\":\"https:\/\/masterchem.ee\/fi\/tooted-ja-teenused\/natriumtripolyfosfaatti-cas-7758-29-4\/#breadcrumb\"},\"inLanguage\":\"fi\",\"potentialAction\":[{\"@type\":\"ReadAction\",\"target\":[\"https:\/\/masterchem.ee\/fi\/tooted-ja-teenused\/natriumtripolyfosfaatti-cas-7758-29-4\/\"]}]},{\"@type\":\"ImageObject\",\"inLanguage\":\"fi\",\"@id\":\"https:\/\/masterchem.ee\/fi\/tooted-ja-teenused\/natriumtripolyfosfaatti-cas-7758-29-4\/#primaryimage\",\"url\":\"https:\/\/masterchem.ee\/wp-content\/uploads\/2021\/08\/Naatriumtripolufosfaat-25kg-MasterChem.png\",\"contentUrl\":\"https:\/\/masterchem.ee\/wp-content\/uploads\/2021\/08\/Naatriumtripolufosfaat-25kg-MasterChem.png\",\"width\":1000,\"height\":1000,\"caption\":\"Natriumtripolyfosfaatti (CAS 7758-29-4) 25kg MasterChem\"},{\"@type\":\"BreadcrumbList\",\"@id\":\"https:\/\/masterchem.ee\/fi\/tooted-ja-teenused\/natriumtripolyfosfaatti-cas-7758-29-4\/#breadcrumb\",\"itemListElement\":[{\"@type\":\"ListItem\",\"position\":1,\"name\":\"Home\",\"item\":\"https:\/\/masterchem.ee\/fi\/\"},{\"@type\":\"ListItem\",\"position\":2,\"name\":\"Tooted ja teenused\",\"item\":\"https:\/\/masterchem.ee\/tooted-ja-teenused\/\"},{\"@type\":\"ListItem\",\"position\":3,\"name\":\"Natriumtripolyfosfaatti (CAS 7758-29-4)\"}]},{\"@type\":\"WebSite\",\"@id\":\"https:\/\/masterchem.ee\/fi\/#website\",\"url\":\"https:\/\/masterchem.ee\/fi\/\",\"name\":\"Masterchem.ee\",\"description\":\"Chemistry For Industry - Solvents &amp; Chemicals\",\"publisher\":{\"@id\":\"https:\/\/masterchem.ee\/fi\/#organization\"},\"potentialAction\":[{\"@type\":\"SearchAction\",\"target\":{\"@type\":\"EntryPoint\",\"urlTemplate\":\"https:\/\/masterchem.ee\/fi\/?s={search_term_string}\"},\"query-input\":{\"@type\":\"PropertyValueSpecification\",\"valueRequired\":true,\"valueName\":\"search_term_string\"}}],\"inLanguage\":\"fi\"},{\"@type\":\"Organization\",\"@id\":\"https:\/\/masterchem.ee\/fi\/#organization\",\"name\":\"Masterchem\",\"url\":\"https:\/\/masterchem.ee\/fi\/\",\"logo\":{\"@type\":\"ImageObject\",\"inLanguage\":\"fi\",\"@id\":\"https:\/\/masterchem.ee\/fi\/#\/schema\/logo\/image\/\",\"url\":\"https:\/\/masterchem.ee\/wp-content\/uploads\/2018\/02\/master-chem_final-1.png\",\"contentUrl\":\"https:\/\/masterchem.ee\/wp-content\/uploads\/2018\/02\/master-chem_final-1.png\",\"width\":850,\"height\":356,\"caption\":\"Masterchem\"},\"image\":{\"@id\":\"https:\/\/masterchem.ee\/fi\/#\/schema\/logo\/image\/\"}}]}<\/script>\n<!-- \/ Yoast SEO plugin. -->","yoast_head_json":{"title":"Natriumtripolyfosfaatti (CAS 7758-29-4) - Chemistry For Industry - Solvents &amp; Chemicals - Masterchem.ee","description":"Natriumtrifosfaatti (STP), my\u00f6s natriumtripolyfosfaatti (STPP) tai tripolyfosfaatti (TPP) on ep\u00e4orgaaninen yhdiste, jolla on kaava Na5P3O10.","robots":{"index":"index","follow":"follow","max-snippet":"max-snippet:-1","max-image-preview":"max-image-preview:large","max-video-preview":"max-video-preview:-1"},"canonical":"https:\/\/masterchem.ee\/fi\/tooted-ja-teenused\/natriumtripolyfosfaatti-cas-7758-29-4\/","twitter_card":"summary_large_image","twitter_title":"Natriumtripolyfosfaatti (CAS 7758-29-4) - Chemistry For Industry - Solvents &amp; Chemicals - Masterchem.ee","twitter_description":"Natriumtrifosfaatti (STP), my\u00f6s natriumtripolyfosfaatti (STPP) tai tripolyfosfaatti (TPP) on ep\u00e4orgaaninen yhdiste, jolla on kaava Na5P3O10.","twitter_image":"https:\/\/masterchem.ee\/wp-content\/uploads\/2021\/08\/Naatriumtripolufosfaat-25kg-MasterChem.png","schema":{"@context":"https:\/\/schema.org","@graph":[{"@type":"WebPage","@id":"https:\/\/masterchem.ee\/fi\/tooted-ja-teenused\/natriumtripolyfosfaatti-cas-7758-29-4\/","url":"https:\/\/masterchem.ee\/fi\/tooted-ja-teenused\/natriumtripolyfosfaatti-cas-7758-29-4\/","name":"Natriumtripolyfosfaatti (CAS 7758-29-4) - Chemistry For Industry - Solvents &amp; Chemicals - Masterchem.ee","isPartOf":{"@id":"https:\/\/masterchem.ee\/fi\/#website"},"primaryImageOfPage":{"@id":"https:\/\/masterchem.ee\/fi\/tooted-ja-teenused\/natriumtripolyfosfaatti-cas-7758-29-4\/#primaryimage"},"image":{"@id":"https:\/\/masterchem.ee\/fi\/tooted-ja-teenused\/natriumtripolyfosfaatti-cas-7758-29-4\/#primaryimage"},"thumbnailUrl":"https:\/\/masterchem.ee\/wp-content\/uploads\/2021\/08\/Naatriumtripolufosfaat-25kg-MasterChem.png","datePublished":"2021-08-23T18:40:11+00:00","dateModified":"2021-08-23T18:46:14+00:00","description":"Natriumtrifosfaatti (STP), my\u00f6s natriumtripolyfosfaatti (STPP) tai tripolyfosfaatti (TPP) on ep\u00e4orgaaninen yhdiste, jolla on kaava Na5P3O10.","breadcrumb":{"@id":"https:\/\/masterchem.ee\/fi\/tooted-ja-teenused\/natriumtripolyfosfaatti-cas-7758-29-4\/#breadcrumb"},"inLanguage":"fi","potentialAction":[{"@type":"ReadAction","target":["https:\/\/masterchem.ee\/fi\/tooted-ja-teenused\/natriumtripolyfosfaatti-cas-7758-29-4\/"]}]},{"@type":"ImageObject","inLanguage":"fi","@id":"https:\/\/masterchem.ee\/fi\/tooted-ja-teenused\/natriumtripolyfosfaatti-cas-7758-29-4\/#primaryimage","url":"https:\/\/masterchem.ee\/wp-content\/uploads\/2021\/08\/Naatriumtripolufosfaat-25kg-MasterChem.png","contentUrl":"https:\/\/masterchem.ee\/wp-content\/uploads\/2021\/08\/Naatriumtripolufosfaat-25kg-MasterChem.png","width":1000,"height":1000,"caption":"Natriumtripolyfosfaatti (CAS 7758-29-4) 25kg MasterChem"},{"@type":"BreadcrumbList","@id":"https:\/\/masterchem.ee\/fi\/tooted-ja-teenused\/natriumtripolyfosfaatti-cas-7758-29-4\/#breadcrumb","itemListElement":[{"@type":"ListItem","position":1,"name":"Home","item":"https:\/\/masterchem.ee\/fi\/"},{"@type":"ListItem","position":2,"name":"Tooted ja teenused","item":"https:\/\/masterchem.ee\/tooted-ja-teenused\/"},{"@type":"ListItem","position":3,"name":"Natriumtripolyfosfaatti (CAS 7758-29-4)"}]},{"@type":"WebSite","@id":"https:\/\/masterchem.ee\/fi\/#website","url":"https:\/\/masterchem.ee\/fi\/","name":"Masterchem.ee","description":"Chemistry For Industry - Solvents &amp; Chemicals","publisher":{"@id":"https:\/\/masterchem.ee\/fi\/#organization"},"potentialAction":[{"@type":"SearchAction","target":{"@type":"EntryPoint","urlTemplate":"https:\/\/masterchem.ee\/fi\/?s={search_term_string}"},"query-input":{"@type":"PropertyValueSpecification","valueRequired":true,"valueName":"search_term_string"}}],"inLanguage":"fi"},{"@type":"Organization","@id":"https:\/\/masterchem.ee\/fi\/#organization","name":"Masterchem","url":"https:\/\/masterchem.ee\/fi\/","logo":{"@type":"ImageObject","inLanguage":"fi","@id":"https:\/\/masterchem.ee\/fi\/#\/schema\/logo\/image\/","url":"https:\/\/masterchem.ee\/wp-content\/uploads\/2018\/02\/master-chem_final-1.png","contentUrl":"https:\/\/masterchem.ee\/wp-content\/uploads\/2018\/02\/master-chem_final-1.png","width":850,"height":356,"caption":"Masterchem"},"image":{"@id":"https:\/\/masterchem.ee\/fi\/#\/schema\/logo\/image\/"}}]}},"_links":{"self":[{"href":"https:\/\/masterchem.ee\/fi\/wp-json\/wp\/v2\/product\/13904","targetHints":{"allow":["GET"]}}],"collection":[{"href":"https:\/\/masterchem.ee\/fi\/wp-json\/wp\/v2\/product"}],"about":[{"href":"https:\/\/masterchem.ee\/fi\/wp-json\/wp\/v2\/types\/product"}],"wp:featuredmedia":[{"embeddable":true,"href":"https:\/\/masterchem.ee\/fi\/wp-json\/wp\/v2\/media\/13910"}],"wp:attachment":[{"href":"https:\/\/masterchem.ee\/fi\/wp-json\/wp\/v2\/media?parent=13904"}],"wp:term":[{"taxonomy":"product_brand","embeddable":true,"href":"https:\/\/masterchem.ee\/fi\/wp-json\/wp\/v2\/product_brand?post=13904"},{"taxonomy":"product_cat","embeddable":true,"href":"https:\/\/masterchem.ee\/fi\/wp-json\/wp\/v2\/product_cat?post=13904"},{"taxonomy":"product_tag","embeddable":true,"href":"https:\/\/masterchem.ee\/fi\/wp-json\/wp\/v2\/product_tag?post=13904"}],"curies":[{"name":"wp","href":"https:\/\/api.w.org\/{rel}","templated":true}]}}