{"id":13889,"date":"2021-08-23T18:25:56","date_gmt":"2021-08-23T18:25:59","guid":{"rendered":"https:\/\/masterchem.ee\/?post_type=product&#038;p=13889"},"modified":"2021-08-23T18:32:41","modified_gmt":"2021-08-23T18:32:41","slug":"kalsiumhypokloriitti-cas-7778-54-3","status":"publish","type":"product","link":"https:\/\/masterchem.ee\/fi\/tooted-ja-teenused\/kalsiumhypokloriitti-cas-7778-54-3\/","title":{"rendered":"Kalsiumhypokloriitti (CAS 7778-54-3)"},"content":{"rendered":"<p> <strong> Info<\/strong> <\/p>\n<p> Toimialat: Kotitalouskemikaalit <br \/>\nCAS-numero: 7778-54-3 <br \/>\nWE-numero: 231-908-7 <br \/>\nKemiallinen kaava: Ca (ClO) 2 <br \/>\nTullitariffi: 28281000 <br \/>\nADR: UN2208 <\/p>\n<p> <strong> Muut fyysiset ominaisuudet <\/strong> <\/p>\n<p> pH: 11 <br \/>\nSulamis- \/ j\u00e4\u00e4tymispiste: 100 \u00b0 C <br \/>\nKiehumispiste \/ kiehumisalue: 177 \u00b0 C <br \/>\nSuhteellinen tiheys: 0,65 g \/cm3 <br \/>\nLiukoisuus veteen: 200 g\/cm3 (20 \u00b0 C) <\/p>\n","protected":false},"excerpt":{"rendered":"<p> <strong> Kalsiumhypokloriitti (CAS 7778-54-3) <\/strong> <\/p>\n<p>Kalsiumhypokloriitti (Ca(ClO)2) on kalsium- ja hypokloriitti-ionien muodostama ep\u00e4orgaaninen ioniyhdiste. Ainetta k\u00e4ytet\u00e4\u00e4n p\u00e4\u00e4asiassa valkaisuaineena ja vesien desinfiointiin. Aineesta k\u00e4ytet\u00e4\u00e4n my\u00f6s nime\u00e4 kalsiumoksikloridi.<\/p>\n<p>Huoneenl\u00e4mp\u00f6tilassa kalsiumhypokloriitti on kiinte\u00e4\u00e4 valkoista, jauhemaista ainetta. Se liukenee veteen hyvin. Yhdiste on melko ep\u00e4stabiili ja se hajoaa valon vaikutuksesta tai l\u00e4mmitett\u00e4ess\u00e4. L\u00e4mmitett\u00e4ess\u00e4 muodostaa happikaasua, kalsiumkloridia sek\u00e4 my\u00f6s hieman kalsiumkloraattia. Kalsiumhypokloriitti on vahva hapetin ja reagoi muun muassa suolahapon kanssa. Vapautuvan kloorikaasun m\u00e4\u00e4r\u00e4\u00e4 kutsutaan kalsiumhypoloriitin sis\u00e4lt\u00e4m\u00e4ksi aktiiviseksi klooriksi. Kalsiumhypokloriitti on hapettavuuden lis\u00e4ksi sy\u00f6vytt\u00e4v\u00e4\u00e4, mink\u00e4 vuoksi se on s\u00e4ilytett\u00e4v\u00e4 korrodoitumattomissa astioissa.<\/p>\n","protected":false},"featured_media":13895,"template":"","meta":[],"product_brand":[],"product_cat":[180,117],"product_tag":[],"class_list":{"0":"post-13889","1":"product","2":"type-product","3":"status-publish","4":"has-post-thumbnail","6":"product_cat-uncategorized-fi-2","7":"product_cat-kotitalouskemikaalit","9":"first","10":"instock","11":"taxable","12":"shipping-taxable","13":"purchasable","14":"product-type-variable","15":"has-default-attributes"},"yoast_head":"<!-- This site is optimized with the Yoast SEO plugin v26.2 - https:\/\/yoast.com\/wordpress\/plugins\/seo\/ -->\n<title>Kalsiumhypokloriitti (CAS 7778-54-3) - Chemistry For Industry - Solvents &amp; Chemicals - Masterchem.ee<\/title>\n<meta name=\"description\" content=\"Kalsiumhypokloriitti (Ca(ClO)2) on kalsium- ja hypokloriitti-ionien muodostama ep\u00e4orgaaninen ioniyhdiste.\" \/>\n<meta name=\"robots\" content=\"index, follow, max-snippet:-1, max-image-preview:large, max-video-preview:-1\" \/>\n<link rel=\"canonical\" href=\"https:\/\/masterchem.ee\/fi\/tooted-ja-teenused\/kalsiumhypokloriitti-cas-7778-54-3\/\" \/>\n<meta name=\"twitter:card\" content=\"summary_large_image\" \/>\n<meta name=\"twitter:title\" content=\"Kalsiumhypokloriitti (CAS 7778-54-3) - Chemistry For Industry - Solvents &amp; Chemicals - Masterchem.ee\" \/>\n<meta name=\"twitter:description\" content=\"Kalsiumhypokloriitti (Ca(ClO)2) on kalsium- ja hypokloriitti-ionien muodostama ep\u00e4orgaaninen ioniyhdiste.\" \/>\n<meta name=\"twitter:image\" content=\"https:\/\/masterchem.ee\/wp-content\/uploads\/2021\/08\/Kloorlubi-25kg-MasterChem.png\" \/>\n<script type=\"application\/ld+json\" class=\"yoast-schema-graph\">{\"@context\":\"https:\/\/schema.org\",\"@graph\":[{\"@type\":\"WebPage\",\"@id\":\"https:\/\/masterchem.ee\/fi\/tooted-ja-teenused\/kalsiumhypokloriitti-cas-7778-54-3\/\",\"url\":\"https:\/\/masterchem.ee\/fi\/tooted-ja-teenused\/kalsiumhypokloriitti-cas-7778-54-3\/\",\"name\":\"Kalsiumhypokloriitti (CAS 7778-54-3) - Chemistry For Industry - Solvents &amp; Chemicals - Masterchem.ee\",\"isPartOf\":{\"@id\":\"https:\/\/masterchem.ee\/fi\/#website\"},\"primaryImageOfPage\":{\"@id\":\"https:\/\/masterchem.ee\/fi\/tooted-ja-teenused\/kalsiumhypokloriitti-cas-7778-54-3\/#primaryimage\"},\"image\":{\"@id\":\"https:\/\/masterchem.ee\/fi\/tooted-ja-teenused\/kalsiumhypokloriitti-cas-7778-54-3\/#primaryimage\"},\"thumbnailUrl\":\"https:\/\/masterchem.ee\/wp-content\/uploads\/2021\/08\/Kloorlubi-25kg-MasterChem.png\",\"datePublished\":\"2021-08-23T18:25:59+00:00\",\"dateModified\":\"2021-08-23T18:32:41+00:00\",\"description\":\"Kalsiumhypokloriitti (Ca(ClO)2) on kalsium- ja hypokloriitti-ionien muodostama ep\u00e4orgaaninen ioniyhdiste.\",\"breadcrumb\":{\"@id\":\"https:\/\/masterchem.ee\/fi\/tooted-ja-teenused\/kalsiumhypokloriitti-cas-7778-54-3\/#breadcrumb\"},\"inLanguage\":\"fi\",\"potentialAction\":[{\"@type\":\"ReadAction\",\"target\":[\"https:\/\/masterchem.ee\/fi\/tooted-ja-teenused\/kalsiumhypokloriitti-cas-7778-54-3\/\"]}]},{\"@type\":\"ImageObject\",\"inLanguage\":\"fi\",\"@id\":\"https:\/\/masterchem.ee\/fi\/tooted-ja-teenused\/kalsiumhypokloriitti-cas-7778-54-3\/#primaryimage\",\"url\":\"https:\/\/masterchem.ee\/wp-content\/uploads\/2021\/08\/Kloorlubi-25kg-MasterChem.png\",\"contentUrl\":\"https:\/\/masterchem.ee\/wp-content\/uploads\/2021\/08\/Kloorlubi-25kg-MasterChem.png\",\"width\":1000,\"height\":1000,\"caption\":\"Kalsiumhypokloriitti (CAS 7778-54-3) 25kg MasterChem\"},{\"@type\":\"BreadcrumbList\",\"@id\":\"https:\/\/masterchem.ee\/fi\/tooted-ja-teenused\/kalsiumhypokloriitti-cas-7778-54-3\/#breadcrumb\",\"itemListElement\":[{\"@type\":\"ListItem\",\"position\":1,\"name\":\"Home\",\"item\":\"https:\/\/masterchem.ee\/fi\/\"},{\"@type\":\"ListItem\",\"position\":2,\"name\":\"Tooted ja teenused\",\"item\":\"https:\/\/masterchem.ee\/tooted-ja-teenused\/\"},{\"@type\":\"ListItem\",\"position\":3,\"name\":\"Kalsiumhypokloriitti (CAS 7778-54-3)\"}]},{\"@type\":\"WebSite\",\"@id\":\"https:\/\/masterchem.ee\/fi\/#website\",\"url\":\"https:\/\/masterchem.ee\/fi\/\",\"name\":\"Masterchem.ee\",\"description\":\"Chemistry For Industry - Solvents &amp; Chemicals\",\"publisher\":{\"@id\":\"https:\/\/masterchem.ee\/fi\/#organization\"},\"potentialAction\":[{\"@type\":\"SearchAction\",\"target\":{\"@type\":\"EntryPoint\",\"urlTemplate\":\"https:\/\/masterchem.ee\/fi\/?s={search_term_string}\"},\"query-input\":{\"@type\":\"PropertyValueSpecification\",\"valueRequired\":true,\"valueName\":\"search_term_string\"}}],\"inLanguage\":\"fi\"},{\"@type\":\"Organization\",\"@id\":\"https:\/\/masterchem.ee\/fi\/#organization\",\"name\":\"Masterchem\",\"url\":\"https:\/\/masterchem.ee\/fi\/\",\"logo\":{\"@type\":\"ImageObject\",\"inLanguage\":\"fi\",\"@id\":\"https:\/\/masterchem.ee\/fi\/#\/schema\/logo\/image\/\",\"url\":\"https:\/\/masterchem.ee\/wp-content\/uploads\/2018\/02\/master-chem_final-1.png\",\"contentUrl\":\"https:\/\/masterchem.ee\/wp-content\/uploads\/2018\/02\/master-chem_final-1.png\",\"width\":850,\"height\":356,\"caption\":\"Masterchem\"},\"image\":{\"@id\":\"https:\/\/masterchem.ee\/fi\/#\/schema\/logo\/image\/\"}}]}<\/script>\n<!-- \/ Yoast SEO plugin. -->","yoast_head_json":{"title":"Kalsiumhypokloriitti (CAS 7778-54-3) - Chemistry For Industry - Solvents &amp; Chemicals - Masterchem.ee","description":"Kalsiumhypokloriitti (Ca(ClO)2) on kalsium- ja hypokloriitti-ionien muodostama ep\u00e4orgaaninen ioniyhdiste.","robots":{"index":"index","follow":"follow","max-snippet":"max-snippet:-1","max-image-preview":"max-image-preview:large","max-video-preview":"max-video-preview:-1"},"canonical":"https:\/\/masterchem.ee\/fi\/tooted-ja-teenused\/kalsiumhypokloriitti-cas-7778-54-3\/","twitter_card":"summary_large_image","twitter_title":"Kalsiumhypokloriitti (CAS 7778-54-3) - Chemistry For Industry - Solvents &amp; Chemicals - Masterchem.ee","twitter_description":"Kalsiumhypokloriitti (Ca(ClO)2) on kalsium- ja hypokloriitti-ionien muodostama ep\u00e4orgaaninen ioniyhdiste.","twitter_image":"https:\/\/masterchem.ee\/wp-content\/uploads\/2021\/08\/Kloorlubi-25kg-MasterChem.png","schema":{"@context":"https:\/\/schema.org","@graph":[{"@type":"WebPage","@id":"https:\/\/masterchem.ee\/fi\/tooted-ja-teenused\/kalsiumhypokloriitti-cas-7778-54-3\/","url":"https:\/\/masterchem.ee\/fi\/tooted-ja-teenused\/kalsiumhypokloriitti-cas-7778-54-3\/","name":"Kalsiumhypokloriitti (CAS 7778-54-3) - Chemistry For Industry - Solvents &amp; Chemicals - Masterchem.ee","isPartOf":{"@id":"https:\/\/masterchem.ee\/fi\/#website"},"primaryImageOfPage":{"@id":"https:\/\/masterchem.ee\/fi\/tooted-ja-teenused\/kalsiumhypokloriitti-cas-7778-54-3\/#primaryimage"},"image":{"@id":"https:\/\/masterchem.ee\/fi\/tooted-ja-teenused\/kalsiumhypokloriitti-cas-7778-54-3\/#primaryimage"},"thumbnailUrl":"https:\/\/masterchem.ee\/wp-content\/uploads\/2021\/08\/Kloorlubi-25kg-MasterChem.png","datePublished":"2021-08-23T18:25:59+00:00","dateModified":"2021-08-23T18:32:41+00:00","description":"Kalsiumhypokloriitti (Ca(ClO)2) on kalsium- ja hypokloriitti-ionien muodostama ep\u00e4orgaaninen ioniyhdiste.","breadcrumb":{"@id":"https:\/\/masterchem.ee\/fi\/tooted-ja-teenused\/kalsiumhypokloriitti-cas-7778-54-3\/#breadcrumb"},"inLanguage":"fi","potentialAction":[{"@type":"ReadAction","target":["https:\/\/masterchem.ee\/fi\/tooted-ja-teenused\/kalsiumhypokloriitti-cas-7778-54-3\/"]}]},{"@type":"ImageObject","inLanguage":"fi","@id":"https:\/\/masterchem.ee\/fi\/tooted-ja-teenused\/kalsiumhypokloriitti-cas-7778-54-3\/#primaryimage","url":"https:\/\/masterchem.ee\/wp-content\/uploads\/2021\/08\/Kloorlubi-25kg-MasterChem.png","contentUrl":"https:\/\/masterchem.ee\/wp-content\/uploads\/2021\/08\/Kloorlubi-25kg-MasterChem.png","width":1000,"height":1000,"caption":"Kalsiumhypokloriitti (CAS 7778-54-3) 25kg MasterChem"},{"@type":"BreadcrumbList","@id":"https:\/\/masterchem.ee\/fi\/tooted-ja-teenused\/kalsiumhypokloriitti-cas-7778-54-3\/#breadcrumb","itemListElement":[{"@type":"ListItem","position":1,"name":"Home","item":"https:\/\/masterchem.ee\/fi\/"},{"@type":"ListItem","position":2,"name":"Tooted ja teenused","item":"https:\/\/masterchem.ee\/tooted-ja-teenused\/"},{"@type":"ListItem","position":3,"name":"Kalsiumhypokloriitti (CAS 7778-54-3)"}]},{"@type":"WebSite","@id":"https:\/\/masterchem.ee\/fi\/#website","url":"https:\/\/masterchem.ee\/fi\/","name":"Masterchem.ee","description":"Chemistry For Industry - Solvents &amp; Chemicals","publisher":{"@id":"https:\/\/masterchem.ee\/fi\/#organization"},"potentialAction":[{"@type":"SearchAction","target":{"@type":"EntryPoint","urlTemplate":"https:\/\/masterchem.ee\/fi\/?s={search_term_string}"},"query-input":{"@type":"PropertyValueSpecification","valueRequired":true,"valueName":"search_term_string"}}],"inLanguage":"fi"},{"@type":"Organization","@id":"https:\/\/masterchem.ee\/fi\/#organization","name":"Masterchem","url":"https:\/\/masterchem.ee\/fi\/","logo":{"@type":"ImageObject","inLanguage":"fi","@id":"https:\/\/masterchem.ee\/fi\/#\/schema\/logo\/image\/","url":"https:\/\/masterchem.ee\/wp-content\/uploads\/2018\/02\/master-chem_final-1.png","contentUrl":"https:\/\/masterchem.ee\/wp-content\/uploads\/2018\/02\/master-chem_final-1.png","width":850,"height":356,"caption":"Masterchem"},"image":{"@id":"https:\/\/masterchem.ee\/fi\/#\/schema\/logo\/image\/"}}]}},"_links":{"self":[{"href":"https:\/\/masterchem.ee\/fi\/wp-json\/wp\/v2\/product\/13889","targetHints":{"allow":["GET"]}}],"collection":[{"href":"https:\/\/masterchem.ee\/fi\/wp-json\/wp\/v2\/product"}],"about":[{"href":"https:\/\/masterchem.ee\/fi\/wp-json\/wp\/v2\/types\/product"}],"wp:featuredmedia":[{"embeddable":true,"href":"https:\/\/masterchem.ee\/fi\/wp-json\/wp\/v2\/media\/13895"}],"wp:attachment":[{"href":"https:\/\/masterchem.ee\/fi\/wp-json\/wp\/v2\/media?parent=13889"}],"wp:term":[{"taxonomy":"product_brand","embeddable":true,"href":"https:\/\/masterchem.ee\/fi\/wp-json\/wp\/v2\/product_brand?post=13889"},{"taxonomy":"product_cat","embeddable":true,"href":"https:\/\/masterchem.ee\/fi\/wp-json\/wp\/v2\/product_cat?post=13889"},{"taxonomy":"product_tag","embeddable":true,"href":"https:\/\/masterchem.ee\/fi\/wp-json\/wp\/v2\/product_tag?post=13889"}],"curies":[{"name":"wp","href":"https:\/\/api.w.org\/{rel}","templated":true}]}}