{"id":13874,"date":"2021-08-23T17:48:21","date_gmt":"2021-08-23T17:48:23","guid":{"rendered":"https:\/\/masterchem.ee\/?post_type=product&#038;p=13874"},"modified":"2021-08-23T17:55:27","modified_gmt":"2021-08-23T17:55:27","slug":"oleiinihappo-cas-112-80-1","status":"publish","type":"product","link":"https:\/\/masterchem.ee\/fi\/tooted-ja-teenused\/oleiinihappo-cas-112-80-1\/","title":{"rendered":"Oleiinihappo (CAS 112-80-1)"},"content":{"rendered":"<p> <strong> Info<\/strong> <\/p>\n<p> Toimialat: kotitalouskemikaalit, kosmetiikkateollisuus <br \/>\nCAS-numero: 112-80-1 <br \/>\nKemiallinen kaava: C18H34O2 <br \/>\nMoolimassa: 282,46 g \/mol <br \/>\nTullitariffi: 38231200 <\/p>\n<p> <strong> Muut fyysiset ominaisuudet <\/strong> <\/p>\n<p> Kiehumispiste \/ kiehumisalue: ~ 250 \u00b0 C <br \/>\nSuhteellinen tiheys: 910 kg\/m3 (20 \u00b0 C) <\/p>\n","protected":false},"excerpt":{"rendered":"<p> <strong> Oleiinihappo (CAS 112-80-1) <\/strong> <\/p>\n<p>Oleiinihappo (latinan sanasta oleum, \u00f6ljy) on kertatyydyttym\u00e4t\u00f6n rasvahappo, joka on huoneenl\u00e4mm\u00f6ss\u00e4 (20 \u00b0C) olomuodoltaan v\u00e4rit\u00f6nt\u00e4 nestett\u00e4. Se hapettuu hitaasti ilman vaikutuksesta keltaiseksi tai keltaruskeaksi. Oleiinihappo ei liukene veteen, mutta se liukenee kaikissa suhteissa etanoliin, dietyylieetteriin, asetoniin, bentseeniin, trikloorimetaaniin sek\u00e4 tetrakloorimetaaniin.<\/p>\n<p>Oleiinihapon kemiallinen kaava on C18H34O2 eli C17H33COOH ja rakennekaava C8H17CH=CH(CH2)7COOH. Oleiinihapon trans-isomeeri on elaidiinihappo.<\/p>\n<p>Oleiinihaposta k\u00e4ytet\u00e4\u00e4n my\u00f6s nimi\u00e4 cis-9-oktadekeenihappo, 9-oktadekeenihappo, 9,10-oktadekeenihappo ja \u00f6ljyhappo.<\/p>\n<p>Oleiinihapon suolat ja esterit ovat oleaatteja.<\/p>\n","protected":false},"featured_media":13880,"template":"","meta":[],"product_brand":[],"product_cat":[180,294,117],"product_tag":[],"class_list":{"0":"post-13874","1":"product","2":"type-product","3":"status-publish","4":"has-post-thumbnail","6":"product_cat-uncategorized-fi-2","7":"product_cat-kosmetiikkateollisuus","8":"product_cat-kotitalouskemikaalit","10":"first","11":"instock","12":"taxable","13":"shipping-taxable","14":"purchasable","15":"product-type-variable","16":"has-default-attributes"},"yoast_head":"<!-- This site is optimized with the Yoast SEO plugin v26.2 - https:\/\/yoast.com\/wordpress\/plugins\/seo\/ -->\n<title>Oleiinihappo (CAS 112-80-1) - Chemistry For Industry - Solvents &amp; Chemicals - Masterchem.ee<\/title>\n<meta name=\"description\" content=\"Oleiinihappo (latinan sanasta oleum, \u00f6ljy) on kertatyydyttym\u00e4t\u00f6n rasvahappo, joka on huoneenl\u00e4mm\u00f6ss\u00e4 (20 \u00b0C) olomuodoltaan v\u00e4rit\u00f6nt\u00e4 nestett\u00e4.\" \/>\n<meta name=\"robots\" content=\"index, follow, max-snippet:-1, max-image-preview:large, max-video-preview:-1\" \/>\n<link rel=\"canonical\" href=\"https:\/\/masterchem.ee\/fi\/tooted-ja-teenused\/oleiinihappo-cas-112-80-1\/\" \/>\n<meta name=\"twitter:card\" content=\"summary_large_image\" \/>\n<meta name=\"twitter:title\" content=\"Oleiinihappo (CAS 112-80-1) - Chemistry For Industry - Solvents &amp; Chemicals - Masterchem.ee\" \/>\n<meta name=\"twitter:description\" content=\"Oleiinihappo (latinan sanasta oleum, \u00f6ljy) on kertatyydyttym\u00e4t\u00f6n rasvahappo, joka on huoneenl\u00e4mm\u00f6ss\u00e4 (20 \u00b0C) olomuodoltaan v\u00e4rit\u00f6nt\u00e4 nestett\u00e4.\" \/>\n<meta name=\"twitter:image\" content=\"https:\/\/masterchem.ee\/wp-content\/uploads\/2021\/08\/Oleiinhape-25kg-MasterChem.jpg\" \/>\n<script type=\"application\/ld+json\" class=\"yoast-schema-graph\">{\"@context\":\"https:\/\/schema.org\",\"@graph\":[{\"@type\":\"WebPage\",\"@id\":\"https:\/\/masterchem.ee\/fi\/tooted-ja-teenused\/oleiinihappo-cas-112-80-1\/\",\"url\":\"https:\/\/masterchem.ee\/fi\/tooted-ja-teenused\/oleiinihappo-cas-112-80-1\/\",\"name\":\"Oleiinihappo (CAS 112-80-1) - Chemistry For Industry - Solvents &amp; Chemicals - Masterchem.ee\",\"isPartOf\":{\"@id\":\"https:\/\/masterchem.ee\/fi\/#website\"},\"primaryImageOfPage\":{\"@id\":\"https:\/\/masterchem.ee\/fi\/tooted-ja-teenused\/oleiinihappo-cas-112-80-1\/#primaryimage\"},\"image\":{\"@id\":\"https:\/\/masterchem.ee\/fi\/tooted-ja-teenused\/oleiinihappo-cas-112-80-1\/#primaryimage\"},\"thumbnailUrl\":\"https:\/\/masterchem.ee\/wp-content\/uploads\/2021\/08\/Oleiinhape-25kg-MasterChem.jpg\",\"datePublished\":\"2021-08-23T17:48:23+00:00\",\"dateModified\":\"2021-08-23T17:55:27+00:00\",\"description\":\"Oleiinihappo (latinan sanasta oleum, \u00f6ljy) on kertatyydyttym\u00e4t\u00f6n rasvahappo, joka on huoneenl\u00e4mm\u00f6ss\u00e4 (20 \u00b0C) olomuodoltaan v\u00e4rit\u00f6nt\u00e4 nestett\u00e4.\",\"breadcrumb\":{\"@id\":\"https:\/\/masterchem.ee\/fi\/tooted-ja-teenused\/oleiinihappo-cas-112-80-1\/#breadcrumb\"},\"inLanguage\":\"fi\",\"potentialAction\":[{\"@type\":\"ReadAction\",\"target\":[\"https:\/\/masterchem.ee\/fi\/tooted-ja-teenused\/oleiinihappo-cas-112-80-1\/\"]}]},{\"@type\":\"ImageObject\",\"inLanguage\":\"fi\",\"@id\":\"https:\/\/masterchem.ee\/fi\/tooted-ja-teenused\/oleiinihappo-cas-112-80-1\/#primaryimage\",\"url\":\"https:\/\/masterchem.ee\/wp-content\/uploads\/2021\/08\/Oleiinhape-25kg-MasterChem.jpg\",\"contentUrl\":\"https:\/\/masterchem.ee\/wp-content\/uploads\/2021\/08\/Oleiinhape-25kg-MasterChem.jpg\",\"width\":1000,\"height\":1000,\"caption\":\"Oleiinihappo (CAS 112-80-1) 25kg MasterChem\"},{\"@type\":\"BreadcrumbList\",\"@id\":\"https:\/\/masterchem.ee\/fi\/tooted-ja-teenused\/oleiinihappo-cas-112-80-1\/#breadcrumb\",\"itemListElement\":[{\"@type\":\"ListItem\",\"position\":1,\"name\":\"Home\",\"item\":\"https:\/\/masterchem.ee\/fi\/\"},{\"@type\":\"ListItem\",\"position\":2,\"name\":\"Tooted ja teenused\",\"item\":\"https:\/\/masterchem.ee\/tooted-ja-teenused\/\"},{\"@type\":\"ListItem\",\"position\":3,\"name\":\"Oleiinihappo (CAS 112-80-1)\"}]},{\"@type\":\"WebSite\",\"@id\":\"https:\/\/masterchem.ee\/fi\/#website\",\"url\":\"https:\/\/masterchem.ee\/fi\/\",\"name\":\"Masterchem.ee\",\"description\":\"Chemistry For Industry - Solvents &amp; Chemicals\",\"publisher\":{\"@id\":\"https:\/\/masterchem.ee\/fi\/#organization\"},\"potentialAction\":[{\"@type\":\"SearchAction\",\"target\":{\"@type\":\"EntryPoint\",\"urlTemplate\":\"https:\/\/masterchem.ee\/fi\/?s={search_term_string}\"},\"query-input\":{\"@type\":\"PropertyValueSpecification\",\"valueRequired\":true,\"valueName\":\"search_term_string\"}}],\"inLanguage\":\"fi\"},{\"@type\":\"Organization\",\"@id\":\"https:\/\/masterchem.ee\/fi\/#organization\",\"name\":\"Masterchem\",\"url\":\"https:\/\/masterchem.ee\/fi\/\",\"logo\":{\"@type\":\"ImageObject\",\"inLanguage\":\"fi\",\"@id\":\"https:\/\/masterchem.ee\/fi\/#\/schema\/logo\/image\/\",\"url\":\"https:\/\/masterchem.ee\/wp-content\/uploads\/2018\/02\/master-chem_final-1.png\",\"contentUrl\":\"https:\/\/masterchem.ee\/wp-content\/uploads\/2018\/02\/master-chem_final-1.png\",\"width\":850,\"height\":356,\"caption\":\"Masterchem\"},\"image\":{\"@id\":\"https:\/\/masterchem.ee\/fi\/#\/schema\/logo\/image\/\"}}]}<\/script>\n<!-- \/ Yoast SEO plugin. -->","yoast_head_json":{"title":"Oleiinihappo (CAS 112-80-1) - Chemistry For Industry - Solvents &amp; Chemicals - Masterchem.ee","description":"Oleiinihappo (latinan sanasta oleum, \u00f6ljy) on kertatyydyttym\u00e4t\u00f6n rasvahappo, joka on huoneenl\u00e4mm\u00f6ss\u00e4 (20 \u00b0C) olomuodoltaan v\u00e4rit\u00f6nt\u00e4 nestett\u00e4.","robots":{"index":"index","follow":"follow","max-snippet":"max-snippet:-1","max-image-preview":"max-image-preview:large","max-video-preview":"max-video-preview:-1"},"canonical":"https:\/\/masterchem.ee\/fi\/tooted-ja-teenused\/oleiinihappo-cas-112-80-1\/","twitter_card":"summary_large_image","twitter_title":"Oleiinihappo (CAS 112-80-1) - Chemistry For Industry - Solvents &amp; Chemicals - Masterchem.ee","twitter_description":"Oleiinihappo (latinan sanasta oleum, \u00f6ljy) on kertatyydyttym\u00e4t\u00f6n rasvahappo, joka on huoneenl\u00e4mm\u00f6ss\u00e4 (20 \u00b0C) olomuodoltaan v\u00e4rit\u00f6nt\u00e4 nestett\u00e4.","twitter_image":"https:\/\/masterchem.ee\/wp-content\/uploads\/2021\/08\/Oleiinhape-25kg-MasterChem.jpg","schema":{"@context":"https:\/\/schema.org","@graph":[{"@type":"WebPage","@id":"https:\/\/masterchem.ee\/fi\/tooted-ja-teenused\/oleiinihappo-cas-112-80-1\/","url":"https:\/\/masterchem.ee\/fi\/tooted-ja-teenused\/oleiinihappo-cas-112-80-1\/","name":"Oleiinihappo (CAS 112-80-1) - Chemistry For Industry - Solvents &amp; Chemicals - Masterchem.ee","isPartOf":{"@id":"https:\/\/masterchem.ee\/fi\/#website"},"primaryImageOfPage":{"@id":"https:\/\/masterchem.ee\/fi\/tooted-ja-teenused\/oleiinihappo-cas-112-80-1\/#primaryimage"},"image":{"@id":"https:\/\/masterchem.ee\/fi\/tooted-ja-teenused\/oleiinihappo-cas-112-80-1\/#primaryimage"},"thumbnailUrl":"https:\/\/masterchem.ee\/wp-content\/uploads\/2021\/08\/Oleiinhape-25kg-MasterChem.jpg","datePublished":"2021-08-23T17:48:23+00:00","dateModified":"2021-08-23T17:55:27+00:00","description":"Oleiinihappo (latinan sanasta oleum, \u00f6ljy) on kertatyydyttym\u00e4t\u00f6n rasvahappo, joka on huoneenl\u00e4mm\u00f6ss\u00e4 (20 \u00b0C) olomuodoltaan v\u00e4rit\u00f6nt\u00e4 nestett\u00e4.","breadcrumb":{"@id":"https:\/\/masterchem.ee\/fi\/tooted-ja-teenused\/oleiinihappo-cas-112-80-1\/#breadcrumb"},"inLanguage":"fi","potentialAction":[{"@type":"ReadAction","target":["https:\/\/masterchem.ee\/fi\/tooted-ja-teenused\/oleiinihappo-cas-112-80-1\/"]}]},{"@type":"ImageObject","inLanguage":"fi","@id":"https:\/\/masterchem.ee\/fi\/tooted-ja-teenused\/oleiinihappo-cas-112-80-1\/#primaryimage","url":"https:\/\/masterchem.ee\/wp-content\/uploads\/2021\/08\/Oleiinhape-25kg-MasterChem.jpg","contentUrl":"https:\/\/masterchem.ee\/wp-content\/uploads\/2021\/08\/Oleiinhape-25kg-MasterChem.jpg","width":1000,"height":1000,"caption":"Oleiinihappo (CAS 112-80-1) 25kg MasterChem"},{"@type":"BreadcrumbList","@id":"https:\/\/masterchem.ee\/fi\/tooted-ja-teenused\/oleiinihappo-cas-112-80-1\/#breadcrumb","itemListElement":[{"@type":"ListItem","position":1,"name":"Home","item":"https:\/\/masterchem.ee\/fi\/"},{"@type":"ListItem","position":2,"name":"Tooted ja teenused","item":"https:\/\/masterchem.ee\/tooted-ja-teenused\/"},{"@type":"ListItem","position":3,"name":"Oleiinihappo (CAS 112-80-1)"}]},{"@type":"WebSite","@id":"https:\/\/masterchem.ee\/fi\/#website","url":"https:\/\/masterchem.ee\/fi\/","name":"Masterchem.ee","description":"Chemistry For Industry - Solvents &amp; Chemicals","publisher":{"@id":"https:\/\/masterchem.ee\/fi\/#organization"},"potentialAction":[{"@type":"SearchAction","target":{"@type":"EntryPoint","urlTemplate":"https:\/\/masterchem.ee\/fi\/?s={search_term_string}"},"query-input":{"@type":"PropertyValueSpecification","valueRequired":true,"valueName":"search_term_string"}}],"inLanguage":"fi"},{"@type":"Organization","@id":"https:\/\/masterchem.ee\/fi\/#organization","name":"Masterchem","url":"https:\/\/masterchem.ee\/fi\/","logo":{"@type":"ImageObject","inLanguage":"fi","@id":"https:\/\/masterchem.ee\/fi\/#\/schema\/logo\/image\/","url":"https:\/\/masterchem.ee\/wp-content\/uploads\/2018\/02\/master-chem_final-1.png","contentUrl":"https:\/\/masterchem.ee\/wp-content\/uploads\/2018\/02\/master-chem_final-1.png","width":850,"height":356,"caption":"Masterchem"},"image":{"@id":"https:\/\/masterchem.ee\/fi\/#\/schema\/logo\/image\/"}}]}},"_links":{"self":[{"href":"https:\/\/masterchem.ee\/fi\/wp-json\/wp\/v2\/product\/13874","targetHints":{"allow":["GET"]}}],"collection":[{"href":"https:\/\/masterchem.ee\/fi\/wp-json\/wp\/v2\/product"}],"about":[{"href":"https:\/\/masterchem.ee\/fi\/wp-json\/wp\/v2\/types\/product"}],"wp:featuredmedia":[{"embeddable":true,"href":"https:\/\/masterchem.ee\/fi\/wp-json\/wp\/v2\/media\/13880"}],"wp:attachment":[{"href":"https:\/\/masterchem.ee\/fi\/wp-json\/wp\/v2\/media?parent=13874"}],"wp:term":[{"taxonomy":"product_brand","embeddable":true,"href":"https:\/\/masterchem.ee\/fi\/wp-json\/wp\/v2\/product_brand?post=13874"},{"taxonomy":"product_cat","embeddable":true,"href":"https:\/\/masterchem.ee\/fi\/wp-json\/wp\/v2\/product_cat?post=13874"},{"taxonomy":"product_tag","embeddable":true,"href":"https:\/\/masterchem.ee\/fi\/wp-json\/wp\/v2\/product_tag?post=13874"}],"curies":[{"name":"wp","href":"https:\/\/api.w.org\/{rel}","templated":true}]}}