{"id":13795,"date":"2021-08-23T17:30:53","date_gmt":"2021-08-23T17:30:59","guid":{"rendered":"https:\/\/masterchem.ee\/?post_type=product&#038;p=13795"},"modified":"2021-08-23T17:40:47","modified_gmt":"2021-08-23T17:40:47","slug":"butyyliglykoliasetaatti-cas-112-07-2","status":"publish","type":"product","link":"https:\/\/masterchem.ee\/fi\/tooted-ja-teenused\/butyyliglykoliasetaatti-cas-112-07-2\/","title":{"rendered":"Butyyliglykoliasetaatti (CAS 112-07-2)"},"content":{"rendered":"<p> <strong> Info<\/strong> <\/p>\n<p> Toimialat: maalit ja lakat, kotitalouskemikaalit, liimat, \u00f6ljyt, rasvat, hartsit, muovit, polyuretaanit <br \/>\nCAS-numero: 112-07-2 <br \/>\nWE-numero: 203-933-3 <br \/>\nIndeksinumero: 607-038-00-2 <br \/>\nKemiallinen kaava: C8H16O3 <br \/>\nMoolimassa: 160,2 g \/mol <br \/>\nTullitariffi: 29153900 <\/p>\n<p> <strong> Muut fyysiset ominaisuudet <\/strong> <\/p>\n<p> Sulamis- \/ j\u00e4\u00e4tymispiste: -63,5 \u00b0 C <br \/>\nKiehumispiste \/ kiehumisalue: 184-195 \u00b0 C <br \/>\nSuhteellinen tiheys: 0,935 &#8211; 0,942 g \/cm3 (20 \u00b0 C) <br \/>\nLiukoisuus veteen: 15 g\/l (20 \u00b0 C) <\/p>\n","protected":false},"excerpt":{"rendered":"<p> <strong>Butyyliglykoliasetaatti (CAS 112-07-2)<\/strong> <\/p>\n<p> Butyyliglykoliasetaattiasetaattia k\u00e4ytet\u00e4\u00e4n eri teollisuudenaloilla nitroselluloosan ja moniv\u00e4risten lakkojen, lakkojen, emalien ja epoksihartsin liuottimena. Se on k\u00e4ytt\u00f6kelpoinen liuottimena korkean kiehumispisteen vuoksi. Sit\u00e4 k\u00e4ytet\u00e4\u00e4n my\u00f6s polyvinyyliasetaattilateksin valmistuksessa. Se on muste- ja tahranpoistoaineiden ainesosa. <\/p>\n","protected":false},"featured_media":13868,"template":"","meta":[],"product_brand":[],"product_cat":[180,117,120,258],"product_tag":[],"class_list":{"0":"post-13795","1":"product","2":"type-product","3":"status-publish","4":"has-post-thumbnail","6":"product_cat-uncategorized-fi-2","7":"product_cat-kotitalouskemikaalit","8":"product_cat-laaketeollisuus","9":"product_cat-muovi-fi","10":"pif-has-gallery","12":"first","13":"instock","14":"taxable","15":"shipping-taxable","16":"purchasable","17":"product-type-variable","18":"has-default-attributes"},"yoast_head":"<!-- This site is optimized with the Yoast SEO plugin v26.2 - https:\/\/yoast.com\/wordpress\/plugins\/seo\/ -->\n<title>Butyyliglykoliasetaatti (CAS 112-07-2) - Chemistry For Industry - Solvents &amp; Chemicals - Masterchem.ee<\/title>\n<meta name=\"description\" content=\"Butyyliglykoliasetaattiasetaattia k\u00e4ytet\u00e4\u00e4n eri teollisuudenaloilla nitroselluloosan ja moniv\u00e4risten lakkojen, lakkojen, emalien ja epoksihartsin liuottimena.\" \/>\n<meta name=\"robots\" content=\"index, follow, max-snippet:-1, max-image-preview:large, max-video-preview:-1\" \/>\n<link rel=\"canonical\" href=\"https:\/\/masterchem.ee\/fi\/tooted-ja-teenused\/butyyliglykoliasetaatti-cas-112-07-2\/\" \/>\n<meta name=\"twitter:card\" content=\"summary_large_image\" \/>\n<meta name=\"twitter:title\" content=\"Butyyliglykoliasetaatti (CAS 112-07-2) - Chemistry For Industry - Solvents &amp; Chemicals - Masterchem.ee\" \/>\n<meta name=\"twitter:description\" content=\"Butyyliglykoliasetaattiasetaattia k\u00e4ytet\u00e4\u00e4n eri teollisuudenaloilla nitroselluloosan ja moniv\u00e4risten lakkojen, lakkojen, emalien ja epoksihartsin liuottimena.\" \/>\n<meta name=\"twitter:image\" content=\"https:\/\/masterchem.ee\/wp-content\/uploads\/2021\/08\/Butuulglukoolatsetaat-1000l-MaterChem.jpg\" \/>\n<script type=\"application\/ld+json\" class=\"yoast-schema-graph\">{\"@context\":\"https:\/\/schema.org\",\"@graph\":[{\"@type\":\"WebPage\",\"@id\":\"https:\/\/masterchem.ee\/fi\/tooted-ja-teenused\/butyyliglykoliasetaatti-cas-112-07-2\/\",\"url\":\"https:\/\/masterchem.ee\/fi\/tooted-ja-teenused\/butyyliglykoliasetaatti-cas-112-07-2\/\",\"name\":\"Butyyliglykoliasetaatti (CAS 112-07-2) - Chemistry For Industry - Solvents &amp; Chemicals - Masterchem.ee\",\"isPartOf\":{\"@id\":\"https:\/\/masterchem.ee\/fi\/#website\"},\"primaryImageOfPage\":{\"@id\":\"https:\/\/masterchem.ee\/fi\/tooted-ja-teenused\/butyyliglykoliasetaatti-cas-112-07-2\/#primaryimage\"},\"image\":{\"@id\":\"https:\/\/masterchem.ee\/fi\/tooted-ja-teenused\/butyyliglykoliasetaatti-cas-112-07-2\/#primaryimage\"},\"thumbnailUrl\":\"https:\/\/masterchem.ee\/wp-content\/uploads\/2021\/08\/Butuulglukoolatsetaat-1000l-MaterChem.jpg\",\"datePublished\":\"2021-08-23T17:30:59+00:00\",\"dateModified\":\"2021-08-23T17:40:47+00:00\",\"description\":\"Butyyliglykoliasetaattiasetaattia k\u00e4ytet\u00e4\u00e4n eri teollisuudenaloilla nitroselluloosan ja moniv\u00e4risten lakkojen, lakkojen, emalien ja epoksihartsin liuottimena.\",\"breadcrumb\":{\"@id\":\"https:\/\/masterchem.ee\/fi\/tooted-ja-teenused\/butyyliglykoliasetaatti-cas-112-07-2\/#breadcrumb\"},\"inLanguage\":\"fi\",\"potentialAction\":[{\"@type\":\"ReadAction\",\"target\":[\"https:\/\/masterchem.ee\/fi\/tooted-ja-teenused\/butyyliglykoliasetaatti-cas-112-07-2\/\"]}]},{\"@type\":\"ImageObject\",\"inLanguage\":\"fi\",\"@id\":\"https:\/\/masterchem.ee\/fi\/tooted-ja-teenused\/butyyliglykoliasetaatti-cas-112-07-2\/#primaryimage\",\"url\":\"https:\/\/masterchem.ee\/wp-content\/uploads\/2021\/08\/Butuulglukoolatsetaat-1000l-MaterChem.jpg\",\"contentUrl\":\"https:\/\/masterchem.ee\/wp-content\/uploads\/2021\/08\/Butuulglukoolatsetaat-1000l-MaterChem.jpg\",\"width\":1000,\"height\":1000,\"caption\":\"Butyyliglykoliasetaatti (CAS 112-07-2) 1000l MaterChem\"},{\"@type\":\"BreadcrumbList\",\"@id\":\"https:\/\/masterchem.ee\/fi\/tooted-ja-teenused\/butyyliglykoliasetaatti-cas-112-07-2\/#breadcrumb\",\"itemListElement\":[{\"@type\":\"ListItem\",\"position\":1,\"name\":\"Home\",\"item\":\"https:\/\/masterchem.ee\/fi\/\"},{\"@type\":\"ListItem\",\"position\":2,\"name\":\"Tooted ja teenused\",\"item\":\"https:\/\/masterchem.ee\/tooted-ja-teenused\/\"},{\"@type\":\"ListItem\",\"position\":3,\"name\":\"Butyyliglykoliasetaatti (CAS 112-07-2)\"}]},{\"@type\":\"WebSite\",\"@id\":\"https:\/\/masterchem.ee\/fi\/#website\",\"url\":\"https:\/\/masterchem.ee\/fi\/\",\"name\":\"Masterchem.ee\",\"description\":\"Chemistry For Industry - Solvents &amp; Chemicals\",\"publisher\":{\"@id\":\"https:\/\/masterchem.ee\/fi\/#organization\"},\"potentialAction\":[{\"@type\":\"SearchAction\",\"target\":{\"@type\":\"EntryPoint\",\"urlTemplate\":\"https:\/\/masterchem.ee\/fi\/?s={search_term_string}\"},\"query-input\":{\"@type\":\"PropertyValueSpecification\",\"valueRequired\":true,\"valueName\":\"search_term_string\"}}],\"inLanguage\":\"fi\"},{\"@type\":\"Organization\",\"@id\":\"https:\/\/masterchem.ee\/fi\/#organization\",\"name\":\"Masterchem\",\"url\":\"https:\/\/masterchem.ee\/fi\/\",\"logo\":{\"@type\":\"ImageObject\",\"inLanguage\":\"fi\",\"@id\":\"https:\/\/masterchem.ee\/fi\/#\/schema\/logo\/image\/\",\"url\":\"https:\/\/masterchem.ee\/wp-content\/uploads\/2018\/02\/master-chem_final-1.png\",\"contentUrl\":\"https:\/\/masterchem.ee\/wp-content\/uploads\/2018\/02\/master-chem_final-1.png\",\"width\":850,\"height\":356,\"caption\":\"Masterchem\"},\"image\":{\"@id\":\"https:\/\/masterchem.ee\/fi\/#\/schema\/logo\/image\/\"}}]}<\/script>\n<!-- \/ Yoast SEO plugin. -->","yoast_head_json":{"title":"Butyyliglykoliasetaatti (CAS 112-07-2) - Chemistry For Industry - Solvents &amp; Chemicals - Masterchem.ee","description":"Butyyliglykoliasetaattiasetaattia k\u00e4ytet\u00e4\u00e4n eri teollisuudenaloilla nitroselluloosan ja moniv\u00e4risten lakkojen, lakkojen, emalien ja epoksihartsin liuottimena.","robots":{"index":"index","follow":"follow","max-snippet":"max-snippet:-1","max-image-preview":"max-image-preview:large","max-video-preview":"max-video-preview:-1"},"canonical":"https:\/\/masterchem.ee\/fi\/tooted-ja-teenused\/butyyliglykoliasetaatti-cas-112-07-2\/","twitter_card":"summary_large_image","twitter_title":"Butyyliglykoliasetaatti (CAS 112-07-2) - Chemistry For Industry - Solvents &amp; Chemicals - Masterchem.ee","twitter_description":"Butyyliglykoliasetaattiasetaattia k\u00e4ytet\u00e4\u00e4n eri teollisuudenaloilla nitroselluloosan ja moniv\u00e4risten lakkojen, lakkojen, emalien ja epoksihartsin liuottimena.","twitter_image":"https:\/\/masterchem.ee\/wp-content\/uploads\/2021\/08\/Butuulglukoolatsetaat-1000l-MaterChem.jpg","schema":{"@context":"https:\/\/schema.org","@graph":[{"@type":"WebPage","@id":"https:\/\/masterchem.ee\/fi\/tooted-ja-teenused\/butyyliglykoliasetaatti-cas-112-07-2\/","url":"https:\/\/masterchem.ee\/fi\/tooted-ja-teenused\/butyyliglykoliasetaatti-cas-112-07-2\/","name":"Butyyliglykoliasetaatti (CAS 112-07-2) - Chemistry For Industry - Solvents &amp; Chemicals - Masterchem.ee","isPartOf":{"@id":"https:\/\/masterchem.ee\/fi\/#website"},"primaryImageOfPage":{"@id":"https:\/\/masterchem.ee\/fi\/tooted-ja-teenused\/butyyliglykoliasetaatti-cas-112-07-2\/#primaryimage"},"image":{"@id":"https:\/\/masterchem.ee\/fi\/tooted-ja-teenused\/butyyliglykoliasetaatti-cas-112-07-2\/#primaryimage"},"thumbnailUrl":"https:\/\/masterchem.ee\/wp-content\/uploads\/2021\/08\/Butuulglukoolatsetaat-1000l-MaterChem.jpg","datePublished":"2021-08-23T17:30:59+00:00","dateModified":"2021-08-23T17:40:47+00:00","description":"Butyyliglykoliasetaattiasetaattia k\u00e4ytet\u00e4\u00e4n eri teollisuudenaloilla nitroselluloosan ja moniv\u00e4risten lakkojen, lakkojen, emalien ja epoksihartsin liuottimena.","breadcrumb":{"@id":"https:\/\/masterchem.ee\/fi\/tooted-ja-teenused\/butyyliglykoliasetaatti-cas-112-07-2\/#breadcrumb"},"inLanguage":"fi","potentialAction":[{"@type":"ReadAction","target":["https:\/\/masterchem.ee\/fi\/tooted-ja-teenused\/butyyliglykoliasetaatti-cas-112-07-2\/"]}]},{"@type":"ImageObject","inLanguage":"fi","@id":"https:\/\/masterchem.ee\/fi\/tooted-ja-teenused\/butyyliglykoliasetaatti-cas-112-07-2\/#primaryimage","url":"https:\/\/masterchem.ee\/wp-content\/uploads\/2021\/08\/Butuulglukoolatsetaat-1000l-MaterChem.jpg","contentUrl":"https:\/\/masterchem.ee\/wp-content\/uploads\/2021\/08\/Butuulglukoolatsetaat-1000l-MaterChem.jpg","width":1000,"height":1000,"caption":"Butyyliglykoliasetaatti (CAS 112-07-2) 1000l MaterChem"},{"@type":"BreadcrumbList","@id":"https:\/\/masterchem.ee\/fi\/tooted-ja-teenused\/butyyliglykoliasetaatti-cas-112-07-2\/#breadcrumb","itemListElement":[{"@type":"ListItem","position":1,"name":"Home","item":"https:\/\/masterchem.ee\/fi\/"},{"@type":"ListItem","position":2,"name":"Tooted ja teenused","item":"https:\/\/masterchem.ee\/tooted-ja-teenused\/"},{"@type":"ListItem","position":3,"name":"Butyyliglykoliasetaatti (CAS 112-07-2)"}]},{"@type":"WebSite","@id":"https:\/\/masterchem.ee\/fi\/#website","url":"https:\/\/masterchem.ee\/fi\/","name":"Masterchem.ee","description":"Chemistry For Industry - Solvents &amp; Chemicals","publisher":{"@id":"https:\/\/masterchem.ee\/fi\/#organization"},"potentialAction":[{"@type":"SearchAction","target":{"@type":"EntryPoint","urlTemplate":"https:\/\/masterchem.ee\/fi\/?s={search_term_string}"},"query-input":{"@type":"PropertyValueSpecification","valueRequired":true,"valueName":"search_term_string"}}],"inLanguage":"fi"},{"@type":"Organization","@id":"https:\/\/masterchem.ee\/fi\/#organization","name":"Masterchem","url":"https:\/\/masterchem.ee\/fi\/","logo":{"@type":"ImageObject","inLanguage":"fi","@id":"https:\/\/masterchem.ee\/fi\/#\/schema\/logo\/image\/","url":"https:\/\/masterchem.ee\/wp-content\/uploads\/2018\/02\/master-chem_final-1.png","contentUrl":"https:\/\/masterchem.ee\/wp-content\/uploads\/2018\/02\/master-chem_final-1.png","width":850,"height":356,"caption":"Masterchem"},"image":{"@id":"https:\/\/masterchem.ee\/fi\/#\/schema\/logo\/image\/"}}]}},"_links":{"self":[{"href":"https:\/\/masterchem.ee\/fi\/wp-json\/wp\/v2\/product\/13795","targetHints":{"allow":["GET"]}}],"collection":[{"href":"https:\/\/masterchem.ee\/fi\/wp-json\/wp\/v2\/product"}],"about":[{"href":"https:\/\/masterchem.ee\/fi\/wp-json\/wp\/v2\/types\/product"}],"wp:featuredmedia":[{"embeddable":true,"href":"https:\/\/masterchem.ee\/fi\/wp-json\/wp\/v2\/media\/13868"}],"wp:attachment":[{"href":"https:\/\/masterchem.ee\/fi\/wp-json\/wp\/v2\/media?parent=13795"}],"wp:term":[{"taxonomy":"product_brand","embeddable":true,"href":"https:\/\/masterchem.ee\/fi\/wp-json\/wp\/v2\/product_brand?post=13795"},{"taxonomy":"product_cat","embeddable":true,"href":"https:\/\/masterchem.ee\/fi\/wp-json\/wp\/v2\/product_cat?post=13795"},{"taxonomy":"product_tag","embeddable":true,"href":"https:\/\/masterchem.ee\/fi\/wp-json\/wp\/v2\/product_tag?post=13795"}],"curies":[{"name":"wp","href":"https:\/\/api.w.org\/{rel}","templated":true}]}}