{"id":13766,"date":"2021-08-23T15:03:46","date_gmt":"2021-08-23T15:03:49","guid":{"rendered":"https:\/\/masterchem.ee\/?post_type=product&#038;p=13766"},"modified":"2021-08-23T15:21:15","modified_gmt":"2021-08-23T15:21:15","slug":"natriumpermanganaatti-cas-7722-64-7","status":"publish","type":"product","link":"https:\/\/masterchem.ee\/fi\/tooted-ja-teenused\/natriumpermanganaatti-cas-7722-64-7\/","title":{"rendered":"Natriumpermanganaatti (CAS 7722-64-7)"},"content":{"rendered":"<p> <strong> Info<\/strong> <\/p>\n<p> Toimialat: maalit ja lakat, kotitalouskemikaalit, l\u00e4\u00e4keteollisuus <br \/>\nCAS-numero: 7722-64-7 <br \/>\nWE-numero: 231-760-3 <br \/>\nIndeksinumero: 025-002-00-9 <br \/>\nKemiallinen kaava: KMnO4 <br \/>\nMoolimassa: 158,04 g \/mol <br \/>\nTullitariffi: 28416100 <br \/>\nADR: UN1490 <\/p>\n<p> <strong> Muut fyysiset ominaisuudet <\/strong> <\/p>\n<p> pH: 7-9 (20 g \/l H2O, 20 \u00b0 C) <br \/>\nSulamis- \/ j\u00e4\u00e4tymispiste: 240 \u00b0 C <br \/>\nSuhteellinen tiheys: 2700 g \/cm3 <br \/>\nLiukoisuus veteen: 6,4 g\/100 ml (20 \u00b0 C) <\/p>\n","protected":false},"excerpt":{"rendered":"<p> <strong> Natriumpermanganaatti (CAS 7722-64-7) <\/strong> <\/p>\n<p> Kaliumpermanganaatti n\u00e4kyy purppuran v\u00e4risen\u00e4 kiteisen\u00e4 kiinte\u00e4n\u00e4 aineena. Palamaton, mutta nopeuttaa palavien materiaalien palamista. Jos palava aine on hienojakoista, seos voi olla r\u00e4j\u00e4ht\u00e4v\u00e4. Kosketus nestem\u00e4isten palavien materiaalien kanssa voi aiheuttaa itsesyttymisen. Kosketus rikkihapon kanssa voi aiheuttaa tulipalon tai r\u00e4j\u00e4hdyksen. K\u00e4ytet\u00e4\u00e4n muiden kemikaalien valmistukseen ja desinfiointiaineena. <\/p>\n","protected":false},"featured_media":13772,"template":"","meta":[],"product_brand":[],"product_cat":[180,117,120],"product_tag":[],"class_list":{"0":"post-13766","1":"product","2":"type-product","3":"status-publish","4":"has-post-thumbnail","6":"product_cat-uncategorized-fi-2","7":"product_cat-kotitalouskemikaalit","8":"product_cat-laaketeollisuus","10":"first","11":"instock","12":"taxable","13":"shipping-taxable","14":"purchasable","15":"product-type-variable","16":"has-default-attributes"},"yoast_head":"<!-- This site is optimized with the Yoast SEO plugin v26.2 - https:\/\/yoast.com\/wordpress\/plugins\/seo\/ -->\n<title>Natriumpermanganaatti (CAS 7722-64-7) - Chemistry For Industry - Solvents &amp; Chemicals - Masterchem.ee<\/title>\n<meta name=\"description\" content=\"Kaliumpermanganaatti n\u00e4kyy purppuran v\u00e4risen\u00e4 kiteisen\u00e4 kiinte\u00e4n\u00e4 aineena. Palamaton, mutta nopeuttaa palavien materiaalien palamista.\" \/>\n<meta name=\"robots\" content=\"index, follow, max-snippet:-1, max-image-preview:large, max-video-preview:-1\" \/>\n<link rel=\"canonical\" href=\"https:\/\/masterchem.ee\/fi\/tooted-ja-teenused\/natriumpermanganaatti-cas-7722-64-7\/\" \/>\n<meta name=\"twitter:card\" content=\"summary_large_image\" \/>\n<meta name=\"twitter:title\" content=\"Natriumpermanganaatti (CAS 7722-64-7) - Chemistry For Industry - Solvents &amp; Chemicals - Masterchem.ee\" \/>\n<meta name=\"twitter:description\" content=\"Kaliumpermanganaatti n\u00e4kyy purppuran v\u00e4risen\u00e4 kiteisen\u00e4 kiinte\u00e4n\u00e4 aineena. Palamaton, mutta nopeuttaa palavien materiaalien palamista.\" \/>\n<meta name=\"twitter:image\" content=\"https:\/\/masterchem.ee\/wp-content\/uploads\/2021\/08\/Naatriumpermanganaat-25kg-MasterChem.jpg\" \/>\n<script type=\"application\/ld+json\" class=\"yoast-schema-graph\">{\"@context\":\"https:\/\/schema.org\",\"@graph\":[{\"@type\":\"WebPage\",\"@id\":\"https:\/\/masterchem.ee\/fi\/tooted-ja-teenused\/natriumpermanganaatti-cas-7722-64-7\/\",\"url\":\"https:\/\/masterchem.ee\/fi\/tooted-ja-teenused\/natriumpermanganaatti-cas-7722-64-7\/\",\"name\":\"Natriumpermanganaatti (CAS 7722-64-7) - Chemistry For Industry - Solvents &amp; Chemicals - Masterchem.ee\",\"isPartOf\":{\"@id\":\"https:\/\/masterchem.ee\/fi\/#website\"},\"primaryImageOfPage\":{\"@id\":\"https:\/\/masterchem.ee\/fi\/tooted-ja-teenused\/natriumpermanganaatti-cas-7722-64-7\/#primaryimage\"},\"image\":{\"@id\":\"https:\/\/masterchem.ee\/fi\/tooted-ja-teenused\/natriumpermanganaatti-cas-7722-64-7\/#primaryimage\"},\"thumbnailUrl\":\"https:\/\/masterchem.ee\/wp-content\/uploads\/2021\/08\/Naatriumpermanganaat-25kg-MasterChem.jpg\",\"datePublished\":\"2021-08-23T15:03:49+00:00\",\"dateModified\":\"2021-08-23T15:21:15+00:00\",\"description\":\"Kaliumpermanganaatti n\u00e4kyy purppuran v\u00e4risen\u00e4 kiteisen\u00e4 kiinte\u00e4n\u00e4 aineena. Palamaton, mutta nopeuttaa palavien materiaalien palamista.\",\"breadcrumb\":{\"@id\":\"https:\/\/masterchem.ee\/fi\/tooted-ja-teenused\/natriumpermanganaatti-cas-7722-64-7\/#breadcrumb\"},\"inLanguage\":\"fi\",\"potentialAction\":[{\"@type\":\"ReadAction\",\"target\":[\"https:\/\/masterchem.ee\/fi\/tooted-ja-teenused\/natriumpermanganaatti-cas-7722-64-7\/\"]}]},{\"@type\":\"ImageObject\",\"inLanguage\":\"fi\",\"@id\":\"https:\/\/masterchem.ee\/fi\/tooted-ja-teenused\/natriumpermanganaatti-cas-7722-64-7\/#primaryimage\",\"url\":\"https:\/\/masterchem.ee\/wp-content\/uploads\/2021\/08\/Naatriumpermanganaat-25kg-MasterChem.jpg\",\"contentUrl\":\"https:\/\/masterchem.ee\/wp-content\/uploads\/2021\/08\/Naatriumpermanganaat-25kg-MasterChem.jpg\",\"width\":1000,\"height\":1000,\"caption\":\"Natriumpermanganaatti (CAS 7722-64-7) 25kg MasterChem\"},{\"@type\":\"BreadcrumbList\",\"@id\":\"https:\/\/masterchem.ee\/fi\/tooted-ja-teenused\/natriumpermanganaatti-cas-7722-64-7\/#breadcrumb\",\"itemListElement\":[{\"@type\":\"ListItem\",\"position\":1,\"name\":\"Home\",\"item\":\"https:\/\/masterchem.ee\/fi\/\"},{\"@type\":\"ListItem\",\"position\":2,\"name\":\"Tooted ja teenused\",\"item\":\"https:\/\/masterchem.ee\/tooted-ja-teenused\/\"},{\"@type\":\"ListItem\",\"position\":3,\"name\":\"Natriumpermanganaatti (CAS 7722-64-7)\"}]},{\"@type\":\"WebSite\",\"@id\":\"https:\/\/masterchem.ee\/fi\/#website\",\"url\":\"https:\/\/masterchem.ee\/fi\/\",\"name\":\"Masterchem.ee\",\"description\":\"Chemistry For Industry - Solvents &amp; Chemicals\",\"publisher\":{\"@id\":\"https:\/\/masterchem.ee\/fi\/#organization\"},\"potentialAction\":[{\"@type\":\"SearchAction\",\"target\":{\"@type\":\"EntryPoint\",\"urlTemplate\":\"https:\/\/masterchem.ee\/fi\/?s={search_term_string}\"},\"query-input\":{\"@type\":\"PropertyValueSpecification\",\"valueRequired\":true,\"valueName\":\"search_term_string\"}}],\"inLanguage\":\"fi\"},{\"@type\":\"Organization\",\"@id\":\"https:\/\/masterchem.ee\/fi\/#organization\",\"name\":\"Masterchem\",\"url\":\"https:\/\/masterchem.ee\/fi\/\",\"logo\":{\"@type\":\"ImageObject\",\"inLanguage\":\"fi\",\"@id\":\"https:\/\/masterchem.ee\/fi\/#\/schema\/logo\/image\/\",\"url\":\"https:\/\/masterchem.ee\/wp-content\/uploads\/2018\/02\/master-chem_final-1.png\",\"contentUrl\":\"https:\/\/masterchem.ee\/wp-content\/uploads\/2018\/02\/master-chem_final-1.png\",\"width\":850,\"height\":356,\"caption\":\"Masterchem\"},\"image\":{\"@id\":\"https:\/\/masterchem.ee\/fi\/#\/schema\/logo\/image\/\"}}]}<\/script>\n<!-- \/ Yoast SEO plugin. -->","yoast_head_json":{"title":"Natriumpermanganaatti (CAS 7722-64-7) - Chemistry For Industry - Solvents &amp; Chemicals - Masterchem.ee","description":"Kaliumpermanganaatti n\u00e4kyy purppuran v\u00e4risen\u00e4 kiteisen\u00e4 kiinte\u00e4n\u00e4 aineena. Palamaton, mutta nopeuttaa palavien materiaalien palamista.","robots":{"index":"index","follow":"follow","max-snippet":"max-snippet:-1","max-image-preview":"max-image-preview:large","max-video-preview":"max-video-preview:-1"},"canonical":"https:\/\/masterchem.ee\/fi\/tooted-ja-teenused\/natriumpermanganaatti-cas-7722-64-7\/","twitter_card":"summary_large_image","twitter_title":"Natriumpermanganaatti (CAS 7722-64-7) - Chemistry For Industry - Solvents &amp; Chemicals - Masterchem.ee","twitter_description":"Kaliumpermanganaatti n\u00e4kyy purppuran v\u00e4risen\u00e4 kiteisen\u00e4 kiinte\u00e4n\u00e4 aineena. Palamaton, mutta nopeuttaa palavien materiaalien palamista.","twitter_image":"https:\/\/masterchem.ee\/wp-content\/uploads\/2021\/08\/Naatriumpermanganaat-25kg-MasterChem.jpg","schema":{"@context":"https:\/\/schema.org","@graph":[{"@type":"WebPage","@id":"https:\/\/masterchem.ee\/fi\/tooted-ja-teenused\/natriumpermanganaatti-cas-7722-64-7\/","url":"https:\/\/masterchem.ee\/fi\/tooted-ja-teenused\/natriumpermanganaatti-cas-7722-64-7\/","name":"Natriumpermanganaatti (CAS 7722-64-7) - Chemistry For Industry - Solvents &amp; Chemicals - Masterchem.ee","isPartOf":{"@id":"https:\/\/masterchem.ee\/fi\/#website"},"primaryImageOfPage":{"@id":"https:\/\/masterchem.ee\/fi\/tooted-ja-teenused\/natriumpermanganaatti-cas-7722-64-7\/#primaryimage"},"image":{"@id":"https:\/\/masterchem.ee\/fi\/tooted-ja-teenused\/natriumpermanganaatti-cas-7722-64-7\/#primaryimage"},"thumbnailUrl":"https:\/\/masterchem.ee\/wp-content\/uploads\/2021\/08\/Naatriumpermanganaat-25kg-MasterChem.jpg","datePublished":"2021-08-23T15:03:49+00:00","dateModified":"2021-08-23T15:21:15+00:00","description":"Kaliumpermanganaatti n\u00e4kyy purppuran v\u00e4risen\u00e4 kiteisen\u00e4 kiinte\u00e4n\u00e4 aineena. Palamaton, mutta nopeuttaa palavien materiaalien palamista.","breadcrumb":{"@id":"https:\/\/masterchem.ee\/fi\/tooted-ja-teenused\/natriumpermanganaatti-cas-7722-64-7\/#breadcrumb"},"inLanguage":"fi","potentialAction":[{"@type":"ReadAction","target":["https:\/\/masterchem.ee\/fi\/tooted-ja-teenused\/natriumpermanganaatti-cas-7722-64-7\/"]}]},{"@type":"ImageObject","inLanguage":"fi","@id":"https:\/\/masterchem.ee\/fi\/tooted-ja-teenused\/natriumpermanganaatti-cas-7722-64-7\/#primaryimage","url":"https:\/\/masterchem.ee\/wp-content\/uploads\/2021\/08\/Naatriumpermanganaat-25kg-MasterChem.jpg","contentUrl":"https:\/\/masterchem.ee\/wp-content\/uploads\/2021\/08\/Naatriumpermanganaat-25kg-MasterChem.jpg","width":1000,"height":1000,"caption":"Natriumpermanganaatti (CAS 7722-64-7) 25kg MasterChem"},{"@type":"BreadcrumbList","@id":"https:\/\/masterchem.ee\/fi\/tooted-ja-teenused\/natriumpermanganaatti-cas-7722-64-7\/#breadcrumb","itemListElement":[{"@type":"ListItem","position":1,"name":"Home","item":"https:\/\/masterchem.ee\/fi\/"},{"@type":"ListItem","position":2,"name":"Tooted ja teenused","item":"https:\/\/masterchem.ee\/tooted-ja-teenused\/"},{"@type":"ListItem","position":3,"name":"Natriumpermanganaatti (CAS 7722-64-7)"}]},{"@type":"WebSite","@id":"https:\/\/masterchem.ee\/fi\/#website","url":"https:\/\/masterchem.ee\/fi\/","name":"Masterchem.ee","description":"Chemistry For Industry - Solvents &amp; Chemicals","publisher":{"@id":"https:\/\/masterchem.ee\/fi\/#organization"},"potentialAction":[{"@type":"SearchAction","target":{"@type":"EntryPoint","urlTemplate":"https:\/\/masterchem.ee\/fi\/?s={search_term_string}"},"query-input":{"@type":"PropertyValueSpecification","valueRequired":true,"valueName":"search_term_string"}}],"inLanguage":"fi"},{"@type":"Organization","@id":"https:\/\/masterchem.ee\/fi\/#organization","name":"Masterchem","url":"https:\/\/masterchem.ee\/fi\/","logo":{"@type":"ImageObject","inLanguage":"fi","@id":"https:\/\/masterchem.ee\/fi\/#\/schema\/logo\/image\/","url":"https:\/\/masterchem.ee\/wp-content\/uploads\/2018\/02\/master-chem_final-1.png","contentUrl":"https:\/\/masterchem.ee\/wp-content\/uploads\/2018\/02\/master-chem_final-1.png","width":850,"height":356,"caption":"Masterchem"},"image":{"@id":"https:\/\/masterchem.ee\/fi\/#\/schema\/logo\/image\/"}}]}},"_links":{"self":[{"href":"https:\/\/masterchem.ee\/fi\/wp-json\/wp\/v2\/product\/13766","targetHints":{"allow":["GET"]}}],"collection":[{"href":"https:\/\/masterchem.ee\/fi\/wp-json\/wp\/v2\/product"}],"about":[{"href":"https:\/\/masterchem.ee\/fi\/wp-json\/wp\/v2\/types\/product"}],"wp:featuredmedia":[{"embeddable":true,"href":"https:\/\/masterchem.ee\/fi\/wp-json\/wp\/v2\/media\/13772"}],"wp:attachment":[{"href":"https:\/\/masterchem.ee\/fi\/wp-json\/wp\/v2\/media?parent=13766"}],"wp:term":[{"taxonomy":"product_brand","embeddable":true,"href":"https:\/\/masterchem.ee\/fi\/wp-json\/wp\/v2\/product_brand?post=13766"},{"taxonomy":"product_cat","embeddable":true,"href":"https:\/\/masterchem.ee\/fi\/wp-json\/wp\/v2\/product_cat?post=13766"},{"taxonomy":"product_tag","embeddable":true,"href":"https:\/\/masterchem.ee\/fi\/wp-json\/wp\/v2\/product_tag?post=13766"}],"curies":[{"name":"wp","href":"https:\/\/api.w.org\/{rel}","templated":true}]}}