{"id":13736,"date":"2021-08-23T09:28:04","date_gmt":"2021-08-23T09:28:06","guid":{"rendered":"https:\/\/masterchem.ee\/?post_type=product&#038;p=13736"},"modified":"2021-08-23T09:34:33","modified_gmt":"2021-08-23T09:34:33","slug":"tetranatriumedetaatti-cas-64-02-8","status":"publish","type":"product","link":"https:\/\/masterchem.ee\/fi\/tooted-ja-teenused\/tetranatriumedetaatti-cas-64-02-8\/","title":{"rendered":"Tetranatriumedetaatti (CAS 64-02-8)"},"content":{"rendered":"<p> <strong> Info<\/strong> <\/p>\n<p> Toimialat: kotitalouskemikaalit, lannoitteet, kosmetiikkateollisuus, l\u00e4\u00e4keteollisuus <br \/>\nCAS-numero: 64-02-8 <br \/>\nWE-numero: 200-573-9 <br \/>\nIndeksinumero: 607-428-00-2 <br \/>\nKemiallinen kaava: C10H12N2O8Na4 <br \/>\nMoolimassa: 380,2 g \/mol <br \/>\nTullitariffi: 29224985 <\/p>\n<p> <strong> Muut fyysiset ominaisuudet <\/strong> <\/p>\n<p> pH: 10,5 &#8211; 11,5 (1%, 20 \u00b0 C) <br \/>\nSuhteellinen tiheys: 670 kg \/m3 <br \/>\nLiukoisuus veteen: 500 g\/l <\/p>\n","protected":false},"excerpt":{"rendered":"<p> <strong> Tetranatriumedetaatti (CAS 64-02-8) <\/strong> <\/p>\n<p> Tetranatriumedetaatti on suola, joka saadaan, kun etyleenidiamiinitetraetikkahappo neutraloidaan nelj\u00e4ll\u00e4 ekvivalentilla natriumhydroksidia (tai vastaavaa natriumem\u00e4st\u00e4). Se on valkoinen kiinte\u00e4 aine, joka liukenee hyvin veteen. Kaupalliset n\u00e4ytteet ovat usein hydratoituja, esim. Na4EDTA.4H2O. Vedett\u00f6m\u00e4st\u00e4 ja hydratoidusta muodosta valmistettujen liuosten ominaisuudet ovat samat edellytt\u00e4en, ett\u00e4 niiden pH on sama. <\/p>\n<p> Sit\u00e4 k\u00e4ytet\u00e4\u00e4n kelatointiaineen EDTA4- l\u00e4hteen\u00e4. 1% vesiliuoksen pH on noin 11,3. Liuotettuna neutraaliin veteen se muuttuu osittain H2EDTA2-: ksi. Etyleenidiamiinitetraetikkahappoa tuotetaan kaupallisesti tetranatrium -EDTA: n v\u00e4lityksell\u00e4. <\/p>\n","protected":false},"featured_media":13742,"template":"","meta":[],"product_brand":[],"product_cat":[180,294,117,120,323],"product_tag":[],"class_list":{"0":"post-13736","1":"product","2":"type-product","3":"status-publish","4":"has-post-thumbnail","6":"product_cat-uncategorized-fi-2","7":"product_cat-kosmetiikkateollisuus","8":"product_cat-kotitalouskemikaalit","9":"product_cat-laaketeollisuus","10":"product_cat-lannoitteet","12":"first","13":"instock","14":"taxable","15":"shipping-taxable","16":"purchasable","17":"product-type-variable","18":"has-default-attributes"},"yoast_head":"<!-- This site is optimized with the Yoast SEO plugin v26.2 - https:\/\/yoast.com\/wordpress\/plugins\/seo\/ -->\n<title>Tetranatriumedetaatti (CAS 64-02-8) - Chemistry For Industry - Solvents &amp; Chemicals - Masterchem.ee<\/title>\n<meta name=\"description\" content=\"Tetranatriumedetaatti on suola, joka saadaan, kun etyleenidiamiinitetraetikkahappo neutraloidaan nelj\u00e4ll\u00e4 ekvivalentilla natriumhydroksidia (tai vastaavaa natriumem\u00e4st\u00e4).\" \/>\n<meta name=\"robots\" content=\"index, follow, max-snippet:-1, max-image-preview:large, max-video-preview:-1\" \/>\n<link rel=\"canonical\" href=\"https:\/\/masterchem.ee\/fi\/tooted-ja-teenused\/tetranatriumedetaatti-cas-64-02-8\/\" \/>\n<meta name=\"twitter:card\" content=\"summary_large_image\" \/>\n<meta name=\"twitter:title\" content=\"Tetranatriumedetaatti (CAS 64-02-8) - Chemistry For Industry - Solvents &amp; Chemicals - Masterchem.ee\" \/>\n<meta name=\"twitter:description\" content=\"Tetranatriumedetaatti on suola, joka saadaan, kun etyleenidiamiinitetraetikkahappo neutraloidaan nelj\u00e4ll\u00e4 ekvivalentilla natriumhydroksidia (tai vastaavaa natriumem\u00e4st\u00e4).\" \/>\n<meta name=\"twitter:image\" content=\"https:\/\/masterchem.ee\/wp-content\/uploads\/2021\/08\/Tetraatriumedetaat-25kg-MasterChem.jpg\" \/>\n<script type=\"application\/ld+json\" class=\"yoast-schema-graph\">{\"@context\":\"https:\/\/schema.org\",\"@graph\":[{\"@type\":\"WebPage\",\"@id\":\"https:\/\/masterchem.ee\/fi\/tooted-ja-teenused\/tetranatriumedetaatti-cas-64-02-8\/\",\"url\":\"https:\/\/masterchem.ee\/fi\/tooted-ja-teenused\/tetranatriumedetaatti-cas-64-02-8\/\",\"name\":\"Tetranatriumedetaatti (CAS 64-02-8) - Chemistry For Industry - Solvents &amp; Chemicals - Masterchem.ee\",\"isPartOf\":{\"@id\":\"https:\/\/masterchem.ee\/fi\/#website\"},\"primaryImageOfPage\":{\"@id\":\"https:\/\/masterchem.ee\/fi\/tooted-ja-teenused\/tetranatriumedetaatti-cas-64-02-8\/#primaryimage\"},\"image\":{\"@id\":\"https:\/\/masterchem.ee\/fi\/tooted-ja-teenused\/tetranatriumedetaatti-cas-64-02-8\/#primaryimage\"},\"thumbnailUrl\":\"https:\/\/masterchem.ee\/wp-content\/uploads\/2021\/08\/Tetraatriumedetaat-25kg-MasterChem.jpg\",\"datePublished\":\"2021-08-23T09:28:06+00:00\",\"dateModified\":\"2021-08-23T09:34:33+00:00\",\"description\":\"Tetranatriumedetaatti on suola, joka saadaan, kun etyleenidiamiinitetraetikkahappo neutraloidaan nelj\u00e4ll\u00e4 ekvivalentilla natriumhydroksidia (tai vastaavaa natriumem\u00e4st\u00e4).\",\"breadcrumb\":{\"@id\":\"https:\/\/masterchem.ee\/fi\/tooted-ja-teenused\/tetranatriumedetaatti-cas-64-02-8\/#breadcrumb\"},\"inLanguage\":\"fi\",\"potentialAction\":[{\"@type\":\"ReadAction\",\"target\":[\"https:\/\/masterchem.ee\/fi\/tooted-ja-teenused\/tetranatriumedetaatti-cas-64-02-8\/\"]}]},{\"@type\":\"ImageObject\",\"inLanguage\":\"fi\",\"@id\":\"https:\/\/masterchem.ee\/fi\/tooted-ja-teenused\/tetranatriumedetaatti-cas-64-02-8\/#primaryimage\",\"url\":\"https:\/\/masterchem.ee\/wp-content\/uploads\/2021\/08\/Tetraatriumedetaat-25kg-MasterChem.jpg\",\"contentUrl\":\"https:\/\/masterchem.ee\/wp-content\/uploads\/2021\/08\/Tetraatriumedetaat-25kg-MasterChem.jpg\",\"width\":1000,\"height\":1000,\"caption\":\"Tetranatriumedetaatti (CAS 64-02-8) 25kg MasterChem\"},{\"@type\":\"BreadcrumbList\",\"@id\":\"https:\/\/masterchem.ee\/fi\/tooted-ja-teenused\/tetranatriumedetaatti-cas-64-02-8\/#breadcrumb\",\"itemListElement\":[{\"@type\":\"ListItem\",\"position\":1,\"name\":\"Home\",\"item\":\"https:\/\/masterchem.ee\/fi\/\"},{\"@type\":\"ListItem\",\"position\":2,\"name\":\"Tooted ja teenused\",\"item\":\"https:\/\/masterchem.ee\/tooted-ja-teenused\/\"},{\"@type\":\"ListItem\",\"position\":3,\"name\":\"Tetranatriumedetaatti (CAS 64-02-8)\"}]},{\"@type\":\"WebSite\",\"@id\":\"https:\/\/masterchem.ee\/fi\/#website\",\"url\":\"https:\/\/masterchem.ee\/fi\/\",\"name\":\"Masterchem.ee\",\"description\":\"Chemistry For Industry - Solvents &amp; Chemicals\",\"publisher\":{\"@id\":\"https:\/\/masterchem.ee\/fi\/#organization\"},\"potentialAction\":[{\"@type\":\"SearchAction\",\"target\":{\"@type\":\"EntryPoint\",\"urlTemplate\":\"https:\/\/masterchem.ee\/fi\/?s={search_term_string}\"},\"query-input\":{\"@type\":\"PropertyValueSpecification\",\"valueRequired\":true,\"valueName\":\"search_term_string\"}}],\"inLanguage\":\"fi\"},{\"@type\":\"Organization\",\"@id\":\"https:\/\/masterchem.ee\/fi\/#organization\",\"name\":\"Masterchem\",\"url\":\"https:\/\/masterchem.ee\/fi\/\",\"logo\":{\"@type\":\"ImageObject\",\"inLanguage\":\"fi\",\"@id\":\"https:\/\/masterchem.ee\/fi\/#\/schema\/logo\/image\/\",\"url\":\"https:\/\/masterchem.ee\/wp-content\/uploads\/2018\/02\/master-chem_final-1.png\",\"contentUrl\":\"https:\/\/masterchem.ee\/wp-content\/uploads\/2018\/02\/master-chem_final-1.png\",\"width\":850,\"height\":356,\"caption\":\"Masterchem\"},\"image\":{\"@id\":\"https:\/\/masterchem.ee\/fi\/#\/schema\/logo\/image\/\"}}]}<\/script>\n<!-- \/ Yoast SEO plugin. -->","yoast_head_json":{"title":"Tetranatriumedetaatti (CAS 64-02-8) - Chemistry For Industry - Solvents &amp; Chemicals - Masterchem.ee","description":"Tetranatriumedetaatti on suola, joka saadaan, kun etyleenidiamiinitetraetikkahappo neutraloidaan nelj\u00e4ll\u00e4 ekvivalentilla natriumhydroksidia (tai vastaavaa natriumem\u00e4st\u00e4).","robots":{"index":"index","follow":"follow","max-snippet":"max-snippet:-1","max-image-preview":"max-image-preview:large","max-video-preview":"max-video-preview:-1"},"canonical":"https:\/\/masterchem.ee\/fi\/tooted-ja-teenused\/tetranatriumedetaatti-cas-64-02-8\/","twitter_card":"summary_large_image","twitter_title":"Tetranatriumedetaatti (CAS 64-02-8) - Chemistry For Industry - Solvents &amp; Chemicals - Masterchem.ee","twitter_description":"Tetranatriumedetaatti on suola, joka saadaan, kun etyleenidiamiinitetraetikkahappo neutraloidaan nelj\u00e4ll\u00e4 ekvivalentilla natriumhydroksidia (tai vastaavaa natriumem\u00e4st\u00e4).","twitter_image":"https:\/\/masterchem.ee\/wp-content\/uploads\/2021\/08\/Tetraatriumedetaat-25kg-MasterChem.jpg","schema":{"@context":"https:\/\/schema.org","@graph":[{"@type":"WebPage","@id":"https:\/\/masterchem.ee\/fi\/tooted-ja-teenused\/tetranatriumedetaatti-cas-64-02-8\/","url":"https:\/\/masterchem.ee\/fi\/tooted-ja-teenused\/tetranatriumedetaatti-cas-64-02-8\/","name":"Tetranatriumedetaatti (CAS 64-02-8) - Chemistry For Industry - Solvents &amp; Chemicals - Masterchem.ee","isPartOf":{"@id":"https:\/\/masterchem.ee\/fi\/#website"},"primaryImageOfPage":{"@id":"https:\/\/masterchem.ee\/fi\/tooted-ja-teenused\/tetranatriumedetaatti-cas-64-02-8\/#primaryimage"},"image":{"@id":"https:\/\/masterchem.ee\/fi\/tooted-ja-teenused\/tetranatriumedetaatti-cas-64-02-8\/#primaryimage"},"thumbnailUrl":"https:\/\/masterchem.ee\/wp-content\/uploads\/2021\/08\/Tetraatriumedetaat-25kg-MasterChem.jpg","datePublished":"2021-08-23T09:28:06+00:00","dateModified":"2021-08-23T09:34:33+00:00","description":"Tetranatriumedetaatti on suola, joka saadaan, kun etyleenidiamiinitetraetikkahappo neutraloidaan nelj\u00e4ll\u00e4 ekvivalentilla natriumhydroksidia (tai vastaavaa natriumem\u00e4st\u00e4).","breadcrumb":{"@id":"https:\/\/masterchem.ee\/fi\/tooted-ja-teenused\/tetranatriumedetaatti-cas-64-02-8\/#breadcrumb"},"inLanguage":"fi","potentialAction":[{"@type":"ReadAction","target":["https:\/\/masterchem.ee\/fi\/tooted-ja-teenused\/tetranatriumedetaatti-cas-64-02-8\/"]}]},{"@type":"ImageObject","inLanguage":"fi","@id":"https:\/\/masterchem.ee\/fi\/tooted-ja-teenused\/tetranatriumedetaatti-cas-64-02-8\/#primaryimage","url":"https:\/\/masterchem.ee\/wp-content\/uploads\/2021\/08\/Tetraatriumedetaat-25kg-MasterChem.jpg","contentUrl":"https:\/\/masterchem.ee\/wp-content\/uploads\/2021\/08\/Tetraatriumedetaat-25kg-MasterChem.jpg","width":1000,"height":1000,"caption":"Tetranatriumedetaatti (CAS 64-02-8) 25kg MasterChem"},{"@type":"BreadcrumbList","@id":"https:\/\/masterchem.ee\/fi\/tooted-ja-teenused\/tetranatriumedetaatti-cas-64-02-8\/#breadcrumb","itemListElement":[{"@type":"ListItem","position":1,"name":"Home","item":"https:\/\/masterchem.ee\/fi\/"},{"@type":"ListItem","position":2,"name":"Tooted ja teenused","item":"https:\/\/masterchem.ee\/tooted-ja-teenused\/"},{"@type":"ListItem","position":3,"name":"Tetranatriumedetaatti (CAS 64-02-8)"}]},{"@type":"WebSite","@id":"https:\/\/masterchem.ee\/fi\/#website","url":"https:\/\/masterchem.ee\/fi\/","name":"Masterchem.ee","description":"Chemistry For Industry - Solvents &amp; Chemicals","publisher":{"@id":"https:\/\/masterchem.ee\/fi\/#organization"},"potentialAction":[{"@type":"SearchAction","target":{"@type":"EntryPoint","urlTemplate":"https:\/\/masterchem.ee\/fi\/?s={search_term_string}"},"query-input":{"@type":"PropertyValueSpecification","valueRequired":true,"valueName":"search_term_string"}}],"inLanguage":"fi"},{"@type":"Organization","@id":"https:\/\/masterchem.ee\/fi\/#organization","name":"Masterchem","url":"https:\/\/masterchem.ee\/fi\/","logo":{"@type":"ImageObject","inLanguage":"fi","@id":"https:\/\/masterchem.ee\/fi\/#\/schema\/logo\/image\/","url":"https:\/\/masterchem.ee\/wp-content\/uploads\/2018\/02\/master-chem_final-1.png","contentUrl":"https:\/\/masterchem.ee\/wp-content\/uploads\/2018\/02\/master-chem_final-1.png","width":850,"height":356,"caption":"Masterchem"},"image":{"@id":"https:\/\/masterchem.ee\/fi\/#\/schema\/logo\/image\/"}}]}},"_links":{"self":[{"href":"https:\/\/masterchem.ee\/fi\/wp-json\/wp\/v2\/product\/13736","targetHints":{"allow":["GET"]}}],"collection":[{"href":"https:\/\/masterchem.ee\/fi\/wp-json\/wp\/v2\/product"}],"about":[{"href":"https:\/\/masterchem.ee\/fi\/wp-json\/wp\/v2\/types\/product"}],"wp:featuredmedia":[{"embeddable":true,"href":"https:\/\/masterchem.ee\/fi\/wp-json\/wp\/v2\/media\/13742"}],"wp:attachment":[{"href":"https:\/\/masterchem.ee\/fi\/wp-json\/wp\/v2\/media?parent=13736"}],"wp:term":[{"taxonomy":"product_brand","embeddable":true,"href":"https:\/\/masterchem.ee\/fi\/wp-json\/wp\/v2\/product_brand?post=13736"},{"taxonomy":"product_cat","embeddable":true,"href":"https:\/\/masterchem.ee\/fi\/wp-json\/wp\/v2\/product_cat?post=13736"},{"taxonomy":"product_tag","embeddable":true,"href":"https:\/\/masterchem.ee\/fi\/wp-json\/wp\/v2\/product_tag?post=13736"}],"curies":[{"name":"wp","href":"https:\/\/api.w.org\/{rel}","templated":true}]}}