{"id":13720,"date":"2021-08-22T16:02:39","date_gmt":"2021-08-22T16:02:41","guid":{"rendered":"https:\/\/masterchem.ee\/?post_type=product&#038;p=13720"},"modified":"2021-08-22T16:10:23","modified_gmt":"2021-08-22T16:10:23","slug":"urea-cas-57-13-6","status":"publish","type":"product","link":"https:\/\/masterchem.ee\/fi\/tooted-ja-teenused\/urea-cas-57-13-6\/","title":{"rendered":"Urea (CAS 57-13-6)"},"content":{"rendered":"<p> <strong> Info<\/strong> <\/p>\n<p> Toimialat: kotitalouskemikaalit, lannoitteet, kosmetiikkateollisuus, liimat, \u00f6ljyt, rasvat, puutarhatalous, l\u00e4\u00e4keteollisuus, rehuteollisuus, hartsit, muovit, polyuretaanit <br \/>\nCAS-numero: 57-13-6 <br \/>\nWE-numero: 200-315-5 <br \/>\nKemiallinen kaava: (NH2) 2CO <br \/>\nMoolimassa: 60,05 g \/mol <br \/>\nTullitariffi: 310210 <\/p>\n<p> <strong> Muut fyysiset ominaisuudet <\/strong> <\/p>\n<p> pH: 7 &#8211; 9,5 (10 %) <br \/>\nSulamis- \/ j\u00e4\u00e4tymispiste: 133,3 (134) \u00b0 C 1013hPa (0,1mPa), 150 \u00b0 C 300 mPa <br \/>\nSuhteellinen tiheys: 1,33 g\/cm3, 20 \u00b0 C <\/p>\n","protected":false},"excerpt":{"rendered":"<p> <strong>Urea (CAS 57-13-6)<\/strong> <\/p>\n<p>\nUrea eli virtsa-aine on orgaaninen yhdiste, joka on puhtaana valkoista ja kiteist\u00e4 vesiliukoista ainetta, jolla on ammoniakin haju. Ureasta k\u00e4ytet\u00e4\u00e4n my\u00f6s nimityst\u00e4 karbamidi tai karbonyylidiamidi. Urean CAS-numero on 57-13-6. Ureaa k\u00e4ytet\u00e4\u00e4n muun muassa lannoitteiden valmistuksessa, muovin raaka-aineena, katalyyttina dieselmoottoreiden typpioksidien poistossa ja kosmetiikassa.<\/p>\n<p>Urea on nis\u00e4kk\u00e4iden ja sammakkoel\u00e4inten normaalin proteiiniaineenvaihdunnan lopputuote, joksi aineenvaihdunnassa muodostuva ammoniakki muuttuu. Se poistuu elimist\u00f6st\u00e4 munuaisten kautta virtsaan, eli typpi (typpiyhdiste ammoniakki) poistuu elimist\u00f6st\u00e4. Linnuilla ja liskoilla sen sijaan typen vie pois virtsahappo.<\/p>\n","protected":false},"featured_media":13726,"template":"","meta":[],"product_brand":[],"product_cat":[180,294,117,120,323,258,351,114,290],"product_tag":[],"class_list":{"0":"post-13720","1":"product","2":"type-product","3":"status-publish","4":"has-post-thumbnail","6":"product_cat-uncategorized-fi-2","7":"product_cat-kosmetiikkateollisuus","8":"product_cat-kotitalouskemikaalit","9":"product_cat-laaketeollisuus","10":"product_cat-lannoitteet","11":"product_cat-muovi-fi","12":"product_cat-puutarhanhoito","13":"product_cat-rakennusteollisuus","14":"product_cat-rehuteollisuus","16":"first","17":"instock","18":"taxable","19":"shipping-taxable","20":"purchasable","21":"product-type-variable","22":"has-default-attributes"},"yoast_head":"<!-- This site is optimized with the Yoast SEO plugin v26.2 - https:\/\/yoast.com\/wordpress\/plugins\/seo\/ -->\n<title>Urea (CAS 57-13-6) - Chemistry For Industry - Solvents &amp; Chemicals - Masterchem.ee<\/title>\n<meta name=\"description\" content=\"Urea eli virtsa-aine on orgaaninen yhdiste, joka on puhtaana valkoista ja kiteist\u00e4 vesiliukoista ainetta, jolla on ammoniakin haju.\" \/>\n<meta name=\"robots\" content=\"index, follow, max-snippet:-1, max-image-preview:large, max-video-preview:-1\" \/>\n<link rel=\"canonical\" href=\"https:\/\/masterchem.ee\/fi\/tooted-ja-teenused\/urea-cas-57-13-6\/\" \/>\n<meta name=\"twitter:card\" content=\"summary_large_image\" \/>\n<meta name=\"twitter:title\" content=\"Urea (CAS 57-13-6) - Chemistry For Industry - Solvents &amp; Chemicals - Masterchem.ee\" \/>\n<meta name=\"twitter:description\" content=\"Urea eli virtsa-aine on orgaaninen yhdiste, joka on puhtaana valkoista ja kiteist\u00e4 vesiliukoista ainetta, jolla on ammoniakin haju.\" \/>\n<meta name=\"twitter:image\" content=\"https:\/\/masterchem.ee\/wp-content\/uploads\/2021\/08\/Karbamiid-25kg-MasterChem.png\" \/>\n<script type=\"application\/ld+json\" class=\"yoast-schema-graph\">{\"@context\":\"https:\/\/schema.org\",\"@graph\":[{\"@type\":\"WebPage\",\"@id\":\"https:\/\/masterchem.ee\/fi\/tooted-ja-teenused\/urea-cas-57-13-6\/\",\"url\":\"https:\/\/masterchem.ee\/fi\/tooted-ja-teenused\/urea-cas-57-13-6\/\",\"name\":\"Urea (CAS 57-13-6) - Chemistry For Industry - Solvents &amp; Chemicals - Masterchem.ee\",\"isPartOf\":{\"@id\":\"https:\/\/masterchem.ee\/fi\/#website\"},\"primaryImageOfPage\":{\"@id\":\"https:\/\/masterchem.ee\/fi\/tooted-ja-teenused\/urea-cas-57-13-6\/#primaryimage\"},\"image\":{\"@id\":\"https:\/\/masterchem.ee\/fi\/tooted-ja-teenused\/urea-cas-57-13-6\/#primaryimage\"},\"thumbnailUrl\":\"https:\/\/masterchem.ee\/wp-content\/uploads\/2021\/08\/Karbamiid-25kg-MasterChem.png\",\"datePublished\":\"2021-08-22T16:02:41+00:00\",\"dateModified\":\"2021-08-22T16:10:23+00:00\",\"description\":\"Urea eli virtsa-aine on orgaaninen yhdiste, joka on puhtaana valkoista ja kiteist\u00e4 vesiliukoista ainetta, jolla on ammoniakin haju.\",\"breadcrumb\":{\"@id\":\"https:\/\/masterchem.ee\/fi\/tooted-ja-teenused\/urea-cas-57-13-6\/#breadcrumb\"},\"inLanguage\":\"fi\",\"potentialAction\":[{\"@type\":\"ReadAction\",\"target\":[\"https:\/\/masterchem.ee\/fi\/tooted-ja-teenused\/urea-cas-57-13-6\/\"]}]},{\"@type\":\"ImageObject\",\"inLanguage\":\"fi\",\"@id\":\"https:\/\/masterchem.ee\/fi\/tooted-ja-teenused\/urea-cas-57-13-6\/#primaryimage\",\"url\":\"https:\/\/masterchem.ee\/wp-content\/uploads\/2021\/08\/Karbamiid-25kg-MasterChem.png\",\"contentUrl\":\"https:\/\/masterchem.ee\/wp-content\/uploads\/2021\/08\/Karbamiid-25kg-MasterChem.png\",\"width\":1000,\"height\":1000,\"caption\":\"Urea (CAS 57-13-6) 25kg MasterChem\"},{\"@type\":\"BreadcrumbList\",\"@id\":\"https:\/\/masterchem.ee\/fi\/tooted-ja-teenused\/urea-cas-57-13-6\/#breadcrumb\",\"itemListElement\":[{\"@type\":\"ListItem\",\"position\":1,\"name\":\"Home\",\"item\":\"https:\/\/masterchem.ee\/fi\/\"},{\"@type\":\"ListItem\",\"position\":2,\"name\":\"Tooted ja teenused\",\"item\":\"https:\/\/masterchem.ee\/tooted-ja-teenused\/\"},{\"@type\":\"ListItem\",\"position\":3,\"name\":\"Urea (CAS 57-13-6)\"}]},{\"@type\":\"WebSite\",\"@id\":\"https:\/\/masterchem.ee\/fi\/#website\",\"url\":\"https:\/\/masterchem.ee\/fi\/\",\"name\":\"Masterchem.ee\",\"description\":\"Chemistry For Industry - Solvents &amp; Chemicals\",\"publisher\":{\"@id\":\"https:\/\/masterchem.ee\/fi\/#organization\"},\"potentialAction\":[{\"@type\":\"SearchAction\",\"target\":{\"@type\":\"EntryPoint\",\"urlTemplate\":\"https:\/\/masterchem.ee\/fi\/?s={search_term_string}\"},\"query-input\":{\"@type\":\"PropertyValueSpecification\",\"valueRequired\":true,\"valueName\":\"search_term_string\"}}],\"inLanguage\":\"fi\"},{\"@type\":\"Organization\",\"@id\":\"https:\/\/masterchem.ee\/fi\/#organization\",\"name\":\"Masterchem\",\"url\":\"https:\/\/masterchem.ee\/fi\/\",\"logo\":{\"@type\":\"ImageObject\",\"inLanguage\":\"fi\",\"@id\":\"https:\/\/masterchem.ee\/fi\/#\/schema\/logo\/image\/\",\"url\":\"https:\/\/masterchem.ee\/wp-content\/uploads\/2018\/02\/master-chem_final-1.png\",\"contentUrl\":\"https:\/\/masterchem.ee\/wp-content\/uploads\/2018\/02\/master-chem_final-1.png\",\"width\":850,\"height\":356,\"caption\":\"Masterchem\"},\"image\":{\"@id\":\"https:\/\/masterchem.ee\/fi\/#\/schema\/logo\/image\/\"}}]}<\/script>\n<!-- \/ Yoast SEO plugin. -->","yoast_head_json":{"title":"Urea (CAS 57-13-6) - Chemistry For Industry - Solvents &amp; Chemicals - Masterchem.ee","description":"Urea eli virtsa-aine on orgaaninen yhdiste, joka on puhtaana valkoista ja kiteist\u00e4 vesiliukoista ainetta, jolla on ammoniakin haju.","robots":{"index":"index","follow":"follow","max-snippet":"max-snippet:-1","max-image-preview":"max-image-preview:large","max-video-preview":"max-video-preview:-1"},"canonical":"https:\/\/masterchem.ee\/fi\/tooted-ja-teenused\/urea-cas-57-13-6\/","twitter_card":"summary_large_image","twitter_title":"Urea (CAS 57-13-6) - Chemistry For Industry - Solvents &amp; Chemicals - Masterchem.ee","twitter_description":"Urea eli virtsa-aine on orgaaninen yhdiste, joka on puhtaana valkoista ja kiteist\u00e4 vesiliukoista ainetta, jolla on ammoniakin haju.","twitter_image":"https:\/\/masterchem.ee\/wp-content\/uploads\/2021\/08\/Karbamiid-25kg-MasterChem.png","schema":{"@context":"https:\/\/schema.org","@graph":[{"@type":"WebPage","@id":"https:\/\/masterchem.ee\/fi\/tooted-ja-teenused\/urea-cas-57-13-6\/","url":"https:\/\/masterchem.ee\/fi\/tooted-ja-teenused\/urea-cas-57-13-6\/","name":"Urea (CAS 57-13-6) - Chemistry For Industry - Solvents &amp; Chemicals - Masterchem.ee","isPartOf":{"@id":"https:\/\/masterchem.ee\/fi\/#website"},"primaryImageOfPage":{"@id":"https:\/\/masterchem.ee\/fi\/tooted-ja-teenused\/urea-cas-57-13-6\/#primaryimage"},"image":{"@id":"https:\/\/masterchem.ee\/fi\/tooted-ja-teenused\/urea-cas-57-13-6\/#primaryimage"},"thumbnailUrl":"https:\/\/masterchem.ee\/wp-content\/uploads\/2021\/08\/Karbamiid-25kg-MasterChem.png","datePublished":"2021-08-22T16:02:41+00:00","dateModified":"2021-08-22T16:10:23+00:00","description":"Urea eli virtsa-aine on orgaaninen yhdiste, joka on puhtaana valkoista ja kiteist\u00e4 vesiliukoista ainetta, jolla on ammoniakin haju.","breadcrumb":{"@id":"https:\/\/masterchem.ee\/fi\/tooted-ja-teenused\/urea-cas-57-13-6\/#breadcrumb"},"inLanguage":"fi","potentialAction":[{"@type":"ReadAction","target":["https:\/\/masterchem.ee\/fi\/tooted-ja-teenused\/urea-cas-57-13-6\/"]}]},{"@type":"ImageObject","inLanguage":"fi","@id":"https:\/\/masterchem.ee\/fi\/tooted-ja-teenused\/urea-cas-57-13-6\/#primaryimage","url":"https:\/\/masterchem.ee\/wp-content\/uploads\/2021\/08\/Karbamiid-25kg-MasterChem.png","contentUrl":"https:\/\/masterchem.ee\/wp-content\/uploads\/2021\/08\/Karbamiid-25kg-MasterChem.png","width":1000,"height":1000,"caption":"Urea (CAS 57-13-6) 25kg MasterChem"},{"@type":"BreadcrumbList","@id":"https:\/\/masterchem.ee\/fi\/tooted-ja-teenused\/urea-cas-57-13-6\/#breadcrumb","itemListElement":[{"@type":"ListItem","position":1,"name":"Home","item":"https:\/\/masterchem.ee\/fi\/"},{"@type":"ListItem","position":2,"name":"Tooted ja teenused","item":"https:\/\/masterchem.ee\/tooted-ja-teenused\/"},{"@type":"ListItem","position":3,"name":"Urea (CAS 57-13-6)"}]},{"@type":"WebSite","@id":"https:\/\/masterchem.ee\/fi\/#website","url":"https:\/\/masterchem.ee\/fi\/","name":"Masterchem.ee","description":"Chemistry For Industry - Solvents &amp; Chemicals","publisher":{"@id":"https:\/\/masterchem.ee\/fi\/#organization"},"potentialAction":[{"@type":"SearchAction","target":{"@type":"EntryPoint","urlTemplate":"https:\/\/masterchem.ee\/fi\/?s={search_term_string}"},"query-input":{"@type":"PropertyValueSpecification","valueRequired":true,"valueName":"search_term_string"}}],"inLanguage":"fi"},{"@type":"Organization","@id":"https:\/\/masterchem.ee\/fi\/#organization","name":"Masterchem","url":"https:\/\/masterchem.ee\/fi\/","logo":{"@type":"ImageObject","inLanguage":"fi","@id":"https:\/\/masterchem.ee\/fi\/#\/schema\/logo\/image\/","url":"https:\/\/masterchem.ee\/wp-content\/uploads\/2018\/02\/master-chem_final-1.png","contentUrl":"https:\/\/masterchem.ee\/wp-content\/uploads\/2018\/02\/master-chem_final-1.png","width":850,"height":356,"caption":"Masterchem"},"image":{"@id":"https:\/\/masterchem.ee\/fi\/#\/schema\/logo\/image\/"}}]}},"_links":{"self":[{"href":"https:\/\/masterchem.ee\/fi\/wp-json\/wp\/v2\/product\/13720","targetHints":{"allow":["GET"]}}],"collection":[{"href":"https:\/\/masterchem.ee\/fi\/wp-json\/wp\/v2\/product"}],"about":[{"href":"https:\/\/masterchem.ee\/fi\/wp-json\/wp\/v2\/types\/product"}],"wp:featuredmedia":[{"embeddable":true,"href":"https:\/\/masterchem.ee\/fi\/wp-json\/wp\/v2\/media\/13726"}],"wp:attachment":[{"href":"https:\/\/masterchem.ee\/fi\/wp-json\/wp\/v2\/media?parent=13720"}],"wp:term":[{"taxonomy":"product_brand","embeddable":true,"href":"https:\/\/masterchem.ee\/fi\/wp-json\/wp\/v2\/product_brand?post=13720"},{"taxonomy":"product_cat","embeddable":true,"href":"https:\/\/masterchem.ee\/fi\/wp-json\/wp\/v2\/product_cat?post=13720"},{"taxonomy":"product_tag","embeddable":true,"href":"https:\/\/masterchem.ee\/fi\/wp-json\/wp\/v2\/product_tag?post=13720"}],"curies":[{"name":"wp","href":"https:\/\/api.w.org\/{rel}","templated":true}]}}