{"id":13703,"date":"2021-08-22T15:35:00","date_gmt":"2021-08-22T15:35:02","guid":{"rendered":"https:\/\/masterchem.ee\/?post_type=product&#038;p=13703"},"modified":"2021-08-22T15:41:13","modified_gmt":"2021-08-22T15:41:13","slug":"natriummetasilikaattipentahydraatti-cas-10213-79-3","status":"publish","type":"product","link":"https:\/\/masterchem.ee\/fi\/tooted-ja-teenused\/natriummetasilikaattipentahydraatti-cas-10213-79-3\/","title":{"rendered":"Natriummetasilikaattipentahydraatti (CAS 10213-79-3)"},"content":{"rendered":"<p> <strong> Info<\/strong> <\/p>\n<p> Toimialat: Kotitalouskemikaalit, Rakennuskemia <br \/>\nCAS-numero: 10213-79-3 <br \/>\nWE-numero: 600-279-4 <br \/>\nKemiallinen kaava: H2O3Si \u00b7 2Na \u00b7 5H2O <\/p>\n<p> <strong> Muut fyysiset ominaisuudet <\/strong> <\/p>\n<p> Sulamis- \/ j\u00e4\u00e4tymispiste: 1089 \u00b0 C <br \/>\nLiukoisuus veteen: 210 g\/l (20 \u00b0 C) <\/p>\n","protected":false},"excerpt":{"rendered":"<p> <strong>Natriummetasilikaattipentahydraatti (CAS 10213-79-3)<\/strong> <\/p>\n<p><\/p>\n<p> Natriummetasilikaatti on kemiallinen aine, jonka kaava on Na2SiO3, joka on kaupallisten natriumsilikaattiliuosten p\u00e4\u00e4komponentti. Se on ioninen yhdiste, joka koostuu natriumkationeista Na+ ja polymeerisist\u00e4 metasilikaattianioneista [\u2013SiO2\u22123\u2013] n. Se on v\u00e4rit\u00f6n kiteinen hygroskooppinen ja liukeneva kiinte\u00e4 aine, joka liukenee veteen (antaa em\u00e4ksisen liuoksen) mutta ei alkoholiin. <\/p>\n","protected":false},"featured_media":13709,"template":"","meta":[],"product_brand":[],"product_cat":[180,117,114],"product_tag":[],"class_list":{"0":"post-13703","1":"product","2":"type-product","3":"status-publish","4":"has-post-thumbnail","6":"product_cat-uncategorized-fi-2","7":"product_cat-kotitalouskemikaalit","8":"product_cat-rakennusteollisuus","10":"first","11":"instock","12":"taxable","13":"shipping-taxable","14":"purchasable","15":"product-type-variable","16":"has-default-attributes"},"yoast_head":"<!-- This site is optimized with the Yoast SEO plugin v26.2 - https:\/\/yoast.com\/wordpress\/plugins\/seo\/ -->\n<title>Natriummetasilikaattipentahydraatti (CAS 10213-79-3) - Chemistry For Industry - Solvents &amp; Chemicals - Masterchem.ee<\/title>\n<meta name=\"description\" content=\"Natriummetasilikaatti on kemiallinen aine, jonka kaava on Na2SiO3, joka on kaupallisten natriumsilikaattiliuosten p\u00e4\u00e4komponentti.\" \/>\n<meta name=\"robots\" content=\"index, follow, max-snippet:-1, max-image-preview:large, max-video-preview:-1\" \/>\n<link rel=\"canonical\" href=\"https:\/\/masterchem.ee\/fi\/tooted-ja-teenused\/natriummetasilikaattipentahydraatti-cas-10213-79-3\/\" \/>\n<meta name=\"twitter:card\" content=\"summary_large_image\" \/>\n<meta name=\"twitter:title\" content=\"Natriummetasilikaattipentahydraatti (CAS 10213-79-3) - Chemistry For Industry - Solvents &amp; Chemicals - Masterchem.ee\" \/>\n<meta name=\"twitter:description\" content=\"Natriummetasilikaatti on kemiallinen aine, jonka kaava on Na2SiO3, joka on kaupallisten natriumsilikaattiliuosten p\u00e4\u00e4komponentti.\" \/>\n<meta name=\"twitter:image\" content=\"https:\/\/masterchem.ee\/wp-content\/uploads\/2021\/08\/Naatriummetasilikaatpentahudraat-25kg-MasterChem.png\" \/>\n<script type=\"application\/ld+json\" class=\"yoast-schema-graph\">{\"@context\":\"https:\/\/schema.org\",\"@graph\":[{\"@type\":\"WebPage\",\"@id\":\"https:\/\/masterchem.ee\/fi\/tooted-ja-teenused\/natriummetasilikaattipentahydraatti-cas-10213-79-3\/\",\"url\":\"https:\/\/masterchem.ee\/fi\/tooted-ja-teenused\/natriummetasilikaattipentahydraatti-cas-10213-79-3\/\",\"name\":\"Natriummetasilikaattipentahydraatti (CAS 10213-79-3) - Chemistry For Industry - Solvents &amp; Chemicals - Masterchem.ee\",\"isPartOf\":{\"@id\":\"https:\/\/masterchem.ee\/fi\/#website\"},\"primaryImageOfPage\":{\"@id\":\"https:\/\/masterchem.ee\/fi\/tooted-ja-teenused\/natriummetasilikaattipentahydraatti-cas-10213-79-3\/#primaryimage\"},\"image\":{\"@id\":\"https:\/\/masterchem.ee\/fi\/tooted-ja-teenused\/natriummetasilikaattipentahydraatti-cas-10213-79-3\/#primaryimage\"},\"thumbnailUrl\":\"https:\/\/masterchem.ee\/wp-content\/uploads\/2021\/08\/Naatriummetasilikaatpentahudraat-25kg-MasterChem.png\",\"datePublished\":\"2021-08-22T15:35:02+00:00\",\"dateModified\":\"2021-08-22T15:41:13+00:00\",\"description\":\"Natriummetasilikaatti on kemiallinen aine, jonka kaava on Na2SiO3, joka on kaupallisten natriumsilikaattiliuosten p\u00e4\u00e4komponentti.\",\"breadcrumb\":{\"@id\":\"https:\/\/masterchem.ee\/fi\/tooted-ja-teenused\/natriummetasilikaattipentahydraatti-cas-10213-79-3\/#breadcrumb\"},\"inLanguage\":\"fi\",\"potentialAction\":[{\"@type\":\"ReadAction\",\"target\":[\"https:\/\/masterchem.ee\/fi\/tooted-ja-teenused\/natriummetasilikaattipentahydraatti-cas-10213-79-3\/\"]}]},{\"@type\":\"ImageObject\",\"inLanguage\":\"fi\",\"@id\":\"https:\/\/masterchem.ee\/fi\/tooted-ja-teenused\/natriummetasilikaattipentahydraatti-cas-10213-79-3\/#primaryimage\",\"url\":\"https:\/\/masterchem.ee\/wp-content\/uploads\/2021\/08\/Naatriummetasilikaatpentahudraat-25kg-MasterChem.png\",\"contentUrl\":\"https:\/\/masterchem.ee\/wp-content\/uploads\/2021\/08\/Naatriummetasilikaatpentahudraat-25kg-MasterChem.png\",\"width\":1000,\"height\":1000,\"caption\":\"Natriummetasilikaattipentahydraatti (CAS 10213-79-3) 25kg MasterChem\"},{\"@type\":\"BreadcrumbList\",\"@id\":\"https:\/\/masterchem.ee\/fi\/tooted-ja-teenused\/natriummetasilikaattipentahydraatti-cas-10213-79-3\/#breadcrumb\",\"itemListElement\":[{\"@type\":\"ListItem\",\"position\":1,\"name\":\"Home\",\"item\":\"https:\/\/masterchem.ee\/fi\/\"},{\"@type\":\"ListItem\",\"position\":2,\"name\":\"Tooted ja teenused\",\"item\":\"https:\/\/masterchem.ee\/tooted-ja-teenused\/\"},{\"@type\":\"ListItem\",\"position\":3,\"name\":\"Natriummetasilikaattipentahydraatti (CAS 10213-79-3)\"}]},{\"@type\":\"WebSite\",\"@id\":\"https:\/\/masterchem.ee\/fi\/#website\",\"url\":\"https:\/\/masterchem.ee\/fi\/\",\"name\":\"Masterchem.ee\",\"description\":\"Chemistry For Industry - Solvents &amp; Chemicals\",\"publisher\":{\"@id\":\"https:\/\/masterchem.ee\/fi\/#organization\"},\"potentialAction\":[{\"@type\":\"SearchAction\",\"target\":{\"@type\":\"EntryPoint\",\"urlTemplate\":\"https:\/\/masterchem.ee\/fi\/?s={search_term_string}\"},\"query-input\":{\"@type\":\"PropertyValueSpecification\",\"valueRequired\":true,\"valueName\":\"search_term_string\"}}],\"inLanguage\":\"fi\"},{\"@type\":\"Organization\",\"@id\":\"https:\/\/masterchem.ee\/fi\/#organization\",\"name\":\"Masterchem\",\"url\":\"https:\/\/masterchem.ee\/fi\/\",\"logo\":{\"@type\":\"ImageObject\",\"inLanguage\":\"fi\",\"@id\":\"https:\/\/masterchem.ee\/fi\/#\/schema\/logo\/image\/\",\"url\":\"https:\/\/masterchem.ee\/wp-content\/uploads\/2018\/02\/master-chem_final-1.png\",\"contentUrl\":\"https:\/\/masterchem.ee\/wp-content\/uploads\/2018\/02\/master-chem_final-1.png\",\"width\":850,\"height\":356,\"caption\":\"Masterchem\"},\"image\":{\"@id\":\"https:\/\/masterchem.ee\/fi\/#\/schema\/logo\/image\/\"}}]}<\/script>\n<!-- \/ Yoast SEO plugin. -->","yoast_head_json":{"title":"Natriummetasilikaattipentahydraatti (CAS 10213-79-3) - Chemistry For Industry - Solvents &amp; Chemicals - Masterchem.ee","description":"Natriummetasilikaatti on kemiallinen aine, jonka kaava on Na2SiO3, joka on kaupallisten natriumsilikaattiliuosten p\u00e4\u00e4komponentti.","robots":{"index":"index","follow":"follow","max-snippet":"max-snippet:-1","max-image-preview":"max-image-preview:large","max-video-preview":"max-video-preview:-1"},"canonical":"https:\/\/masterchem.ee\/fi\/tooted-ja-teenused\/natriummetasilikaattipentahydraatti-cas-10213-79-3\/","twitter_card":"summary_large_image","twitter_title":"Natriummetasilikaattipentahydraatti (CAS 10213-79-3) - Chemistry For Industry - Solvents &amp; Chemicals - Masterchem.ee","twitter_description":"Natriummetasilikaatti on kemiallinen aine, jonka kaava on Na2SiO3, joka on kaupallisten natriumsilikaattiliuosten p\u00e4\u00e4komponentti.","twitter_image":"https:\/\/masterchem.ee\/wp-content\/uploads\/2021\/08\/Naatriummetasilikaatpentahudraat-25kg-MasterChem.png","schema":{"@context":"https:\/\/schema.org","@graph":[{"@type":"WebPage","@id":"https:\/\/masterchem.ee\/fi\/tooted-ja-teenused\/natriummetasilikaattipentahydraatti-cas-10213-79-3\/","url":"https:\/\/masterchem.ee\/fi\/tooted-ja-teenused\/natriummetasilikaattipentahydraatti-cas-10213-79-3\/","name":"Natriummetasilikaattipentahydraatti (CAS 10213-79-3) - Chemistry For Industry - Solvents &amp; Chemicals - Masterchem.ee","isPartOf":{"@id":"https:\/\/masterchem.ee\/fi\/#website"},"primaryImageOfPage":{"@id":"https:\/\/masterchem.ee\/fi\/tooted-ja-teenused\/natriummetasilikaattipentahydraatti-cas-10213-79-3\/#primaryimage"},"image":{"@id":"https:\/\/masterchem.ee\/fi\/tooted-ja-teenused\/natriummetasilikaattipentahydraatti-cas-10213-79-3\/#primaryimage"},"thumbnailUrl":"https:\/\/masterchem.ee\/wp-content\/uploads\/2021\/08\/Naatriummetasilikaatpentahudraat-25kg-MasterChem.png","datePublished":"2021-08-22T15:35:02+00:00","dateModified":"2021-08-22T15:41:13+00:00","description":"Natriummetasilikaatti on kemiallinen aine, jonka kaava on Na2SiO3, joka on kaupallisten natriumsilikaattiliuosten p\u00e4\u00e4komponentti.","breadcrumb":{"@id":"https:\/\/masterchem.ee\/fi\/tooted-ja-teenused\/natriummetasilikaattipentahydraatti-cas-10213-79-3\/#breadcrumb"},"inLanguage":"fi","potentialAction":[{"@type":"ReadAction","target":["https:\/\/masterchem.ee\/fi\/tooted-ja-teenused\/natriummetasilikaattipentahydraatti-cas-10213-79-3\/"]}]},{"@type":"ImageObject","inLanguage":"fi","@id":"https:\/\/masterchem.ee\/fi\/tooted-ja-teenused\/natriummetasilikaattipentahydraatti-cas-10213-79-3\/#primaryimage","url":"https:\/\/masterchem.ee\/wp-content\/uploads\/2021\/08\/Naatriummetasilikaatpentahudraat-25kg-MasterChem.png","contentUrl":"https:\/\/masterchem.ee\/wp-content\/uploads\/2021\/08\/Naatriummetasilikaatpentahudraat-25kg-MasterChem.png","width":1000,"height":1000,"caption":"Natriummetasilikaattipentahydraatti (CAS 10213-79-3) 25kg MasterChem"},{"@type":"BreadcrumbList","@id":"https:\/\/masterchem.ee\/fi\/tooted-ja-teenused\/natriummetasilikaattipentahydraatti-cas-10213-79-3\/#breadcrumb","itemListElement":[{"@type":"ListItem","position":1,"name":"Home","item":"https:\/\/masterchem.ee\/fi\/"},{"@type":"ListItem","position":2,"name":"Tooted ja teenused","item":"https:\/\/masterchem.ee\/tooted-ja-teenused\/"},{"@type":"ListItem","position":3,"name":"Natriummetasilikaattipentahydraatti (CAS 10213-79-3)"}]},{"@type":"WebSite","@id":"https:\/\/masterchem.ee\/fi\/#website","url":"https:\/\/masterchem.ee\/fi\/","name":"Masterchem.ee","description":"Chemistry For Industry - Solvents &amp; Chemicals","publisher":{"@id":"https:\/\/masterchem.ee\/fi\/#organization"},"potentialAction":[{"@type":"SearchAction","target":{"@type":"EntryPoint","urlTemplate":"https:\/\/masterchem.ee\/fi\/?s={search_term_string}"},"query-input":{"@type":"PropertyValueSpecification","valueRequired":true,"valueName":"search_term_string"}}],"inLanguage":"fi"},{"@type":"Organization","@id":"https:\/\/masterchem.ee\/fi\/#organization","name":"Masterchem","url":"https:\/\/masterchem.ee\/fi\/","logo":{"@type":"ImageObject","inLanguage":"fi","@id":"https:\/\/masterchem.ee\/fi\/#\/schema\/logo\/image\/","url":"https:\/\/masterchem.ee\/wp-content\/uploads\/2018\/02\/master-chem_final-1.png","contentUrl":"https:\/\/masterchem.ee\/wp-content\/uploads\/2018\/02\/master-chem_final-1.png","width":850,"height":356,"caption":"Masterchem"},"image":{"@id":"https:\/\/masterchem.ee\/fi\/#\/schema\/logo\/image\/"}}]}},"_links":{"self":[{"href":"https:\/\/masterchem.ee\/fi\/wp-json\/wp\/v2\/product\/13703","targetHints":{"allow":["GET"]}}],"collection":[{"href":"https:\/\/masterchem.ee\/fi\/wp-json\/wp\/v2\/product"}],"about":[{"href":"https:\/\/masterchem.ee\/fi\/wp-json\/wp\/v2\/types\/product"}],"wp:featuredmedia":[{"embeddable":true,"href":"https:\/\/masterchem.ee\/fi\/wp-json\/wp\/v2\/media\/13709"}],"wp:attachment":[{"href":"https:\/\/masterchem.ee\/fi\/wp-json\/wp\/v2\/media?parent=13703"}],"wp:term":[{"taxonomy":"product_brand","embeddable":true,"href":"https:\/\/masterchem.ee\/fi\/wp-json\/wp\/v2\/product_brand?post=13703"},{"taxonomy":"product_cat","embeddable":true,"href":"https:\/\/masterchem.ee\/fi\/wp-json\/wp\/v2\/product_cat?post=13703"},{"taxonomy":"product_tag","embeddable":true,"href":"https:\/\/masterchem.ee\/fi\/wp-json\/wp\/v2\/product_tag?post=13703"}],"curies":[{"name":"wp","href":"https:\/\/api.w.org\/{rel}","templated":true}]}}