{"id":13632,"date":"2021-08-22T15:00:31","date_gmt":"2021-08-22T15:00:39","guid":{"rendered":"https:\/\/masterchem.ee\/?post_type=product&#038;p=13632"},"modified":"2021-08-22T15:17:40","modified_gmt":"2021-08-22T15:17:40","slug":"lanoliini-cas-8006-54-0","status":"publish","type":"product","link":"https:\/\/masterchem.ee\/fi\/tooted-ja-teenused\/lanoliini-cas-8006-54-0\/","title":{"rendered":"Lanoliini (CAS 8006-54-0)"},"content":{"rendered":"<p> <strong> Info<\/strong> <\/p>\n<p> Toimialat: kotitalouskemikaalit, kosmetiikkateollisuus, l\u00e4\u00e4keteollisuus <br \/>\nCAS-numero: 8006-54-0 <br \/>\nWE-numero: 232-348-6 <\/p>\n<p> <strong> Muut fyysiset ominaisuudet <\/strong> <\/p>\n<p> Sulamis- \/ j\u00e4\u00e4tymispiste: 38-44 \u00b0 C <br \/>\nKiehumispiste \/ kiehumisalue: 180 \u00b0 C <br \/>\nSuhteellinen tiheys: 0,932 g\/cm (15 \u00b0 C) <\/p>\n","protected":false},"excerpt":{"rendered":"<p> <strong>Lanoliini (CAS 8006-54-0)<\/strong> <\/p>\n<p> Lanoliini\u00f6ljy on lampaan ihon erityst\u00e4. Se muistuttaa ihmisen talia, \u00f6ljy\u00e4, jota eritt\u00e4\u00e4 talirauhaset ja jota saatat huomata etenkin nen\u00e4ss\u00e4si. Toisin kuin tali, lanoliini ei sis\u00e4ll\u00e4 triglyseridej\u00e4. Lanoliinia kutsutaan joskus &#8221;villarasvaksi&#8221;, mutta termi on harhaanjohtava, koska siit\u00e4 puuttuu triglyseridit, joita on pidett\u00e4v\u00e4 rasvana. Lanoliinin tarkoitus on hoitaa ja suojata lampaan villaa. T\u00e4m\u00e4 hoitava ominaisuus on syy, miksi ainetta k\u00e4ytet\u00e4\u00e4n nyt laajalti ihmisten kosmetiikassa, ihonhoitotuotteissa ja hiustuotteissa. Lanoliini\u00f6ljy uutetaan laittamalla lampaanvilla sentrifugikoneen l\u00e4pi, joka erottaa \u00f6ljyn muista kemikaaleista ja roskista. Prosessi suoritetaan lampaan leikkaamisen j\u00e4lkeen, joten lanoliinin uuttaminen ei aiheuta haittaa lampaille. <\/p>\n","protected":false},"featured_media":13672,"template":"","meta":[],"product_brand":[],"product_cat":[180,294,117,120],"product_tag":[],"class_list":{"0":"post-13632","1":"product","2":"type-product","3":"status-publish","4":"has-post-thumbnail","6":"product_cat-uncategorized-fi-2","7":"product_cat-kosmetiikkateollisuus","8":"product_cat-kotitalouskemikaalit","9":"product_cat-laaketeollisuus","10":"pif-has-gallery","12":"first","13":"instock","14":"taxable","15":"shipping-taxable","16":"purchasable","17":"product-type-variable","18":"has-default-attributes"},"yoast_head":"<!-- This site is optimized with the Yoast SEO plugin v26.2 - https:\/\/yoast.com\/wordpress\/plugins\/seo\/ -->\n<title>Lanoliini (CAS 8006-54-0) - Chemistry For Industry - Solvents &amp; Chemicals - Masterchem.ee<\/title>\n<meta name=\"description\" content=\"Lanoliini\u00f6ljy on lampaan ihon erityst\u00e4. Se muistuttaa ihmisen talia, \u00f6ljy\u00e4, jota eritt\u00e4\u00e4 talirauhaset ja jota saatat huomata etenkin nen\u00e4ss\u00e4si.\" \/>\n<meta name=\"robots\" content=\"index, follow, max-snippet:-1, max-image-preview:large, max-video-preview:-1\" \/>\n<link rel=\"canonical\" href=\"https:\/\/masterchem.ee\/fi\/tooted-ja-teenused\/lanoliini-cas-8006-54-0\/\" \/>\n<meta name=\"twitter:card\" content=\"summary_large_image\" \/>\n<meta name=\"twitter:title\" content=\"Lanoliini (CAS 8006-54-0) - Chemistry For Industry - Solvents &amp; Chemicals - Masterchem.ee\" \/>\n<meta name=\"twitter:description\" content=\"Lanoliini\u00f6ljy on lampaan ihon erityst\u00e4. Se muistuttaa ihmisen talia, \u00f6ljy\u00e4, jota eritt\u00e4\u00e4 talirauhaset ja jota saatat huomata etenkin nen\u00e4ss\u00e4si.\" \/>\n<meta name=\"twitter:image\" content=\"https:\/\/masterchem.ee\/wp-content\/uploads\/2021\/08\/Lanoliin-1000l-MasterChem.jpg\" \/>\n<script type=\"application\/ld+json\" class=\"yoast-schema-graph\">{\"@context\":\"https:\/\/schema.org\",\"@graph\":[{\"@type\":\"WebPage\",\"@id\":\"https:\/\/masterchem.ee\/fi\/tooted-ja-teenused\/lanoliini-cas-8006-54-0\/\",\"url\":\"https:\/\/masterchem.ee\/fi\/tooted-ja-teenused\/lanoliini-cas-8006-54-0\/\",\"name\":\"Lanoliini (CAS 8006-54-0) - Chemistry For Industry - Solvents &amp; Chemicals - Masterchem.ee\",\"isPartOf\":{\"@id\":\"https:\/\/masterchem.ee\/fi\/#website\"},\"primaryImageOfPage\":{\"@id\":\"https:\/\/masterchem.ee\/fi\/tooted-ja-teenused\/lanoliini-cas-8006-54-0\/#primaryimage\"},\"image\":{\"@id\":\"https:\/\/masterchem.ee\/fi\/tooted-ja-teenused\/lanoliini-cas-8006-54-0\/#primaryimage\"},\"thumbnailUrl\":\"https:\/\/masterchem.ee\/wp-content\/uploads\/2021\/08\/Lanoliin-1000l-MasterChem.jpg\",\"datePublished\":\"2021-08-22T15:00:39+00:00\",\"dateModified\":\"2021-08-22T15:17:40+00:00\",\"description\":\"Lanoliini\u00f6ljy on lampaan ihon erityst\u00e4. Se muistuttaa ihmisen talia, \u00f6ljy\u00e4, jota eritt\u00e4\u00e4 talirauhaset ja jota saatat huomata etenkin nen\u00e4ss\u00e4si.\",\"breadcrumb\":{\"@id\":\"https:\/\/masterchem.ee\/fi\/tooted-ja-teenused\/lanoliini-cas-8006-54-0\/#breadcrumb\"},\"inLanguage\":\"fi\",\"potentialAction\":[{\"@type\":\"ReadAction\",\"target\":[\"https:\/\/masterchem.ee\/fi\/tooted-ja-teenused\/lanoliini-cas-8006-54-0\/\"]}]},{\"@type\":\"ImageObject\",\"inLanguage\":\"fi\",\"@id\":\"https:\/\/masterchem.ee\/fi\/tooted-ja-teenused\/lanoliini-cas-8006-54-0\/#primaryimage\",\"url\":\"https:\/\/masterchem.ee\/wp-content\/uploads\/2021\/08\/Lanoliin-1000l-MasterChem.jpg\",\"contentUrl\":\"https:\/\/masterchem.ee\/wp-content\/uploads\/2021\/08\/Lanoliin-1000l-MasterChem.jpg\",\"width\":1000,\"height\":1000,\"caption\":\"Lanoliini (CAS 8006-54-0) 1000l MaterChem\"},{\"@type\":\"BreadcrumbList\",\"@id\":\"https:\/\/masterchem.ee\/fi\/tooted-ja-teenused\/lanoliini-cas-8006-54-0\/#breadcrumb\",\"itemListElement\":[{\"@type\":\"ListItem\",\"position\":1,\"name\":\"Home\",\"item\":\"https:\/\/masterchem.ee\/fi\/\"},{\"@type\":\"ListItem\",\"position\":2,\"name\":\"Tooted ja teenused\",\"item\":\"https:\/\/masterchem.ee\/tooted-ja-teenused\/\"},{\"@type\":\"ListItem\",\"position\":3,\"name\":\"Lanoliini (CAS 8006-54-0)\"}]},{\"@type\":\"WebSite\",\"@id\":\"https:\/\/masterchem.ee\/fi\/#website\",\"url\":\"https:\/\/masterchem.ee\/fi\/\",\"name\":\"Masterchem.ee\",\"description\":\"Chemistry For Industry - Solvents &amp; Chemicals\",\"publisher\":{\"@id\":\"https:\/\/masterchem.ee\/fi\/#organization\"},\"potentialAction\":[{\"@type\":\"SearchAction\",\"target\":{\"@type\":\"EntryPoint\",\"urlTemplate\":\"https:\/\/masterchem.ee\/fi\/?s={search_term_string}\"},\"query-input\":{\"@type\":\"PropertyValueSpecification\",\"valueRequired\":true,\"valueName\":\"search_term_string\"}}],\"inLanguage\":\"fi\"},{\"@type\":\"Organization\",\"@id\":\"https:\/\/masterchem.ee\/fi\/#organization\",\"name\":\"Masterchem\",\"url\":\"https:\/\/masterchem.ee\/fi\/\",\"logo\":{\"@type\":\"ImageObject\",\"inLanguage\":\"fi\",\"@id\":\"https:\/\/masterchem.ee\/fi\/#\/schema\/logo\/image\/\",\"url\":\"https:\/\/masterchem.ee\/wp-content\/uploads\/2018\/02\/master-chem_final-1.png\",\"contentUrl\":\"https:\/\/masterchem.ee\/wp-content\/uploads\/2018\/02\/master-chem_final-1.png\",\"width\":850,\"height\":356,\"caption\":\"Masterchem\"},\"image\":{\"@id\":\"https:\/\/masterchem.ee\/fi\/#\/schema\/logo\/image\/\"}}]}<\/script>\n<!-- \/ Yoast SEO plugin. -->","yoast_head_json":{"title":"Lanoliini (CAS 8006-54-0) - Chemistry For Industry - Solvents &amp; Chemicals - Masterchem.ee","description":"Lanoliini\u00f6ljy on lampaan ihon erityst\u00e4. Se muistuttaa ihmisen talia, \u00f6ljy\u00e4, jota eritt\u00e4\u00e4 talirauhaset ja jota saatat huomata etenkin nen\u00e4ss\u00e4si.","robots":{"index":"index","follow":"follow","max-snippet":"max-snippet:-1","max-image-preview":"max-image-preview:large","max-video-preview":"max-video-preview:-1"},"canonical":"https:\/\/masterchem.ee\/fi\/tooted-ja-teenused\/lanoliini-cas-8006-54-0\/","twitter_card":"summary_large_image","twitter_title":"Lanoliini (CAS 8006-54-0) - Chemistry For Industry - Solvents &amp; Chemicals - Masterchem.ee","twitter_description":"Lanoliini\u00f6ljy on lampaan ihon erityst\u00e4. Se muistuttaa ihmisen talia, \u00f6ljy\u00e4, jota eritt\u00e4\u00e4 talirauhaset ja jota saatat huomata etenkin nen\u00e4ss\u00e4si.","twitter_image":"https:\/\/masterchem.ee\/wp-content\/uploads\/2021\/08\/Lanoliin-1000l-MasterChem.jpg","schema":{"@context":"https:\/\/schema.org","@graph":[{"@type":"WebPage","@id":"https:\/\/masterchem.ee\/fi\/tooted-ja-teenused\/lanoliini-cas-8006-54-0\/","url":"https:\/\/masterchem.ee\/fi\/tooted-ja-teenused\/lanoliini-cas-8006-54-0\/","name":"Lanoliini (CAS 8006-54-0) - Chemistry For Industry - Solvents &amp; Chemicals - Masterchem.ee","isPartOf":{"@id":"https:\/\/masterchem.ee\/fi\/#website"},"primaryImageOfPage":{"@id":"https:\/\/masterchem.ee\/fi\/tooted-ja-teenused\/lanoliini-cas-8006-54-0\/#primaryimage"},"image":{"@id":"https:\/\/masterchem.ee\/fi\/tooted-ja-teenused\/lanoliini-cas-8006-54-0\/#primaryimage"},"thumbnailUrl":"https:\/\/masterchem.ee\/wp-content\/uploads\/2021\/08\/Lanoliin-1000l-MasterChem.jpg","datePublished":"2021-08-22T15:00:39+00:00","dateModified":"2021-08-22T15:17:40+00:00","description":"Lanoliini\u00f6ljy on lampaan ihon erityst\u00e4. Se muistuttaa ihmisen talia, \u00f6ljy\u00e4, jota eritt\u00e4\u00e4 talirauhaset ja jota saatat huomata etenkin nen\u00e4ss\u00e4si.","breadcrumb":{"@id":"https:\/\/masterchem.ee\/fi\/tooted-ja-teenused\/lanoliini-cas-8006-54-0\/#breadcrumb"},"inLanguage":"fi","potentialAction":[{"@type":"ReadAction","target":["https:\/\/masterchem.ee\/fi\/tooted-ja-teenused\/lanoliini-cas-8006-54-0\/"]}]},{"@type":"ImageObject","inLanguage":"fi","@id":"https:\/\/masterchem.ee\/fi\/tooted-ja-teenused\/lanoliini-cas-8006-54-0\/#primaryimage","url":"https:\/\/masterchem.ee\/wp-content\/uploads\/2021\/08\/Lanoliin-1000l-MasterChem.jpg","contentUrl":"https:\/\/masterchem.ee\/wp-content\/uploads\/2021\/08\/Lanoliin-1000l-MasterChem.jpg","width":1000,"height":1000,"caption":"Lanoliini (CAS 8006-54-0) 1000l MaterChem"},{"@type":"BreadcrumbList","@id":"https:\/\/masterchem.ee\/fi\/tooted-ja-teenused\/lanoliini-cas-8006-54-0\/#breadcrumb","itemListElement":[{"@type":"ListItem","position":1,"name":"Home","item":"https:\/\/masterchem.ee\/fi\/"},{"@type":"ListItem","position":2,"name":"Tooted ja teenused","item":"https:\/\/masterchem.ee\/tooted-ja-teenused\/"},{"@type":"ListItem","position":3,"name":"Lanoliini (CAS 8006-54-0)"}]},{"@type":"WebSite","@id":"https:\/\/masterchem.ee\/fi\/#website","url":"https:\/\/masterchem.ee\/fi\/","name":"Masterchem.ee","description":"Chemistry For Industry - Solvents &amp; Chemicals","publisher":{"@id":"https:\/\/masterchem.ee\/fi\/#organization"},"potentialAction":[{"@type":"SearchAction","target":{"@type":"EntryPoint","urlTemplate":"https:\/\/masterchem.ee\/fi\/?s={search_term_string}"},"query-input":{"@type":"PropertyValueSpecification","valueRequired":true,"valueName":"search_term_string"}}],"inLanguage":"fi"},{"@type":"Organization","@id":"https:\/\/masterchem.ee\/fi\/#organization","name":"Masterchem","url":"https:\/\/masterchem.ee\/fi\/","logo":{"@type":"ImageObject","inLanguage":"fi","@id":"https:\/\/masterchem.ee\/fi\/#\/schema\/logo\/image\/","url":"https:\/\/masterchem.ee\/wp-content\/uploads\/2018\/02\/master-chem_final-1.png","contentUrl":"https:\/\/masterchem.ee\/wp-content\/uploads\/2018\/02\/master-chem_final-1.png","width":850,"height":356,"caption":"Masterchem"},"image":{"@id":"https:\/\/masterchem.ee\/fi\/#\/schema\/logo\/image\/"}}]}},"_links":{"self":[{"href":"https:\/\/masterchem.ee\/fi\/wp-json\/wp\/v2\/product\/13632","targetHints":{"allow":["GET"]}}],"collection":[{"href":"https:\/\/masterchem.ee\/fi\/wp-json\/wp\/v2\/product"}],"about":[{"href":"https:\/\/masterchem.ee\/fi\/wp-json\/wp\/v2\/types\/product"}],"wp:featuredmedia":[{"embeddable":true,"href":"https:\/\/masterchem.ee\/fi\/wp-json\/wp\/v2\/media\/13672"}],"wp:attachment":[{"href":"https:\/\/masterchem.ee\/fi\/wp-json\/wp\/v2\/media?parent=13632"}],"wp:term":[{"taxonomy":"product_brand","embeddable":true,"href":"https:\/\/masterchem.ee\/fi\/wp-json\/wp\/v2\/product_brand?post=13632"},{"taxonomy":"product_cat","embeddable":true,"href":"https:\/\/masterchem.ee\/fi\/wp-json\/wp\/v2\/product_cat?post=13632"},{"taxonomy":"product_tag","embeddable":true,"href":"https:\/\/masterchem.ee\/fi\/wp-json\/wp\/v2\/product_tag?post=13632"}],"curies":[{"name":"wp","href":"https:\/\/api.w.org\/{rel}","templated":true}]}}