{"id":13486,"date":"2021-08-20T10:33:33","date_gmt":"2021-08-20T10:33:40","guid":{"rendered":"https:\/\/masterchem.ee\/?post_type=product&#038;p=13486"},"modified":"2024-11-20T10:24:08","modified_gmt":"2024-11-20T10:24:08","slug":"rikkihappo-98-cas-7664-93-9","status":"publish","type":"product","link":"https:\/\/masterchem.ee\/fi\/tooted-ja-teenused\/rikkihappo-98-cas-7664-93-9\/","title":{"rendered":"Rikkihappo 98% (CAS 7664-93-9)"},"content":{"rendered":"<p> <strong> Info<\/strong> <\/p>\n<p> Toimialat: kotitalouskemikaalit, lannoitteet, liimat, \u00f6ljyt, rasvat, puutarhanhoito <br \/>\nCAS-numero: 7664-93-9 <br \/>\nWE-numero: 231-639-5 <br \/>\nKemiallinen kaava: H2SO4 <br \/>\nMoolimassa: 98,08 g \/mol <br \/>\nTullitariffi: 28070000 <br \/>\nADR: UN1830 <\/p>\n<p> <strong> Muut fyysiset ominaisuudet <\/strong> <\/p>\n<p> pH: <1\nSulamis- \/ j\u00e4\u00e4tymispiste: ok. 10,4 \u00b0 C <br \/>\nKiehumispiste \/ kiehumisalue: 290 \u00b0 C <br \/>\nSuhteellinen tiheys: 18144-1,8305 kg\/l <\/p>\n","protected":false},"excerpt":{"rendered":"<p> <strong>Rikkihappo 98% (CAS 7664-93-9)<\/strong> <\/p>\n<p>Sulfonihappo on pysym\u00e4t\u00f6n happo, jonka kaava on H-S(=O)2-OH. Sulfonihappo muuttuu nopeasti toiseksi tautomeerikseen, pysyv\u00e4ksi rikkihapokkeeksi HO-S(=O)-OH. Sulfonihapon orgaaniset johdokset, joissa rikin vetyatomi on korvautunut orgaanisella ryhm\u00e4ll\u00e4 R, ovat pysyvi\u00e4. Orgaanisten sulfonihappojen yleinen kaava on R-S(=O)2-OH. Termi\u00e4 sulfonaatti k\u00e4ytet\u00e4\u00e4n sulfonihapon estereist\u00e4, R-S(=O)2-OR ja ioneista, joiden yleinen rakenne on R-S(=O)2-O\u2212, miss\u00e4 R on jokin orgaaninen ryhm\u00e4.<\/p>\n<p><a class=\"download-doc-button-danger\" href=\"https:\/\/masterchem.ee\/wp-content\/uploads\/2024\/11\/Nouded-kliendiandmetele-lohkeainete-ostmisel-ee.docx\"><img decoding=\"async\" src=\"https:\/\/masterchem.ee\/wp-content\/uploads\/2024\/11\/doc-icon.png\">N\u00f5uded kliendiandmetele l\u00f5hkeainete ostmisel (doc)<\/a><\/p>\n<p><label class=\"buy-buttton-guard-label\"><input type=\"checkbox\" class=\"buy-buttton-guard\" data-default=\"Pyyd\u00e4 hintaa\" data-notificaion=\"Lomake on t\u00e4ytett\u00e4v\u00e4\"> &#8211; T\u00e4ytin ja l\u00e4hetin lomakkeen osoitteeseen <\/label> <a href=\"mailto:info@masterchem.ee\">info@masterchem.ee<\/a><\/p>\n","protected":false},"featured_media":13024,"template":"","meta":[],"product_brand":[],"product_cat":[180,117,323,351],"product_tag":[],"class_list":{"0":"post-13486","1":"product","2":"type-product","3":"status-publish","4":"has-post-thumbnail","6":"product_cat-uncategorized-fi-2","7":"product_cat-kotitalouskemikaalit","8":"product_cat-lannoitteet","9":"product_cat-puutarhanhoito","10":"pif-has-gallery","12":"first","13":"instock","14":"taxable","15":"shipping-taxable","16":"purchasable","17":"product-type-variable","18":"has-default-attributes"},"yoast_head":"<!-- This site is optimized with the Yoast SEO plugin v26.2 - https:\/\/yoast.com\/wordpress\/plugins\/seo\/ -->\n<title>Rikkihappo 98% (CAS 7664-93-9) - Chemistry For Industry - Solvents &amp; Chemicals - Masterchem.ee<\/title>\n<meta name=\"description\" content=\"Sulfonihappo on pysym\u00e4t\u00f6n happo, jonka kaava on H-S(=O)2-OH. Sulfonihappo muuttuu nopeasti toiseksi tautomeerikseen, pysyv\u00e4ksi rikkihapokkeeksi HO-S(=O)-OH.\" \/>\n<meta name=\"robots\" content=\"index, follow, max-snippet:-1, max-image-preview:large, max-video-preview:-1\" \/>\n<link rel=\"canonical\" href=\"https:\/\/masterchem.ee\/fi\/tooted-ja-teenused\/rikkihappo-98-cas-7664-93-9\/\" \/>\n<meta name=\"twitter:card\" content=\"summary_large_image\" \/>\n<meta name=\"twitter:title\" content=\"Rikkihappo 98% (CAS 7664-93-9) - Chemistry For Industry - Solvents &amp; Chemicals - Masterchem.ee\" \/>\n<meta name=\"twitter:description\" content=\"Sulfonihappo on pysym\u00e4t\u00f6n happo, jonka kaava on H-S(=O)2-OH. Sulfonihappo muuttuu nopeasti toiseksi tautomeerikseen, pysyv\u00e4ksi rikkihapokkeeksi HO-S(=O)-OH.\" \/>\n<meta name=\"twitter:image\" content=\"https:\/\/masterchem.ee\/wp-content\/uploads\/2021\/08\/Sulfoonhape-1000l-MasterChem.jpg\" \/>\n<script type=\"application\/ld+json\" class=\"yoast-schema-graph\">{\"@context\":\"https:\/\/schema.org\",\"@graph\":[{\"@type\":\"WebPage\",\"@id\":\"https:\/\/masterchem.ee\/fi\/tooted-ja-teenused\/rikkihappo-98-cas-7664-93-9\/\",\"url\":\"https:\/\/masterchem.ee\/fi\/tooted-ja-teenused\/rikkihappo-98-cas-7664-93-9\/\",\"name\":\"Rikkihappo 98% (CAS 7664-93-9) - Chemistry For Industry - Solvents &amp; Chemicals - Masterchem.ee\",\"isPartOf\":{\"@id\":\"https:\/\/masterchem.ee\/fi\/#website\"},\"primaryImageOfPage\":{\"@id\":\"https:\/\/masterchem.ee\/fi\/tooted-ja-teenused\/rikkihappo-98-cas-7664-93-9\/#primaryimage\"},\"image\":{\"@id\":\"https:\/\/masterchem.ee\/fi\/tooted-ja-teenused\/rikkihappo-98-cas-7664-93-9\/#primaryimage\"},\"thumbnailUrl\":\"https:\/\/masterchem.ee\/wp-content\/uploads\/2021\/08\/Sulfoonhape-1000l-MasterChem.jpg\",\"datePublished\":\"2021-08-20T10:33:40+00:00\",\"dateModified\":\"2024-11-20T10:24:08+00:00\",\"description\":\"Sulfonihappo on pysym\u00e4t\u00f6n happo, jonka kaava on H-S(=O)2-OH. Sulfonihappo muuttuu nopeasti toiseksi tautomeerikseen, pysyv\u00e4ksi rikkihapokkeeksi HO-S(=O)-OH.\",\"breadcrumb\":{\"@id\":\"https:\/\/masterchem.ee\/fi\/tooted-ja-teenused\/rikkihappo-98-cas-7664-93-9\/#breadcrumb\"},\"inLanguage\":\"fi\",\"potentialAction\":[{\"@type\":\"ReadAction\",\"target\":[\"https:\/\/masterchem.ee\/fi\/tooted-ja-teenused\/rikkihappo-98-cas-7664-93-9\/\"]}]},{\"@type\":\"ImageObject\",\"inLanguage\":\"fi\",\"@id\":\"https:\/\/masterchem.ee\/fi\/tooted-ja-teenused\/rikkihappo-98-cas-7664-93-9\/#primaryimage\",\"url\":\"https:\/\/masterchem.ee\/wp-content\/uploads\/2021\/08\/Sulfoonhape-1000l-MasterChem.jpg\",\"contentUrl\":\"https:\/\/masterchem.ee\/wp-content\/uploads\/2021\/08\/Sulfoonhape-1000l-MasterChem.jpg\",\"width\":1000,\"height\":1000,\"caption\":\"Sulfonihappo (CAS 5329-14-6) 1000l MaterChem\"},{\"@type\":\"BreadcrumbList\",\"@id\":\"https:\/\/masterchem.ee\/fi\/tooted-ja-teenused\/rikkihappo-98-cas-7664-93-9\/#breadcrumb\",\"itemListElement\":[{\"@type\":\"ListItem\",\"position\":1,\"name\":\"Home\",\"item\":\"https:\/\/masterchem.ee\/fi\/\"},{\"@type\":\"ListItem\",\"position\":2,\"name\":\"Tooted ja teenused\",\"item\":\"https:\/\/masterchem.ee\/tooted-ja-teenused\/\"},{\"@type\":\"ListItem\",\"position\":3,\"name\":\"Rikkihappo 98% (CAS 7664-93-9)\"}]},{\"@type\":\"WebSite\",\"@id\":\"https:\/\/masterchem.ee\/fi\/#website\",\"url\":\"https:\/\/masterchem.ee\/fi\/\",\"name\":\"Masterchem.ee\",\"description\":\"Chemistry For Industry - Solvents &amp; Chemicals\",\"publisher\":{\"@id\":\"https:\/\/masterchem.ee\/fi\/#organization\"},\"potentialAction\":[{\"@type\":\"SearchAction\",\"target\":{\"@type\":\"EntryPoint\",\"urlTemplate\":\"https:\/\/masterchem.ee\/fi\/?s={search_term_string}\"},\"query-input\":{\"@type\":\"PropertyValueSpecification\",\"valueRequired\":true,\"valueName\":\"search_term_string\"}}],\"inLanguage\":\"fi\"},{\"@type\":\"Organization\",\"@id\":\"https:\/\/masterchem.ee\/fi\/#organization\",\"name\":\"Masterchem\",\"url\":\"https:\/\/masterchem.ee\/fi\/\",\"logo\":{\"@type\":\"ImageObject\",\"inLanguage\":\"fi\",\"@id\":\"https:\/\/masterchem.ee\/fi\/#\/schema\/logo\/image\/\",\"url\":\"https:\/\/masterchem.ee\/wp-content\/uploads\/2018\/02\/master-chem_final-1.png\",\"contentUrl\":\"https:\/\/masterchem.ee\/wp-content\/uploads\/2018\/02\/master-chem_final-1.png\",\"width\":850,\"height\":356,\"caption\":\"Masterchem\"},\"image\":{\"@id\":\"https:\/\/masterchem.ee\/fi\/#\/schema\/logo\/image\/\"}}]}<\/script>\n<!-- \/ Yoast SEO plugin. -->","yoast_head_json":{"title":"Rikkihappo 98% (CAS 7664-93-9) - Chemistry For Industry - Solvents &amp; Chemicals - Masterchem.ee","description":"Sulfonihappo on pysym\u00e4t\u00f6n happo, jonka kaava on H-S(=O)2-OH. Sulfonihappo muuttuu nopeasti toiseksi tautomeerikseen, pysyv\u00e4ksi rikkihapokkeeksi HO-S(=O)-OH.","robots":{"index":"index","follow":"follow","max-snippet":"max-snippet:-1","max-image-preview":"max-image-preview:large","max-video-preview":"max-video-preview:-1"},"canonical":"https:\/\/masterchem.ee\/fi\/tooted-ja-teenused\/rikkihappo-98-cas-7664-93-9\/","twitter_card":"summary_large_image","twitter_title":"Rikkihappo 98% (CAS 7664-93-9) - Chemistry For Industry - Solvents &amp; Chemicals - Masterchem.ee","twitter_description":"Sulfonihappo on pysym\u00e4t\u00f6n happo, jonka kaava on H-S(=O)2-OH. Sulfonihappo muuttuu nopeasti toiseksi tautomeerikseen, pysyv\u00e4ksi rikkihapokkeeksi HO-S(=O)-OH.","twitter_image":"https:\/\/masterchem.ee\/wp-content\/uploads\/2021\/08\/Sulfoonhape-1000l-MasterChem.jpg","schema":{"@context":"https:\/\/schema.org","@graph":[{"@type":"WebPage","@id":"https:\/\/masterchem.ee\/fi\/tooted-ja-teenused\/rikkihappo-98-cas-7664-93-9\/","url":"https:\/\/masterchem.ee\/fi\/tooted-ja-teenused\/rikkihappo-98-cas-7664-93-9\/","name":"Rikkihappo 98% (CAS 7664-93-9) - Chemistry For Industry - Solvents &amp; Chemicals - Masterchem.ee","isPartOf":{"@id":"https:\/\/masterchem.ee\/fi\/#website"},"primaryImageOfPage":{"@id":"https:\/\/masterchem.ee\/fi\/tooted-ja-teenused\/rikkihappo-98-cas-7664-93-9\/#primaryimage"},"image":{"@id":"https:\/\/masterchem.ee\/fi\/tooted-ja-teenused\/rikkihappo-98-cas-7664-93-9\/#primaryimage"},"thumbnailUrl":"https:\/\/masterchem.ee\/wp-content\/uploads\/2021\/08\/Sulfoonhape-1000l-MasterChem.jpg","datePublished":"2021-08-20T10:33:40+00:00","dateModified":"2024-11-20T10:24:08+00:00","description":"Sulfonihappo on pysym\u00e4t\u00f6n happo, jonka kaava on H-S(=O)2-OH. Sulfonihappo muuttuu nopeasti toiseksi tautomeerikseen, pysyv\u00e4ksi rikkihapokkeeksi HO-S(=O)-OH.","breadcrumb":{"@id":"https:\/\/masterchem.ee\/fi\/tooted-ja-teenused\/rikkihappo-98-cas-7664-93-9\/#breadcrumb"},"inLanguage":"fi","potentialAction":[{"@type":"ReadAction","target":["https:\/\/masterchem.ee\/fi\/tooted-ja-teenused\/rikkihappo-98-cas-7664-93-9\/"]}]},{"@type":"ImageObject","inLanguage":"fi","@id":"https:\/\/masterchem.ee\/fi\/tooted-ja-teenused\/rikkihappo-98-cas-7664-93-9\/#primaryimage","url":"https:\/\/masterchem.ee\/wp-content\/uploads\/2021\/08\/Sulfoonhape-1000l-MasterChem.jpg","contentUrl":"https:\/\/masterchem.ee\/wp-content\/uploads\/2021\/08\/Sulfoonhape-1000l-MasterChem.jpg","width":1000,"height":1000,"caption":"Sulfonihappo (CAS 5329-14-6) 1000l MaterChem"},{"@type":"BreadcrumbList","@id":"https:\/\/masterchem.ee\/fi\/tooted-ja-teenused\/rikkihappo-98-cas-7664-93-9\/#breadcrumb","itemListElement":[{"@type":"ListItem","position":1,"name":"Home","item":"https:\/\/masterchem.ee\/fi\/"},{"@type":"ListItem","position":2,"name":"Tooted ja teenused","item":"https:\/\/masterchem.ee\/tooted-ja-teenused\/"},{"@type":"ListItem","position":3,"name":"Rikkihappo 98% (CAS 7664-93-9)"}]},{"@type":"WebSite","@id":"https:\/\/masterchem.ee\/fi\/#website","url":"https:\/\/masterchem.ee\/fi\/","name":"Masterchem.ee","description":"Chemistry For Industry - Solvents &amp; Chemicals","publisher":{"@id":"https:\/\/masterchem.ee\/fi\/#organization"},"potentialAction":[{"@type":"SearchAction","target":{"@type":"EntryPoint","urlTemplate":"https:\/\/masterchem.ee\/fi\/?s={search_term_string}"},"query-input":{"@type":"PropertyValueSpecification","valueRequired":true,"valueName":"search_term_string"}}],"inLanguage":"fi"},{"@type":"Organization","@id":"https:\/\/masterchem.ee\/fi\/#organization","name":"Masterchem","url":"https:\/\/masterchem.ee\/fi\/","logo":{"@type":"ImageObject","inLanguage":"fi","@id":"https:\/\/masterchem.ee\/fi\/#\/schema\/logo\/image\/","url":"https:\/\/masterchem.ee\/wp-content\/uploads\/2018\/02\/master-chem_final-1.png","contentUrl":"https:\/\/masterchem.ee\/wp-content\/uploads\/2018\/02\/master-chem_final-1.png","width":850,"height":356,"caption":"Masterchem"},"image":{"@id":"https:\/\/masterchem.ee\/fi\/#\/schema\/logo\/image\/"}}]}},"_links":{"self":[{"href":"https:\/\/masterchem.ee\/fi\/wp-json\/wp\/v2\/product\/13486","targetHints":{"allow":["GET"]}}],"collection":[{"href":"https:\/\/masterchem.ee\/fi\/wp-json\/wp\/v2\/product"}],"about":[{"href":"https:\/\/masterchem.ee\/fi\/wp-json\/wp\/v2\/types\/product"}],"wp:featuredmedia":[{"embeddable":true,"href":"https:\/\/masterchem.ee\/fi\/wp-json\/wp\/v2\/media\/13024"}],"wp:attachment":[{"href":"https:\/\/masterchem.ee\/fi\/wp-json\/wp\/v2\/media?parent=13486"}],"wp:term":[{"taxonomy":"product_brand","embeddable":true,"href":"https:\/\/masterchem.ee\/fi\/wp-json\/wp\/v2\/product_brand?post=13486"},{"taxonomy":"product_cat","embeddable":true,"href":"https:\/\/masterchem.ee\/fi\/wp-json\/wp\/v2\/product_cat?post=13486"},{"taxonomy":"product_tag","embeddable":true,"href":"https:\/\/masterchem.ee\/fi\/wp-json\/wp\/v2\/product_tag?post=13486"}],"curies":[{"name":"wp","href":"https:\/\/api.w.org\/{rel}","templated":true}]}}