{"id":13455,"date":"2021-08-20T10:19:26","date_gmt":"2021-08-20T10:19:29","guid":{"rendered":"https:\/\/masterchem.ee\/?post_type=product&#038;p=13455"},"modified":"2022-05-10T08:43:09","modified_gmt":"2022-05-10T08:43:09","slug":"dinatriumedetaatti-cas-6381-92-6","status":"publish","type":"product","link":"https:\/\/masterchem.ee\/fi\/tooted-ja-teenused\/dinatriumedetaatti-cas-6381-92-6\/","title":{"rendered":"Dinatriumedetaatti (CAS 6381-92-6)"},"content":{"rendered":"<p> <strong> Info<\/strong> <\/p>\n<p> Toimialat: kotitalouskemikaalit, kosmetiikkateollisuus, l\u00e4\u00e4keteollisuus <br \/>\nCAS-numero: 6381-92-6 <br \/>\nWE-numero: 205-358-3 <br \/>\nKemiallinen kaava: C10H14N2Na2O8 <br \/>\nMoolimassa: 372,2 g\/mol <\/p>\n<p> <strong> Muut fyysiset ominaisuudet <\/strong> <\/p>\n<p> pH: 4,0 &#8211; 5,0 <br \/>\nKiehumispiste \/ kiehumisalue: 105-110 \u00b0 C <br \/>\nSuhteellinen tiheys: 1767 g \/cm3 (20 \u00b0 C) <br \/>\nLiukoisuus veteen: ~ 100 g\/l <\/p>\n","protected":false},"excerpt":{"rendered":"<p><strong>Dinatriumedetaatti (CAS 6381-92-6)<\/strong><\/p>\n<p>Edetaattidinatrium on edetaatin dinatriumsuolan muoto, raskasmetallikelatointiaine, jolla on hyperkalsemiaa ja rytmih\u00e4iri\u00f6it\u00e4 ehk\u00e4isevi\u00e4 ominaisuuksia. Edetaatti, raskasmetalliantagonisti, kelaatoi kaksi- ja kolmiarvoisia metalleja muodostaen liukoisia stabiileja komplekseja, jotka erittyv\u00e4t helposti munuaisten kautta, jolloin sit\u00e4 voidaan k\u00e4ytt\u00e4\u00e4 seerumin kalsiumpitoisuuksien alentamiseen. Lis\u00e4ksi t\u00e4ll\u00e4 aineella on negatiivinen inotrooppinen vaikutus syd\u00e4meen ohimenev\u00e4sti indusoidun hypokalsemisen tilan kautta, mik\u00e4 antagonisoi digitalisglykosidien inotrooppisia ja kronotrooppisia vaikutuksia syd\u00e4men kammioihin. Silm\u00e4\u00e4n annettuna edetaatti saa aikaan oftalmisen vaikutuksensa kelatoimalla kalsiumia muodostaen liukoisia komplekseja, mik\u00e4 poistaa sarveiskalvon kalsiumkertymi\u00e4.<\/p>\n","protected":false},"featured_media":13463,"template":"","meta":[],"product_brand":[],"product_cat":[180,294,117,120],"product_tag":[],"class_list":{"0":"post-13455","1":"product","2":"type-product","3":"status-publish","4":"has-post-thumbnail","6":"product_cat-uncategorized-fi-2","7":"product_cat-kosmetiikkateollisuus","8":"product_cat-kotitalouskemikaalit","9":"product_cat-laaketeollisuus","11":"first","12":"instock","13":"taxable","14":"shipping-taxable","15":"purchasable","16":"product-type-variable","17":"has-default-attributes"},"yoast_head":"<!-- This site is optimized with the Yoast SEO plugin v26.2 - https:\/\/yoast.com\/wordpress\/plugins\/seo\/ -->\n<title>Dinatriumedetaatti (CAS 6381-92-6) - Chemistry For Industry - Solvents &amp; Chemicals - Masterchem.ee<\/title>\n<meta name=\"description\" content=\"Edetaattidinatrium on edetaatin, raskasmetallikelatointiaineen, dinatriumsuolan muoto, jolla on antihyperkalsemisia ja rytmih\u00e4iri\u00f6it\u00e4 ehk\u00e4isevi\u00e4 ominaisuuksia.\" \/>\n<meta name=\"robots\" content=\"index, follow, max-snippet:-1, max-image-preview:large, max-video-preview:-1\" \/>\n<link rel=\"canonical\" href=\"https:\/\/masterchem.ee\/fi\/tooted-ja-teenused\/dinatriumedetaatti-cas-6381-92-6\/\" \/>\n<meta name=\"twitter:card\" content=\"summary_large_image\" \/>\n<meta name=\"twitter:title\" content=\"Dinatriumedetaatti (CAS 6381-92-6) - Chemistry For Industry - Solvents &amp; Chemicals - Masterchem.ee\" \/>\n<meta name=\"twitter:description\" content=\"Edetaattidinatrium on edetaatin, raskasmetallikelatointiaineen, dinatriumsuolan muoto, jolla on antihyperkalsemisia ja rytmih\u00e4iri\u00f6it\u00e4 ehk\u00e4isevi\u00e4 ominaisuuksia.\" \/>\n<meta name=\"twitter:image\" content=\"https:\/\/masterchem.ee\/wp-content\/uploads\/2021\/08\/Dinaatriumedetaat-25kg-MasterChem.png\" \/>\n<script type=\"application\/ld+json\" class=\"yoast-schema-graph\">{\"@context\":\"https:\/\/schema.org\",\"@graph\":[{\"@type\":\"WebPage\",\"@id\":\"https:\/\/masterchem.ee\/fi\/tooted-ja-teenused\/dinatriumedetaatti-cas-6381-92-6\/\",\"url\":\"https:\/\/masterchem.ee\/fi\/tooted-ja-teenused\/dinatriumedetaatti-cas-6381-92-6\/\",\"name\":\"Dinatriumedetaatti (CAS 6381-92-6) - Chemistry For Industry - Solvents &amp; Chemicals - Masterchem.ee\",\"isPartOf\":{\"@id\":\"https:\/\/masterchem.ee\/fi\/#website\"},\"primaryImageOfPage\":{\"@id\":\"https:\/\/masterchem.ee\/fi\/tooted-ja-teenused\/dinatriumedetaatti-cas-6381-92-6\/#primaryimage\"},\"image\":{\"@id\":\"https:\/\/masterchem.ee\/fi\/tooted-ja-teenused\/dinatriumedetaatti-cas-6381-92-6\/#primaryimage\"},\"thumbnailUrl\":\"https:\/\/masterchem.ee\/wp-content\/uploads\/2021\/08\/Dinaatriumedetaat-25kg-MasterChem.png\",\"datePublished\":\"2021-08-20T10:19:29+00:00\",\"dateModified\":\"2022-05-10T08:43:09+00:00\",\"description\":\"Edetaattidinatrium on edetaatin, raskasmetallikelatointiaineen, dinatriumsuolan muoto, jolla on antihyperkalsemisia ja rytmih\u00e4iri\u00f6it\u00e4 ehk\u00e4isevi\u00e4 ominaisuuksia.\",\"breadcrumb\":{\"@id\":\"https:\/\/masterchem.ee\/fi\/tooted-ja-teenused\/dinatriumedetaatti-cas-6381-92-6\/#breadcrumb\"},\"inLanguage\":\"fi\",\"potentialAction\":[{\"@type\":\"ReadAction\",\"target\":[\"https:\/\/masterchem.ee\/fi\/tooted-ja-teenused\/dinatriumedetaatti-cas-6381-92-6\/\"]}]},{\"@type\":\"ImageObject\",\"inLanguage\":\"fi\",\"@id\":\"https:\/\/masterchem.ee\/fi\/tooted-ja-teenused\/dinatriumedetaatti-cas-6381-92-6\/#primaryimage\",\"url\":\"https:\/\/masterchem.ee\/wp-content\/uploads\/2021\/08\/Dinaatriumedetaat-25kg-MasterChem.png\",\"contentUrl\":\"https:\/\/masterchem.ee\/wp-content\/uploads\/2021\/08\/Dinaatriumedetaat-25kg-MasterChem.png\",\"width\":1000,\"height\":1000,\"caption\":\"Dinatriumedetaatti (CAS 6381-92-6)25kg MasterChem\"},{\"@type\":\"BreadcrumbList\",\"@id\":\"https:\/\/masterchem.ee\/fi\/tooted-ja-teenused\/dinatriumedetaatti-cas-6381-92-6\/#breadcrumb\",\"itemListElement\":[{\"@type\":\"ListItem\",\"position\":1,\"name\":\"Home\",\"item\":\"https:\/\/masterchem.ee\/fi\/\"},{\"@type\":\"ListItem\",\"position\":2,\"name\":\"Tooted ja teenused\",\"item\":\"https:\/\/masterchem.ee\/tooted-ja-teenused\/\"},{\"@type\":\"ListItem\",\"position\":3,\"name\":\"Dinatriumedetaatti (CAS 6381-92-6)\"}]},{\"@type\":\"WebSite\",\"@id\":\"https:\/\/masterchem.ee\/fi\/#website\",\"url\":\"https:\/\/masterchem.ee\/fi\/\",\"name\":\"Masterchem.ee\",\"description\":\"Chemistry For Industry - Solvents &amp; Chemicals\",\"publisher\":{\"@id\":\"https:\/\/masterchem.ee\/fi\/#organization\"},\"potentialAction\":[{\"@type\":\"SearchAction\",\"target\":{\"@type\":\"EntryPoint\",\"urlTemplate\":\"https:\/\/masterchem.ee\/fi\/?s={search_term_string}\"},\"query-input\":{\"@type\":\"PropertyValueSpecification\",\"valueRequired\":true,\"valueName\":\"search_term_string\"}}],\"inLanguage\":\"fi\"},{\"@type\":\"Organization\",\"@id\":\"https:\/\/masterchem.ee\/fi\/#organization\",\"name\":\"Masterchem\",\"url\":\"https:\/\/masterchem.ee\/fi\/\",\"logo\":{\"@type\":\"ImageObject\",\"inLanguage\":\"fi\",\"@id\":\"https:\/\/masterchem.ee\/fi\/#\/schema\/logo\/image\/\",\"url\":\"https:\/\/masterchem.ee\/wp-content\/uploads\/2018\/02\/master-chem_final-1.png\",\"contentUrl\":\"https:\/\/masterchem.ee\/wp-content\/uploads\/2018\/02\/master-chem_final-1.png\",\"width\":850,\"height\":356,\"caption\":\"Masterchem\"},\"image\":{\"@id\":\"https:\/\/masterchem.ee\/fi\/#\/schema\/logo\/image\/\"}}]}<\/script>\n<!-- \/ Yoast SEO plugin. -->","yoast_head_json":{"title":"Dinatriumedetaatti (CAS 6381-92-6) - Chemistry For Industry - Solvents &amp; Chemicals - Masterchem.ee","description":"Edetaattidinatrium on edetaatin, raskasmetallikelatointiaineen, dinatriumsuolan muoto, jolla on antihyperkalsemisia ja rytmih\u00e4iri\u00f6it\u00e4 ehk\u00e4isevi\u00e4 ominaisuuksia.","robots":{"index":"index","follow":"follow","max-snippet":"max-snippet:-1","max-image-preview":"max-image-preview:large","max-video-preview":"max-video-preview:-1"},"canonical":"https:\/\/masterchem.ee\/fi\/tooted-ja-teenused\/dinatriumedetaatti-cas-6381-92-6\/","twitter_card":"summary_large_image","twitter_title":"Dinatriumedetaatti (CAS 6381-92-6) - Chemistry For Industry - Solvents &amp; Chemicals - Masterchem.ee","twitter_description":"Edetaattidinatrium on edetaatin, raskasmetallikelatointiaineen, dinatriumsuolan muoto, jolla on antihyperkalsemisia ja rytmih\u00e4iri\u00f6it\u00e4 ehk\u00e4isevi\u00e4 ominaisuuksia.","twitter_image":"https:\/\/masterchem.ee\/wp-content\/uploads\/2021\/08\/Dinaatriumedetaat-25kg-MasterChem.png","schema":{"@context":"https:\/\/schema.org","@graph":[{"@type":"WebPage","@id":"https:\/\/masterchem.ee\/fi\/tooted-ja-teenused\/dinatriumedetaatti-cas-6381-92-6\/","url":"https:\/\/masterchem.ee\/fi\/tooted-ja-teenused\/dinatriumedetaatti-cas-6381-92-6\/","name":"Dinatriumedetaatti (CAS 6381-92-6) - Chemistry For Industry - Solvents &amp; Chemicals - Masterchem.ee","isPartOf":{"@id":"https:\/\/masterchem.ee\/fi\/#website"},"primaryImageOfPage":{"@id":"https:\/\/masterchem.ee\/fi\/tooted-ja-teenused\/dinatriumedetaatti-cas-6381-92-6\/#primaryimage"},"image":{"@id":"https:\/\/masterchem.ee\/fi\/tooted-ja-teenused\/dinatriumedetaatti-cas-6381-92-6\/#primaryimage"},"thumbnailUrl":"https:\/\/masterchem.ee\/wp-content\/uploads\/2021\/08\/Dinaatriumedetaat-25kg-MasterChem.png","datePublished":"2021-08-20T10:19:29+00:00","dateModified":"2022-05-10T08:43:09+00:00","description":"Edetaattidinatrium on edetaatin, raskasmetallikelatointiaineen, dinatriumsuolan muoto, jolla on antihyperkalsemisia ja rytmih\u00e4iri\u00f6it\u00e4 ehk\u00e4isevi\u00e4 ominaisuuksia.","breadcrumb":{"@id":"https:\/\/masterchem.ee\/fi\/tooted-ja-teenused\/dinatriumedetaatti-cas-6381-92-6\/#breadcrumb"},"inLanguage":"fi","potentialAction":[{"@type":"ReadAction","target":["https:\/\/masterchem.ee\/fi\/tooted-ja-teenused\/dinatriumedetaatti-cas-6381-92-6\/"]}]},{"@type":"ImageObject","inLanguage":"fi","@id":"https:\/\/masterchem.ee\/fi\/tooted-ja-teenused\/dinatriumedetaatti-cas-6381-92-6\/#primaryimage","url":"https:\/\/masterchem.ee\/wp-content\/uploads\/2021\/08\/Dinaatriumedetaat-25kg-MasterChem.png","contentUrl":"https:\/\/masterchem.ee\/wp-content\/uploads\/2021\/08\/Dinaatriumedetaat-25kg-MasterChem.png","width":1000,"height":1000,"caption":"Dinatriumedetaatti (CAS 6381-92-6)25kg MasterChem"},{"@type":"BreadcrumbList","@id":"https:\/\/masterchem.ee\/fi\/tooted-ja-teenused\/dinatriumedetaatti-cas-6381-92-6\/#breadcrumb","itemListElement":[{"@type":"ListItem","position":1,"name":"Home","item":"https:\/\/masterchem.ee\/fi\/"},{"@type":"ListItem","position":2,"name":"Tooted ja teenused","item":"https:\/\/masterchem.ee\/tooted-ja-teenused\/"},{"@type":"ListItem","position":3,"name":"Dinatriumedetaatti (CAS 6381-92-6)"}]},{"@type":"WebSite","@id":"https:\/\/masterchem.ee\/fi\/#website","url":"https:\/\/masterchem.ee\/fi\/","name":"Masterchem.ee","description":"Chemistry For Industry - Solvents &amp; Chemicals","publisher":{"@id":"https:\/\/masterchem.ee\/fi\/#organization"},"potentialAction":[{"@type":"SearchAction","target":{"@type":"EntryPoint","urlTemplate":"https:\/\/masterchem.ee\/fi\/?s={search_term_string}"},"query-input":{"@type":"PropertyValueSpecification","valueRequired":true,"valueName":"search_term_string"}}],"inLanguage":"fi"},{"@type":"Organization","@id":"https:\/\/masterchem.ee\/fi\/#organization","name":"Masterchem","url":"https:\/\/masterchem.ee\/fi\/","logo":{"@type":"ImageObject","inLanguage":"fi","@id":"https:\/\/masterchem.ee\/fi\/#\/schema\/logo\/image\/","url":"https:\/\/masterchem.ee\/wp-content\/uploads\/2018\/02\/master-chem_final-1.png","contentUrl":"https:\/\/masterchem.ee\/wp-content\/uploads\/2018\/02\/master-chem_final-1.png","width":850,"height":356,"caption":"Masterchem"},"image":{"@id":"https:\/\/masterchem.ee\/fi\/#\/schema\/logo\/image\/"}}]}},"_links":{"self":[{"href":"https:\/\/masterchem.ee\/fi\/wp-json\/wp\/v2\/product\/13455","targetHints":{"allow":["GET"]}}],"collection":[{"href":"https:\/\/masterchem.ee\/fi\/wp-json\/wp\/v2\/product"}],"about":[{"href":"https:\/\/masterchem.ee\/fi\/wp-json\/wp\/v2\/types\/product"}],"wp:featuredmedia":[{"embeddable":true,"href":"https:\/\/masterchem.ee\/fi\/wp-json\/wp\/v2\/media\/13463"}],"wp:attachment":[{"href":"https:\/\/masterchem.ee\/fi\/wp-json\/wp\/v2\/media?parent=13455"}],"wp:term":[{"taxonomy":"product_brand","embeddable":true,"href":"https:\/\/masterchem.ee\/fi\/wp-json\/wp\/v2\/product_brand?post=13455"},{"taxonomy":"product_cat","embeddable":true,"href":"https:\/\/masterchem.ee\/fi\/wp-json\/wp\/v2\/product_cat?post=13455"},{"taxonomy":"product_tag","embeddable":true,"href":"https:\/\/masterchem.ee\/fi\/wp-json\/wp\/v2\/product_tag?post=13455"}],"curies":[{"name":"wp","href":"https:\/\/api.w.org\/{rel}","templated":true}]}}