{"id":13373,"date":"2021-08-18T18:55:11","date_gmt":"2021-08-18T18:55:18","guid":{"rendered":"https:\/\/masterchem.ee\/?post_type=product&#038;p=13373"},"modified":"2021-08-18T19:14:25","modified_gmt":"2021-08-18T19:14:25","slug":"muurahaishappo-85-cas-64-18-6","status":"publish","type":"product","link":"https:\/\/masterchem.ee\/fi\/tooted-ja-teenused\/muurahaishappo-85-cas-64-18-6\/","title":{"rendered":"Muurahaishappo 85% (CAS 64-18-6)"},"content":{"rendered":"<p> <strong> Info<\/strong> <\/p>\n<p> Toimialat: kotitalouskemikaalit, kosmetiikkateollisuus, elintarviketeollisuus, rehuteollisuus <br \/>\nCAS-numero: 598-82-3 <br \/>\nWE-numero: 209-954-4 <br \/>\nKemiallinen kaava: C3H6O3 <br \/>\nMoolimassa: 90,08 g \/mol <br \/>\nTullitariffi: 29181100 <\/p>\n<p> <strong> Muut fyysiset ominaisuudet <\/strong> \n<\/p>\n<p> pH: ~ 2,8 (10 g \/l, 20 \u00b0 C) <br \/>\nKiehumispiste \/ kiehumisalue: 122 \u00b0 C (20 hPa) <br \/>\nSuhteellinen tiheys: ~ 1,2 g\/cm3 (20 \u00b0 C) <\/p>\n","protected":false},"excerpt":{"rendered":"<p> <strong>Maitohappo (CAS 598-82-3)<\/strong> <\/p>\n<p>Muurahaishappo eli metaanihappo on yksinkertaisin karboksyylihappo, jonka molekyylikaava on HCOOH. Muurahaishappo on v\u00e4rit\u00f6nt\u00e4, pist\u00e4v\u00e4nhajuista, sy\u00f6vytt\u00e4v\u00e4\u00e4 ja savuavaa nestett\u00e4, joka muodostaa sumua kosteassa ilmassa. Muurahaishappo sy\u00f6vytt\u00e4\u00e4 useita metalleja, kuten esimerkiksi alumiinia, lyijy\u00e4 ja valurautaa. Se on heikko happo, jonka happovakio on Ka = 1,80 * 10-4 (huoneenl\u00e4mm\u00f6ss\u00e4) ja pKa = 3,77. Muurahaishapon EY-numero on 200-579-1.<\/p>\n<p>Luonnossa muurahaishappoa esiintyy monissa Hymenoptera-lahkon hy\u00f6nteisiss\u00e4, kuten mehil\u00e4isiss\u00e4 ja muurahaisissa, sek\u00e4 kasveissa kuten nokkosissa ja kuusen neulasissa. Happo saa n\u00e4iden hy\u00f6nteisten pistoksen kirvelem\u00e4\u00e4n. Muurahaishappo l\u00f6ydettiin vuonna 1671 tislaamalla muurahaisia.[2][3]<\/p>\n<p>Muurahaishapon suoloja nimitet\u00e4\u00e4n formiaateiksi.<\/p>\n<p>Muurahaishappoa k\u00e4ytet\u00e4\u00e4n AIV-rehun s\u00e4il\u00f6nt\u00e4\u00e4n. Menetelm\u00e4n etuna on rehun korkea valkuaisainepitoisuus verrattuna kuivahein\u00e4\u00e4n.<\/p>\n","protected":false},"featured_media":13446,"template":"","meta":[],"product_brand":[],"product_cat":[180,117,290],"product_tag":[],"class_list":{"0":"post-13373","1":"product","2":"type-product","3":"status-publish","4":"has-post-thumbnail","6":"product_cat-uncategorized-fi-2","7":"product_cat-kotitalouskemikaalit","8":"product_cat-rehuteollisuus","9":"pif-has-gallery","11":"first","12":"instock","13":"taxable","14":"shipping-taxable","15":"purchasable","16":"product-type-variable","17":"has-default-attributes"},"yoast_head":"<!-- This site is optimized with the Yoast SEO plugin v26.2 - https:\/\/yoast.com\/wordpress\/plugins\/seo\/ -->\n<title>Muurahaishappo 85% (CAS 64-18-6) - Chemistry For Industry - Solvents &amp; Chemicals - Masterchem.ee<\/title>\n<meta name=\"description\" content=\"Muurahaishappo eli metaanihappo on yksinkertaisin karboksyylihappo, jonka molekyylikaava on HCOOH.\" \/>\n<meta name=\"robots\" content=\"index, follow, max-snippet:-1, max-image-preview:large, max-video-preview:-1\" \/>\n<link rel=\"canonical\" href=\"https:\/\/masterchem.ee\/fi\/tooted-ja-teenused\/muurahaishappo-85-cas-64-18-6\/\" \/>\n<meta name=\"twitter:card\" content=\"summary_large_image\" \/>\n<meta name=\"twitter:title\" content=\"Muurahaishappo 85% (CAS 64-18-6) - Chemistry For Industry - Solvents &amp; Chemicals - Masterchem.ee\" \/>\n<meta name=\"twitter:description\" content=\"Muurahaishappo eli metaanihappo on yksinkertaisin karboksyylihappo, jonka molekyylikaava on HCOOH.\" \/>\n<meta name=\"twitter:image\" content=\"https:\/\/masterchem.ee\/wp-content\/uploads\/2021\/08\/Metaanhape-1000l-MasterChem.jpg\" \/>\n<script type=\"application\/ld+json\" class=\"yoast-schema-graph\">{\"@context\":\"https:\/\/schema.org\",\"@graph\":[{\"@type\":\"WebPage\",\"@id\":\"https:\/\/masterchem.ee\/fi\/tooted-ja-teenused\/muurahaishappo-85-cas-64-18-6\/\",\"url\":\"https:\/\/masterchem.ee\/fi\/tooted-ja-teenused\/muurahaishappo-85-cas-64-18-6\/\",\"name\":\"Muurahaishappo 85% (CAS 64-18-6) - Chemistry For Industry - Solvents &amp; Chemicals - Masterchem.ee\",\"isPartOf\":{\"@id\":\"https:\/\/masterchem.ee\/fi\/#website\"},\"primaryImageOfPage\":{\"@id\":\"https:\/\/masterchem.ee\/fi\/tooted-ja-teenused\/muurahaishappo-85-cas-64-18-6\/#primaryimage\"},\"image\":{\"@id\":\"https:\/\/masterchem.ee\/fi\/tooted-ja-teenused\/muurahaishappo-85-cas-64-18-6\/#primaryimage\"},\"thumbnailUrl\":\"https:\/\/masterchem.ee\/wp-content\/uploads\/2021\/08\/Metaanhape-1000l-MasterChem.jpg\",\"datePublished\":\"2021-08-18T18:55:18+00:00\",\"dateModified\":\"2021-08-18T19:14:25+00:00\",\"description\":\"Muurahaishappo eli metaanihappo on yksinkertaisin karboksyylihappo, jonka molekyylikaava on HCOOH.\",\"breadcrumb\":{\"@id\":\"https:\/\/masterchem.ee\/fi\/tooted-ja-teenused\/muurahaishappo-85-cas-64-18-6\/#breadcrumb\"},\"inLanguage\":\"fi\",\"potentialAction\":[{\"@type\":\"ReadAction\",\"target\":[\"https:\/\/masterchem.ee\/fi\/tooted-ja-teenused\/muurahaishappo-85-cas-64-18-6\/\"]}]},{\"@type\":\"ImageObject\",\"inLanguage\":\"fi\",\"@id\":\"https:\/\/masterchem.ee\/fi\/tooted-ja-teenused\/muurahaishappo-85-cas-64-18-6\/#primaryimage\",\"url\":\"https:\/\/masterchem.ee\/wp-content\/uploads\/2021\/08\/Metaanhape-1000l-MasterChem.jpg\",\"contentUrl\":\"https:\/\/masterchem.ee\/wp-content\/uploads\/2021\/08\/Metaanhape-1000l-MasterChem.jpg\",\"width\":1000,\"height\":1000,\"caption\":\"Muurahaishappo 85% (CAS 64-18-6) 1000l MaterChem\"},{\"@type\":\"BreadcrumbList\",\"@id\":\"https:\/\/masterchem.ee\/fi\/tooted-ja-teenused\/muurahaishappo-85-cas-64-18-6\/#breadcrumb\",\"itemListElement\":[{\"@type\":\"ListItem\",\"position\":1,\"name\":\"Home\",\"item\":\"https:\/\/masterchem.ee\/fi\/\"},{\"@type\":\"ListItem\",\"position\":2,\"name\":\"Tooted ja teenused\",\"item\":\"https:\/\/masterchem.ee\/tooted-ja-teenused\/\"},{\"@type\":\"ListItem\",\"position\":3,\"name\":\"Muurahaishappo 85% (CAS 64-18-6)\"}]},{\"@type\":\"WebSite\",\"@id\":\"https:\/\/masterchem.ee\/fi\/#website\",\"url\":\"https:\/\/masterchem.ee\/fi\/\",\"name\":\"Masterchem.ee\",\"description\":\"Chemistry For Industry - Solvents &amp; Chemicals\",\"publisher\":{\"@id\":\"https:\/\/masterchem.ee\/fi\/#organization\"},\"potentialAction\":[{\"@type\":\"SearchAction\",\"target\":{\"@type\":\"EntryPoint\",\"urlTemplate\":\"https:\/\/masterchem.ee\/fi\/?s={search_term_string}\"},\"query-input\":{\"@type\":\"PropertyValueSpecification\",\"valueRequired\":true,\"valueName\":\"search_term_string\"}}],\"inLanguage\":\"fi\"},{\"@type\":\"Organization\",\"@id\":\"https:\/\/masterchem.ee\/fi\/#organization\",\"name\":\"Masterchem\",\"url\":\"https:\/\/masterchem.ee\/fi\/\",\"logo\":{\"@type\":\"ImageObject\",\"inLanguage\":\"fi\",\"@id\":\"https:\/\/masterchem.ee\/fi\/#\/schema\/logo\/image\/\",\"url\":\"https:\/\/masterchem.ee\/wp-content\/uploads\/2018\/02\/master-chem_final-1.png\",\"contentUrl\":\"https:\/\/masterchem.ee\/wp-content\/uploads\/2018\/02\/master-chem_final-1.png\",\"width\":850,\"height\":356,\"caption\":\"Masterchem\"},\"image\":{\"@id\":\"https:\/\/masterchem.ee\/fi\/#\/schema\/logo\/image\/\"}}]}<\/script>\n<!-- \/ Yoast SEO plugin. -->","yoast_head_json":{"title":"Muurahaishappo 85% (CAS 64-18-6) - Chemistry For Industry - Solvents &amp; Chemicals - Masterchem.ee","description":"Muurahaishappo eli metaanihappo on yksinkertaisin karboksyylihappo, jonka molekyylikaava on HCOOH.","robots":{"index":"index","follow":"follow","max-snippet":"max-snippet:-1","max-image-preview":"max-image-preview:large","max-video-preview":"max-video-preview:-1"},"canonical":"https:\/\/masterchem.ee\/fi\/tooted-ja-teenused\/muurahaishappo-85-cas-64-18-6\/","twitter_card":"summary_large_image","twitter_title":"Muurahaishappo 85% (CAS 64-18-6) - Chemistry For Industry - Solvents &amp; Chemicals - Masterchem.ee","twitter_description":"Muurahaishappo eli metaanihappo on yksinkertaisin karboksyylihappo, jonka molekyylikaava on HCOOH.","twitter_image":"https:\/\/masterchem.ee\/wp-content\/uploads\/2021\/08\/Metaanhape-1000l-MasterChem.jpg","schema":{"@context":"https:\/\/schema.org","@graph":[{"@type":"WebPage","@id":"https:\/\/masterchem.ee\/fi\/tooted-ja-teenused\/muurahaishappo-85-cas-64-18-6\/","url":"https:\/\/masterchem.ee\/fi\/tooted-ja-teenused\/muurahaishappo-85-cas-64-18-6\/","name":"Muurahaishappo 85% (CAS 64-18-6) - Chemistry For Industry - Solvents &amp; Chemicals - Masterchem.ee","isPartOf":{"@id":"https:\/\/masterchem.ee\/fi\/#website"},"primaryImageOfPage":{"@id":"https:\/\/masterchem.ee\/fi\/tooted-ja-teenused\/muurahaishappo-85-cas-64-18-6\/#primaryimage"},"image":{"@id":"https:\/\/masterchem.ee\/fi\/tooted-ja-teenused\/muurahaishappo-85-cas-64-18-6\/#primaryimage"},"thumbnailUrl":"https:\/\/masterchem.ee\/wp-content\/uploads\/2021\/08\/Metaanhape-1000l-MasterChem.jpg","datePublished":"2021-08-18T18:55:18+00:00","dateModified":"2021-08-18T19:14:25+00:00","description":"Muurahaishappo eli metaanihappo on yksinkertaisin karboksyylihappo, jonka molekyylikaava on HCOOH.","breadcrumb":{"@id":"https:\/\/masterchem.ee\/fi\/tooted-ja-teenused\/muurahaishappo-85-cas-64-18-6\/#breadcrumb"},"inLanguage":"fi","potentialAction":[{"@type":"ReadAction","target":["https:\/\/masterchem.ee\/fi\/tooted-ja-teenused\/muurahaishappo-85-cas-64-18-6\/"]}]},{"@type":"ImageObject","inLanguage":"fi","@id":"https:\/\/masterchem.ee\/fi\/tooted-ja-teenused\/muurahaishappo-85-cas-64-18-6\/#primaryimage","url":"https:\/\/masterchem.ee\/wp-content\/uploads\/2021\/08\/Metaanhape-1000l-MasterChem.jpg","contentUrl":"https:\/\/masterchem.ee\/wp-content\/uploads\/2021\/08\/Metaanhape-1000l-MasterChem.jpg","width":1000,"height":1000,"caption":"Muurahaishappo 85% (CAS 64-18-6) 1000l MaterChem"},{"@type":"BreadcrumbList","@id":"https:\/\/masterchem.ee\/fi\/tooted-ja-teenused\/muurahaishappo-85-cas-64-18-6\/#breadcrumb","itemListElement":[{"@type":"ListItem","position":1,"name":"Home","item":"https:\/\/masterchem.ee\/fi\/"},{"@type":"ListItem","position":2,"name":"Tooted ja teenused","item":"https:\/\/masterchem.ee\/tooted-ja-teenused\/"},{"@type":"ListItem","position":3,"name":"Muurahaishappo 85% (CAS 64-18-6)"}]},{"@type":"WebSite","@id":"https:\/\/masterchem.ee\/fi\/#website","url":"https:\/\/masterchem.ee\/fi\/","name":"Masterchem.ee","description":"Chemistry For Industry - Solvents &amp; Chemicals","publisher":{"@id":"https:\/\/masterchem.ee\/fi\/#organization"},"potentialAction":[{"@type":"SearchAction","target":{"@type":"EntryPoint","urlTemplate":"https:\/\/masterchem.ee\/fi\/?s={search_term_string}"},"query-input":{"@type":"PropertyValueSpecification","valueRequired":true,"valueName":"search_term_string"}}],"inLanguage":"fi"},{"@type":"Organization","@id":"https:\/\/masterchem.ee\/fi\/#organization","name":"Masterchem","url":"https:\/\/masterchem.ee\/fi\/","logo":{"@type":"ImageObject","inLanguage":"fi","@id":"https:\/\/masterchem.ee\/fi\/#\/schema\/logo\/image\/","url":"https:\/\/masterchem.ee\/wp-content\/uploads\/2018\/02\/master-chem_final-1.png","contentUrl":"https:\/\/masterchem.ee\/wp-content\/uploads\/2018\/02\/master-chem_final-1.png","width":850,"height":356,"caption":"Masterchem"},"image":{"@id":"https:\/\/masterchem.ee\/fi\/#\/schema\/logo\/image\/"}}]}},"_links":{"self":[{"href":"https:\/\/masterchem.ee\/fi\/wp-json\/wp\/v2\/product\/13373","targetHints":{"allow":["GET"]}}],"collection":[{"href":"https:\/\/masterchem.ee\/fi\/wp-json\/wp\/v2\/product"}],"about":[{"href":"https:\/\/masterchem.ee\/fi\/wp-json\/wp\/v2\/types\/product"}],"wp:featuredmedia":[{"embeddable":true,"href":"https:\/\/masterchem.ee\/fi\/wp-json\/wp\/v2\/media\/13446"}],"wp:attachment":[{"href":"https:\/\/masterchem.ee\/fi\/wp-json\/wp\/v2\/media?parent=13373"}],"wp:term":[{"taxonomy":"product_brand","embeddable":true,"href":"https:\/\/masterchem.ee\/fi\/wp-json\/wp\/v2\/product_brand?post=13373"},{"taxonomy":"product_cat","embeddable":true,"href":"https:\/\/masterchem.ee\/fi\/wp-json\/wp\/v2\/product_cat?post=13373"},{"taxonomy":"product_tag","embeddable":true,"href":"https:\/\/masterchem.ee\/fi\/wp-json\/wp\/v2\/product_tag?post=13373"}],"curies":[{"name":"wp","href":"https:\/\/api.w.org\/{rel}","templated":true}]}}