{"id":13226,"date":"2021-08-17T10:18:31","date_gmt":"2021-08-17T10:18:33","guid":{"rendered":"https:\/\/masterchem.ee\/?post_type=product&#038;p=13226"},"modified":"2021-08-17T10:26:26","modified_gmt":"2021-08-17T10:26:26","slug":"sitruunahappomonohydraatti-cas-5949-29-1","status":"publish","type":"product","link":"https:\/\/masterchem.ee\/fi\/tooted-ja-teenused\/sitruunahappomonohydraatti-cas-5949-29-1\/","title":{"rendered":"Sitruunahappomonohydraatti (CAS 5949-29-1)"},"content":{"rendered":"<p> <strong> Info<\/strong> <\/p>\n<p> Toimialat: kotitalouskemikaalit, kosmetiikkateollisuus, liimat, \u00f6ljyt, rasvat, puutarhanhoito, l\u00e4\u00e4keteollisuus, elintarviketeollisuus, rehuteollisuus <br \/>\nKoostumus: Tuotteet A-Z, hapot <br \/>\nCAS-numero: 5949-29-1 <br \/>\nWE-numero: 611-842-9 <br \/>\nKemiallinen kaava: C6H8O7 \u00b7 H2O <br \/>\nMoolimassa: 210,14 g \/mol <br \/>\nTullitariffi: 29181400 <\/p>\n<p> <strong> Muut fyysiset ominaisuudet <\/strong> <\/p>\n<p> pH: 1,7 (100 g \/l) <br \/>\nSulamis- \/ j\u00e4\u00e4tymispiste: 153 \u00b0 C (1013 hPa) <br \/>\nSuhteellinen tiheys: 1665 g \/cm3 (20 \u00b0 C) <br \/>\nLiukoisuus veteen: 590 g\/l (20 \u00b0 C) <\/p>\n","protected":false},"excerpt":{"rendered":"<p> <strong>Sitruunahappomonohydraatti (CAS 5949-29-1)<\/strong> <\/p>\n<p><\/p>\n<p> Sitruunahappomonohydraatti on trikarboksyylihappo, jota esiintyy sitrushedelmiss\u00e4. Sitruunahappoa k\u00e4ytet\u00e4\u00e4n apuaineena farmaseuttisissa valmisteissa antioksidanttisten ominaisuuksiensa vuoksi. Se yll\u00e4pit\u00e4\u00e4 aktiivisten ainesosien vakautta ja sit\u00e4 k\u00e4ytet\u00e4\u00e4n s\u00e4il\u00f6nt\u00e4aineena. Sit\u00e4 k\u00e4ytet\u00e4\u00e4n my\u00f6s happaman aineen avulla pH: n s\u00e4\u00e4t\u00e4miseen ja se toimii antikoagulanttina kelatoimalla kalsium veress\u00e4. <\/p>\n","protected":false},"featured_media":13232,"template":"","meta":[],"product_brand":[],"product_cat":[180,294,117,120,351,290,307],"product_tag":[],"class_list":{"0":"post-13226","1":"product","2":"type-product","3":"status-publish","4":"has-post-thumbnail","6":"product_cat-uncategorized-fi-2","7":"product_cat-kosmetiikkateollisuus","8":"product_cat-kotitalouskemikaalit","9":"product_cat-laaketeollisuus","10":"product_cat-puutarhanhoito","11":"product_cat-rehuteollisuus","12":"product_cat-ruokateollisuus","14":"first","15":"instock","16":"taxable","17":"shipping-taxable","18":"purchasable","19":"product-type-variable","20":"has-default-attributes"},"yoast_head":"<!-- This site is optimized with the Yoast SEO plugin v26.2 - https:\/\/yoast.com\/wordpress\/plugins\/seo\/ -->\n<title>Sitruunahappomonohydraatti (CAS 5949-29-1) - Chemistry For Industry - Solvents &amp; Chemicals - Masterchem.ee<\/title>\n<meta name=\"description\" content=\"Sitruunahappomonohydraatti on trikarboksyylihappo, jota esiintyy sitrushedelmiss\u00e4.\" \/>\n<meta name=\"robots\" content=\"index, follow, max-snippet:-1, max-image-preview:large, max-video-preview:-1\" \/>\n<link rel=\"canonical\" href=\"https:\/\/masterchem.ee\/fi\/tooted-ja-teenused\/sitruunahappomonohydraatti-cas-5949-29-1\/\" \/>\n<meta name=\"twitter:card\" content=\"summary_large_image\" \/>\n<meta name=\"twitter:title\" content=\"Sitruunahappomonohydraatti (CAS 5949-29-1) - Chemistry For Industry - Solvents &amp; Chemicals - Masterchem.ee\" \/>\n<meta name=\"twitter:description\" content=\"Sitruunahappomonohydraatti on trikarboksyylihappo, jota esiintyy sitrushedelmiss\u00e4.\" \/>\n<meta name=\"twitter:image\" content=\"https:\/\/masterchem.ee\/wp-content\/uploads\/2021\/08\/Sidrunhappe-monohudraat-25kg-MasterChem.png\" \/>\n<script type=\"application\/ld+json\" class=\"yoast-schema-graph\">{\"@context\":\"https:\/\/schema.org\",\"@graph\":[{\"@type\":\"WebPage\",\"@id\":\"https:\/\/masterchem.ee\/fi\/tooted-ja-teenused\/sitruunahappomonohydraatti-cas-5949-29-1\/\",\"url\":\"https:\/\/masterchem.ee\/fi\/tooted-ja-teenused\/sitruunahappomonohydraatti-cas-5949-29-1\/\",\"name\":\"Sitruunahappomonohydraatti (CAS 5949-29-1) - Chemistry For Industry - Solvents &amp; Chemicals - Masterchem.ee\",\"isPartOf\":{\"@id\":\"https:\/\/masterchem.ee\/fi\/#website\"},\"primaryImageOfPage\":{\"@id\":\"https:\/\/masterchem.ee\/fi\/tooted-ja-teenused\/sitruunahappomonohydraatti-cas-5949-29-1\/#primaryimage\"},\"image\":{\"@id\":\"https:\/\/masterchem.ee\/fi\/tooted-ja-teenused\/sitruunahappomonohydraatti-cas-5949-29-1\/#primaryimage\"},\"thumbnailUrl\":\"https:\/\/masterchem.ee\/wp-content\/uploads\/2021\/08\/Sidrunhappe-monohudraat-25kg-MasterChem.png\",\"datePublished\":\"2021-08-17T10:18:33+00:00\",\"dateModified\":\"2021-08-17T10:26:26+00:00\",\"description\":\"Sitruunahappomonohydraatti on trikarboksyylihappo, jota esiintyy sitrushedelmiss\u00e4.\",\"breadcrumb\":{\"@id\":\"https:\/\/masterchem.ee\/fi\/tooted-ja-teenused\/sitruunahappomonohydraatti-cas-5949-29-1\/#breadcrumb\"},\"inLanguage\":\"fi\",\"potentialAction\":[{\"@type\":\"ReadAction\",\"target\":[\"https:\/\/masterchem.ee\/fi\/tooted-ja-teenused\/sitruunahappomonohydraatti-cas-5949-29-1\/\"]}]},{\"@type\":\"ImageObject\",\"inLanguage\":\"fi\",\"@id\":\"https:\/\/masterchem.ee\/fi\/tooted-ja-teenused\/sitruunahappomonohydraatti-cas-5949-29-1\/#primaryimage\",\"url\":\"https:\/\/masterchem.ee\/wp-content\/uploads\/2021\/08\/Sidrunhappe-monohudraat-25kg-MasterChem.png\",\"contentUrl\":\"https:\/\/masterchem.ee\/wp-content\/uploads\/2021\/08\/Sidrunhappe-monohudraat-25kg-MasterChem.png\",\"width\":1000,\"height\":1000,\"caption\":\"Sitruunahappomonohydraatti (CAS 5949-29-1) 25kg MasterChem\"},{\"@type\":\"BreadcrumbList\",\"@id\":\"https:\/\/masterchem.ee\/fi\/tooted-ja-teenused\/sitruunahappomonohydraatti-cas-5949-29-1\/#breadcrumb\",\"itemListElement\":[{\"@type\":\"ListItem\",\"position\":1,\"name\":\"Home\",\"item\":\"https:\/\/masterchem.ee\/fi\/\"},{\"@type\":\"ListItem\",\"position\":2,\"name\":\"Tooted ja teenused\",\"item\":\"https:\/\/masterchem.ee\/tooted-ja-teenused\/\"},{\"@type\":\"ListItem\",\"position\":3,\"name\":\"Sitruunahappomonohydraatti (CAS 5949-29-1)\"}]},{\"@type\":\"WebSite\",\"@id\":\"https:\/\/masterchem.ee\/fi\/#website\",\"url\":\"https:\/\/masterchem.ee\/fi\/\",\"name\":\"Masterchem.ee\",\"description\":\"Chemistry For Industry - Solvents &amp; Chemicals\",\"publisher\":{\"@id\":\"https:\/\/masterchem.ee\/fi\/#organization\"},\"potentialAction\":[{\"@type\":\"SearchAction\",\"target\":{\"@type\":\"EntryPoint\",\"urlTemplate\":\"https:\/\/masterchem.ee\/fi\/?s={search_term_string}\"},\"query-input\":{\"@type\":\"PropertyValueSpecification\",\"valueRequired\":true,\"valueName\":\"search_term_string\"}}],\"inLanguage\":\"fi\"},{\"@type\":\"Organization\",\"@id\":\"https:\/\/masterchem.ee\/fi\/#organization\",\"name\":\"Masterchem\",\"url\":\"https:\/\/masterchem.ee\/fi\/\",\"logo\":{\"@type\":\"ImageObject\",\"inLanguage\":\"fi\",\"@id\":\"https:\/\/masterchem.ee\/fi\/#\/schema\/logo\/image\/\",\"url\":\"https:\/\/masterchem.ee\/wp-content\/uploads\/2018\/02\/master-chem_final-1.png\",\"contentUrl\":\"https:\/\/masterchem.ee\/wp-content\/uploads\/2018\/02\/master-chem_final-1.png\",\"width\":850,\"height\":356,\"caption\":\"Masterchem\"},\"image\":{\"@id\":\"https:\/\/masterchem.ee\/fi\/#\/schema\/logo\/image\/\"}}]}<\/script>\n<!-- \/ Yoast SEO plugin. -->","yoast_head_json":{"title":"Sitruunahappomonohydraatti (CAS 5949-29-1) - Chemistry For Industry - Solvents &amp; Chemicals - Masterchem.ee","description":"Sitruunahappomonohydraatti on trikarboksyylihappo, jota esiintyy sitrushedelmiss\u00e4.","robots":{"index":"index","follow":"follow","max-snippet":"max-snippet:-1","max-image-preview":"max-image-preview:large","max-video-preview":"max-video-preview:-1"},"canonical":"https:\/\/masterchem.ee\/fi\/tooted-ja-teenused\/sitruunahappomonohydraatti-cas-5949-29-1\/","twitter_card":"summary_large_image","twitter_title":"Sitruunahappomonohydraatti (CAS 5949-29-1) - Chemistry For Industry - Solvents &amp; Chemicals - Masterchem.ee","twitter_description":"Sitruunahappomonohydraatti on trikarboksyylihappo, jota esiintyy sitrushedelmiss\u00e4.","twitter_image":"https:\/\/masterchem.ee\/wp-content\/uploads\/2021\/08\/Sidrunhappe-monohudraat-25kg-MasterChem.png","schema":{"@context":"https:\/\/schema.org","@graph":[{"@type":"WebPage","@id":"https:\/\/masterchem.ee\/fi\/tooted-ja-teenused\/sitruunahappomonohydraatti-cas-5949-29-1\/","url":"https:\/\/masterchem.ee\/fi\/tooted-ja-teenused\/sitruunahappomonohydraatti-cas-5949-29-1\/","name":"Sitruunahappomonohydraatti (CAS 5949-29-1) - Chemistry For Industry - Solvents &amp; Chemicals - Masterchem.ee","isPartOf":{"@id":"https:\/\/masterchem.ee\/fi\/#website"},"primaryImageOfPage":{"@id":"https:\/\/masterchem.ee\/fi\/tooted-ja-teenused\/sitruunahappomonohydraatti-cas-5949-29-1\/#primaryimage"},"image":{"@id":"https:\/\/masterchem.ee\/fi\/tooted-ja-teenused\/sitruunahappomonohydraatti-cas-5949-29-1\/#primaryimage"},"thumbnailUrl":"https:\/\/masterchem.ee\/wp-content\/uploads\/2021\/08\/Sidrunhappe-monohudraat-25kg-MasterChem.png","datePublished":"2021-08-17T10:18:33+00:00","dateModified":"2021-08-17T10:26:26+00:00","description":"Sitruunahappomonohydraatti on trikarboksyylihappo, jota esiintyy sitrushedelmiss\u00e4.","breadcrumb":{"@id":"https:\/\/masterchem.ee\/fi\/tooted-ja-teenused\/sitruunahappomonohydraatti-cas-5949-29-1\/#breadcrumb"},"inLanguage":"fi","potentialAction":[{"@type":"ReadAction","target":["https:\/\/masterchem.ee\/fi\/tooted-ja-teenused\/sitruunahappomonohydraatti-cas-5949-29-1\/"]}]},{"@type":"ImageObject","inLanguage":"fi","@id":"https:\/\/masterchem.ee\/fi\/tooted-ja-teenused\/sitruunahappomonohydraatti-cas-5949-29-1\/#primaryimage","url":"https:\/\/masterchem.ee\/wp-content\/uploads\/2021\/08\/Sidrunhappe-monohudraat-25kg-MasterChem.png","contentUrl":"https:\/\/masterchem.ee\/wp-content\/uploads\/2021\/08\/Sidrunhappe-monohudraat-25kg-MasterChem.png","width":1000,"height":1000,"caption":"Sitruunahappomonohydraatti (CAS 5949-29-1) 25kg MasterChem"},{"@type":"BreadcrumbList","@id":"https:\/\/masterchem.ee\/fi\/tooted-ja-teenused\/sitruunahappomonohydraatti-cas-5949-29-1\/#breadcrumb","itemListElement":[{"@type":"ListItem","position":1,"name":"Home","item":"https:\/\/masterchem.ee\/fi\/"},{"@type":"ListItem","position":2,"name":"Tooted ja teenused","item":"https:\/\/masterchem.ee\/tooted-ja-teenused\/"},{"@type":"ListItem","position":3,"name":"Sitruunahappomonohydraatti (CAS 5949-29-1)"}]},{"@type":"WebSite","@id":"https:\/\/masterchem.ee\/fi\/#website","url":"https:\/\/masterchem.ee\/fi\/","name":"Masterchem.ee","description":"Chemistry For Industry - Solvents &amp; Chemicals","publisher":{"@id":"https:\/\/masterchem.ee\/fi\/#organization"},"potentialAction":[{"@type":"SearchAction","target":{"@type":"EntryPoint","urlTemplate":"https:\/\/masterchem.ee\/fi\/?s={search_term_string}"},"query-input":{"@type":"PropertyValueSpecification","valueRequired":true,"valueName":"search_term_string"}}],"inLanguage":"fi"},{"@type":"Organization","@id":"https:\/\/masterchem.ee\/fi\/#organization","name":"Masterchem","url":"https:\/\/masterchem.ee\/fi\/","logo":{"@type":"ImageObject","inLanguage":"fi","@id":"https:\/\/masterchem.ee\/fi\/#\/schema\/logo\/image\/","url":"https:\/\/masterchem.ee\/wp-content\/uploads\/2018\/02\/master-chem_final-1.png","contentUrl":"https:\/\/masterchem.ee\/wp-content\/uploads\/2018\/02\/master-chem_final-1.png","width":850,"height":356,"caption":"Masterchem"},"image":{"@id":"https:\/\/masterchem.ee\/fi\/#\/schema\/logo\/image\/"}}]}},"_links":{"self":[{"href":"https:\/\/masterchem.ee\/fi\/wp-json\/wp\/v2\/product\/13226","targetHints":{"allow":["GET"]}}],"collection":[{"href":"https:\/\/masterchem.ee\/fi\/wp-json\/wp\/v2\/product"}],"about":[{"href":"https:\/\/masterchem.ee\/fi\/wp-json\/wp\/v2\/types\/product"}],"wp:featuredmedia":[{"embeddable":true,"href":"https:\/\/masterchem.ee\/fi\/wp-json\/wp\/v2\/media\/13232"}],"wp:attachment":[{"href":"https:\/\/masterchem.ee\/fi\/wp-json\/wp\/v2\/media?parent=13226"}],"wp:term":[{"taxonomy":"product_brand","embeddable":true,"href":"https:\/\/masterchem.ee\/fi\/wp-json\/wp\/v2\/product_brand?post=13226"},{"taxonomy":"product_cat","embeddable":true,"href":"https:\/\/masterchem.ee\/fi\/wp-json\/wp\/v2\/product_cat?post=13226"},{"taxonomy":"product_tag","embeddable":true,"href":"https:\/\/masterchem.ee\/fi\/wp-json\/wp\/v2\/product_tag?post=13226"}],"curies":[{"name":"wp","href":"https:\/\/api.w.org\/{rel}","templated":true}]}}