{"id":13211,"date":"2021-08-17T09:16:55","date_gmt":"2021-08-17T09:16:57","guid":{"rendered":"https:\/\/masterchem.ee\/?post_type=product&#038;p=13211"},"modified":"2021-08-17T09:25:17","modified_gmt":"2021-08-17T09:25:17","slug":"boorihappo-cas-10043-35-3","status":"publish","type":"product","link":"https:\/\/masterchem.ee\/fi\/tooted-ja-teenused\/boorihappo-cas-10043-35-3\/","title":{"rendered":"Boorihappo (CAS 10043-35-3)"},"content":{"rendered":"<p> <strong> Info<\/strong> <\/p>\n<p> Toimialat: Kotitalouskemikaalit, Lannoitteet, Liimat, \u00d6ljyt, Rasvat, Puutarhanhoito, Rakennuskemia, Hartsit, muovit, polyuretaanit <br \/>\nCAS-numero: 10043-35-3 <br \/>\nWE-numero: 233-139-2 <br \/>\nIndeksinumero: 005-007-00-2 <br \/>\nKemiallinen kaava: H3Bo3 <br \/>\nMoolimassa: 61,83 g \/mol <br \/>\nTullitariffi: 2580000 <\/p>\n<p> <strong> Muut fyysiset ominaisuudet <\/strong> <\/p>\n<p> pH: 6,1 <br \/>\nSulamis- \/ j\u00e4\u00e4tymispiste: 450 \u00b0 C \u00b1 2 \u00b0 C <br \/>\nKiehumispiste \/ kiehumisalue: 1860 \u00b0 C <br \/>\nSuhteellinen tiheys: 1,51 g \/cm3 (20 \u00b0 C) <br \/>\nLiukoisuus veteen: 4,7 % (20 \u00b0 C), 27,5 % (100 \u00b0 C) <\/p>\n","protected":false},"excerpt":{"rendered":"<p> <strong>Boorihappo (CAS 10043-35-3)<\/strong> <\/p>\n<p>\nBoorihappo on veteen liukeneva heikko happo. Boorihappo esiintyy huoneenl\u00e4mm\u00f6ss\u00e4 kiinte\u00e4ss\u00e4 muodossa, v\u00e4ritt\u00f6min\u00e4 kitein\u00e4 tai valkoisena jauheena. Sen kemiallinen kaava on H3BO3, moolimassa 61,83 g\/mol, tiheys 1,435 g\/cm\u00b3, sulamispiste 169 \u00b0C ja CAS-numero 10043-35-3. Boorihappoa k\u00e4ytet\u00e4\u00e4n esimerkiksi antiseptisen\u00e4 aineena, hy\u00f6nteismyrkkyn\u00e4, palonestoaineena, ydinvoimaloissa fissioreaktion h\u00e4t\u00e4sammutukseen, painevesireaktoreissa tehon s\u00e4\u00e4t\u00f6\u00f6n sek\u00e4 muiden kemiallisten yhdisteiden l\u00e4ht\u00f6aineena.<\/p>\n<p>Boorihaposta k\u00e4ytet\u00e4\u00e4n my\u00f6s nime\u00e4 ortoboorihappo. Boorihapon suolat ovat boraatteja.<\/p>\n<p>Boorihappoa voidaan k\u00e4ytt\u00e4\u00e4 sammenm\u00e4din (aito kaviaari) s\u00e4il\u00f6nt\u00e4aineena. Boorihapon E-koodi on E284 ja sen ADI-arvo eli hyv\u00e4ksytt\u00e4v\u00e4 p\u00e4ivitt\u00e4inen enimm\u00e4issaanti yhdess\u00e4 natriumtetraboraatin E285 kanssa on yhteism\u00e4\u00e4r\u00e4lle 0,16 mg\/kg\/vrk.<\/p>\n<p>Boorihapon anatomis-terapeuttis-kemiallinen l\u00e4\u00e4keluokitus eli ATC-luokitus on S02AA03.<\/p>\n","protected":false},"featured_media":13217,"template":"","meta":[],"product_brand":[],"product_cat":[180,117,323,258,351,114],"product_tag":[],"class_list":{"0":"post-13211","1":"product","2":"type-product","3":"status-publish","4":"has-post-thumbnail","6":"product_cat-uncategorized-fi-2","7":"product_cat-kotitalouskemikaalit","8":"product_cat-lannoitteet","9":"product_cat-muovi-fi","10":"product_cat-puutarhanhoito","11":"product_cat-rakennusteollisuus","13":"first","14":"instock","15":"taxable","16":"shipping-taxable","17":"purchasable","18":"product-type-variable","19":"has-default-attributes"},"yoast_head":"<!-- This site is optimized with the Yoast SEO plugin v26.2 - https:\/\/yoast.com\/wordpress\/plugins\/seo\/ -->\n<title>Boorihappo (CAS 10043-35-3) - Chemistry For Industry - Solvents &amp; Chemicals - Masterchem.ee<\/title>\n<meta name=\"description\" content=\"Boorihappo on veteen liukeneva heikko happo. Boorihappo esiintyy huoneenl\u00e4mm\u00f6ss\u00e4 kiinte\u00e4ss\u00e4 muodossa, v\u00e4ritt\u00f6min\u00e4 kitein\u00e4 tai valkoisena jauheena.\" \/>\n<meta name=\"robots\" content=\"index, follow, max-snippet:-1, max-image-preview:large, max-video-preview:-1\" \/>\n<link rel=\"canonical\" href=\"https:\/\/masterchem.ee\/fi\/tooted-ja-teenused\/boorihappo-cas-10043-35-3\/\" \/>\n<meta name=\"twitter:card\" content=\"summary_large_image\" \/>\n<meta name=\"twitter:title\" content=\"Boorihappo (CAS 10043-35-3) - Chemistry For Industry - Solvents &amp; Chemicals - Masterchem.ee\" \/>\n<meta name=\"twitter:description\" content=\"Boorihappo on veteen liukeneva heikko happo. Boorihappo esiintyy huoneenl\u00e4mm\u00f6ss\u00e4 kiinte\u00e4ss\u00e4 muodossa, v\u00e4ritt\u00f6min\u00e4 kitein\u00e4 tai valkoisena jauheena.\" \/>\n<meta name=\"twitter:image\" content=\"https:\/\/masterchem.ee\/wp-content\/uploads\/2021\/08\/Boorhape-25kg-MasterChem.png\" \/>\n<script type=\"application\/ld+json\" class=\"yoast-schema-graph\">{\"@context\":\"https:\/\/schema.org\",\"@graph\":[{\"@type\":\"WebPage\",\"@id\":\"https:\/\/masterchem.ee\/fi\/tooted-ja-teenused\/boorihappo-cas-10043-35-3\/\",\"url\":\"https:\/\/masterchem.ee\/fi\/tooted-ja-teenused\/boorihappo-cas-10043-35-3\/\",\"name\":\"Boorihappo (CAS 10043-35-3) - Chemistry For Industry - Solvents &amp; Chemicals - Masterchem.ee\",\"isPartOf\":{\"@id\":\"https:\/\/masterchem.ee\/fi\/#website\"},\"primaryImageOfPage\":{\"@id\":\"https:\/\/masterchem.ee\/fi\/tooted-ja-teenused\/boorihappo-cas-10043-35-3\/#primaryimage\"},\"image\":{\"@id\":\"https:\/\/masterchem.ee\/fi\/tooted-ja-teenused\/boorihappo-cas-10043-35-3\/#primaryimage\"},\"thumbnailUrl\":\"https:\/\/masterchem.ee\/wp-content\/uploads\/2021\/08\/Boorhape-25kg-MasterChem.png\",\"datePublished\":\"2021-08-17T09:16:57+00:00\",\"dateModified\":\"2021-08-17T09:25:17+00:00\",\"description\":\"Boorihappo on veteen liukeneva heikko happo. Boorihappo esiintyy huoneenl\u00e4mm\u00f6ss\u00e4 kiinte\u00e4ss\u00e4 muodossa, v\u00e4ritt\u00f6min\u00e4 kitein\u00e4 tai valkoisena jauheena.\",\"breadcrumb\":{\"@id\":\"https:\/\/masterchem.ee\/fi\/tooted-ja-teenused\/boorihappo-cas-10043-35-3\/#breadcrumb\"},\"inLanguage\":\"fi\",\"potentialAction\":[{\"@type\":\"ReadAction\",\"target\":[\"https:\/\/masterchem.ee\/fi\/tooted-ja-teenused\/boorihappo-cas-10043-35-3\/\"]}]},{\"@type\":\"ImageObject\",\"inLanguage\":\"fi\",\"@id\":\"https:\/\/masterchem.ee\/fi\/tooted-ja-teenused\/boorihappo-cas-10043-35-3\/#primaryimage\",\"url\":\"https:\/\/masterchem.ee\/wp-content\/uploads\/2021\/08\/Boorhape-25kg-MasterChem.png\",\"contentUrl\":\"https:\/\/masterchem.ee\/wp-content\/uploads\/2021\/08\/Boorhape-25kg-MasterChem.png\",\"width\":1000,\"height\":1000,\"caption\":\"Boorihappo (CAS 10043-35-3) 25kg MasterChem\"},{\"@type\":\"BreadcrumbList\",\"@id\":\"https:\/\/masterchem.ee\/fi\/tooted-ja-teenused\/boorihappo-cas-10043-35-3\/#breadcrumb\",\"itemListElement\":[{\"@type\":\"ListItem\",\"position\":1,\"name\":\"Home\",\"item\":\"https:\/\/masterchem.ee\/fi\/\"},{\"@type\":\"ListItem\",\"position\":2,\"name\":\"Tooted ja teenused\",\"item\":\"https:\/\/masterchem.ee\/tooted-ja-teenused\/\"},{\"@type\":\"ListItem\",\"position\":3,\"name\":\"Boorihappo (CAS 10043-35-3)\"}]},{\"@type\":\"WebSite\",\"@id\":\"https:\/\/masterchem.ee\/fi\/#website\",\"url\":\"https:\/\/masterchem.ee\/fi\/\",\"name\":\"Masterchem.ee\",\"description\":\"Chemistry For Industry - Solvents &amp; Chemicals\",\"publisher\":{\"@id\":\"https:\/\/masterchem.ee\/fi\/#organization\"},\"potentialAction\":[{\"@type\":\"SearchAction\",\"target\":{\"@type\":\"EntryPoint\",\"urlTemplate\":\"https:\/\/masterchem.ee\/fi\/?s={search_term_string}\"},\"query-input\":{\"@type\":\"PropertyValueSpecification\",\"valueRequired\":true,\"valueName\":\"search_term_string\"}}],\"inLanguage\":\"fi\"},{\"@type\":\"Organization\",\"@id\":\"https:\/\/masterchem.ee\/fi\/#organization\",\"name\":\"Masterchem\",\"url\":\"https:\/\/masterchem.ee\/fi\/\",\"logo\":{\"@type\":\"ImageObject\",\"inLanguage\":\"fi\",\"@id\":\"https:\/\/masterchem.ee\/fi\/#\/schema\/logo\/image\/\",\"url\":\"https:\/\/masterchem.ee\/wp-content\/uploads\/2018\/02\/master-chem_final-1.png\",\"contentUrl\":\"https:\/\/masterchem.ee\/wp-content\/uploads\/2018\/02\/master-chem_final-1.png\",\"width\":850,\"height\":356,\"caption\":\"Masterchem\"},\"image\":{\"@id\":\"https:\/\/masterchem.ee\/fi\/#\/schema\/logo\/image\/\"}}]}<\/script>\n<!-- \/ Yoast SEO plugin. -->","yoast_head_json":{"title":"Boorihappo (CAS 10043-35-3) - Chemistry For Industry - Solvents &amp; Chemicals - Masterchem.ee","description":"Boorihappo on veteen liukeneva heikko happo. Boorihappo esiintyy huoneenl\u00e4mm\u00f6ss\u00e4 kiinte\u00e4ss\u00e4 muodossa, v\u00e4ritt\u00f6min\u00e4 kitein\u00e4 tai valkoisena jauheena.","robots":{"index":"index","follow":"follow","max-snippet":"max-snippet:-1","max-image-preview":"max-image-preview:large","max-video-preview":"max-video-preview:-1"},"canonical":"https:\/\/masterchem.ee\/fi\/tooted-ja-teenused\/boorihappo-cas-10043-35-3\/","twitter_card":"summary_large_image","twitter_title":"Boorihappo (CAS 10043-35-3) - Chemistry For Industry - Solvents &amp; Chemicals - Masterchem.ee","twitter_description":"Boorihappo on veteen liukeneva heikko happo. Boorihappo esiintyy huoneenl\u00e4mm\u00f6ss\u00e4 kiinte\u00e4ss\u00e4 muodossa, v\u00e4ritt\u00f6min\u00e4 kitein\u00e4 tai valkoisena jauheena.","twitter_image":"https:\/\/masterchem.ee\/wp-content\/uploads\/2021\/08\/Boorhape-25kg-MasterChem.png","schema":{"@context":"https:\/\/schema.org","@graph":[{"@type":"WebPage","@id":"https:\/\/masterchem.ee\/fi\/tooted-ja-teenused\/boorihappo-cas-10043-35-3\/","url":"https:\/\/masterchem.ee\/fi\/tooted-ja-teenused\/boorihappo-cas-10043-35-3\/","name":"Boorihappo (CAS 10043-35-3) - Chemistry For Industry - Solvents &amp; Chemicals - Masterchem.ee","isPartOf":{"@id":"https:\/\/masterchem.ee\/fi\/#website"},"primaryImageOfPage":{"@id":"https:\/\/masterchem.ee\/fi\/tooted-ja-teenused\/boorihappo-cas-10043-35-3\/#primaryimage"},"image":{"@id":"https:\/\/masterchem.ee\/fi\/tooted-ja-teenused\/boorihappo-cas-10043-35-3\/#primaryimage"},"thumbnailUrl":"https:\/\/masterchem.ee\/wp-content\/uploads\/2021\/08\/Boorhape-25kg-MasterChem.png","datePublished":"2021-08-17T09:16:57+00:00","dateModified":"2021-08-17T09:25:17+00:00","description":"Boorihappo on veteen liukeneva heikko happo. Boorihappo esiintyy huoneenl\u00e4mm\u00f6ss\u00e4 kiinte\u00e4ss\u00e4 muodossa, v\u00e4ritt\u00f6min\u00e4 kitein\u00e4 tai valkoisena jauheena.","breadcrumb":{"@id":"https:\/\/masterchem.ee\/fi\/tooted-ja-teenused\/boorihappo-cas-10043-35-3\/#breadcrumb"},"inLanguage":"fi","potentialAction":[{"@type":"ReadAction","target":["https:\/\/masterchem.ee\/fi\/tooted-ja-teenused\/boorihappo-cas-10043-35-3\/"]}]},{"@type":"ImageObject","inLanguage":"fi","@id":"https:\/\/masterchem.ee\/fi\/tooted-ja-teenused\/boorihappo-cas-10043-35-3\/#primaryimage","url":"https:\/\/masterchem.ee\/wp-content\/uploads\/2021\/08\/Boorhape-25kg-MasterChem.png","contentUrl":"https:\/\/masterchem.ee\/wp-content\/uploads\/2021\/08\/Boorhape-25kg-MasterChem.png","width":1000,"height":1000,"caption":"Boorihappo (CAS 10043-35-3) 25kg MasterChem"},{"@type":"BreadcrumbList","@id":"https:\/\/masterchem.ee\/fi\/tooted-ja-teenused\/boorihappo-cas-10043-35-3\/#breadcrumb","itemListElement":[{"@type":"ListItem","position":1,"name":"Home","item":"https:\/\/masterchem.ee\/fi\/"},{"@type":"ListItem","position":2,"name":"Tooted ja teenused","item":"https:\/\/masterchem.ee\/tooted-ja-teenused\/"},{"@type":"ListItem","position":3,"name":"Boorihappo (CAS 10043-35-3)"}]},{"@type":"WebSite","@id":"https:\/\/masterchem.ee\/fi\/#website","url":"https:\/\/masterchem.ee\/fi\/","name":"Masterchem.ee","description":"Chemistry For Industry - Solvents &amp; Chemicals","publisher":{"@id":"https:\/\/masterchem.ee\/fi\/#organization"},"potentialAction":[{"@type":"SearchAction","target":{"@type":"EntryPoint","urlTemplate":"https:\/\/masterchem.ee\/fi\/?s={search_term_string}"},"query-input":{"@type":"PropertyValueSpecification","valueRequired":true,"valueName":"search_term_string"}}],"inLanguage":"fi"},{"@type":"Organization","@id":"https:\/\/masterchem.ee\/fi\/#organization","name":"Masterchem","url":"https:\/\/masterchem.ee\/fi\/","logo":{"@type":"ImageObject","inLanguage":"fi","@id":"https:\/\/masterchem.ee\/fi\/#\/schema\/logo\/image\/","url":"https:\/\/masterchem.ee\/wp-content\/uploads\/2018\/02\/master-chem_final-1.png","contentUrl":"https:\/\/masterchem.ee\/wp-content\/uploads\/2018\/02\/master-chem_final-1.png","width":850,"height":356,"caption":"Masterchem"},"image":{"@id":"https:\/\/masterchem.ee\/fi\/#\/schema\/logo\/image\/"}}]}},"_links":{"self":[{"href":"https:\/\/masterchem.ee\/fi\/wp-json\/wp\/v2\/product\/13211","targetHints":{"allow":["GET"]}}],"collection":[{"href":"https:\/\/masterchem.ee\/fi\/wp-json\/wp\/v2\/product"}],"about":[{"href":"https:\/\/masterchem.ee\/fi\/wp-json\/wp\/v2\/types\/product"}],"wp:featuredmedia":[{"embeddable":true,"href":"https:\/\/masterchem.ee\/fi\/wp-json\/wp\/v2\/media\/13217"}],"wp:attachment":[{"href":"https:\/\/masterchem.ee\/fi\/wp-json\/wp\/v2\/media?parent=13211"}],"wp:term":[{"taxonomy":"product_brand","embeddable":true,"href":"https:\/\/masterchem.ee\/fi\/wp-json\/wp\/v2\/product_brand?post=13211"},{"taxonomy":"product_cat","embeddable":true,"href":"https:\/\/masterchem.ee\/fi\/wp-json\/wp\/v2\/product_cat?post=13211"},{"taxonomy":"product_tag","embeddable":true,"href":"https:\/\/masterchem.ee\/fi\/wp-json\/wp\/v2\/product_tag?post=13211"}],"curies":[{"name":"wp","href":"https:\/\/api.w.org\/{rel}","templated":true}]}}