{"id":13178,"date":"2021-08-16T18:45:21","date_gmt":"2021-08-16T18:45:23","guid":{"rendered":"https:\/\/masterchem.ee\/?post_type=product&#038;p=13178"},"modified":"2021-08-16T18:55:21","modified_gmt":"2021-08-16T18:55:21","slug":"parafiini-rakeinen-paneelit-cas-8002-74-2","status":"publish","type":"product","link":"https:\/\/masterchem.ee\/fi\/tooted-ja-teenused\/parafiini-rakeinen-paneelit-cas-8002-74-2\/","title":{"rendered":"Parafiini (rakeinen, paneelit) (CAS 8002-74-2)"},"content":{"rendered":"<p> <strong> Info<\/strong> <\/p>\n<p> Toimialat: kotitalouskemikaalit, lannoitteet, kosmetiikkateollisuus, liimat, \u00f6ljyt, rasvat, l\u00e4\u00e4keteollisuus, rakennuskemia <br \/>\nCAS-numero: 8002-74-2 <br \/>\nWE-numero: 232-315-6 <br \/>\nTullitariffi: 2712 <\/p>\n","protected":false},"excerpt":{"rendered":"<p> <strong>Parafiini (rakeinen, paneelit) (CAS 8002-74-2)<\/strong> <\/p>\n<p>\nParafiini on seos lineaarisia hiilivetyj\u00e4, jotka ovat v\u00e4hint\u00e4\u00e4n 20-hiilisi\u00e4 (C20H42). Se on vahamaista, v\u00e4rit\u00f6nt\u00e4 ja hajutonta l\u00e4pikuultavaa ainetta. Parafiini erotetaan pohjista, jota maa\u00f6ljyn tislauksessa j\u00e4\u00e4. Termi\u00e4 parafiini k\u00e4ytet\u00e4\u00e4n my\u00f6s yleisesti teknisen\u00e4 nimen\u00e4 lineaarisille tyydyttyneille hiilivedyille, kun taas haaroittuneet hiilivedyt ovat isoparafiineja ja tyydyttym\u00e4tt\u00f6m\u00e4t olefiineja.<\/p>\n","protected":false},"featured_media":13184,"template":"","meta":[],"product_brand":[],"product_cat":[180,294,117,120,323,114],"product_tag":[],"class_list":{"0":"post-13178","1":"product","2":"type-product","3":"status-publish","4":"has-post-thumbnail","6":"product_cat-uncategorized-fi-2","7":"product_cat-kosmetiikkateollisuus","8":"product_cat-kotitalouskemikaalit","9":"product_cat-laaketeollisuus","10":"product_cat-lannoitteet","11":"product_cat-rakennusteollisuus","13":"first","14":"instock","15":"taxable","16":"shipping-taxable","17":"purchasable","18":"product-type-variable","19":"has-default-attributes"},"yoast_head":"<!-- This site is optimized with the Yoast SEO plugin v26.2 - https:\/\/yoast.com\/wordpress\/plugins\/seo\/ -->\n<title>Parafiini (rakeinen, paneelit) (CAS 8002-74-2) - Chemistry For Industry - Solvents &amp; Chemicals - Masterchem.ee<\/title>\n<meta name=\"description\" content=\"Parafiini on seos lineaarisia hiilivetyj\u00e4, jotka ovat v\u00e4hint\u00e4\u00e4n 20-hiilisi\u00e4 (C20H42). Se on vahamaista, v\u00e4rit\u00f6nt\u00e4 ja hajutonta l\u00e4pikuultavaa ainetta.\" \/>\n<meta name=\"robots\" content=\"index, follow, max-snippet:-1, max-image-preview:large, max-video-preview:-1\" \/>\n<link rel=\"canonical\" href=\"https:\/\/masterchem.ee\/fi\/tooted-ja-teenused\/parafiini-rakeinen-paneelit-cas-8002-74-2\/\" \/>\n<meta name=\"twitter:card\" content=\"summary_large_image\" \/>\n<meta name=\"twitter:title\" content=\"Parafiini (rakeinen, paneelit) (CAS 8002-74-2) - Chemistry For Industry - Solvents &amp; Chemicals - Masterchem.ee\" \/>\n<meta name=\"twitter:description\" content=\"Parafiini on seos lineaarisia hiilivetyj\u00e4, jotka ovat v\u00e4hint\u00e4\u00e4n 20-hiilisi\u00e4 (C20H42). Se on vahamaista, v\u00e4rit\u00f6nt\u00e4 ja hajutonta l\u00e4pikuultavaa ainetta.\" \/>\n<meta name=\"twitter:image\" content=\"https:\/\/masterchem.ee\/wp-content\/uploads\/2021\/08\/Parafiin-25kg-MasterChem.jpg\" \/>\n<script type=\"application\/ld+json\" class=\"yoast-schema-graph\">{\"@context\":\"https:\/\/schema.org\",\"@graph\":[{\"@type\":\"WebPage\",\"@id\":\"https:\/\/masterchem.ee\/fi\/tooted-ja-teenused\/parafiini-rakeinen-paneelit-cas-8002-74-2\/\",\"url\":\"https:\/\/masterchem.ee\/fi\/tooted-ja-teenused\/parafiini-rakeinen-paneelit-cas-8002-74-2\/\",\"name\":\"Parafiini (rakeinen, paneelit) (CAS 8002-74-2) - Chemistry For Industry - Solvents &amp; Chemicals - Masterchem.ee\",\"isPartOf\":{\"@id\":\"https:\/\/masterchem.ee\/fi\/#website\"},\"primaryImageOfPage\":{\"@id\":\"https:\/\/masterchem.ee\/fi\/tooted-ja-teenused\/parafiini-rakeinen-paneelit-cas-8002-74-2\/#primaryimage\"},\"image\":{\"@id\":\"https:\/\/masterchem.ee\/fi\/tooted-ja-teenused\/parafiini-rakeinen-paneelit-cas-8002-74-2\/#primaryimage\"},\"thumbnailUrl\":\"https:\/\/masterchem.ee\/wp-content\/uploads\/2021\/08\/Parafiin-25kg-MasterChem.jpg\",\"datePublished\":\"2021-08-16T18:45:23+00:00\",\"dateModified\":\"2021-08-16T18:55:21+00:00\",\"description\":\"Parafiini on seos lineaarisia hiilivetyj\u00e4, jotka ovat v\u00e4hint\u00e4\u00e4n 20-hiilisi\u00e4 (C20H42). Se on vahamaista, v\u00e4rit\u00f6nt\u00e4 ja hajutonta l\u00e4pikuultavaa ainetta.\",\"breadcrumb\":{\"@id\":\"https:\/\/masterchem.ee\/fi\/tooted-ja-teenused\/parafiini-rakeinen-paneelit-cas-8002-74-2\/#breadcrumb\"},\"inLanguage\":\"fi\",\"potentialAction\":[{\"@type\":\"ReadAction\",\"target\":[\"https:\/\/masterchem.ee\/fi\/tooted-ja-teenused\/parafiini-rakeinen-paneelit-cas-8002-74-2\/\"]}]},{\"@type\":\"ImageObject\",\"inLanguage\":\"fi\",\"@id\":\"https:\/\/masterchem.ee\/fi\/tooted-ja-teenused\/parafiini-rakeinen-paneelit-cas-8002-74-2\/#primaryimage\",\"url\":\"https:\/\/masterchem.ee\/wp-content\/uploads\/2021\/08\/Parafiin-25kg-MasterChem.jpg\",\"contentUrl\":\"https:\/\/masterchem.ee\/wp-content\/uploads\/2021\/08\/Parafiin-25kg-MasterChem.jpg\",\"width\":1000,\"height\":1000,\"caption\":\"Parafiini (rakeinen, paneelit) (CAS 8002-74-2) 25kg MasterChem\"},{\"@type\":\"BreadcrumbList\",\"@id\":\"https:\/\/masterchem.ee\/fi\/tooted-ja-teenused\/parafiini-rakeinen-paneelit-cas-8002-74-2\/#breadcrumb\",\"itemListElement\":[{\"@type\":\"ListItem\",\"position\":1,\"name\":\"Home\",\"item\":\"https:\/\/masterchem.ee\/fi\/\"},{\"@type\":\"ListItem\",\"position\":2,\"name\":\"Tooted ja teenused\",\"item\":\"https:\/\/masterchem.ee\/tooted-ja-teenused\/\"},{\"@type\":\"ListItem\",\"position\":3,\"name\":\"Parafiini (rakeinen, paneelit) (CAS 8002-74-2)\"}]},{\"@type\":\"WebSite\",\"@id\":\"https:\/\/masterchem.ee\/fi\/#website\",\"url\":\"https:\/\/masterchem.ee\/fi\/\",\"name\":\"Masterchem.ee\",\"description\":\"Chemistry For Industry - Solvents &amp; Chemicals\",\"publisher\":{\"@id\":\"https:\/\/masterchem.ee\/fi\/#organization\"},\"potentialAction\":[{\"@type\":\"SearchAction\",\"target\":{\"@type\":\"EntryPoint\",\"urlTemplate\":\"https:\/\/masterchem.ee\/fi\/?s={search_term_string}\"},\"query-input\":{\"@type\":\"PropertyValueSpecification\",\"valueRequired\":true,\"valueName\":\"search_term_string\"}}],\"inLanguage\":\"fi\"},{\"@type\":\"Organization\",\"@id\":\"https:\/\/masterchem.ee\/fi\/#organization\",\"name\":\"Masterchem\",\"url\":\"https:\/\/masterchem.ee\/fi\/\",\"logo\":{\"@type\":\"ImageObject\",\"inLanguage\":\"fi\",\"@id\":\"https:\/\/masterchem.ee\/fi\/#\/schema\/logo\/image\/\",\"url\":\"https:\/\/masterchem.ee\/wp-content\/uploads\/2018\/02\/master-chem_final-1.png\",\"contentUrl\":\"https:\/\/masterchem.ee\/wp-content\/uploads\/2018\/02\/master-chem_final-1.png\",\"width\":850,\"height\":356,\"caption\":\"Masterchem\"},\"image\":{\"@id\":\"https:\/\/masterchem.ee\/fi\/#\/schema\/logo\/image\/\"}}]}<\/script>\n<!-- \/ Yoast SEO plugin. -->","yoast_head_json":{"title":"Parafiini (rakeinen, paneelit) (CAS 8002-74-2) - Chemistry For Industry - Solvents &amp; Chemicals - Masterchem.ee","description":"Parafiini on seos lineaarisia hiilivetyj\u00e4, jotka ovat v\u00e4hint\u00e4\u00e4n 20-hiilisi\u00e4 (C20H42). Se on vahamaista, v\u00e4rit\u00f6nt\u00e4 ja hajutonta l\u00e4pikuultavaa ainetta.","robots":{"index":"index","follow":"follow","max-snippet":"max-snippet:-1","max-image-preview":"max-image-preview:large","max-video-preview":"max-video-preview:-1"},"canonical":"https:\/\/masterchem.ee\/fi\/tooted-ja-teenused\/parafiini-rakeinen-paneelit-cas-8002-74-2\/","twitter_card":"summary_large_image","twitter_title":"Parafiini (rakeinen, paneelit) (CAS 8002-74-2) - Chemistry For Industry - Solvents &amp; Chemicals - Masterchem.ee","twitter_description":"Parafiini on seos lineaarisia hiilivetyj\u00e4, jotka ovat v\u00e4hint\u00e4\u00e4n 20-hiilisi\u00e4 (C20H42). Se on vahamaista, v\u00e4rit\u00f6nt\u00e4 ja hajutonta l\u00e4pikuultavaa ainetta.","twitter_image":"https:\/\/masterchem.ee\/wp-content\/uploads\/2021\/08\/Parafiin-25kg-MasterChem.jpg","schema":{"@context":"https:\/\/schema.org","@graph":[{"@type":"WebPage","@id":"https:\/\/masterchem.ee\/fi\/tooted-ja-teenused\/parafiini-rakeinen-paneelit-cas-8002-74-2\/","url":"https:\/\/masterchem.ee\/fi\/tooted-ja-teenused\/parafiini-rakeinen-paneelit-cas-8002-74-2\/","name":"Parafiini (rakeinen, paneelit) (CAS 8002-74-2) - Chemistry For Industry - Solvents &amp; Chemicals - Masterchem.ee","isPartOf":{"@id":"https:\/\/masterchem.ee\/fi\/#website"},"primaryImageOfPage":{"@id":"https:\/\/masterchem.ee\/fi\/tooted-ja-teenused\/parafiini-rakeinen-paneelit-cas-8002-74-2\/#primaryimage"},"image":{"@id":"https:\/\/masterchem.ee\/fi\/tooted-ja-teenused\/parafiini-rakeinen-paneelit-cas-8002-74-2\/#primaryimage"},"thumbnailUrl":"https:\/\/masterchem.ee\/wp-content\/uploads\/2021\/08\/Parafiin-25kg-MasterChem.jpg","datePublished":"2021-08-16T18:45:23+00:00","dateModified":"2021-08-16T18:55:21+00:00","description":"Parafiini on seos lineaarisia hiilivetyj\u00e4, jotka ovat v\u00e4hint\u00e4\u00e4n 20-hiilisi\u00e4 (C20H42). Se on vahamaista, v\u00e4rit\u00f6nt\u00e4 ja hajutonta l\u00e4pikuultavaa ainetta.","breadcrumb":{"@id":"https:\/\/masterchem.ee\/fi\/tooted-ja-teenused\/parafiini-rakeinen-paneelit-cas-8002-74-2\/#breadcrumb"},"inLanguage":"fi","potentialAction":[{"@type":"ReadAction","target":["https:\/\/masterchem.ee\/fi\/tooted-ja-teenused\/parafiini-rakeinen-paneelit-cas-8002-74-2\/"]}]},{"@type":"ImageObject","inLanguage":"fi","@id":"https:\/\/masterchem.ee\/fi\/tooted-ja-teenused\/parafiini-rakeinen-paneelit-cas-8002-74-2\/#primaryimage","url":"https:\/\/masterchem.ee\/wp-content\/uploads\/2021\/08\/Parafiin-25kg-MasterChem.jpg","contentUrl":"https:\/\/masterchem.ee\/wp-content\/uploads\/2021\/08\/Parafiin-25kg-MasterChem.jpg","width":1000,"height":1000,"caption":"Parafiini (rakeinen, paneelit) (CAS 8002-74-2) 25kg MasterChem"},{"@type":"BreadcrumbList","@id":"https:\/\/masterchem.ee\/fi\/tooted-ja-teenused\/parafiini-rakeinen-paneelit-cas-8002-74-2\/#breadcrumb","itemListElement":[{"@type":"ListItem","position":1,"name":"Home","item":"https:\/\/masterchem.ee\/fi\/"},{"@type":"ListItem","position":2,"name":"Tooted ja teenused","item":"https:\/\/masterchem.ee\/tooted-ja-teenused\/"},{"@type":"ListItem","position":3,"name":"Parafiini (rakeinen, paneelit) (CAS 8002-74-2)"}]},{"@type":"WebSite","@id":"https:\/\/masterchem.ee\/fi\/#website","url":"https:\/\/masterchem.ee\/fi\/","name":"Masterchem.ee","description":"Chemistry For Industry - Solvents &amp; Chemicals","publisher":{"@id":"https:\/\/masterchem.ee\/fi\/#organization"},"potentialAction":[{"@type":"SearchAction","target":{"@type":"EntryPoint","urlTemplate":"https:\/\/masterchem.ee\/fi\/?s={search_term_string}"},"query-input":{"@type":"PropertyValueSpecification","valueRequired":true,"valueName":"search_term_string"}}],"inLanguage":"fi"},{"@type":"Organization","@id":"https:\/\/masterchem.ee\/fi\/#organization","name":"Masterchem","url":"https:\/\/masterchem.ee\/fi\/","logo":{"@type":"ImageObject","inLanguage":"fi","@id":"https:\/\/masterchem.ee\/fi\/#\/schema\/logo\/image\/","url":"https:\/\/masterchem.ee\/wp-content\/uploads\/2018\/02\/master-chem_final-1.png","contentUrl":"https:\/\/masterchem.ee\/wp-content\/uploads\/2018\/02\/master-chem_final-1.png","width":850,"height":356,"caption":"Masterchem"},"image":{"@id":"https:\/\/masterchem.ee\/fi\/#\/schema\/logo\/image\/"}}]}},"_links":{"self":[{"href":"https:\/\/masterchem.ee\/fi\/wp-json\/wp\/v2\/product\/13178","targetHints":{"allow":["GET"]}}],"collection":[{"href":"https:\/\/masterchem.ee\/fi\/wp-json\/wp\/v2\/product"}],"about":[{"href":"https:\/\/masterchem.ee\/fi\/wp-json\/wp\/v2\/types\/product"}],"wp:featuredmedia":[{"embeddable":true,"href":"https:\/\/masterchem.ee\/fi\/wp-json\/wp\/v2\/media\/13184"}],"wp:attachment":[{"href":"https:\/\/masterchem.ee\/fi\/wp-json\/wp\/v2\/media?parent=13178"}],"wp:term":[{"taxonomy":"product_brand","embeddable":true,"href":"https:\/\/masterchem.ee\/fi\/wp-json\/wp\/v2\/product_brand?post=13178"},{"taxonomy":"product_cat","embeddable":true,"href":"https:\/\/masterchem.ee\/fi\/wp-json\/wp\/v2\/product_cat?post=13178"},{"taxonomy":"product_tag","embeddable":true,"href":"https:\/\/masterchem.ee\/fi\/wp-json\/wp\/v2\/product_tag?post=13178"}],"curies":[{"name":"wp","href":"https:\/\/api.w.org\/{rel}","templated":true}]}}