{"id":13097,"date":"2021-08-15T14:10:54","date_gmt":"2021-08-15T14:10:54","guid":{"rendered":"https:\/\/masterchem.ee\/?post_type=product&#038;p=13097"},"modified":"2021-08-15T14:29:03","modified_gmt":"2021-08-15T14:29:03","slug":"silikonioljy-cas-63148-62-9","status":"publish","type":"product","link":"https:\/\/masterchem.ee\/fi\/tooted-ja-teenused\/silikonioljy-cas-63148-62-9\/","title":{"rendered":"Silikoni\u00f6ljy (CAS 63148-62-9)"},"content":{"rendered":"<p> <strong> Info<\/strong> <\/p>\n<p> Toimialat: Kotitalouskemikaalit, Rakennuskemia <\/p>\n<p> CAS-numero: 63148-62-9 <br \/>\nKemiallinen kaava: (C2H6OSi) N <\/p>\n","protected":false},"excerpt":{"rendered":"<p> <strong>Silikoni\u00f6ljy (CAS 63148-62-9)<\/strong> <\/p>\n<p> Silikoni\u00f6ljy on mik\u00e4 tahansa nestem\u00e4inen polymeroitu siloksaani, jossa on orgaanisia sivuketjuja. T\u00e4rkein aine on polydimetyylisiloksaani. N\u00e4m\u00e4 polymeerit ovat kaupallisesti kiinnostavia suhteellisen korkean l\u00e4mp\u00f6vakautensa ja voiteluominaisuuksiensa vuoksi. <\/p>\n<p> Silikoni\u00f6ljyj\u00e4 k\u00e4ytet\u00e4\u00e4n p\u00e4\u00e4asiassa voiteluaineina, l\u00e4mp\u00f6\u00f6ljyin\u00e4 tai hydraulinestein\u00e4. Ne ovat erinomaisia \u200b\u200bs\u00e4hk\u00f6eristeit\u00e4, ja toisin kuin hiilianalogit, ne ovat palamattomia. Niiden l\u00e4mp\u00f6tilan vakaus ja hyv\u00e4t l\u00e4mm\u00f6nsiirto-ominaisuudet tekev\u00e4t niist\u00e4 laajalti k\u00e4ytettyj\u00e4 keittolevyjen sekoittimien p\u00e4\u00e4lle sijoitettujen kylpyammeiden (&#8221;\u00f6ljyhauteiden&#8221;) l\u00e4mmityslaboratorioissa sek\u00e4 kylm\u00e4aineina kylm\u00e4kuivaimissa. Silikoni\u00f6ljy\u00e4 k\u00e4ytet\u00e4\u00e4n my\u00f6s yleisesti ty\u00f6nesteen\u00e4 kojelautoissa, m\u00e4rk\u00e4muuntajissa, diffuusiopumpuissa ja \u00f6ljyll\u00e4 t\u00e4ytetyiss\u00e4 l\u00e4mmittimiss\u00e4. Ilmailu- ja avaruusk\u00e4ytt\u00f6\u00f6n kuuluu kansainv\u00e4lisen avaruusaseman Zvezda -moduulin ulkoinen j\u00e4\u00e4hdytyssilmukka ja patterit, jotka hylk\u00e4\u00e4v\u00e4t l\u00e4mp\u00f6\u00e4 tyhji\u00f6ss\u00e4. <\/p>\n<p> Silikoni\u00f6ljyluokalla, joka tunnetaan nimell\u00e4 syklosiloksaanit, on monia samoja ominaisuuksia kuin muilla ei-syklisill\u00e4 siloksaaninesteill\u00e4, mutta sill\u00e4 on my\u00f6s suhteellisen suuri haihtuvuus, joten se on hy\u00f6dyllinen monissa kosmetiikkatuotteissa, kuten antiperspirantissa. <\/p>\n<p> Jotkut silikoni\u00f6ljyt, kuten simetikoni, ovat voimakkaita vaahtoamisenestoaineita alhaisen pintaj\u00e4nnityksen vuoksi. Niit\u00e4 k\u00e4ytet\u00e4\u00e4n teollisissa sovelluksissa, kuten tislauksessa tai k\u00e4ymisess\u00e4, joissa liialliset vaahtom\u00e4\u00e4r\u00e4t voivat olla ongelmallisia. Niit\u00e4 lis\u00e4t\u00e4\u00e4n joskus ruoka\u00f6ljyihin liiallisen vaahtoamisen est\u00e4miseksi syv\u00e4n paistamisen aikana. Voiteluaineina k\u00e4ytett\u00e4v\u00e4t silikoni\u00f6ljyt voivat olla tahattomia vaahdonestoaineita (ep\u00e4puhtauksia) prosesseissa, joissa halutaan vaahtoa, kuten polyuretaanivaahdon valmistuksessa. <\/p>\n<p> Silikoni\u00f6ljy on my\u00f6s yksi Silly Puttyn kahdesta p\u00e4\u00e4ainesosasta boorihapon kanssa. <\/p>\n","protected":false},"featured_media":13145,"template":"","meta":[],"product_brand":[],"product_cat":[180,117,114],"product_tag":[],"class_list":{"0":"post-13097","1":"product","2":"type-product","3":"status-publish","4":"has-post-thumbnail","6":"product_cat-uncategorized-fi-2","7":"product_cat-kotitalouskemikaalit","8":"product_cat-rakennusteollisuus","9":"pif-has-gallery","11":"first","12":"instock","13":"taxable","14":"shipping-taxable","15":"purchasable","16":"product-type-variable","17":"has-default-attributes"},"yoast_head":"<!-- This site is optimized with the Yoast SEO plugin v26.2 - https:\/\/yoast.com\/wordpress\/plugins\/seo\/ -->\n<title>Silikoni\u00f6ljy (CAS 63148-62-9) - Chemistry For Industry - Solvents &amp; Chemicals - Masterchem.ee<\/title>\n<meta name=\"description\" content=\"Silikoni\u00f6ljy on mik\u00e4 tahansa nestem\u00e4inen polymeroitu siloksaani, jossa on orgaanisia sivuketjuja. T\u00e4rkein aine on polydimetyylisiloksaani.\" \/>\n<meta name=\"robots\" content=\"index, follow, max-snippet:-1, max-image-preview:large, max-video-preview:-1\" \/>\n<link rel=\"canonical\" href=\"https:\/\/masterchem.ee\/fi\/tooted-ja-teenused\/silikonioljy-cas-63148-62-9\/\" \/>\n<meta name=\"twitter:card\" content=\"summary_large_image\" \/>\n<meta name=\"twitter:title\" content=\"Silikoni\u00f6ljy (CAS 63148-62-9) - Chemistry For Industry - Solvents &amp; Chemicals - Masterchem.ee\" \/>\n<meta name=\"twitter:description\" content=\"Silikoni\u00f6ljy on mik\u00e4 tahansa nestem\u00e4inen polymeroitu siloksaani, jossa on orgaanisia sivuketjuja. T\u00e4rkein aine on polydimetyylisiloksaani.\" \/>\n<meta name=\"twitter:image\" content=\"https:\/\/masterchem.ee\/wp-content\/uploads\/2021\/08\/Silikoonoli-1000l-MaterChem.jpg\" \/>\n<script type=\"application\/ld+json\" class=\"yoast-schema-graph\">{\"@context\":\"https:\/\/schema.org\",\"@graph\":[{\"@type\":\"WebPage\",\"@id\":\"https:\/\/masterchem.ee\/fi\/tooted-ja-teenused\/silikonioljy-cas-63148-62-9\/\",\"url\":\"https:\/\/masterchem.ee\/fi\/tooted-ja-teenused\/silikonioljy-cas-63148-62-9\/\",\"name\":\"Silikoni\u00f6ljy (CAS 63148-62-9) - Chemistry For Industry - Solvents &amp; Chemicals - Masterchem.ee\",\"isPartOf\":{\"@id\":\"https:\/\/masterchem.ee\/fi\/#website\"},\"primaryImageOfPage\":{\"@id\":\"https:\/\/masterchem.ee\/fi\/tooted-ja-teenused\/silikonioljy-cas-63148-62-9\/#primaryimage\"},\"image\":{\"@id\":\"https:\/\/masterchem.ee\/fi\/tooted-ja-teenused\/silikonioljy-cas-63148-62-9\/#primaryimage\"},\"thumbnailUrl\":\"https:\/\/masterchem.ee\/wp-content\/uploads\/2021\/08\/Silikoonoli-1000l-MaterChem.jpg\",\"datePublished\":\"2021-08-15T14:10:54+00:00\",\"dateModified\":\"2021-08-15T14:29:03+00:00\",\"description\":\"Silikoni\u00f6ljy on mik\u00e4 tahansa nestem\u00e4inen polymeroitu siloksaani, jossa on orgaanisia sivuketjuja. T\u00e4rkein aine on polydimetyylisiloksaani.\",\"breadcrumb\":{\"@id\":\"https:\/\/masterchem.ee\/fi\/tooted-ja-teenused\/silikonioljy-cas-63148-62-9\/#breadcrumb\"},\"inLanguage\":\"fi\",\"potentialAction\":[{\"@type\":\"ReadAction\",\"target\":[\"https:\/\/masterchem.ee\/fi\/tooted-ja-teenused\/silikonioljy-cas-63148-62-9\/\"]}]},{\"@type\":\"ImageObject\",\"inLanguage\":\"fi\",\"@id\":\"https:\/\/masterchem.ee\/fi\/tooted-ja-teenused\/silikonioljy-cas-63148-62-9\/#primaryimage\",\"url\":\"https:\/\/masterchem.ee\/wp-content\/uploads\/2021\/08\/Silikoonoli-1000l-MaterChem.jpg\",\"contentUrl\":\"https:\/\/masterchem.ee\/wp-content\/uploads\/2021\/08\/Silikoonoli-1000l-MaterChem.jpg\",\"width\":1000,\"height\":1000,\"caption\":\"Silikoni\u00f6ljy (CAS 63148-62-9) 1000l MaterChem\"},{\"@type\":\"BreadcrumbList\",\"@id\":\"https:\/\/masterchem.ee\/fi\/tooted-ja-teenused\/silikonioljy-cas-63148-62-9\/#breadcrumb\",\"itemListElement\":[{\"@type\":\"ListItem\",\"position\":1,\"name\":\"Home\",\"item\":\"https:\/\/masterchem.ee\/fi\/\"},{\"@type\":\"ListItem\",\"position\":2,\"name\":\"Tooted ja teenused\",\"item\":\"https:\/\/masterchem.ee\/tooted-ja-teenused\/\"},{\"@type\":\"ListItem\",\"position\":3,\"name\":\"Silikoni\u00f6ljy (CAS 63148-62-9)\"}]},{\"@type\":\"WebSite\",\"@id\":\"https:\/\/masterchem.ee\/fi\/#website\",\"url\":\"https:\/\/masterchem.ee\/fi\/\",\"name\":\"Masterchem.ee\",\"description\":\"Chemistry For Industry - Solvents &amp; Chemicals\",\"publisher\":{\"@id\":\"https:\/\/masterchem.ee\/fi\/#organization\"},\"potentialAction\":[{\"@type\":\"SearchAction\",\"target\":{\"@type\":\"EntryPoint\",\"urlTemplate\":\"https:\/\/masterchem.ee\/fi\/?s={search_term_string}\"},\"query-input\":{\"@type\":\"PropertyValueSpecification\",\"valueRequired\":true,\"valueName\":\"search_term_string\"}}],\"inLanguage\":\"fi\"},{\"@type\":\"Organization\",\"@id\":\"https:\/\/masterchem.ee\/fi\/#organization\",\"name\":\"Masterchem\",\"url\":\"https:\/\/masterchem.ee\/fi\/\",\"logo\":{\"@type\":\"ImageObject\",\"inLanguage\":\"fi\",\"@id\":\"https:\/\/masterchem.ee\/fi\/#\/schema\/logo\/image\/\",\"url\":\"https:\/\/masterchem.ee\/wp-content\/uploads\/2018\/02\/master-chem_final-1.png\",\"contentUrl\":\"https:\/\/masterchem.ee\/wp-content\/uploads\/2018\/02\/master-chem_final-1.png\",\"width\":850,\"height\":356,\"caption\":\"Masterchem\"},\"image\":{\"@id\":\"https:\/\/masterchem.ee\/fi\/#\/schema\/logo\/image\/\"}}]}<\/script>\n<!-- \/ Yoast SEO plugin. -->","yoast_head_json":{"title":"Silikoni\u00f6ljy (CAS 63148-62-9) - Chemistry For Industry - Solvents &amp; Chemicals - Masterchem.ee","description":"Silikoni\u00f6ljy on mik\u00e4 tahansa nestem\u00e4inen polymeroitu siloksaani, jossa on orgaanisia sivuketjuja. T\u00e4rkein aine on polydimetyylisiloksaani.","robots":{"index":"index","follow":"follow","max-snippet":"max-snippet:-1","max-image-preview":"max-image-preview:large","max-video-preview":"max-video-preview:-1"},"canonical":"https:\/\/masterchem.ee\/fi\/tooted-ja-teenused\/silikonioljy-cas-63148-62-9\/","twitter_card":"summary_large_image","twitter_title":"Silikoni\u00f6ljy (CAS 63148-62-9) - Chemistry For Industry - Solvents &amp; Chemicals - Masterchem.ee","twitter_description":"Silikoni\u00f6ljy on mik\u00e4 tahansa nestem\u00e4inen polymeroitu siloksaani, jossa on orgaanisia sivuketjuja. T\u00e4rkein aine on polydimetyylisiloksaani.","twitter_image":"https:\/\/masterchem.ee\/wp-content\/uploads\/2021\/08\/Silikoonoli-1000l-MaterChem.jpg","schema":{"@context":"https:\/\/schema.org","@graph":[{"@type":"WebPage","@id":"https:\/\/masterchem.ee\/fi\/tooted-ja-teenused\/silikonioljy-cas-63148-62-9\/","url":"https:\/\/masterchem.ee\/fi\/tooted-ja-teenused\/silikonioljy-cas-63148-62-9\/","name":"Silikoni\u00f6ljy (CAS 63148-62-9) - Chemistry For Industry - Solvents &amp; Chemicals - Masterchem.ee","isPartOf":{"@id":"https:\/\/masterchem.ee\/fi\/#website"},"primaryImageOfPage":{"@id":"https:\/\/masterchem.ee\/fi\/tooted-ja-teenused\/silikonioljy-cas-63148-62-9\/#primaryimage"},"image":{"@id":"https:\/\/masterchem.ee\/fi\/tooted-ja-teenused\/silikonioljy-cas-63148-62-9\/#primaryimage"},"thumbnailUrl":"https:\/\/masterchem.ee\/wp-content\/uploads\/2021\/08\/Silikoonoli-1000l-MaterChem.jpg","datePublished":"2021-08-15T14:10:54+00:00","dateModified":"2021-08-15T14:29:03+00:00","description":"Silikoni\u00f6ljy on mik\u00e4 tahansa nestem\u00e4inen polymeroitu siloksaani, jossa on orgaanisia sivuketjuja. T\u00e4rkein aine on polydimetyylisiloksaani.","breadcrumb":{"@id":"https:\/\/masterchem.ee\/fi\/tooted-ja-teenused\/silikonioljy-cas-63148-62-9\/#breadcrumb"},"inLanguage":"fi","potentialAction":[{"@type":"ReadAction","target":["https:\/\/masterchem.ee\/fi\/tooted-ja-teenused\/silikonioljy-cas-63148-62-9\/"]}]},{"@type":"ImageObject","inLanguage":"fi","@id":"https:\/\/masterchem.ee\/fi\/tooted-ja-teenused\/silikonioljy-cas-63148-62-9\/#primaryimage","url":"https:\/\/masterchem.ee\/wp-content\/uploads\/2021\/08\/Silikoonoli-1000l-MaterChem.jpg","contentUrl":"https:\/\/masterchem.ee\/wp-content\/uploads\/2021\/08\/Silikoonoli-1000l-MaterChem.jpg","width":1000,"height":1000,"caption":"Silikoni\u00f6ljy (CAS 63148-62-9) 1000l MaterChem"},{"@type":"BreadcrumbList","@id":"https:\/\/masterchem.ee\/fi\/tooted-ja-teenused\/silikonioljy-cas-63148-62-9\/#breadcrumb","itemListElement":[{"@type":"ListItem","position":1,"name":"Home","item":"https:\/\/masterchem.ee\/fi\/"},{"@type":"ListItem","position":2,"name":"Tooted ja teenused","item":"https:\/\/masterchem.ee\/tooted-ja-teenused\/"},{"@type":"ListItem","position":3,"name":"Silikoni\u00f6ljy (CAS 63148-62-9)"}]},{"@type":"WebSite","@id":"https:\/\/masterchem.ee\/fi\/#website","url":"https:\/\/masterchem.ee\/fi\/","name":"Masterchem.ee","description":"Chemistry For Industry - Solvents &amp; Chemicals","publisher":{"@id":"https:\/\/masterchem.ee\/fi\/#organization"},"potentialAction":[{"@type":"SearchAction","target":{"@type":"EntryPoint","urlTemplate":"https:\/\/masterchem.ee\/fi\/?s={search_term_string}"},"query-input":{"@type":"PropertyValueSpecification","valueRequired":true,"valueName":"search_term_string"}}],"inLanguage":"fi"},{"@type":"Organization","@id":"https:\/\/masterchem.ee\/fi\/#organization","name":"Masterchem","url":"https:\/\/masterchem.ee\/fi\/","logo":{"@type":"ImageObject","inLanguage":"fi","@id":"https:\/\/masterchem.ee\/fi\/#\/schema\/logo\/image\/","url":"https:\/\/masterchem.ee\/wp-content\/uploads\/2018\/02\/master-chem_final-1.png","contentUrl":"https:\/\/masterchem.ee\/wp-content\/uploads\/2018\/02\/master-chem_final-1.png","width":850,"height":356,"caption":"Masterchem"},"image":{"@id":"https:\/\/masterchem.ee\/fi\/#\/schema\/logo\/image\/"}}]}},"_links":{"self":[{"href":"https:\/\/masterchem.ee\/fi\/wp-json\/wp\/v2\/product\/13097","targetHints":{"allow":["GET"]}}],"collection":[{"href":"https:\/\/masterchem.ee\/fi\/wp-json\/wp\/v2\/product"}],"about":[{"href":"https:\/\/masterchem.ee\/fi\/wp-json\/wp\/v2\/types\/product"}],"wp:featuredmedia":[{"embeddable":true,"href":"https:\/\/masterchem.ee\/fi\/wp-json\/wp\/v2\/media\/13145"}],"wp:attachment":[{"href":"https:\/\/masterchem.ee\/fi\/wp-json\/wp\/v2\/media?parent=13097"}],"wp:term":[{"taxonomy":"product_brand","embeddable":true,"href":"https:\/\/masterchem.ee\/fi\/wp-json\/wp\/v2\/product_brand?post=13097"},{"taxonomy":"product_cat","embeddable":true,"href":"https:\/\/masterchem.ee\/fi\/wp-json\/wp\/v2\/product_cat?post=13097"},{"taxonomy":"product_tag","embeddable":true,"href":"https:\/\/masterchem.ee\/fi\/wp-json\/wp\/v2\/product_tag?post=13097"}],"curies":[{"name":"wp","href":"https:\/\/api.w.org\/{rel}","templated":true}]}}