{"id":12984,"date":"2021-08-15T10:23:28","date_gmt":"2021-08-15T10:23:35","guid":{"rendered":"https:\/\/masterchem.ee\/?post_type=product&#038;p=12984"},"modified":"2021-08-15T11:17:52","modified_gmt":"2021-08-15T11:17:52","slug":"sulfonihappo-cas-5329-14-6","status":"publish","type":"product","link":"https:\/\/masterchem.ee\/fi\/tooted-ja-teenused\/sulfonihappo-cas-5329-14-6\/","title":{"rendered":"Sulfonihappo (CAS 5329-14-6)"},"content":{"rendered":"<p> <strong> Info<\/strong> <\/p>\n<p> Toimialat: kotitalouskemikaalit, liimat, \u00f6ljyt, rasvat, hartsit, muovit, polyuretaanit <br \/>\nCAS-numero: 5329-14-6 <br \/>\nWE-numero: 226-218-8 <br \/>\nIndeksinumero: 016-026-00-0 <br \/>\nKemiallinen kaava: H2NSO3H <br \/>\nMoolimassa: 97,09 g \/mol <br \/>\nTullitariffi: 28111980 <br \/>\nADR: UN2967 <\/p>\n<p> <strong> Muut fyysiset ominaisuudet <\/strong> <\/p>\n<p> Sulamis- \/ j\u00e4\u00e4tymispiste: 205 \u00b0 C <br \/>\nSuhteellinen tiheys: 2,15 g \/cm3 (25 \u00b0 C) <br \/>\nLiukoisuus veteen: 181,4 g\/ l (20 \u00b0 C) <\/p>\n","protected":false},"excerpt":{"rendered":"<p> <strong>Sulfonihappo (CAS 5329-14-6)<\/strong> <\/p>\n<p>Sulfonihappo on pysym\u00e4t\u00f6n happo, jonka kaava on H-S(=O)2-OH. Sulfonihappo muuttuu nopeasti toiseksi tautomeerikseen, pysyv\u00e4ksi rikkihapokkeeksi HO-S(=O)-OH. Sulfonihapon orgaaniset johdokset, joissa rikin vetyatomi on korvautunut orgaanisella ryhm\u00e4ll\u00e4 R, ovat pysyvi\u00e4. Orgaanisten sulfonihappojen yleinen kaava on R-S(=O)2-OH. Termi\u00e4 sulfonaatti k\u00e4ytet\u00e4\u00e4n sulfonihapon estereist\u00e4, R-S(=O)2-OR ja ioneista, joiden yleinen rakenne on R-S(=O)2-O\u2212, miss\u00e4 R on jokin orgaaninen ryhm\u00e4.<\/p>\n","protected":false},"featured_media":13024,"template":"","meta":[],"product_brand":[],"product_cat":[180,117,258],"product_tag":[],"class_list":{"0":"post-12984","1":"product","2":"type-product","3":"status-publish","4":"has-post-thumbnail","6":"product_cat-uncategorized-fi-2","7":"product_cat-kotitalouskemikaalit","8":"product_cat-muovi-fi","9":"pif-has-gallery","11":"first","12":"instock","13":"taxable","14":"shipping-taxable","15":"purchasable","16":"product-type-variable","17":"has-default-attributes"},"yoast_head":"<!-- This site is optimized with the Yoast SEO plugin v26.2 - https:\/\/yoast.com\/wordpress\/plugins\/seo\/ -->\n<title>Sulfonihappo (CAS 5329-14-6) - Chemistry For Industry - Solvents &amp; Chemicals - Masterchem.ee<\/title>\n<meta name=\"description\" content=\"Sulfonihappo on pysym\u00e4t\u00f6n happo, jonka kaava on H-S(=O)2-OH. Sulfonihappo muuttuu nopeasti toiseksi tautomeerikseen, pysyv\u00e4ksi rikkihapokkeeksi HO-S(=O)-OH.\" \/>\n<meta name=\"robots\" content=\"index, follow, max-snippet:-1, max-image-preview:large, max-video-preview:-1\" \/>\n<link rel=\"canonical\" href=\"https:\/\/masterchem.ee\/fi\/tooted-ja-teenused\/sulfonihappo-cas-5329-14-6\/\" \/>\n<meta name=\"twitter:card\" content=\"summary_large_image\" \/>\n<meta name=\"twitter:title\" content=\"Sulfonihappo (CAS 5329-14-6) - Chemistry For Industry - Solvents &amp; Chemicals - Masterchem.ee\" \/>\n<meta name=\"twitter:description\" content=\"Sulfonihappo on pysym\u00e4t\u00f6n happo, jonka kaava on H-S(=O)2-OH. Sulfonihappo muuttuu nopeasti toiseksi tautomeerikseen, pysyv\u00e4ksi rikkihapokkeeksi HO-S(=O)-OH.\" \/>\n<meta name=\"twitter:image\" content=\"https:\/\/masterchem.ee\/wp-content\/uploads\/2021\/08\/Sulfoonhape-1000l-MasterChem.jpg\" \/>\n<script type=\"application\/ld+json\" class=\"yoast-schema-graph\">{\"@context\":\"https:\/\/schema.org\",\"@graph\":[{\"@type\":\"WebPage\",\"@id\":\"https:\/\/masterchem.ee\/fi\/tooted-ja-teenused\/sulfonihappo-cas-5329-14-6\/\",\"url\":\"https:\/\/masterchem.ee\/fi\/tooted-ja-teenused\/sulfonihappo-cas-5329-14-6\/\",\"name\":\"Sulfonihappo (CAS 5329-14-6) - Chemistry For Industry - Solvents &amp; Chemicals - Masterchem.ee\",\"isPartOf\":{\"@id\":\"https:\/\/masterchem.ee\/fi\/#website\"},\"primaryImageOfPage\":{\"@id\":\"https:\/\/masterchem.ee\/fi\/tooted-ja-teenused\/sulfonihappo-cas-5329-14-6\/#primaryimage\"},\"image\":{\"@id\":\"https:\/\/masterchem.ee\/fi\/tooted-ja-teenused\/sulfonihappo-cas-5329-14-6\/#primaryimage\"},\"thumbnailUrl\":\"https:\/\/masterchem.ee\/wp-content\/uploads\/2021\/08\/Sulfoonhape-1000l-MasterChem.jpg\",\"datePublished\":\"2021-08-15T10:23:35+00:00\",\"dateModified\":\"2021-08-15T11:17:52+00:00\",\"description\":\"Sulfonihappo on pysym\u00e4t\u00f6n happo, jonka kaava on H-S(=O)2-OH. Sulfonihappo muuttuu nopeasti toiseksi tautomeerikseen, pysyv\u00e4ksi rikkihapokkeeksi HO-S(=O)-OH.\",\"breadcrumb\":{\"@id\":\"https:\/\/masterchem.ee\/fi\/tooted-ja-teenused\/sulfonihappo-cas-5329-14-6\/#breadcrumb\"},\"inLanguage\":\"fi\",\"potentialAction\":[{\"@type\":\"ReadAction\",\"target\":[\"https:\/\/masterchem.ee\/fi\/tooted-ja-teenused\/sulfonihappo-cas-5329-14-6\/\"]}]},{\"@type\":\"ImageObject\",\"inLanguage\":\"fi\",\"@id\":\"https:\/\/masterchem.ee\/fi\/tooted-ja-teenused\/sulfonihappo-cas-5329-14-6\/#primaryimage\",\"url\":\"https:\/\/masterchem.ee\/wp-content\/uploads\/2021\/08\/Sulfoonhape-1000l-MasterChem.jpg\",\"contentUrl\":\"https:\/\/masterchem.ee\/wp-content\/uploads\/2021\/08\/Sulfoonhape-1000l-MasterChem.jpg\",\"width\":1000,\"height\":1000,\"caption\":\"Sulfonihappo (CAS 5329-14-6) 1000l MaterChem\"},{\"@type\":\"BreadcrumbList\",\"@id\":\"https:\/\/masterchem.ee\/fi\/tooted-ja-teenused\/sulfonihappo-cas-5329-14-6\/#breadcrumb\",\"itemListElement\":[{\"@type\":\"ListItem\",\"position\":1,\"name\":\"Home\",\"item\":\"https:\/\/masterchem.ee\/fi\/\"},{\"@type\":\"ListItem\",\"position\":2,\"name\":\"Tooted ja teenused\",\"item\":\"https:\/\/masterchem.ee\/tooted-ja-teenused\/\"},{\"@type\":\"ListItem\",\"position\":3,\"name\":\"Sulfonihappo (CAS 5329-14-6)\"}]},{\"@type\":\"WebSite\",\"@id\":\"https:\/\/masterchem.ee\/fi\/#website\",\"url\":\"https:\/\/masterchem.ee\/fi\/\",\"name\":\"Masterchem.ee\",\"description\":\"Chemistry For Industry - Solvents &amp; Chemicals\",\"publisher\":{\"@id\":\"https:\/\/masterchem.ee\/fi\/#organization\"},\"potentialAction\":[{\"@type\":\"SearchAction\",\"target\":{\"@type\":\"EntryPoint\",\"urlTemplate\":\"https:\/\/masterchem.ee\/fi\/?s={search_term_string}\"},\"query-input\":{\"@type\":\"PropertyValueSpecification\",\"valueRequired\":true,\"valueName\":\"search_term_string\"}}],\"inLanguage\":\"fi\"},{\"@type\":\"Organization\",\"@id\":\"https:\/\/masterchem.ee\/fi\/#organization\",\"name\":\"Masterchem\",\"url\":\"https:\/\/masterchem.ee\/fi\/\",\"logo\":{\"@type\":\"ImageObject\",\"inLanguage\":\"fi\",\"@id\":\"https:\/\/masterchem.ee\/fi\/#\/schema\/logo\/image\/\",\"url\":\"https:\/\/masterchem.ee\/wp-content\/uploads\/2018\/02\/master-chem_final-1.png\",\"contentUrl\":\"https:\/\/masterchem.ee\/wp-content\/uploads\/2018\/02\/master-chem_final-1.png\",\"width\":850,\"height\":356,\"caption\":\"Masterchem\"},\"image\":{\"@id\":\"https:\/\/masterchem.ee\/fi\/#\/schema\/logo\/image\/\"}}]}<\/script>\n<!-- \/ Yoast SEO plugin. -->","yoast_head_json":{"title":"Sulfonihappo (CAS 5329-14-6) - Chemistry For Industry - Solvents &amp; Chemicals - Masterchem.ee","description":"Sulfonihappo on pysym\u00e4t\u00f6n happo, jonka kaava on H-S(=O)2-OH. Sulfonihappo muuttuu nopeasti toiseksi tautomeerikseen, pysyv\u00e4ksi rikkihapokkeeksi HO-S(=O)-OH.","robots":{"index":"index","follow":"follow","max-snippet":"max-snippet:-1","max-image-preview":"max-image-preview:large","max-video-preview":"max-video-preview:-1"},"canonical":"https:\/\/masterchem.ee\/fi\/tooted-ja-teenused\/sulfonihappo-cas-5329-14-6\/","twitter_card":"summary_large_image","twitter_title":"Sulfonihappo (CAS 5329-14-6) - Chemistry For Industry - Solvents &amp; Chemicals - Masterchem.ee","twitter_description":"Sulfonihappo on pysym\u00e4t\u00f6n happo, jonka kaava on H-S(=O)2-OH. Sulfonihappo muuttuu nopeasti toiseksi tautomeerikseen, pysyv\u00e4ksi rikkihapokkeeksi HO-S(=O)-OH.","twitter_image":"https:\/\/masterchem.ee\/wp-content\/uploads\/2021\/08\/Sulfoonhape-1000l-MasterChem.jpg","schema":{"@context":"https:\/\/schema.org","@graph":[{"@type":"WebPage","@id":"https:\/\/masterchem.ee\/fi\/tooted-ja-teenused\/sulfonihappo-cas-5329-14-6\/","url":"https:\/\/masterchem.ee\/fi\/tooted-ja-teenused\/sulfonihappo-cas-5329-14-6\/","name":"Sulfonihappo (CAS 5329-14-6) - Chemistry For Industry - Solvents &amp; Chemicals - Masterchem.ee","isPartOf":{"@id":"https:\/\/masterchem.ee\/fi\/#website"},"primaryImageOfPage":{"@id":"https:\/\/masterchem.ee\/fi\/tooted-ja-teenused\/sulfonihappo-cas-5329-14-6\/#primaryimage"},"image":{"@id":"https:\/\/masterchem.ee\/fi\/tooted-ja-teenused\/sulfonihappo-cas-5329-14-6\/#primaryimage"},"thumbnailUrl":"https:\/\/masterchem.ee\/wp-content\/uploads\/2021\/08\/Sulfoonhape-1000l-MasterChem.jpg","datePublished":"2021-08-15T10:23:35+00:00","dateModified":"2021-08-15T11:17:52+00:00","description":"Sulfonihappo on pysym\u00e4t\u00f6n happo, jonka kaava on H-S(=O)2-OH. Sulfonihappo muuttuu nopeasti toiseksi tautomeerikseen, pysyv\u00e4ksi rikkihapokkeeksi HO-S(=O)-OH.","breadcrumb":{"@id":"https:\/\/masterchem.ee\/fi\/tooted-ja-teenused\/sulfonihappo-cas-5329-14-6\/#breadcrumb"},"inLanguage":"fi","potentialAction":[{"@type":"ReadAction","target":["https:\/\/masterchem.ee\/fi\/tooted-ja-teenused\/sulfonihappo-cas-5329-14-6\/"]}]},{"@type":"ImageObject","inLanguage":"fi","@id":"https:\/\/masterchem.ee\/fi\/tooted-ja-teenused\/sulfonihappo-cas-5329-14-6\/#primaryimage","url":"https:\/\/masterchem.ee\/wp-content\/uploads\/2021\/08\/Sulfoonhape-1000l-MasterChem.jpg","contentUrl":"https:\/\/masterchem.ee\/wp-content\/uploads\/2021\/08\/Sulfoonhape-1000l-MasterChem.jpg","width":1000,"height":1000,"caption":"Sulfonihappo (CAS 5329-14-6) 1000l MaterChem"},{"@type":"BreadcrumbList","@id":"https:\/\/masterchem.ee\/fi\/tooted-ja-teenused\/sulfonihappo-cas-5329-14-6\/#breadcrumb","itemListElement":[{"@type":"ListItem","position":1,"name":"Home","item":"https:\/\/masterchem.ee\/fi\/"},{"@type":"ListItem","position":2,"name":"Tooted ja teenused","item":"https:\/\/masterchem.ee\/tooted-ja-teenused\/"},{"@type":"ListItem","position":3,"name":"Sulfonihappo (CAS 5329-14-6)"}]},{"@type":"WebSite","@id":"https:\/\/masterchem.ee\/fi\/#website","url":"https:\/\/masterchem.ee\/fi\/","name":"Masterchem.ee","description":"Chemistry For Industry - Solvents &amp; Chemicals","publisher":{"@id":"https:\/\/masterchem.ee\/fi\/#organization"},"potentialAction":[{"@type":"SearchAction","target":{"@type":"EntryPoint","urlTemplate":"https:\/\/masterchem.ee\/fi\/?s={search_term_string}"},"query-input":{"@type":"PropertyValueSpecification","valueRequired":true,"valueName":"search_term_string"}}],"inLanguage":"fi"},{"@type":"Organization","@id":"https:\/\/masterchem.ee\/fi\/#organization","name":"Masterchem","url":"https:\/\/masterchem.ee\/fi\/","logo":{"@type":"ImageObject","inLanguage":"fi","@id":"https:\/\/masterchem.ee\/fi\/#\/schema\/logo\/image\/","url":"https:\/\/masterchem.ee\/wp-content\/uploads\/2018\/02\/master-chem_final-1.png","contentUrl":"https:\/\/masterchem.ee\/wp-content\/uploads\/2018\/02\/master-chem_final-1.png","width":850,"height":356,"caption":"Masterchem"},"image":{"@id":"https:\/\/masterchem.ee\/fi\/#\/schema\/logo\/image\/"}}]}},"_links":{"self":[{"href":"https:\/\/masterchem.ee\/fi\/wp-json\/wp\/v2\/product\/12984","targetHints":{"allow":["GET"]}}],"collection":[{"href":"https:\/\/masterchem.ee\/fi\/wp-json\/wp\/v2\/product"}],"about":[{"href":"https:\/\/masterchem.ee\/fi\/wp-json\/wp\/v2\/types\/product"}],"wp:featuredmedia":[{"embeddable":true,"href":"https:\/\/masterchem.ee\/fi\/wp-json\/wp\/v2\/media\/13024"}],"wp:attachment":[{"href":"https:\/\/masterchem.ee\/fi\/wp-json\/wp\/v2\/media?parent=12984"}],"wp:term":[{"taxonomy":"product_brand","embeddable":true,"href":"https:\/\/masterchem.ee\/fi\/wp-json\/wp\/v2\/product_brand?post=12984"},{"taxonomy":"product_cat","embeddable":true,"href":"https:\/\/masterchem.ee\/fi\/wp-json\/wp\/v2\/product_cat?post=12984"},{"taxonomy":"product_tag","embeddable":true,"href":"https:\/\/masterchem.ee\/fi\/wp-json\/wp\/v2\/product_tag?post=12984"}],"curies":[{"name":"wp","href":"https:\/\/api.w.org\/{rel}","templated":true}]}}