{"id":12892,"date":"2021-08-14T18:02:56","date_gmt":"2021-08-14T18:03:00","guid":{"rendered":"https:\/\/masterchem.ee\/?post_type=product&#038;p=12892"},"modified":"2021-08-14T18:24:22","modified_gmt":"2021-08-14T18:24:22","slug":"ammoniakkiliuos-cas-1336-21-6","status":"publish","type":"product","link":"https:\/\/masterchem.ee\/fi\/tooted-ja-teenused\/ammoniakkiliuos-cas-1336-21-6\/","title":{"rendered":"Ammoniakkiliuos (CAS 1336-21-6)"},"content":{"rendered":"<p> <strong> Info<\/strong> <\/p>\n<p> Toimialat: kotitalouskemikaalit, lannoitteet, puutarhanhoito, rehuteollisuus <br \/>\nCAS-numero: 1336-21-6 <br \/>\nWE-numero: 215-647-6 <br \/>\nKemiallinen kaava: NH4OH <br \/>\nMoolimassa: 35 g \/mol <br \/>\nTullitariffi: 28142000 <br \/>\nADR: UN2672 <\/p>\n<p> <strong> Muut fyysiset ominaisuudet <\/strong> <\/p>\n<p> Sulamis- \/ j\u00e4\u00e4tymispiste: -57,5 \u00b0 C <br \/>\nKiehumispiste \/ kiehumisalue: 37,7 \u00b0 C <br \/>\nSuhteellinen tiheys: 0,91 g\/cm3 (20 \u00b0 C) <\/p>\n","protected":false},"excerpt":{"rendered":"<p> <strong>Ammoniakkiliuos (CAS 1336-21-6)<\/strong> <\/p>\n<p> Ammoniakkiliuos, joka tunnetaan my\u00f6s nimell\u00e4 ammoniakkivesi, ammoniumhydroksidi, ammoniakkilipe\u00e4, ammoniakkiliuos, vesiammoniakki, vesipitoinen ammoniakki tai (ep\u00e4tarkasti) ammoniakki, on ammoniakin liuos vedess\u00e4. Se voidaan merkit\u00e4 symboleilla NH3 (aq). Vaikka nimi ammoniumhydroksidi viittaa alkaliin, jonka koostumus on [NH4+] [OH\u2212], NH4OH -n\u00e4ytteiden erist\u00e4minen on itse asiassa mahdotonta. Ionit NH4+ ja OH\u2212 eiv\u00e4t muodosta merkitt\u00e4v\u00e4\u00e4 osaa ammoniakin kokonaism\u00e4\u00e4r\u00e4st\u00e4 paitsi eritt\u00e4in laimeissa liuoksissa. <\/p>\n<p> Laimennettu (1\u20133%) ammoniakki on my\u00f6s ainesosa lukuisissa puhdistusaineissa, mukaan lukien monet ikkunanpesuaineet. Koska ammoniakin vesiliuos on veteen liuennut kaasu, kun vesi haihtuu ikkunasta, kaasu my\u00f6s haihtuu j\u00e4tt\u00e4en ikkunan juovittomaksi. <\/p>\n<p> Sen lis\u00e4ksi, ett\u00e4 vedess\u00e4 olevaa ammoniakkia k\u00e4ytet\u00e4\u00e4n puhdistusaineiden ainesosana muiden puhdistusaineiden kanssa, sit\u00e4 myyd\u00e4\u00e4n my\u00f6s itse puhdistusaineena, yleens\u00e4 merkitty yksinkertaisesti &#8221;ammoniakiksi&#8221;. Sit\u00e4 voidaan myyd\u00e4 tavallisena, sitruunan tuoksuna (ja tyypillisesti keltaisena) tai m\u00e4nnyn tuoksuna (vihre\u00e4n\u00e4). Yleisesti saatavilla olevaa ammoniakkia, johon on lis\u00e4tty saippuaa, kutsutaan &#8221;sameaksi ammoniakiksi&#8221;. <\/p>\n","protected":false},"featured_media":12964,"template":"","meta":[],"product_brand":[],"product_cat":[180,117,323,290],"product_tag":[],"class_list":{"0":"post-12892","1":"product","2":"type-product","3":"status-publish","4":"has-post-thumbnail","6":"product_cat-uncategorized-fi-2","7":"product_cat-kotitalouskemikaalit","8":"product_cat-lannoitteet","9":"product_cat-rehuteollisuus","10":"pif-has-gallery","12":"first","13":"instock","14":"taxable","15":"shipping-taxable","16":"purchasable","17":"product-type-variable","18":"has-default-attributes"},"yoast_head":"<!-- This site is optimized with the Yoast SEO plugin v26.2 - https:\/\/yoast.com\/wordpress\/plugins\/seo\/ -->\n<title>Ammoniakkiliuos (CAS 1336-21-6) - Chemistry For Industry - Solvents &amp; Chemicals - Masterchem.ee<\/title>\n<meta name=\"description\" content=\"Ammoniakkiliuos, joka tunnetaan my\u00f6s nimell\u00e4 ammoniakkivesi, ammoniumhydroksidi, ammoniakkilipe\u00e4, ammoniakkilipe\u00e4, vesiammoniakki, vesipitoinen ammoniakki tai (ep\u00e4tarkasti) ammoniakki, on ammoniakin liuos vedess\u00e4.\" \/>\n<meta name=\"robots\" content=\"index, follow, max-snippet:-1, max-image-preview:large, max-video-preview:-1\" \/>\n<link rel=\"canonical\" href=\"https:\/\/masterchem.ee\/fi\/tooted-ja-teenused\/ammoniakkiliuos-cas-1336-21-6\/\" \/>\n<meta name=\"twitter:card\" content=\"summary_large_image\" \/>\n<meta name=\"twitter:title\" content=\"Ammoniakkiliuos (CAS 1336-21-6) - Chemistry For Industry - Solvents &amp; Chemicals - Masterchem.ee\" \/>\n<meta name=\"twitter:description\" content=\"Ammoniakkiliuos, joka tunnetaan my\u00f6s nimell\u00e4 ammoniakkivesi, ammoniumhydroksidi, ammoniakkilipe\u00e4, ammoniakkilipe\u00e4, vesiammoniakki, vesipitoinen ammoniakki tai (ep\u00e4tarkasti) ammoniakki, on ammoniakin liuos vedess\u00e4.\" \/>\n<meta name=\"twitter:image\" content=\"https:\/\/masterchem.ee\/wp-content\/uploads\/2021\/08\/Ammooniumhudroksiid-1000l-MasterChem.jpg\" \/>\n<script type=\"application\/ld+json\" class=\"yoast-schema-graph\">{\"@context\":\"https:\/\/schema.org\",\"@graph\":[{\"@type\":\"WebPage\",\"@id\":\"https:\/\/masterchem.ee\/fi\/tooted-ja-teenused\/ammoniakkiliuos-cas-1336-21-6\/\",\"url\":\"https:\/\/masterchem.ee\/fi\/tooted-ja-teenused\/ammoniakkiliuos-cas-1336-21-6\/\",\"name\":\"Ammoniakkiliuos (CAS 1336-21-6) - Chemistry For Industry - Solvents &amp; Chemicals - Masterchem.ee\",\"isPartOf\":{\"@id\":\"https:\/\/masterchem.ee\/fi\/#website\"},\"primaryImageOfPage\":{\"@id\":\"https:\/\/masterchem.ee\/fi\/tooted-ja-teenused\/ammoniakkiliuos-cas-1336-21-6\/#primaryimage\"},\"image\":{\"@id\":\"https:\/\/masterchem.ee\/fi\/tooted-ja-teenused\/ammoniakkiliuos-cas-1336-21-6\/#primaryimage\"},\"thumbnailUrl\":\"https:\/\/masterchem.ee\/wp-content\/uploads\/2021\/08\/Ammooniumhudroksiid-1000l-MasterChem.jpg\",\"datePublished\":\"2021-08-14T18:03:00+00:00\",\"dateModified\":\"2021-08-14T18:24:22+00:00\",\"description\":\"Ammoniakkiliuos, joka tunnetaan my\u00f6s nimell\u00e4 ammoniakkivesi, ammoniumhydroksidi, ammoniakkilipe\u00e4, ammoniakkilipe\u00e4, vesiammoniakki, vesipitoinen ammoniakki tai (ep\u00e4tarkasti) ammoniakki, on ammoniakin liuos vedess\u00e4.\",\"breadcrumb\":{\"@id\":\"https:\/\/masterchem.ee\/fi\/tooted-ja-teenused\/ammoniakkiliuos-cas-1336-21-6\/#breadcrumb\"},\"inLanguage\":\"fi\",\"potentialAction\":[{\"@type\":\"ReadAction\",\"target\":[\"https:\/\/masterchem.ee\/fi\/tooted-ja-teenused\/ammoniakkiliuos-cas-1336-21-6\/\"]}]},{\"@type\":\"ImageObject\",\"inLanguage\":\"fi\",\"@id\":\"https:\/\/masterchem.ee\/fi\/tooted-ja-teenused\/ammoniakkiliuos-cas-1336-21-6\/#primaryimage\",\"url\":\"https:\/\/masterchem.ee\/wp-content\/uploads\/2021\/08\/Ammooniumhudroksiid-1000l-MasterChem.jpg\",\"contentUrl\":\"https:\/\/masterchem.ee\/wp-content\/uploads\/2021\/08\/Ammooniumhudroksiid-1000l-MasterChem.jpg\",\"width\":1000,\"height\":1000,\"caption\":\"Ammoniakkiliuos (CAS 1336-21-6) 1000l MaterChem\"},{\"@type\":\"BreadcrumbList\",\"@id\":\"https:\/\/masterchem.ee\/fi\/tooted-ja-teenused\/ammoniakkiliuos-cas-1336-21-6\/#breadcrumb\",\"itemListElement\":[{\"@type\":\"ListItem\",\"position\":1,\"name\":\"Home\",\"item\":\"https:\/\/masterchem.ee\/fi\/\"},{\"@type\":\"ListItem\",\"position\":2,\"name\":\"Tooted ja teenused\",\"item\":\"https:\/\/masterchem.ee\/tooted-ja-teenused\/\"},{\"@type\":\"ListItem\",\"position\":3,\"name\":\"Ammoniakkiliuos (CAS 1336-21-6)\"}]},{\"@type\":\"WebSite\",\"@id\":\"https:\/\/masterchem.ee\/fi\/#website\",\"url\":\"https:\/\/masterchem.ee\/fi\/\",\"name\":\"Masterchem.ee\",\"description\":\"Chemistry For Industry - Solvents &amp; Chemicals\",\"publisher\":{\"@id\":\"https:\/\/masterchem.ee\/fi\/#organization\"},\"potentialAction\":[{\"@type\":\"SearchAction\",\"target\":{\"@type\":\"EntryPoint\",\"urlTemplate\":\"https:\/\/masterchem.ee\/fi\/?s={search_term_string}\"},\"query-input\":{\"@type\":\"PropertyValueSpecification\",\"valueRequired\":true,\"valueName\":\"search_term_string\"}}],\"inLanguage\":\"fi\"},{\"@type\":\"Organization\",\"@id\":\"https:\/\/masterchem.ee\/fi\/#organization\",\"name\":\"Masterchem\",\"url\":\"https:\/\/masterchem.ee\/fi\/\",\"logo\":{\"@type\":\"ImageObject\",\"inLanguage\":\"fi\",\"@id\":\"https:\/\/masterchem.ee\/fi\/#\/schema\/logo\/image\/\",\"url\":\"https:\/\/masterchem.ee\/wp-content\/uploads\/2018\/02\/master-chem_final-1.png\",\"contentUrl\":\"https:\/\/masterchem.ee\/wp-content\/uploads\/2018\/02\/master-chem_final-1.png\",\"width\":850,\"height\":356,\"caption\":\"Masterchem\"},\"image\":{\"@id\":\"https:\/\/masterchem.ee\/fi\/#\/schema\/logo\/image\/\"}}]}<\/script>\n<!-- \/ Yoast SEO plugin. -->","yoast_head_json":{"title":"Ammoniakkiliuos (CAS 1336-21-6) - Chemistry For Industry - Solvents &amp; Chemicals - Masterchem.ee","description":"Ammoniakkiliuos, joka tunnetaan my\u00f6s nimell\u00e4 ammoniakkivesi, ammoniumhydroksidi, ammoniakkilipe\u00e4, ammoniakkilipe\u00e4, vesiammoniakki, vesipitoinen ammoniakki tai (ep\u00e4tarkasti) ammoniakki, on ammoniakin liuos vedess\u00e4.","robots":{"index":"index","follow":"follow","max-snippet":"max-snippet:-1","max-image-preview":"max-image-preview:large","max-video-preview":"max-video-preview:-1"},"canonical":"https:\/\/masterchem.ee\/fi\/tooted-ja-teenused\/ammoniakkiliuos-cas-1336-21-6\/","twitter_card":"summary_large_image","twitter_title":"Ammoniakkiliuos (CAS 1336-21-6) - Chemistry For Industry - Solvents &amp; Chemicals - Masterchem.ee","twitter_description":"Ammoniakkiliuos, joka tunnetaan my\u00f6s nimell\u00e4 ammoniakkivesi, ammoniumhydroksidi, ammoniakkilipe\u00e4, ammoniakkilipe\u00e4, vesiammoniakki, vesipitoinen ammoniakki tai (ep\u00e4tarkasti) ammoniakki, on ammoniakin liuos vedess\u00e4.","twitter_image":"https:\/\/masterchem.ee\/wp-content\/uploads\/2021\/08\/Ammooniumhudroksiid-1000l-MasterChem.jpg","schema":{"@context":"https:\/\/schema.org","@graph":[{"@type":"WebPage","@id":"https:\/\/masterchem.ee\/fi\/tooted-ja-teenused\/ammoniakkiliuos-cas-1336-21-6\/","url":"https:\/\/masterchem.ee\/fi\/tooted-ja-teenused\/ammoniakkiliuos-cas-1336-21-6\/","name":"Ammoniakkiliuos (CAS 1336-21-6) - Chemistry For Industry - Solvents &amp; Chemicals - Masterchem.ee","isPartOf":{"@id":"https:\/\/masterchem.ee\/fi\/#website"},"primaryImageOfPage":{"@id":"https:\/\/masterchem.ee\/fi\/tooted-ja-teenused\/ammoniakkiliuos-cas-1336-21-6\/#primaryimage"},"image":{"@id":"https:\/\/masterchem.ee\/fi\/tooted-ja-teenused\/ammoniakkiliuos-cas-1336-21-6\/#primaryimage"},"thumbnailUrl":"https:\/\/masterchem.ee\/wp-content\/uploads\/2021\/08\/Ammooniumhudroksiid-1000l-MasterChem.jpg","datePublished":"2021-08-14T18:03:00+00:00","dateModified":"2021-08-14T18:24:22+00:00","description":"Ammoniakkiliuos, joka tunnetaan my\u00f6s nimell\u00e4 ammoniakkivesi, ammoniumhydroksidi, ammoniakkilipe\u00e4, ammoniakkilipe\u00e4, vesiammoniakki, vesipitoinen ammoniakki tai (ep\u00e4tarkasti) ammoniakki, on ammoniakin liuos vedess\u00e4.","breadcrumb":{"@id":"https:\/\/masterchem.ee\/fi\/tooted-ja-teenused\/ammoniakkiliuos-cas-1336-21-6\/#breadcrumb"},"inLanguage":"fi","potentialAction":[{"@type":"ReadAction","target":["https:\/\/masterchem.ee\/fi\/tooted-ja-teenused\/ammoniakkiliuos-cas-1336-21-6\/"]}]},{"@type":"ImageObject","inLanguage":"fi","@id":"https:\/\/masterchem.ee\/fi\/tooted-ja-teenused\/ammoniakkiliuos-cas-1336-21-6\/#primaryimage","url":"https:\/\/masterchem.ee\/wp-content\/uploads\/2021\/08\/Ammooniumhudroksiid-1000l-MasterChem.jpg","contentUrl":"https:\/\/masterchem.ee\/wp-content\/uploads\/2021\/08\/Ammooniumhudroksiid-1000l-MasterChem.jpg","width":1000,"height":1000,"caption":"Ammoniakkiliuos (CAS 1336-21-6) 1000l MaterChem"},{"@type":"BreadcrumbList","@id":"https:\/\/masterchem.ee\/fi\/tooted-ja-teenused\/ammoniakkiliuos-cas-1336-21-6\/#breadcrumb","itemListElement":[{"@type":"ListItem","position":1,"name":"Home","item":"https:\/\/masterchem.ee\/fi\/"},{"@type":"ListItem","position":2,"name":"Tooted ja teenused","item":"https:\/\/masterchem.ee\/tooted-ja-teenused\/"},{"@type":"ListItem","position":3,"name":"Ammoniakkiliuos (CAS 1336-21-6)"}]},{"@type":"WebSite","@id":"https:\/\/masterchem.ee\/fi\/#website","url":"https:\/\/masterchem.ee\/fi\/","name":"Masterchem.ee","description":"Chemistry For Industry - Solvents &amp; Chemicals","publisher":{"@id":"https:\/\/masterchem.ee\/fi\/#organization"},"potentialAction":[{"@type":"SearchAction","target":{"@type":"EntryPoint","urlTemplate":"https:\/\/masterchem.ee\/fi\/?s={search_term_string}"},"query-input":{"@type":"PropertyValueSpecification","valueRequired":true,"valueName":"search_term_string"}}],"inLanguage":"fi"},{"@type":"Organization","@id":"https:\/\/masterchem.ee\/fi\/#organization","name":"Masterchem","url":"https:\/\/masterchem.ee\/fi\/","logo":{"@type":"ImageObject","inLanguage":"fi","@id":"https:\/\/masterchem.ee\/fi\/#\/schema\/logo\/image\/","url":"https:\/\/masterchem.ee\/wp-content\/uploads\/2018\/02\/master-chem_final-1.png","contentUrl":"https:\/\/masterchem.ee\/wp-content\/uploads\/2018\/02\/master-chem_final-1.png","width":850,"height":356,"caption":"Masterchem"},"image":{"@id":"https:\/\/masterchem.ee\/fi\/#\/schema\/logo\/image\/"}}]}},"_links":{"self":[{"href":"https:\/\/masterchem.ee\/fi\/wp-json\/wp\/v2\/product\/12892","targetHints":{"allow":["GET"]}}],"collection":[{"href":"https:\/\/masterchem.ee\/fi\/wp-json\/wp\/v2\/product"}],"about":[{"href":"https:\/\/masterchem.ee\/fi\/wp-json\/wp\/v2\/types\/product"}],"wp:featuredmedia":[{"embeddable":true,"href":"https:\/\/masterchem.ee\/fi\/wp-json\/wp\/v2\/media\/12964"}],"wp:attachment":[{"href":"https:\/\/masterchem.ee\/fi\/wp-json\/wp\/v2\/media?parent=12892"}],"wp:term":[{"taxonomy":"product_brand","embeddable":true,"href":"https:\/\/masterchem.ee\/fi\/wp-json\/wp\/v2\/product_brand?post=12892"},{"taxonomy":"product_cat","embeddable":true,"href":"https:\/\/masterchem.ee\/fi\/wp-json\/wp\/v2\/product_cat?post=12892"},{"taxonomy":"product_tag","embeddable":true,"href":"https:\/\/masterchem.ee\/fi\/wp-json\/wp\/v2\/product_tag?post=12892"}],"curies":[{"name":"wp","href":"https:\/\/api.w.org\/{rel}","templated":true}]}}