{"id":12848,"date":"2021-08-13T06:46:26","date_gmt":"2021-08-13T06:46:28","guid":{"rendered":"https:\/\/masterchem.ee\/?post_type=product&#038;p=12848"},"modified":"2021-08-13T07:02:21","modified_gmt":"2021-08-13T07:02:21","slug":"trinatriumfosfaattidodekahydraatti-cas-10101-89-0","status":"publish","type":"product","link":"https:\/\/masterchem.ee\/fi\/tooted-ja-teenused\/trinatriumfosfaattidodekahydraatti-cas-10101-89-0\/","title":{"rendered":"Trinatriumfosfaattidodekahydraatti (CAS 10101-89-0)"},"content":{"rendered":"<p> <strong> Info<\/strong> <\/p>\n<p> Toimialat: maalit ja lakat, kotitalouskemikaalit, lannoitteet, liimat, \u00f6ljyt, rasvat, rakennuskemia <br \/>\nCAS-numero: 10101-89-0 <br \/>\nWE-numero: 600-151-8 <br \/>\nKemiallinen kaava: Na3PO4 \u00b7 12H2O <br \/>\nMoolimassa: 380,18 g \/mol <br \/>\nTullitariffi: 28352930 <\/p>\n<p> <strong> Muut fyysiset ominaisuudet <\/strong> <\/p>\n<p> pH: ~ 12 (10 g \/l H2O, 20 \u00b0 C) <br \/>\nSulamis- \/ j\u00e4\u00e4tymispiste: 450 \u00b0 C (1013 hPa) <br \/>\nSuhteellinen tiheys: 1,62 g\/cm3 (20 \u00b0 C) <\/p>\n","protected":false},"excerpt":{"rendered":"<p> <strong>Trinatriumfosfaattidodekahydraatti (CAS 10101-89-0)<\/strong> <\/p>\n<p> Kolmiem\u00e4ksinen natriumfosfaattidodekahydraatti tunnetaan my\u00f6s nimell\u00e4 trinatriumfosfaatti tai TSP. Se liukenee hyvin veteen ja sit\u00e4 k\u00e4ytet\u00e4\u00e4n laajalti puhdistusaineena. 1% liuoksen pH on tyypillisesti noin 12, mik\u00e4 tekee t\u00e4st\u00e4 reagenssista riitt\u00e4v\u00e4n em\u00e4ksisen rasvan ja \u00f6ljyjen saippuoimiseksi. Yhdess\u00e4 pinta -aktiivisten aineiden kanssa TSP on erinomainen puhdistusaine kaiken pyykin ja betonik\u00e4yt\u00e4v\u00e4n puhdistamiseen. T\u00e4m\u00e4 monipuolisuus ja alhainen valmistushinta tekiv\u00e4t TSP: st\u00e4 perustan lukuisille puhdistusaineille, joita myytiin 1900-luvun puoliv\u00e4liss\u00e4. Trinatriumfosfaattia k\u00e4ytet\u00e4\u00e4n mykobakteerien erist\u00e4miseen, mukaan lukien tuberkuloosibakteerien viljely. On k\u00e4ytetty proteiinisaostuksena tietyiss\u00e4 sovelluksissa ja nukleotidien saostamisessa ja fraktioinnissa. Voidaan k\u00e4ytt\u00e4\u00e4 biologisesti aktiivisten maaper\u00e4n\u00e4ytteiden s\u00e4ilytt\u00e4miseen. Alkalisen pH: n vuoksi TSP h\u00e4iritsee Salmonella enterica -solujen sytoplasmista ja ulkokalvoa, mik\u00e4 tekee siit\u00e4 hy\u00f6dyllisen bakteerien levi\u00e4misen est\u00e4misess\u00e4.Sit\u00e4 k\u00e4ytet\u00e4\u00e4n valokuvauksen kehitt\u00e4miseen, sokerin kirkastamiseen, kattilan poistamiseen, veden pehment\u00e4miseen ja paperin valmistukseen. Niit\u00e4 lis\u00e4t\u00e4\u00e4n moniin elintarvikkeisiin emulgointiaineena \u00f6ljyn erottumisen est\u00e4miseksi. Sit\u00e4 voidaan k\u00e4ytt\u00e4\u00e4 hapatusaineena. Joitakin tapauksia n\u00e4ist\u00e4 elintarvikkeista ovat leivitettyjen kalojen tai kanan taikinap\u00e4\u00e4llyste ja kaupallisesti leivotut kakut. T\u00e4m\u00e4n tuotteen lis\u00e4\u00e4minen ruokaan pident\u00e4\u00e4 ruoan s\u00e4ilyvyytt\u00e4 s\u00e4ilytt\u00e4en ruoan tekstuurin ja visuaalisen ulottuvuuden. <\/p>\n","protected":false},"featured_media":12854,"template":"","meta":[],"product_brand":[],"product_cat":[180,117,323,114],"product_tag":[],"class_list":{"0":"post-12848","1":"product","2":"type-product","3":"status-publish","4":"has-post-thumbnail","6":"product_cat-uncategorized-fi-2","7":"product_cat-kotitalouskemikaalit","8":"product_cat-lannoitteet","9":"product_cat-rakennusteollisuus","11":"first","12":"instock","13":"taxable","14":"shipping-taxable","15":"purchasable","16":"product-type-variable","17":"has-default-attributes"},"yoast_head":"<!-- This site is optimized with the Yoast SEO plugin v26.2 - https:\/\/yoast.com\/wordpress\/plugins\/seo\/ -->\n<title>Trinatriumfosfaattidodekahydraatti (CAS 10101-89-0) - Chemistry For Industry - Solvents &amp; Chemicals - Masterchem.ee<\/title>\n<meta name=\"description\" content=\"Kolmiem\u00e4ksinen natriumfosfaattidodekahydraatti tunnetaan my\u00f6s nimell\u00e4 trinatriumfosfaatti tai TSP.\" \/>\n<meta name=\"robots\" content=\"index, follow, max-snippet:-1, max-image-preview:large, max-video-preview:-1\" \/>\n<link rel=\"canonical\" href=\"https:\/\/masterchem.ee\/fi\/tooted-ja-teenused\/trinatriumfosfaattidodekahydraatti-cas-10101-89-0\/\" \/>\n<meta name=\"twitter:card\" content=\"summary_large_image\" \/>\n<meta name=\"twitter:title\" content=\"Trinatriumfosfaattidodekahydraatti (CAS 10101-89-0) - Chemistry For Industry - Solvents &amp; Chemicals - Masterchem.ee\" \/>\n<meta name=\"twitter:description\" content=\"Kolmiem\u00e4ksinen natriumfosfaattidodekahydraatti tunnetaan my\u00f6s nimell\u00e4 trinatriumfosfaatti tai TSP.\" \/>\n<meta name=\"twitter:image\" content=\"https:\/\/masterchem.ee\/wp-content\/uploads\/2021\/08\/Trinaatriumfosfaatdodekahudraat-25kg-MasterChem.jpg\" \/>\n<script type=\"application\/ld+json\" class=\"yoast-schema-graph\">{\"@context\":\"https:\/\/schema.org\",\"@graph\":[{\"@type\":\"WebPage\",\"@id\":\"https:\/\/masterchem.ee\/fi\/tooted-ja-teenused\/trinatriumfosfaattidodekahydraatti-cas-10101-89-0\/\",\"url\":\"https:\/\/masterchem.ee\/fi\/tooted-ja-teenused\/trinatriumfosfaattidodekahydraatti-cas-10101-89-0\/\",\"name\":\"Trinatriumfosfaattidodekahydraatti (CAS 10101-89-0) - Chemistry For Industry - Solvents &amp; Chemicals - Masterchem.ee\",\"isPartOf\":{\"@id\":\"https:\/\/masterchem.ee\/fi\/#website\"},\"primaryImageOfPage\":{\"@id\":\"https:\/\/masterchem.ee\/fi\/tooted-ja-teenused\/trinatriumfosfaattidodekahydraatti-cas-10101-89-0\/#primaryimage\"},\"image\":{\"@id\":\"https:\/\/masterchem.ee\/fi\/tooted-ja-teenused\/trinatriumfosfaattidodekahydraatti-cas-10101-89-0\/#primaryimage\"},\"thumbnailUrl\":\"https:\/\/masterchem.ee\/wp-content\/uploads\/2021\/08\/Trinaatriumfosfaatdodekahudraat-25kg-MasterChem.jpg\",\"datePublished\":\"2021-08-13T06:46:28+00:00\",\"dateModified\":\"2021-08-13T07:02:21+00:00\",\"description\":\"Kolmiem\u00e4ksinen natriumfosfaattidodekahydraatti tunnetaan my\u00f6s nimell\u00e4 trinatriumfosfaatti tai TSP.\",\"breadcrumb\":{\"@id\":\"https:\/\/masterchem.ee\/fi\/tooted-ja-teenused\/trinatriumfosfaattidodekahydraatti-cas-10101-89-0\/#breadcrumb\"},\"inLanguage\":\"fi\",\"potentialAction\":[{\"@type\":\"ReadAction\",\"target\":[\"https:\/\/masterchem.ee\/fi\/tooted-ja-teenused\/trinatriumfosfaattidodekahydraatti-cas-10101-89-0\/\"]}]},{\"@type\":\"ImageObject\",\"inLanguage\":\"fi\",\"@id\":\"https:\/\/masterchem.ee\/fi\/tooted-ja-teenused\/trinatriumfosfaattidodekahydraatti-cas-10101-89-0\/#primaryimage\",\"url\":\"https:\/\/masterchem.ee\/wp-content\/uploads\/2021\/08\/Trinaatriumfosfaatdodekahudraat-25kg-MasterChem.jpg\",\"contentUrl\":\"https:\/\/masterchem.ee\/wp-content\/uploads\/2021\/08\/Trinaatriumfosfaatdodekahudraat-25kg-MasterChem.jpg\",\"width\":1000,\"height\":1000,\"caption\":\"Trinatriumfosfaattidodekahydraatti (CAS 10101-89-0) 25kg MasterChem\"},{\"@type\":\"BreadcrumbList\",\"@id\":\"https:\/\/masterchem.ee\/fi\/tooted-ja-teenused\/trinatriumfosfaattidodekahydraatti-cas-10101-89-0\/#breadcrumb\",\"itemListElement\":[{\"@type\":\"ListItem\",\"position\":1,\"name\":\"Home\",\"item\":\"https:\/\/masterchem.ee\/fi\/\"},{\"@type\":\"ListItem\",\"position\":2,\"name\":\"Tooted ja teenused\",\"item\":\"https:\/\/masterchem.ee\/tooted-ja-teenused\/\"},{\"@type\":\"ListItem\",\"position\":3,\"name\":\"Trinatriumfosfaattidodekahydraatti (CAS 10101-89-0)\"}]},{\"@type\":\"WebSite\",\"@id\":\"https:\/\/masterchem.ee\/fi\/#website\",\"url\":\"https:\/\/masterchem.ee\/fi\/\",\"name\":\"Masterchem.ee\",\"description\":\"Chemistry For Industry - Solvents &amp; Chemicals\",\"publisher\":{\"@id\":\"https:\/\/masterchem.ee\/fi\/#organization\"},\"potentialAction\":[{\"@type\":\"SearchAction\",\"target\":{\"@type\":\"EntryPoint\",\"urlTemplate\":\"https:\/\/masterchem.ee\/fi\/?s={search_term_string}\"},\"query-input\":{\"@type\":\"PropertyValueSpecification\",\"valueRequired\":true,\"valueName\":\"search_term_string\"}}],\"inLanguage\":\"fi\"},{\"@type\":\"Organization\",\"@id\":\"https:\/\/masterchem.ee\/fi\/#organization\",\"name\":\"Masterchem\",\"url\":\"https:\/\/masterchem.ee\/fi\/\",\"logo\":{\"@type\":\"ImageObject\",\"inLanguage\":\"fi\",\"@id\":\"https:\/\/masterchem.ee\/fi\/#\/schema\/logo\/image\/\",\"url\":\"https:\/\/masterchem.ee\/wp-content\/uploads\/2018\/02\/master-chem_final-1.png\",\"contentUrl\":\"https:\/\/masterchem.ee\/wp-content\/uploads\/2018\/02\/master-chem_final-1.png\",\"width\":850,\"height\":356,\"caption\":\"Masterchem\"},\"image\":{\"@id\":\"https:\/\/masterchem.ee\/fi\/#\/schema\/logo\/image\/\"}}]}<\/script>\n<!-- \/ Yoast SEO plugin. -->","yoast_head_json":{"title":"Trinatriumfosfaattidodekahydraatti (CAS 10101-89-0) - Chemistry For Industry - Solvents &amp; Chemicals - Masterchem.ee","description":"Kolmiem\u00e4ksinen natriumfosfaattidodekahydraatti tunnetaan my\u00f6s nimell\u00e4 trinatriumfosfaatti tai TSP.","robots":{"index":"index","follow":"follow","max-snippet":"max-snippet:-1","max-image-preview":"max-image-preview:large","max-video-preview":"max-video-preview:-1"},"canonical":"https:\/\/masterchem.ee\/fi\/tooted-ja-teenused\/trinatriumfosfaattidodekahydraatti-cas-10101-89-0\/","twitter_card":"summary_large_image","twitter_title":"Trinatriumfosfaattidodekahydraatti (CAS 10101-89-0) - Chemistry For Industry - Solvents &amp; Chemicals - Masterchem.ee","twitter_description":"Kolmiem\u00e4ksinen natriumfosfaattidodekahydraatti tunnetaan my\u00f6s nimell\u00e4 trinatriumfosfaatti tai TSP.","twitter_image":"https:\/\/masterchem.ee\/wp-content\/uploads\/2021\/08\/Trinaatriumfosfaatdodekahudraat-25kg-MasterChem.jpg","schema":{"@context":"https:\/\/schema.org","@graph":[{"@type":"WebPage","@id":"https:\/\/masterchem.ee\/fi\/tooted-ja-teenused\/trinatriumfosfaattidodekahydraatti-cas-10101-89-0\/","url":"https:\/\/masterchem.ee\/fi\/tooted-ja-teenused\/trinatriumfosfaattidodekahydraatti-cas-10101-89-0\/","name":"Trinatriumfosfaattidodekahydraatti (CAS 10101-89-0) - Chemistry For Industry - Solvents &amp; Chemicals - Masterchem.ee","isPartOf":{"@id":"https:\/\/masterchem.ee\/fi\/#website"},"primaryImageOfPage":{"@id":"https:\/\/masterchem.ee\/fi\/tooted-ja-teenused\/trinatriumfosfaattidodekahydraatti-cas-10101-89-0\/#primaryimage"},"image":{"@id":"https:\/\/masterchem.ee\/fi\/tooted-ja-teenused\/trinatriumfosfaattidodekahydraatti-cas-10101-89-0\/#primaryimage"},"thumbnailUrl":"https:\/\/masterchem.ee\/wp-content\/uploads\/2021\/08\/Trinaatriumfosfaatdodekahudraat-25kg-MasterChem.jpg","datePublished":"2021-08-13T06:46:28+00:00","dateModified":"2021-08-13T07:02:21+00:00","description":"Kolmiem\u00e4ksinen natriumfosfaattidodekahydraatti tunnetaan my\u00f6s nimell\u00e4 trinatriumfosfaatti tai TSP.","breadcrumb":{"@id":"https:\/\/masterchem.ee\/fi\/tooted-ja-teenused\/trinatriumfosfaattidodekahydraatti-cas-10101-89-0\/#breadcrumb"},"inLanguage":"fi","potentialAction":[{"@type":"ReadAction","target":["https:\/\/masterchem.ee\/fi\/tooted-ja-teenused\/trinatriumfosfaattidodekahydraatti-cas-10101-89-0\/"]}]},{"@type":"ImageObject","inLanguage":"fi","@id":"https:\/\/masterchem.ee\/fi\/tooted-ja-teenused\/trinatriumfosfaattidodekahydraatti-cas-10101-89-0\/#primaryimage","url":"https:\/\/masterchem.ee\/wp-content\/uploads\/2021\/08\/Trinaatriumfosfaatdodekahudraat-25kg-MasterChem.jpg","contentUrl":"https:\/\/masterchem.ee\/wp-content\/uploads\/2021\/08\/Trinaatriumfosfaatdodekahudraat-25kg-MasterChem.jpg","width":1000,"height":1000,"caption":"Trinatriumfosfaattidodekahydraatti (CAS 10101-89-0) 25kg MasterChem"},{"@type":"BreadcrumbList","@id":"https:\/\/masterchem.ee\/fi\/tooted-ja-teenused\/trinatriumfosfaattidodekahydraatti-cas-10101-89-0\/#breadcrumb","itemListElement":[{"@type":"ListItem","position":1,"name":"Home","item":"https:\/\/masterchem.ee\/fi\/"},{"@type":"ListItem","position":2,"name":"Tooted ja teenused","item":"https:\/\/masterchem.ee\/tooted-ja-teenused\/"},{"@type":"ListItem","position":3,"name":"Trinatriumfosfaattidodekahydraatti (CAS 10101-89-0)"}]},{"@type":"WebSite","@id":"https:\/\/masterchem.ee\/fi\/#website","url":"https:\/\/masterchem.ee\/fi\/","name":"Masterchem.ee","description":"Chemistry For Industry - Solvents &amp; Chemicals","publisher":{"@id":"https:\/\/masterchem.ee\/fi\/#organization"},"potentialAction":[{"@type":"SearchAction","target":{"@type":"EntryPoint","urlTemplate":"https:\/\/masterchem.ee\/fi\/?s={search_term_string}"},"query-input":{"@type":"PropertyValueSpecification","valueRequired":true,"valueName":"search_term_string"}}],"inLanguage":"fi"},{"@type":"Organization","@id":"https:\/\/masterchem.ee\/fi\/#organization","name":"Masterchem","url":"https:\/\/masterchem.ee\/fi\/","logo":{"@type":"ImageObject","inLanguage":"fi","@id":"https:\/\/masterchem.ee\/fi\/#\/schema\/logo\/image\/","url":"https:\/\/masterchem.ee\/wp-content\/uploads\/2018\/02\/master-chem_final-1.png","contentUrl":"https:\/\/masterchem.ee\/wp-content\/uploads\/2018\/02\/master-chem_final-1.png","width":850,"height":356,"caption":"Masterchem"},"image":{"@id":"https:\/\/masterchem.ee\/fi\/#\/schema\/logo\/image\/"}}]}},"_links":{"self":[{"href":"https:\/\/masterchem.ee\/fi\/wp-json\/wp\/v2\/product\/12848","targetHints":{"allow":["GET"]}}],"collection":[{"href":"https:\/\/masterchem.ee\/fi\/wp-json\/wp\/v2\/product"}],"about":[{"href":"https:\/\/masterchem.ee\/fi\/wp-json\/wp\/v2\/types\/product"}],"wp:featuredmedia":[{"embeddable":true,"href":"https:\/\/masterchem.ee\/fi\/wp-json\/wp\/v2\/media\/12854"}],"wp:attachment":[{"href":"https:\/\/masterchem.ee\/fi\/wp-json\/wp\/v2\/media?parent=12848"}],"wp:term":[{"taxonomy":"product_brand","embeddable":true,"href":"https:\/\/masterchem.ee\/fi\/wp-json\/wp\/v2\/product_brand?post=12848"},{"taxonomy":"product_cat","embeddable":true,"href":"https:\/\/masterchem.ee\/fi\/wp-json\/wp\/v2\/product_cat?post=12848"},{"taxonomy":"product_tag","embeddable":true,"href":"https:\/\/masterchem.ee\/fi\/wp-json\/wp\/v2\/product_tag?post=12848"}],"curies":[{"name":"wp","href":"https:\/\/api.w.org\/{rel}","templated":true}]}}